{"id":62035,"date":"2022-12-27T18:16:33","date_gmt":"2022-12-27T15:16:33","guid":{"rendered":"https:\/\/xstyle.md\/?post_type=product&#038;p=62035"},"modified":"2026-02-16T15:28:11","modified_gmt":"2026-02-16T12:28:11","slug":"trekkingovye-palki-tsl-hiking-a3-cross","status":"publish","type":"product","link":"https:\/\/xstyle.md\/ro\/produs\/trekkingovye-palki-tsl-hiking-a3-cross\/","title":{"rendered":"Be\u021be trekking TSL Hiking A3 Cross"},"content":{"rendered":"<p><\/p>\n<p><strong>TSL Hiking A3 Cross<\/strong> &#8212; sunt be\u021be de trekking universale dotate cu curele (temleace) cu prindere magnetic\u0103, sistem de \u00eenlocuire rapid\u0103 a rozetelor \u0219i v\u00e2rfuri adaptabile pentru diferite tipuri de relief.<\/p>\n<p>Datorit\u0103 construc\u021biei telescopice din trei sec\u021biuni \u0219i a sistemului extern de pliere u\u0219or de utilizat, lungimea be\u021belor \u00een stare pliat\u0103 este de 72.5 cm. Dimensiunea universal\u0103 (p\u00e2n\u0103 la 140 cm lungime maxim\u0103) este potrivit\u0103 at\u00e2t pentru femei, c\u00e2t \u0219i pentru b\u0103rba\u021bi.<\/p>\n<p>M\u00e2nerul prelungit din spum\u0103 EVA este ideal at\u00e2t pentru cobor\u00e2ri, c\u00e2t \u0219i pentru urc\u0103ri, elimin\u00e2nd necesitatea de a modifica lungimea be\u021belor. Cureaua u\u0219oar\u0103 din nailon se fixeaz\u0103 instantaneu, f\u0103r\u0103 a fi nevoie de orientare precis\u0103, datorit\u0103 sistemului magnetic.<\/p>\n<p>V\u00e2rful durabil \u0219i rezistent din tungsten asigur\u0103 aderen\u021ba pe orice tip de sol. Setul include rozete interschimbabile cu diametrul de 55 \u0219i 85 mm, precum \u0219i v\u00e2rful Crossover, care adapteaz\u0103 be\u021bele la orice suprafa\u021b\u0103. Sistemul Twist permite de\u0219urubarea u\u0219oar\u0103 a rozetei pentru \u00eenlocuire. Modelul este proiectat \u0219i fabricat \u00een Alpii Francezi.<\/p>\n<h3>Particularit\u0103\u021bi<\/h3>\n<ul>\n<li>External Lock System &#8212; Tehnologie de blocare extern\u0103<\/li>\n<li>Curea &#8212; Din nailon cu sistem magnetic de fixare Magnetic WT<\/li>\n<li>Twist &#8212; Sistem rapid de schimbare a rozetelor<\/li>\n<\/ul>\n<h3>Caracteristici<\/h3>\n<ul>\n<li>Material &#8212; Aluminiu<\/li>\n<li>Num\u0103r sec\u021biuni &#8212; 3<\/li>\n<li>Lungime &#8212; 63 \u2013 130 cm<\/li>\n<li>Sistem de reglare &#8212; External Lock System<\/li>\n<li>Destina\u021bie &#8212; Trekking, Freeride<\/li>\n<li>Pachetul con\u021bine &#8212; 2 buc\u0103\u021bi (pereche)<\/li>\n<li>Greutate &#8212; 580 g (perechea)<\/li>\n<\/ul>\n<h3>Tehnologii<\/h3>\n<ul>\n<li><strong>External Lock System<\/strong> \u2013 tehnologie de reglare extern\u0103 care ofer\u0103 o stabilitate excelent\u0103 \u00een orice condi\u021bii atmosferice, precum \u0219i o str\u00e2ngere rapid\u0103 \u0219i sigur\u0103.<\/li>\n<li><strong>Swing System<\/strong> \u2013 sistem pivotant care permite \u00eenclinarea rozetelor la un unghi de p\u00e2n\u0103 la 20\u00b0 pentru a se adapta terenului; rozetele pot fi schimbate u\u0219or \u0219i rapid.<\/li>\n<li><strong>Push &amp; Pull<\/strong> \u2013 sistem brevetat pentru instalarea \u0219i scoaterea rapid\u0103 \u0219i u\u0219oar\u0103 a rozetei.<\/li>\n<\/ul>\n<p><\/p>\n<h3>Marca<\/h3>\n<p>TSL este un produc\u0103tor de rachete de z\u0103pad\u0103 de renume mondial, cu origine francez\u0103. Produsele sale se bucur\u0103 de o cerere ridicat\u0103 de peste 35 de ani, istoria modern\u0103 a companiei \u00eencep\u00e2nd \u00een anul 1986.<\/p>\n<p>Ast\u0103zi, TSL Sport Equipment este una dintre pu\u021binele firme specializate \u00een principal pe produc\u021bia de rachete de z\u0103pad\u0103, acestea reprezent\u00e2nd cea mai mare parte din cifra de afaceri a companiei. Totu\u0219i, pe l\u00e2ng\u0103 rachetele de z\u0103pad\u0103, TSL produce \u0219i lanterne LED de calitate, rucsacuri, \u00eenc\u0103l\u021b\u0103minte \u0219i be\u021be de trekking.<\/p>","protected":false},"excerpt":{"rendered":"<p>\u0411\u0440\u0435\u043d\u0434 TSL \u2013 \u0432\u0441\u0435\u043c\u0438\u0440\u043d\u043e \u0438\u0437\u0432\u0435\u0441\u0442\u043d\u044b\u0439 \u0431\u0440\u0435\u043d\u0434-\u043f\u0440\u043e\u0438\u0437\u0432\u043e\u0434\u0438\u0442\u0435\u043b\u044c \u0441\u043d\u0435\u0433\u043e\u0441\u0442\u0443\u043f\u043e\u0432 \u0444\u0440\u0430\u043d\u0446\u0443\u0437\u0441\u043a\u043e\u0433\u043e \u043f\u0440\u043e\u0438\u0441\u0445\u043e\u0436\u0434\u0435\u043d\u0438\u044f, \u043f\u0440\u043e\u0434\u0443\u043a\u0446\u0438\u044f \u043a\u043e\u0442\u043e\u0440\u043e\u0433\u043e \u043f\u043e\u043b\u044c\u0437\u0443\u0435\u0442\u0441\u044f \u0432\u044b\u0441\u043e\u043a\u0438\u043c \u0441\u043f\u0440\u043e\u0441\u043e\u043c \u043d\u0430 \u043f\u0440\u043e\u0442\u044f\u0436\u0435\u043d\u0438\u0438 \u0431\u043e\u043b\u0435\u0435 35-\u0442\u0438 \u043b\u0435\u0442, \u043d\u0430\u0447\u0430\u0432\u0448\u0430\u044f \u0441\u0432\u043e\u044e \u0441\u043e\u0432\u0440\u0435\u043c\u0435\u043d\u043d\u0443\u044e \u0438\u0441\u0442\u043e\u0440\u0438\u044e \u0441 1986 \u0433\u043e\u0434\u0430. \u0421\u0435\u0433\u043e\u0434\u043d\u044f TSL Sport Equipment \u2013 \u043e\u0434\u043d\u0430 \u0438\u0437 \u043d\u0435\u043c\u043d\u043e\u0433\u0438\u0445 \u0444\u0438\u0440\u043c, \u0432 \u043e\u0441\u043d\u043e\u0432\u043d\u043e\u043c \u0441\u043f\u0435\u0446\u0438\u0430\u043b\u0438\u0437\u0438\u0440\u0443\u044e\u0449\u0430\u044f\u0441\u044f \u043d\u0430 \u043f\u0440\u043e\u0438\u0437\u0432\u043e\u0434\u0441\u0442\u0432\u0435 \u0441\u043d\u0435\u0433\u043e\u0441\u0442\u0443\u043f\u043e\u0432, \u043a\u043e\u0442\u043e\u0440\u044b\u0435 \u0441\u043e\u0441\u0442\u0430\u0432\u043b\u044f\u044e\u0442 \u043e\u0441\u043d\u043e\u0432\u043d\u0443\u044e \u0447\u0430\u0441\u0442\u044c \u043e\u0431\u043e\u0440\u043e\u0442\u0430 \u043a\u043e\u043c\u043f\u0430\u043d\u0438\u0438. \u041e\u0434\u043d\u0430\u043a\u043e, \u043f\u043e\u043c\u0438\u043c\u043e \u0441\u043d\u0435\u0433\u043e\u0441\u0442\u0443\u043f\u043e\u0432 TSL \u0432\u044b\u043f\u0443\u0441\u043a\u0430\u0435\u0442 \u043a\u0430\u0447\u0435\u0441\u0442\u0432\u0435\u043d\u043d\u044b\u0435 \u0441\u0432\u0435\u0442\u043e\u0434\u0438\u043e\u0434\u043d\u044b\u0435 \u0444\u043e\u043d\u0430\u0440\u0438, [&hellip;]<\/p>\n","protected":false},"featured_media":63177,"comment_status":"open","ping_status":"closed","template":"","meta":{"_acf_changed":false,"inline_featured_image":false},"product_brand":[1308],"product_cat":[414],"product_tag":[],"class_list":{"0":"post-62035","1":"product","2":"type-product","3":"status-publish","4":"has-post-thumbnail","6":"product_brand-tsl","7":"product_cat-stalpi-de-trekking","9":"first","10":"instock","11":"shipping-taxable","12":"purchasable","13":"product-type-simple"},"acf":[],"yoast_head":"<!-- This site is optimized with the Yoast SEO plugin v27.2 - https:\/\/yoast.com\/product\/yoast-seo-wordpress\/ -->\n<title>\u0422\u0440\u0435\u043a\u043a\u0438\u043d\u0433\u043e\u0432\u044b\u0435 \u043f\u0430\u043b\u043a\u0438 TSL Hiking A3 Cross - \u041c\u0430\u0433\u0430\u0437\u0438\u043d Xstyle<\/title>\n<meta name=\"description\" content=\"\u0422\u0440\u0435\u043a\u043a\u0438\u043d\u0433\u043e\u0432\u044b\u0435 \u043f\u0430\u043b\u043a\u0438 TSL Hiking A3 Cross - \u0438\u0434\u0435\u0430\u043b\u044c\u043d\u044b\u0435 \u0434\u043b\u044f \u0430\u043a\u0442\u0438\u0432\u043d\u043e\u0433\u043e \u043e\u0442\u0434\u044b\u0445\u0430. \u0423\u0434\u043e\u0431\u043d\u0430\u044f \u0441\u0438\u0441\u0442\u0435\u043c\u0430 \u0432\u043d\u0435\u0448\u043d\u0435\u0439 \u0431\u043b\u043e\u043a\u0438\u0440\u043e\u0432\u043a\u0438 \u0438 \u043b\u0435\u0433\u043a\u0438\u0439 \u0432\u0435\u0441 \u0434\u043b\u044f \u043a\u043e\u043c\u0444\u043e\u0440\u0442\u043d\u043e\u0433\u043e \u0438\u0441\u043f\u043e\u043b\u044c\u0437\u043e\u0432\u0430\u043d\u0438\u044f.\" \/>\n<meta name=\"robots\" content=\"index, follow, max-snippet:-1, max-image-preview:large, max-video-preview:-1\" \/>\n<link rel=\"canonical\" href=\"https:\/\/xstyle.md\/ro\/produs\/trekkingovye-palki-tsl-hiking-a3-cross\/\" \/>\n<meta property=\"og:locale\" content=\"ro_RO\" \/>\n<meta property=\"og:type\" content=\"article\" \/>\n<meta property=\"og:title\" content=\"\u0422\u0440\u0435\u043a\u043a\u0438\u043d\u0433\u043e\u0432\u044b\u0435 \u043f\u0430\u043b\u043a\u0438 TSL Hiking A3 Cross - \u041c\u0430\u0433\u0430\u0437\u0438\u043d Xstyle\" \/>\n<meta property=\"og:description\" content=\"\u0422\u0440\u0435\u043a\u043a\u0438\u043d\u0433\u043e\u0432\u044b\u0435 \u043f\u0430\u043b\u043a\u0438 TSL Hiking A3 Cross - \u0438\u0434\u0435\u0430\u043b\u044c\u043d\u044b\u0435 \u0434\u043b\u044f \u0430\u043a\u0442\u0438\u0432\u043d\u043e\u0433\u043e \u043e\u0442\u0434\u044b\u0445\u0430. \u0423\u0434\u043e\u0431\u043d\u0430\u044f \u0441\u0438\u0441\u0442\u0435\u043c\u0430 \u0432\u043d\u0435\u0448\u043d\u0435\u0439 \u0431\u043b\u043e\u043a\u0438\u0440\u043e\u0432\u043a\u0438 \u0438 \u043b\u0435\u0433\u043a\u0438\u0439 \u0432\u0435\u0441 \u0434\u043b\u044f \u043a\u043e\u043c\u0444\u043e\u0440\u0442\u043d\u043e\u0433\u043e \u0438\u0441\u043f\u043e\u043b\u044c\u0437\u043e\u0432\u0430\u043d\u0438\u044f.\" \/>\n<meta property=\"og:url\" content=\"https:\/\/xstyle.md\/ro\/produs\/trekkingovye-palki-tsl-hiking-a3-cross\/\" \/>\n<meta property=\"og:site_name\" content=\"\u041c\u0430\u0433\u0430\u0437\u0438\u043d Xstyle\" \/>\n<meta property=\"article:publisher\" content=\"https:\/\/www.facebook.com\/xstylemd\" \/>\n<meta property=\"article:modified_time\" content=\"2026-02-16T12:28:11+00:00\" \/>\n<meta property=\"og:image\" content=\"https:\/\/xstyle.md\/wp-content\/uploads\/2022\/12\/tsl-hiking-a3-cross.png\" \/>\n\t<meta property=\"og:image:width\" content=\"656\" \/>\n\t<meta property=\"og:image:height\" content=\"711\" \/>\n\t<meta property=\"og:image:type\" content=\"image\/png\" \/>\n<meta name=\"twitter:card\" content=\"summary_large_image\" \/>\n<meta name=\"twitter:label1\" content=\"Pre\u021b\" \/>\n\t<meta name=\"twitter:data1\" content=\"990&nbsp;MDL\" \/>\n\t<meta name=\"twitter:label2\" content=\"Disponibilitate\" \/>\n\t<meta name=\"twitter:data2\" content=\"\u00cen stoc\" \/>\n<script type=\"application\/ld+json\" class=\"yoast-schema-graph\">{\"@context\":\"https:\/\/schema.org\",\"@graph\":[{\"@type\":\"WebPage\",\"@id\":\"https:\/\/xstyle.md\/product\/trekkingovye-palki-tsl-hiking-a3-cross\/\",\"url\":\"https:\/\/xstyle.md\/product\/trekkingovye-palki-tsl-hiking-a3-cross\/\",\"name\":\"\u0422\u0440\u0435\u043a\u043a\u0438\u043d\u0433\u043e\u0432\u044b\u0435 \u043f\u0430\u043b\u043a\u0438 TSL Hiking A3 Cross - \u041c\u0430\u0433\u0430\u0437\u0438\u043d Xstyle\",\"isPartOf\":{\"@id\":\"https:\/\/xstyle.md\/#website\"},\"primaryImageOfPage\":{\"@id\":\"https:\/\/xstyle.md\/product\/trekkingovye-palki-tsl-hiking-a3-cross\/#primaryimage\"},\"image\":{\"@id\":\"https:\/\/xstyle.md\/product\/trekkingovye-palki-tsl-hiking-a3-cross\/#primaryimage\"},\"thumbnailUrl\":\"https:\/\/xstyle.md\/wp-content\/uploads\/2022\/12\/tsl-hiking-a3-cross.png\",\"datePublished\":\"2022-12-27T15:16:33+00:00\",\"dateModified\":\"2026-02-16T12:28:11+00:00\",\"description\":\"\u0422\u0440\u0435\u043a\u043a\u0438\u043d\u0433\u043e\u0432\u044b\u0435 \u043f\u0430\u043b\u043a\u0438 TSL Hiking A3 Cross - \u0438\u0434\u0435\u0430\u043b\u044c\u043d\u044b\u0435 \u0434\u043b\u044f \u0430\u043a\u0442\u0438\u0432\u043d\u043e\u0433\u043e \u043e\u0442\u0434\u044b\u0445\u0430. \u0423\u0434\u043e\u0431\u043d\u0430\u044f \u0441\u0438\u0441\u0442\u0435\u043c\u0430 \u0432\u043d\u0435\u0448\u043d\u0435\u0439 \u0431\u043b\u043e\u043a\u0438\u0440\u043e\u0432\u043a\u0438 \u0438 \u043b\u0435\u0433\u043a\u0438\u0439 \u0432\u0435\u0441 \u0434\u043b\u044f \u043a\u043e\u043c\u0444\u043e\u0440\u0442\u043d\u043e\u0433\u043e \u0438\u0441\u043f\u043e\u043b\u044c\u0437\u043e\u0432\u0430\u043d\u0438\u044f.\",\"breadcrumb\":{\"@id\":\"https:\/\/xstyle.md\/product\/trekkingovye-palki-tsl-hiking-a3-cross\/#breadcrumb\"},\"inLanguage\":\"ro-RO\",\"potentialAction\":[{\"@type\":\"ReadAction\",\"target\":[\"https:\/\/xstyle.md\/product\/trekkingovye-palki-tsl-hiking-a3-cross\/\"]}]},{\"@type\":\"ImageObject\",\"inLanguage\":\"ro-RO\",\"@id\":\"https:\/\/xstyle.md\/product\/trekkingovye-palki-tsl-hiking-a3-cross\/#primaryimage\",\"url\":\"https:\/\/xstyle.md\/wp-content\/uploads\/2022\/12\/tsl-hiking-a3-cross.png\",\"contentUrl\":\"https:\/\/xstyle.md\/wp-content\/uploads\/2022\/12\/tsl-hiking-a3-cross.png\",\"width\":656,\"height\":711,\"caption\":\"\u0422\u0440\u0435\u043a\u043a\u0438\u043d\u0433\u043e\u0432\u044b\u0435 \u043f\u0430\u043b\u043a\u0438 TSL Hiking A3 Cross \u0434\u043b\u044f \u0430\u043a\u0442\u0438\u0432\u043d\u043e\u0433\u043e \u043e\u0442\u0434\u044b\u0445\u0430, \u043f\u043e\u0445\u043e\u0434\u043e\u0432 \u0438 \u043f\u0443\u0442\u0435\u0448\u0435\u0441\u0442\u0432\u0438\u0439, \u044d\u043a\u0438\u043f\u0438\u0440\u043e\u0432\u043a\u0430 \u0434\u043b\u044f \u043a\u0435\u043c\u043f\u0438\u043d\u0433\u0430 \u0438 \u043c\u0430\u0443\u043d\u0442\u0438\u043d\u0435\u0440\u0438\u043d\u0433 \u0434\u043b\u044f \u043e\u043d\u043b\u0430\u0439\u043d \u043c\u0430\u0433\u0430\u0437\u0438\u043d\u0430 \u0430\u043a\u0442\u0438\u0432\u043d\u043e\u0439 \u0436\u0438\u0437\u043d\u0438\"},{\"@type\":\"BreadcrumbList\",\"@id\":\"https:\/\/xstyle.md\/product\/trekkingovye-palki-tsl-hiking-a3-cross\/#breadcrumb\",\"itemListElement\":[{\"@type\":\"ListItem\",\"position\":1,\"name\":\"\u0413\u043b\u0430\u0432\u043d\u0430\u044f \u0441\u0442\u0440\u0430\u043d\u0438\u0446\u0430\",\"item\":\"https:\/\/xstyle.md\/\"},{\"@type\":\"ListItem\",\"position\":2,\"name\":\"\u041c\u0430\u0433\u0430\u0437\u0438\u043d\",\"item\":\"https:\/\/xstyle.md\/shop\/\"},{\"@type\":\"ListItem\",\"position\":3,\"name\":\"\u0422\u0440\u0435\u043a\u043a\u0438\u043d\u0433\u043e\u0432\u044b\u0435 \u043f\u0430\u043b\u043a\u0438 TSL Hiking A3 Cross\"}]},{\"@type\":\"WebSite\",\"@id\":\"https:\/\/xstyle.md\/#website\",\"url\":\"https:\/\/xstyle.md\/\",\"name\":\"\u041c\u0430\u0433\u0430\u0437\u0438\u043d Xstyle\",\"description\":\"C\u043d\u0430\u0440\u044f\u0436\u0435\u043d\u0438\u0435 \u0434\u043b\u044f \u0442\u0443\u0440\u0438\u0437\u043c\u0430 \u0438 \u044d\u043a\u0441\u0442\u0440\u0435\u043c\u0430\u043b\u044c\u043d\u044b\u0445 \u0432\u0438\u0434\u043e\u0432 \u0441\u043f\u043e\u0440\u0442\u0430 \u0432 \u041c\u043e\u043b\u0434\u043e\u0432\u0435.. \u0426\u0435\u043d\u044b, \u0444\u043e\u0442\u043e, \u0445\u0430\u0440\u0430\u043a\u0442\u0435\u0440\u0438\u0441\u0442\u0438\u043a\u0438 \u0432 \u041c\u043e\u043b\u0434\u043e\u0432\u0435.\",\"publisher\":{\"@id\":\"https:\/\/xstyle.md\/#organization\"},\"alternateName\":\"X-Style\",\"potentialAction\":[{\"@type\":\"SearchAction\",\"target\":{\"@type\":\"EntryPoint\",\"urlTemplate\":\"https:\/\/xstyle.md\/?s={search_term_string}\"},\"query-input\":{\"@type\":\"PropertyValueSpecification\",\"valueRequired\":true,\"valueName\":\"search_term_string\"}}],\"inLanguage\":\"ro-RO\"},{\"@type\":\"Organization\",\"@id\":\"https:\/\/xstyle.md\/#organization\",\"name\":\"\u041c\u0430\u0433\u0430\u0437\u0438\u043d Xstyle\",\"alternateName\":\"x-style\",\"url\":\"https:\/\/xstyle.md\/\",\"logo\":{\"@type\":\"ImageObject\",\"inLanguage\":\"ro-RO\",\"@id\":\"https:\/\/xstyle.md\/#\/schema\/logo\/image\/\",\"url\":\"https:\/\/xstyle.md\/wp-content\/uploads\/2020\/06\/logoicon.svg\",\"contentUrl\":\"https:\/\/xstyle.md\/wp-content\/uploads\/2020\/06\/logoicon.svg\",\"caption\":\"\u041c\u0430\u0433\u0430\u0437\u0438\u043d Xstyle\"},\"image\":{\"@id\":\"https:\/\/xstyle.md\/#\/schema\/logo\/image\/\"},\"sameAs\":[\"https:\/\/www.facebook.com\/xstylemd\",\"https:\/\/www.instagram.com\/xstyle_md\/\",\"https:\/\/t.me\/xstyle_outdoor\"],\"hasMerchantReturnPolicy\":{\"@type\":\"MerchantReturnPolicy\",\"merchantReturnLink\":\"https:\/\/xstyle.md\/ro\/conditions\/\"}}]}<\/script>\n<meta property=\"product:price:amount\" content=\"990.00\" \/>\n<meta property=\"product:price:currency\" content=\"MDL\" \/>\n<meta property=\"og:availability\" content=\"instock\" \/>\n<meta property=\"product:availability\" content=\"instock\" \/>\n<meta property=\"product:retailer_item_id\" content=\"3436500810752\" \/>\n<meta property=\"product:condition\" content=\"new\" \/>\n<!-- \/ Yoast SEO plugin. -->","yoast_head_json":{"title":"Trekking poles TSL Hiking A3 Cross - Magazin Xstyle","description":"\u0422\u0440\u0435\u043a\u043a\u0438\u043d\u0433\u043e\u0432\u044b\u0435 \u043f\u0430\u043b\u043a\u0438 TSL Hiking A3 Cross - \u0438\u0434\u0435\u0430\u043b\u044c\u043d\u044b\u0435 \u0434\u043b\u044f \u0430\u043a\u0442\u0438\u0432\u043d\u043e\u0433\u043e \u043e\u0442\u0434\u044b\u0445\u0430. \u0423\u0434\u043e\u0431\u043d\u0430\u044f \u0441\u0438\u0441\u0442\u0435\u043c\u0430 \u0432\u043d\u0435\u0448\u043d\u0435\u0439 \u0431\u043b\u043e\u043a\u0438\u0440\u043e\u0432\u043a\u0438 \u0438 \u043b\u0435\u0433\u043a\u0438\u0439 \u0432\u0435\u0441 \u0434\u043b\u044f \u043a\u043e\u043c\u0444\u043e\u0440\u0442\u043d\u043e\u0433\u043e \u0438\u0441\u043f\u043e\u043b\u044c\u0437\u043e\u0432\u0430\u043d\u0438\u044f.","robots":{"index":"index","follow":"follow","max-snippet":"max-snippet:-1","max-image-preview":"max-image-preview:large","max-video-preview":"max-video-preview:-1"},"canonical":"https:\/\/xstyle.md\/ro\/produs\/trekkingovye-palki-tsl-hiking-a3-cross\/","og_locale":"ro_RO","og_type":"article","og_title":"\u0422\u0440\u0435\u043a\u043a\u0438\u043d\u0433\u043e\u0432\u044b\u0435 \u043f\u0430\u043b\u043a\u0438 TSL Hiking A3 Cross - \u041c\u0430\u0433\u0430\u0437\u0438\u043d Xstyle","og_description":"\u0422\u0440\u0435\u043a\u043a\u0438\u043d\u0433\u043e\u0432\u044b\u0435 \u043f\u0430\u043b\u043a\u0438 TSL Hiking A3 Cross - \u0438\u0434\u0435\u0430\u043b\u044c\u043d\u044b\u0435 \u0434\u043b\u044f \u0430\u043a\u0442\u0438\u0432\u043d\u043e\u0433\u043e \u043e\u0442\u0434\u044b\u0445\u0430. \u0423\u0434\u043e\u0431\u043d\u0430\u044f \u0441\u0438\u0441\u0442\u0435\u043c\u0430 \u0432\u043d\u0435\u0448\u043d\u0435\u0439 \u0431\u043b\u043e\u043a\u0438\u0440\u043e\u0432\u043a\u0438 \u0438 \u043b\u0435\u0433\u043a\u0438\u0439 \u0432\u0435\u0441 \u0434\u043b\u044f \u043a\u043e\u043c\u0444\u043e\u0440\u0442\u043d\u043e\u0433\u043e \u0438\u0441\u043f\u043e\u043b\u044c\u0437\u043e\u0432\u0430\u043d\u0438\u044f.","og_url":"https:\/\/xstyle.md\/ro\/produs\/trekkingovye-palki-tsl-hiking-a3-cross\/","og_site_name":"\u041c\u0430\u0433\u0430\u0437\u0438\u043d Xstyle","article_publisher":"https:\/\/www.facebook.com\/xstylemd","article_modified_time":"2026-02-16T12:28:11+00:00","og_image":[{"width":656,"height":711,"url":"https:\/\/xstyle.md\/wp-content\/uploads\/2022\/12\/tsl-hiking-a3-cross.png","type":"image\/png"}],"twitter_card":"summary_large_image","twitter_misc":{"Pre\u021b":"990&nbsp;MDL","Disponibilitate":"\u00cen stoc"},"schema":{"@context":"https:\/\/schema.org","@graph":[{"@type":"WebPage","@id":"https:\/\/xstyle.md\/product\/trekkingovye-palki-tsl-hiking-a3-cross\/","url":"https:\/\/xstyle.md\/product\/trekkingovye-palki-tsl-hiking-a3-cross\/","name":"Trekking poles TSL Hiking A3 Cross - Magazin Xstyle","isPartOf":{"@id":"https:\/\/xstyle.md\/#website"},"primaryImageOfPage":{"@id":"https:\/\/xstyle.md\/product\/trekkingovye-palki-tsl-hiking-a3-cross\/#primaryimage"},"image":{"@id":"https:\/\/xstyle.md\/product\/trekkingovye-palki-tsl-hiking-a3-cross\/#primaryimage"},"thumbnailUrl":"https:\/\/xstyle.md\/wp-content\/uploads\/2022\/12\/tsl-hiking-a3-cross.png","datePublished":"2022-12-27T15:16:33+00:00","dateModified":"2026-02-16T12:28:11+00:00","description":"\u0422\u0440\u0435\u043a\u043a\u0438\u043d\u0433\u043e\u0432\u044b\u0435 \u043f\u0430\u043b\u043a\u0438 TSL Hiking A3 Cross - \u0438\u0434\u0435\u0430\u043b\u044c\u043d\u044b\u0435 \u0434\u043b\u044f \u0430\u043a\u0442\u0438\u0432\u043d\u043e\u0433\u043e \u043e\u0442\u0434\u044b\u0445\u0430. \u0423\u0434\u043e\u0431\u043d\u0430\u044f \u0441\u0438\u0441\u0442\u0435\u043c\u0430 \u0432\u043d\u0435\u0448\u043d\u0435\u0439 \u0431\u043b\u043e\u043a\u0438\u0440\u043e\u0432\u043a\u0438 \u0438 \u043b\u0435\u0433\u043a\u0438\u0439 \u0432\u0435\u0441 \u0434\u043b\u044f \u043a\u043e\u043c\u0444\u043e\u0440\u0442\u043d\u043e\u0433\u043e \u0438\u0441\u043f\u043e\u043b\u044c\u0437\u043e\u0432\u0430\u043d\u0438\u044f.","breadcrumb":{"@id":"https:\/\/xstyle.md\/product\/trekkingovye-palki-tsl-hiking-a3-cross\/#breadcrumb"},"inLanguage":"ro-RO","potentialAction":[{"@type":"ReadAction","target":["https:\/\/xstyle.md\/product\/trekkingovye-palki-tsl-hiking-a3-cross\/"]}]},{"@type":"ImageObject","inLanguage":"ro-RO","@id":"https:\/\/xstyle.md\/product\/trekkingovye-palki-tsl-hiking-a3-cross\/#primaryimage","url":"https:\/\/xstyle.md\/wp-content\/uploads\/2022\/12\/tsl-hiking-a3-cross.png","contentUrl":"https:\/\/xstyle.md\/wp-content\/uploads\/2022\/12\/tsl-hiking-a3-cross.png","width":656,"height":711,"caption":"\u0422\u0440\u0435\u043a\u043a\u0438\u043d\u0433\u043e\u0432\u044b\u0435 \u043f\u0430\u043b\u043a\u0438 TSL Hiking A3 Cross \u0434\u043b\u044f \u0430\u043a\u0442\u0438\u0432\u043d\u043e\u0433\u043e \u043e\u0442\u0434\u044b\u0445\u0430, \u043f\u043e\u0445\u043e\u0434\u043e\u0432 \u0438 \u043f\u0443\u0442\u0435\u0448\u0435\u0441\u0442\u0432\u0438\u0439, \u044d\u043a\u0438\u043f\u0438\u0440\u043e\u0432\u043a\u0430 \u0434\u043b\u044f \u043a\u0435\u043c\u043f\u0438\u043d\u0433\u0430 \u0438 \u043c\u0430\u0443\u043d\u0442\u0438\u043d\u0435\u0440\u0438\u043d\u0433 \u0434\u043b\u044f \u043e\u043d\u043b\u0430\u0439\u043d \u043c\u0430\u0433\u0430\u0437\u0438\u043d\u0430 \u0430\u043a\u0442\u0438\u0432\u043d\u043e\u0439 \u0436\u0438\u0437\u043d\u0438"},{"@type":"BreadcrumbList","@id":"https:\/\/xstyle.md\/product\/trekkingovye-palki-tsl-hiking-a3-cross\/#breadcrumb","itemListElement":[{"@type":"ListItem","position":1,"name":"\u0413\u043b\u0430\u0432\u043d\u0430\u044f \u0441\u0442\u0440\u0430\u043d\u0438\u0446\u0430","item":"https:\/\/xstyle.md\/"},{"@type":"ListItem","position":2,"name":"\u041c\u0430\u0433\u0430\u0437\u0438\u043d","item":"https:\/\/xstyle.md\/shop\/"},{"@type":"ListItem","position":3,"name":"\u0422\u0440\u0435\u043a\u043a\u0438\u043d\u0433\u043e\u0432\u044b\u0435 \u043f\u0430\u043b\u043a\u0438 TSL Hiking A3 Cross"}]},{"@type":"WebSite","@id":"https:\/\/xstyle.md\/#website","url":"https:\/\/xstyle.md\/","name":"Magazinul X-Style","description":"Echipamente pentru turism \u0219i sporturi extreme \u00een Moldova. Pre\u021buri, fotografii, caracteristici \u00een Moldova.","publisher":{"@id":"https:\/\/xstyle.md\/#organization"},"alternateName":"X-Style","potentialAction":[{"@type":"SearchAction","target":{"@type":"EntryPoint","urlTemplate":"https:\/\/xstyle.md\/?s={search_term_string}"},"query-input":{"@type":"PropertyValueSpecification","valueRequired":true,"valueName":"search_term_string"}}],"inLanguage":"ro-RO"},{"@type":"Organization","@id":"https:\/\/xstyle.md\/#organization","name":"Magazinul X-Style","alternateName":"x-style","url":"https:\/\/xstyle.md\/","logo":{"@type":"ImageObject","inLanguage":"ro-RO","@id":"https:\/\/xstyle.md\/#\/schema\/logo\/image\/","url":"https:\/\/xstyle.md\/wp-content\/uploads\/2020\/06\/logoicon.svg","contentUrl":"https:\/\/xstyle.md\/wp-content\/uploads\/2020\/06\/logoicon.svg","caption":"\u041c\u0430\u0433\u0430\u0437\u0438\u043d Xstyle"},"image":{"@id":"https:\/\/xstyle.md\/#\/schema\/logo\/image\/"},"sameAs":["https:\/\/www.facebook.com\/xstylemd","https:\/\/www.instagram.com\/xstyle_md\/","https:\/\/t.me\/xstyle_outdoor"],"hasMerchantReturnPolicy":{"@type":"MerchantReturnPolicy","merchantReturnLink":"https:\/\/xstyle.md\/ro\/conditions\/"}}]},"product_price_amount":"990.00","product_price_currency":"MDL","og_availability":"instock","product_availability":"instock","product_retailer_item_id":"3436500810752","product_condition":"new"},"post_mailing_queue_ids":[],"_links":{"self":[{"href":"https:\/\/xstyle.md\/ro\/wp-json\/wp\/v2\/product\/62035","targetHints":{"allow":["GET"]}}],"collection":[{"href":"https:\/\/xstyle.md\/ro\/wp-json\/wp\/v2\/product"}],"about":[{"href":"https:\/\/xstyle.md\/ro\/wp-json\/wp\/v2\/types\/product"}],"replies":[{"embeddable":true,"href":"https:\/\/xstyle.md\/ro\/wp-json\/wp\/v2\/comments?post=62035"}],"wp:featuredmedia":[{"embeddable":true,"href":"https:\/\/xstyle.md\/ro\/wp-json\/wp\/v2\/media\/63177"}],"wp:attachment":[{"href":"https:\/\/xstyle.md\/ro\/wp-json\/wp\/v2\/media?parent=62035"}],"wp:term":[{"taxonomy":"product_brand","embeddable":true,"href":"https:\/\/xstyle.md\/ro\/wp-json\/wp\/v2\/product_brand?post=62035"},{"taxonomy":"product_cat","embeddable":true,"href":"https:\/\/xstyle.md\/ro\/wp-json\/wp\/v2\/product_cat?post=62035"},{"taxonomy":"product_tag","embeddable":true,"href":"https:\/\/xstyle.md\/ro\/wp-json\/wp\/v2\/product_tag?post=62035"}],"curies":[{"name":"wp","href":"https:\/\/api.w.org\/{rel}","templated":true}]}}