{"id":61990,"date":"2022-12-27T18:16:24","date_gmt":"2022-12-27T15:16:24","guid":{"rendered":"https:\/\/xstyle.md\/?post_type=product&#038;p=61990"},"modified":"2026-04-08T11:07:12","modified_gmt":"2026-04-08T08:07:12","slug":"kurtka-maier-fast-dynamic-mns-marry-poppins-black","status":"publish","type":"product","link":"https:\/\/xstyle.md\/ro\/produs\/kurtka-maier-fast-dynamic-mns-marry-poppins-black\/","title":{"rendered":"Geac\u0103 de schi Maier Fast Dynamic Mns marry poppins\/black"},"content":{"rendered":"<\/p>\n<p><strong>Maier Fast Dynamic<\/strong> &#8212; o jachet\u0103 de schi elegant\u0103, cu un design asimetric. Membrana impermeabil\u0103 \u0219i respirabil\u0103 mTEX 10.000 o face ideal\u0103 pentru freeride \u0219i schi, \u00een timp ce materialul elastic confortabil \u00een patru direc\u021bii asigur\u0103 o libertate maxim\u0103 de mi\u0219care pe p\u00e2rtii. \u00centre timp, acoperirea ecologic\u0103, f\u0103r\u0103 PFC, v\u0103 protejeaz\u0103 de cantit\u0103\u021bi mici de umiditate, cum ar fi stropii. Jacheta are, de asemenea, o serie de elemente care sunt cu adev\u0103rat utile \u00een condi\u021bii de iarn\u0103, cum ar fi protec\u021bia \u00eempotriva z\u0103pezii, c\u0103ptu\u0219eala inovatoare mTHERM, materialul integrat pentru ochelari, orificii de aerisire sub bra\u021be \u0219i o glug\u0103 deta\u0219abil\u0103 reglabil\u0103.<\/p>\n<h3>Particularit\u0103\u021bi<\/h3>\n<ul>\n<li>Membran\u0103 respirabil\u0103, impermeabil\u0103 \u0219i rezistent\u0103 la v\u00e2nt<\/li>\n<li>Acoperire ecologic\u0103, hidrofug\u0103, f\u0103r\u0103 PFC<\/li>\n<li>Extensibil \u00een 4 direc\u021bii pentru o libertate maxim\u0103 de mi\u0219care<\/li>\n<li>Izola\u021bie inovatoare care re\u021bine \u00een mod optim c\u0103ldura corpului<\/li>\n<li>Man\u0219ete moi cu g\u0103uri confortabile pentru degetul mare<\/li>\n<li>Man\u0219ete complet reglabile<\/li>\n<li>Glug\u0103 deta\u0219abil\u0103, complet reglabil\u0103<\/li>\n<li>Man\u0219ete pentru protec\u021bie \u00eempotriva z\u0103pezii<\/li>\n<li>Ventila\u021bie la subsuori pentru cel mai \u00eenalt nivel de confort<\/li>\n<li>3 buzunare spa\u021bioase cu \u00eenchidere cu fermoar<\/li>\n<li>2 buzunare interioare spa\u021bioase.<\/li>\n<\/ul>\n<h3>Caracteristici<\/h3>\n<ul>\n<li>Material &#8212; 90% poliester, 10% elastan<\/li>\n<li>Izola\u021bie &#8212; mTHERM<\/li>\n<li>Membran\u0103 &#8212; mTEX 10.000<\/li>\n<li>Rezisten\u021b\u0103 la ap\u0103 &#8212; 10 000 mm<\/li>\n<li>Permeabilitate la vapori &#8212; 10000 g\/(m\u00b2\u22c5zi)<\/li>\n<li>Model - b\u0103rba\u021bi.<\/li>\n<\/ul>\n<h3>Tehnologie<\/h3>\n<ul>\n<li><strong>mTEX<\/strong> \u2013 membran\u0103 impermeabil\u0103 \u0219i respirabil\u0103, confec\u021bionat\u0103 dintr-o \u021bes\u0103tur\u0103 durabil\u0103 care permite umezelii s\u0103 ias\u0103 \u00een exterior \u0219i este u\u0219or de cur\u0103\u021bat de murd\u0103rie.<\/li>\n<li><strong>mTHERM<\/strong> \u2013 c\u0103ptu\u0219eal\u0103 din fleece care impresioneaz\u0103 prin capacitatea sa de a re\u021bine c\u0103ldura \u0219i de a men\u021bine haina respirabil\u0103.<\/li>\n<\/ul>\n<h3>Marca<\/h3>\n<p>MAIER a fost organizat \u00een 1938, \u00een Germania, de un grup de oameni care \u00eemp\u0103rt\u0103\u0219eau acelea\u0219i idei. Scopul m\u0103rcii a fost de a crea cele mai confortabile haine care s\u0103 se potriveasc\u0103 unei persoane de orice \u00een\u0103l\u021bime. Marca este specializat\u0103 \u00een fabricarea de \u00eembr\u0103c\u0103minte \u0219i accesorii pentru schi \u0219i activit\u0103\u021bi prelungite \u00een aer liber. Marca este orientat\u0103 c\u0103tre persoanele care aleg un stil de via\u021b\u0103 activ. Produsele sunt caracterizate de confort \u0219i de o calitate european\u0103 real\u0103. La fabricare, se \u021bine cont de particularit\u0103\u021bile figurii umane, datorit\u0103 c\u0103rora hainele se potrivesc perfect \u0219i nu exist\u0103 niciun disconfort la utilizarea lor.<\/p>\n<p>Marca folose\u0219te propriile modele \u0219i materiale moderne. Hainele nu las\u0103 s\u0103 treac\u0103 umezeala \u0219i, \u00een acela\u0219i timp, permit corpului s\u0103 respire. Chiar \u0219i \u00een timpul sporturilor active, o persoan\u0103 \u00een astfel de produse nu transpir\u0103, nu exist\u0103 riscul de \u00eenghe\u021b. Majoritatea modelelor au o membran\u0103 de diferite grosimi \u0219i densit\u0103\u021bi. Acest lucru permite ca haina s\u0103 fie folosit\u0103 \u00een aproape orice anotimp \u0219i \u00een toate condi\u021biile meteorologice. Exist\u0103, de asemenea, un control de mediu \u00een toate fabricile m\u0103rcii. \u00cen produc\u021bie sunt folosite doar materiale inofensive. Compania acord\u0103 aten\u021bie fiec\u0103rui detaliu. Ca urmare, produsele MAIER au fost foarte repede recunoscute \u00een \u00eentreaga lume.<\/p>\n<p><\/p>","protected":false},"excerpt":{"rendered":"","protected":false},"featured_media":104980,"comment_status":"open","ping_status":"closed","template":"","meta":{"_acf_changed":false,"inline_featured_image":false},"product_brand":[1319],"product_cat":[450],"product_tag":[],"class_list":{"0":"post-61990","1":"product","2":"type-product","3":"status-publish","4":"has-post-thumbnail","6":"product_brand-maier","7":"product_cat-jachete-de-schi-barbati","9":"first","10":"instock","11":"sale","12":"shipping-taxable","13":"purchasable","14":"product-type-simple"},"acf":[],"yoast_head":"<!-- This site is optimized with the Yoast SEO plugin v27.2 - https:\/\/yoast.com\/product\/yoast-seo-wordpress\/ -->\n<title>\u041a\u0443\u0440\u0442\u043a\u0430 Maier Fast Dynamic Mns marry poppins\/black - \u041c\u0430\u0433\u0430\u0437\u0438\u043d Xstyle<\/title>\n<meta name=\"description\" content=\"\u041a\u0443\u0440\u0442\u043a\u0430 Maier Fast Dynamic Mns marry poppins\/black \u0441 \u043c\u0435\u043c\u0431\u0440\u0430\u043d\u043e\u0439 mTEX 10000 \u043e\u0431\u0435\u0441\u043f\u0435\u0447\u0438\u0442 \u0437\u0430\u0449\u0438\u0442\u0443 \u043e\u0442 \u0432\u043b\u0430\u0433\u0438 \u0438 \u043a\u043e\u043c\u0444\u043e\u0440\u0442 \u0432\u043e \u0432\u0440\u0435\u043c\u044f \u043a\u0430\u0442\u0430\u043d\u0438\u044f \u043d\u0430 \u043b\u044b\u0436\u0430\u0445 \u0438 \u0444\u0440\u0438\u0440\u0430\u0439\u0434\u0435.\" \/>\n<meta name=\"robots\" content=\"index, follow, max-snippet:-1, max-image-preview:large, max-video-preview:-1\" \/>\n<link rel=\"canonical\" href=\"https:\/\/xstyle.md\/ro\/produs\/kurtka-maier-fast-dynamic-mns-marry-poppins-black\/\" \/>\n<meta property=\"og:locale\" content=\"ro_RO\" \/>\n<meta property=\"og:type\" content=\"article\" \/>\n<meta property=\"og:title\" content=\"\u041a\u0443\u0440\u0442\u043a\u0430 Maier Fast Dynamic Mns marry poppins\/black - \u041c\u0430\u0433\u0430\u0437\u0438\u043d Xstyle\" \/>\n<meta property=\"og:description\" content=\"\u041a\u0443\u0440\u0442\u043a\u0430 Maier Fast Dynamic Mns marry poppins\/black \u0441 \u043c\u0435\u043c\u0431\u0440\u0430\u043d\u043e\u0439 mTEX 10000 \u043e\u0431\u0435\u0441\u043f\u0435\u0447\u0438\u0442 \u0437\u0430\u0449\u0438\u0442\u0443 \u043e\u0442 \u0432\u043b\u0430\u0433\u0438 \u0438 \u043a\u043e\u043c\u0444\u043e\u0440\u0442 \u0432\u043e \u0432\u0440\u0435\u043c\u044f \u043a\u0430\u0442\u0430\u043d\u0438\u044f \u043d\u0430 \u043b\u044b\u0436\u0430\u0445 \u0438 \u0444\u0440\u0438\u0440\u0430\u0439\u0434\u0435.\" \/>\n<meta property=\"og:url\" content=\"https:\/\/xstyle.md\/ro\/produs\/kurtka-maier-fast-dynamic-mns-marry-poppins-black\/\" \/>\n<meta property=\"og:site_name\" content=\"\u041c\u0430\u0433\u0430\u0437\u0438\u043d Xstyle\" \/>\n<meta property=\"article:publisher\" content=\"https:\/\/www.facebook.com\/xstylemd\" \/>\n<meta property=\"article:modified_time\" content=\"2026-04-08T08:07:12+00:00\" \/>\n<meta property=\"og:image\" content=\"https:\/\/xstyle.md\/wp-content\/uploads\/2022\/12\/maier-fast-dynamic-mns-marry-poppinsblack1.webp\" \/>\n\t<meta property=\"og:image:width\" content=\"1200\" \/>\n\t<meta property=\"og:image:height\" content=\"1200\" \/>\n\t<meta property=\"og:image:type\" content=\"image\/webp\" \/>\n<meta name=\"twitter:card\" content=\"summary_large_image\" \/>\n<meta name=\"twitter:label1\" content=\"Pre\u021b\" \/>\n\t<meta name=\"twitter:data1\" content=\"4.543&nbsp;MDL\" \/>\n\t<meta name=\"twitter:label2\" content=\"Disponibilitate\" \/>\n\t<meta name=\"twitter:data2\" content=\"\u00cen stoc\" \/>\n<script type=\"application\/ld+json\" class=\"yoast-schema-graph\">{\"@context\":\"https:\/\/schema.org\",\"@graph\":[{\"@type\":\"WebPage\",\"@id\":\"https:\/\/xstyle.md\/product\/kurtka-maier-fast-dynamic-mns-marry-poppins-black\/\",\"url\":\"https:\/\/xstyle.md\/product\/kurtka-maier-fast-dynamic-mns-marry-poppins-black\/\",\"name\":\"\u041a\u0443\u0440\u0442\u043a\u0430 Maier Fast Dynamic Mns marry poppins\/black - \u041c\u0430\u0433\u0430\u0437\u0438\u043d Xstyle\",\"isPartOf\":{\"@id\":\"https:\/\/xstyle.md\/#website\"},\"primaryImageOfPage\":{\"@id\":\"https:\/\/xstyle.md\/product\/kurtka-maier-fast-dynamic-mns-marry-poppins-black\/#primaryimage\"},\"image\":{\"@id\":\"https:\/\/xstyle.md\/product\/kurtka-maier-fast-dynamic-mns-marry-poppins-black\/#primaryimage\"},\"thumbnailUrl\":\"https:\/\/xstyle.md\/wp-content\/uploads\/2022\/12\/maier-fast-dynamic-mns-marry-poppinsblack1.webp\",\"datePublished\":\"2022-12-27T15:16:24+00:00\",\"dateModified\":\"2026-04-08T08:07:12+00:00\",\"description\":\"\u041a\u0443\u0440\u0442\u043a\u0430 Maier Fast Dynamic Mns marry poppins\/black \u0441 \u043c\u0435\u043c\u0431\u0440\u0430\u043d\u043e\u0439 mTEX 10000 \u043e\u0431\u0435\u0441\u043f\u0435\u0447\u0438\u0442 \u0437\u0430\u0449\u0438\u0442\u0443 \u043e\u0442 \u0432\u043b\u0430\u0433\u0438 \u0438 \u043a\u043e\u043c\u0444\u043e\u0440\u0442 \u0432\u043e \u0432\u0440\u0435\u043c\u044f \u043a\u0430\u0442\u0430\u043d\u0438\u044f \u043d\u0430 \u043b\u044b\u0436\u0430\u0445 \u0438 \u0444\u0440\u0438\u0440\u0430\u0439\u0434\u0435.\",\"breadcrumb\":{\"@id\":\"https:\/\/xstyle.md\/product\/kurtka-maier-fast-dynamic-mns-marry-poppins-black\/#breadcrumb\"},\"inLanguage\":\"ro-RO\",\"potentialAction\":[{\"@type\":\"ReadAction\",\"target\":[\"https:\/\/xstyle.md\/product\/kurtka-maier-fast-dynamic-mns-marry-poppins-black\/\"]}]},{\"@type\":\"ImageObject\",\"inLanguage\":\"ro-RO\",\"@id\":\"https:\/\/xstyle.md\/product\/kurtka-maier-fast-dynamic-mns-marry-poppins-black\/#primaryimage\",\"url\":\"https:\/\/xstyle.md\/wp-content\/uploads\/2022\/12\/maier-fast-dynamic-mns-marry-poppinsblack1.webp\",\"contentUrl\":\"https:\/\/xstyle.md\/wp-content\/uploads\/2022\/12\/maier-fast-dynamic-mns-marry-poppinsblack1.webp\",\"width\":1200,\"height\":1200},{\"@type\":\"BreadcrumbList\",\"@id\":\"https:\/\/xstyle.md\/product\/kurtka-maier-fast-dynamic-mns-marry-poppins-black\/#breadcrumb\",\"itemListElement\":[{\"@type\":\"ListItem\",\"position\":1,\"name\":\"\u0413\u043b\u0430\u0432\u043d\u0430\u044f \u0441\u0442\u0440\u0430\u043d\u0438\u0446\u0430\",\"item\":\"https:\/\/xstyle.md\/\"},{\"@type\":\"ListItem\",\"position\":2,\"name\":\"\u041c\u0430\u0433\u0430\u0437\u0438\u043d\",\"item\":\"https:\/\/xstyle.md\/shop\/\"},{\"@type\":\"ListItem\",\"position\":3,\"name\":\"\u041a\u0443\u0440\u0442\u043a\u0430 Maier Fast Dynamic Mns marry poppins\/black\"}]},{\"@type\":\"WebSite\",\"@id\":\"https:\/\/xstyle.md\/#website\",\"url\":\"https:\/\/xstyle.md\/\",\"name\":\"\u041c\u0430\u0433\u0430\u0437\u0438\u043d Xstyle\",\"description\":\"C\u043d\u0430\u0440\u044f\u0436\u0435\u043d\u0438\u0435 \u0434\u043b\u044f \u0442\u0443\u0440\u0438\u0437\u043c\u0430 \u0438 \u044d\u043a\u0441\u0442\u0440\u0435\u043c\u0430\u043b\u044c\u043d\u044b\u0445 \u0432\u0438\u0434\u043e\u0432 \u0441\u043f\u043e\u0440\u0442\u0430 \u0432 \u041c\u043e\u043b\u0434\u043e\u0432\u0435.. \u0426\u0435\u043d\u044b, \u0444\u043e\u0442\u043e, \u0445\u0430\u0440\u0430\u043a\u0442\u0435\u0440\u0438\u0441\u0442\u0438\u043a\u0438 \u0432 \u041c\u043e\u043b\u0434\u043e\u0432\u0435.\",\"publisher\":{\"@id\":\"https:\/\/xstyle.md\/#organization\"},\"alternateName\":\"X-Style\",\"potentialAction\":[{\"@type\":\"SearchAction\",\"target\":{\"@type\":\"EntryPoint\",\"urlTemplate\":\"https:\/\/xstyle.md\/?s={search_term_string}\"},\"query-input\":{\"@type\":\"PropertyValueSpecification\",\"valueRequired\":true,\"valueName\":\"search_term_string\"}}],\"inLanguage\":\"ro-RO\"},{\"@type\":\"Organization\",\"@id\":\"https:\/\/xstyle.md\/#organization\",\"name\":\"\u041c\u0430\u0433\u0430\u0437\u0438\u043d Xstyle\",\"alternateName\":\"x-style\",\"url\":\"https:\/\/xstyle.md\/\",\"logo\":{\"@type\":\"ImageObject\",\"inLanguage\":\"ro-RO\",\"@id\":\"https:\/\/xstyle.md\/#\/schema\/logo\/image\/\",\"url\":\"https:\/\/xstyle.md\/wp-content\/uploads\/2020\/06\/logoicon.svg\",\"contentUrl\":\"https:\/\/xstyle.md\/wp-content\/uploads\/2020\/06\/logoicon.svg\",\"caption\":\"\u041c\u0430\u0433\u0430\u0437\u0438\u043d Xstyle\"},\"image\":{\"@id\":\"https:\/\/xstyle.md\/#\/schema\/logo\/image\/\"},\"sameAs\":[\"https:\/\/www.facebook.com\/xstylemd\",\"https:\/\/www.instagram.com\/xstyle_md\/\",\"https:\/\/t.me\/xstyle_outdoor\"],\"hasMerchantReturnPolicy\":{\"@type\":\"MerchantReturnPolicy\",\"merchantReturnLink\":\"https:\/\/xstyle.md\/ro\/conditions\/\"}}]}<\/script>\n<meta property=\"product:price:amount\" content=\"4543.00\" \/>\n<meta property=\"product:price:currency\" content=\"MDL\" \/>\n<meta property=\"og:availability\" content=\"instock\" \/>\n<meta property=\"product:availability\" content=\"instock\" \/>\n<meta property=\"product:retailer_item_id\" content=\"4065306235149\" \/>\n<meta property=\"product:condition\" content=\"new\" \/>\n<!-- \/ Yoast SEO plugin. -->","yoast_head_json":{"title":"Geac\u0103 Maier Fast Dynamic Mns marry poppins\/black - Magazin Xstyle","description":"Jacheta Maier Fast Dynamic Mns marry poppins\/black cu membran\u0103 mTEX 10000 va asigura protec\u021bie \u00eempotriva umidit\u0103\u021bii \u0219i confort \u00een timpul schiatului \u0219i freeride-ului.","robots":{"index":"index","follow":"follow","max-snippet":"max-snippet:-1","max-image-preview":"max-image-preview:large","max-video-preview":"max-video-preview:-1"},"canonical":"https:\/\/xstyle.md\/ro\/produs\/kurtka-maier-fast-dynamic-mns-marry-poppins-black\/","og_locale":"ro_RO","og_type":"article","og_title":"\u041a\u0443\u0440\u0442\u043a\u0430 Maier Fast Dynamic Mns marry poppins\/black - \u041c\u0430\u0433\u0430\u0437\u0438\u043d Xstyle","og_description":"\u041a\u0443\u0440\u0442\u043a\u0430 Maier Fast Dynamic Mns marry poppins\/black \u0441 \u043c\u0435\u043c\u0431\u0440\u0430\u043d\u043e\u0439 mTEX 10000 \u043e\u0431\u0435\u0441\u043f\u0435\u0447\u0438\u0442 \u0437\u0430\u0449\u0438\u0442\u0443 \u043e\u0442 \u0432\u043b\u0430\u0433\u0438 \u0438 \u043a\u043e\u043c\u0444\u043e\u0440\u0442 \u0432\u043e \u0432\u0440\u0435\u043c\u044f \u043a\u0430\u0442\u0430\u043d\u0438\u044f \u043d\u0430 \u043b\u044b\u0436\u0430\u0445 \u0438 \u0444\u0440\u0438\u0440\u0430\u0439\u0434\u0435.","og_url":"https:\/\/xstyle.md\/ro\/produs\/kurtka-maier-fast-dynamic-mns-marry-poppins-black\/","og_site_name":"\u041c\u0430\u0433\u0430\u0437\u0438\u043d Xstyle","article_publisher":"https:\/\/www.facebook.com\/xstylemd","article_modified_time":"2026-04-08T08:07:12+00:00","og_image":[{"width":1200,"height":1200,"url":"https:\/\/xstyle.md\/wp-content\/uploads\/2022\/12\/maier-fast-dynamic-mns-marry-poppinsblack1.webp","type":"image\/webp"}],"twitter_card":"summary_large_image","twitter_misc":{"Pre\u021b":"4.543&nbsp;MDL","Disponibilitate":"\u00cen stoc"},"schema":{"@context":"https:\/\/schema.org","@graph":[{"@type":"WebPage","@id":"https:\/\/xstyle.md\/product\/kurtka-maier-fast-dynamic-mns-marry-poppins-black\/","url":"https:\/\/xstyle.md\/product\/kurtka-maier-fast-dynamic-mns-marry-poppins-black\/","name":"Geac\u0103 Maier Fast Dynamic Mns marry poppins\/black - Magazin Xstyle","isPartOf":{"@id":"https:\/\/xstyle.md\/#website"},"primaryImageOfPage":{"@id":"https:\/\/xstyle.md\/product\/kurtka-maier-fast-dynamic-mns-marry-poppins-black\/#primaryimage"},"image":{"@id":"https:\/\/xstyle.md\/product\/kurtka-maier-fast-dynamic-mns-marry-poppins-black\/#primaryimage"},"thumbnailUrl":"https:\/\/xstyle.md\/wp-content\/uploads\/2022\/12\/maier-fast-dynamic-mns-marry-poppinsblack1.webp","datePublished":"2022-12-27T15:16:24+00:00","dateModified":"2026-04-08T08:07:12+00:00","description":"Jacheta Maier Fast Dynamic Mns marry poppins\/black cu membran\u0103 mTEX 10000 va asigura protec\u021bie \u00eempotriva umidit\u0103\u021bii \u0219i confort \u00een timpul schiatului \u0219i freeride-ului.","breadcrumb":{"@id":"https:\/\/xstyle.md\/product\/kurtka-maier-fast-dynamic-mns-marry-poppins-black\/#breadcrumb"},"inLanguage":"ro-RO","potentialAction":[{"@type":"ReadAction","target":["https:\/\/xstyle.md\/product\/kurtka-maier-fast-dynamic-mns-marry-poppins-black\/"]}]},{"@type":"ImageObject","inLanguage":"ro-RO","@id":"https:\/\/xstyle.md\/product\/kurtka-maier-fast-dynamic-mns-marry-poppins-black\/#primaryimage","url":"https:\/\/xstyle.md\/wp-content\/uploads\/2022\/12\/maier-fast-dynamic-mns-marry-poppinsblack1.webp","contentUrl":"https:\/\/xstyle.md\/wp-content\/uploads\/2022\/12\/maier-fast-dynamic-mns-marry-poppinsblack1.webp","width":1200,"height":1200},{"@type":"BreadcrumbList","@id":"https:\/\/xstyle.md\/product\/kurtka-maier-fast-dynamic-mns-marry-poppins-black\/#breadcrumb","itemListElement":[{"@type":"ListItem","position":1,"name":"\u0413\u043b\u0430\u0432\u043d\u0430\u044f \u0441\u0442\u0440\u0430\u043d\u0438\u0446\u0430","item":"https:\/\/xstyle.md\/"},{"@type":"ListItem","position":2,"name":"\u041c\u0430\u0433\u0430\u0437\u0438\u043d","item":"https:\/\/xstyle.md\/shop\/"},{"@type":"ListItem","position":3,"name":"\u041a\u0443\u0440\u0442\u043a\u0430 Maier Fast Dynamic Mns marry poppins\/black"}]},{"@type":"WebSite","@id":"https:\/\/xstyle.md\/#website","url":"https:\/\/xstyle.md\/","name":"Magazinul X-Style","description":"Echipamente pentru turism \u0219i sporturi extreme \u00een Moldova. Pre\u021buri, fotografii, caracteristici \u00een Moldova.","publisher":{"@id":"https:\/\/xstyle.md\/#organization"},"alternateName":"X-Style","potentialAction":[{"@type":"SearchAction","target":{"@type":"EntryPoint","urlTemplate":"https:\/\/xstyle.md\/?s={search_term_string}"},"query-input":{"@type":"PropertyValueSpecification","valueRequired":true,"valueName":"search_term_string"}}],"inLanguage":"ro-RO"},{"@type":"Organization","@id":"https:\/\/xstyle.md\/#organization","name":"Magazinul X-Style","alternateName":"x-style","url":"https:\/\/xstyle.md\/","logo":{"@type":"ImageObject","inLanguage":"ro-RO","@id":"https:\/\/xstyle.md\/#\/schema\/logo\/image\/","url":"https:\/\/xstyle.md\/wp-content\/uploads\/2020\/06\/logoicon.svg","contentUrl":"https:\/\/xstyle.md\/wp-content\/uploads\/2020\/06\/logoicon.svg","caption":"\u041c\u0430\u0433\u0430\u0437\u0438\u043d Xstyle"},"image":{"@id":"https:\/\/xstyle.md\/#\/schema\/logo\/image\/"},"sameAs":["https:\/\/www.facebook.com\/xstylemd","https:\/\/www.instagram.com\/xstyle_md\/","https:\/\/t.me\/xstyle_outdoor"],"hasMerchantReturnPolicy":{"@type":"MerchantReturnPolicy","merchantReturnLink":"https:\/\/xstyle.md\/ro\/conditions\/"}}]},"product_price_amount":"4543.00","product_price_currency":"MDL","og_availability":"instock","product_availability":"instock","product_retailer_item_id":"4065306235149","product_condition":"new"},"post_mailing_queue_ids":[],"_links":{"self":[{"href":"https:\/\/xstyle.md\/ro\/wp-json\/wp\/v2\/product\/61990","targetHints":{"allow":["GET"]}}],"collection":[{"href":"https:\/\/xstyle.md\/ro\/wp-json\/wp\/v2\/product"}],"about":[{"href":"https:\/\/xstyle.md\/ro\/wp-json\/wp\/v2\/types\/product"}],"replies":[{"embeddable":true,"href":"https:\/\/xstyle.md\/ro\/wp-json\/wp\/v2\/comments?post=61990"}],"wp:featuredmedia":[{"embeddable":true,"href":"https:\/\/xstyle.md\/ro\/wp-json\/wp\/v2\/media\/104980"}],"wp:attachment":[{"href":"https:\/\/xstyle.md\/ro\/wp-json\/wp\/v2\/media?parent=61990"}],"wp:term":[{"taxonomy":"product_brand","embeddable":true,"href":"https:\/\/xstyle.md\/ro\/wp-json\/wp\/v2\/product_brand?post=61990"},{"taxonomy":"product_cat","embeddable":true,"href":"https:\/\/xstyle.md\/ro\/wp-json\/wp\/v2\/product_cat?post=61990"},{"taxonomy":"product_tag","embeddable":true,"href":"https:\/\/xstyle.md\/ro\/wp-json\/wp\/v2\/product_tag?post=61990"}],"curies":[{"name":"wp","href":"https:\/\/api.w.org\/{rel}","templated":true}]}}