{"id":61963,"date":"2022-12-27T18:16:17","date_gmt":"2022-12-27T15:16:17","guid":{"rendered":"https:\/\/xstyle.md\/?post_type=product&#038;p=61963"},"modified":"2025-10-24T12:35:37","modified_gmt":"2025-10-24T09:35:37","slug":"nozh-ganzo-skimen-bk","status":"publish","type":"product","link":"https:\/\/xstyle.md\/ro\/produs\/nozh-ganzo-skimen-bk\/","title":{"rendered":"Cu\u021bit Ganzo Skimen-BK"},"content":{"rendered":"<\/p>\n<p><strong>Cu\u021bitul Ganzo Skimen-BK<\/strong> a fost proiectat de Ruslan Skimen, un maestru reparator de cu\u021bite. Acesta este cu\u021bitul de debut din seria de design Adimanti \u0219i \u00eentruchipeaz\u0103 confortul, logica, respectabilitatea.<\/p>\n<p>Cu\u021bitul pliabil al popularului brand Ganzo va fi pe placul persoanelor active care merg adesea \u00een aer liber. Modelul este potrivit pentru drume\u021bii, v\u00e2n\u0103toare, pescuit, camping, \u00een plus, \u00eel pute\u021bi folosi la domiciliu, dup\u0103 cum este necesar. Forma lamei este destul de eficient\u0103 pentru \u00eenjunghiere \u0219i t\u0103iere. Tipul de lam\u0103, \u0219i anume drop-point, este destul de popular \u00een r\u00e2ndul persoanelor implicate \u00een drume\u021bii.<\/p>\n<p>Cu\u021bitul este fabricat din o\u021bel D2, rezistent la uzur\u0103. Aliajul metalic protejat \u00eempotriva coroziunii demonstreaz\u0103 valori ridicate de duritate. Valoarea durit\u0103\u021bii cu\u021bitului este de aproximativ 60 de unit\u0103\u021bi pe scara Rockwell, ceea ce este foarte bun pentru acest tip de produs. Tipul de ascu\u021bire este drept. Lungimea lamei este de opt centimetri \u0219i jum\u0103tate, iar grosimea este de trei milimetri \u0219i jum\u0103tate. Cu\u021bitul este pliabil, lama este extras\u0103 cu o blocare convenabil\u0103 Flipper. Skimen este protejat \u00een siguran\u021b\u0103 \u00eempotriva deschiderii sau \u00eenchiderii accidentale. Este sigur de utilizat \u0219i are un design simplu. Lungimea total\u0103 a cu\u021bitului este de numai 20,5 centimetri. Aceste dimensiuni mici confer\u0103 cu\u021bitului un avantaj pentru utilizarea zilnic\u0103. Acesta poate fi pus cu u\u0219urin\u021b\u0103 \u00eentr-o geant\u0103 sau \u00eentr-un buzunar \u0219i poate fi folosit la nevoie, fiind mereu la \u00eendem\u00e2n\u0103.<\/p>\n<p>M\u00e2nerul produsului este fabricat din material modern, durabil \u0219i rezistent la uzur\u0103 G10. Este un material sticl\u0103-textolit care poate fi u\u0219or colorat. Poate suporta cu u\u0219urin\u021b\u0103 temperaturi ridicate \u0219i este rezistent la influen\u021be mecanice. M\u00e2nerul aspru are o crest\u0103tur\u0103 special\u0103, ceea ce \u00eel face u\u0219or de prins. Cu\u021bitul se potrive\u0219te perfect \u00een palm\u0103, nu se deplaseaz\u0103 \u0219i nu alunec\u0103 \u00een timpul utiliz\u0103rii. Culorile disponibile sunt: portocaliu, negru, verde, violet \u00eenchis.<\/p>\n<p>Modelul c\u00e2nt\u0103re\u0219te doar 120 de grame. Cu\u021bit u\u0219or \u0219i compact. Pentru o purtare confortabil\u0103 pute\u021bi ata\u0219a cu\u021bitul la buzunar sau la curea, \u00een acest scop exist\u0103 o clem\u0103 metalic\u0103. Frumuse\u021bea unor astfel de modele este c\u0103 pot fi folosite \u00een orice situa\u021bie, deoarece sunt mereu la \u00eendem\u00e2n\u0103. Produc\u0103torii ofer\u0103 o garan\u021bie pe via\u021b\u0103 pentru produsul lor.<\/p>\n<h3>Caracteristici<\/h3>\n<ul>\n<li>Tip cu\u021bit: pliabil<\/li>\n<li>Tip de t\u0103i\u0219: regulat<\/li>\n<li>Lungime total\u0103: 20,5 cm<\/li>\n<li>Lungimea lamei: 8,5 cm<\/li>\n<li>Material m\u00e2ner: fibr\u0103 de sticl\u0103 G10<\/li>\n<li>Duritatea o\u021belului: 60 HRC<\/li>\n<li>Grad de o\u021bel: D2<\/li>\n<li>Greutate: 120 g.<\/li>\n<\/ul>\n<h3>Marca<\/h3>\n<p>Ganzo este specializat\u0103 \u00een produc\u021bia de cu\u021bite pentru drume\u021bii, v\u00e2n\u0103toare \u0219i pescuit, precum \u0219i de multifunc\u021bionale \u0219i ascu\u021bitoare. Unelte fiabile pentru echipamentul de camping, care v\u0103 vor ajuta s\u0103 v\u0103 face\u021bi vacan\u021ba mai confortabil\u0103. Dar principalul avantaj al produselor Ganzo fa\u021b\u0103 de bunurile altor produc\u0103tori, este un nivel ridicat de produse de calitate, care pot fi achizi\u021bionate pentru bani pu\u021bini. Iar utilizarea de echipamente de \u00eenalt\u0103 clas\u0103 \u0219i un sistem de control atent al calit\u0103\u021bii v\u0103 permite s\u0103 ob\u021bine\u021bi rezultate excelente. Acest lucru este confirmat de cre\u0219terea stabil\u0103 a popularit\u0103\u021bii ascu\u021bitoarelor, cu\u021bitelor \u0219i multitoolurilor Ganzo.<\/p>\n<p><\/p>","protected":false},"excerpt":{"rendered":"","protected":false},"featured_media":62881,"comment_status":"open","ping_status":"closed","template":"","meta":{"_acf_changed":false,"inline_featured_image":false},"product_brand":[1367],"product_cat":[169],"product_tag":[],"class_list":{"0":"post-61963","1":"product","2":"type-product","3":"status-publish","4":"has-post-thumbnail","6":"product_brand-ganzo","7":"product_cat-knives","9":"first","10":"instock","11":"shipping-taxable","12":"purchasable","13":"product-type-simple"},"acf":[],"yoast_head":"<!-- This site is optimized with the Yoast SEO plugin v27.4 - https:\/\/yoast.com\/product\/yoast-seo-wordpress\/ -->\n<title>\u041d\u043e\u0436 Ganzo Skimen-BK - \u041c\u0430\u0433\u0430\u0437\u0438\u043d Xstyle<\/title>\n<meta name=\"description\" content=\"\u041d\u043e\u0436 Ganzo Skimen-BK \u2014 \u0441\u0442\u0438\u043b\u044c\u043d\u044b\u0439, \u043f\u0440\u043e\u0447\u043d\u044b\u0439 \u0438 \u0443\u0434\u043e\u0431\u043d\u044b\u0439 \u0441\u043a\u043b\u0430\u0434\u043d\u043e\u0439 \u043d\u043e\u0436 \u0441 \u043b\u0435\u0437\u0432\u0438\u0435\u043c D2. \u0418\u0434\u0435\u0430\u043b\u0435\u043d \u0434\u043b\u044f \u0430\u043a\u0442\u0438\u0432\u043d\u043e\u0433\u043e \u043e\u0442\u0434\u044b\u0445\u0430 \u0438 \u043f\u043e\u0432\u0441\u0435\u0434\u043d\u0435\u0432\u043d\u043e\u0433\u043e \u0438\u0441\u043f\u043e\u043b\u044c\u0437\u043e\u0432\u0430\u043d\u0438\u044f.\" \/>\n<meta name=\"robots\" content=\"index, follow, max-snippet:-1, max-image-preview:large, max-video-preview:-1\" \/>\n<link rel=\"canonical\" href=\"https:\/\/xstyle.md\/ro\/produs\/nozh-ganzo-skimen-bk\/\" \/>\n<meta property=\"og:locale\" content=\"ro_RO\" \/>\n<meta property=\"og:type\" content=\"article\" \/>\n<meta property=\"og:title\" content=\"\u041d\u043e\u0436 Ganzo Skimen-BK - \u041c\u0430\u0433\u0430\u0437\u0438\u043d Xstyle\" \/>\n<meta property=\"og:description\" content=\"\u041d\u043e\u0436 Ganzo Skimen-BK \u2014 \u0441\u0442\u0438\u043b\u044c\u043d\u044b\u0439, \u043f\u0440\u043e\u0447\u043d\u044b\u0439 \u0438 \u0443\u0434\u043e\u0431\u043d\u044b\u0439 \u0441\u043a\u043b\u0430\u0434\u043d\u043e\u0439 \u043d\u043e\u0436 \u0441 \u043b\u0435\u0437\u0432\u0438\u0435\u043c D2. \u0418\u0434\u0435\u0430\u043b\u0435\u043d \u0434\u043b\u044f \u0430\u043a\u0442\u0438\u0432\u043d\u043e\u0433\u043e \u043e\u0442\u0434\u044b\u0445\u0430 \u0438 \u043f\u043e\u0432\u0441\u0435\u0434\u043d\u0435\u0432\u043d\u043e\u0433\u043e \u0438\u0441\u043f\u043e\u043b\u044c\u0437\u043e\u0432\u0430\u043d\u0438\u044f.\" \/>\n<meta property=\"og:url\" content=\"https:\/\/xstyle.md\/ro\/produs\/nozh-ganzo-skimen-bk\/\" \/>\n<meta property=\"og:site_name\" content=\"\u041c\u0430\u0433\u0430\u0437\u0438\u043d Xstyle\" \/>\n<meta property=\"article:publisher\" content=\"https:\/\/www.facebook.com\/xstylemd\" \/>\n<meta property=\"article:modified_time\" content=\"2025-10-24T09:35:37+00:00\" \/>\n<meta property=\"og:image\" content=\"https:\/\/xstyle.md\/wp-content\/uploads\/2022\/12\/ganzo-skimen-bk.jpg\" \/>\n\t<meta property=\"og:image:width\" content=\"756\" \/>\n\t<meta property=\"og:image:height\" content=\"778\" \/>\n\t<meta property=\"og:image:type\" content=\"image\/jpeg\" \/>\n<meta name=\"twitter:card\" content=\"summary_large_image\" \/>\n<meta name=\"twitter:label1\" content=\"Pre\u021b\" \/>\n\t<meta name=\"twitter:data1\" content=\"990&nbsp;MDL\" \/>\n\t<meta name=\"twitter:label2\" content=\"Disponibilitate\" \/>\n\t<meta name=\"twitter:data2\" content=\"\u00cen stoc\" \/>\n<script type=\"application\/ld+json\" class=\"yoast-schema-graph\">{\"@context\":\"https:\\\/\\\/schema.org\",\"@graph\":[{\"@type\":\"WebPage\",\"@id\":\"https:\\\/\\\/xstyle.md\\\/product\\\/nozh-ganzo-skimen-bk\\\/\",\"url\":\"https:\\\/\\\/xstyle.md\\\/product\\\/nozh-ganzo-skimen-bk\\\/\",\"name\":\"\u041d\u043e\u0436 Ganzo Skimen-BK - \u041c\u0430\u0433\u0430\u0437\u0438\u043d Xstyle\",\"isPartOf\":{\"@id\":\"https:\\\/\\\/xstyle.md\\\/#website\"},\"primaryImageOfPage\":{\"@id\":\"https:\\\/\\\/xstyle.md\\\/product\\\/nozh-ganzo-skimen-bk\\\/#primaryimage\"},\"image\":{\"@id\":\"https:\\\/\\\/xstyle.md\\\/product\\\/nozh-ganzo-skimen-bk\\\/#primaryimage\"},\"thumbnailUrl\":\"https:\\\/\\\/xstyle.md\\\/wp-content\\\/uploads\\\/2022\\\/12\\\/ganzo-skimen-bk.jpg\",\"datePublished\":\"2022-12-27T15:16:17+00:00\",\"dateModified\":\"2025-10-24T09:35:37+00:00\",\"description\":\"\u041d\u043e\u0436 Ganzo Skimen-BK \u2014 \u0441\u0442\u0438\u043b\u044c\u043d\u044b\u0439, \u043f\u0440\u043e\u0447\u043d\u044b\u0439 \u0438 \u0443\u0434\u043e\u0431\u043d\u044b\u0439 \u0441\u043a\u043b\u0430\u0434\u043d\u043e\u0439 \u043d\u043e\u0436 \u0441 \u043b\u0435\u0437\u0432\u0438\u0435\u043c D2. \u0418\u0434\u0435\u0430\u043b\u0435\u043d \u0434\u043b\u044f \u0430\u043a\u0442\u0438\u0432\u043d\u043e\u0433\u043e \u043e\u0442\u0434\u044b\u0445\u0430 \u0438 \u043f\u043e\u0432\u0441\u0435\u0434\u043d\u0435\u0432\u043d\u043e\u0433\u043e \u0438\u0441\u043f\u043e\u043b\u044c\u0437\u043e\u0432\u0430\u043d\u0438\u044f.\",\"breadcrumb\":{\"@id\":\"https:\\\/\\\/xstyle.md\\\/product\\\/nozh-ganzo-skimen-bk\\\/#breadcrumb\"},\"inLanguage\":\"ro-RO\",\"potentialAction\":[{\"@type\":\"ReadAction\",\"target\":[\"https:\\\/\\\/xstyle.md\\\/product\\\/nozh-ganzo-skimen-bk\\\/\"]}]},{\"@type\":\"ImageObject\",\"inLanguage\":\"ro-RO\",\"@id\":\"https:\\\/\\\/xstyle.md\\\/product\\\/nozh-ganzo-skimen-bk\\\/#primaryimage\",\"url\":\"https:\\\/\\\/xstyle.md\\\/wp-content\\\/uploads\\\/2022\\\/12\\\/ganzo-skimen-bk.jpg\",\"contentUrl\":\"https:\\\/\\\/xstyle.md\\\/wp-content\\\/uploads\\\/2022\\\/12\\\/ganzo-skimen-bk.jpg\",\"width\":756,\"height\":778,\"caption\":\"\u0418\u0437\u043e\u0431\u0440\u0430\u0436\u0435\u043d\u0438\u0435 \u043d\u043e\u0436\u0430 Ganzo Skimen-BK \u0434\u043b\u044f \u0430\u043a\u0442\u0438\u0432\u043d\u043e\u0433\u043e \u043e\u0442\u0434\u044b\u0445\u0430, \u043f\u043e\u0445\u043e\u0434\u043e\u0432, \u043f\u0443\u0442\u0435\u0448\u0435\u0441\u0442\u0432\u0438\u0439 \u0438 \u0430\u043b\u044c\u043f\u0438\u043d\u0438\u0437\u043c\u0430, \u043f\u043e\u0434\u0445\u043e\u0434\u044f\u0449\u0435\u0435 \u0434\u043b\u044f \u043c\u0430\u0433\u0430\u0437\u0438\u043d\u0430 \u0441 \u043e\u0434\u0435\u0436\u0434\u043e\u0439, \u043e\u0431\u0443\u0432\u044c\u044e \u0438 \u0441\u043d\u0430\u0440\u044f\u0436\u0435\u043d\u0438\u0435\u043c \u0434\u043b\u044f \u0430\u043a\u0442\u0438\u0432\u043d\u043e\u0433\u043e \u043e\u0431\u0440\u0430\u0437\u0430 \u0436\u0438\u0437\u043d\u0438\"},{\"@type\":\"BreadcrumbList\",\"@id\":\"https:\\\/\\\/xstyle.md\\\/product\\\/nozh-ganzo-skimen-bk\\\/#breadcrumb\",\"itemListElement\":[{\"@type\":\"ListItem\",\"position\":1,\"name\":\"\u0413\u043b\u0430\u0432\u043d\u0430\u044f \u0441\u0442\u0440\u0430\u043d\u0438\u0446\u0430\",\"item\":\"https:\\\/\\\/xstyle.md\\\/\"},{\"@type\":\"ListItem\",\"position\":2,\"name\":\"\u041c\u0430\u0433\u0430\u0437\u0438\u043d\",\"item\":\"https:\\\/\\\/xstyle.md\\\/shop\\\/\"},{\"@type\":\"ListItem\",\"position\":3,\"name\":\"\u041d\u043e\u0436 Ganzo Skimen-BK\"}]},{\"@type\":\"WebSite\",\"@id\":\"https:\\\/\\\/xstyle.md\\\/#website\",\"url\":\"https:\\\/\\\/xstyle.md\\\/\",\"name\":\"\u041c\u0430\u0433\u0430\u0437\u0438\u043d Xstyle\",\"description\":\"C\u043d\u0430\u0440\u044f\u0436\u0435\u043d\u0438\u0435 \u0434\u043b\u044f \u0442\u0443\u0440\u0438\u0437\u043c\u0430 \u0438 \u044d\u043a\u0441\u0442\u0440\u0435\u043c\u0430\u043b\u044c\u043d\u044b\u0445 \u0432\u0438\u0434\u043e\u0432 \u0441\u043f\u043e\u0440\u0442\u0430 \u0432 \u041c\u043e\u043b\u0434\u043e\u0432\u0435.. \u0426\u0435\u043d\u044b, \u0444\u043e\u0442\u043e, \u0445\u0430\u0440\u0430\u043a\u0442\u0435\u0440\u0438\u0441\u0442\u0438\u043a\u0438 \u0432 \u041c\u043e\u043b\u0434\u043e\u0432\u0435.\",\"publisher\":{\"@id\":\"https:\\\/\\\/xstyle.md\\\/#organization\"},\"alternateName\":\"X-Style\",\"potentialAction\":[{\"@type\":\"SearchAction\",\"target\":{\"@type\":\"EntryPoint\",\"urlTemplate\":\"https:\\\/\\\/xstyle.md\\\/?s={search_term_string}\"},\"query-input\":{\"@type\":\"PropertyValueSpecification\",\"valueRequired\":true,\"valueName\":\"search_term_string\"}}],\"inLanguage\":\"ro-RO\"},{\"@type\":\"Organization\",\"@id\":\"https:\\\/\\\/xstyle.md\\\/#organization\",\"name\":\"\u041c\u0430\u0433\u0430\u0437\u0438\u043d Xstyle\",\"alternateName\":\"x-style\",\"url\":\"https:\\\/\\\/xstyle.md\\\/\",\"logo\":{\"@type\":\"ImageObject\",\"inLanguage\":\"ro-RO\",\"@id\":\"https:\\\/\\\/xstyle.md\\\/#\\\/schema\\\/logo\\\/image\\\/\",\"url\":\"https:\\\/\\\/xstyle.md\\\/wp-content\\\/uploads\\\/2020\\\/06\\\/logoicon.svg\",\"contentUrl\":\"https:\\\/\\\/xstyle.md\\\/wp-content\\\/uploads\\\/2020\\\/06\\\/logoicon.svg\",\"caption\":\"\u041c\u0430\u0433\u0430\u0437\u0438\u043d Xstyle\"},\"image\":{\"@id\":\"https:\\\/\\\/xstyle.md\\\/#\\\/schema\\\/logo\\\/image\\\/\"},\"sameAs\":[\"https:\\\/\\\/www.facebook.com\\\/xstylemd\",\"https:\\\/\\\/www.instagram.com\\\/xstyle_md\\\/\",\"https:\\\/\\\/t.me\\\/xstyle_outdoor\"],\"hasMerchantReturnPolicy\":{\"@type\":\"MerchantReturnPolicy\",\"merchantReturnLink\":\"https:\\\/\\\/xstyle.md\\\/ro\\\/conditions\\\/\"}}]}<\/script>\n<meta property=\"product:price:amount\" content=\"990.00\" \/>\n<meta property=\"product:price:currency\" content=\"MDL\" \/>\n<meta property=\"og:availability\" content=\"instock\" \/>\n<meta property=\"product:availability\" content=\"instock\" \/>\n<meta property=\"product:retailer_item_id\" content=\"6972591190153\" \/>\n<meta property=\"product:condition\" content=\"new\" \/>\n<!-- \/ Yoast SEO plugin. -->","yoast_head_json":{"title":"Cu\u021bit Ganzo Skimen-BK - Magazin Xstyle","description":"Cump\u0103r\u0103turile Ganzo Skimen-BK \u2014 un cu\u021bit pliabil elegant, rezistent \u0219i confortabil, cu lam\u0103 D2. Ideal pentru activit\u0103\u021bi \u00een aer liber \u0219i utilizare zilnic\u0103.","robots":{"index":"index","follow":"follow","max-snippet":"max-snippet:-1","max-image-preview":"max-image-preview:large","max-video-preview":"max-video-preview:-1"},"canonical":"https:\/\/xstyle.md\/ro\/produs\/nozh-ganzo-skimen-bk\/","og_locale":"ro_RO","og_type":"article","og_title":"\u041d\u043e\u0436 Ganzo Skimen-BK - \u041c\u0430\u0433\u0430\u0437\u0438\u043d Xstyle","og_description":"\u041d\u043e\u0436 Ganzo Skimen-BK \u2014 \u0441\u0442\u0438\u043b\u044c\u043d\u044b\u0439, \u043f\u0440\u043e\u0447\u043d\u044b\u0439 \u0438 \u0443\u0434\u043e\u0431\u043d\u044b\u0439 \u0441\u043a\u043b\u0430\u0434\u043d\u043e\u0439 \u043d\u043e\u0436 \u0441 \u043b\u0435\u0437\u0432\u0438\u0435\u043c D2. \u0418\u0434\u0435\u0430\u043b\u0435\u043d \u0434\u043b\u044f \u0430\u043a\u0442\u0438\u0432\u043d\u043e\u0433\u043e \u043e\u0442\u0434\u044b\u0445\u0430 \u0438 \u043f\u043e\u0432\u0441\u0435\u0434\u043d\u0435\u0432\u043d\u043e\u0433\u043e \u0438\u0441\u043f\u043e\u043b\u044c\u0437\u043e\u0432\u0430\u043d\u0438\u044f.","og_url":"https:\/\/xstyle.md\/ro\/produs\/nozh-ganzo-skimen-bk\/","og_site_name":"\u041c\u0430\u0433\u0430\u0437\u0438\u043d Xstyle","article_publisher":"https:\/\/www.facebook.com\/xstylemd","article_modified_time":"2025-10-24T09:35:37+00:00","og_image":[{"width":756,"height":778,"url":"https:\/\/xstyle.md\/wp-content\/uploads\/2022\/12\/ganzo-skimen-bk.jpg","type":"image\/jpeg"}],"twitter_card":"summary_large_image","twitter_misc":{"Pre\u021b":"990&nbsp;MDL","Disponibilitate":"\u00cen stoc"},"schema":{"@context":"https:\/\/schema.org","@graph":[{"@type":"WebPage","@id":"https:\/\/xstyle.md\/product\/nozh-ganzo-skimen-bk\/","url":"https:\/\/xstyle.md\/product\/nozh-ganzo-skimen-bk\/","name":"Cu\u021bit Ganzo Skimen-BK - Magazin Xstyle","isPartOf":{"@id":"https:\/\/xstyle.md\/#website"},"primaryImageOfPage":{"@id":"https:\/\/xstyle.md\/product\/nozh-ganzo-skimen-bk\/#primaryimage"},"image":{"@id":"https:\/\/xstyle.md\/product\/nozh-ganzo-skimen-bk\/#primaryimage"},"thumbnailUrl":"https:\/\/xstyle.md\/wp-content\/uploads\/2022\/12\/ganzo-skimen-bk.jpg","datePublished":"2022-12-27T15:16:17+00:00","dateModified":"2025-10-24T09:35:37+00:00","description":"Cump\u0103r\u0103turile Ganzo Skimen-BK \u2014 un cu\u021bit pliabil elegant, rezistent \u0219i confortabil, cu lam\u0103 D2. Ideal pentru activit\u0103\u021bi \u00een aer liber \u0219i utilizare zilnic\u0103.","breadcrumb":{"@id":"https:\/\/xstyle.md\/product\/nozh-ganzo-skimen-bk\/#breadcrumb"},"inLanguage":"ro-RO","potentialAction":[{"@type":"ReadAction","target":["https:\/\/xstyle.md\/product\/nozh-ganzo-skimen-bk\/"]}]},{"@type":"ImageObject","inLanguage":"ro-RO","@id":"https:\/\/xstyle.md\/product\/nozh-ganzo-skimen-bk\/#primaryimage","url":"https:\/\/xstyle.md\/wp-content\/uploads\/2022\/12\/ganzo-skimen-bk.jpg","contentUrl":"https:\/\/xstyle.md\/wp-content\/uploads\/2022\/12\/ganzo-skimen-bk.jpg","width":756,"height":778,"caption":"\u0418\u0437\u043e\u0431\u0440\u0430\u0436\u0435\u043d\u0438\u0435 \u043d\u043e\u0436\u0430 Ganzo Skimen-BK \u0434\u043b\u044f \u0430\u043a\u0442\u0438\u0432\u043d\u043e\u0433\u043e \u043e\u0442\u0434\u044b\u0445\u0430, \u043f\u043e\u0445\u043e\u0434\u043e\u0432, \u043f\u0443\u0442\u0435\u0448\u0435\u0441\u0442\u0432\u0438\u0439 \u0438 \u0430\u043b\u044c\u043f\u0438\u043d\u0438\u0437\u043c\u0430, \u043f\u043e\u0434\u0445\u043e\u0434\u044f\u0449\u0435\u0435 \u0434\u043b\u044f \u043c\u0430\u0433\u0430\u0437\u0438\u043d\u0430 \u0441 \u043e\u0434\u0435\u0436\u0434\u043e\u0439, \u043e\u0431\u0443\u0432\u044c\u044e \u0438 \u0441\u043d\u0430\u0440\u044f\u0436\u0435\u043d\u0438\u0435\u043c \u0434\u043b\u044f \u0430\u043a\u0442\u0438\u0432\u043d\u043e\u0433\u043e \u043e\u0431\u0440\u0430\u0437\u0430 \u0436\u0438\u0437\u043d\u0438"},{"@type":"BreadcrumbList","@id":"https:\/\/xstyle.md\/product\/nozh-ganzo-skimen-bk\/#breadcrumb","itemListElement":[{"@type":"ListItem","position":1,"name":"\u0413\u043b\u0430\u0432\u043d\u0430\u044f \u0441\u0442\u0440\u0430\u043d\u0438\u0446\u0430","item":"https:\/\/xstyle.md\/"},{"@type":"ListItem","position":2,"name":"\u041c\u0430\u0433\u0430\u0437\u0438\u043d","item":"https:\/\/xstyle.md\/shop\/"},{"@type":"ListItem","position":3,"name":"\u041d\u043e\u0436 Ganzo Skimen-BK"}]},{"@type":"WebSite","@id":"https:\/\/xstyle.md\/#website","url":"https:\/\/xstyle.md\/","name":"Magazinul X-Style","description":"Echipamente pentru turism \u0219i sporturi extreme \u00een Moldova. Pre\u021buri, fotografii, caracteristici \u00een Moldova.","publisher":{"@id":"https:\/\/xstyle.md\/#organization"},"alternateName":"X-Style","potentialAction":[{"@type":"SearchAction","target":{"@type":"EntryPoint","urlTemplate":"https:\/\/xstyle.md\/?s={search_term_string}"},"query-input":{"@type":"PropertyValueSpecification","valueRequired":true,"valueName":"search_term_string"}}],"inLanguage":"ro-RO"},{"@type":"Organization","@id":"https:\/\/xstyle.md\/#organization","name":"Magazinul X-Style","alternateName":"x-style","url":"https:\/\/xstyle.md\/","logo":{"@type":"ImageObject","inLanguage":"ro-RO","@id":"https:\/\/xstyle.md\/#\/schema\/logo\/image\/","url":"https:\/\/xstyle.md\/wp-content\/uploads\/2020\/06\/logoicon.svg","contentUrl":"https:\/\/xstyle.md\/wp-content\/uploads\/2020\/06\/logoicon.svg","caption":"\u041c\u0430\u0433\u0430\u0437\u0438\u043d Xstyle"},"image":{"@id":"https:\/\/xstyle.md\/#\/schema\/logo\/image\/"},"sameAs":["https:\/\/www.facebook.com\/xstylemd","https:\/\/www.instagram.com\/xstyle_md\/","https:\/\/t.me\/xstyle_outdoor"],"hasMerchantReturnPolicy":{"@type":"MerchantReturnPolicy","merchantReturnLink":"https:\/\/xstyle.md\/ro\/conditions\/"}}]},"product_price_amount":"990.00","product_price_currency":"MDL","og_availability":"instock","product_availability":"instock","product_retailer_item_id":"6972591190153","product_condition":"new"},"_links":{"self":[{"href":"https:\/\/xstyle.md\/ro\/wp-json\/wp\/v2\/product\/61963","targetHints":{"allow":["GET"]}}],"collection":[{"href":"https:\/\/xstyle.md\/ro\/wp-json\/wp\/v2\/product"}],"about":[{"href":"https:\/\/xstyle.md\/ro\/wp-json\/wp\/v2\/types\/product"}],"replies":[{"embeddable":true,"href":"https:\/\/xstyle.md\/ro\/wp-json\/wp\/v2\/comments?post=61963"}],"wp:featuredmedia":[{"embeddable":true,"href":"https:\/\/xstyle.md\/ro\/wp-json\/wp\/v2\/media\/62881"}],"wp:attachment":[{"href":"https:\/\/xstyle.md\/ro\/wp-json\/wp\/v2\/media?parent=61963"}],"wp:term":[{"taxonomy":"product_brand","embeddable":true,"href":"https:\/\/xstyle.md\/ro\/wp-json\/wp\/v2\/product_brand?post=61963"},{"taxonomy":"product_cat","embeddable":true,"href":"https:\/\/xstyle.md\/ro\/wp-json\/wp\/v2\/product_cat?post=61963"},{"taxonomy":"product_tag","embeddable":true,"href":"https:\/\/xstyle.md\/ro\/wp-json\/wp\/v2\/product_tag?post=61963"}],"curies":[{"name":"wp","href":"https:\/\/api.w.org\/{rel}","templated":true}]}}