{"id":61958,"date":"2022-12-27T18:16:16","date_gmt":"2022-12-27T15:16:16","guid":{"rendered":"https:\/\/xstyle.md\/?post_type=product&#038;p=61958"},"modified":"2025-10-24T12:35:33","modified_gmt":"2025-10-24T09:35:33","slug":"nozh-ganzo-g8012v2-bk","status":"publish","type":"product","link":"https:\/\/xstyle.md\/ro\/produs\/nozh-ganzo-g8012v2-bk\/","title":{"rendered":"Cu\u021bit Ganzo G8012V2-BK"},"content":{"rendered":"<\/p>\n<p><strong>Ganzo G8012V2-BK<\/strong> &#8212; o lam\u0103 de supravie\u021buire antiderapant\u0103 care poate rezista la solicit\u0103ri sporite. Este conceput\u0103 pentru utilizarea pe teren, deoarece ofer\u0103 o rezisten\u021b\u0103 sporit\u0103 a lamei \u0219i o construc\u021bie robust\u0103 \u0219i se remarc\u0103 prin designul s\u0103u original cu lama neagr\u0103 mat\u0103.<\/p>\n<p>G8012V2 a fost proiectat cu g\u00e2ndul la cu\u021bitele de exterior. Lama este fabricat\u0103 din o\u021bel cu con\u021binut ridicat de carbon 8CR13, care este rezistent la depunerile de coroziune atunci c\u00e2nd este expus la umiditate pentru o perioad\u0103 lung\u0103 de timp \u0219i ofer\u0103 o t\u0103iere de calitate. Duritatea o\u021belului ajunge la 58 HRC &#8212; valoarea optim\u0103, la care lama este u\u0219or de ascu\u021bit \u0219i \u00ee\u0219i p\u0103streaz\u0103 t\u0103i\u0219ul ascu\u021bit pentru o perioad\u0103 lung\u0103 de timp. Lungimea lamei este de 11,3 centimetri, iar grosimea acesteia este de 5 milimetri, ceea ce garanteaz\u0103 o durabilitate crescut\u0103 a cu\u021bitului \u0219i elimin\u0103 posibilitatea de ciobire. Suprafa\u021ba lamei are o acoperire neagr\u0103 mat\u0103, care este durabil\u0103 \u0219i reprezint\u0103 o caracteristic\u0103 distinctiv\u0103 a modelului.<\/p>\n<p>M\u00e2nerul cu\u021bitului G8012V2 este fabricat din plastic ABS, care este superior altor materiale plastice din mai multe puncte de vedere: se caracterizeaz\u0103 prin rezisten\u021b\u0103 ridicat\u0103 la impact, rezisten\u021b\u0103 la deformare \u0219i imunitate la gr\u0103simi, baze, hidrocarburi \u0219i al\u021bi compu\u0219i chimici. M\u00e2nerul asigur\u0103 o prindere sigur\u0103 datorit\u0103 suprafe\u021bei sale texturate \u0219i are mai multe suporturi pentru degete pentru a \u00eempiedica cu\u021bitul s\u0103 v\u0103 alunece din m\u00e2ini \u00een timpul utiliz\u0103rii intensive.<\/p>\n<p>Func\u021bionalitatea modelului este completat\u0103 de o perl\u0103 de sticl\u0103 compact\u0103, care este plasat\u0103 \u00een partea din spate a m\u00e2nerului, precum \u0219i de un paracord scurt ca m\u00e2ner. Paracordul se caracterizeaz\u0103 printr-o durabilitate ridicat\u0103 \u0219i extinde posibilit\u0103\u021bile de transport al produsului prin ata\u0219area acestuia la o curea sau la un rucsac.<\/p>\n<p>Cu\u021bitul Ganzo G8012V2 este livrat cu o teac\u0103 de marc\u0103, care este confec\u021bionat\u0103 din plastic \u0219i nailon rezistent la impact. Unealta este fixat\u0103 \u00een interior datorit\u0103 velcro-ului durabil. Teaca are o serie de dot\u0103ri interesante care pot fi utile atunci c\u00e2nd sunte\u021bi departe de civiliza\u021bie: un arunc\u0103tor de fl\u0103c\u0103ri compact care poate fi folosit pentru a arunca sc\u00e2ntei pentru a aprinde un foc, o plac\u0103 \u00eencorporat\u0103 acoperit\u0103 cu diamant pentru ascu\u021birea rapid\u0103 a lamei \u0219i un t\u0103ietor de stropuri ascu\u021bite.<\/p>\n<h3>Caracteristici<\/h3>\n<ul>\n<li>Tip de cu\u021bit: nepliabil<\/li>\n<li>Teac\u0103 inclus\u0103<\/li>\n<li>Tip de t\u0103i\u0219: regulat<\/li>\n<li>Lungime total\u0103: 24,3 cm<\/li>\n<li>Lungimea lamei: 11,3 cm<\/li>\n<li>Material m\u00e2ner: ABS<\/li>\n<li>Duritatea o\u021belului: 58 HRC<\/li>\n<li>Grad de o\u021bel: 8CR13<\/li>\n<li>Greutate: 349 g<\/li>\n<\/ul>\n<h3>Marca<\/h3>\n<p>Ganzo este specializat\u0103 \u00een produc\u021bia de cu\u021bite pentru drume\u021bii, v\u00e2n\u0103toare \u0219i pescuit, precum \u0219i de multifunc\u021bionale \u0219i ascu\u021bitoare. Unelte fiabile pentru echipamentul de camping, care v\u0103 vor ajuta s\u0103 v\u0103 face\u021bi vacan\u021ba mai confortabil\u0103. Dar principalul avantaj al produselor Ganzo fa\u021b\u0103 de bunurile altor produc\u0103tori, este un nivel ridicat de produse de calitate, care pot fi achizi\u021bionate pentru bani pu\u021bini. Iar utilizarea de echipamente de \u00eenalt\u0103 clas\u0103 \u0219i un sistem de control atent al calit\u0103\u021bii v\u0103 permite s\u0103 ob\u021bine\u021bi rezultate excelente. Acest lucru este confirmat de cre\u0219terea stabil\u0103 a popularit\u0103\u021bii ascu\u021bitoarelor, cu\u021bitelor \u0219i multitoolurilor Ganzo.<\/p>\n<p><\/p>","protected":false},"excerpt":{"rendered":"","protected":false},"featured_media":62850,"comment_status":"open","ping_status":"closed","template":"","meta":{"_acf_changed":false,"inline_featured_image":false},"product_brand":[1367],"product_cat":[169],"product_tag":[],"class_list":{"0":"post-61958","1":"product","2":"type-product","3":"status-publish","4":"has-post-thumbnail","6":"product_brand-ganzo","7":"product_cat-knives","9":"first","10":"instock","11":"shipping-taxable","12":"purchasable","13":"product-type-simple"},"acf":[],"yoast_head":"<!-- This site is optimized with the Yoast SEO plugin v27.4 - https:\/\/yoast.com\/product\/yoast-seo-wordpress\/ -->\n<title>\u041d\u043e\u0436 Ganzo G8012V2-BK - \u041c\u0430\u0433\u0430\u0437\u0438\u043d Xstyle<\/title>\n<meta name=\"description\" content=\"\u041a\u0443\u043f\u0438\u0442\u0435 \u043d\u043e\u0436 Ganzo G8012V2-BK \u0441 \u043f\u0440\u043e\u0447\u043d\u043e\u0439 \u043b\u0435\u0437\u0432\u0438\u0435\u043c 8CR13 \u0438 \u0430\u043d\u0442\u0438\u0441\u043a\u043e\u043b\u044c\u0437\u044f\u0449\u0435\u0439 \u0440\u0443\u043a\u043e\u044f\u0442\u043a\u043e\u0439. \u0418\u0434\u0435\u0430\u043b\u0435\u043d \u0434\u043b\u044f \u0432\u044b\u0436\u0438\u0432\u0430\u043d\u0438\u044f \u0438Outdoor-\u0438\u0441\u043f\u043e\u043b\u044c\u0437\u043e\u0432\u0430\u043d\u0438\u044f.\" \/>\n<meta name=\"robots\" content=\"index, follow, max-snippet:-1, max-image-preview:large, max-video-preview:-1\" \/>\n<link rel=\"canonical\" href=\"https:\/\/xstyle.md\/ro\/produs\/nozh-ganzo-g8012v2-bk\/\" \/>\n<meta property=\"og:locale\" content=\"ro_RO\" \/>\n<meta property=\"og:type\" content=\"article\" \/>\n<meta property=\"og:title\" content=\"\u041d\u043e\u0436 Ganzo G8012V2-BK - \u041c\u0430\u0433\u0430\u0437\u0438\u043d Xstyle\" \/>\n<meta property=\"og:description\" content=\"\u041a\u0443\u043f\u0438\u0442\u0435 \u043d\u043e\u0436 Ganzo G8012V2-BK \u0441 \u043f\u0440\u043e\u0447\u043d\u043e\u0439 \u043b\u0435\u0437\u0432\u0438\u0435\u043c 8CR13 \u0438 \u0430\u043d\u0442\u0438\u0441\u043a\u043e\u043b\u044c\u0437\u044f\u0449\u0435\u0439 \u0440\u0443\u043a\u043e\u044f\u0442\u043a\u043e\u0439. \u0418\u0434\u0435\u0430\u043b\u0435\u043d \u0434\u043b\u044f \u0432\u044b\u0436\u0438\u0432\u0430\u043d\u0438\u044f \u0438Outdoor-\u0438\u0441\u043f\u043e\u043b\u044c\u0437\u043e\u0432\u0430\u043d\u0438\u044f.\" \/>\n<meta property=\"og:url\" content=\"https:\/\/xstyle.md\/ro\/produs\/nozh-ganzo-g8012v2-bk\/\" \/>\n<meta property=\"og:site_name\" content=\"\u041c\u0430\u0433\u0430\u0437\u0438\u043d Xstyle\" \/>\n<meta property=\"article:publisher\" content=\"https:\/\/www.facebook.com\/xstylemd\" \/>\n<meta property=\"article:modified_time\" content=\"2025-10-24T09:35:33+00:00\" \/>\n<meta property=\"og:image\" content=\"https:\/\/xstyle.md\/wp-content\/uploads\/2022\/12\/ganzo-g8012v2-bk.jpg\" \/>\n\t<meta property=\"og:image:width\" content=\"858\" \/>\n\t<meta property=\"og:image:height\" content=\"825\" \/>\n\t<meta property=\"og:image:type\" content=\"image\/jpeg\" \/>\n<meta name=\"twitter:card\" content=\"summary_large_image\" \/>\n<meta name=\"twitter:label1\" content=\"Pre\u021b\" \/>\n\t<meta name=\"twitter:data1\" content=\"790&nbsp;MDL\" \/>\n\t<meta name=\"twitter:label2\" content=\"Disponibilitate\" \/>\n\t<meta name=\"twitter:data2\" content=\"\u00cen stoc\" \/>\n<script type=\"application\/ld+json\" class=\"yoast-schema-graph\">{\"@context\":\"https:\\\/\\\/schema.org\",\"@graph\":[{\"@type\":\"WebPage\",\"@id\":\"https:\\\/\\\/xstyle.md\\\/product\\\/nozh-ganzo-g8012v2-bk\\\/\",\"url\":\"https:\\\/\\\/xstyle.md\\\/product\\\/nozh-ganzo-g8012v2-bk\\\/\",\"name\":\"\u041d\u043e\u0436 Ganzo G8012V2-BK - \u041c\u0430\u0433\u0430\u0437\u0438\u043d Xstyle\",\"isPartOf\":{\"@id\":\"https:\\\/\\\/xstyle.md\\\/#website\"},\"primaryImageOfPage\":{\"@id\":\"https:\\\/\\\/xstyle.md\\\/product\\\/nozh-ganzo-g8012v2-bk\\\/#primaryimage\"},\"image\":{\"@id\":\"https:\\\/\\\/xstyle.md\\\/product\\\/nozh-ganzo-g8012v2-bk\\\/#primaryimage\"},\"thumbnailUrl\":\"https:\\\/\\\/xstyle.md\\\/wp-content\\\/uploads\\\/2022\\\/12\\\/ganzo-g8012v2-bk.jpg\",\"datePublished\":\"2022-12-27T15:16:16+00:00\",\"dateModified\":\"2025-10-24T09:35:33+00:00\",\"description\":\"\u041a\u0443\u043f\u0438\u0442\u0435 \u043d\u043e\u0436 Ganzo G8012V2-BK \u0441 \u043f\u0440\u043e\u0447\u043d\u043e\u0439 \u043b\u0435\u0437\u0432\u0438\u0435\u043c 8CR13 \u0438 \u0430\u043d\u0442\u0438\u0441\u043a\u043e\u043b\u044c\u0437\u044f\u0449\u0435\u0439 \u0440\u0443\u043a\u043e\u044f\u0442\u043a\u043e\u0439. \u0418\u0434\u0435\u0430\u043b\u0435\u043d \u0434\u043b\u044f \u0432\u044b\u0436\u0438\u0432\u0430\u043d\u0438\u044f \u0438Outdoor-\u0438\u0441\u043f\u043e\u043b\u044c\u0437\u043e\u0432\u0430\u043d\u0438\u044f.\",\"breadcrumb\":{\"@id\":\"https:\\\/\\\/xstyle.md\\\/product\\\/nozh-ganzo-g8012v2-bk\\\/#breadcrumb\"},\"inLanguage\":\"ro-RO\",\"potentialAction\":[{\"@type\":\"ReadAction\",\"target\":[\"https:\\\/\\\/xstyle.md\\\/product\\\/nozh-ganzo-g8012v2-bk\\\/\"]}]},{\"@type\":\"ImageObject\",\"inLanguage\":\"ro-RO\",\"@id\":\"https:\\\/\\\/xstyle.md\\\/product\\\/nozh-ganzo-g8012v2-bk\\\/#primaryimage\",\"url\":\"https:\\\/\\\/xstyle.md\\\/wp-content\\\/uploads\\\/2022\\\/12\\\/ganzo-g8012v2-bk.jpg\",\"contentUrl\":\"https:\\\/\\\/xstyle.md\\\/wp-content\\\/uploads\\\/2022\\\/12\\\/ganzo-g8012v2-bk.jpg\",\"width\":858,\"height\":825,\"caption\":\"\u0422\u0430\u0439\u043b\u0430\u043d\u0434\u0441\u043a\u0430\u044f \u0442\u0430\u043a\u0442\u0438\u0447\u0435\u0441\u043a\u0430\u044f \u0441\u043a\u043b\u0430\u0434\u043d\u0430\u044f \u043d\u043e\u0436 Ganzo G8012V2-BK \u0434\u043b\u044f \u0430\u043a\u0442\u0438\u0432\u043d\u043e\u0433\u043e \u043e\u0442\u0434\u044b\u0445\u0430, \u043f\u0443\u0442\u0435\u0448\u0435\u0441\u0442\u0432\u0438\u0439 \u0438 \u0430\u043b\u044c\u043f\u0438\u043d\u0438\u0437\u043c\u0430, \u0430\u043a\u0441\u0435\u0441\u0441\u0443\u0430\u0440\u044b \u0434\u043b\u044f \u043f\u043e\u0445\u043e\u0434\u043e\u0432 \u0438 \u0433\u043e\u0440\u043d\u044b\u0445 \u043f\u0440\u043e\u0433\u0443\u043b\u043e\u043a\"},{\"@type\":\"BreadcrumbList\",\"@id\":\"https:\\\/\\\/xstyle.md\\\/product\\\/nozh-ganzo-g8012v2-bk\\\/#breadcrumb\",\"itemListElement\":[{\"@type\":\"ListItem\",\"position\":1,\"name\":\"\u0413\u043b\u0430\u0432\u043d\u0430\u044f \u0441\u0442\u0440\u0430\u043d\u0438\u0446\u0430\",\"item\":\"https:\\\/\\\/xstyle.md\\\/\"},{\"@type\":\"ListItem\",\"position\":2,\"name\":\"\u041c\u0430\u0433\u0430\u0437\u0438\u043d\",\"item\":\"https:\\\/\\\/xstyle.md\\\/shop\\\/\"},{\"@type\":\"ListItem\",\"position\":3,\"name\":\"\u041d\u043e\u0436 Ganzo G8012V2-BK\"}]},{\"@type\":\"WebSite\",\"@id\":\"https:\\\/\\\/xstyle.md\\\/#website\",\"url\":\"https:\\\/\\\/xstyle.md\\\/\",\"name\":\"\u041c\u0430\u0433\u0430\u0437\u0438\u043d Xstyle\",\"description\":\"C\u043d\u0430\u0440\u044f\u0436\u0435\u043d\u0438\u0435 \u0434\u043b\u044f \u0442\u0443\u0440\u0438\u0437\u043c\u0430 \u0438 \u044d\u043a\u0441\u0442\u0440\u0435\u043c\u0430\u043b\u044c\u043d\u044b\u0445 \u0432\u0438\u0434\u043e\u0432 \u0441\u043f\u043e\u0440\u0442\u0430 \u0432 \u041c\u043e\u043b\u0434\u043e\u0432\u0435.. \u0426\u0435\u043d\u044b, \u0444\u043e\u0442\u043e, \u0445\u0430\u0440\u0430\u043a\u0442\u0435\u0440\u0438\u0441\u0442\u0438\u043a\u0438 \u0432 \u041c\u043e\u043b\u0434\u043e\u0432\u0435.\",\"publisher\":{\"@id\":\"https:\\\/\\\/xstyle.md\\\/#organization\"},\"alternateName\":\"X-Style\",\"potentialAction\":[{\"@type\":\"SearchAction\",\"target\":{\"@type\":\"EntryPoint\",\"urlTemplate\":\"https:\\\/\\\/xstyle.md\\\/?s={search_term_string}\"},\"query-input\":{\"@type\":\"PropertyValueSpecification\",\"valueRequired\":true,\"valueName\":\"search_term_string\"}}],\"inLanguage\":\"ro-RO\"},{\"@type\":\"Organization\",\"@id\":\"https:\\\/\\\/xstyle.md\\\/#organization\",\"name\":\"\u041c\u0430\u0433\u0430\u0437\u0438\u043d Xstyle\",\"alternateName\":\"x-style\",\"url\":\"https:\\\/\\\/xstyle.md\\\/\",\"logo\":{\"@type\":\"ImageObject\",\"inLanguage\":\"ro-RO\",\"@id\":\"https:\\\/\\\/xstyle.md\\\/#\\\/schema\\\/logo\\\/image\\\/\",\"url\":\"https:\\\/\\\/xstyle.md\\\/wp-content\\\/uploads\\\/2020\\\/06\\\/logoicon.svg\",\"contentUrl\":\"https:\\\/\\\/xstyle.md\\\/wp-content\\\/uploads\\\/2020\\\/06\\\/logoicon.svg\",\"caption\":\"\u041c\u0430\u0433\u0430\u0437\u0438\u043d Xstyle\"},\"image\":{\"@id\":\"https:\\\/\\\/xstyle.md\\\/#\\\/schema\\\/logo\\\/image\\\/\"},\"sameAs\":[\"https:\\\/\\\/www.facebook.com\\\/xstylemd\",\"https:\\\/\\\/www.instagram.com\\\/xstyle_md\\\/\",\"https:\\\/\\\/t.me\\\/xstyle_outdoor\"],\"hasMerchantReturnPolicy\":{\"@type\":\"MerchantReturnPolicy\",\"merchantReturnLink\":\"https:\\\/\\\/xstyle.md\\\/ro\\\/conditions\\\/\"}}]}<\/script>\n<meta property=\"product:price:amount\" content=\"790.00\" \/>\n<meta property=\"product:price:currency\" content=\"MDL\" \/>\n<meta property=\"og:availability\" content=\"instock\" \/>\n<meta property=\"product:availability\" content=\"instock\" \/>\n<meta property=\"product:retailer_item_id\" content=\"6972591190337\" \/>\n<meta property=\"product:condition\" content=\"new\" \/>\n<!-- \/ Yoast SEO plugin. -->","yoast_head_json":{"title":"Cu\u021bit Ganzo G8012V2-BK - Magazin Xstyle","description":"Cump\u0103r\u0103 un cu\u021bit Ganzo G8012V2-BK cu o lam\u0103 rezistent\u0103 din 8CR13 \u0219i un m\u00e2ner anti-derapant. Ideal pentru supravie\u021buire \u0219i utilizare \u00een aer liber.","robots":{"index":"index","follow":"follow","max-snippet":"max-snippet:-1","max-image-preview":"max-image-preview:large","max-video-preview":"max-video-preview:-1"},"canonical":"https:\/\/xstyle.md\/ro\/produs\/nozh-ganzo-g8012v2-bk\/","og_locale":"ro_RO","og_type":"article","og_title":"\u041d\u043e\u0436 Ganzo G8012V2-BK - \u041c\u0430\u0433\u0430\u0437\u0438\u043d Xstyle","og_description":"\u041a\u0443\u043f\u0438\u0442\u0435 \u043d\u043e\u0436 Ganzo G8012V2-BK \u0441 \u043f\u0440\u043e\u0447\u043d\u043e\u0439 \u043b\u0435\u0437\u0432\u0438\u0435\u043c 8CR13 \u0438 \u0430\u043d\u0442\u0438\u0441\u043a\u043e\u043b\u044c\u0437\u044f\u0449\u0435\u0439 \u0440\u0443\u043a\u043e\u044f\u0442\u043a\u043e\u0439. \u0418\u0434\u0435\u0430\u043b\u0435\u043d \u0434\u043b\u044f \u0432\u044b\u0436\u0438\u0432\u0430\u043d\u0438\u044f \u0438Outdoor-\u0438\u0441\u043f\u043e\u043b\u044c\u0437\u043e\u0432\u0430\u043d\u0438\u044f.","og_url":"https:\/\/xstyle.md\/ro\/produs\/nozh-ganzo-g8012v2-bk\/","og_site_name":"\u041c\u0430\u0433\u0430\u0437\u0438\u043d Xstyle","article_publisher":"https:\/\/www.facebook.com\/xstylemd","article_modified_time":"2025-10-24T09:35:33+00:00","og_image":[{"width":858,"height":825,"url":"https:\/\/xstyle.md\/wp-content\/uploads\/2022\/12\/ganzo-g8012v2-bk.jpg","type":"image\/jpeg"}],"twitter_card":"summary_large_image","twitter_misc":{"Pre\u021b":"790&nbsp;MDL","Disponibilitate":"\u00cen stoc"},"schema":{"@context":"https:\/\/schema.org","@graph":[{"@type":"WebPage","@id":"https:\/\/xstyle.md\/product\/nozh-ganzo-g8012v2-bk\/","url":"https:\/\/xstyle.md\/product\/nozh-ganzo-g8012v2-bk\/","name":"Cu\u021bit Ganzo G8012V2-BK - Magazin Xstyle","isPartOf":{"@id":"https:\/\/xstyle.md\/#website"},"primaryImageOfPage":{"@id":"https:\/\/xstyle.md\/product\/nozh-ganzo-g8012v2-bk\/#primaryimage"},"image":{"@id":"https:\/\/xstyle.md\/product\/nozh-ganzo-g8012v2-bk\/#primaryimage"},"thumbnailUrl":"https:\/\/xstyle.md\/wp-content\/uploads\/2022\/12\/ganzo-g8012v2-bk.jpg","datePublished":"2022-12-27T15:16:16+00:00","dateModified":"2025-10-24T09:35:33+00:00","description":"Cump\u0103r\u0103 un cu\u021bit Ganzo G8012V2-BK cu o lam\u0103 rezistent\u0103 din 8CR13 \u0219i un m\u00e2ner anti-derapant. Ideal pentru supravie\u021buire \u0219i utilizare \u00een aer liber.","breadcrumb":{"@id":"https:\/\/xstyle.md\/product\/nozh-ganzo-g8012v2-bk\/#breadcrumb"},"inLanguage":"ro-RO","potentialAction":[{"@type":"ReadAction","target":["https:\/\/xstyle.md\/product\/nozh-ganzo-g8012v2-bk\/"]}]},{"@type":"ImageObject","inLanguage":"ro-RO","@id":"https:\/\/xstyle.md\/product\/nozh-ganzo-g8012v2-bk\/#primaryimage","url":"https:\/\/xstyle.md\/wp-content\/uploads\/2022\/12\/ganzo-g8012v2-bk.jpg","contentUrl":"https:\/\/xstyle.md\/wp-content\/uploads\/2022\/12\/ganzo-g8012v2-bk.jpg","width":858,"height":825,"caption":"\u0422\u0430\u0439\u043b\u0430\u043d\u0434\u0441\u043a\u0430\u044f \u0442\u0430\u043a\u0442\u0438\u0447\u0435\u0441\u043a\u0430\u044f \u0441\u043a\u043b\u0430\u0434\u043d\u0430\u044f \u043d\u043e\u0436 Ganzo G8012V2-BK \u0434\u043b\u044f \u0430\u043a\u0442\u0438\u0432\u043d\u043e\u0433\u043e \u043e\u0442\u0434\u044b\u0445\u0430, \u043f\u0443\u0442\u0435\u0448\u0435\u0441\u0442\u0432\u0438\u0439 \u0438 \u0430\u043b\u044c\u043f\u0438\u043d\u0438\u0437\u043c\u0430, \u0430\u043a\u0441\u0435\u0441\u0441\u0443\u0430\u0440\u044b \u0434\u043b\u044f \u043f\u043e\u0445\u043e\u0434\u043e\u0432 \u0438 \u0433\u043e\u0440\u043d\u044b\u0445 \u043f\u0440\u043e\u0433\u0443\u043b\u043e\u043a"},{"@type":"BreadcrumbList","@id":"https:\/\/xstyle.md\/product\/nozh-ganzo-g8012v2-bk\/#breadcrumb","itemListElement":[{"@type":"ListItem","position":1,"name":"\u0413\u043b\u0430\u0432\u043d\u0430\u044f \u0441\u0442\u0440\u0430\u043d\u0438\u0446\u0430","item":"https:\/\/xstyle.md\/"},{"@type":"ListItem","position":2,"name":"\u041c\u0430\u0433\u0430\u0437\u0438\u043d","item":"https:\/\/xstyle.md\/shop\/"},{"@type":"ListItem","position":3,"name":"\u041d\u043e\u0436 Ganzo G8012V2-BK"}]},{"@type":"WebSite","@id":"https:\/\/xstyle.md\/#website","url":"https:\/\/xstyle.md\/","name":"Magazinul X-Style","description":"Echipamente pentru turism \u0219i sporturi extreme \u00een Moldova. Pre\u021buri, fotografii, caracteristici \u00een Moldova.","publisher":{"@id":"https:\/\/xstyle.md\/#organization"},"alternateName":"X-Style","potentialAction":[{"@type":"SearchAction","target":{"@type":"EntryPoint","urlTemplate":"https:\/\/xstyle.md\/?s={search_term_string}"},"query-input":{"@type":"PropertyValueSpecification","valueRequired":true,"valueName":"search_term_string"}}],"inLanguage":"ro-RO"},{"@type":"Organization","@id":"https:\/\/xstyle.md\/#organization","name":"Magazinul X-Style","alternateName":"x-style","url":"https:\/\/xstyle.md\/","logo":{"@type":"ImageObject","inLanguage":"ro-RO","@id":"https:\/\/xstyle.md\/#\/schema\/logo\/image\/","url":"https:\/\/xstyle.md\/wp-content\/uploads\/2020\/06\/logoicon.svg","contentUrl":"https:\/\/xstyle.md\/wp-content\/uploads\/2020\/06\/logoicon.svg","caption":"\u041c\u0430\u0433\u0430\u0437\u0438\u043d Xstyle"},"image":{"@id":"https:\/\/xstyle.md\/#\/schema\/logo\/image\/"},"sameAs":["https:\/\/www.facebook.com\/xstylemd","https:\/\/www.instagram.com\/xstyle_md\/","https:\/\/t.me\/xstyle_outdoor"],"hasMerchantReturnPolicy":{"@type":"MerchantReturnPolicy","merchantReturnLink":"https:\/\/xstyle.md\/ro\/conditions\/"}}]},"product_price_amount":"790.00","product_price_currency":"MDL","og_availability":"instock","product_availability":"instock","product_retailer_item_id":"6972591190337","product_condition":"new"},"_links":{"self":[{"href":"https:\/\/xstyle.md\/ro\/wp-json\/wp\/v2\/product\/61958","targetHints":{"allow":["GET"]}}],"collection":[{"href":"https:\/\/xstyle.md\/ro\/wp-json\/wp\/v2\/product"}],"about":[{"href":"https:\/\/xstyle.md\/ro\/wp-json\/wp\/v2\/types\/product"}],"replies":[{"embeddable":true,"href":"https:\/\/xstyle.md\/ro\/wp-json\/wp\/v2\/comments?post=61958"}],"wp:featuredmedia":[{"embeddable":true,"href":"https:\/\/xstyle.md\/ro\/wp-json\/wp\/v2\/media\/62850"}],"wp:attachment":[{"href":"https:\/\/xstyle.md\/ro\/wp-json\/wp\/v2\/media?parent=61958"}],"wp:term":[{"taxonomy":"product_brand","embeddable":true,"href":"https:\/\/xstyle.md\/ro\/wp-json\/wp\/v2\/product_brand?post=61958"},{"taxonomy":"product_cat","embeddable":true,"href":"https:\/\/xstyle.md\/ro\/wp-json\/wp\/v2\/product_cat?post=61958"},{"taxonomy":"product_tag","embeddable":true,"href":"https:\/\/xstyle.md\/ro\/wp-json\/wp\/v2\/product_tag?post=61958"}],"curies":[{"name":"wp","href":"https:\/\/api.w.org\/{rel}","templated":true}]}}