{"id":6120,"date":"2020-07-16T21:18:26","date_gmt":"2020-07-16T18:18:26","guid":{"rendered":"https:\/\/xstyle.md\/product\/nakidka-ot-dozhdja-sts-ultra-sil15d-tarp-poncho"},"modified":"2025-07-03T18:20:51","modified_gmt":"2025-07-03T15:20:51","slug":"nakidka-ot-dozhdja-sts-ultra-sil15d-tarp-poncho","status":"publish","type":"product","link":"https:\/\/xstyle.md\/ro\/produs\/nakidka-ot-dozhdja-sts-ultra-sil15d-tarp-poncho\/","title":{"rendered":"Pelerin\u0103 de ploaie STS Ultra-Sil15D Tarp Poncho"},"content":{"rendered":"<\/p>\n<p><strong>Pelerin\u0103 de ploaie STS Ultra-Sil15D Tarp Poncho&nbsp;<\/strong>&#8212; datorit\u0103 designului universal, poncho-ul este u\u0219or de transformat &icirc;ntr-un cort-refugiu. Este fabricat din material 15D Ultra-Sil&reg;Nano, care a permis reducerea greut\u0103\u021bii \u0219i a volumului cu 30%.<\/p>\n<p><strong>Caracteristici:<\/strong><\/p>\n<ul>\n<li>Stof\u0103 u\u0219oar\u0103 impermeabil\u0103<\/li>\n<li>Poate ad\u0103posti un rucsac mare<\/li>\n<li>U\u0219or de transformat dintr-un poncho impermeabil &icirc;ntr-un refugiu pentru dou\u0103 persoane<\/li>\n<li>Cus\u0103turi lipite<\/li>\n<li>Material: 15D Ultra Sil.<\/li>\n<li>Dimensiuni: 265&#215;145 cm.<\/li>\n<li>Greutate: 230 g.<\/li>\n<\/ul>\n<p><iframe loading=\"lazy\" title=\"Sea to Summit - Ultra-Sil Nano Poncho\" width=\"640\" height=\"360\" src=\"https:\/\/www.youtube.com\/embed\/vH1QIZohZvc?feature=oembed\" frameborder=\"0\" allow=\"accelerometer; autoplay; clipboard-write; encrypted-media; gyroscope; picture-in-picture; web-share\" referrerpolicy=\"strict-origin-when-cross-origin\" allowfullscreen><\/iframe><\/p>\n<p><\/p>","protected":false},"excerpt":{"rendered":"<p>Pelerin\u0103 de ploaie STS Ultra-Sil15D Tarp Poncho<\/p>","protected":false},"featured_media":6118,"comment_status":"open","ping_status":"closed","template":"","meta":{"_acf_changed":false,"inline_featured_image":false},"product_brand":[1281],"product_cat":[339],"product_tag":[],"class_list":{"0":"post-6120","1":"product","2":"type-product","3":"status-publish","4":"has-post-thumbnail","6":"product_brand-sea-to-summit","7":"product_cat-rain-coats","9":"first","10":"instock","11":"shipping-taxable","12":"purchasable","13":"product-type-simple"},"acf":[],"yoast_head":"<!-- This site is optimized with the Yoast SEO plugin v27.4 - https:\/\/yoast.com\/product\/yoast-seo-wordpress\/ -->\n<title>\u041d\u0430\u043a\u0438\u0434\u043a\u0430 \u043e\u0442 \u0434\u043e\u0436\u0434\u044f STS Ultra-Sil15D Tarp Poncho - \u041c\u0430\u0433\u0430\u0437\u0438\u043d Xstyle<\/title>\n<meta name=\"description\" content=\"\u041d\u0430\u043a\u0438\u0434\u043a\u0430 \u043e\u0442 \u0434\u043e\u0436\u0434\u044f STS Ultra-Sil15D Tarp Poncho \u2013 \u043b\u0435\u0433\u043a\u0430\u044f \u0438 \u0443\u043d\u0438\u0432\u0435\u0440\u0441\u0430\u043b\u044c\u043d\u0430\u044f \u0437\u0430\u0449\u0438\u0442\u0430 \u043e\u0442 \u0434\u043e\u0436\u0434\u044f, \u0442\u0440\u0430\u043d\u0441\u0444\u043e\u0440\u043c\u0438\u0440\u0443\u0435\u0442\u0441\u044f \u0432 \u0443\u043a\u0440\u044b\u0442\u0438\u0435, \u0438\u0437\u0433\u043e\u0442\u043e\u0432\u043b\u0435\u043d\u0430 \u0438\u0437 15D UltraSilNano.\" \/>\n<meta name=\"robots\" content=\"index, follow, max-snippet:-1, max-image-preview:large, max-video-preview:-1\" \/>\n<link rel=\"canonical\" href=\"https:\/\/xstyle.md\/ro\/produs\/nakidka-ot-dozhdja-sts-ultra-sil15d-tarp-poncho\/\" \/>\n<meta property=\"og:locale\" content=\"ro_RO\" \/>\n<meta property=\"og:type\" content=\"article\" \/>\n<meta property=\"og:title\" content=\"\u041d\u0430\u043a\u0438\u0434\u043a\u0430 \u043e\u0442 \u0434\u043e\u0436\u0434\u044f STS Ultra-Sil15D Tarp Poncho - \u041c\u0430\u0433\u0430\u0437\u0438\u043d Xstyle\" \/>\n<meta property=\"og:description\" content=\"\u041d\u0430\u043a\u0438\u0434\u043a\u0430 \u043e\u0442 \u0434\u043e\u0436\u0434\u044f STS Ultra-Sil15D Tarp Poncho \u2013 \u043b\u0435\u0433\u043a\u0430\u044f \u0438 \u0443\u043d\u0438\u0432\u0435\u0440\u0441\u0430\u043b\u044c\u043d\u0430\u044f \u0437\u0430\u0449\u0438\u0442\u0430 \u043e\u0442 \u0434\u043e\u0436\u0434\u044f, \u0442\u0440\u0430\u043d\u0441\u0444\u043e\u0440\u043c\u0438\u0440\u0443\u0435\u0442\u0441\u044f \u0432 \u0443\u043a\u0440\u044b\u0442\u0438\u0435, \u0438\u0437\u0433\u043e\u0442\u043e\u0432\u043b\u0435\u043d\u0430 \u0438\u0437 15D UltraSilNano.\" \/>\n<meta property=\"og:url\" content=\"https:\/\/xstyle.md\/ro\/produs\/nakidka-ot-dozhdja-sts-ultra-sil15d-tarp-poncho\/\" \/>\n<meta property=\"og:site_name\" content=\"\u041c\u0430\u0433\u0430\u0437\u0438\u043d Xstyle\" \/>\n<meta property=\"article:publisher\" content=\"https:\/\/www.facebook.com\/xstylemd\" \/>\n<meta property=\"article:modified_time\" content=\"2025-07-03T15:20:51+00:00\" \/>\n<meta property=\"og:image\" content=\"https:\/\/xstyle.md\/wp-content\/uploads\/2020\/07\/20152613-504612_2.jpg\" \/>\n\t<meta property=\"og:image:width\" content=\"381\" \/>\n\t<meta property=\"og:image:height\" content=\"900\" \/>\n\t<meta property=\"og:image:type\" content=\"image\/jpeg\" \/>\n<meta name=\"twitter:card\" content=\"summary_large_image\" \/>\n<meta name=\"twitter:label1\" content=\"Pre\u021b\" \/>\n\t<meta name=\"twitter:data1\" content=\"1.990&nbsp;MDL\" \/>\n\t<meta name=\"twitter:label2\" content=\"Disponibilitate\" \/>\n\t<meta name=\"twitter:data2\" content=\"\u00cen stoc\" \/>\n<script type=\"application\/ld+json\" class=\"yoast-schema-graph\">{\"@context\":\"https:\\\/\\\/schema.org\",\"@graph\":[{\"@type\":\"WebPage\",\"@id\":\"https:\\\/\\\/xstyle.md\\\/product\\\/nakidka-ot-dozhdja-sts-ultra-sil15d-tarp-poncho\\\/\",\"url\":\"https:\\\/\\\/xstyle.md\\\/product\\\/nakidka-ot-dozhdja-sts-ultra-sil15d-tarp-poncho\\\/\",\"name\":\"\u041d\u0430\u043a\u0438\u0434\u043a\u0430 \u043e\u0442 \u0434\u043e\u0436\u0434\u044f STS Ultra-Sil15D Tarp Poncho - \u041c\u0430\u0433\u0430\u0437\u0438\u043d Xstyle\",\"isPartOf\":{\"@id\":\"https:\\\/\\\/xstyle.md\\\/#website\"},\"primaryImageOfPage\":{\"@id\":\"https:\\\/\\\/xstyle.md\\\/product\\\/nakidka-ot-dozhdja-sts-ultra-sil15d-tarp-poncho\\\/#primaryimage\"},\"image\":{\"@id\":\"https:\\\/\\\/xstyle.md\\\/product\\\/nakidka-ot-dozhdja-sts-ultra-sil15d-tarp-poncho\\\/#primaryimage\"},\"thumbnailUrl\":\"https:\\\/\\\/xstyle.md\\\/wp-content\\\/uploads\\\/2020\\\/07\\\/20152613-504612_2.jpg\",\"datePublished\":\"2020-07-16T18:18:26+00:00\",\"dateModified\":\"2025-07-03T15:20:51+00:00\",\"description\":\"\u041d\u0430\u043a\u0438\u0434\u043a\u0430 \u043e\u0442 \u0434\u043e\u0436\u0434\u044f STS Ultra-Sil15D Tarp Poncho \u2013 \u043b\u0435\u0433\u043a\u0430\u044f \u0438 \u0443\u043d\u0438\u0432\u0435\u0440\u0441\u0430\u043b\u044c\u043d\u0430\u044f \u0437\u0430\u0449\u0438\u0442\u0430 \u043e\u0442 \u0434\u043e\u0436\u0434\u044f, \u0442\u0440\u0430\u043d\u0441\u0444\u043e\u0440\u043c\u0438\u0440\u0443\u0435\u0442\u0441\u044f \u0432 \u0443\u043a\u0440\u044b\u0442\u0438\u0435, \u0438\u0437\u0433\u043e\u0442\u043e\u0432\u043b\u0435\u043d\u0430 \u0438\u0437 15D UltraSilNano.\",\"breadcrumb\":{\"@id\":\"https:\\\/\\\/xstyle.md\\\/product\\\/nakidka-ot-dozhdja-sts-ultra-sil15d-tarp-poncho\\\/#breadcrumb\"},\"inLanguage\":\"ro-RO\",\"potentialAction\":[{\"@type\":\"ReadAction\",\"target\":[\"https:\\\/\\\/xstyle.md\\\/product\\\/nakidka-ot-dozhdja-sts-ultra-sil15d-tarp-poncho\\\/\"]}]},{\"@type\":\"ImageObject\",\"inLanguage\":\"ro-RO\",\"@id\":\"https:\\\/\\\/xstyle.md\\\/product\\\/nakidka-ot-dozhdja-sts-ultra-sil15d-tarp-poncho\\\/#primaryimage\",\"url\":\"https:\\\/\\\/xstyle.md\\\/wp-content\\\/uploads\\\/2020\\\/07\\\/20152613-504612_2.jpg\",\"contentUrl\":\"https:\\\/\\\/xstyle.md\\\/wp-content\\\/uploads\\\/2020\\\/07\\\/20152613-504612_2.jpg\",\"width\":381,\"height\":900},{\"@type\":\"BreadcrumbList\",\"@id\":\"https:\\\/\\\/xstyle.md\\\/product\\\/nakidka-ot-dozhdja-sts-ultra-sil15d-tarp-poncho\\\/#breadcrumb\",\"itemListElement\":[{\"@type\":\"ListItem\",\"position\":1,\"name\":\"\u0413\u043b\u0430\u0432\u043d\u0430\u044f \u0441\u0442\u0440\u0430\u043d\u0438\u0446\u0430\",\"item\":\"https:\\\/\\\/xstyle.md\\\/\"},{\"@type\":\"ListItem\",\"position\":2,\"name\":\"\u041c\u0430\u0433\u0430\u0437\u0438\u043d\",\"item\":\"https:\\\/\\\/xstyle.md\\\/shop\\\/\"},{\"@type\":\"ListItem\",\"position\":3,\"name\":\"\u041d\u0430\u043a\u0438\u0434\u043a\u0430 \u043e\u0442 \u0434\u043e\u0436\u0434\u044f STS Ultra-Sil15D Tarp Poncho\"}]},{\"@type\":\"WebSite\",\"@id\":\"https:\\\/\\\/xstyle.md\\\/#website\",\"url\":\"https:\\\/\\\/xstyle.md\\\/\",\"name\":\"\u041c\u0430\u0433\u0430\u0437\u0438\u043d Xstyle\",\"description\":\"C\u043d\u0430\u0440\u044f\u0436\u0435\u043d\u0438\u0435 \u0434\u043b\u044f \u0442\u0443\u0440\u0438\u0437\u043c\u0430 \u0438 \u044d\u043a\u0441\u0442\u0440\u0435\u043c\u0430\u043b\u044c\u043d\u044b\u0445 \u0432\u0438\u0434\u043e\u0432 \u0441\u043f\u043e\u0440\u0442\u0430 \u0432 \u041c\u043e\u043b\u0434\u043e\u0432\u0435.. \u0426\u0435\u043d\u044b, \u0444\u043e\u0442\u043e, \u0445\u0430\u0440\u0430\u043a\u0442\u0435\u0440\u0438\u0441\u0442\u0438\u043a\u0438 \u0432 \u041c\u043e\u043b\u0434\u043e\u0432\u0435.\",\"publisher\":{\"@id\":\"https:\\\/\\\/xstyle.md\\\/#organization\"},\"alternateName\":\"X-Style\",\"potentialAction\":[{\"@type\":\"SearchAction\",\"target\":{\"@type\":\"EntryPoint\",\"urlTemplate\":\"https:\\\/\\\/xstyle.md\\\/?s={search_term_string}\"},\"query-input\":{\"@type\":\"PropertyValueSpecification\",\"valueRequired\":true,\"valueName\":\"search_term_string\"}}],\"inLanguage\":\"ro-RO\"},{\"@type\":\"Organization\",\"@id\":\"https:\\\/\\\/xstyle.md\\\/#organization\",\"name\":\"\u041c\u0430\u0433\u0430\u0437\u0438\u043d Xstyle\",\"alternateName\":\"x-style\",\"url\":\"https:\\\/\\\/xstyle.md\\\/\",\"logo\":{\"@type\":\"ImageObject\",\"inLanguage\":\"ro-RO\",\"@id\":\"https:\\\/\\\/xstyle.md\\\/#\\\/schema\\\/logo\\\/image\\\/\",\"url\":\"https:\\\/\\\/xstyle.md\\\/wp-content\\\/uploads\\\/2020\\\/06\\\/logoicon.svg\",\"contentUrl\":\"https:\\\/\\\/xstyle.md\\\/wp-content\\\/uploads\\\/2020\\\/06\\\/logoicon.svg\",\"caption\":\"\u041c\u0430\u0433\u0430\u0437\u0438\u043d Xstyle\"},\"image\":{\"@id\":\"https:\\\/\\\/xstyle.md\\\/#\\\/schema\\\/logo\\\/image\\\/\"},\"sameAs\":[\"https:\\\/\\\/www.facebook.com\\\/xstylemd\",\"https:\\\/\\\/www.instagram.com\\\/xstyle_md\\\/\",\"https:\\\/\\\/t.me\\\/xstyle_outdoor\"],\"hasMerchantReturnPolicy\":{\"@type\":\"MerchantReturnPolicy\",\"merchantReturnLink\":\"https:\\\/\\\/xstyle.md\\\/ro\\\/conditions\\\/\"}}]}<\/script>\n<meta property=\"product:price:amount\" content=\"1990.00\" \/>\n<meta property=\"product:price:currency\" content=\"MDL\" \/>\n<meta property=\"og:availability\" content=\"instock\" \/>\n<meta property=\"product:availability\" content=\"instock\" \/>\n<meta property=\"product:retailer_item_id\" content=\"9327868042180\" \/>\n<meta property=\"product:condition\" content=\"new\" \/>\n<!-- \/ Yoast SEO plugin. -->","yoast_head_json":{"title":"Pelerin\u0103 de ploaie STS Ultra-Sil15D Tarp Poncho - Magazin Xstyle","description":"Pelerina de ploaie STS Ultra-Sil15D Tarp Poncho \u2013 o protec\u021bie u\u0219oar\u0103 \u0219i versatil\u0103 \u00eempotriva ploii, care se transform\u0103 \u00eentr-un ad\u0103post, fabricat\u0103 din 15D UltraSilNano.","robots":{"index":"index","follow":"follow","max-snippet":"max-snippet:-1","max-image-preview":"max-image-preview:large","max-video-preview":"max-video-preview:-1"},"canonical":"https:\/\/xstyle.md\/ro\/produs\/nakidka-ot-dozhdja-sts-ultra-sil15d-tarp-poncho\/","og_locale":"ro_RO","og_type":"article","og_title":"\u041d\u0430\u043a\u0438\u0434\u043a\u0430 \u043e\u0442 \u0434\u043e\u0436\u0434\u044f STS Ultra-Sil15D Tarp Poncho - \u041c\u0430\u0433\u0430\u0437\u0438\u043d Xstyle","og_description":"\u041d\u0430\u043a\u0438\u0434\u043a\u0430 \u043e\u0442 \u0434\u043e\u0436\u0434\u044f STS Ultra-Sil15D Tarp Poncho \u2013 \u043b\u0435\u0433\u043a\u0430\u044f \u0438 \u0443\u043d\u0438\u0432\u0435\u0440\u0441\u0430\u043b\u044c\u043d\u0430\u044f \u0437\u0430\u0449\u0438\u0442\u0430 \u043e\u0442 \u0434\u043e\u0436\u0434\u044f, \u0442\u0440\u0430\u043d\u0441\u0444\u043e\u0440\u043c\u0438\u0440\u0443\u0435\u0442\u0441\u044f \u0432 \u0443\u043a\u0440\u044b\u0442\u0438\u0435, \u0438\u0437\u0433\u043e\u0442\u043e\u0432\u043b\u0435\u043d\u0430 \u0438\u0437 15D UltraSilNano.","og_url":"https:\/\/xstyle.md\/ro\/produs\/nakidka-ot-dozhdja-sts-ultra-sil15d-tarp-poncho\/","og_site_name":"\u041c\u0430\u0433\u0430\u0437\u0438\u043d Xstyle","article_publisher":"https:\/\/www.facebook.com\/xstylemd","article_modified_time":"2025-07-03T15:20:51+00:00","og_image":[{"width":381,"height":900,"url":"https:\/\/xstyle.md\/wp-content\/uploads\/2020\/07\/20152613-504612_2.jpg","type":"image\/jpeg"}],"twitter_card":"summary_large_image","twitter_misc":{"Pre\u021b":"1.990&nbsp;MDL","Disponibilitate":"\u00cen stoc"},"schema":{"@context":"https:\/\/schema.org","@graph":[{"@type":"WebPage","@id":"https:\/\/xstyle.md\/product\/nakidka-ot-dozhdja-sts-ultra-sil15d-tarp-poncho\/","url":"https:\/\/xstyle.md\/product\/nakidka-ot-dozhdja-sts-ultra-sil15d-tarp-poncho\/","name":"Pelerin\u0103 de ploaie STS Ultra-Sil15D Tarp Poncho - Magazin Xstyle","isPartOf":{"@id":"https:\/\/xstyle.md\/#website"},"primaryImageOfPage":{"@id":"https:\/\/xstyle.md\/product\/nakidka-ot-dozhdja-sts-ultra-sil15d-tarp-poncho\/#primaryimage"},"image":{"@id":"https:\/\/xstyle.md\/product\/nakidka-ot-dozhdja-sts-ultra-sil15d-tarp-poncho\/#primaryimage"},"thumbnailUrl":"https:\/\/xstyle.md\/wp-content\/uploads\/2020\/07\/20152613-504612_2.jpg","datePublished":"2020-07-16T18:18:26+00:00","dateModified":"2025-07-03T15:20:51+00:00","description":"Pelerina de ploaie STS Ultra-Sil15D Tarp Poncho \u2013 o protec\u021bie u\u0219oar\u0103 \u0219i versatil\u0103 \u00eempotriva ploii, care se transform\u0103 \u00eentr-un ad\u0103post, fabricat\u0103 din 15D UltraSilNano.","breadcrumb":{"@id":"https:\/\/xstyle.md\/product\/nakidka-ot-dozhdja-sts-ultra-sil15d-tarp-poncho\/#breadcrumb"},"inLanguage":"ro-RO","potentialAction":[{"@type":"ReadAction","target":["https:\/\/xstyle.md\/product\/nakidka-ot-dozhdja-sts-ultra-sil15d-tarp-poncho\/"]}]},{"@type":"ImageObject","inLanguage":"ro-RO","@id":"https:\/\/xstyle.md\/product\/nakidka-ot-dozhdja-sts-ultra-sil15d-tarp-poncho\/#primaryimage","url":"https:\/\/xstyle.md\/wp-content\/uploads\/2020\/07\/20152613-504612_2.jpg","contentUrl":"https:\/\/xstyle.md\/wp-content\/uploads\/2020\/07\/20152613-504612_2.jpg","width":381,"height":900},{"@type":"BreadcrumbList","@id":"https:\/\/xstyle.md\/product\/nakidka-ot-dozhdja-sts-ultra-sil15d-tarp-poncho\/#breadcrumb","itemListElement":[{"@type":"ListItem","position":1,"name":"\u0413\u043b\u0430\u0432\u043d\u0430\u044f \u0441\u0442\u0440\u0430\u043d\u0438\u0446\u0430","item":"https:\/\/xstyle.md\/"},{"@type":"ListItem","position":2,"name":"\u041c\u0430\u0433\u0430\u0437\u0438\u043d","item":"https:\/\/xstyle.md\/shop\/"},{"@type":"ListItem","position":3,"name":"\u041d\u0430\u043a\u0438\u0434\u043a\u0430 \u043e\u0442 \u0434\u043e\u0436\u0434\u044f STS Ultra-Sil15D Tarp Poncho"}]},{"@type":"WebSite","@id":"https:\/\/xstyle.md\/#website","url":"https:\/\/xstyle.md\/","name":"Magazinul X-Style","description":"Echipamente pentru turism \u0219i sporturi extreme \u00een Moldova. Pre\u021buri, fotografii, caracteristici \u00een Moldova.","publisher":{"@id":"https:\/\/xstyle.md\/#organization"},"alternateName":"X-Style","potentialAction":[{"@type":"SearchAction","target":{"@type":"EntryPoint","urlTemplate":"https:\/\/xstyle.md\/?s={search_term_string}"},"query-input":{"@type":"PropertyValueSpecification","valueRequired":true,"valueName":"search_term_string"}}],"inLanguage":"ro-RO"},{"@type":"Organization","@id":"https:\/\/xstyle.md\/#organization","name":"Magazinul X-Style","alternateName":"x-style","url":"https:\/\/xstyle.md\/","logo":{"@type":"ImageObject","inLanguage":"ro-RO","@id":"https:\/\/xstyle.md\/#\/schema\/logo\/image\/","url":"https:\/\/xstyle.md\/wp-content\/uploads\/2020\/06\/logoicon.svg","contentUrl":"https:\/\/xstyle.md\/wp-content\/uploads\/2020\/06\/logoicon.svg","caption":"\u041c\u0430\u0433\u0430\u0437\u0438\u043d Xstyle"},"image":{"@id":"https:\/\/xstyle.md\/#\/schema\/logo\/image\/"},"sameAs":["https:\/\/www.facebook.com\/xstylemd","https:\/\/www.instagram.com\/xstyle_md\/","https:\/\/t.me\/xstyle_outdoor"],"hasMerchantReturnPolicy":{"@type":"MerchantReturnPolicy","merchantReturnLink":"https:\/\/xstyle.md\/ro\/conditions\/"}}]},"product_price_amount":"1990.00","product_price_currency":"MDL","og_availability":"instock","product_availability":"instock","product_retailer_item_id":"9327868042180","product_condition":"new"},"_links":{"self":[{"href":"https:\/\/xstyle.md\/ro\/wp-json\/wp\/v2\/product\/6120","targetHints":{"allow":["GET"]}}],"collection":[{"href":"https:\/\/xstyle.md\/ro\/wp-json\/wp\/v2\/product"}],"about":[{"href":"https:\/\/xstyle.md\/ro\/wp-json\/wp\/v2\/types\/product"}],"replies":[{"embeddable":true,"href":"https:\/\/xstyle.md\/ro\/wp-json\/wp\/v2\/comments?post=6120"}],"wp:featuredmedia":[{"embeddable":true,"href":"https:\/\/xstyle.md\/ro\/wp-json\/wp\/v2\/media\/6118"}],"wp:attachment":[{"href":"https:\/\/xstyle.md\/ro\/wp-json\/wp\/v2\/media?parent=6120"}],"wp:term":[{"taxonomy":"product_brand","embeddable":true,"href":"https:\/\/xstyle.md\/ro\/wp-json\/wp\/v2\/product_brand?post=6120"},{"taxonomy":"product_cat","embeddable":true,"href":"https:\/\/xstyle.md\/ro\/wp-json\/wp\/v2\/product_cat?post=6120"},{"taxonomy":"product_tag","embeddable":true,"href":"https:\/\/xstyle.md\/ro\/wp-json\/wp\/v2\/product_tag?post=6120"}],"curies":[{"name":"wp","href":"https:\/\/api.w.org\/{rel}","templated":true}]}}