{"id":61145,"date":"2022-12-14T13:42:49","date_gmt":"2022-12-14T10:42:49","guid":{"rendered":"https:\/\/xstyle.md\/?post_type=product&#038;p=61145"},"modified":"2025-12-03T14:11:06","modified_gmt":"2025-12-03T11:11:06","slug":"kurtka-ternua-terranova-3-0-mns-black","status":"publish","type":"product","link":"https:\/\/xstyle.md\/ro\/produs\/kurtka-ternua-terranova-3-0-mns-black\/","title":{"rendered":"Geac\u0103 Ternua Terranova 3.0 Mns black"},"content":{"rendered":"<\/p>\n<p><strong>Ternua Terranova 3.0 black<\/strong> &#8212; o jachet\u0103 ecologic\u0103 pentru b\u0103rba\u021bi din twill, caracterizat\u0103 prin durabilitate \u0219i propriet\u0103\u021bi impermeabile \u0219i rezistente la v\u00e2nt. La fel ca toate hainele marca Ternua, aceast\u0103 jachet\u0103 este cusut\u0103 din materiale reciclate \u0219i reciclabile, ceea ce \u00eenseamn\u0103 c\u0103 las\u0103 o amprent\u0103 minim\u0103 asupra mediului \u00eenconjur\u0103tor. Designul clasic de parka urban este combinat cu tehnologia modern\u0103 de exterior, ceea ce face din jachet\u0103 un companion excelent \u00een condi\u021bii urbane foarte reci \u0219i umede. Croiala nu limiteaz\u0103 libertatea de mi\u0219care. Jacheta este perfect\u0103 ca pies\u0103 urban\u0103 actual\u0103, \u00eembr\u0103c\u0103minte confortabil\u0103 pentru c\u0103l\u0103torii \u0219i activit\u0103\u021bi de agrement confortabile.<\/p>\n<h3>Particularit\u0103\u021bi<\/h3>\n<ul>\n<li>Materialul exterior din poliamid\u0103 durabil\u0103 \u0219i rezistent\u0103 este tratat cu o impregnare hidrofug\u0103, f\u0103r\u0103 PFC.<\/li>\n<li>Membrana ECO STORM\u2122 garanteaz\u0103 o protec\u021bie de 100% \u00eempotriva v\u00e2ntului, o rezisten\u021b\u0103 excelent\u0103 la ap\u0103 \u0219i o permeabilitate ridicat\u0103 la vapori.<\/li>\n<li>C\u0103ptu\u0219eala durabil\u0103 este realizat\u0103 din poliester reciclat (sticle PET folosite).<\/li>\n<li>Izola\u021bia este realizat\u0103 din puf de g\u00e2sc\u0103 reciclat NEOKDUN 700FP, care re\u021bine perfect c\u0103ldura.<\/li>\n<li>Glug\u0103 deta\u0219abil\u0103, blana fals\u0103 poate fi, de asemenea, deta\u0219at\u0103.<\/li>\n<li>Fermoarul pe toat\u0103 lungimea este acoperit de un parav\u00e2nt extern \u0219i este completat de o protec\u021bie pentru b\u0103rbie \u00eempotriva contactului cu \u00eencuietoarea.<\/li>\n<li>\u00cen partea din fa\u021b\u0103 a jachetei exist\u0103 patru buzunare: dou\u0103 buzunare laterale sub clapete \u0219i dou\u0103 buzunare la piept cu fermoar.<\/li>\n<li>Exist\u0103 un buzunar interior<\/li>\n<li>Man\u0219etele sunt completate cu ghetre tricotate pentru c\u0103ldur\u0103 \u0219i protec\u021bie \u00eempotriva curen\u021bilor de aer.<\/li>\n<li>Man\u0219etele exterioare sunt reglabile cu ajutorul butoanelor.<\/li>\n<li>Fabricat\u0103 din \u021bes\u0103tur\u0103 aprobat\u0103 bluesign\u00ae, ceea ce \u00eenseamn\u0103 c\u0103 este sigur\u0103 pentru oameni \u0219i pentru mediu.<\/li>\n<\/ul>\n<h3>Caracteristici<\/h3>\n<ul>\n<li>Material &#8212; 100% poliester, 100% poliamid\u0103<\/li>\n<li>Membran\u0103 &#8212; ECO Storm\u2122<\/li>\n<li>Izola\u021bie &#8212; NEOKDUN 700FP (80% puf, 20% pene, reciclate).<\/li>\n<\/ul>\n<h3>Tehnologie<\/h3>\n<ul>\n<li><strong>ECO STORM<\/strong>\u2122 &#8212; \u021bes\u0103tur\u0103 func\u021bional\u0103 care ofer\u0103 confort \u0219i protec\u021bie \u00eempotriva tuturor condi\u021biilor de drume\u021bie, datorit\u0103 impermeabilit\u0103\u021bii \u0219i respirabilit\u0103\u021bii sale ridicate.<\/li>\n<li><strong>Shelltec Active Flex<\/strong> &#8212; material tehnologic dezvoltat pe baz\u0103 de microfibre sintetice ultra-sub\u021biri. Acesta asigur\u0103 o bun\u0103 respirabilitate \u0219i elimin\u0103 umezeala de pe corp. \u021aes\u0103tura foarte elastic\u0103 permite libertatea de mi\u0219care datorit\u0103 unei bune izola\u021bii termice \u0219i a regl\u0103rii temperaturii pe vreme rece.<\/li>\n<li><strong>NEOKDUN<\/strong>\u00ae &#8212; puf natural biodegradabil, care este rezultatul recicl\u0103rii lenjeriei de pat\/\u00eembr\u0103c\u0103mintei finite care a ajuns la sf\u00e2r\u0219itul duratei de via\u021b\u0103. Umplutura de puf are un ciclu de via\u021b\u0103 mai lung dec\u00e2t produsul finit \u0219i, prin urmare, poate avea o a doua via\u021b\u0103 dac\u0103 este prelucrat\u0103 corespunz\u0103tor. NEOKDUN\u00ae garanteaz\u0103 cele mai bune performan\u021be \u00een ceea ce prive\u0219te c\u0103ldura, respirabilitatea, u\u0219urin\u021ba \u0219i cur\u0103\u021benia.<\/li>\n<li><strong>Fill Power<\/strong> &#8212; o caracteristic\u0103 care descrie capacitatea unei mase limitate de puf de a umple un anumit volum. Semnifica\u021bia fizic\u0103 a puterii de umplere este volumul \u00een centimetri cubi ocupat de o uncie de puf. Cu c\u00e2t este mai mare puterea de umplere, cu at\u00e2t este mai mare calitatea pufului. Hainele de exterior folosesc puf cu o valoare Fill Power de cel pu\u021bin 550 de unit\u0103\u021bi, \u00een timp ce un puf bun este considerat a avea o valoare Fill Power de 650 de unit\u0103\u021bi sau mai mare. Puful cu valori Fill Power ridicate se caracterizeaz\u0103 nu numai printr-un volum mare pe unitate de greutate, ci \u0219i printr-o rezisten\u021b\u0103 termic\u0103 mai mic\u0103 pe unitate de grosime dec\u00e2t valorile standard.<\/li>\n<\/ul>\n<h3>Marca<\/h3>\n<h3><\/h3>\n<h3><\/h3>\n<p>Ternua este un brand spaniol specializat \u00een \u00eembr\u0103c\u0103minte tehnic\u0103, func\u021bional\u0103 \u0219i inovatoare, capabil\u0103 s\u0103 se adapteze la cele mai nefavorabile condi\u021bii meteorologice. Spiritul antreprenorial \u0219i aventuros al balenierilor basci din secolul al XV-lea a inspirat crearea m\u0103rcii de outdoor Ternua \u00een 1995. Ternua \u00eenseamn\u0103 balen\u0103 \u00een limba basc\u0103, motiv pentru care compania poart\u0103 acest nume, iar logo-ul s\u0103u este \u00eempodobit cu o coad\u0103 de balen\u0103. Principiile de baz\u0103 ale Ternua sunt pasiunea pentru munte, grija pentru mediu \u0219i respectul pentru r\u0103d\u0103cinile lor, pentru originile lor. Produc\u0103torul acord\u0103 o aten\u021bie deosebit\u0103 alegerii \u021bes\u0103turilor, d\u0103 preferin\u021b\u0103 culorilor bogate, hainele sunt versatile \u0219i se potrivesc bine. De asemenea, brandul are o grij\u0103 deosebit\u0103 fa\u021b\u0103 de natur\u0103, sus\u021bin\u00e2nd respectarea mediului \u0219i produc\u00e2nd haine din materiale reciclate.<\/p>\n<p><\/p>","protected":false},"excerpt":{"rendered":"","protected":false},"featured_media":62088,"comment_status":"open","ping_status":"closed","template":"","meta":{"_acf_changed":false,"inline_featured_image":false},"product_brand":[1426],"product_cat":[908],"product_tag":[],"class_list":{"0":"post-61145","1":"product","2":"type-product","3":"status-publish","4":"has-post-thumbnail","6":"product_brand-ternua","7":"product_cat-city-scurta-barbati","9":"first","10":"outofstock","11":"shipping-taxable","12":"product-type-simple"},"acf":[],"yoast_head":"<!-- This site is optimized with the Yoast SEO plugin v27.4 - https:\/\/yoast.com\/product\/yoast-seo-wordpress\/ -->\n<title>\u041a\u0443\u0440\u0442\u043a\u0430 Ternua Terranova 3.0 Mns black - \u041c\u0430\u0433\u0430\u0437\u0438\u043d Xstyle<\/title>\n<meta name=\"description\" content=\"\u041a\u0443\u0440\u0442\u043a\u0430 Ternua Terranova 3.0 Mns black - \u0441\u0442\u0438\u043b\u044c\u043d\u0430\u044f \u0438 \u044d\u043a\u043e\u043b\u043e\u0433\u0438\u0447\u043d\u0430\u044f, \u0438\u0434\u0435\u0430\u043b\u044c\u043d\u0430 \u0434\u043b\u044f \u0430\u043a\u0442\u0438\u0432\u043d\u043e\u0433\u043e \u043e\u0442\u0434\u044b\u0445\u0430. \u041b\u0435\u0433\u043a\u0430\u044f, \u0432\u043e\u0434\u043e\u043e\u0442\u0442\u0430\u043b\u043a\u0438\u0432\u0430\u044e\u0449\u0430\u044f \u0438 \u043d\u0435\u043f\u0440\u043e\u0434\u0443\u0432\u0430\u0435\u043c\u0430\u044f.\" \/>\n<meta name=\"robots\" content=\"index, follow, max-snippet:-1, max-image-preview:large, max-video-preview:-1\" \/>\n<link rel=\"canonical\" href=\"https:\/\/xstyle.md\/ro\/produs\/kurtka-ternua-terranova-3-0-mns-black\/\" \/>\n<meta property=\"og:locale\" content=\"ro_RO\" \/>\n<meta property=\"og:type\" content=\"article\" \/>\n<meta property=\"og:title\" content=\"\u041a\u0443\u0440\u0442\u043a\u0430 Ternua Terranova 3.0 Mns black - \u041c\u0430\u0433\u0430\u0437\u0438\u043d Xstyle\" \/>\n<meta property=\"og:description\" content=\"\u041a\u0443\u0440\u0442\u043a\u0430 Ternua Terranova 3.0 Mns black - \u0441\u0442\u0438\u043b\u044c\u043d\u0430\u044f \u0438 \u044d\u043a\u043e\u043b\u043e\u0433\u0438\u0447\u043d\u0430\u044f, \u0438\u0434\u0435\u0430\u043b\u044c\u043d\u0430 \u0434\u043b\u044f \u0430\u043a\u0442\u0438\u0432\u043d\u043e\u0433\u043e \u043e\u0442\u0434\u044b\u0445\u0430. \u041b\u0435\u0433\u043a\u0430\u044f, \u0432\u043e\u0434\u043e\u043e\u0442\u0442\u0430\u043b\u043a\u0438\u0432\u0430\u044e\u0449\u0430\u044f \u0438 \u043d\u0435\u043f\u0440\u043e\u0434\u0443\u0432\u0430\u0435\u043c\u0430\u044f.\" \/>\n<meta property=\"og:url\" content=\"https:\/\/xstyle.md\/ro\/produs\/kurtka-ternua-terranova-3-0-mns-black\/\" \/>\n<meta property=\"og:site_name\" content=\"\u041c\u0430\u0433\u0430\u0437\u0438\u043d Xstyle\" \/>\n<meta property=\"article:publisher\" content=\"https:\/\/www.facebook.com\/xstylemd\" \/>\n<meta property=\"article:modified_time\" content=\"2025-12-03T11:11:06+00:00\" \/>\n<meta property=\"og:image\" content=\"https:\/\/xstyle.md\/wp-content\/uploads\/2022\/12\/ternua-terranova-3.0-mns-black.jpg\" \/>\n\t<meta property=\"og:image:width\" content=\"2118\" \/>\n\t<meta property=\"og:image:height\" content=\"1898\" \/>\n\t<meta property=\"og:image:type\" content=\"image\/jpeg\" \/>\n<meta name=\"twitter:card\" content=\"summary_large_image\" \/>\n<meta name=\"twitter:label1\" content=\"Pre\u021b\" \/>\n\t<meta name=\"twitter:data1\" content=\"8.990&nbsp;MDL\" \/>\n\t<meta name=\"twitter:label2\" content=\"Disponibilitate\" \/>\n\t<meta name=\"twitter:data2\" content=\"Stoc epuizat\" \/>\n<script type=\"application\/ld+json\" class=\"yoast-schema-graph\">{\"@context\":\"https:\\\/\\\/schema.org\",\"@graph\":[{\"@type\":\"WebPage\",\"@id\":\"https:\\\/\\\/xstyle.md\\\/product\\\/kurtka-ternua-terranova-3-0-mns-black\\\/\",\"url\":\"https:\\\/\\\/xstyle.md\\\/product\\\/kurtka-ternua-terranova-3-0-mns-black\\\/\",\"name\":\"\u041a\u0443\u0440\u0442\u043a\u0430 Ternua Terranova 3.0 Mns black - \u041c\u0430\u0433\u0430\u0437\u0438\u043d Xstyle\",\"isPartOf\":{\"@id\":\"https:\\\/\\\/xstyle.md\\\/#website\"},\"primaryImageOfPage\":{\"@id\":\"https:\\\/\\\/xstyle.md\\\/product\\\/kurtka-ternua-terranova-3-0-mns-black\\\/#primaryimage\"},\"image\":{\"@id\":\"https:\\\/\\\/xstyle.md\\\/product\\\/kurtka-ternua-terranova-3-0-mns-black\\\/#primaryimage\"},\"thumbnailUrl\":\"https:\\\/\\\/xstyle.md\\\/wp-content\\\/uploads\\\/2022\\\/12\\\/ternua-terranova-3.0-mns-black.jpg\",\"datePublished\":\"2022-12-14T10:42:49+00:00\",\"dateModified\":\"2025-12-03T11:11:06+00:00\",\"description\":\"\u041a\u0443\u0440\u0442\u043a\u0430 Ternua Terranova 3.0 Mns black - \u0441\u0442\u0438\u043b\u044c\u043d\u0430\u044f \u0438 \u044d\u043a\u043e\u043b\u043e\u0433\u0438\u0447\u043d\u0430\u044f, \u0438\u0434\u0435\u0430\u043b\u044c\u043d\u0430 \u0434\u043b\u044f \u0430\u043a\u0442\u0438\u0432\u043d\u043e\u0433\u043e \u043e\u0442\u0434\u044b\u0445\u0430. \u041b\u0435\u0433\u043a\u0430\u044f, \u0432\u043e\u0434\u043e\u043e\u0442\u0442\u0430\u043b\u043a\u0438\u0432\u0430\u044e\u0449\u0430\u044f \u0438 \u043d\u0435\u043f\u0440\u043e\u0434\u0443\u0432\u0430\u0435\u043c\u0430\u044f.\",\"breadcrumb\":{\"@id\":\"https:\\\/\\\/xstyle.md\\\/product\\\/kurtka-ternua-terranova-3-0-mns-black\\\/#breadcrumb\"},\"inLanguage\":\"ro-RO\",\"potentialAction\":[{\"@type\":\"ReadAction\",\"target\":[\"https:\\\/\\\/xstyle.md\\\/product\\\/kurtka-ternua-terranova-3-0-mns-black\\\/\"]}]},{\"@type\":\"ImageObject\",\"inLanguage\":\"ro-RO\",\"@id\":\"https:\\\/\\\/xstyle.md\\\/product\\\/kurtka-ternua-terranova-3-0-mns-black\\\/#primaryimage\",\"url\":\"https:\\\/\\\/xstyle.md\\\/wp-content\\\/uploads\\\/2022\\\/12\\\/ternua-terranova-3.0-mns-black.jpg\",\"contentUrl\":\"https:\\\/\\\/xstyle.md\\\/wp-content\\\/uploads\\\/2022\\\/12\\\/ternua-terranova-3.0-mns-black.jpg\",\"width\":1920,\"height\":1721,\"caption\":\"\u0422\u0435\u0440\u043c\u043e\u0431\u0435\u043b\u044c\u0435 Ternua Terranova 3.0 Mns \u0447\u0435\u0440\u043d\u0430\u044f \u043d\u0430 \u0444\u043e\u043d\u0435 \u0430\u043a\u0442\u0438\u0432\u043d\u043e\u0439 \u0436\u0438\u0437\u043d\u0438, \u0438\u0434\u0435\u0430\u043b\u044c\u043d\u043e \u043f\u043e\u0434\u0445\u043e\u0434\u0438\u0442 \u0434\u043b\u044f \u043f\u043e\u0445\u043e\u0434\u043e\u0432, \u0430\u043b\u044c\u043f\u0438\u043d\u0438\u0437\u043c\u0430 \u0438 \u043f\u0443\u0442\u0435\u0448\u0435\u0441\u0442\u0432\u0438\u0439, \u043e\u0434\u0435\u0436\u0434\u0430 \u0438 \u043e\u0431\u0443\u0432\u044c \u0434\u043b\u044f \u0430\u043a\u0442\u0438\u0432\u043d\u043e\u0433\u043e \u043e\u0442\u0434\u044b\u0445\u0430\"},{\"@type\":\"BreadcrumbList\",\"@id\":\"https:\\\/\\\/xstyle.md\\\/product\\\/kurtka-ternua-terranova-3-0-mns-black\\\/#breadcrumb\",\"itemListElement\":[{\"@type\":\"ListItem\",\"position\":1,\"name\":\"\u0413\u043b\u0430\u0432\u043d\u0430\u044f \u0441\u0442\u0440\u0430\u043d\u0438\u0446\u0430\",\"item\":\"https:\\\/\\\/xstyle.md\\\/\"},{\"@type\":\"ListItem\",\"position\":2,\"name\":\"\u041c\u0430\u0433\u0430\u0437\u0438\u043d\",\"item\":\"https:\\\/\\\/xstyle.md\\\/shop\\\/\"},{\"@type\":\"ListItem\",\"position\":3,\"name\":\"\u041a\u0443\u0440\u0442\u043a\u0430 Ternua Terranova 3.0 Mns black\"}]},{\"@type\":\"WebSite\",\"@id\":\"https:\\\/\\\/xstyle.md\\\/#website\",\"url\":\"https:\\\/\\\/xstyle.md\\\/\",\"name\":\"\u041c\u0430\u0433\u0430\u0437\u0438\u043d Xstyle\",\"description\":\"C\u043d\u0430\u0440\u044f\u0436\u0435\u043d\u0438\u0435 \u0434\u043b\u044f \u0442\u0443\u0440\u0438\u0437\u043c\u0430 \u0438 \u044d\u043a\u0441\u0442\u0440\u0435\u043c\u0430\u043b\u044c\u043d\u044b\u0445 \u0432\u0438\u0434\u043e\u0432 \u0441\u043f\u043e\u0440\u0442\u0430 \u0432 \u041c\u043e\u043b\u0434\u043e\u0432\u0435.. \u0426\u0435\u043d\u044b, \u0444\u043e\u0442\u043e, \u0445\u0430\u0440\u0430\u043a\u0442\u0435\u0440\u0438\u0441\u0442\u0438\u043a\u0438 \u0432 \u041c\u043e\u043b\u0434\u043e\u0432\u0435.\",\"publisher\":{\"@id\":\"https:\\\/\\\/xstyle.md\\\/#organization\"},\"alternateName\":\"X-Style\",\"potentialAction\":[{\"@type\":\"SearchAction\",\"target\":{\"@type\":\"EntryPoint\",\"urlTemplate\":\"https:\\\/\\\/xstyle.md\\\/?s={search_term_string}\"},\"query-input\":{\"@type\":\"PropertyValueSpecification\",\"valueRequired\":true,\"valueName\":\"search_term_string\"}}],\"inLanguage\":\"ro-RO\"},{\"@type\":\"Organization\",\"@id\":\"https:\\\/\\\/xstyle.md\\\/#organization\",\"name\":\"\u041c\u0430\u0433\u0430\u0437\u0438\u043d Xstyle\",\"alternateName\":\"x-style\",\"url\":\"https:\\\/\\\/xstyle.md\\\/\",\"logo\":{\"@type\":\"ImageObject\",\"inLanguage\":\"ro-RO\",\"@id\":\"https:\\\/\\\/xstyle.md\\\/#\\\/schema\\\/logo\\\/image\\\/\",\"url\":\"https:\\\/\\\/xstyle.md\\\/wp-content\\\/uploads\\\/2020\\\/06\\\/logoicon.svg\",\"contentUrl\":\"https:\\\/\\\/xstyle.md\\\/wp-content\\\/uploads\\\/2020\\\/06\\\/logoicon.svg\",\"caption\":\"\u041c\u0430\u0433\u0430\u0437\u0438\u043d Xstyle\"},\"image\":{\"@id\":\"https:\\\/\\\/xstyle.md\\\/#\\\/schema\\\/logo\\\/image\\\/\"},\"sameAs\":[\"https:\\\/\\\/www.facebook.com\\\/xstylemd\",\"https:\\\/\\\/www.instagram.com\\\/xstyle_md\\\/\",\"https:\\\/\\\/t.me\\\/xstyle_outdoor\"],\"hasMerchantReturnPolicy\":{\"@type\":\"MerchantReturnPolicy\",\"merchantReturnLink\":\"https:\\\/\\\/xstyle.md\\\/ro\\\/conditions\\\/\"}}]}<\/script>\n<meta property=\"product:price:amount\" content=\"8990.00\" \/>\n<meta property=\"product:price:currency\" content=\"MDL\" \/>\n<meta property=\"og:availability\" content=\"out of stock\" \/>\n<meta property=\"product:availability\" content=\"out of stock\" \/>\n<meta property=\"product:retailer_item_id\" content=\"8445042930540\" \/>\n<meta property=\"product:condition\" content=\"new\" \/>\n<!-- \/ Yoast SEO plugin. -->","yoast_head_json":{"title":"Geac\u0103 Ternua Terranova 3.0 Mns black - Magazin Xstyle","description":"Jacheta Ternua Terranova 3.0 Mns neagr\u0103 - stilat\u0103 \u0219i ecologic\u0103, ideal\u0103 pentru timpul liber activ. U\u0219oar\u0103, rezistent\u0103 la ap\u0103 \u0219i impermeabil\u0103.","robots":{"index":"index","follow":"follow","max-snippet":"max-snippet:-1","max-image-preview":"max-image-preview:large","max-video-preview":"max-video-preview:-1"},"canonical":"https:\/\/xstyle.md\/ro\/produs\/kurtka-ternua-terranova-3-0-mns-black\/","og_locale":"ro_RO","og_type":"article","og_title":"\u041a\u0443\u0440\u0442\u043a\u0430 Ternua Terranova 3.0 Mns black - \u041c\u0430\u0433\u0430\u0437\u0438\u043d Xstyle","og_description":"\u041a\u0443\u0440\u0442\u043a\u0430 Ternua Terranova 3.0 Mns black - \u0441\u0442\u0438\u043b\u044c\u043d\u0430\u044f \u0438 \u044d\u043a\u043e\u043b\u043e\u0433\u0438\u0447\u043d\u0430\u044f, \u0438\u0434\u0435\u0430\u043b\u044c\u043d\u0430 \u0434\u043b\u044f \u0430\u043a\u0442\u0438\u0432\u043d\u043e\u0433\u043e \u043e\u0442\u0434\u044b\u0445\u0430. \u041b\u0435\u0433\u043a\u0430\u044f, \u0432\u043e\u0434\u043e\u043e\u0442\u0442\u0430\u043b\u043a\u0438\u0432\u0430\u044e\u0449\u0430\u044f \u0438 \u043d\u0435\u043f\u0440\u043e\u0434\u0443\u0432\u0430\u0435\u043c\u0430\u044f.","og_url":"https:\/\/xstyle.md\/ro\/produs\/kurtka-ternua-terranova-3-0-mns-black\/","og_site_name":"\u041c\u0430\u0433\u0430\u0437\u0438\u043d Xstyle","article_publisher":"https:\/\/www.facebook.com\/xstylemd","article_modified_time":"2025-12-03T11:11:06+00:00","og_image":[{"width":2118,"height":1898,"url":"https:\/\/xstyle.md\/wp-content\/uploads\/2022\/12\/ternua-terranova-3.0-mns-black.jpg","type":"image\/jpeg"}],"twitter_card":"summary_large_image","twitter_misc":{"Pre\u021b":"8.990&nbsp;MDL","Disponibilitate":"Stoc epuizat"},"schema":{"@context":"https:\/\/schema.org","@graph":[{"@type":"WebPage","@id":"https:\/\/xstyle.md\/product\/kurtka-ternua-terranova-3-0-mns-black\/","url":"https:\/\/xstyle.md\/product\/kurtka-ternua-terranova-3-0-mns-black\/","name":"Geac\u0103 Ternua Terranova 3.0 Mns black - Magazin Xstyle","isPartOf":{"@id":"https:\/\/xstyle.md\/#website"},"primaryImageOfPage":{"@id":"https:\/\/xstyle.md\/product\/kurtka-ternua-terranova-3-0-mns-black\/#primaryimage"},"image":{"@id":"https:\/\/xstyle.md\/product\/kurtka-ternua-terranova-3-0-mns-black\/#primaryimage"},"thumbnailUrl":"https:\/\/xstyle.md\/wp-content\/uploads\/2022\/12\/ternua-terranova-3.0-mns-black.jpg","datePublished":"2022-12-14T10:42:49+00:00","dateModified":"2025-12-03T11:11:06+00:00","description":"Jacheta Ternua Terranova 3.0 Mns neagr\u0103 - stilat\u0103 \u0219i ecologic\u0103, ideal\u0103 pentru timpul liber activ. U\u0219oar\u0103, rezistent\u0103 la ap\u0103 \u0219i impermeabil\u0103.","breadcrumb":{"@id":"https:\/\/xstyle.md\/product\/kurtka-ternua-terranova-3-0-mns-black\/#breadcrumb"},"inLanguage":"ro-RO","potentialAction":[{"@type":"ReadAction","target":["https:\/\/xstyle.md\/product\/kurtka-ternua-terranova-3-0-mns-black\/"]}]},{"@type":"ImageObject","inLanguage":"ro-RO","@id":"https:\/\/xstyle.md\/product\/kurtka-ternua-terranova-3-0-mns-black\/#primaryimage","url":"https:\/\/xstyle.md\/wp-content\/uploads\/2022\/12\/ternua-terranova-3.0-mns-black.jpg","contentUrl":"https:\/\/xstyle.md\/wp-content\/uploads\/2022\/12\/ternua-terranova-3.0-mns-black.jpg","width":1920,"height":1721,"caption":"\u0422\u0435\u0440\u043c\u043e\u0431\u0435\u043b\u044c\u0435 Ternua Terranova 3.0 Mns \u0447\u0435\u0440\u043d\u0430\u044f \u043d\u0430 \u0444\u043e\u043d\u0435 \u0430\u043a\u0442\u0438\u0432\u043d\u043e\u0439 \u0436\u0438\u0437\u043d\u0438, \u0438\u0434\u0435\u0430\u043b\u044c\u043d\u043e \u043f\u043e\u0434\u0445\u043e\u0434\u0438\u0442 \u0434\u043b\u044f \u043f\u043e\u0445\u043e\u0434\u043e\u0432, \u0430\u043b\u044c\u043f\u0438\u043d\u0438\u0437\u043c\u0430 \u0438 \u043f\u0443\u0442\u0435\u0448\u0435\u0441\u0442\u0432\u0438\u0439, \u043e\u0434\u0435\u0436\u0434\u0430 \u0438 \u043e\u0431\u0443\u0432\u044c \u0434\u043b\u044f \u0430\u043a\u0442\u0438\u0432\u043d\u043e\u0433\u043e \u043e\u0442\u0434\u044b\u0445\u0430"},{"@type":"BreadcrumbList","@id":"https:\/\/xstyle.md\/product\/kurtka-ternua-terranova-3-0-mns-black\/#breadcrumb","itemListElement":[{"@type":"ListItem","position":1,"name":"\u0413\u043b\u0430\u0432\u043d\u0430\u044f \u0441\u0442\u0440\u0430\u043d\u0438\u0446\u0430","item":"https:\/\/xstyle.md\/"},{"@type":"ListItem","position":2,"name":"\u041c\u0430\u0433\u0430\u0437\u0438\u043d","item":"https:\/\/xstyle.md\/shop\/"},{"@type":"ListItem","position":3,"name":"\u041a\u0443\u0440\u0442\u043a\u0430 Ternua Terranova 3.0 Mns black"}]},{"@type":"WebSite","@id":"https:\/\/xstyle.md\/#website","url":"https:\/\/xstyle.md\/","name":"Magazinul X-Style","description":"Echipamente pentru turism \u0219i sporturi extreme \u00een Moldova. Pre\u021buri, fotografii, caracteristici \u00een Moldova.","publisher":{"@id":"https:\/\/xstyle.md\/#organization"},"alternateName":"X-Style","potentialAction":[{"@type":"SearchAction","target":{"@type":"EntryPoint","urlTemplate":"https:\/\/xstyle.md\/?s={search_term_string}"},"query-input":{"@type":"PropertyValueSpecification","valueRequired":true,"valueName":"search_term_string"}}],"inLanguage":"ro-RO"},{"@type":"Organization","@id":"https:\/\/xstyle.md\/#organization","name":"Magazinul X-Style","alternateName":"x-style","url":"https:\/\/xstyle.md\/","logo":{"@type":"ImageObject","inLanguage":"ro-RO","@id":"https:\/\/xstyle.md\/#\/schema\/logo\/image\/","url":"https:\/\/xstyle.md\/wp-content\/uploads\/2020\/06\/logoicon.svg","contentUrl":"https:\/\/xstyle.md\/wp-content\/uploads\/2020\/06\/logoicon.svg","caption":"\u041c\u0430\u0433\u0430\u0437\u0438\u043d Xstyle"},"image":{"@id":"https:\/\/xstyle.md\/#\/schema\/logo\/image\/"},"sameAs":["https:\/\/www.facebook.com\/xstylemd","https:\/\/www.instagram.com\/xstyle_md\/","https:\/\/t.me\/xstyle_outdoor"],"hasMerchantReturnPolicy":{"@type":"MerchantReturnPolicy","merchantReturnLink":"https:\/\/xstyle.md\/ro\/conditions\/"}}]},"product_price_amount":"8990.00","product_price_currency":"MDL","og_availability":"out of stock","product_availability":"out of stock","product_retailer_item_id":"8445042930540","product_condition":"new"},"_links":{"self":[{"href":"https:\/\/xstyle.md\/ro\/wp-json\/wp\/v2\/product\/61145","targetHints":{"allow":["GET"]}}],"collection":[{"href":"https:\/\/xstyle.md\/ro\/wp-json\/wp\/v2\/product"}],"about":[{"href":"https:\/\/xstyle.md\/ro\/wp-json\/wp\/v2\/types\/product"}],"replies":[{"embeddable":true,"href":"https:\/\/xstyle.md\/ro\/wp-json\/wp\/v2\/comments?post=61145"}],"wp:featuredmedia":[{"embeddable":true,"href":"https:\/\/xstyle.md\/ro\/wp-json\/wp\/v2\/media\/62088"}],"wp:attachment":[{"href":"https:\/\/xstyle.md\/ro\/wp-json\/wp\/v2\/media?parent=61145"}],"wp:term":[{"taxonomy":"product_brand","embeddable":true,"href":"https:\/\/xstyle.md\/ro\/wp-json\/wp\/v2\/product_brand?post=61145"},{"taxonomy":"product_cat","embeddable":true,"href":"https:\/\/xstyle.md\/ro\/wp-json\/wp\/v2\/product_cat?post=61145"},{"taxonomy":"product_tag","embeddable":true,"href":"https:\/\/xstyle.md\/ro\/wp-json\/wp\/v2\/product_tag?post=61145"}],"curies":[{"name":"wp","href":"https:\/\/api.w.org\/{rel}","templated":true}]}}