{"id":61130,"date":"2022-12-14T13:42:47","date_gmt":"2022-12-14T10:42:47","guid":{"rendered":"https:\/\/xstyle.md\/?post_type=product&#038;p=61130"},"modified":"2026-04-07T15:24:05","modified_gmt":"2026-04-07T12:24:05","slug":"nabor-posudy-sea-to-summit-sigma-pot-set-1-1","status":"publish","type":"product","link":"https:\/\/xstyle.md\/ro\/produs\/nabor-posudy-sea-to-summit-sigma-pot-set-1-1\/","title":{"rendered":"Set vesela Sea To Summit Sigma Pot Set 1.1"},"content":{"rendered":"<\/p>\n<p><strong>Sea To Summit Sigma Pot Set 1.1<\/strong> &#8212; un sistem de g\u0103tit compact pentru cei care c\u0103l\u0103toresc singuri \u00een camping \u0219i \u00een excursii.<\/p>\n<p>Proiectat cu o\u021bel inoxidabil de \u00eenalt\u0103 calitate de calitate marin\u0103, setul SigmaPot\u2122 este puternic, u\u0219or \u0219i durabil, cu arz\u0103torul s\u0103u rezistent la abraziune \u0219i u\u0219or de cur\u0103\u021bat. Pe scurt, tot ce ave\u021bi nevoie pentru g\u0103tit \u00een aer liber.<\/p>\n<p>Proiectat pentru ambalare compact\u0103 \u0219i depozitare convenabil\u0103, m\u00e2nerul unic patentat PIVOT-LOCK\u2122 al SigmaPot se rote\u0219te pe orizontal\u0103, se blocheaz\u0103 \u00een pozi\u021bie pentru o prindere sigur\u0103 \u0219i ergonomic\u0103 atunci c\u00e2nd este utilizat \u0219i se pliaz\u0103 pentru a men\u021bine capacul \u00eenchis pe oal\u0103 pentru compactitate \u0219i siguran\u021b\u0103.<\/p>\n<p>Baza texturat\u0103 ajut\u0103 la \u00eempiedicarea alunec\u0103rii oalei pe aragazurile de camping, iar capacul integrat LID KEEP\u2122 \u021bine capacul \u00een mod inteligent pe partea lateral\u0103 a oalei atunci c\u00e2nd nu este necesar, \u00eempiedic\u00e2nd astfel murd\u0103rirea capacului.<\/p>\n<h3>Particularit\u0103\u021bi<\/h3>\n<ul>\n<li>Ustensile f\u0103r\u0103 bisfenol A, sigure pentru cuptorul cu microunde, u\u0219oare \u0219i cu form\u0103 ergonomic\u0103<\/li>\n<li>Suprafa\u021b\u0103 din o\u021bel inoxidabil de calitate superioar\u0103<\/li>\n<li>Tratament Fluxtherm\u2122 pentru o distribu\u021bie uniform\u0103 a c\u0103ldurii<\/li>\n<li>M\u00e2ner PIVOT-LOCK\u2122 patentat cu m\u00e2ner ergonomic din silicon pentru o manevrare sigur\u0103 \u0219i u\u0219oar\u0103<\/li>\n<li>M\u00e2nerul PIVOT-LOCK\u2122 \u00eenchide bine capacul pe tigaie pentru o ambalare u\u0219oar\u0103<\/li>\n<li>Raza interioar\u0103 mare faciliteaz\u0103 cur\u0103\u021barea \u0219i se potrive\u0219te cu tac\u00e2murile Delta de la SeaToSummit<\/li>\n<li>Capac LID KEEP\u2122 patentat cu g\u0103uri de scurgere a apei<\/li>\n<li>Scar\u0103 volumetric\u0103 gradat\u0103 pentru o m\u0103surare precis\u0103<\/li>\n<li>Baza texturat\u0103 pentru stabilitate pe cuptoarele derivate<\/li>\n<li>Cana DeltaLight\u2122 Insul vine cu un capac deta\u0219abil din neopren u\u0219or de cur\u0103\u021bat \u0219i un capac din silicon<\/li>\n<\/ul>\n<h3>Caracteristici<\/h3>\n<ul>\n<li>Material - o\u021bel inoxidabil<\/li>\n<li>Dimensiuni &#8212; 14,4 x 9,6 cm<\/li>\n<li>Volum &#8212; 1,2 litri<\/li>\n<li>Greutate &#8212; 394 g<\/li>\n<\/ul>\n<h3>Setul include<\/h3>\n<ul>\n<li>Crati\u021b\u0103 SigmaPot de 1,2 litri<\/li>\n<li>Cea\u0219c\u0103 DeltaLight\u2122 Insul<\/li>\n<li>Castron DeltaLight\u2122<\/li>\n<\/ul>\n<h3>Tehnologie<\/h3>\n<ul>\n<li>BPA \u2013 este un compus chimic organic \u0219i este utilizat pentru fabricarea materialelor plastice, a policarbonatului \u0219i a r\u0103\u0219inii epoxidice. De asemenea, aceast\u0103 substan\u021b\u0103 este ad\u0103ugat\u0103 la produsele din plastic \u0219i la conserve. Principalele propriet\u0103\u021bi ale bisfenolului-A sunt propriet\u0103\u021bile de \u00eent\u0103rire \u0219i antioxidante. BPA este capabil s\u0103 p\u0103trund\u0103 \u00een corpul uman nu numai cu ajutorul alimentelor \u0219i al apei, ci \u0219i prin piele \u0219i pl\u0103m\u00e2ni. Contactul prelungit al lichidelor \u0219i al alimentelor umede cu plasticul, care con\u021bine bisfenol-A, contribuie la eliberarea acestei substan\u021be \u00een alimente. \u00cenc\u0103lzirea unor astfel de recipiente accelereaz\u0103 \u00een mod semnificativ eliberarea de bisfenol-A. Acest set este etichetat bpa fre\u0435, ceea ce indic\u0103 faptul c\u0103 la fabricarea acestui recipient nu a fost utilizat bisfenol-A.<\/li>\n<\/ul>\n<h3>Marca<\/h3>\n<p>Sea to Summit este o marc\u0103 fondat\u0103 \u00een 1990 \u00een Australia. Ofer\u0103 echipamente unice \u0219i utile pentru turism \u0219i c\u0103l\u0103torii: huse impermeabile, prosoape din microfibr\u0103, ustensile pliabile din silicon, gen\u021bi, rucsacuri, rucsacuri, corturi, saci de dormit. Fiecare articol proiectat \u00een cadrul companiei are o greutate minim\u0103 \u0219i o func\u021bionalitate maxim\u0103.<\/p>\n<p><\/p>","protected":false},"excerpt":{"rendered":"","protected":false},"featured_media":62129,"comment_status":"open","ping_status":"closed","template":"","meta":{"_acf_changed":false,"inline_featured_image":false},"product_brand":[1281],"product_cat":[84],"product_tag":[],"class_list":{"0":"post-61130","1":"product","2":"type-product","3":"status-publish","4":"has-post-thumbnail","6":"product_brand-sea-to-summit","7":"product_cat-pots","9":"first","10":"instock","11":"shipping-taxable","12":"purchasable","13":"product-type-simple"},"acf":[],"yoast_head":"<!-- This site is optimized with the Yoast SEO plugin v27.2 - https:\/\/yoast.com\/product\/yoast-seo-wordpress\/ -->\n<title>\u041d\u0430\u0431\u043e\u0440 \u043f\u043e\u0441\u0443\u0434\u044b Sea To Summit Sigma Pot Set 1.1 - \u041c\u0430\u0433\u0430\u0437\u0438\u043d Xstyle<\/title>\n<meta name=\"description\" content=\"\u041d\u0430\u0431\u043e\u0440 \u043f\u043e\u0441\u0443\u0434\u044b Sea To Summit Sigma Pot Set 1.1 \u0438\u0434\u0435\u0430\u043b\u044c\u043d\u043e \u043f\u043e\u0434\u0445\u043e\u0434\u0438\u0442 \u0434\u043b\u044f \u043a\u0435\u043c\u043f\u0438\u043d\u0433\u0430. \u041a\u043e\u043c\u043f\u0430\u043a\u0442\u043d\u044b\u0439 \u0438 \u043b\u0435\u0433\u043a\u0438\u0439, \u0432\u044b\u043f\u043e\u043b\u043d\u0435\u043d \u0438\u0437 \u043d\u0435\u0440\u0436\u0430\u0432\u0435\u044e\u0449\u0435\u0439 \u0441\u0442\u0430\u043b\u0438, \u0431\u0435\u0437 BPA.\" \/>\n<meta name=\"robots\" content=\"index, follow, max-snippet:-1, max-image-preview:large, max-video-preview:-1\" \/>\n<link rel=\"canonical\" href=\"https:\/\/xstyle.md\/ro\/produs\/nabor-posudy-sea-to-summit-sigma-pot-set-1-1\/\" \/>\n<meta property=\"og:locale\" content=\"ro_RO\" \/>\n<meta property=\"og:type\" content=\"article\" \/>\n<meta property=\"og:title\" content=\"\u041d\u0430\u0431\u043e\u0440 \u043f\u043e\u0441\u0443\u0434\u044b Sea To Summit Sigma Pot Set 1.1 - \u041c\u0430\u0433\u0430\u0437\u0438\u043d Xstyle\" \/>\n<meta property=\"og:description\" content=\"\u041d\u0430\u0431\u043e\u0440 \u043f\u043e\u0441\u0443\u0434\u044b Sea To Summit Sigma Pot Set 1.1 \u0438\u0434\u0435\u0430\u043b\u044c\u043d\u043e \u043f\u043e\u0434\u0445\u043e\u0434\u0438\u0442 \u0434\u043b\u044f \u043a\u0435\u043c\u043f\u0438\u043d\u0433\u0430. \u041a\u043e\u043c\u043f\u0430\u043a\u0442\u043d\u044b\u0439 \u0438 \u043b\u0435\u0433\u043a\u0438\u0439, \u0432\u044b\u043f\u043e\u043b\u043d\u0435\u043d \u0438\u0437 \u043d\u0435\u0440\u0436\u0430\u0432\u0435\u044e\u0449\u0435\u0439 \u0441\u0442\u0430\u043b\u0438, \u0431\u0435\u0437 BPA.\" \/>\n<meta property=\"og:url\" content=\"https:\/\/xstyle.md\/ro\/produs\/nabor-posudy-sea-to-summit-sigma-pot-set-1-1\/\" \/>\n<meta property=\"og:site_name\" content=\"\u041c\u0430\u0433\u0430\u0437\u0438\u043d Xstyle\" \/>\n<meta property=\"article:publisher\" content=\"https:\/\/www.facebook.com\/xstylemd\" \/>\n<meta property=\"article:modified_time\" content=\"2026-04-07T12:24:05+00:00\" \/>\n<meta property=\"og:image\" content=\"https:\/\/xstyle.md\/wp-content\/uploads\/2022\/12\/sea-to-summit-sigma-pot-set-1.1.jpg\" \/>\n\t<meta property=\"og:image:width\" content=\"1000\" \/>\n\t<meta property=\"og:image:height\" content=\"1000\" \/>\n\t<meta property=\"og:image:type\" content=\"image\/jpeg\" \/>\n<meta name=\"twitter:card\" content=\"summary_large_image\" \/>\n<meta name=\"twitter:label1\" content=\"Pre\u021b\" \/>\n\t<meta name=\"twitter:data1\" content=\"990&nbsp;MDL\" \/>\n\t<meta name=\"twitter:label2\" content=\"Disponibilitate\" \/>\n\t<meta name=\"twitter:data2\" content=\"\u00cen stoc\" \/>\n<script type=\"application\/ld+json\" class=\"yoast-schema-graph\">{\"@context\":\"https:\/\/schema.org\",\"@graph\":[{\"@type\":\"WebPage\",\"@id\":\"https:\/\/xstyle.md\/product\/nabor-posudy-sea-to-summit-sigma-pot-set-1-1\/\",\"url\":\"https:\/\/xstyle.md\/product\/nabor-posudy-sea-to-summit-sigma-pot-set-1-1\/\",\"name\":\"\u041d\u0430\u0431\u043e\u0440 \u043f\u043e\u0441\u0443\u0434\u044b Sea To Summit Sigma Pot Set 1.1 - \u041c\u0430\u0433\u0430\u0437\u0438\u043d Xstyle\",\"isPartOf\":{\"@id\":\"https:\/\/xstyle.md\/#website\"},\"primaryImageOfPage\":{\"@id\":\"https:\/\/xstyle.md\/product\/nabor-posudy-sea-to-summit-sigma-pot-set-1-1\/#primaryimage\"},\"image\":{\"@id\":\"https:\/\/xstyle.md\/product\/nabor-posudy-sea-to-summit-sigma-pot-set-1-1\/#primaryimage\"},\"thumbnailUrl\":\"https:\/\/xstyle.md\/wp-content\/uploads\/2022\/12\/sea-to-summit-sigma-pot-set-1.1.jpg\",\"datePublished\":\"2022-12-14T10:42:47+00:00\",\"dateModified\":\"2026-04-07T12:24:05+00:00\",\"description\":\"\u041d\u0430\u0431\u043e\u0440 \u043f\u043e\u0441\u0443\u0434\u044b Sea To Summit Sigma Pot Set 1.1 \u0438\u0434\u0435\u0430\u043b\u044c\u043d\u043e \u043f\u043e\u0434\u0445\u043e\u0434\u0438\u0442 \u0434\u043b\u044f \u043a\u0435\u043c\u043f\u0438\u043d\u0433\u0430. \u041a\u043e\u043c\u043f\u0430\u043a\u0442\u043d\u044b\u0439 \u0438 \u043b\u0435\u0433\u043a\u0438\u0439, \u0432\u044b\u043f\u043e\u043b\u043d\u0435\u043d \u0438\u0437 \u043d\u0435\u0440\u0436\u0430\u0432\u0435\u044e\u0449\u0435\u0439 \u0441\u0442\u0430\u043b\u0438, \u0431\u0435\u0437 BPA.\",\"breadcrumb\":{\"@id\":\"https:\/\/xstyle.md\/product\/nabor-posudy-sea-to-summit-sigma-pot-set-1-1\/#breadcrumb\"},\"inLanguage\":\"ro-RO\",\"potentialAction\":[{\"@type\":\"ReadAction\",\"target\":[\"https:\/\/xstyle.md\/product\/nabor-posudy-sea-to-summit-sigma-pot-set-1-1\/\"]}]},{\"@type\":\"ImageObject\",\"inLanguage\":\"ro-RO\",\"@id\":\"https:\/\/xstyle.md\/product\/nabor-posudy-sea-to-summit-sigma-pot-set-1-1\/#primaryimage\",\"url\":\"https:\/\/xstyle.md\/wp-content\/uploads\/2022\/12\/sea-to-summit-sigma-pot-set-1.1.jpg\",\"contentUrl\":\"https:\/\/xstyle.md\/wp-content\/uploads\/2022\/12\/sea-to-summit-sigma-pot-set-1.1.jpg\",\"width\":1000,\"height\":1000,\"caption\":\"\u041d\u0430\u0431\u043e\u0440 \u043f\u043e\u0441\u0443\u0434\u044b Sea To Summit Sigma Pot Set 1.1 \u0434\u043b\u044f \u0430\u043a\u0442\u0438\u0432\u043d\u043e\u0433\u043e \u043e\u0442\u0434\u044b\u0445\u0430, \u043f\u043e\u0445\u043e\u0434\u043e\u0432, \u043f\u0443\u0442\u0435\u0448\u0435\u0441\u0442\u0432\u0438\u0439 \u0438 outdoor \u0441\u043d\u0430\u0440\u044f\u0436\u0435\u043d\u0438\u044f \u0434\u043b\u044f \u043b\u044e\u0431\u0438\u0442\u0435\u043b\u0435\u0439 \u0442\u0443\u0440\u0438\u0437\u043c\u0430 \u0438 \u0430\u043b\u044c\u043f\u0438\u043d\u0438\u0437\u043c\u0430\"},{\"@type\":\"BreadcrumbList\",\"@id\":\"https:\/\/xstyle.md\/product\/nabor-posudy-sea-to-summit-sigma-pot-set-1-1\/#breadcrumb\",\"itemListElement\":[{\"@type\":\"ListItem\",\"position\":1,\"name\":\"\u0413\u043b\u0430\u0432\u043d\u0430\u044f \u0441\u0442\u0440\u0430\u043d\u0438\u0446\u0430\",\"item\":\"https:\/\/xstyle.md\/\"},{\"@type\":\"ListItem\",\"position\":2,\"name\":\"\u041c\u0430\u0433\u0430\u0437\u0438\u043d\",\"item\":\"https:\/\/xstyle.md\/shop\/\"},{\"@type\":\"ListItem\",\"position\":3,\"name\":\"\u041d\u0430\u0431\u043e\u0440 \u043f\u043e\u0441\u0443\u0434\u044b Sea To Summit Sigma Pot Set 1.1\"}]},{\"@type\":\"WebSite\",\"@id\":\"https:\/\/xstyle.md\/#website\",\"url\":\"https:\/\/xstyle.md\/\",\"name\":\"\u041c\u0430\u0433\u0430\u0437\u0438\u043d Xstyle\",\"description\":\"C\u043d\u0430\u0440\u044f\u0436\u0435\u043d\u0438\u0435 \u0434\u043b\u044f \u0442\u0443\u0440\u0438\u0437\u043c\u0430 \u0438 \u044d\u043a\u0441\u0442\u0440\u0435\u043c\u0430\u043b\u044c\u043d\u044b\u0445 \u0432\u0438\u0434\u043e\u0432 \u0441\u043f\u043e\u0440\u0442\u0430 \u0432 \u041c\u043e\u043b\u0434\u043e\u0432\u0435.. \u0426\u0435\u043d\u044b, \u0444\u043e\u0442\u043e, \u0445\u0430\u0440\u0430\u043a\u0442\u0435\u0440\u0438\u0441\u0442\u0438\u043a\u0438 \u0432 \u041c\u043e\u043b\u0434\u043e\u0432\u0435.\",\"publisher\":{\"@id\":\"https:\/\/xstyle.md\/#organization\"},\"alternateName\":\"X-Style\",\"potentialAction\":[{\"@type\":\"SearchAction\",\"target\":{\"@type\":\"EntryPoint\",\"urlTemplate\":\"https:\/\/xstyle.md\/?s={search_term_string}\"},\"query-input\":{\"@type\":\"PropertyValueSpecification\",\"valueRequired\":true,\"valueName\":\"search_term_string\"}}],\"inLanguage\":\"ro-RO\"},{\"@type\":\"Organization\",\"@id\":\"https:\/\/xstyle.md\/#organization\",\"name\":\"\u041c\u0430\u0433\u0430\u0437\u0438\u043d Xstyle\",\"alternateName\":\"x-style\",\"url\":\"https:\/\/xstyle.md\/\",\"logo\":{\"@type\":\"ImageObject\",\"inLanguage\":\"ro-RO\",\"@id\":\"https:\/\/xstyle.md\/#\/schema\/logo\/image\/\",\"url\":\"https:\/\/xstyle.md\/wp-content\/uploads\/2020\/06\/logoicon.svg\",\"contentUrl\":\"https:\/\/xstyle.md\/wp-content\/uploads\/2020\/06\/logoicon.svg\",\"caption\":\"\u041c\u0430\u0433\u0430\u0437\u0438\u043d Xstyle\"},\"image\":{\"@id\":\"https:\/\/xstyle.md\/#\/schema\/logo\/image\/\"},\"sameAs\":[\"https:\/\/www.facebook.com\/xstylemd\",\"https:\/\/www.instagram.com\/xstyle_md\/\",\"https:\/\/t.me\/xstyle_outdoor\"],\"hasMerchantReturnPolicy\":{\"@type\":\"MerchantReturnPolicy\",\"merchantReturnLink\":\"https:\/\/xstyle.md\/ro\/conditions\/\"}}]}<\/script>\n<meta property=\"product:price:amount\" content=\"990.00\" \/>\n<meta property=\"product:price:currency\" content=\"MDL\" \/>\n<meta property=\"og:availability\" content=\"instock\" \/>\n<meta property=\"product:availability\" content=\"instock\" \/>\n<meta property=\"product:retailer_item_id\" content=\"9327868151370\" \/>\n<meta property=\"product:condition\" content=\"new\" \/>\n<!-- \/ Yoast SEO plugin. -->","yoast_head_json":{"title":"Set vesela Sea To Summit Sigma Pot Set 1.1 - Magazin Xstyle","description":"Setul de vase Sea To Summit Sigma Pot Set 1.1 este perfect pentru camping. Compact \u0219i u\u0219or, realizat din o\u021bel inoxidabil, f\u0103r\u0103 BPA.","robots":{"index":"index","follow":"follow","max-snippet":"max-snippet:-1","max-image-preview":"max-image-preview:large","max-video-preview":"max-video-preview:-1"},"canonical":"https:\/\/xstyle.md\/ro\/produs\/nabor-posudy-sea-to-summit-sigma-pot-set-1-1\/","og_locale":"ro_RO","og_type":"article","og_title":"\u041d\u0430\u0431\u043e\u0440 \u043f\u043e\u0441\u0443\u0434\u044b Sea To Summit Sigma Pot Set 1.1 - \u041c\u0430\u0433\u0430\u0437\u0438\u043d Xstyle","og_description":"\u041d\u0430\u0431\u043e\u0440 \u043f\u043e\u0441\u0443\u0434\u044b Sea To Summit Sigma Pot Set 1.1 \u0438\u0434\u0435\u0430\u043b\u044c\u043d\u043e \u043f\u043e\u0434\u0445\u043e\u0434\u0438\u0442 \u0434\u043b\u044f \u043a\u0435\u043c\u043f\u0438\u043d\u0433\u0430. \u041a\u043e\u043c\u043f\u0430\u043a\u0442\u043d\u044b\u0439 \u0438 \u043b\u0435\u0433\u043a\u0438\u0439, \u0432\u044b\u043f\u043e\u043b\u043d\u0435\u043d \u0438\u0437 \u043d\u0435\u0440\u0436\u0430\u0432\u0435\u044e\u0449\u0435\u0439 \u0441\u0442\u0430\u043b\u0438, \u0431\u0435\u0437 BPA.","og_url":"https:\/\/xstyle.md\/ro\/produs\/nabor-posudy-sea-to-summit-sigma-pot-set-1-1\/","og_site_name":"\u041c\u0430\u0433\u0430\u0437\u0438\u043d Xstyle","article_publisher":"https:\/\/www.facebook.com\/xstylemd","article_modified_time":"2026-04-07T12:24:05+00:00","og_image":[{"width":1000,"height":1000,"url":"https:\/\/xstyle.md\/wp-content\/uploads\/2022\/12\/sea-to-summit-sigma-pot-set-1.1.jpg","type":"image\/jpeg"}],"twitter_card":"summary_large_image","twitter_misc":{"Pre\u021b":"990&nbsp;MDL","Disponibilitate":"\u00cen stoc"},"schema":{"@context":"https:\/\/schema.org","@graph":[{"@type":"WebPage","@id":"https:\/\/xstyle.md\/product\/nabor-posudy-sea-to-summit-sigma-pot-set-1-1\/","url":"https:\/\/xstyle.md\/product\/nabor-posudy-sea-to-summit-sigma-pot-set-1-1\/","name":"Set vesela Sea To Summit Sigma Pot Set 1.1 - Magazin Xstyle","isPartOf":{"@id":"https:\/\/xstyle.md\/#website"},"primaryImageOfPage":{"@id":"https:\/\/xstyle.md\/product\/nabor-posudy-sea-to-summit-sigma-pot-set-1-1\/#primaryimage"},"image":{"@id":"https:\/\/xstyle.md\/product\/nabor-posudy-sea-to-summit-sigma-pot-set-1-1\/#primaryimage"},"thumbnailUrl":"https:\/\/xstyle.md\/wp-content\/uploads\/2022\/12\/sea-to-summit-sigma-pot-set-1.1.jpg","datePublished":"2022-12-14T10:42:47+00:00","dateModified":"2026-04-07T12:24:05+00:00","description":"Setul de vase Sea To Summit Sigma Pot Set 1.1 este perfect pentru camping. Compact \u0219i u\u0219or, realizat din o\u021bel inoxidabil, f\u0103r\u0103 BPA.","breadcrumb":{"@id":"https:\/\/xstyle.md\/product\/nabor-posudy-sea-to-summit-sigma-pot-set-1-1\/#breadcrumb"},"inLanguage":"ro-RO","potentialAction":[{"@type":"ReadAction","target":["https:\/\/xstyle.md\/product\/nabor-posudy-sea-to-summit-sigma-pot-set-1-1\/"]}]},{"@type":"ImageObject","inLanguage":"ro-RO","@id":"https:\/\/xstyle.md\/product\/nabor-posudy-sea-to-summit-sigma-pot-set-1-1\/#primaryimage","url":"https:\/\/xstyle.md\/wp-content\/uploads\/2022\/12\/sea-to-summit-sigma-pot-set-1.1.jpg","contentUrl":"https:\/\/xstyle.md\/wp-content\/uploads\/2022\/12\/sea-to-summit-sigma-pot-set-1.1.jpg","width":1000,"height":1000,"caption":"\u041d\u0430\u0431\u043e\u0440 \u043f\u043e\u0441\u0443\u0434\u044b Sea To Summit Sigma Pot Set 1.1 \u0434\u043b\u044f \u0430\u043a\u0442\u0438\u0432\u043d\u043e\u0433\u043e \u043e\u0442\u0434\u044b\u0445\u0430, \u043f\u043e\u0445\u043e\u0434\u043e\u0432, \u043f\u0443\u0442\u0435\u0448\u0435\u0441\u0442\u0432\u0438\u0439 \u0438 outdoor \u0441\u043d\u0430\u0440\u044f\u0436\u0435\u043d\u0438\u044f \u0434\u043b\u044f \u043b\u044e\u0431\u0438\u0442\u0435\u043b\u0435\u0439 \u0442\u0443\u0440\u0438\u0437\u043c\u0430 \u0438 \u0430\u043b\u044c\u043f\u0438\u043d\u0438\u0437\u043c\u0430"},{"@type":"BreadcrumbList","@id":"https:\/\/xstyle.md\/product\/nabor-posudy-sea-to-summit-sigma-pot-set-1-1\/#breadcrumb","itemListElement":[{"@type":"ListItem","position":1,"name":"\u0413\u043b\u0430\u0432\u043d\u0430\u044f \u0441\u0442\u0440\u0430\u043d\u0438\u0446\u0430","item":"https:\/\/xstyle.md\/"},{"@type":"ListItem","position":2,"name":"\u041c\u0430\u0433\u0430\u0437\u0438\u043d","item":"https:\/\/xstyle.md\/shop\/"},{"@type":"ListItem","position":3,"name":"\u041d\u0430\u0431\u043e\u0440 \u043f\u043e\u0441\u0443\u0434\u044b Sea To Summit Sigma Pot Set 1.1"}]},{"@type":"WebSite","@id":"https:\/\/xstyle.md\/#website","url":"https:\/\/xstyle.md\/","name":"Magazinul X-Style","description":"Echipamente pentru turism \u0219i sporturi extreme \u00een Moldova. Pre\u021buri, fotografii, caracteristici \u00een Moldova.","publisher":{"@id":"https:\/\/xstyle.md\/#organization"},"alternateName":"X-Style","potentialAction":[{"@type":"SearchAction","target":{"@type":"EntryPoint","urlTemplate":"https:\/\/xstyle.md\/?s={search_term_string}"},"query-input":{"@type":"PropertyValueSpecification","valueRequired":true,"valueName":"search_term_string"}}],"inLanguage":"ro-RO"},{"@type":"Organization","@id":"https:\/\/xstyle.md\/#organization","name":"Magazinul X-Style","alternateName":"x-style","url":"https:\/\/xstyle.md\/","logo":{"@type":"ImageObject","inLanguage":"ro-RO","@id":"https:\/\/xstyle.md\/#\/schema\/logo\/image\/","url":"https:\/\/xstyle.md\/wp-content\/uploads\/2020\/06\/logoicon.svg","contentUrl":"https:\/\/xstyle.md\/wp-content\/uploads\/2020\/06\/logoicon.svg","caption":"\u041c\u0430\u0433\u0430\u0437\u0438\u043d Xstyle"},"image":{"@id":"https:\/\/xstyle.md\/#\/schema\/logo\/image\/"},"sameAs":["https:\/\/www.facebook.com\/xstylemd","https:\/\/www.instagram.com\/xstyle_md\/","https:\/\/t.me\/xstyle_outdoor"],"hasMerchantReturnPolicy":{"@type":"MerchantReturnPolicy","merchantReturnLink":"https:\/\/xstyle.md\/ro\/conditions\/"}}]},"product_price_amount":"990.00","product_price_currency":"MDL","og_availability":"instock","product_availability":"instock","product_retailer_item_id":"9327868151370","product_condition":"new"},"post_mailing_queue_ids":[],"_links":{"self":[{"href":"https:\/\/xstyle.md\/ro\/wp-json\/wp\/v2\/product\/61130","targetHints":{"allow":["GET"]}}],"collection":[{"href":"https:\/\/xstyle.md\/ro\/wp-json\/wp\/v2\/product"}],"about":[{"href":"https:\/\/xstyle.md\/ro\/wp-json\/wp\/v2\/types\/product"}],"replies":[{"embeddable":true,"href":"https:\/\/xstyle.md\/ro\/wp-json\/wp\/v2\/comments?post=61130"}],"wp:featuredmedia":[{"embeddable":true,"href":"https:\/\/xstyle.md\/ro\/wp-json\/wp\/v2\/media\/62129"}],"wp:attachment":[{"href":"https:\/\/xstyle.md\/ro\/wp-json\/wp\/v2\/media?parent=61130"}],"wp:term":[{"taxonomy":"product_brand","embeddable":true,"href":"https:\/\/xstyle.md\/ro\/wp-json\/wp\/v2\/product_brand?post=61130"},{"taxonomy":"product_cat","embeddable":true,"href":"https:\/\/xstyle.md\/ro\/wp-json\/wp\/v2\/product_cat?post=61130"},{"taxonomy":"product_tag","embeddable":true,"href":"https:\/\/xstyle.md\/ro\/wp-json\/wp\/v2\/product_tag?post=61130"}],"curies":[{"name":"wp","href":"https:\/\/api.w.org\/{rel}","templated":true}]}}