{"id":61122,"date":"2022-12-14T13:42:46","date_gmt":"2022-12-14T10:42:46","guid":{"rendered":"https:\/\/xstyle.md\/?post_type=product&#038;p=61122"},"modified":"2026-04-07T15:24:05","modified_gmt":"2026-04-07T12:24:05","slug":"kastryulya-sea-to-summit-alpha-pot-1-9l","status":"publish","type":"product","link":"https:\/\/xstyle.md\/ro\/produs\/kastryulya-sea-to-summit-alpha-pot-1-9l\/","title":{"rendered":"Crati\u021b\u0103 Sea To Summit Alpha Pot 1.9L"},"content":{"rendered":"<\/p>\n<p><strong>Sea To Summit Alpha Pot 1.9L<\/strong> &#8212; crati\u021b\u0103 u\u0219oar\u0103 din aluminiu care va fi la \u00eendem\u00e2n\u0103 \u00een orice condi\u021bii, fie c\u0103 este vorba de drume\u021bii, alpinism sau camping. Este fabricat\u0103 dintr-un aliaj anodizat dur de \u00eenalt\u0103 rezisten\u021b\u0103 \u0219i de cea mai bun\u0103 calitate, ceea ce face ca tigaia s\u0103 fie mai sub\u021bire \u0219i mai u\u0219oar\u0103, dar totu\u0219i extrem de rezistent\u0103 \u0219i durabil\u0103. Capacitatea de 1,9 litri este optim\u0103 pentru un grup de 2-3 persoane.<\/p>\n<h3>Particularit\u0103\u021bi<\/h3>\n<ul>\n<li>Pivot\u00e2nd pe o ax\u0103 orizontal\u0103, m\u00e2nerul Pivot-Lock\u2122 se blocheaz\u0103 sigur \u00een pozi\u021bie atunci c\u00e2nd g\u0103ti\u021bi, oferind o prindere ferm\u0103; atunci c\u00e2nd nu este utilizat, m\u00e2nerul pivoteaz\u0103 spre interior \u0219i blocheaz\u0103 sigur capacul \u0219i con\u021binutul \u00eenchis \u00een pozi\u021bie.<\/li>\n<li>Capacul este prev\u0103zut cu g\u0103uri pentru scurgerea u\u0219oar\u0103 a apei<\/li>\n<li>Tehnologie patentat\u0103 Lid Keep\u2122 &#8212; un design inovator care permite capacului s\u0103 se aga\u021be de marginea oalei f\u0103r\u0103 a fi nevoie s\u0103 fie a\u0219ezat pe vreo suprafa\u021b\u0103, permi\u021b\u00e2ndu-v\u0103 s\u0103 folosi\u021bi ambele m\u00e2ini pentru alte sarcini<\/li>\n<li>Baza sablat\u0103 adaug\u0103 textur\u0103, ceea ce o face mai stabil\u0103 pe arz\u0103tor<\/li>\n<li>Scar\u0103 de m\u0103surare volumetric\u0103 pentru o m\u0103surare u\u0219oar\u0103<\/li>\n<li>M\u00e2ner de silicon Pivot-lock\u2122 din o\u021bel inoxidabil<\/li>\n<li>Oalele Alpha Pots sunt compatibile \u00een mod convenabil cu vasele de g\u0103tit din seria DeltaLight \u0219i se integreaz\u0103 cu tig\u0103ile Alpha Pans<\/li>\n<\/ul>\n<h3>Caracteristici<\/h3>\n<ul>\n<li>Material &#8212; aluminiu anodizat<\/li>\n<li>Volum &#8212; 1,9 litri<\/li>\n<li>Greutate &#8212; 230 g<\/li>\n<\/ul>\n<h3>Marca<\/h3>\n<p>Sea to Summit este o marc\u0103 fondat\u0103 \u00een 1990 \u00een Australia. Ofer\u0103 echipamente unice \u0219i utile pentru turism \u0219i c\u0103l\u0103torii: huse impermeabile, prosoape din microfibr\u0103, ustensile pliabile din silicon, gen\u021bi, rucsacuri, rucsacuri, corturi, saci de dormit. Fiecare articol proiectat \u00een cadrul companiei are o greutate minim\u0103 \u0219i o func\u021bionalitate maxim\u0103.<\/p>\n<p><\/p>","protected":false},"excerpt":{"rendered":"","protected":false},"featured_media":62139,"comment_status":"open","ping_status":"closed","template":"","meta":{"_acf_changed":false,"inline_featured_image":false},"product_brand":[1281],"product_cat":[84],"product_tag":[],"class_list":{"0":"post-61122","1":"product","2":"type-product","3":"status-publish","4":"has-post-thumbnail","6":"product_brand-sea-to-summit","7":"product_cat-pots","9":"first","10":"instock","11":"shipping-taxable","12":"purchasable","13":"product-type-simple"},"acf":[],"yoast_head":"<!-- This site is optimized with the Yoast SEO plugin v27.2 - https:\/\/yoast.com\/product\/yoast-seo-wordpress\/ -->\n<title>\u041a\u0430\u0441\u0442\u0440\u044e\u043b\u044f Sea To Summit Alpha Pot 1.9L - \u041c\u0430\u0433\u0430\u0437\u0438\u043d Xstyle<\/title>\n<meta name=\"description\" content=\"\u041a\u0430\u0441\u0442\u0440\u044e\u043b\u044f Sea To Summit Alpha Pot 1.9L - \u043b\u0435\u0433\u043a\u0430\u044f \u0438 \u043f\u0440\u043e\u0447\u043d\u0430\u044f \u0438\u0437 \u0430\u043d\u043e\u0434\u0438\u0440\u043e\u0432\u0430\u043d\u043d\u043e\u0433\u043e \u0430\u043b\u044e\u043c\u0438\u043d\u0438\u044f, \u0438\u0434\u0435\u0430\u043b\u044c\u043d\u0430 \u0434\u043b\u044f \u043f\u043e\u0445\u043e\u0434\u043e\u0432 \u0438 \u043a\u0435\u043c\u043f\u0438\u043d\u0433\u0430! \u0423\u0434\u043e\u0431\u0441\u0442\u0432\u043e \u0438 \u043a\u0430\u0447\u0435\u0441\u0442\u0432\u043e \u0432 \u043a\u0430\u0436\u0434\u043e\u043c \u0438\u0441\u043f\u043e\u043b\u044c\u0437\u043e\u0432\u0430\u043d\u0438\u0438.\" \/>\n<meta name=\"robots\" content=\"index, follow, max-snippet:-1, max-image-preview:large, max-video-preview:-1\" \/>\n<link rel=\"canonical\" href=\"https:\/\/xstyle.md\/ro\/produs\/kastryulya-sea-to-summit-alpha-pot-1-9l\/\" \/>\n<meta property=\"og:locale\" content=\"ro_RO\" \/>\n<meta property=\"og:type\" content=\"article\" \/>\n<meta property=\"og:title\" content=\"\u041a\u0430\u0441\u0442\u0440\u044e\u043b\u044f Sea To Summit Alpha Pot 1.9L - \u041c\u0430\u0433\u0430\u0437\u0438\u043d Xstyle\" \/>\n<meta property=\"og:description\" content=\"\u041a\u0430\u0441\u0442\u0440\u044e\u043b\u044f Sea To Summit Alpha Pot 1.9L - \u043b\u0435\u0433\u043a\u0430\u044f \u0438 \u043f\u0440\u043e\u0447\u043d\u0430\u044f \u0438\u0437 \u0430\u043d\u043e\u0434\u0438\u0440\u043e\u0432\u0430\u043d\u043d\u043e\u0433\u043e \u0430\u043b\u044e\u043c\u0438\u043d\u0438\u044f, \u0438\u0434\u0435\u0430\u043b\u044c\u043d\u0430 \u0434\u043b\u044f \u043f\u043e\u0445\u043e\u0434\u043e\u0432 \u0438 \u043a\u0435\u043c\u043f\u0438\u043d\u0433\u0430! \u0423\u0434\u043e\u0431\u0441\u0442\u0432\u043e \u0438 \u043a\u0430\u0447\u0435\u0441\u0442\u0432\u043e \u0432 \u043a\u0430\u0436\u0434\u043e\u043c \u0438\u0441\u043f\u043e\u043b\u044c\u0437\u043e\u0432\u0430\u043d\u0438\u0438.\" \/>\n<meta property=\"og:url\" content=\"https:\/\/xstyle.md\/ro\/produs\/kastryulya-sea-to-summit-alpha-pot-1-9l\/\" \/>\n<meta property=\"og:site_name\" content=\"\u041c\u0430\u0433\u0430\u0437\u0438\u043d Xstyle\" \/>\n<meta property=\"article:publisher\" content=\"https:\/\/www.facebook.com\/xstylemd\" \/>\n<meta property=\"article:modified_time\" content=\"2026-04-07T12:24:05+00:00\" \/>\n<meta property=\"og:image\" content=\"https:\/\/xstyle.md\/wp-content\/uploads\/2022\/12\/sea-to-summit-alpha-pot-1.9l.jpg\" \/>\n\t<meta property=\"og:image:width\" content=\"747\" \/>\n\t<meta property=\"og:image:height\" content=\"657\" \/>\n\t<meta property=\"og:image:type\" content=\"image\/jpeg\" \/>\n<meta name=\"twitter:card\" content=\"summary_large_image\" \/>\n<meta name=\"twitter:label1\" content=\"Pre\u021b\" \/>\n\t<meta name=\"twitter:data1\" content=\"1.070&nbsp;MDL\" \/>\n\t<meta name=\"twitter:label2\" content=\"Disponibilitate\" \/>\n\t<meta name=\"twitter:data2\" content=\"\u00cen stoc\" \/>\n<script type=\"application\/ld+json\" class=\"yoast-schema-graph\">{\"@context\":\"https:\/\/schema.org\",\"@graph\":[{\"@type\":\"WebPage\",\"@id\":\"https:\/\/xstyle.md\/product\/kastryulya-sea-to-summit-alpha-pot-1-9l\/\",\"url\":\"https:\/\/xstyle.md\/product\/kastryulya-sea-to-summit-alpha-pot-1-9l\/\",\"name\":\"\u041a\u0430\u0441\u0442\u0440\u044e\u043b\u044f Sea To Summit Alpha Pot 1.9L - \u041c\u0430\u0433\u0430\u0437\u0438\u043d Xstyle\",\"isPartOf\":{\"@id\":\"https:\/\/xstyle.md\/#website\"},\"primaryImageOfPage\":{\"@id\":\"https:\/\/xstyle.md\/product\/kastryulya-sea-to-summit-alpha-pot-1-9l\/#primaryimage\"},\"image\":{\"@id\":\"https:\/\/xstyle.md\/product\/kastryulya-sea-to-summit-alpha-pot-1-9l\/#primaryimage\"},\"thumbnailUrl\":\"https:\/\/xstyle.md\/wp-content\/uploads\/2022\/12\/sea-to-summit-alpha-pot-1.9l.jpg\",\"datePublished\":\"2022-12-14T10:42:46+00:00\",\"dateModified\":\"2026-04-07T12:24:05+00:00\",\"description\":\"\u041a\u0430\u0441\u0442\u0440\u044e\u043b\u044f Sea To Summit Alpha Pot 1.9L - \u043b\u0435\u0433\u043a\u0430\u044f \u0438 \u043f\u0440\u043e\u0447\u043d\u0430\u044f \u0438\u0437 \u0430\u043d\u043e\u0434\u0438\u0440\u043e\u0432\u0430\u043d\u043d\u043e\u0433\u043e \u0430\u043b\u044e\u043c\u0438\u043d\u0438\u044f, \u0438\u0434\u0435\u0430\u043b\u044c\u043d\u0430 \u0434\u043b\u044f \u043f\u043e\u0445\u043e\u0434\u043e\u0432 \u0438 \u043a\u0435\u043c\u043f\u0438\u043d\u0433\u0430! \u0423\u0434\u043e\u0431\u0441\u0442\u0432\u043e \u0438 \u043a\u0430\u0447\u0435\u0441\u0442\u0432\u043e \u0432 \u043a\u0430\u0436\u0434\u043e\u043c \u0438\u0441\u043f\u043e\u043b\u044c\u0437\u043e\u0432\u0430\u043d\u0438\u0438.\",\"breadcrumb\":{\"@id\":\"https:\/\/xstyle.md\/product\/kastryulya-sea-to-summit-alpha-pot-1-9l\/#breadcrumb\"},\"inLanguage\":\"ro-RO\",\"potentialAction\":[{\"@type\":\"ReadAction\",\"target\":[\"https:\/\/xstyle.md\/product\/kastryulya-sea-to-summit-alpha-pot-1-9l\/\"]}]},{\"@type\":\"ImageObject\",\"inLanguage\":\"ro-RO\",\"@id\":\"https:\/\/xstyle.md\/product\/kastryulya-sea-to-summit-alpha-pot-1-9l\/#primaryimage\",\"url\":\"https:\/\/xstyle.md\/wp-content\/uploads\/2022\/12\/sea-to-summit-alpha-pot-1.9l.jpg\",\"contentUrl\":\"https:\/\/xstyle.md\/wp-content\/uploads\/2022\/12\/sea-to-summit-alpha-pot-1.9l.jpg\",\"width\":747,\"height\":657,\"caption\":\"\u041a\u0430\u0441\u0442\u0440\u044e\u043b\u044f Sea To Summit Alpha Pot 1.9L \u0434\u043b\u044f \u0430\u043a\u0442\u0438\u0432\u043d\u043e\u0433\u043e \u043e\u0442\u0434\u044b\u0445\u0430 \u043f\u043e\u0445\u043e\u0434\u043e\u0432 \u043f\u0443\u0442\u0435\u0448\u0435\u0441\u0442\u0432\u0438\u0439 \u043e\u0431\u0443\u0432\u0438 \u0438 \u043e\u0434\u0435\u0436\u0434\u044b \u0434\u043b\u044f \u0430\u043b\u044c\u043f\u0438\u043d\u0438\u0437\u043c\u0430 \u0438 \u0442\u0443\u0440\u0438\u0437\u043c\u0430 \u0432 \u043e\u043d\u043b\u0430\u0439\u043d \u043c\u0430\u0433\u0430\u0437\u0438\u043d\u0435\"},{\"@type\":\"BreadcrumbList\",\"@id\":\"https:\/\/xstyle.md\/product\/kastryulya-sea-to-summit-alpha-pot-1-9l\/#breadcrumb\",\"itemListElement\":[{\"@type\":\"ListItem\",\"position\":1,\"name\":\"\u0413\u043b\u0430\u0432\u043d\u0430\u044f \u0441\u0442\u0440\u0430\u043d\u0438\u0446\u0430\",\"item\":\"https:\/\/xstyle.md\/\"},{\"@type\":\"ListItem\",\"position\":2,\"name\":\"\u041c\u0430\u0433\u0430\u0437\u0438\u043d\",\"item\":\"https:\/\/xstyle.md\/shop\/\"},{\"@type\":\"ListItem\",\"position\":3,\"name\":\"\u041a\u0430\u0441\u0442\u0440\u044e\u043b\u044f Sea To Summit Alpha Pot 1.9L\"}]},{\"@type\":\"WebSite\",\"@id\":\"https:\/\/xstyle.md\/#website\",\"url\":\"https:\/\/xstyle.md\/\",\"name\":\"\u041c\u0430\u0433\u0430\u0437\u0438\u043d Xstyle\",\"description\":\"C\u043d\u0430\u0440\u044f\u0436\u0435\u043d\u0438\u0435 \u0434\u043b\u044f \u0442\u0443\u0440\u0438\u0437\u043c\u0430 \u0438 \u044d\u043a\u0441\u0442\u0440\u0435\u043c\u0430\u043b\u044c\u043d\u044b\u0445 \u0432\u0438\u0434\u043e\u0432 \u0441\u043f\u043e\u0440\u0442\u0430 \u0432 \u041c\u043e\u043b\u0434\u043e\u0432\u0435.. \u0426\u0435\u043d\u044b, \u0444\u043e\u0442\u043e, \u0445\u0430\u0440\u0430\u043a\u0442\u0435\u0440\u0438\u0441\u0442\u0438\u043a\u0438 \u0432 \u041c\u043e\u043b\u0434\u043e\u0432\u0435.\",\"publisher\":{\"@id\":\"https:\/\/xstyle.md\/#organization\"},\"alternateName\":\"X-Style\",\"potentialAction\":[{\"@type\":\"SearchAction\",\"target\":{\"@type\":\"EntryPoint\",\"urlTemplate\":\"https:\/\/xstyle.md\/?s={search_term_string}\"},\"query-input\":{\"@type\":\"PropertyValueSpecification\",\"valueRequired\":true,\"valueName\":\"search_term_string\"}}],\"inLanguage\":\"ro-RO\"},{\"@type\":\"Organization\",\"@id\":\"https:\/\/xstyle.md\/#organization\",\"name\":\"\u041c\u0430\u0433\u0430\u0437\u0438\u043d Xstyle\",\"alternateName\":\"x-style\",\"url\":\"https:\/\/xstyle.md\/\",\"logo\":{\"@type\":\"ImageObject\",\"inLanguage\":\"ro-RO\",\"@id\":\"https:\/\/xstyle.md\/#\/schema\/logo\/image\/\",\"url\":\"https:\/\/xstyle.md\/wp-content\/uploads\/2020\/06\/logoicon.svg\",\"contentUrl\":\"https:\/\/xstyle.md\/wp-content\/uploads\/2020\/06\/logoicon.svg\",\"caption\":\"\u041c\u0430\u0433\u0430\u0437\u0438\u043d Xstyle\"},\"image\":{\"@id\":\"https:\/\/xstyle.md\/#\/schema\/logo\/image\/\"},\"sameAs\":[\"https:\/\/www.facebook.com\/xstylemd\",\"https:\/\/www.instagram.com\/xstyle_md\/\",\"https:\/\/t.me\/xstyle_outdoor\"],\"hasMerchantReturnPolicy\":{\"@type\":\"MerchantReturnPolicy\",\"merchantReturnLink\":\"https:\/\/xstyle.md\/ro\/conditions\/\"}}]}<\/script>\n<meta property=\"product:price:amount\" content=\"1070.00\" \/>\n<meta property=\"product:price:currency\" content=\"MDL\" \/>\n<meta property=\"og:availability\" content=\"instock\" \/>\n<meta property=\"product:availability\" content=\"instock\" \/>\n<meta property=\"product:retailer_item_id\" content=\"9327868151707\" \/>\n<meta property=\"product:condition\" content=\"new\" \/>\n<!-- \/ Yoast SEO plugin. -->","yoast_head_json":{"title":"Crati\u021b\u0103 Sea To Summit Alpha Pot 1.9L - Magazin Xstyle","description":"Oal\u0103 Sea To Summit Alpha Pot 1.9L - u\u0219oar\u0103 \u0219i durabil\u0103 din aluminiu anodizat, ideal\u0103 pentru drume\u021bii \u0219i camping! Confort \u0219i calitate \u00een fiecare utilizare.","robots":{"index":"index","follow":"follow","max-snippet":"max-snippet:-1","max-image-preview":"max-image-preview:large","max-video-preview":"max-video-preview:-1"},"canonical":"https:\/\/xstyle.md\/ro\/produs\/kastryulya-sea-to-summit-alpha-pot-1-9l\/","og_locale":"ro_RO","og_type":"article","og_title":"\u041a\u0430\u0441\u0442\u0440\u044e\u043b\u044f Sea To Summit Alpha Pot 1.9L - \u041c\u0430\u0433\u0430\u0437\u0438\u043d Xstyle","og_description":"\u041a\u0430\u0441\u0442\u0440\u044e\u043b\u044f Sea To Summit Alpha Pot 1.9L - \u043b\u0435\u0433\u043a\u0430\u044f \u0438 \u043f\u0440\u043e\u0447\u043d\u0430\u044f \u0438\u0437 \u0430\u043d\u043e\u0434\u0438\u0440\u043e\u0432\u0430\u043d\u043d\u043e\u0433\u043e \u0430\u043b\u044e\u043c\u0438\u043d\u0438\u044f, \u0438\u0434\u0435\u0430\u043b\u044c\u043d\u0430 \u0434\u043b\u044f \u043f\u043e\u0445\u043e\u0434\u043e\u0432 \u0438 \u043a\u0435\u043c\u043f\u0438\u043d\u0433\u0430! \u0423\u0434\u043e\u0431\u0441\u0442\u0432\u043e \u0438 \u043a\u0430\u0447\u0435\u0441\u0442\u0432\u043e \u0432 \u043a\u0430\u0436\u0434\u043e\u043c \u0438\u0441\u043f\u043e\u043b\u044c\u0437\u043e\u0432\u0430\u043d\u0438\u0438.","og_url":"https:\/\/xstyle.md\/ro\/produs\/kastryulya-sea-to-summit-alpha-pot-1-9l\/","og_site_name":"\u041c\u0430\u0433\u0430\u0437\u0438\u043d Xstyle","article_publisher":"https:\/\/www.facebook.com\/xstylemd","article_modified_time":"2026-04-07T12:24:05+00:00","og_image":[{"width":747,"height":657,"url":"https:\/\/xstyle.md\/wp-content\/uploads\/2022\/12\/sea-to-summit-alpha-pot-1.9l.jpg","type":"image\/jpeg"}],"twitter_card":"summary_large_image","twitter_misc":{"Pre\u021b":"1.070&nbsp;MDL","Disponibilitate":"\u00cen stoc"},"schema":{"@context":"https:\/\/schema.org","@graph":[{"@type":"WebPage","@id":"https:\/\/xstyle.md\/product\/kastryulya-sea-to-summit-alpha-pot-1-9l\/","url":"https:\/\/xstyle.md\/product\/kastryulya-sea-to-summit-alpha-pot-1-9l\/","name":"Crati\u021b\u0103 Sea To Summit Alpha Pot 1.9L - Magazin Xstyle","isPartOf":{"@id":"https:\/\/xstyle.md\/#website"},"primaryImageOfPage":{"@id":"https:\/\/xstyle.md\/product\/kastryulya-sea-to-summit-alpha-pot-1-9l\/#primaryimage"},"image":{"@id":"https:\/\/xstyle.md\/product\/kastryulya-sea-to-summit-alpha-pot-1-9l\/#primaryimage"},"thumbnailUrl":"https:\/\/xstyle.md\/wp-content\/uploads\/2022\/12\/sea-to-summit-alpha-pot-1.9l.jpg","datePublished":"2022-12-14T10:42:46+00:00","dateModified":"2026-04-07T12:24:05+00:00","description":"Oal\u0103 Sea To Summit Alpha Pot 1.9L - u\u0219oar\u0103 \u0219i durabil\u0103 din aluminiu anodizat, ideal\u0103 pentru drume\u021bii \u0219i camping! Confort \u0219i calitate \u00een fiecare utilizare.","breadcrumb":{"@id":"https:\/\/xstyle.md\/product\/kastryulya-sea-to-summit-alpha-pot-1-9l\/#breadcrumb"},"inLanguage":"ro-RO","potentialAction":[{"@type":"ReadAction","target":["https:\/\/xstyle.md\/product\/kastryulya-sea-to-summit-alpha-pot-1-9l\/"]}]},{"@type":"ImageObject","inLanguage":"ro-RO","@id":"https:\/\/xstyle.md\/product\/kastryulya-sea-to-summit-alpha-pot-1-9l\/#primaryimage","url":"https:\/\/xstyle.md\/wp-content\/uploads\/2022\/12\/sea-to-summit-alpha-pot-1.9l.jpg","contentUrl":"https:\/\/xstyle.md\/wp-content\/uploads\/2022\/12\/sea-to-summit-alpha-pot-1.9l.jpg","width":747,"height":657,"caption":"\u041a\u0430\u0441\u0442\u0440\u044e\u043b\u044f Sea To Summit Alpha Pot 1.9L \u0434\u043b\u044f \u0430\u043a\u0442\u0438\u0432\u043d\u043e\u0433\u043e \u043e\u0442\u0434\u044b\u0445\u0430 \u043f\u043e\u0445\u043e\u0434\u043e\u0432 \u043f\u0443\u0442\u0435\u0448\u0435\u0441\u0442\u0432\u0438\u0439 \u043e\u0431\u0443\u0432\u0438 \u0438 \u043e\u0434\u0435\u0436\u0434\u044b \u0434\u043b\u044f \u0430\u043b\u044c\u043f\u0438\u043d\u0438\u0437\u043c\u0430 \u0438 \u0442\u0443\u0440\u0438\u0437\u043c\u0430 \u0432 \u043e\u043d\u043b\u0430\u0439\u043d \u043c\u0430\u0433\u0430\u0437\u0438\u043d\u0435"},{"@type":"BreadcrumbList","@id":"https:\/\/xstyle.md\/product\/kastryulya-sea-to-summit-alpha-pot-1-9l\/#breadcrumb","itemListElement":[{"@type":"ListItem","position":1,"name":"\u0413\u043b\u0430\u0432\u043d\u0430\u044f \u0441\u0442\u0440\u0430\u043d\u0438\u0446\u0430","item":"https:\/\/xstyle.md\/"},{"@type":"ListItem","position":2,"name":"\u041c\u0430\u0433\u0430\u0437\u0438\u043d","item":"https:\/\/xstyle.md\/shop\/"},{"@type":"ListItem","position":3,"name":"\u041a\u0430\u0441\u0442\u0440\u044e\u043b\u044f Sea To Summit Alpha Pot 1.9L"}]},{"@type":"WebSite","@id":"https:\/\/xstyle.md\/#website","url":"https:\/\/xstyle.md\/","name":"Magazinul X-Style","description":"Echipamente pentru turism \u0219i sporturi extreme \u00een Moldova. Pre\u021buri, fotografii, caracteristici \u00een Moldova.","publisher":{"@id":"https:\/\/xstyle.md\/#organization"},"alternateName":"X-Style","potentialAction":[{"@type":"SearchAction","target":{"@type":"EntryPoint","urlTemplate":"https:\/\/xstyle.md\/?s={search_term_string}"},"query-input":{"@type":"PropertyValueSpecification","valueRequired":true,"valueName":"search_term_string"}}],"inLanguage":"ro-RO"},{"@type":"Organization","@id":"https:\/\/xstyle.md\/#organization","name":"Magazinul X-Style","alternateName":"x-style","url":"https:\/\/xstyle.md\/","logo":{"@type":"ImageObject","inLanguage":"ro-RO","@id":"https:\/\/xstyle.md\/#\/schema\/logo\/image\/","url":"https:\/\/xstyle.md\/wp-content\/uploads\/2020\/06\/logoicon.svg","contentUrl":"https:\/\/xstyle.md\/wp-content\/uploads\/2020\/06\/logoicon.svg","caption":"\u041c\u0430\u0433\u0430\u0437\u0438\u043d Xstyle"},"image":{"@id":"https:\/\/xstyle.md\/#\/schema\/logo\/image\/"},"sameAs":["https:\/\/www.facebook.com\/xstylemd","https:\/\/www.instagram.com\/xstyle_md\/","https:\/\/t.me\/xstyle_outdoor"],"hasMerchantReturnPolicy":{"@type":"MerchantReturnPolicy","merchantReturnLink":"https:\/\/xstyle.md\/ro\/conditions\/"}}]},"product_price_amount":"1070.00","product_price_currency":"MDL","og_availability":"instock","product_availability":"instock","product_retailer_item_id":"9327868151707","product_condition":"new"},"post_mailing_queue_ids":[],"_links":{"self":[{"href":"https:\/\/xstyle.md\/ro\/wp-json\/wp\/v2\/product\/61122","targetHints":{"allow":["GET"]}}],"collection":[{"href":"https:\/\/xstyle.md\/ro\/wp-json\/wp\/v2\/product"}],"about":[{"href":"https:\/\/xstyle.md\/ro\/wp-json\/wp\/v2\/types\/product"}],"replies":[{"embeddable":true,"href":"https:\/\/xstyle.md\/ro\/wp-json\/wp\/v2\/comments?post=61122"}],"wp:featuredmedia":[{"embeddable":true,"href":"https:\/\/xstyle.md\/ro\/wp-json\/wp\/v2\/media\/62139"}],"wp:attachment":[{"href":"https:\/\/xstyle.md\/ro\/wp-json\/wp\/v2\/media?parent=61122"}],"wp:term":[{"taxonomy":"product_brand","embeddable":true,"href":"https:\/\/xstyle.md\/ro\/wp-json\/wp\/v2\/product_brand?post=61122"},{"taxonomy":"product_cat","embeddable":true,"href":"https:\/\/xstyle.md\/ro\/wp-json\/wp\/v2\/product_cat?post=61122"},{"taxonomy":"product_tag","embeddable":true,"href":"https:\/\/xstyle.md\/ro\/wp-json\/wp\/v2\/product_tag?post=61122"}],"curies":[{"name":"wp","href":"https:\/\/api.w.org\/{rel}","templated":true}]}}