{"id":61092,"date":"2022-12-14T13:42:40","date_gmt":"2022-12-14T10:42:40","guid":{"rendered":"https:\/\/xstyle.md\/?post_type=product&#038;p=61092"},"modified":"2025-02-06T17:47:58","modified_gmt":"2025-02-06T14:47:58","slug":"chehol-dlya-trenogi-petromax-transport-bag-for-cooking-tripod","status":"publish","type":"product","link":"https:\/\/xstyle.md\/ro\/produs\/chehol-dlya-trenogi-petromax-transport-bag-for-cooking-tripod\/","title":{"rendered":"Geant\u0103 de transport Petromax pentru trepied de g\u0103tit"},"content":{"rendered":"<p><strong>Geant\u0103 de transport Petromax pentru trepied de g\u0103tit<\/strong> - Geanta de transport p\u0103streaz\u0103 trepiedul \u00een siguran\u021b\u0103 \u0219i v\u0103 permite s\u0103 \u00eel lua\u021bi cu dvs. \u00een orice c\u0103l\u0103torie. Datorit\u0103 bazei \u00eent\u0103rite \u0219i \u00eenchiderii Velcro, trepiedul va fi protejat \u00een interiorul gen\u021bii, inclusiv v\u00e2rfurile ascu\u021bite. Pielea artificial\u0103 de pe m\u00e2nere faciliteaz\u0103 purtarea gen\u021bii pe um\u0103r. Un buzunar suplimentar cu fermoar la exterior ofer\u0103 spa\u021biu amplu de depozitare pentru lan\u021b, c\u00e2rlige \u0219i alte accesorii.<\/p>\n<p>Geanta de transport este fabricat\u0103 din \u021bes\u0103tur\u0103 ripstop durabil\u0103 \u0219i material rezistent, hidrofug. Dup\u0103 utilizare, trepiedul poate fi pliat \u00een geant\u0103 pentru depozitare p\u00e2n\u0103 la urm\u0103toarea utilizare.<\/p>\n<h3>Particularit\u0103\u021bi<\/h3>\n<ul>\n<li>Transport \u0219i depozitare \u00een siguran\u021b\u0103 pentru trepiede<\/li>\n<li>Ranforsare din piele artificial\u0103 pe m\u00e2nere pentru o purtare confortabil\u0103 pe um\u0103r<\/li>\n<li>Baz\u0103 ranforsat\u0103 \u0219i \u00eenchidere Velcro pentru protec\u021bie sporit\u0103<\/li>\n<li>Material durabil, rezistent la uzur\u0103 \u0219i hidrofug<\/li>\n<li>Buzunar suplimentar pentru accesorii externe<\/li>\n<\/ul>\n<h3>Caracteristici<\/h3>\n<ul>\n<li>Material - nailon<\/li>\n<li>Dimensiuni - 14 x 16 x 100 cm<\/li>\n<li>Greutate - 750 g<\/li>\n<\/ul>\n<h3>Marca<\/h3>\n<p>Petromax este un produc\u0103tor german de top de echipamente de g\u0103tit \u0219i de via\u021b\u0103 \u00een aer liber, iar gama sa de produse coordonate combin\u0103 \u00een mod unic tradi\u021bia \u0219i inovarea. Toate produsele Petromax sunt caracterizate de calitate superioar\u0103, durabilitate, detalii atent g\u00e2ndite \u0219i sunt concepute pentru to\u021bi cei care caut\u0103 compensa\u021bii pentru rutina lor \u00een aer liber \u0219i, prin urmare, camping \u00een aer liber. Lumea produselor Petromax se concentreaz\u0103 pe explorarea naturii neatinse folosind echipamente tradi\u021bionale, dar bine concepute.<\/p>","protected":false},"excerpt":{"rendered":"<p>Petromax Transport Bag for Cooking Tripod &#8212; \u0442\u0440\u0430\u043d\u0441\u043f\u043e\u0440\u0442\u0438\u0440\u043e\u0432\u043e\u0447\u043d\u0430\u044f \u0441\u0443\u043c\u043a\u0430 \u0441\u043e\u0445\u0440\u0430\u043d\u0438\u0442 \u0438 \u043f\u043e\u0437\u0432\u043e\u043b\u0438\u0442 \u0432\u0437\u044f\u0442\u044c \u0441 \u0441\u043e\u0431\u043e\u0439 \u0442\u0440\u0435\u043d\u043e\u0433\u0443 \u0432 \u043b\u044e\u0431\u043e\u0435 \u043f\u0443\u0442\u0435\u0448\u0435\u0441\u0442\u0432\u0438\u0435. \u0411\u043b\u0430\u0433\u043e\u0434\u0430\u0440\u044f \u0443\u0441\u0438\u043b\u0435\u043d\u043d\u043e\u043c\u0443 \u043e\u0441\u043d\u043e\u0432\u0430\u043d\u0438\u044e \u0438 \u0437\u0430\u0441\u0442\u0435\u0436\u043a\u0435 \u043d\u0430 \u043b\u0438\u043f\u0443\u0447\u043a\u0435 \u0442\u0440\u0435\u043d\u043e\u0433\u0430 \u0431\u0443\u0434\u0435\u0442 \u0437\u0430\u0449\u0438\u0449\u0435\u043d\u0430 \u0432\u043d\u0443\u0442\u0440\u0438 \u0441\u0443\u043c\u043a\u0438, \u0432\u043a\u043b\u044e\u0447\u0430\u044f \u0437\u0430\u043e\u0441\u0442\u0440\u0435\u043d\u043d\u044b\u0435 \u043a\u043e\u043d\u0447\u0438\u043a\u0438. \u0418\u0441\u043a\u0443\u0441\u0441\u0442\u0432\u0435\u043d\u043d\u0430\u044f \u043a\u043e\u0436\u0430 \u043d\u0430 \u0440\u0443\u0447\u043a\u0430\u0445 \u043e\u0431\u043b\u0435\u0433\u0447\u0430\u0435\u0442 \u043f\u0435\u0440\u0435\u043d\u043e\u0441\u043a\u0443 \u0441\u0443\u043c\u043a\u0438 \u043d\u0430 \u043f\u043b\u0435\u0447\u0435. \u0414\u043e\u043f\u043e\u043b\u043d\u0438\u0442\u0435\u043b\u044c\u043d\u044b\u0439 \u043a\u0430\u0440\u043c\u0430\u043d \u043d\u0430 \u043c\u043e\u043b\u043d\u0438\u0438 \u0441\u043d\u0430\u0440\u0443\u0436\u0438 \u043e\u0431\u0435\u0441\u043f\u0435\u0447\u0438\u0432\u0430\u0435\u0442 \u0434\u043e\u0441\u0442\u0430\u0442\u043e\u0447\u043d\u043e \u043c\u0435\u0441\u0442\u0430 \u0434\u043b\u044f \u0445\u0440\u0430\u043d\u0435\u043d\u0438\u044f \u0446\u0435\u043f\u043e\u0447\u043a\u0438, \u043a\u0440\u044e\u0447\u043a\u043e\u0432 [&hellip;]<\/p>\n","protected":false},"featured_media":62810,"comment_status":"open","ping_status":"closed","template":"","meta":{"_acf_changed":false,"inline_featured_image":false},"product_brand":[1420],"product_cat":[906],"product_tag":[],"class_list":{"0":"post-61092","1":"product","2":"type-product","3":"status-publish","4":"has-post-thumbnail","6":"product_brand-petromax","7":"product_cat-campfire","9":"first","10":"instock","11":"shipping-taxable","12":"purchasable","13":"product-type-simple"},"acf":[],"yoast_head":"<!-- This site is optimized with the Yoast SEO plugin v27.4 - https:\/\/yoast.com\/product\/yoast-seo-wordpress\/ -->\n<title>\u0427\u0435\u0445\u043e\u043b \u0434\u043b\u044f \u0442\u0440\u0435\u043d\u043e\u0433\u0438 Petromax Transport Bag for Cooking Tripod - \u041c\u0430\u0433\u0430\u0437\u0438\u043d Xstyle<\/title>\n<meta name=\"description\" content=\"\u0423\u0434\u043e\u0431\u043d\u044b\u0439 \u0447\u0435\u0445\u043e\u043b \u0434\u043b\u044f \u0442\u0440\u0435\u043d\u043e\u0433\u0438 Petromax \u2014 \u0438\u0434\u0435\u0430\u043b\u044c\u043d\u044b\u0439 \u0430\u043a\u0441\u0435\u0441\u0441\u0443\u0430\u0440 \u0434\u043b\u044f \u0432\u0430\u0448\u0435\u0433\u043e \u043a\u0443\u043b\u0438\u043d\u0430\u0440\u043d\u043e\u0433\u043e \u043f\u0443\u0442\u0435\u0448\u0435\u0441\u0442\u0432\u0438\u044f. \u0417\u0430\u0449\u0438\u0442\u0438\u0442\u0435 \u0438 \u0442\u0440\u0430\u043d\u0441\u043f\u043e\u0440\u0442\u0438\u0440\u0443\u0439\u0442\u0435 \u0441\u0432\u043e\u0439 \u0438\u043d\u0432\u0435\u043d\u0442\u0430\u0440\u044c \u0441 \u043a\u043e\u043c\u0444\u043e\u0440\u0442\u043e\u043c!\" \/>\n<meta name=\"robots\" content=\"index, follow, max-snippet:-1, max-image-preview:large, max-video-preview:-1\" \/>\n<link rel=\"canonical\" href=\"https:\/\/xstyle.md\/ro\/produs\/chehol-dlya-trenogi-petromax-transport-bag-for-cooking-tripod\/\" \/>\n<meta property=\"og:locale\" content=\"ro_RO\" \/>\n<meta property=\"og:type\" content=\"article\" \/>\n<meta property=\"og:title\" content=\"\u0427\u0435\u0445\u043e\u043b \u0434\u043b\u044f \u0442\u0440\u0435\u043d\u043e\u0433\u0438 Petromax Transport Bag for Cooking Tripod - \u041c\u0430\u0433\u0430\u0437\u0438\u043d Xstyle\" \/>\n<meta property=\"og:description\" content=\"\u0423\u0434\u043e\u0431\u043d\u044b\u0439 \u0447\u0435\u0445\u043e\u043b \u0434\u043b\u044f \u0442\u0440\u0435\u043d\u043e\u0433\u0438 Petromax \u2014 \u0438\u0434\u0435\u0430\u043b\u044c\u043d\u044b\u0439 \u0430\u043a\u0441\u0435\u0441\u0441\u0443\u0430\u0440 \u0434\u043b\u044f \u0432\u0430\u0448\u0435\u0433\u043e \u043a\u0443\u043b\u0438\u043d\u0430\u0440\u043d\u043e\u0433\u043e \u043f\u0443\u0442\u0435\u0448\u0435\u0441\u0442\u0432\u0438\u044f. \u0417\u0430\u0449\u0438\u0442\u0438\u0442\u0435 \u0438 \u0442\u0440\u0430\u043d\u0441\u043f\u043e\u0440\u0442\u0438\u0440\u0443\u0439\u0442\u0435 \u0441\u0432\u043e\u0439 \u0438\u043d\u0432\u0435\u043d\u0442\u0430\u0440\u044c \u0441 \u043a\u043e\u043c\u0444\u043e\u0440\u0442\u043e\u043c!\" \/>\n<meta property=\"og:url\" content=\"https:\/\/xstyle.md\/ro\/produs\/chehol-dlya-trenogi-petromax-transport-bag-for-cooking-tripod\/\" \/>\n<meta property=\"og:site_name\" content=\"\u041c\u0430\u0433\u0430\u0437\u0438\u043d Xstyle\" \/>\n<meta property=\"article:publisher\" content=\"https:\/\/www.facebook.com\/xstylemd\" \/>\n<meta property=\"article:modified_time\" content=\"2025-02-06T14:47:58+00:00\" \/>\n<meta property=\"og:image\" content=\"https:\/\/xstyle.md\/wp-content\/uploads\/2022\/12\/petromax-transport-bag-for-cooking-tripod.jpg\" \/>\n\t<meta property=\"og:image:width\" content=\"650\" \/>\n\t<meta property=\"og:image:height\" content=\"650\" \/>\n\t<meta property=\"og:image:type\" content=\"image\/jpeg\" \/>\n<meta name=\"twitter:card\" content=\"summary_large_image\" \/>\n<meta name=\"twitter:label1\" content=\"Pre\u021b\" \/>\n\t<meta name=\"twitter:data1\" content=\"790&nbsp;MDL\" \/>\n\t<meta name=\"twitter:label2\" content=\"Disponibilitate\" \/>\n\t<meta name=\"twitter:data2\" content=\"\u00cen stoc\" \/>\n<script type=\"application\/ld+json\" class=\"yoast-schema-graph\">{\"@context\":\"https:\\\/\\\/schema.org\",\"@graph\":[{\"@type\":\"WebPage\",\"@id\":\"https:\\\/\\\/xstyle.md\\\/product\\\/chehol-dlya-trenogi-petromax-transport-bag-for-cooking-tripod\\\/\",\"url\":\"https:\\\/\\\/xstyle.md\\\/product\\\/chehol-dlya-trenogi-petromax-transport-bag-for-cooking-tripod\\\/\",\"name\":\"\u0427\u0435\u0445\u043e\u043b \u0434\u043b\u044f \u0442\u0440\u0435\u043d\u043e\u0433\u0438 Petromax Transport Bag for Cooking Tripod - \u041c\u0430\u0433\u0430\u0437\u0438\u043d Xstyle\",\"isPartOf\":{\"@id\":\"https:\\\/\\\/xstyle.md\\\/#website\"},\"primaryImageOfPage\":{\"@id\":\"https:\\\/\\\/xstyle.md\\\/product\\\/chehol-dlya-trenogi-petromax-transport-bag-for-cooking-tripod\\\/#primaryimage\"},\"image\":{\"@id\":\"https:\\\/\\\/xstyle.md\\\/product\\\/chehol-dlya-trenogi-petromax-transport-bag-for-cooking-tripod\\\/#primaryimage\"},\"thumbnailUrl\":\"https:\\\/\\\/xstyle.md\\\/wp-content\\\/uploads\\\/2022\\\/12\\\/petromax-transport-bag-for-cooking-tripod.jpg\",\"datePublished\":\"2022-12-14T10:42:40+00:00\",\"dateModified\":\"2025-02-06T14:47:58+00:00\",\"description\":\"\u0423\u0434\u043e\u0431\u043d\u044b\u0439 \u0447\u0435\u0445\u043e\u043b \u0434\u043b\u044f \u0442\u0440\u0435\u043d\u043e\u0433\u0438 Petromax \u2014 \u0438\u0434\u0435\u0430\u043b\u044c\u043d\u044b\u0439 \u0430\u043a\u0441\u0435\u0441\u0441\u0443\u0430\u0440 \u0434\u043b\u044f \u0432\u0430\u0448\u0435\u0433\u043e \u043a\u0443\u043b\u0438\u043d\u0430\u0440\u043d\u043e\u0433\u043e \u043f\u0443\u0442\u0435\u0448\u0435\u0441\u0442\u0432\u0438\u044f. \u0417\u0430\u0449\u0438\u0442\u0438\u0442\u0435 \u0438 \u0442\u0440\u0430\u043d\u0441\u043f\u043e\u0440\u0442\u0438\u0440\u0443\u0439\u0442\u0435 \u0441\u0432\u043e\u0439 \u0438\u043d\u0432\u0435\u043d\u0442\u0430\u0440\u044c \u0441 \u043a\u043e\u043c\u0444\u043e\u0440\u0442\u043e\u043c!\",\"breadcrumb\":{\"@id\":\"https:\\\/\\\/xstyle.md\\\/product\\\/chehol-dlya-trenogi-petromax-transport-bag-for-cooking-tripod\\\/#breadcrumb\"},\"inLanguage\":\"ro-RO\",\"potentialAction\":[{\"@type\":\"ReadAction\",\"target\":[\"https:\\\/\\\/xstyle.md\\\/product\\\/chehol-dlya-trenogi-petromax-transport-bag-for-cooking-tripod\\\/\"]}]},{\"@type\":\"ImageObject\",\"inLanguage\":\"ro-RO\",\"@id\":\"https:\\\/\\\/xstyle.md\\\/product\\\/chehol-dlya-trenogi-petromax-transport-bag-for-cooking-tripod\\\/#primaryimage\",\"url\":\"https:\\\/\\\/xstyle.md\\\/wp-content\\\/uploads\\\/2022\\\/12\\\/petromax-transport-bag-for-cooking-tripod.jpg\",\"contentUrl\":\"https:\\\/\\\/xstyle.md\\\/wp-content\\\/uploads\\\/2022\\\/12\\\/petromax-transport-bag-for-cooking-tripod.jpg\",\"width\":650,\"height\":650,\"caption\":\"\u0427\u0435\u0445\u043e\u043b \u0434\u043b\u044f \u0442\u0440\u0435\u043d\u043e\u0433\u0438 Petromax \u0434\u043b\u044f \u043f\u0443\u0442\u0435\u0448\u0435\u0441\u0442\u0432\u0438\u0439 \u0438 \u0430\u043a\u0442\u0438\u0432\u043d\u043e\u0433\u043e \u043e\u0442\u0434\u044b\u0445\u0430, \u044d\u043a\u0438\u043f\u0438\u0440\u043e\u0432\u043a\u0430 \u0434\u043b\u044f \u043f\u043e\u0445\u043e\u0434\u043e\u0432, \u0430\u043b\u044c\u043f\u0438\u043d\u0438\u0437\u043c\u0430 \u0438 \u0442\u0443\u0440\u0438\u0437\u043c\u0430, \u0442\u043e\u0432\u0430\u0440\u044b \u0434\u043b\u044f outdoor \u0430\u043a\u0442\u0438\u0432\u043d\u043e\u0441\u0442\u0435\u0439\"},{\"@type\":\"BreadcrumbList\",\"@id\":\"https:\\\/\\\/xstyle.md\\\/product\\\/chehol-dlya-trenogi-petromax-transport-bag-for-cooking-tripod\\\/#breadcrumb\",\"itemListElement\":[{\"@type\":\"ListItem\",\"position\":1,\"name\":\"\u0413\u043b\u0430\u0432\u043d\u0430\u044f \u0441\u0442\u0440\u0430\u043d\u0438\u0446\u0430\",\"item\":\"https:\\\/\\\/xstyle.md\\\/\"},{\"@type\":\"ListItem\",\"position\":2,\"name\":\"\u041c\u0430\u0433\u0430\u0437\u0438\u043d\",\"item\":\"https:\\\/\\\/xstyle.md\\\/shop\\\/\"},{\"@type\":\"ListItem\",\"position\":3,\"name\":\"\u0427\u0435\u0445\u043e\u043b \u0434\u043b\u044f \u0442\u0440\u0435\u043d\u043e\u0433\u0438 Petromax Transport Bag for Cooking Tripod\"}]},{\"@type\":\"WebSite\",\"@id\":\"https:\\\/\\\/xstyle.md\\\/#website\",\"url\":\"https:\\\/\\\/xstyle.md\\\/\",\"name\":\"\u041c\u0430\u0433\u0430\u0437\u0438\u043d Xstyle\",\"description\":\"C\u043d\u0430\u0440\u044f\u0436\u0435\u043d\u0438\u0435 \u0434\u043b\u044f \u0442\u0443\u0440\u0438\u0437\u043c\u0430 \u0438 \u044d\u043a\u0441\u0442\u0440\u0435\u043c\u0430\u043b\u044c\u043d\u044b\u0445 \u0432\u0438\u0434\u043e\u0432 \u0441\u043f\u043e\u0440\u0442\u0430 \u0432 \u041c\u043e\u043b\u0434\u043e\u0432\u0435.. \u0426\u0435\u043d\u044b, \u0444\u043e\u0442\u043e, \u0445\u0430\u0440\u0430\u043a\u0442\u0435\u0440\u0438\u0441\u0442\u0438\u043a\u0438 \u0432 \u041c\u043e\u043b\u0434\u043e\u0432\u0435.\",\"publisher\":{\"@id\":\"https:\\\/\\\/xstyle.md\\\/#organization\"},\"alternateName\":\"X-Style\",\"potentialAction\":[{\"@type\":\"SearchAction\",\"target\":{\"@type\":\"EntryPoint\",\"urlTemplate\":\"https:\\\/\\\/xstyle.md\\\/?s={search_term_string}\"},\"query-input\":{\"@type\":\"PropertyValueSpecification\",\"valueRequired\":true,\"valueName\":\"search_term_string\"}}],\"inLanguage\":\"ro-RO\"},{\"@type\":\"Organization\",\"@id\":\"https:\\\/\\\/xstyle.md\\\/#organization\",\"name\":\"\u041c\u0430\u0433\u0430\u0437\u0438\u043d Xstyle\",\"alternateName\":\"x-style\",\"url\":\"https:\\\/\\\/xstyle.md\\\/\",\"logo\":{\"@type\":\"ImageObject\",\"inLanguage\":\"ro-RO\",\"@id\":\"https:\\\/\\\/xstyle.md\\\/#\\\/schema\\\/logo\\\/image\\\/\",\"url\":\"https:\\\/\\\/xstyle.md\\\/wp-content\\\/uploads\\\/2020\\\/06\\\/logoicon.svg\",\"contentUrl\":\"https:\\\/\\\/xstyle.md\\\/wp-content\\\/uploads\\\/2020\\\/06\\\/logoicon.svg\",\"caption\":\"\u041c\u0430\u0433\u0430\u0437\u0438\u043d Xstyle\"},\"image\":{\"@id\":\"https:\\\/\\\/xstyle.md\\\/#\\\/schema\\\/logo\\\/image\\\/\"},\"sameAs\":[\"https:\\\/\\\/www.facebook.com\\\/xstylemd\",\"https:\\\/\\\/www.instagram.com\\\/xstyle_md\\\/\",\"https:\\\/\\\/t.me\\\/xstyle_outdoor\"],\"hasMerchantReturnPolicy\":{\"@type\":\"MerchantReturnPolicy\",\"merchantReturnLink\":\"https:\\\/\\\/xstyle.md\\\/ro\\\/conditions\\\/\"}}]}<\/script>\n<meta property=\"product:price:amount\" content=\"790.00\" \/>\n<meta property=\"product:price:currency\" content=\"MDL\" \/>\n<meta property=\"og:availability\" content=\"instock\" \/>\n<meta property=\"product:availability\" content=\"instock\" \/>\n<meta property=\"product:retailer_item_id\" content=\"4250435731116\" \/>\n<meta property=\"product:condition\" content=\"new\" \/>\n<!-- \/ Yoast SEO plugin. -->","yoast_head_json":{"title":"Geant\u0103 de transport Petromax pentru trepied de g\u0103tit - Magazin Xstyle","description":"Husa confortabil\u0103 pentru trepiedul Petromax este accesoriul ideal pentru c\u0103l\u0103toria dumneavoastr\u0103 culinar\u0103. Proteja\u021bi \u0219i transporta\u021bi-v\u0103 echipamentul cu lejeritate!","robots":{"index":"index","follow":"follow","max-snippet":"max-snippet:-1","max-image-preview":"max-image-preview:large","max-video-preview":"max-video-preview:-1"},"canonical":"https:\/\/xstyle.md\/ro\/produs\/chehol-dlya-trenogi-petromax-transport-bag-for-cooking-tripod\/","og_locale":"ro_RO","og_type":"article","og_title":"\u0427\u0435\u0445\u043e\u043b \u0434\u043b\u044f \u0442\u0440\u0435\u043d\u043e\u0433\u0438 Petromax Transport Bag for Cooking Tripod - \u041c\u0430\u0433\u0430\u0437\u0438\u043d Xstyle","og_description":"\u0423\u0434\u043e\u0431\u043d\u044b\u0439 \u0447\u0435\u0445\u043e\u043b \u0434\u043b\u044f \u0442\u0440\u0435\u043d\u043e\u0433\u0438 Petromax \u2014 \u0438\u0434\u0435\u0430\u043b\u044c\u043d\u044b\u0439 \u0430\u043a\u0441\u0435\u0441\u0441\u0443\u0430\u0440 \u0434\u043b\u044f \u0432\u0430\u0448\u0435\u0433\u043e \u043a\u0443\u043b\u0438\u043d\u0430\u0440\u043d\u043e\u0433\u043e \u043f\u0443\u0442\u0435\u0448\u0435\u0441\u0442\u0432\u0438\u044f. \u0417\u0430\u0449\u0438\u0442\u0438\u0442\u0435 \u0438 \u0442\u0440\u0430\u043d\u0441\u043f\u043e\u0440\u0442\u0438\u0440\u0443\u0439\u0442\u0435 \u0441\u0432\u043e\u0439 \u0438\u043d\u0432\u0435\u043d\u0442\u0430\u0440\u044c \u0441 \u043a\u043e\u043c\u0444\u043e\u0440\u0442\u043e\u043c!","og_url":"https:\/\/xstyle.md\/ro\/produs\/chehol-dlya-trenogi-petromax-transport-bag-for-cooking-tripod\/","og_site_name":"\u041c\u0430\u0433\u0430\u0437\u0438\u043d Xstyle","article_publisher":"https:\/\/www.facebook.com\/xstylemd","article_modified_time":"2025-02-06T14:47:58+00:00","og_image":[{"width":650,"height":650,"url":"https:\/\/xstyle.md\/wp-content\/uploads\/2022\/12\/petromax-transport-bag-for-cooking-tripod.jpg","type":"image\/jpeg"}],"twitter_card":"summary_large_image","twitter_misc":{"Pre\u021b":"790&nbsp;MDL","Disponibilitate":"\u00cen stoc"},"schema":{"@context":"https:\/\/schema.org","@graph":[{"@type":"WebPage","@id":"https:\/\/xstyle.md\/product\/chehol-dlya-trenogi-petromax-transport-bag-for-cooking-tripod\/","url":"https:\/\/xstyle.md\/product\/chehol-dlya-trenogi-petromax-transport-bag-for-cooking-tripod\/","name":"Geant\u0103 de transport Petromax pentru trepied de g\u0103tit - Magazin Xstyle","isPartOf":{"@id":"https:\/\/xstyle.md\/#website"},"primaryImageOfPage":{"@id":"https:\/\/xstyle.md\/product\/chehol-dlya-trenogi-petromax-transport-bag-for-cooking-tripod\/#primaryimage"},"image":{"@id":"https:\/\/xstyle.md\/product\/chehol-dlya-trenogi-petromax-transport-bag-for-cooking-tripod\/#primaryimage"},"thumbnailUrl":"https:\/\/xstyle.md\/wp-content\/uploads\/2022\/12\/petromax-transport-bag-for-cooking-tripod.jpg","datePublished":"2022-12-14T10:42:40+00:00","dateModified":"2025-02-06T14:47:58+00:00","description":"Husa confortabil\u0103 pentru trepiedul Petromax este accesoriul ideal pentru c\u0103l\u0103toria dumneavoastr\u0103 culinar\u0103. Proteja\u021bi \u0219i transporta\u021bi-v\u0103 echipamentul cu lejeritate!","breadcrumb":{"@id":"https:\/\/xstyle.md\/product\/chehol-dlya-trenogi-petromax-transport-bag-for-cooking-tripod\/#breadcrumb"},"inLanguage":"ro-RO","potentialAction":[{"@type":"ReadAction","target":["https:\/\/xstyle.md\/product\/chehol-dlya-trenogi-petromax-transport-bag-for-cooking-tripod\/"]}]},{"@type":"ImageObject","inLanguage":"ro-RO","@id":"https:\/\/xstyle.md\/product\/chehol-dlya-trenogi-petromax-transport-bag-for-cooking-tripod\/#primaryimage","url":"https:\/\/xstyle.md\/wp-content\/uploads\/2022\/12\/petromax-transport-bag-for-cooking-tripod.jpg","contentUrl":"https:\/\/xstyle.md\/wp-content\/uploads\/2022\/12\/petromax-transport-bag-for-cooking-tripod.jpg","width":650,"height":650,"caption":"\u0427\u0435\u0445\u043e\u043b \u0434\u043b\u044f \u0442\u0440\u0435\u043d\u043e\u0433\u0438 Petromax \u0434\u043b\u044f \u043f\u0443\u0442\u0435\u0448\u0435\u0441\u0442\u0432\u0438\u0439 \u0438 \u0430\u043a\u0442\u0438\u0432\u043d\u043e\u0433\u043e \u043e\u0442\u0434\u044b\u0445\u0430, \u044d\u043a\u0438\u043f\u0438\u0440\u043e\u0432\u043a\u0430 \u0434\u043b\u044f \u043f\u043e\u0445\u043e\u0434\u043e\u0432, \u0430\u043b\u044c\u043f\u0438\u043d\u0438\u0437\u043c\u0430 \u0438 \u0442\u0443\u0440\u0438\u0437\u043c\u0430, \u0442\u043e\u0432\u0430\u0440\u044b \u0434\u043b\u044f outdoor \u0430\u043a\u0442\u0438\u0432\u043d\u043e\u0441\u0442\u0435\u0439"},{"@type":"BreadcrumbList","@id":"https:\/\/xstyle.md\/product\/chehol-dlya-trenogi-petromax-transport-bag-for-cooking-tripod\/#breadcrumb","itemListElement":[{"@type":"ListItem","position":1,"name":"\u0413\u043b\u0430\u0432\u043d\u0430\u044f \u0441\u0442\u0440\u0430\u043d\u0438\u0446\u0430","item":"https:\/\/xstyle.md\/"},{"@type":"ListItem","position":2,"name":"\u041c\u0430\u0433\u0430\u0437\u0438\u043d","item":"https:\/\/xstyle.md\/shop\/"},{"@type":"ListItem","position":3,"name":"\u0427\u0435\u0445\u043e\u043b \u0434\u043b\u044f \u0442\u0440\u0435\u043d\u043e\u0433\u0438 Petromax Transport Bag for Cooking Tripod"}]},{"@type":"WebSite","@id":"https:\/\/xstyle.md\/#website","url":"https:\/\/xstyle.md\/","name":"Magazinul X-Style","description":"Echipamente pentru turism \u0219i sporturi extreme \u00een Moldova. Pre\u021buri, fotografii, caracteristici \u00een Moldova.","publisher":{"@id":"https:\/\/xstyle.md\/#organization"},"alternateName":"X-Style","potentialAction":[{"@type":"SearchAction","target":{"@type":"EntryPoint","urlTemplate":"https:\/\/xstyle.md\/?s={search_term_string}"},"query-input":{"@type":"PropertyValueSpecification","valueRequired":true,"valueName":"search_term_string"}}],"inLanguage":"ro-RO"},{"@type":"Organization","@id":"https:\/\/xstyle.md\/#organization","name":"Magazinul X-Style","alternateName":"x-style","url":"https:\/\/xstyle.md\/","logo":{"@type":"ImageObject","inLanguage":"ro-RO","@id":"https:\/\/xstyle.md\/#\/schema\/logo\/image\/","url":"https:\/\/xstyle.md\/wp-content\/uploads\/2020\/06\/logoicon.svg","contentUrl":"https:\/\/xstyle.md\/wp-content\/uploads\/2020\/06\/logoicon.svg","caption":"\u041c\u0430\u0433\u0430\u0437\u0438\u043d Xstyle"},"image":{"@id":"https:\/\/xstyle.md\/#\/schema\/logo\/image\/"},"sameAs":["https:\/\/www.facebook.com\/xstylemd","https:\/\/www.instagram.com\/xstyle_md\/","https:\/\/t.me\/xstyle_outdoor"],"hasMerchantReturnPolicy":{"@type":"MerchantReturnPolicy","merchantReturnLink":"https:\/\/xstyle.md\/ro\/conditions\/"}}]},"product_price_amount":"790.00","product_price_currency":"MDL","og_availability":"instock","product_availability":"instock","product_retailer_item_id":"4250435731116","product_condition":"new"},"_links":{"self":[{"href":"https:\/\/xstyle.md\/ro\/wp-json\/wp\/v2\/product\/61092","targetHints":{"allow":["GET"]}}],"collection":[{"href":"https:\/\/xstyle.md\/ro\/wp-json\/wp\/v2\/product"}],"about":[{"href":"https:\/\/xstyle.md\/ro\/wp-json\/wp\/v2\/types\/product"}],"replies":[{"embeddable":true,"href":"https:\/\/xstyle.md\/ro\/wp-json\/wp\/v2\/comments?post=61092"}],"wp:featuredmedia":[{"embeddable":true,"href":"https:\/\/xstyle.md\/ro\/wp-json\/wp\/v2\/media\/62810"}],"wp:attachment":[{"href":"https:\/\/xstyle.md\/ro\/wp-json\/wp\/v2\/media?parent=61092"}],"wp:term":[{"taxonomy":"product_brand","embeddable":true,"href":"https:\/\/xstyle.md\/ro\/wp-json\/wp\/v2\/product_brand?post=61092"},{"taxonomy":"product_cat","embeddable":true,"href":"https:\/\/xstyle.md\/ro\/wp-json\/wp\/v2\/product_cat?post=61092"},{"taxonomy":"product_tag","embeddable":true,"href":"https:\/\/xstyle.md\/ro\/wp-json\/wp\/v2\/product_tag?post=61092"}],"curies":[{"name":"wp","href":"https:\/\/api.w.org\/{rel}","templated":true}]}}