{"id":61077,"date":"2022-12-14T13:42:34","date_gmt":"2022-12-14T10:42:34","guid":{"rendered":"https:\/\/xstyle.md\/?post_type=product&#038;p=61077"},"modified":"2026-03-04T12:29:19","modified_gmt":"2026-03-04T09:29:19","slug":"boks-modula-wego-500-matt","status":"publish","type":"product","link":"https:\/\/xstyle.md\/ro\/produs\/boks-modula-wego-500-matt\/","title":{"rendered":"Box de plafon Modula Wego 500 Matt"},"content":{"rendered":"<p><\/p>\n<p><strong>Box de plafon Modula Wego 500 Matt<\/strong> &#8212; este un portbagaj de plafon care se distinge prin liniile sale sportive \u0219i elegante. Datorit\u0103 lungimii sale, modelul Wego este ideal pentru transportul schiurilor \u0219i al snowboard-urilor. \u00cen\u0103l\u021bimea redus\u0103 asigur\u0103 o aerodinamic\u0103 optim\u0103, care se potrive\u0219te perfect cu estetica ma\u0219inilor sportive moderne. Wego este dotat cu detalii inovatoare care simplific\u0103 considerabil instalarea \u0219i utilizarea.<\/p>\n<h3>Particularit\u0103\u021bi<\/h3>\n<ul>\n<li>Sistem de deschidere dubl\u0103 (bilateral\u0103)<\/li>\n<li>Sistem de \u00eenchidere centralizat\u0103<\/li>\n<li>Sistem de fixare rapid\u0103 (Quick-attachment)<\/li>\n<\/ul>\n<h3>Caracteristici<\/h3>\n<ul>\n<li>Deschidere \u2013 bilateral\u0103 (pe ambele p\u0103r\u021bi)<\/li>\n<li>Mecanism de blocare \u2013 centralizat<\/li>\n<li>Dimensiuni \u2013 200 x 80 x 40 cm<\/li>\n<li>Volum \u2013 500 litri<\/li>\n<li>Capacitate de \u00eenc\u0103rcare \u2013 75 kg<\/li>\n<li>Material &#8212; Plastic ABS rezistent la zg\u00e2rieturi, cu protec\u021bie \u00eempotriva radia\u021biilor UV<\/li>\n<\/ul>\n<p><\/p>\n<h3>Marca<\/h3>\n<p>Modula - este un brand italian de prestigiu, specializat \u00een proiectarea \u0219i fabricarea de cutii portbagaj, bare de plafon \u0219i suporturi pentru biciclete. Produsele lor se remarc\u0103 prin estetica sofisticat\u0103, utilizarea materialelor de \u00eenalt\u0103 calitate (precum plasticul ABS cu protec\u021bie UV) \u0219i inova\u021bii tehnice, cum ar fi sistemele de fixare rapid\u0103 \u0219i deschiderea bilateral\u0103.<\/p>","protected":false},"excerpt":{"rendered":"<p>\u0411\u0440\u0435\u043d\u0434 Modula \u2014 \u044d\u0442\u043e \u043f\u0440\u0435\u0441\u0442\u0438\u0436\u043d\u044b\u0439 \u0438\u0442\u0430\u043b\u044c\u044f\u043d\u0441\u043a\u0438\u0439 \u0431\u0440\u0435\u043d\u0434, \u0441\u043f\u0435\u0446\u0438\u0430\u043b\u0438\u0437\u0438\u0440\u0443\u044e\u0449\u0438\u0439\u0441\u044f \u043d\u0430 \u0440\u0430\u0437\u0440\u0430\u0431\u043e\u0442\u043a\u0435 \u0438 \u043f\u0440\u043e\u0438\u0437\u0432\u043e\u0434\u0441\u0442\u0432\u0435 \u0430\u0432\u0442\u043e\u043c\u043e\u0431\u0438\u043b\u044c\u043d\u044b\u0445 \u0431\u043e\u043a\u0441\u043e\u0432, \u0440\u0435\u0439\u043b\u0438\u043d\u0433\u043e\u0432 \u0438 \u0432\u0435\u043b\u043e\u043a\u0440\u0435\u043f\u043b\u0435\u043d\u0438\u0439. \u0418\u0445 \u043f\u0440\u043e\u0434\u0443\u043a\u0446\u0438\u044f \u043e\u0442\u043b\u0438\u0447\u0430\u0435\u0442\u0441\u044f \u0438\u0437\u044b\u0441\u043a\u0430\u043d\u043d\u043e\u0439 \u044d\u0441\u0442\u0435\u0442\u0438\u043a\u043e\u0439, \u0438\u0441\u043f\u043e\u043b\u044c\u0437\u043e\u0432\u0430\u043d\u0438\u0435\u043c \u0432\u044b\u0441\u043e\u043a\u043e\u043a\u0430\u0447\u0435\u0441\u0442\u0432\u0435\u043d\u043d\u044b\u0445 \u043c\u0430\u0442\u0435\u0440\u0438\u0430\u043b\u043e\u0432 (\u0442\u0430\u043a\u0438\u0445 \u043a\u0430\u043a ABS-\u043f\u043b\u0430\u0441\u0442\u0438\u043a \u0441 \u0423\u0424-\u0437\u0430\u0449\u0438\u0442\u043e\u0439) \u0438 \u0442\u0435\u0445\u043d\u0438\u0447\u0435\u0441\u043a\u0438\u043c\u0438 \u0438\u043d\u043d\u043e\u0432\u0430\u0446\u0438\u044f\u043c\u0438, \u0432\u043a\u043b\u044e\u0447\u0430\u044f \u0441\u0438\u0441\u0442\u0435\u043c\u044b \u0431\u044b\u0441\u0442\u0440\u043e\u0433\u043e \u043a\u0440\u0435\u043f\u043b\u0435\u043d\u0438\u044f \u0438 \u0434\u0432\u0443\u0441\u0442\u043e\u0440\u043e\u043d\u043d\u0435\u0435 \u043e\u0442\u043a\u0440\u044b\u0442\u0438\u0435.<\/p>","protected":false},"featured_media":61166,"comment_status":"open","ping_status":"closed","template":"","meta":{"_acf_changed":false,"inline_featured_image":false},"product_brand":[1463],"product_cat":[1083],"product_tag":[],"class_list":{"0":"post-61077","1":"product","2":"type-product","3":"status-publish","4":"has-post-thumbnail","6":"product_brand-modula","7":"product_cat-modula","9":"first","10":"instock","11":"shipping-taxable","12":"purchasable","13":"product-type-simple"},"acf":[],"yoast_head":"<!-- This site is optimized with the Yoast SEO plugin v27.2 - https:\/\/yoast.com\/product\/yoast-seo-wordpress\/ -->\n<title>\u0411\u0430\u0433\u0430\u0436\u043d\u0438\u043a \u043d\u0430 \u043a\u0440\u044b\u0448\u0443 Modula Wego 500 Matt - \u041c\u0430\u0433\u0430\u0437\u0438\u043d Xstyle<\/title>\n<meta name=\"description\" content=\"\u041a\u0443\u043f\u0438\u0442\u044c \u0411\u043e\u043a\u0441 Modula Wego 500 Matt. \u0420\u0430\u0437\u043c\u0435\u0440 200x80x40 \u0441\u043c, \u0432\u0435\u0441 500 \u0433. \u0418\u0434\u0435\u0430\u043b\u044c\u043d\u044b\u0439 \u0432\u044b\u0431\u043e\u0440 \u0434\u043b\u044f \u0445\u0440\u0430\u043d\u0435\u043d\u0438\u044f \u0438 \u043e\u0440\u0433\u0430\u043d\u0438\u0437\u0430\u0446\u0438\u0438 \u0432\u0430\u0448\u0435\u0433\u043e \u043f\u0440\u043e\u0441\u0442\u0440\u0430\u043d\u0441\u0442\u0432\u0430. \u0417\u0430\u043a\u0430\u0436\u0438\u0442\u0435 \u0441\u0435\u0439\u0447\u0430\u0441!\" \/>\n<meta name=\"robots\" content=\"index, follow, max-snippet:-1, max-image-preview:large, max-video-preview:-1\" \/>\n<link rel=\"canonical\" href=\"https:\/\/xstyle.md\/ro\/produs\/boks-modula-wego-500-matt\/\" \/>\n<meta property=\"og:locale\" content=\"ro_RO\" \/>\n<meta property=\"og:type\" content=\"article\" \/>\n<meta property=\"og:title\" content=\"\u0411\u0430\u0433\u0430\u0436\u043d\u0438\u043a \u043d\u0430 \u043a\u0440\u044b\u0448\u0443 Modula Wego 500 Matt - \u041c\u0430\u0433\u0430\u0437\u0438\u043d Xstyle\" \/>\n<meta property=\"og:description\" content=\"\u041a\u0443\u043f\u0438\u0442\u044c \u0411\u043e\u043a\u0441 Modula Wego 500 Matt. \u0420\u0430\u0437\u043c\u0435\u0440 200x80x40 \u0441\u043c, \u0432\u0435\u0441 500 \u0433. \u0418\u0434\u0435\u0430\u043b\u044c\u043d\u044b\u0439 \u0432\u044b\u0431\u043e\u0440 \u0434\u043b\u044f \u0445\u0440\u0430\u043d\u0435\u043d\u0438\u044f \u0438 \u043e\u0440\u0433\u0430\u043d\u0438\u0437\u0430\u0446\u0438\u0438 \u0432\u0430\u0448\u0435\u0433\u043e \u043f\u0440\u043e\u0441\u0442\u0440\u0430\u043d\u0441\u0442\u0432\u0430. \u0417\u0430\u043a\u0430\u0436\u0438\u0442\u0435 \u0441\u0435\u0439\u0447\u0430\u0441!\" \/>\n<meta property=\"og:url\" content=\"https:\/\/xstyle.md\/ro\/produs\/boks-modula-wego-500-matt\/\" \/>\n<meta property=\"og:site_name\" content=\"\u041c\u0430\u0433\u0430\u0437\u0438\u043d Xstyle\" \/>\n<meta property=\"article:publisher\" content=\"https:\/\/www.facebook.com\/xstylemd\" \/>\n<meta property=\"article:modified_time\" content=\"2026-03-04T09:29:19+00:00\" \/>\n<meta property=\"og:image\" content=\"https:\/\/xstyle.md\/wp-content\/uploads\/2022\/12\/modula-wego-500-matt.jpg\" \/>\n\t<meta property=\"og:image:width\" content=\"2560\" \/>\n\t<meta property=\"og:image:height\" content=\"1707\" \/>\n\t<meta property=\"og:image:type\" content=\"image\/jpeg\" \/>\n<meta name=\"twitter:card\" content=\"summary_large_image\" \/>\n<meta name=\"twitter:label1\" content=\"Pre\u021b\" \/>\n\t<meta name=\"twitter:data1\" content=\"9.790&nbsp;MDL\" \/>\n\t<meta name=\"twitter:label2\" content=\"Disponibilitate\" \/>\n\t<meta name=\"twitter:data2\" content=\"\u00cen stoc\" \/>\n<script type=\"application\/ld+json\" class=\"yoast-schema-graph\">{\"@context\":\"https:\/\/schema.org\",\"@graph\":[{\"@type\":\"WebPage\",\"@id\":\"https:\/\/xstyle.md\/product\/boks-modula-wego-500-matt\/\",\"url\":\"https:\/\/xstyle.md\/product\/boks-modula-wego-500-matt\/\",\"name\":\"\u0411\u0430\u0433\u0430\u0436\u043d\u0438\u043a \u043d\u0430 \u043a\u0440\u044b\u0448\u0443 Modula Wego 500 Matt - \u041c\u0430\u0433\u0430\u0437\u0438\u043d Xstyle\",\"isPartOf\":{\"@id\":\"https:\/\/xstyle.md\/#website\"},\"primaryImageOfPage\":{\"@id\":\"https:\/\/xstyle.md\/product\/boks-modula-wego-500-matt\/#primaryimage\"},\"image\":{\"@id\":\"https:\/\/xstyle.md\/product\/boks-modula-wego-500-matt\/#primaryimage\"},\"thumbnailUrl\":\"https:\/\/xstyle.md\/wp-content\/uploads\/2022\/12\/modula-wego-500-matt.jpg\",\"datePublished\":\"2022-12-14T10:42:34+00:00\",\"dateModified\":\"2026-03-04T09:29:19+00:00\",\"description\":\"\u041a\u0443\u043f\u0438\u0442\u044c \u0411\u043e\u043a\u0441 Modula Wego 500 Matt. \u0420\u0430\u0437\u043c\u0435\u0440 200x80x40 \u0441\u043c, \u0432\u0435\u0441 500 \u0433. \u0418\u0434\u0435\u0430\u043b\u044c\u043d\u044b\u0439 \u0432\u044b\u0431\u043e\u0440 \u0434\u043b\u044f \u0445\u0440\u0430\u043d\u0435\u043d\u0438\u044f \u0438 \u043e\u0440\u0433\u0430\u043d\u0438\u0437\u0430\u0446\u0438\u0438 \u0432\u0430\u0448\u0435\u0433\u043e \u043f\u0440\u043e\u0441\u0442\u0440\u0430\u043d\u0441\u0442\u0432\u0430. \u0417\u0430\u043a\u0430\u0436\u0438\u0442\u0435 \u0441\u0435\u0439\u0447\u0430\u0441!\",\"breadcrumb\":{\"@id\":\"https:\/\/xstyle.md\/product\/boks-modula-wego-500-matt\/#breadcrumb\"},\"inLanguage\":\"ro-RO\",\"potentialAction\":[{\"@type\":\"ReadAction\",\"target\":[\"https:\/\/xstyle.md\/product\/boks-modula-wego-500-matt\/\"]}]},{\"@type\":\"ImageObject\",\"inLanguage\":\"ro-RO\",\"@id\":\"https:\/\/xstyle.md\/product\/boks-modula-wego-500-matt\/#primaryimage\",\"url\":\"https:\/\/xstyle.md\/wp-content\/uploads\/2022\/12\/modula-wego-500-matt.jpg\",\"contentUrl\":\"https:\/\/xstyle.md\/wp-content\/uploads\/2022\/12\/modula-wego-500-matt.jpg\",\"width\":2560,\"height\":1707,\"caption\":\"\u0411\u0430\u0433\u0430\u0436\u043d\u0438\u043a \u043d\u0430 \u043a\u0440\u044b\u0448\u0443 Modula Wego 500 Matt \u0434\u043b\u044f \u0430\u043a\u0442\u0438\u0432\u043d\u043e\u0433\u043e \u043e\u0442\u0434\u044b\u0445\u0430, \u0442\u0443\u0440\u0438\u0437\u043c\u0430, \u0445\u0430\u0439\u043a\u0438\u043d\u0433\u0430 \u0438 \u043f\u0443\u0442\u0435\u0448\u0435\u0441\u0442\u0432\u0438\u0439 - \u043e\u0434\u0435\u0436\u0434\u0430 \u0438 \u043e\u0431\u0443\u0432\u044c \u0434\u043b\u044f \u043b\u044e\u0431\u0438\u0442\u0435\u043b\u0435\u0439 \u0430\u043a\u0442\u0438\u0432\u043d\u043e\u0433\u043e \u043e\u0431\u0440\u0430\u0437\u0430 \u0436\u0438\u0437\u043d\u0438\"},{\"@type\":\"BreadcrumbList\",\"@id\":\"https:\/\/xstyle.md\/product\/boks-modula-wego-500-matt\/#breadcrumb\",\"itemListElement\":[{\"@type\":\"ListItem\",\"position\":1,\"name\":\"\u0413\u043b\u0430\u0432\u043d\u0430\u044f \u0441\u0442\u0440\u0430\u043d\u0438\u0446\u0430\",\"item\":\"https:\/\/xstyle.md\/\"},{\"@type\":\"ListItem\",\"position\":2,\"name\":\"\u041c\u0430\u0433\u0430\u0437\u0438\u043d\",\"item\":\"https:\/\/xstyle.md\/shop\/\"},{\"@type\":\"ListItem\",\"position\":3,\"name\":\"\u0411\u0430\u0433\u0430\u0436\u043d\u0438\u043a \u043d\u0430 \u043a\u0440\u044b\u0448\u0443 Modula Wego 500 Matt\"}]},{\"@type\":\"WebSite\",\"@id\":\"https:\/\/xstyle.md\/#website\",\"url\":\"https:\/\/xstyle.md\/\",\"name\":\"\u041c\u0430\u0433\u0430\u0437\u0438\u043d Xstyle\",\"description\":\"C\u043d\u0430\u0440\u044f\u0436\u0435\u043d\u0438\u0435 \u0434\u043b\u044f \u0442\u0443\u0440\u0438\u0437\u043c\u0430 \u0438 \u044d\u043a\u0441\u0442\u0440\u0435\u043c\u0430\u043b\u044c\u043d\u044b\u0445 \u0432\u0438\u0434\u043e\u0432 \u0441\u043f\u043e\u0440\u0442\u0430 \u0432 \u041c\u043e\u043b\u0434\u043e\u0432\u0435.. \u0426\u0435\u043d\u044b, \u0444\u043e\u0442\u043e, \u0445\u0430\u0440\u0430\u043a\u0442\u0435\u0440\u0438\u0441\u0442\u0438\u043a\u0438 \u0432 \u041c\u043e\u043b\u0434\u043e\u0432\u0435.\",\"publisher\":{\"@id\":\"https:\/\/xstyle.md\/#organization\"},\"alternateName\":\"X-Style\",\"potentialAction\":[{\"@type\":\"SearchAction\",\"target\":{\"@type\":\"EntryPoint\",\"urlTemplate\":\"https:\/\/xstyle.md\/?s={search_term_string}\"},\"query-input\":{\"@type\":\"PropertyValueSpecification\",\"valueRequired\":true,\"valueName\":\"search_term_string\"}}],\"inLanguage\":\"ro-RO\"},{\"@type\":\"Organization\",\"@id\":\"https:\/\/xstyle.md\/#organization\",\"name\":\"\u041c\u0430\u0433\u0430\u0437\u0438\u043d Xstyle\",\"alternateName\":\"x-style\",\"url\":\"https:\/\/xstyle.md\/\",\"logo\":{\"@type\":\"ImageObject\",\"inLanguage\":\"ro-RO\",\"@id\":\"https:\/\/xstyle.md\/#\/schema\/logo\/image\/\",\"url\":\"https:\/\/xstyle.md\/wp-content\/uploads\/2020\/06\/logoicon.svg\",\"contentUrl\":\"https:\/\/xstyle.md\/wp-content\/uploads\/2020\/06\/logoicon.svg\",\"caption\":\"\u041c\u0430\u0433\u0430\u0437\u0438\u043d Xstyle\"},\"image\":{\"@id\":\"https:\/\/xstyle.md\/#\/schema\/logo\/image\/\"},\"sameAs\":[\"https:\/\/www.facebook.com\/xstylemd\",\"https:\/\/www.instagram.com\/xstyle_md\/\",\"https:\/\/t.me\/xstyle_outdoor\"],\"hasMerchantReturnPolicy\":{\"@type\":\"MerchantReturnPolicy\",\"merchantReturnLink\":\"https:\/\/xstyle.md\/ro\/conditions\/\"}}]}<\/script>\n<meta property=\"product:price:amount\" content=\"9790.00\" \/>\n<meta property=\"product:price:currency\" content=\"MDL\" \/>\n<meta property=\"og:availability\" content=\"instock\" \/>\n<meta property=\"product:availability\" content=\"instock\" \/>\n<meta property=\"product:retailer_item_id\" content=\"2000990055699\" \/>\n<meta property=\"product:condition\" content=\"new\" \/>\n<!-- \/ Yoast SEO plugin. -->","yoast_head_json":{"title":"\u0411\u0430\u0433\u0430\u0436\u043d\u0438\u043a \u043d\u0430 \u043a\u0440\u044b\u0448\u0443 Modula Wego 500 Matt - \u041c\u0430\u0433\u0430\u0437\u0438\u043d Xstyle","description":"Cump\u0103ra\u021bi Box Modula Wego 500 Matt. Dimensiuni: 200x80x40 cm, greutate: 500 g. O alegere ideal\u0103 pentru stocarea \u0219i organizarea spa\u021biului dumneavoastr\u0103. Comanda\u021bi acum!","robots":{"index":"index","follow":"follow","max-snippet":"max-snippet:-1","max-image-preview":"max-image-preview:large","max-video-preview":"max-video-preview:-1"},"canonical":"https:\/\/xstyle.md\/ro\/produs\/boks-modula-wego-500-matt\/","og_locale":"ro_RO","og_type":"article","og_title":"\u0411\u0430\u0433\u0430\u0436\u043d\u0438\u043a \u043d\u0430 \u043a\u0440\u044b\u0448\u0443 Modula Wego 500 Matt - \u041c\u0430\u0433\u0430\u0437\u0438\u043d Xstyle","og_description":"\u041a\u0443\u043f\u0438\u0442\u044c \u0411\u043e\u043a\u0441 Modula Wego 500 Matt. \u0420\u0430\u0437\u043c\u0435\u0440 200x80x40 \u0441\u043c, \u0432\u0435\u0441 500 \u0433. \u0418\u0434\u0435\u0430\u043b\u044c\u043d\u044b\u0439 \u0432\u044b\u0431\u043e\u0440 \u0434\u043b\u044f \u0445\u0440\u0430\u043d\u0435\u043d\u0438\u044f \u0438 \u043e\u0440\u0433\u0430\u043d\u0438\u0437\u0430\u0446\u0438\u0438 \u0432\u0430\u0448\u0435\u0433\u043e \u043f\u0440\u043e\u0441\u0442\u0440\u0430\u043d\u0441\u0442\u0432\u0430. \u0417\u0430\u043a\u0430\u0436\u0438\u0442\u0435 \u0441\u0435\u0439\u0447\u0430\u0441!","og_url":"https:\/\/xstyle.md\/ro\/produs\/boks-modula-wego-500-matt\/","og_site_name":"\u041c\u0430\u0433\u0430\u0437\u0438\u043d Xstyle","article_publisher":"https:\/\/www.facebook.com\/xstylemd","article_modified_time":"2026-03-04T09:29:19+00:00","og_image":[{"width":2560,"height":1707,"url":"https:\/\/xstyle.md\/wp-content\/uploads\/2022\/12\/modula-wego-500-matt.jpg","type":"image\/jpeg"}],"twitter_card":"summary_large_image","twitter_misc":{"Pre\u021b":"9.790&nbsp;MDL","Disponibilitate":"\u00cen stoc"},"schema":{"@context":"https:\/\/schema.org","@graph":[{"@type":"WebPage","@id":"https:\/\/xstyle.md\/product\/boks-modula-wego-500-matt\/","url":"https:\/\/xstyle.md\/product\/boks-modula-wego-500-matt\/","name":"\u0411\u0430\u0433\u0430\u0436\u043d\u0438\u043a \u043d\u0430 \u043a\u0440\u044b\u0448\u0443 Modula Wego 500 Matt - \u041c\u0430\u0433\u0430\u0437\u0438\u043d Xstyle","isPartOf":{"@id":"https:\/\/xstyle.md\/#website"},"primaryImageOfPage":{"@id":"https:\/\/xstyle.md\/product\/boks-modula-wego-500-matt\/#primaryimage"},"image":{"@id":"https:\/\/xstyle.md\/product\/boks-modula-wego-500-matt\/#primaryimage"},"thumbnailUrl":"https:\/\/xstyle.md\/wp-content\/uploads\/2022\/12\/modula-wego-500-matt.jpg","datePublished":"2022-12-14T10:42:34+00:00","dateModified":"2026-03-04T09:29:19+00:00","description":"Cump\u0103ra\u021bi Box Modula Wego 500 Matt. Dimensiuni: 200x80x40 cm, greutate: 500 g. O alegere ideal\u0103 pentru stocarea \u0219i organizarea spa\u021biului dumneavoastr\u0103. Comanda\u021bi acum!","breadcrumb":{"@id":"https:\/\/xstyle.md\/product\/boks-modula-wego-500-matt\/#breadcrumb"},"inLanguage":"ro-RO","potentialAction":[{"@type":"ReadAction","target":["https:\/\/xstyle.md\/product\/boks-modula-wego-500-matt\/"]}]},{"@type":"ImageObject","inLanguage":"ro-RO","@id":"https:\/\/xstyle.md\/product\/boks-modula-wego-500-matt\/#primaryimage","url":"https:\/\/xstyle.md\/wp-content\/uploads\/2022\/12\/modula-wego-500-matt.jpg","contentUrl":"https:\/\/xstyle.md\/wp-content\/uploads\/2022\/12\/modula-wego-500-matt.jpg","width":2560,"height":1707,"caption":"\u0411\u0430\u0433\u0430\u0436\u043d\u0438\u043a \u043d\u0430 \u043a\u0440\u044b\u0448\u0443 Modula Wego 500 Matt \u0434\u043b\u044f \u0430\u043a\u0442\u0438\u0432\u043d\u043e\u0433\u043e \u043e\u0442\u0434\u044b\u0445\u0430, \u0442\u0443\u0440\u0438\u0437\u043c\u0430, \u0445\u0430\u0439\u043a\u0438\u043d\u0433\u0430 \u0438 \u043f\u0443\u0442\u0435\u0448\u0435\u0441\u0442\u0432\u0438\u0439 - \u043e\u0434\u0435\u0436\u0434\u0430 \u0438 \u043e\u0431\u0443\u0432\u044c \u0434\u043b\u044f \u043b\u044e\u0431\u0438\u0442\u0435\u043b\u0435\u0439 \u0430\u043a\u0442\u0438\u0432\u043d\u043e\u0433\u043e \u043e\u0431\u0440\u0430\u0437\u0430 \u0436\u0438\u0437\u043d\u0438"},{"@type":"BreadcrumbList","@id":"https:\/\/xstyle.md\/product\/boks-modula-wego-500-matt\/#breadcrumb","itemListElement":[{"@type":"ListItem","position":1,"name":"\u0413\u043b\u0430\u0432\u043d\u0430\u044f \u0441\u0442\u0440\u0430\u043d\u0438\u0446\u0430","item":"https:\/\/xstyle.md\/"},{"@type":"ListItem","position":2,"name":"\u041c\u0430\u0433\u0430\u0437\u0438\u043d","item":"https:\/\/xstyle.md\/shop\/"},{"@type":"ListItem","position":3,"name":"\u0411\u0430\u0433\u0430\u0436\u043d\u0438\u043a \u043d\u0430 \u043a\u0440\u044b\u0448\u0443 Modula Wego 500 Matt"}]},{"@type":"WebSite","@id":"https:\/\/xstyle.md\/#website","url":"https:\/\/xstyle.md\/","name":"Magazinul X-Style","description":"Echipamente pentru turism \u0219i sporturi extreme \u00een Moldova. Pre\u021buri, fotografii, caracteristici \u00een Moldova.","publisher":{"@id":"https:\/\/xstyle.md\/#organization"},"alternateName":"X-Style","potentialAction":[{"@type":"SearchAction","target":{"@type":"EntryPoint","urlTemplate":"https:\/\/xstyle.md\/?s={search_term_string}"},"query-input":{"@type":"PropertyValueSpecification","valueRequired":true,"valueName":"search_term_string"}}],"inLanguage":"ro-RO"},{"@type":"Organization","@id":"https:\/\/xstyle.md\/#organization","name":"Magazinul X-Style","alternateName":"x-style","url":"https:\/\/xstyle.md\/","logo":{"@type":"ImageObject","inLanguage":"ro-RO","@id":"https:\/\/xstyle.md\/#\/schema\/logo\/image\/","url":"https:\/\/xstyle.md\/wp-content\/uploads\/2020\/06\/logoicon.svg","contentUrl":"https:\/\/xstyle.md\/wp-content\/uploads\/2020\/06\/logoicon.svg","caption":"\u041c\u0430\u0433\u0430\u0437\u0438\u043d Xstyle"},"image":{"@id":"https:\/\/xstyle.md\/#\/schema\/logo\/image\/"},"sameAs":["https:\/\/www.facebook.com\/xstylemd","https:\/\/www.instagram.com\/xstyle_md\/","https:\/\/t.me\/xstyle_outdoor"],"hasMerchantReturnPolicy":{"@type":"MerchantReturnPolicy","merchantReturnLink":"https:\/\/xstyle.md\/ro\/conditions\/"}}]},"product_price_amount":"9790.00","product_price_currency":"MDL","og_availability":"instock","product_availability":"instock","product_retailer_item_id":"2000990055699","product_condition":"new"},"post_mailing_queue_ids":[],"_links":{"self":[{"href":"https:\/\/xstyle.md\/ro\/wp-json\/wp\/v2\/product\/61077","targetHints":{"allow":["GET"]}}],"collection":[{"href":"https:\/\/xstyle.md\/ro\/wp-json\/wp\/v2\/product"}],"about":[{"href":"https:\/\/xstyle.md\/ro\/wp-json\/wp\/v2\/types\/product"}],"replies":[{"embeddable":true,"href":"https:\/\/xstyle.md\/ro\/wp-json\/wp\/v2\/comments?post=61077"}],"wp:featuredmedia":[{"embeddable":true,"href":"https:\/\/xstyle.md\/ro\/wp-json\/wp\/v2\/media\/61166"}],"wp:attachment":[{"href":"https:\/\/xstyle.md\/ro\/wp-json\/wp\/v2\/media?parent=61077"}],"wp:term":[{"taxonomy":"product_brand","embeddable":true,"href":"https:\/\/xstyle.md\/ro\/wp-json\/wp\/v2\/product_brand?post=61077"},{"taxonomy":"product_cat","embeddable":true,"href":"https:\/\/xstyle.md\/ro\/wp-json\/wp\/v2\/product_cat?post=61077"},{"taxonomy":"product_tag","embeddable":true,"href":"https:\/\/xstyle.md\/ro\/wp-json\/wp\/v2\/product_tag?post=61077"}],"curies":[{"name":"wp","href":"https:\/\/api.w.org\/{rel}","templated":true}]}}