{"id":61059,"date":"2022-12-14T13:42:27","date_gmt":"2022-12-14T10:42:27","guid":{"rendered":"https:\/\/xstyle.md\/?post_type=product&#038;p=61059"},"modified":"2026-03-04T12:29:14","modified_gmt":"2026-03-04T09:29:14","slug":"botinki-keen-greta-kid-blue-coral-pink-peacock","status":"publish","type":"product","link":"https:\/\/xstyle.md\/ro\/produs\/botinki-keen-greta-kid-blue-coral-pink-peacock\/","title":{"rendered":"Bocanci Keen Greta Kid blue coral\/pink peacock"},"content":{"rendered":"<\/p>\n<p><strong>Keen Greta Kid <\/strong>&#8212; bocanci de iarn\u0103 pentru copii pentru ora\u0219 \u0219i drume\u021bii u\u0219oare. Cizmele robuste \u00eel vor \u021bine pe copilul dumneavoastr\u0103 \u00een siguran\u021b\u0103 \u00een picioare, chiar \u0219i pe trotuarele alunecoase, pentru a explora t\u0103r\u00e2mul minunilor de iarn\u0103 \u0219i a se bucura de distrac\u021bia de iarn\u0103. \u0218i datorit\u0103 izola\u021biei KEEN.WARM, picioarele vor fi confortabile \u0219i calde chiar \u0219i la -32\u02daC.<\/p>\n<h3>Particularit\u0103\u021bi<\/h3>\n<ul>\n<li>C\u00e2rlige multidirec\u021bionale pentru o trac\u021biune sporit\u0103<\/li>\n<li>Izola\u021bia termic\u0103 sintetic\u0103 KEEN.WARM asigur\u0103 o protec\u021bie fiabil\u0103 \u00eempotriva frigului<\/li>\n<li>Membrana impermeabil\u0103 \u0219i respirabil\u0103 KEEN.DRY<\/li>\n<li>Sistem Bungie cu \u00eenchidere cu \u0219iret \u0219i curea Velcro reglabil\u0103<\/li>\n<li>Eco Anti Odor pentru controlul natural al mirosului<\/li>\n<li>Piele de calitate superioar\u0103 preferat\u0103 din punct de vedere ecologic de la o t\u0103b\u0103c\u0103rie certificat\u0103 LWG<\/li>\n<li>Material hidrofug durabil, f\u0103r\u0103 PFC, rezistent la ap\u0103.<\/li>\n<\/ul>\n<h3>Caracteristici<\/h3>\n<ul>\n<li>Material &#8212; pielea<\/li>\n<li>Membran\u0103 - KEEN.DRY\u2122<\/li>\n<li>Izola\u021bie &#8212; KEEN.WARM\u2122<\/li>\n<li>Scop &#8212; drume\u021bii, urban<\/li>\n<li>Sezonul - iarn\u0103<\/li>\n<li>Greutate &#8212; 380 g.<\/li>\n<\/ul>\n<h3>Tehnologie<\/h3>\n<ul>\n<li><strong>KEEN.DRY\u2122 <\/strong>&#8212; membran\u0103 care v\u0103 men\u021bine picioarele uscate \u0219i cu adev\u0103rat in confort.<\/li>\n<li><strong>KEEN.WARM<\/strong>\u2122 &#8212; izola\u021bie anti-microbian\u0103 sintetic\u0103 u\u0219oar\u0103 patentat\u0103, cu adaos de c\u0103rbune de bambus pentru a v\u0103 men\u021bine picioarele calde.<\/li>\n<\/ul>\n<p>\n<p><img decoding=\"async\" class=\"alignnone\" style=\"width: 100%;\" src=\"https:\/\/xstyle.md\/wp-content\/uploads\/2021\/01\/razmer_keen.jpg\" alt=\"\" \/><\/p>\n\n<\/p>\n<h3>Marca<\/h3>\n<p>KEEN este compania de outdoor cu cea mai rapid\u0103 cre\u0219tere din lume. Keen s-a n\u0103scut relativ recent, \u00een martie 2003. Fondatorii s\u0103i, Martin Keen \u0219i Rory Foust, \u0219i-au propus s\u0103 creeze sandale care s\u0103 ofere protec\u021bie pentru degetele de la picioare.<\/p>\n<p>Modelele primile de incaltaminte KEEN sunt concepute pentru activit\u0103\u021bi sportive. Modelele dispuns un v\u00e2rf \u00eent\u0103rit care protejeaz\u0103 degetele de la picioare \u0219i \u00eenc\u0103l\u021b\u0103mintea \u00een sine de uzur\u0103 \u0219i deteriorare.<\/p>\n<p>\u00cen prezent, KEEN ofer\u0103 at\u00e2t \u00eenc\u0103l\u021b\u0103minte pentru odihna activ\u0103 \u0219i sport, c\u00e2t \u0219i \u00eenc\u0103l\u021b\u0103minte de mod\u0103 pentru ora\u0219e. Compania cre\u0219te \u0219i se dezvolt\u0103 rapid \u0219i, odat\u0103 cu cre\u0219terea, se schimb\u0103 constant: extinde gama de modele, adaug\u0103 noi stiluri \u0219i culori.<\/p>\n<p>","protected":false},"excerpt":{"rendered":"","protected":false},"featured_media":61451,"comment_status":"open","ping_status":"closed","template":"","meta":{"_acf_changed":false,"inline_featured_image":false},"product_brand":[1335],"product_cat":[853],"product_tag":[],"class_list":{"0":"post-61059","1":"product","2":"type-product","3":"status-publish","4":"has-post-thumbnail","6":"product_brand-keen","7":"product_cat-kids-fall-winter","9":"first","10":"instock","11":"shipping-taxable","12":"purchasable","13":"product-type-simple"},"acf":[],"yoast_head":"<!-- This site is optimized with the Yoast SEO plugin v27.2 - https:\/\/yoast.com\/product\/yoast-seo-wordpress\/ -->\n<title>\u0411\u043e\u0442\u0438\u043d\u043a\u0438 Keen Greta Kid blue coral\/pink peacock - \u041c\u0430\u0433\u0430\u0437\u0438\u043d Xstyle<\/title>\n<meta name=\"description\" content=\"\u041e\u0442\u043a\u0440\u043e\u0439\u0442\u0435 \u0434\u043b\u044f \u0441\u0432\u043e\u0435\u0433\u043e \u043c\u0430\u043b\u044b\u0448\u0430 \u0437\u0438\u043c\u043d\u0438\u0435 \u0431\u043e\u0442\u0438\u043d\u043a\u0438 Keen Greta Kid \u0432 \u0446\u0432\u0435\u0442\u0430\u0445 blue coral\/pink peacock. \u0423\u0441\u0442\u043e\u0439\u0447\u0438\u0432\u044b, \u0442\u0435\u043f\u043b\u044b\u0435 \u0438 \u0438\u0434\u0435\u0430\u043b\u044c\u043d\u044b \u0434\u043b\u044f \u0437\u0438\u043c\u043d\u0438\u0445 \u043f\u0440\u0438\u043a\u043b\u044e\u0447\u0435\u043d\u0438\u0439!\" \/>\n<meta name=\"robots\" content=\"index, follow, max-snippet:-1, max-image-preview:large, max-video-preview:-1\" \/>\n<link rel=\"canonical\" href=\"https:\/\/xstyle.md\/ro\/produs\/botinki-keen-greta-kid-blue-coral-pink-peacock\/\" \/>\n<meta property=\"og:locale\" content=\"ro_RO\" \/>\n<meta property=\"og:type\" content=\"article\" \/>\n<meta property=\"og:title\" content=\"\u0411\u043e\u0442\u0438\u043d\u043a\u0438 Keen Greta Kid blue coral\/pink peacock - \u041c\u0430\u0433\u0430\u0437\u0438\u043d Xstyle\" \/>\n<meta property=\"og:description\" content=\"\u041e\u0442\u043a\u0440\u043e\u0439\u0442\u0435 \u0434\u043b\u044f \u0441\u0432\u043e\u0435\u0433\u043e \u043c\u0430\u043b\u044b\u0448\u0430 \u0437\u0438\u043c\u043d\u0438\u0435 \u0431\u043e\u0442\u0438\u043d\u043a\u0438 Keen Greta Kid \u0432 \u0446\u0432\u0435\u0442\u0430\u0445 blue coral\/pink peacock. \u0423\u0441\u0442\u043e\u0439\u0447\u0438\u0432\u044b, \u0442\u0435\u043f\u043b\u044b\u0435 \u0438 \u0438\u0434\u0435\u0430\u043b\u044c\u043d\u044b \u0434\u043b\u044f \u0437\u0438\u043c\u043d\u0438\u0445 \u043f\u0440\u0438\u043a\u043b\u044e\u0447\u0435\u043d\u0438\u0439!\" \/>\n<meta property=\"og:url\" content=\"https:\/\/xstyle.md\/ro\/produs\/botinki-keen-greta-kid-blue-coral-pink-peacock\/\" \/>\n<meta property=\"og:site_name\" content=\"\u041c\u0430\u0433\u0430\u0437\u0438\u043d Xstyle\" \/>\n<meta property=\"article:publisher\" content=\"https:\/\/www.facebook.com\/xstylemd\" \/>\n<meta property=\"article:modified_time\" content=\"2026-03-04T09:29:14+00:00\" \/>\n<meta property=\"og:image\" content=\"https:\/\/xstyle.md\/wp-content\/uploads\/2022\/12\/keen-greta-kid-blue-coral-pink-peacock.jpg\" \/>\n\t<meta property=\"og:image:width\" content=\"1659\" \/>\n\t<meta property=\"og:image:height\" content=\"1559\" \/>\n\t<meta property=\"og:image:type\" content=\"image\/jpeg\" \/>\n<meta name=\"twitter:card\" content=\"summary_large_image\" \/>\n<meta name=\"twitter:label1\" content=\"Pre\u021b\" \/>\n\t<meta name=\"twitter:data1\" content=\"1.890&nbsp;MDL\" \/>\n\t<meta name=\"twitter:label2\" content=\"Disponibilitate\" \/>\n\t<meta name=\"twitter:data2\" content=\"\u00cen stoc\" \/>\n<script type=\"application\/ld+json\" class=\"yoast-schema-graph\">{\"@context\":\"https:\/\/schema.org\",\"@graph\":[{\"@type\":\"WebPage\",\"@id\":\"https:\/\/xstyle.md\/product\/botinki-keen-greta-kid-blue-coral-pink-peacock\/\",\"url\":\"https:\/\/xstyle.md\/product\/botinki-keen-greta-kid-blue-coral-pink-peacock\/\",\"name\":\"\u0411\u043e\u0442\u0438\u043d\u043a\u0438 Keen Greta Kid blue coral\/pink peacock - \u041c\u0430\u0433\u0430\u0437\u0438\u043d Xstyle\",\"isPartOf\":{\"@id\":\"https:\/\/xstyle.md\/#website\"},\"primaryImageOfPage\":{\"@id\":\"https:\/\/xstyle.md\/product\/botinki-keen-greta-kid-blue-coral-pink-peacock\/#primaryimage\"},\"image\":{\"@id\":\"https:\/\/xstyle.md\/product\/botinki-keen-greta-kid-blue-coral-pink-peacock\/#primaryimage\"},\"thumbnailUrl\":\"https:\/\/xstyle.md\/wp-content\/uploads\/2022\/12\/keen-greta-kid-blue-coral-pink-peacock.jpg\",\"datePublished\":\"2022-12-14T10:42:27+00:00\",\"dateModified\":\"2026-03-04T09:29:14+00:00\",\"description\":\"\u041e\u0442\u043a\u0440\u043e\u0439\u0442\u0435 \u0434\u043b\u044f \u0441\u0432\u043e\u0435\u0433\u043e \u043c\u0430\u043b\u044b\u0448\u0430 \u0437\u0438\u043c\u043d\u0438\u0435 \u0431\u043e\u0442\u0438\u043d\u043a\u0438 Keen Greta Kid \u0432 \u0446\u0432\u0435\u0442\u0430\u0445 blue coral\/pink peacock. \u0423\u0441\u0442\u043e\u0439\u0447\u0438\u0432\u044b, \u0442\u0435\u043f\u043b\u044b\u0435 \u0438 \u0438\u0434\u0435\u0430\u043b\u044c\u043d\u044b \u0434\u043b\u044f \u0437\u0438\u043c\u043d\u0438\u0445 \u043f\u0440\u0438\u043a\u043b\u044e\u0447\u0435\u043d\u0438\u0439!\",\"breadcrumb\":{\"@id\":\"https:\/\/xstyle.md\/product\/botinki-keen-greta-kid-blue-coral-pink-peacock\/#breadcrumb\"},\"inLanguage\":\"ro-RO\",\"potentialAction\":[{\"@type\":\"ReadAction\",\"target\":[\"https:\/\/xstyle.md\/product\/botinki-keen-greta-kid-blue-coral-pink-peacock\/\"]}]},{\"@type\":\"ImageObject\",\"inLanguage\":\"ro-RO\",\"@id\":\"https:\/\/xstyle.md\/product\/botinki-keen-greta-kid-blue-coral-pink-peacock\/#primaryimage\",\"url\":\"https:\/\/xstyle.md\/wp-content\/uploads\/2022\/12\/keen-greta-kid-blue-coral-pink-peacock.jpg\",\"contentUrl\":\"https:\/\/xstyle.md\/wp-content\/uploads\/2022\/12\/keen-greta-kid-blue-coral-pink-peacock.jpg\",\"width\":1659,\"height\":1559,\"caption\":\"\u0414\u0435\u0442\u0441\u043a\u0438\u0435 \u0431\u043e\u0442\u0438\u043d\u043a\u0438 Keen Greta Kid \u0434\u043b\u044f \u0430\u043a\u0442\u0438\u0432\u043d\u043e\u0433\u043e \u043e\u0442\u0434\u044b\u0445\u0430, \u0442\u0443\u0440\u0438\u0437\u043c\u0430 \u0438 \u043f\u0443\u0442\u0435\u0448\u0435\u0441\u0442\u0432\u0438\u0439, \u0443\u0434\u043e\u0431\u043d\u0430\u044f \u043e\u0431\u0443\u0432\u044c \u0434\u043b\u044f \u043f\u043e\u0445\u043e\u0434\u043e\u0432 \u0438 \u0430\u043b\u044c\u043f\u0438\u043d\u0438\u0437\u043c\u0430, \u0441\u043f\u043e\u0440\u0442\u0438\u0432\u043d\u0430\u044f \u043e\u0431\u0443\u0432\u044c \u0434\u043b\u044f \u0434\u0435\u0442\u0435\u0439 \u0432 \u0438\u043d\u0442\u0435\u0440\u043d\u0435\u0442-\u043c\u0430\u0433\u0430\u0437\u0438\u043d\u0435\"},{\"@type\":\"BreadcrumbList\",\"@id\":\"https:\/\/xstyle.md\/product\/botinki-keen-greta-kid-blue-coral-pink-peacock\/#breadcrumb\",\"itemListElement\":[{\"@type\":\"ListItem\",\"position\":1,\"name\":\"\u0413\u043b\u0430\u0432\u043d\u0430\u044f \u0441\u0442\u0440\u0430\u043d\u0438\u0446\u0430\",\"item\":\"https:\/\/xstyle.md\/\"},{\"@type\":\"ListItem\",\"position\":2,\"name\":\"\u041c\u0430\u0433\u0430\u0437\u0438\u043d\",\"item\":\"https:\/\/xstyle.md\/shop\/\"},{\"@type\":\"ListItem\",\"position\":3,\"name\":\"\u0411\u043e\u0442\u0438\u043d\u043a\u0438 Keen Greta Kid blue coral\/pink peacock\"}]},{\"@type\":\"WebSite\",\"@id\":\"https:\/\/xstyle.md\/#website\",\"url\":\"https:\/\/xstyle.md\/\",\"name\":\"\u041c\u0430\u0433\u0430\u0437\u0438\u043d Xstyle\",\"description\":\"C\u043d\u0430\u0440\u044f\u0436\u0435\u043d\u0438\u0435 \u0434\u043b\u044f \u0442\u0443\u0440\u0438\u0437\u043c\u0430 \u0438 \u044d\u043a\u0441\u0442\u0440\u0435\u043c\u0430\u043b\u044c\u043d\u044b\u0445 \u0432\u0438\u0434\u043e\u0432 \u0441\u043f\u043e\u0440\u0442\u0430 \u0432 \u041c\u043e\u043b\u0434\u043e\u0432\u0435.. \u0426\u0435\u043d\u044b, \u0444\u043e\u0442\u043e, \u0445\u0430\u0440\u0430\u043a\u0442\u0435\u0440\u0438\u0441\u0442\u0438\u043a\u0438 \u0432 \u041c\u043e\u043b\u0434\u043e\u0432\u0435.\",\"publisher\":{\"@id\":\"https:\/\/xstyle.md\/#organization\"},\"alternateName\":\"X-Style\",\"potentialAction\":[{\"@type\":\"SearchAction\",\"target\":{\"@type\":\"EntryPoint\",\"urlTemplate\":\"https:\/\/xstyle.md\/?s={search_term_string}\"},\"query-input\":{\"@type\":\"PropertyValueSpecification\",\"valueRequired\":true,\"valueName\":\"search_term_string\"}}],\"inLanguage\":\"ro-RO\"},{\"@type\":\"Organization\",\"@id\":\"https:\/\/xstyle.md\/#organization\",\"name\":\"\u041c\u0430\u0433\u0430\u0437\u0438\u043d Xstyle\",\"alternateName\":\"x-style\",\"url\":\"https:\/\/xstyle.md\/\",\"logo\":{\"@type\":\"ImageObject\",\"inLanguage\":\"ro-RO\",\"@id\":\"https:\/\/xstyle.md\/#\/schema\/logo\/image\/\",\"url\":\"https:\/\/xstyle.md\/wp-content\/uploads\/2020\/06\/logoicon.svg\",\"contentUrl\":\"https:\/\/xstyle.md\/wp-content\/uploads\/2020\/06\/logoicon.svg\",\"caption\":\"\u041c\u0430\u0433\u0430\u0437\u0438\u043d Xstyle\"},\"image\":{\"@id\":\"https:\/\/xstyle.md\/#\/schema\/logo\/image\/\"},\"sameAs\":[\"https:\/\/www.facebook.com\/xstylemd\",\"https:\/\/www.instagram.com\/xstyle_md\/\",\"https:\/\/t.me\/xstyle_outdoor\"],\"hasMerchantReturnPolicy\":{\"@type\":\"MerchantReturnPolicy\",\"merchantReturnLink\":\"https:\/\/xstyle.md\/ro\/conditions\/\"}}]}<\/script>\n<meta property=\"product:price:amount\" content=\"1890.00\" \/>\n<meta property=\"product:price:currency\" content=\"MDL\" \/>\n<meta property=\"og:availability\" content=\"instock\" \/>\n<meta property=\"product:availability\" content=\"instock\" \/>\n<meta property=\"product:retailer_item_id\" content=\"191190827833\" \/>\n<meta property=\"product:condition\" content=\"new\" \/>\n<!-- \/ Yoast SEO plugin. -->","yoast_head_json":{"title":"Bocanci Keen Greta Kid blue coral\/pink peacock - Magazin Xstyle","description":"Deschide\u021bi pentru micu\u021bul dumneavoastr\u0103 ghetele de iarn\u0103 Keen Greta Kid \u00een culorile blue coral\/pink peacock. Sunt rezistente, c\u0103lduroase \u0219i perfecte pentru aventurile de iarn\u0103!","robots":{"index":"index","follow":"follow","max-snippet":"max-snippet:-1","max-image-preview":"max-image-preview:large","max-video-preview":"max-video-preview:-1"},"canonical":"https:\/\/xstyle.md\/ro\/produs\/botinki-keen-greta-kid-blue-coral-pink-peacock\/","og_locale":"ro_RO","og_type":"article","og_title":"\u0411\u043e\u0442\u0438\u043d\u043a\u0438 Keen Greta Kid blue coral\/pink peacock - \u041c\u0430\u0433\u0430\u0437\u0438\u043d Xstyle","og_description":"\u041e\u0442\u043a\u0440\u043e\u0439\u0442\u0435 \u0434\u043b\u044f \u0441\u0432\u043e\u0435\u0433\u043e \u043c\u0430\u043b\u044b\u0448\u0430 \u0437\u0438\u043c\u043d\u0438\u0435 \u0431\u043e\u0442\u0438\u043d\u043a\u0438 Keen Greta Kid \u0432 \u0446\u0432\u0435\u0442\u0430\u0445 blue coral\/pink peacock. \u0423\u0441\u0442\u043e\u0439\u0447\u0438\u0432\u044b, \u0442\u0435\u043f\u043b\u044b\u0435 \u0438 \u0438\u0434\u0435\u0430\u043b\u044c\u043d\u044b \u0434\u043b\u044f \u0437\u0438\u043c\u043d\u0438\u0445 \u043f\u0440\u0438\u043a\u043b\u044e\u0447\u0435\u043d\u0438\u0439!","og_url":"https:\/\/xstyle.md\/ro\/produs\/botinki-keen-greta-kid-blue-coral-pink-peacock\/","og_site_name":"\u041c\u0430\u0433\u0430\u0437\u0438\u043d Xstyle","article_publisher":"https:\/\/www.facebook.com\/xstylemd","article_modified_time":"2026-03-04T09:29:14+00:00","og_image":[{"width":1659,"height":1559,"url":"https:\/\/xstyle.md\/wp-content\/uploads\/2022\/12\/keen-greta-kid-blue-coral-pink-peacock.jpg","type":"image\/jpeg"}],"twitter_card":"summary_large_image","twitter_misc":{"Pre\u021b":"1.890&nbsp;MDL","Disponibilitate":"\u00cen stoc"},"schema":{"@context":"https:\/\/schema.org","@graph":[{"@type":"WebPage","@id":"https:\/\/xstyle.md\/product\/botinki-keen-greta-kid-blue-coral-pink-peacock\/","url":"https:\/\/xstyle.md\/product\/botinki-keen-greta-kid-blue-coral-pink-peacock\/","name":"Bocanci Keen Greta Kid blue coral\/pink peacock - Magazin Xstyle","isPartOf":{"@id":"https:\/\/xstyle.md\/#website"},"primaryImageOfPage":{"@id":"https:\/\/xstyle.md\/product\/botinki-keen-greta-kid-blue-coral-pink-peacock\/#primaryimage"},"image":{"@id":"https:\/\/xstyle.md\/product\/botinki-keen-greta-kid-blue-coral-pink-peacock\/#primaryimage"},"thumbnailUrl":"https:\/\/xstyle.md\/wp-content\/uploads\/2022\/12\/keen-greta-kid-blue-coral-pink-peacock.jpg","datePublished":"2022-12-14T10:42:27+00:00","dateModified":"2026-03-04T09:29:14+00:00","description":"Deschide\u021bi pentru micu\u021bul dumneavoastr\u0103 ghetele de iarn\u0103 Keen Greta Kid \u00een culorile blue coral\/pink peacock. Sunt rezistente, c\u0103lduroase \u0219i perfecte pentru aventurile de iarn\u0103!","breadcrumb":{"@id":"https:\/\/xstyle.md\/product\/botinki-keen-greta-kid-blue-coral-pink-peacock\/#breadcrumb"},"inLanguage":"ro-RO","potentialAction":[{"@type":"ReadAction","target":["https:\/\/xstyle.md\/product\/botinki-keen-greta-kid-blue-coral-pink-peacock\/"]}]},{"@type":"ImageObject","inLanguage":"ro-RO","@id":"https:\/\/xstyle.md\/product\/botinki-keen-greta-kid-blue-coral-pink-peacock\/#primaryimage","url":"https:\/\/xstyle.md\/wp-content\/uploads\/2022\/12\/keen-greta-kid-blue-coral-pink-peacock.jpg","contentUrl":"https:\/\/xstyle.md\/wp-content\/uploads\/2022\/12\/keen-greta-kid-blue-coral-pink-peacock.jpg","width":1659,"height":1559,"caption":"\u0414\u0435\u0442\u0441\u043a\u0438\u0435 \u0431\u043e\u0442\u0438\u043d\u043a\u0438 Keen Greta Kid \u0434\u043b\u044f \u0430\u043a\u0442\u0438\u0432\u043d\u043e\u0433\u043e \u043e\u0442\u0434\u044b\u0445\u0430, \u0442\u0443\u0440\u0438\u0437\u043c\u0430 \u0438 \u043f\u0443\u0442\u0435\u0448\u0435\u0441\u0442\u0432\u0438\u0439, \u0443\u0434\u043e\u0431\u043d\u0430\u044f \u043e\u0431\u0443\u0432\u044c \u0434\u043b\u044f \u043f\u043e\u0445\u043e\u0434\u043e\u0432 \u0438 \u0430\u043b\u044c\u043f\u0438\u043d\u0438\u0437\u043c\u0430, \u0441\u043f\u043e\u0440\u0442\u0438\u0432\u043d\u0430\u044f \u043e\u0431\u0443\u0432\u044c \u0434\u043b\u044f \u0434\u0435\u0442\u0435\u0439 \u0432 \u0438\u043d\u0442\u0435\u0440\u043d\u0435\u0442-\u043c\u0430\u0433\u0430\u0437\u0438\u043d\u0435"},{"@type":"BreadcrumbList","@id":"https:\/\/xstyle.md\/product\/botinki-keen-greta-kid-blue-coral-pink-peacock\/#breadcrumb","itemListElement":[{"@type":"ListItem","position":1,"name":"\u0413\u043b\u0430\u0432\u043d\u0430\u044f \u0441\u0442\u0440\u0430\u043d\u0438\u0446\u0430","item":"https:\/\/xstyle.md\/"},{"@type":"ListItem","position":2,"name":"\u041c\u0430\u0433\u0430\u0437\u0438\u043d","item":"https:\/\/xstyle.md\/shop\/"},{"@type":"ListItem","position":3,"name":"\u0411\u043e\u0442\u0438\u043d\u043a\u0438 Keen Greta Kid blue coral\/pink peacock"}]},{"@type":"WebSite","@id":"https:\/\/xstyle.md\/#website","url":"https:\/\/xstyle.md\/","name":"Magazinul X-Style","description":"Echipamente pentru turism \u0219i sporturi extreme \u00een Moldova. Pre\u021buri, fotografii, caracteristici \u00een Moldova.","publisher":{"@id":"https:\/\/xstyle.md\/#organization"},"alternateName":"X-Style","potentialAction":[{"@type":"SearchAction","target":{"@type":"EntryPoint","urlTemplate":"https:\/\/xstyle.md\/?s={search_term_string}"},"query-input":{"@type":"PropertyValueSpecification","valueRequired":true,"valueName":"search_term_string"}}],"inLanguage":"ro-RO"},{"@type":"Organization","@id":"https:\/\/xstyle.md\/#organization","name":"Magazinul X-Style","alternateName":"x-style","url":"https:\/\/xstyle.md\/","logo":{"@type":"ImageObject","inLanguage":"ro-RO","@id":"https:\/\/xstyle.md\/#\/schema\/logo\/image\/","url":"https:\/\/xstyle.md\/wp-content\/uploads\/2020\/06\/logoicon.svg","contentUrl":"https:\/\/xstyle.md\/wp-content\/uploads\/2020\/06\/logoicon.svg","caption":"\u041c\u0430\u0433\u0430\u0437\u0438\u043d Xstyle"},"image":{"@id":"https:\/\/xstyle.md\/#\/schema\/logo\/image\/"},"sameAs":["https:\/\/www.facebook.com\/xstylemd","https:\/\/www.instagram.com\/xstyle_md\/","https:\/\/t.me\/xstyle_outdoor"],"hasMerchantReturnPolicy":{"@type":"MerchantReturnPolicy","merchantReturnLink":"https:\/\/xstyle.md\/ro\/conditions\/"}}]},"product_price_amount":"1890.00","product_price_currency":"MDL","og_availability":"instock","product_availability":"instock","product_retailer_item_id":"191190827833","product_condition":"new"},"post_mailing_queue_ids":[],"_links":{"self":[{"href":"https:\/\/xstyle.md\/ro\/wp-json\/wp\/v2\/product\/61059","targetHints":{"allow":["GET"]}}],"collection":[{"href":"https:\/\/xstyle.md\/ro\/wp-json\/wp\/v2\/product"}],"about":[{"href":"https:\/\/xstyle.md\/ro\/wp-json\/wp\/v2\/types\/product"}],"replies":[{"embeddable":true,"href":"https:\/\/xstyle.md\/ro\/wp-json\/wp\/v2\/comments?post=61059"}],"wp:featuredmedia":[{"embeddable":true,"href":"https:\/\/xstyle.md\/ro\/wp-json\/wp\/v2\/media\/61451"}],"wp:attachment":[{"href":"https:\/\/xstyle.md\/ro\/wp-json\/wp\/v2\/media?parent=61059"}],"wp:term":[{"taxonomy":"product_brand","embeddable":true,"href":"https:\/\/xstyle.md\/ro\/wp-json\/wp\/v2\/product_brand?post=61059"},{"taxonomy":"product_cat","embeddable":true,"href":"https:\/\/xstyle.md\/ro\/wp-json\/wp\/v2\/product_cat?post=61059"},{"taxonomy":"product_tag","embeddable":true,"href":"https:\/\/xstyle.md\/ro\/wp-json\/wp\/v2\/product_tag?post=61059"}],"curies":[{"name":"wp","href":"https:\/\/api.w.org\/{rel}","templated":true}]}}