{"id":61039,"date":"2022-12-14T13:42:24","date_gmt":"2022-12-14T10:42:24","guid":{"rendered":"https:\/\/xstyle.md\/?post_type=product&#038;p=61039"},"modified":"2026-03-19T16:51:02","modified_gmt":"2026-03-19T13:51:02","slug":"kurtka-hannah-garow-mns-dark-forest-dress-blues","status":"publish","type":"product","link":"https:\/\/xstyle.md\/ro\/produs\/kurtka-hannah-garow-mns-dark-forest-dress-blues\/","title":{"rendered":"Geac\u0103 de schi Hannah Garow Mns dark forest\/dress blues"},"content":{"rendered":"<\/p>\n<p><strong>Hannah Garow<\/strong> &#8212; jachet\u0103 pentru b\u0103rba\u021bi pentru schiorii care apreciaz\u0103 un aspect modern \u0219i la mod\u0103, pentru a o putea purta \u0219i \u00een afara p\u00e2rtiilor. Izola\u021bia Duratherm Classic func\u021bioneaz\u0103 \u00een combina\u021bie cu membrana Resstex, care are o coloan\u0103 de ap\u0103 de 10.000 mm \u0219i tratament DWR. At\u00e2t fermoarul buzunarului de la piept, c\u00e2t \u0219i fermoarul principal sunt \u00eenchise cu clapet\u0103 \u0219i sunt impermeabile. M\u00e2necile preformate ale jachetei cu man\u0219ete cu Velcro, o glug\u0103 fix\u0103 reglabil\u0103 \u0219i o margine inferioar\u0103 reglabil\u0103 asigur\u0103 un confort optim pentru toate activit\u0103\u021bile fizice. Bine\u00een\u021beles, trebuie s\u0103 existe \u0219i un buzunar pentru skipass, g\u0103uri pentru degetul mare pe man\u0219etele interioare elastice ale m\u00e2necilor, o fust\u0103 de z\u0103pad\u0103 sau o re\u021bea de buzunare interioare. Ventila\u021bia lateral\u0103 este util\u0103 pentru schiatul de prim\u0103var\u0103.<\/p>\n<h3>Particularit\u0103\u021bi<\/h3>\n<ul>\n<li>Pentru sporturi de iarn\u0103<\/li>\n<li>Glug\u0103 fix\u0103 cu reglare<\/li>\n<li>Buzunar principal impermeabil<\/li>\n<li>Fermoar\u021be impermeabile YKK<\/li>\n<li>Ventila\u021bie la subsuori<\/li>\n<li>Man\u0219ete elastice cu fante pentru degete<\/li>\n<li>Man\u0219ete elastice<\/li>\n<li>Buzunar intern pentru ochelari de protec\u021bie<\/li>\n<li>Fusta de z\u0103pad\u0103.<\/li>\n<\/ul>\n<h3>Caracteristici<\/h3>\n<ul>\n<li>Material &#8212; 100% poliester<\/li>\n<li>Izola\u021bie &#8212; Duratherm Classic<\/li>\n<li>Membran\u0103 &#8212; Resstex 10 000<\/li>\n<li>Rezisten\u021b\u0103 la umiditate &#8212; 10 000 mm<\/li>\n<li>Permeabilitate la aer &#8212; 10 000 g\/m2\/24h<\/li>\n<li>Model - b\u0103rba\u021bi.<\/li>\n<\/ul>\n<h3>Tehnologie<\/h3>\n<ul>\n<li><strong>Resstex 10 000<\/strong> &#8212; membran\u0103 poliuretanic\u0103 microporoas\u0103 cu un raport bine echilibrat \u00eentre impermeabilitate \u0219i respirabilitate. Produsele cu aceast\u0103 membran\u0103 protejeaz\u0103 \u00eempotriva ploii sau a z\u0103pezii umede \u0219i, \u00een acela\u0219i timp, men\u021bin parametrii de respirabilitate care sunt aprecia\u021bi \u00een multe activit\u0103\u021bi \u00een aer liber.<\/li>\n<li><strong>Duratherm Classic<\/strong> &#8212; este un material izolator din poliester de \u00eenalt\u0103 calitate, cu o izola\u021bie termic\u0103 excelent\u0103. Garanteaz\u0103 o func\u021bionalitate optim\u0103 \u0219i un confort termic suficient chiar \u0219i \u00een condi\u021bii de umiditate. Perfect pentru \u00eembr\u0103c\u0103minte sportiv\u0103 \u0219i urban\u0103.<\/li>\n<li><strong>DWR<\/strong> (Durable Water Repellent) &#8212; este o impregnare de material hidrofug de suprafa\u021b\u0103 care \u00eembun\u0103t\u0103\u021be\u0219te propriet\u0103\u021bile func\u021bionale ale \u00eembr\u0103c\u0103mintei. Impregnarea \u00ee\u0219i p\u0103streaz\u0103 propriet\u0103\u021bile p\u00e2n\u0103 la 10 cicluri de sp\u0103lare \u0219i, \u00een acela\u0219i timp, poate fi re\u00eennoit\u0103 cu u\u0219urin\u021b\u0103 cu ajutorul unor produse pe baz\u0103 de spray disponibile \u00een mod obi\u0219nuit (de exemplu, Toko Textile Proof). Impregnarea DWR C6 este mai prietenoas\u0103 cu mediul.<\/li>\n<\/ul>\n<h3>Marca<\/h3>\n<p>Hannah este un brand interna\u021bional specializat \u00een articole de c\u0103l\u0103torie \u0219i \u00eembr\u0103c\u0103minte sport pentru fiecare sezon. Marca Hannah a fost fondat\u0103 \u00een Republica Ceh\u0103 \u00een 1991. Compania a ob\u021binut un succes bun pe pia\u021ba intern\u0103 datorit\u0103 politicii sale de \u00eenalt\u0103 calitate \u0219i a pre\u021burilor accesibile pentru fiecare produs.<\/p>\n<p>\u00cenc\u0103 de la \u00eenceput, compania a \u00eenceput s\u0103 fabrice produse \u00een conformitate cu standardele interna\u021bionale, deoarece a realizat pe deplin importan\u021ba unei reputa\u021bii curate. \u00cen acest sens, s-a petrecut mult timp cu selectarea materialelor de calitate, ale c\u0103ror produse puteau fi caracterizate prin rezisten\u021b\u0103 la uzur\u0103 \u0219i durabilitate, iar unele produse erau, de asemenea, impermeabile. Ast\u0103zi, marca nu st\u0103 pe loc, catalogul lor este actualizat \u0219i extins \u00een mod constant, iar produsele pot fi g\u0103site \u00een \u00eentreaga lume.<\/p>\n<p><\/p>","protected":false},"excerpt":{"rendered":"","protected":false},"featured_media":61709,"comment_status":"open","ping_status":"closed","template":"","meta":{"_acf_changed":false,"inline_featured_image":false},"product_brand":[1271],"product_cat":[450],"product_tag":[],"class_list":{"0":"post-61039","1":"product","2":"type-product","3":"status-publish","4":"has-post-thumbnail","6":"product_brand-hannah","7":"product_cat-jachete-de-schi-barbati","9":"first","10":"instock","11":"shipping-taxable","12":"purchasable","13":"product-type-simple"},"acf":[],"yoast_head":"<!-- This site is optimized with the Yoast SEO plugin v27.2 - https:\/\/yoast.com\/product\/yoast-seo-wordpress\/ -->\n<title>\u041a\u0443\u0440\u0442\u043a\u0430 Hannah Garow Mns dark forest\/dress blues - \u041c\u0430\u0433\u0430\u0437\u0438\u043d Xstyle<\/title>\n<meta name=\"description\" content=\"\u041a\u0443\u0440\u0442\u043a\u0430 Hannah Garow Mns \u0432 \u0446\u0432\u0435\u0442\u0430\u0445 \u0442\u0435\u043c\u043d\u044b\u0439 \u043b\u0435\u0441 \u0438 \u0441\u0438\u043d\u0438\u0439 - \u0438\u0434\u0435\u0430\u043b\u044c\u043d\u044b\u0439 \u0432\u044b\u0431\u043e\u0440 \u0434\u043b\u044f \u0430\u043a\u0442\u0438\u0432\u043d\u044b\u0445 \u043b\u044e\u0431\u0438\u0442\u0435\u043b\u0435\u0439 \u0437\u0438\u043c\u044b \u0431\u043b\u0430\u0433\u043e\u0434\u0430\u0440\u044f \u043f\u0440\u043e\u0447\u043d\u043e\u0439 \u0438 \u0432\u043e\u0434\u043e\u043e\u0442\u0442\u0430\u043b\u043a\u0438\u0432\u0430\u044e\u0449\u0435\u0439 \u0437\u0430\u0449\u0438\u0442\u0435.\" \/>\n<meta name=\"robots\" content=\"index, follow, max-snippet:-1, max-image-preview:large, max-video-preview:-1\" \/>\n<link rel=\"canonical\" href=\"https:\/\/xstyle.md\/ro\/produs\/kurtka-hannah-garow-mns-dark-forest-dress-blues\/\" \/>\n<meta property=\"og:locale\" content=\"ro_RO\" \/>\n<meta property=\"og:type\" content=\"article\" \/>\n<meta property=\"og:title\" content=\"\u041a\u0443\u0440\u0442\u043a\u0430 Hannah Garow Mns dark forest\/dress blues - \u041c\u0430\u0433\u0430\u0437\u0438\u043d Xstyle\" \/>\n<meta property=\"og:description\" content=\"\u041a\u0443\u0440\u0442\u043a\u0430 Hannah Garow Mns \u0432 \u0446\u0432\u0435\u0442\u0430\u0445 \u0442\u0435\u043c\u043d\u044b\u0439 \u043b\u0435\u0441 \u0438 \u0441\u0438\u043d\u0438\u0439 - \u0438\u0434\u0435\u0430\u043b\u044c\u043d\u044b\u0439 \u0432\u044b\u0431\u043e\u0440 \u0434\u043b\u044f \u0430\u043a\u0442\u0438\u0432\u043d\u044b\u0445 \u043b\u044e\u0431\u0438\u0442\u0435\u043b\u0435\u0439 \u0437\u0438\u043c\u044b \u0431\u043b\u0430\u0433\u043e\u0434\u0430\u0440\u044f \u043f\u0440\u043e\u0447\u043d\u043e\u0439 \u0438 \u0432\u043e\u0434\u043e\u043e\u0442\u0442\u0430\u043b\u043a\u0438\u0432\u0430\u044e\u0449\u0435\u0439 \u0437\u0430\u0449\u0438\u0442\u0435.\" \/>\n<meta property=\"og:url\" content=\"https:\/\/xstyle.md\/ro\/produs\/kurtka-hannah-garow-mns-dark-forest-dress-blues\/\" \/>\n<meta property=\"og:site_name\" content=\"\u041c\u0430\u0433\u0430\u0437\u0438\u043d Xstyle\" \/>\n<meta property=\"article:publisher\" content=\"https:\/\/www.facebook.com\/xstylemd\" \/>\n<meta property=\"article:modified_time\" content=\"2026-03-19T13:51:02+00:00\" \/>\n<meta property=\"og:image\" content=\"https:\/\/xstyle.md\/wp-content\/uploads\/2022\/12\/hannah-garow-mns-dark-forest-dress-blues.jpg\" \/>\n\t<meta property=\"og:image:width\" content=\"1462\" \/>\n\t<meta property=\"og:image:height\" content=\"1284\" \/>\n\t<meta property=\"og:image:type\" content=\"image\/jpeg\" \/>\n<meta name=\"twitter:card\" content=\"summary_large_image\" \/>\n<meta name=\"twitter:label1\" content=\"Pre\u021b\" \/>\n\t<meta name=\"twitter:data1\" content=\"4.290&nbsp;MDL\" \/>\n\t<meta name=\"twitter:label2\" content=\"Disponibilitate\" \/>\n\t<meta name=\"twitter:data2\" content=\"\u00cen stoc\" \/>\n<script type=\"application\/ld+json\" class=\"yoast-schema-graph\">{\"@context\":\"https:\/\/schema.org\",\"@graph\":[{\"@type\":\"WebPage\",\"@id\":\"https:\/\/xstyle.md\/product\/kurtka-hannah-garow-mns-dark-forest-dress-blues\/\",\"url\":\"https:\/\/xstyle.md\/product\/kurtka-hannah-garow-mns-dark-forest-dress-blues\/\",\"name\":\"\u041a\u0443\u0440\u0442\u043a\u0430 Hannah Garow Mns dark forest\/dress blues - \u041c\u0430\u0433\u0430\u0437\u0438\u043d Xstyle\",\"isPartOf\":{\"@id\":\"https:\/\/xstyle.md\/#website\"},\"primaryImageOfPage\":{\"@id\":\"https:\/\/xstyle.md\/product\/kurtka-hannah-garow-mns-dark-forest-dress-blues\/#primaryimage\"},\"image\":{\"@id\":\"https:\/\/xstyle.md\/product\/kurtka-hannah-garow-mns-dark-forest-dress-blues\/#primaryimage\"},\"thumbnailUrl\":\"https:\/\/xstyle.md\/wp-content\/uploads\/2022\/12\/hannah-garow-mns-dark-forest-dress-blues.jpg\",\"datePublished\":\"2022-12-14T10:42:24+00:00\",\"dateModified\":\"2026-03-19T13:51:02+00:00\",\"description\":\"\u041a\u0443\u0440\u0442\u043a\u0430 Hannah Garow Mns \u0432 \u0446\u0432\u0435\u0442\u0430\u0445 \u0442\u0435\u043c\u043d\u044b\u0439 \u043b\u0435\u0441 \u0438 \u0441\u0438\u043d\u0438\u0439 - \u0438\u0434\u0435\u0430\u043b\u044c\u043d\u044b\u0439 \u0432\u044b\u0431\u043e\u0440 \u0434\u043b\u044f \u0430\u043a\u0442\u0438\u0432\u043d\u044b\u0445 \u043b\u044e\u0431\u0438\u0442\u0435\u043b\u0435\u0439 \u0437\u0438\u043c\u044b \u0431\u043b\u0430\u0433\u043e\u0434\u0430\u0440\u044f \u043f\u0440\u043e\u0447\u043d\u043e\u0439 \u0438 \u0432\u043e\u0434\u043e\u043e\u0442\u0442\u0430\u043b\u043a\u0438\u0432\u0430\u044e\u0449\u0435\u0439 \u0437\u0430\u0449\u0438\u0442\u0435.\",\"breadcrumb\":{\"@id\":\"https:\/\/xstyle.md\/product\/kurtka-hannah-garow-mns-dark-forest-dress-blues\/#breadcrumb\"},\"inLanguage\":\"ro-RO\",\"potentialAction\":[{\"@type\":\"ReadAction\",\"target\":[\"https:\/\/xstyle.md\/product\/kurtka-hannah-garow-mns-dark-forest-dress-blues\/\"]}]},{\"@type\":\"ImageObject\",\"inLanguage\":\"ro-RO\",\"@id\":\"https:\/\/xstyle.md\/product\/kurtka-hannah-garow-mns-dark-forest-dress-blues\/#primaryimage\",\"url\":\"https:\/\/xstyle.md\/wp-content\/uploads\/2022\/12\/hannah-garow-mns-dark-forest-dress-blues.jpg\",\"contentUrl\":\"https:\/\/xstyle.md\/wp-content\/uploads\/2022\/12\/hannah-garow-mns-dark-forest-dress-blues.jpg\",\"width\":1462,\"height\":1284,\"caption\":\"\u041a\u0443\u0440\u0442\u043a\u0430 Hannah Garow Mns \u0442\u0435\u043c\u043d\u044b\u0439 \u043b\u0435\u0441 \u0438 \u0441\u0438\u043d\u0438\u0435 \u043d\u0430 \u043e\u043d\u043b\u0430\u0439\u043d-\u043c\u0430\u0433\u0430\u0437\u0438\u043d\u0435 \u043e\u0434\u0435\u0436\u0434\u044b \u0434\u043b\u044f \u0430\u043a\u0442\u0438\u0432\u043d\u043e\u0433\u043e \u043e\u0442\u0434\u044b\u0445\u0430, \u043f\u043e\u0445\u043e\u0434\u043e\u0432, \u0445\u0430\u0439\u043a\u0438\u043d\u0433\u0430, \u043f\u0443\u0442\u0435\u0448\u0435\u0441\u0442\u0432\u0438\u0439 \u0438 \u0430\u043b\u044c\u043f\u0438\u043d\u0438\u0437\u043c\u0430\"},{\"@type\":\"BreadcrumbList\",\"@id\":\"https:\/\/xstyle.md\/product\/kurtka-hannah-garow-mns-dark-forest-dress-blues\/#breadcrumb\",\"itemListElement\":[{\"@type\":\"ListItem\",\"position\":1,\"name\":\"\u0413\u043b\u0430\u0432\u043d\u0430\u044f \u0441\u0442\u0440\u0430\u043d\u0438\u0446\u0430\",\"item\":\"https:\/\/xstyle.md\/\"},{\"@type\":\"ListItem\",\"position\":2,\"name\":\"\u041c\u0430\u0433\u0430\u0437\u0438\u043d\",\"item\":\"https:\/\/xstyle.md\/shop\/\"},{\"@type\":\"ListItem\",\"position\":3,\"name\":\"\u041a\u0443\u0440\u0442\u043a\u0430 Hannah Garow Mns dark forest\/dress blues\"}]},{\"@type\":\"WebSite\",\"@id\":\"https:\/\/xstyle.md\/#website\",\"url\":\"https:\/\/xstyle.md\/\",\"name\":\"\u041c\u0430\u0433\u0430\u0437\u0438\u043d Xstyle\",\"description\":\"C\u043d\u0430\u0440\u044f\u0436\u0435\u043d\u0438\u0435 \u0434\u043b\u044f \u0442\u0443\u0440\u0438\u0437\u043c\u0430 \u0438 \u044d\u043a\u0441\u0442\u0440\u0435\u043c\u0430\u043b\u044c\u043d\u044b\u0445 \u0432\u0438\u0434\u043e\u0432 \u0441\u043f\u043e\u0440\u0442\u0430 \u0432 \u041c\u043e\u043b\u0434\u043e\u0432\u0435.. \u0426\u0435\u043d\u044b, \u0444\u043e\u0442\u043e, \u0445\u0430\u0440\u0430\u043a\u0442\u0435\u0440\u0438\u0441\u0442\u0438\u043a\u0438 \u0432 \u041c\u043e\u043b\u0434\u043e\u0432\u0435.\",\"publisher\":{\"@id\":\"https:\/\/xstyle.md\/#organization\"},\"alternateName\":\"X-Style\",\"potentialAction\":[{\"@type\":\"SearchAction\",\"target\":{\"@type\":\"EntryPoint\",\"urlTemplate\":\"https:\/\/xstyle.md\/?s={search_term_string}\"},\"query-input\":{\"@type\":\"PropertyValueSpecification\",\"valueRequired\":true,\"valueName\":\"search_term_string\"}}],\"inLanguage\":\"ro-RO\"},{\"@type\":\"Organization\",\"@id\":\"https:\/\/xstyle.md\/#organization\",\"name\":\"\u041c\u0430\u0433\u0430\u0437\u0438\u043d Xstyle\",\"alternateName\":\"x-style\",\"url\":\"https:\/\/xstyle.md\/\",\"logo\":{\"@type\":\"ImageObject\",\"inLanguage\":\"ro-RO\",\"@id\":\"https:\/\/xstyle.md\/#\/schema\/logo\/image\/\",\"url\":\"https:\/\/xstyle.md\/wp-content\/uploads\/2020\/06\/logoicon.svg\",\"contentUrl\":\"https:\/\/xstyle.md\/wp-content\/uploads\/2020\/06\/logoicon.svg\",\"caption\":\"\u041c\u0430\u0433\u0430\u0437\u0438\u043d Xstyle\"},\"image\":{\"@id\":\"https:\/\/xstyle.md\/#\/schema\/logo\/image\/\"},\"sameAs\":[\"https:\/\/www.facebook.com\/xstylemd\",\"https:\/\/www.instagram.com\/xstyle_md\/\",\"https:\/\/t.me\/xstyle_outdoor\"],\"hasMerchantReturnPolicy\":{\"@type\":\"MerchantReturnPolicy\",\"merchantReturnLink\":\"https:\/\/xstyle.md\/ro\/conditions\/\"}}]}<\/script>\n<meta property=\"product:price:amount\" content=\"4290.00\" \/>\n<meta property=\"product:price:currency\" content=\"MDL\" \/>\n<meta property=\"og:availability\" content=\"instock\" \/>\n<meta property=\"product:availability\" content=\"instock\" \/>\n<meta property=\"product:retailer_item_id\" content=\"8591203389976\" \/>\n<meta property=\"product:condition\" content=\"new\" \/>\n<!-- \/ Yoast SEO plugin. -->","yoast_head_json":{"title":"Geac\u0103 Hannah Garow Mns dark forest\/dress blues - Magazin Xstyle","description":"Jacheta Hannah Garow Mns \u00een culorile p\u0103dure \u00eenchis\u0103 \u0219i albastru - alegerea ideal\u0103 pentru iubitorii activi ai iernii datorit\u0103 protec\u021biei durabile \u0219i rezistente la ap\u0103.","robots":{"index":"index","follow":"follow","max-snippet":"max-snippet:-1","max-image-preview":"max-image-preview:large","max-video-preview":"max-video-preview:-1"},"canonical":"https:\/\/xstyle.md\/ro\/produs\/kurtka-hannah-garow-mns-dark-forest-dress-blues\/","og_locale":"ro_RO","og_type":"article","og_title":"\u041a\u0443\u0440\u0442\u043a\u0430 Hannah Garow Mns dark forest\/dress blues - \u041c\u0430\u0433\u0430\u0437\u0438\u043d Xstyle","og_description":"\u041a\u0443\u0440\u0442\u043a\u0430 Hannah Garow Mns \u0432 \u0446\u0432\u0435\u0442\u0430\u0445 \u0442\u0435\u043c\u043d\u044b\u0439 \u043b\u0435\u0441 \u0438 \u0441\u0438\u043d\u0438\u0439 - \u0438\u0434\u0435\u0430\u043b\u044c\u043d\u044b\u0439 \u0432\u044b\u0431\u043e\u0440 \u0434\u043b\u044f \u0430\u043a\u0442\u0438\u0432\u043d\u044b\u0445 \u043b\u044e\u0431\u0438\u0442\u0435\u043b\u0435\u0439 \u0437\u0438\u043c\u044b \u0431\u043b\u0430\u0433\u043e\u0434\u0430\u0440\u044f \u043f\u0440\u043e\u0447\u043d\u043e\u0439 \u0438 \u0432\u043e\u0434\u043e\u043e\u0442\u0442\u0430\u043b\u043a\u0438\u0432\u0430\u044e\u0449\u0435\u0439 \u0437\u0430\u0449\u0438\u0442\u0435.","og_url":"https:\/\/xstyle.md\/ro\/produs\/kurtka-hannah-garow-mns-dark-forest-dress-blues\/","og_site_name":"\u041c\u0430\u0433\u0430\u0437\u0438\u043d Xstyle","article_publisher":"https:\/\/www.facebook.com\/xstylemd","article_modified_time":"2026-03-19T13:51:02+00:00","og_image":[{"width":1462,"height":1284,"url":"https:\/\/xstyle.md\/wp-content\/uploads\/2022\/12\/hannah-garow-mns-dark-forest-dress-blues.jpg","type":"image\/jpeg"}],"twitter_card":"summary_large_image","twitter_misc":{"Pre\u021b":"4.290&nbsp;MDL","Disponibilitate":"\u00cen stoc"},"schema":{"@context":"https:\/\/schema.org","@graph":[{"@type":"WebPage","@id":"https:\/\/xstyle.md\/product\/kurtka-hannah-garow-mns-dark-forest-dress-blues\/","url":"https:\/\/xstyle.md\/product\/kurtka-hannah-garow-mns-dark-forest-dress-blues\/","name":"Geac\u0103 Hannah Garow Mns dark forest\/dress blues - Magazin Xstyle","isPartOf":{"@id":"https:\/\/xstyle.md\/#website"},"primaryImageOfPage":{"@id":"https:\/\/xstyle.md\/product\/kurtka-hannah-garow-mns-dark-forest-dress-blues\/#primaryimage"},"image":{"@id":"https:\/\/xstyle.md\/product\/kurtka-hannah-garow-mns-dark-forest-dress-blues\/#primaryimage"},"thumbnailUrl":"https:\/\/xstyle.md\/wp-content\/uploads\/2022\/12\/hannah-garow-mns-dark-forest-dress-blues.jpg","datePublished":"2022-12-14T10:42:24+00:00","dateModified":"2026-03-19T13:51:02+00:00","description":"Jacheta Hannah Garow Mns \u00een culorile p\u0103dure \u00eenchis\u0103 \u0219i albastru - alegerea ideal\u0103 pentru iubitorii activi ai iernii datorit\u0103 protec\u021biei durabile \u0219i rezistente la ap\u0103.","breadcrumb":{"@id":"https:\/\/xstyle.md\/product\/kurtka-hannah-garow-mns-dark-forest-dress-blues\/#breadcrumb"},"inLanguage":"ro-RO","potentialAction":[{"@type":"ReadAction","target":["https:\/\/xstyle.md\/product\/kurtka-hannah-garow-mns-dark-forest-dress-blues\/"]}]},{"@type":"ImageObject","inLanguage":"ro-RO","@id":"https:\/\/xstyle.md\/product\/kurtka-hannah-garow-mns-dark-forest-dress-blues\/#primaryimage","url":"https:\/\/xstyle.md\/wp-content\/uploads\/2022\/12\/hannah-garow-mns-dark-forest-dress-blues.jpg","contentUrl":"https:\/\/xstyle.md\/wp-content\/uploads\/2022\/12\/hannah-garow-mns-dark-forest-dress-blues.jpg","width":1462,"height":1284,"caption":"\u041a\u0443\u0440\u0442\u043a\u0430 Hannah Garow Mns \u0442\u0435\u043c\u043d\u044b\u0439 \u043b\u0435\u0441 \u0438 \u0441\u0438\u043d\u0438\u0435 \u043d\u0430 \u043e\u043d\u043b\u0430\u0439\u043d-\u043c\u0430\u0433\u0430\u0437\u0438\u043d\u0435 \u043e\u0434\u0435\u0436\u0434\u044b \u0434\u043b\u044f \u0430\u043a\u0442\u0438\u0432\u043d\u043e\u0433\u043e \u043e\u0442\u0434\u044b\u0445\u0430, \u043f\u043e\u0445\u043e\u0434\u043e\u0432, \u0445\u0430\u0439\u043a\u0438\u043d\u0433\u0430, \u043f\u0443\u0442\u0435\u0448\u0435\u0441\u0442\u0432\u0438\u0439 \u0438 \u0430\u043b\u044c\u043f\u0438\u043d\u0438\u0437\u043c\u0430"},{"@type":"BreadcrumbList","@id":"https:\/\/xstyle.md\/product\/kurtka-hannah-garow-mns-dark-forest-dress-blues\/#breadcrumb","itemListElement":[{"@type":"ListItem","position":1,"name":"\u0413\u043b\u0430\u0432\u043d\u0430\u044f \u0441\u0442\u0440\u0430\u043d\u0438\u0446\u0430","item":"https:\/\/xstyle.md\/"},{"@type":"ListItem","position":2,"name":"\u041c\u0430\u0433\u0430\u0437\u0438\u043d","item":"https:\/\/xstyle.md\/shop\/"},{"@type":"ListItem","position":3,"name":"\u041a\u0443\u0440\u0442\u043a\u0430 Hannah Garow Mns dark forest\/dress blues"}]},{"@type":"WebSite","@id":"https:\/\/xstyle.md\/#website","url":"https:\/\/xstyle.md\/","name":"Magazinul X-Style","description":"Echipamente pentru turism \u0219i sporturi extreme \u00een Moldova. Pre\u021buri, fotografii, caracteristici \u00een Moldova.","publisher":{"@id":"https:\/\/xstyle.md\/#organization"},"alternateName":"X-Style","potentialAction":[{"@type":"SearchAction","target":{"@type":"EntryPoint","urlTemplate":"https:\/\/xstyle.md\/?s={search_term_string}"},"query-input":{"@type":"PropertyValueSpecification","valueRequired":true,"valueName":"search_term_string"}}],"inLanguage":"ro-RO"},{"@type":"Organization","@id":"https:\/\/xstyle.md\/#organization","name":"Magazinul X-Style","alternateName":"x-style","url":"https:\/\/xstyle.md\/","logo":{"@type":"ImageObject","inLanguage":"ro-RO","@id":"https:\/\/xstyle.md\/#\/schema\/logo\/image\/","url":"https:\/\/xstyle.md\/wp-content\/uploads\/2020\/06\/logoicon.svg","contentUrl":"https:\/\/xstyle.md\/wp-content\/uploads\/2020\/06\/logoicon.svg","caption":"\u041c\u0430\u0433\u0430\u0437\u0438\u043d Xstyle"},"image":{"@id":"https:\/\/xstyle.md\/#\/schema\/logo\/image\/"},"sameAs":["https:\/\/www.facebook.com\/xstylemd","https:\/\/www.instagram.com\/xstyle_md\/","https:\/\/t.me\/xstyle_outdoor"],"hasMerchantReturnPolicy":{"@type":"MerchantReturnPolicy","merchantReturnLink":"https:\/\/xstyle.md\/ro\/conditions\/"}}]},"product_price_amount":"4290.00","product_price_currency":"MDL","og_availability":"instock","product_availability":"instock","product_retailer_item_id":"8591203389976","product_condition":"new"},"post_mailing_queue_ids":[],"_links":{"self":[{"href":"https:\/\/xstyle.md\/ro\/wp-json\/wp\/v2\/product\/61039","targetHints":{"allow":["GET"]}}],"collection":[{"href":"https:\/\/xstyle.md\/ro\/wp-json\/wp\/v2\/product"}],"about":[{"href":"https:\/\/xstyle.md\/ro\/wp-json\/wp\/v2\/types\/product"}],"replies":[{"embeddable":true,"href":"https:\/\/xstyle.md\/ro\/wp-json\/wp\/v2\/comments?post=61039"}],"wp:featuredmedia":[{"embeddable":true,"href":"https:\/\/xstyle.md\/ro\/wp-json\/wp\/v2\/media\/61709"}],"wp:attachment":[{"href":"https:\/\/xstyle.md\/ro\/wp-json\/wp\/v2\/media?parent=61039"}],"wp:term":[{"taxonomy":"product_brand","embeddable":true,"href":"https:\/\/xstyle.md\/ro\/wp-json\/wp\/v2\/product_brand?post=61039"},{"taxonomy":"product_cat","embeddable":true,"href":"https:\/\/xstyle.md\/ro\/wp-json\/wp\/v2\/product_cat?post=61039"},{"taxonomy":"product_tag","embeddable":true,"href":"https:\/\/xstyle.md\/ro\/wp-json\/wp\/v2\/product_tag?post=61039"}],"curies":[{"name":"wp","href":"https:\/\/api.w.org\/{rel}","templated":true}]}}