{"id":61002,"date":"2022-12-14T13:42:15","date_gmt":"2022-12-14T10:42:15","guid":{"rendered":"https:\/\/xstyle.md\/?post_type=product&#038;p=61002"},"modified":"2026-03-19T16:50:47","modified_gmt":"2026-03-19T13:50:47","slug":"gornolyzhnye-botinki-dalbello-ds-ax-90-gw","status":"publish","type":"product","link":"https:\/\/xstyle.md\/ro\/produs\/gornolyzhnye-botinki-dalbello-ds-ax-90-gw\/","title":{"rendered":"Cl\u0103pari Dalbello DS AX 90 GW"},"content":{"rendered":"<\/p>\n<p>Cl\u0103pari <strong>Dalbello DS AX 90 GW<\/strong> cu o potrivire mai larg\u0103 \u0219i tehnologia Powercage au fost dezvoltate pentru schiorii experimenta\u021bi care caut\u0103 o cizm\u0103 de schi de \u00eenalt\u0103 performan\u021b\u0103 cu o transmisie excelent\u0103 a puterii, \u00een ciuda designului mai larg. Structura Powercage asigur\u0103 un control excelent al schiului \u0219i un feedback precis. \u00cen plus, acest model ofer\u0103 o potrivire \u0219i o pozi\u021bie \u0219i mai u\u0219oar\u0103 care reduce oboseala. Tehnologia MyFit permite at\u00e2t stratului interior termoformabil Instant Fit, c\u00e2t \u0219i \u00eenveli\u0219ului exterior s\u0103 se adapteze la nevoile schiorului atunci c\u00e2nd este necesar. Structura de aderen\u021b\u0103 tridimensional\u0103 de-a lungul t\u0103lpii nu numai c\u0103 asigur\u0103 o bun\u0103 aderen\u021b\u0103 la z\u0103pad\u0103 \u0219i o transmitere mai direct\u0103 a for\u021bei, dar protejeaz\u0103 \u0219i bocancul. Echipate cu cea mai recent\u0103 tehnologie GripWalk \u0219i cu t\u0103lpi cu profil curbat, ghetele Dalbello DS AX 120 GW fac mersul deosebit de u\u0219or \u0219i reduc riscul de alunecare.<\/p>\n<h3>Particularit\u0103\u021bi<\/h3>\n<ul>\n<li>Tehnologia revolu\u021bionar\u0103 Powercage asigur\u0103 un transfer precis al \u00eenc\u0103rc\u0103turii, o greutate redus\u0103 a produsului \u0219i o mai bun\u0103 stabilitate a cizmei<\/li>\n<li>Designul de prindere 3D protejeaz\u0103 \u00eempotriva deterior\u0103rilor mecanice \u0219i \u00eembun\u0103t\u0103\u021be\u0219te trac\u021biunea<\/li>\n<li>Sistem personalizabil My Fit pentru o potrivire perfect\u0103<\/li>\n<li>\u00cenveli\u0219 cu form\u0103 anatomic\u0103 \u0219i c\u0103ptu\u0219eal\u0103 Instant Fit pentru confort \u0219i c\u0103ldur\u0103 perfect\u0103<\/li>\n<li>Greutatea redus\u0103 a produsului ofer\u0103 \u0219i mai mult confort<\/li>\n<li>Forma anatomic\u0103 Contour 4 creeaz\u0103 un confort maxim \u00een timpul mersului \u0219i al c\u0103l\u0103riei<\/li>\n<li>Op\u021biunea Grip Walk &#8212; o talp\u0103 exterioar\u0103 profilat\u0103 \u0219i filetat\u0103 care asigur\u0103 o aderen\u021b\u0103 perfect\u0103 \u0219i confort la mers.<\/li>\n<\/ul>\n<h3>Caracteristici<\/h3>\n<ul>\n<li>Nivelul schiorului &#8212; avansat<\/li>\n<li>Structur\u0103 &#8212; cizm\u0103 clasic\u0103 cu 4 crampoane cu intrare frontal\u0103<\/li>\n<li>Caracteristici de construc\u021bie &#8212; 4 clipuri ALU Micro, curea de putere<\/li>\n<li>\u00cenc\u0103l\u021b\u0103minte interioar\u0103 &#8212; Instant Fit (I.F.) Performer Plus<\/li>\n<li>\u00cenc\u0103l\u021b\u0103minte exterioar\u0103 &#8212; PU\/DB HYPERLITE<\/li>\n<li>Fixare &#8212; aluminiu<\/li>\n<li>Talp\u0103 exterioar\u0103 &#8212; ISO 5355<\/li>\n<li>Indice de flexibilitate &#8212; 90<\/li>\n<li>Model - b\u0103rba\u021bi.<\/li>\n<\/ul>\n<h3>Tehnologie<\/h3>\n<ul>\n<li><strong>Design suprapus<\/strong> &#8212; designul clasic al cizmei exterioare, care const\u0103 din dou\u0103 p\u0103r\u021bi suprapuse care se suprapun atunci c\u00e2nd sunt fixate. Acest lucru asigur\u0103 c\u0103 gheata se fixeaz\u0103 cu precizie pe picior \u0219i maximizeaz\u0103 eficien\u021ba transmiterii for\u021bei schiorului.<\/li>\n<li><strong>Instant Fit (I.F.) Performer<\/strong> &#8212; utilizeaz\u0103 materiale de \u00eenalt\u0103 densitate \u00een limb\u0103 care sunt perfect termoformabile.<\/li>\n<li><strong>Contour 4 Shell-Fit\u00a0<\/strong>&#8212; o tehnologie inovatoare \u00een produc\u021bia carcasei exterioare a unei ghete de schi, care are un design care urmeaz\u0103 contururile anatomice ale piciorului \u00een patru zone cu probleme: glezna, c\u0103lc\u00e2iul, metatarsul (osul metatarsian 5) \u0219i osul navicular. Aceste contururi maximizeaz\u0103 confortul \u0219i reduc la minimum ajustarea manual\u0103 suplimentar\u0103 a ghetelor.<\/li>\n<li><strong>Flex Index<\/strong> &#8212; unul dintre principalii parametri care caracterizeaz\u0103 rigiditatea \u00eenc\u0103l\u021b\u0103mintei. Cu c\u00e2t rigiditatea este mai mic\u0103, cu at\u00e2t antrenamentul este mai confortabil \u0219i mai u\u0219or.<\/li>\n<li><strong>ISO 5355<\/strong> &#8212; talpa standard a cizmelor de schi universale, este complet plat\u0103 \u0219i are o \u00een\u0103l\u021bime de 19\u00b11 mm.<\/li>\n<\/ul>\n<h3>Marca<\/h3>\n<p>Compania italian\u0103 Dalbello este cel mai renumit produc\u0103tor de ghete de schi din lume. Prin urmare, atitudinea fa\u021b\u0103 de afaceri este cea mai serioas\u0103. De c\u00e2nd Dalbello a \u00eenceput s\u0103 produc\u0103 cizme de schi \u00een 1974, ideea principal\u0103 a companiei a fost aceea de a crea cizmele de cea mai bun\u0103 calitate, cele mai performante \u0219i cele mai confortabile din lume. Astfel, numero\u0219i schiori din \u00eentreaga lume au descoperit deja c\u0103 calitatea \u0219i confortul Dalbello vorbesc de la sine. Acest lucru a f\u0103cut ca Dalbello s\u0103 fie \u00een prezent marca de ghete de schi cu cea mai rapid\u0103 cre\u0219tere din lume.<\/p>\n<p><\/p>","protected":false},"excerpt":{"rendered":"","protected":false},"featured_media":66456,"comment_status":"open","ping_status":"closed","template":"","meta":{"_acf_changed":false,"inline_featured_image":false},"product_brand":[1311],"product_cat":[353],"product_tag":[],"class_list":{"0":"post-61002","1":"product","2":"type-product","3":"status-publish","4":"has-post-thumbnail","6":"product_brand-dalbello","7":"product_cat-ski-boots","9":"first","10":"instock","11":"shipping-taxable","12":"purchasable","13":"product-type-simple"},"acf":[],"yoast_head":"<!-- This site is optimized with the Yoast SEO plugin v27.4 - https:\/\/yoast.com\/product\/yoast-seo-wordpress\/ -->\n<title>\u0413\u043e\u0440\u043d\u043e\u043b\u044b\u0436\u043d\u044b\u0435 \u0431\u043e\u0442\u0438\u043d\u043a\u0438 Dalbello DS AX 90 GW - \u041c\u0430\u0433\u0430\u0437\u0438\u043d Xstyle<\/title>\n<meta name=\"description\" content=\"\u041e\u0442\u043a\u0440\u043e\u0439\u0442\u0435 \u043d\u043e\u0432\u044b\u0439 \u0443\u0440\u043e\u0432\u0435\u043d\u044c \u043a\u043e\u043c\u0444\u043e\u0440\u0442\u0430 \u0438 \u043f\u0440\u043e\u0438\u0437\u0432\u043e\u0434\u0438\u0442\u0435\u043b\u044c\u043d\u043e\u0441\u0442\u0438 \u0441 \u0433\u043e\u0440\u043d\u043e\u043b\u044b\u0436\u043d\u044b\u043c\u0438 \u0431\u043e\u0442\u0438\u043d\u043a\u0430\u043c\u0438 Dalbello DS AX 90 GW. \u0418\u0434\u0435\u0430\u043b\u044c\u043d\u044b \u0434\u043b\u044f \u0432\u0441\u0435\u0445 \u0442\u0438\u043f\u043e\u0432 \u043a\u0430\u0442\u0430\u043d\u0438\u044f.\" \/>\n<meta name=\"robots\" content=\"index, follow, max-snippet:-1, max-image-preview:large, max-video-preview:-1\" \/>\n<link rel=\"canonical\" href=\"https:\/\/xstyle.md\/ro\/produs\/gornolyzhnye-botinki-dalbello-ds-ax-90-gw\/\" \/>\n<meta property=\"og:locale\" content=\"ro_RO\" \/>\n<meta property=\"og:type\" content=\"article\" \/>\n<meta property=\"og:title\" content=\"\u0413\u043e\u0440\u043d\u043e\u043b\u044b\u0436\u043d\u044b\u0435 \u0431\u043e\u0442\u0438\u043d\u043a\u0438 Dalbello DS AX 90 GW - \u041c\u0430\u0433\u0430\u0437\u0438\u043d Xstyle\" \/>\n<meta property=\"og:description\" content=\"\u041e\u0442\u043a\u0440\u043e\u0439\u0442\u0435 \u043d\u043e\u0432\u044b\u0439 \u0443\u0440\u043e\u0432\u0435\u043d\u044c \u043a\u043e\u043c\u0444\u043e\u0440\u0442\u0430 \u0438 \u043f\u0440\u043e\u0438\u0437\u0432\u043e\u0434\u0438\u0442\u0435\u043b\u044c\u043d\u043e\u0441\u0442\u0438 \u0441 \u0433\u043e\u0440\u043d\u043e\u043b\u044b\u0436\u043d\u044b\u043c\u0438 \u0431\u043e\u0442\u0438\u043d\u043a\u0430\u043c\u0438 Dalbello DS AX 90 GW. \u0418\u0434\u0435\u0430\u043b\u044c\u043d\u044b \u0434\u043b\u044f \u0432\u0441\u0435\u0445 \u0442\u0438\u043f\u043e\u0432 \u043a\u0430\u0442\u0430\u043d\u0438\u044f.\" \/>\n<meta property=\"og:url\" content=\"https:\/\/xstyle.md\/ro\/produs\/gornolyzhnye-botinki-dalbello-ds-ax-90-gw\/\" \/>\n<meta property=\"og:site_name\" content=\"\u041c\u0430\u0433\u0430\u0437\u0438\u043d Xstyle\" \/>\n<meta property=\"article:publisher\" content=\"https:\/\/www.facebook.com\/xstylemd\" \/>\n<meta property=\"article:modified_time\" content=\"2026-03-19T13:50:47+00:00\" \/>\n<meta property=\"og:image\" content=\"https:\/\/xstyle.md\/wp-content\/uploads\/2022\/12\/dalbello-ds-ax-90-gw.jpg\" \/>\n\t<meta property=\"og:image:width\" content=\"1082\" \/>\n\t<meta property=\"og:image:height\" content=\"1033\" \/>\n\t<meta property=\"og:image:type\" content=\"image\/jpeg\" \/>\n<meta name=\"twitter:card\" content=\"summary_large_image\" \/>\n<meta name=\"twitter:label1\" content=\"Pre\u021b\" \/>\n\t<meta name=\"twitter:data1\" content=\"4.690&nbsp;MDL\" \/>\n\t<meta name=\"twitter:label2\" content=\"Disponibilitate\" \/>\n\t<meta name=\"twitter:data2\" content=\"\u00cen stoc\" \/>\n<script type=\"application\/ld+json\" class=\"yoast-schema-graph\">{\"@context\":\"https:\\\/\\\/schema.org\",\"@graph\":[{\"@type\":\"WebPage\",\"@id\":\"https:\\\/\\\/xstyle.md\\\/product\\\/gornolyzhnye-botinki-dalbello-ds-ax-90-gw\\\/\",\"url\":\"https:\\\/\\\/xstyle.md\\\/product\\\/gornolyzhnye-botinki-dalbello-ds-ax-90-gw\\\/\",\"name\":\"\u0413\u043e\u0440\u043d\u043e\u043b\u044b\u0436\u043d\u044b\u0435 \u0431\u043e\u0442\u0438\u043d\u043a\u0438 Dalbello DS AX 90 GW - \u041c\u0430\u0433\u0430\u0437\u0438\u043d Xstyle\",\"isPartOf\":{\"@id\":\"https:\\\/\\\/xstyle.md\\\/#website\"},\"primaryImageOfPage\":{\"@id\":\"https:\\\/\\\/xstyle.md\\\/product\\\/gornolyzhnye-botinki-dalbello-ds-ax-90-gw\\\/#primaryimage\"},\"image\":{\"@id\":\"https:\\\/\\\/xstyle.md\\\/product\\\/gornolyzhnye-botinki-dalbello-ds-ax-90-gw\\\/#primaryimage\"},\"thumbnailUrl\":\"https:\\\/\\\/xstyle.md\\\/wp-content\\\/uploads\\\/2022\\\/12\\\/dalbello-ds-ax-90-gw.jpg\",\"datePublished\":\"2022-12-14T10:42:15+00:00\",\"dateModified\":\"2026-03-19T13:50:47+00:00\",\"description\":\"\u041e\u0442\u043a\u0440\u043e\u0439\u0442\u0435 \u043d\u043e\u0432\u044b\u0439 \u0443\u0440\u043e\u0432\u0435\u043d\u044c \u043a\u043e\u043c\u0444\u043e\u0440\u0442\u0430 \u0438 \u043f\u0440\u043e\u0438\u0437\u0432\u043e\u0434\u0438\u0442\u0435\u043b\u044c\u043d\u043e\u0441\u0442\u0438 \u0441 \u0433\u043e\u0440\u043d\u043e\u043b\u044b\u0436\u043d\u044b\u043c\u0438 \u0431\u043e\u0442\u0438\u043d\u043a\u0430\u043c\u0438 Dalbello DS AX 90 GW. \u0418\u0434\u0435\u0430\u043b\u044c\u043d\u044b \u0434\u043b\u044f \u0432\u0441\u0435\u0445 \u0442\u0438\u043f\u043e\u0432 \u043a\u0430\u0442\u0430\u043d\u0438\u044f.\",\"breadcrumb\":{\"@id\":\"https:\\\/\\\/xstyle.md\\\/product\\\/gornolyzhnye-botinki-dalbello-ds-ax-90-gw\\\/#breadcrumb\"},\"inLanguage\":\"ro-RO\",\"potentialAction\":[{\"@type\":\"ReadAction\",\"target\":[\"https:\\\/\\\/xstyle.md\\\/product\\\/gornolyzhnye-botinki-dalbello-ds-ax-90-gw\\\/\"]}]},{\"@type\":\"ImageObject\",\"inLanguage\":\"ro-RO\",\"@id\":\"https:\\\/\\\/xstyle.md\\\/product\\\/gornolyzhnye-botinki-dalbello-ds-ax-90-gw\\\/#primaryimage\",\"url\":\"https:\\\/\\\/xstyle.md\\\/wp-content\\\/uploads\\\/2022\\\/12\\\/dalbello-ds-ax-90-gw.jpg\",\"contentUrl\":\"https:\\\/\\\/xstyle.md\\\/wp-content\\\/uploads\\\/2022\\\/12\\\/dalbello-ds-ax-90-gw.jpg\",\"width\":1082,\"height\":1033,\"caption\":\"\u0418\u0437\u043e\u0431\u0440\u0430\u0436\u0435\u043d\u0438\u0435 \u0433\u043e\u0440\u043d\u043e\u043b\u044b\u0436\u043d\u044b\u0445 \u0431\u043e\u0442\u0438\u043d\u043e\u043a Dalbello DS AX 90 GW \u0434\u043b\u044f \u0430\u043a\u0442\u0438\u0432\u043d\u043e\u0433\u043e \u043e\u0442\u0434\u044b\u0445\u0430, \u043b\u044b\u0436, \u043f\u043e\u0445\u043e\u0434\u043e\u0432 \u0438 \u043f\u0443\u0442\u0435\u0448\u0435\u0441\u0442\u0432\u0438\u0439 \u0432 \u043e\u043d\u043b\u0430\u0439\u043d-\u043c\u0430\u0433\u0430\u0437\u0438\u043d\u0435 \u044d\u043a\u0438\u043f\u0438\u0440\u043e\u0432\u043a\u0438 \u0434\u043b\u044f \u0430\u043a\u0442\u0438\u0432\u043d\u043e\u0439 \u0436\u0438\u0437\u043d\u0438\"},{\"@type\":\"BreadcrumbList\",\"@id\":\"https:\\\/\\\/xstyle.md\\\/product\\\/gornolyzhnye-botinki-dalbello-ds-ax-90-gw\\\/#breadcrumb\",\"itemListElement\":[{\"@type\":\"ListItem\",\"position\":1,\"name\":\"\u0413\u043b\u0430\u0432\u043d\u0430\u044f \u0441\u0442\u0440\u0430\u043d\u0438\u0446\u0430\",\"item\":\"https:\\\/\\\/xstyle.md\\\/\"},{\"@type\":\"ListItem\",\"position\":2,\"name\":\"\u041c\u0430\u0433\u0430\u0437\u0438\u043d\",\"item\":\"https:\\\/\\\/xstyle.md\\\/shop\\\/\"},{\"@type\":\"ListItem\",\"position\":3,\"name\":\"\u0413\u043e\u0440\u043d\u043e\u043b\u044b\u0436\u043d\u044b\u0435 \u0431\u043e\u0442\u0438\u043d\u043a\u0438 Dalbello DS AX 90 GW\"}]},{\"@type\":\"WebSite\",\"@id\":\"https:\\\/\\\/xstyle.md\\\/#website\",\"url\":\"https:\\\/\\\/xstyle.md\\\/\",\"name\":\"\u041c\u0430\u0433\u0430\u0437\u0438\u043d Xstyle\",\"description\":\"C\u043d\u0430\u0440\u044f\u0436\u0435\u043d\u0438\u0435 \u0434\u043b\u044f \u0442\u0443\u0440\u0438\u0437\u043c\u0430 \u0438 \u044d\u043a\u0441\u0442\u0440\u0435\u043c\u0430\u043b\u044c\u043d\u044b\u0445 \u0432\u0438\u0434\u043e\u0432 \u0441\u043f\u043e\u0440\u0442\u0430 \u0432 \u041c\u043e\u043b\u0434\u043e\u0432\u0435.. \u0426\u0435\u043d\u044b, \u0444\u043e\u0442\u043e, \u0445\u0430\u0440\u0430\u043a\u0442\u0435\u0440\u0438\u0441\u0442\u0438\u043a\u0438 \u0432 \u041c\u043e\u043b\u0434\u043e\u0432\u0435.\",\"publisher\":{\"@id\":\"https:\\\/\\\/xstyle.md\\\/#organization\"},\"alternateName\":\"X-Style\",\"potentialAction\":[{\"@type\":\"SearchAction\",\"target\":{\"@type\":\"EntryPoint\",\"urlTemplate\":\"https:\\\/\\\/xstyle.md\\\/?s={search_term_string}\"},\"query-input\":{\"@type\":\"PropertyValueSpecification\",\"valueRequired\":true,\"valueName\":\"search_term_string\"}}],\"inLanguage\":\"ro-RO\"},{\"@type\":\"Organization\",\"@id\":\"https:\\\/\\\/xstyle.md\\\/#organization\",\"name\":\"\u041c\u0430\u0433\u0430\u0437\u0438\u043d Xstyle\",\"alternateName\":\"x-style\",\"url\":\"https:\\\/\\\/xstyle.md\\\/\",\"logo\":{\"@type\":\"ImageObject\",\"inLanguage\":\"ro-RO\",\"@id\":\"https:\\\/\\\/xstyle.md\\\/#\\\/schema\\\/logo\\\/image\\\/\",\"url\":\"https:\\\/\\\/xstyle.md\\\/wp-content\\\/uploads\\\/2020\\\/06\\\/logoicon.svg\",\"contentUrl\":\"https:\\\/\\\/xstyle.md\\\/wp-content\\\/uploads\\\/2020\\\/06\\\/logoicon.svg\",\"caption\":\"\u041c\u0430\u0433\u0430\u0437\u0438\u043d Xstyle\"},\"image\":{\"@id\":\"https:\\\/\\\/xstyle.md\\\/#\\\/schema\\\/logo\\\/image\\\/\"},\"sameAs\":[\"https:\\\/\\\/www.facebook.com\\\/xstylemd\",\"https:\\\/\\\/www.instagram.com\\\/xstyle_md\\\/\",\"https:\\\/\\\/t.me\\\/xstyle_outdoor\"],\"hasMerchantReturnPolicy\":{\"@type\":\"MerchantReturnPolicy\",\"merchantReturnLink\":\"https:\\\/\\\/xstyle.md\\\/ro\\\/conditions\\\/\"}}]}<\/script>\n<meta property=\"product:price:amount\" content=\"4690.00\" \/>\n<meta property=\"product:price:currency\" content=\"MDL\" \/>\n<meta property=\"og:availability\" content=\"instock\" \/>\n<meta property=\"product:availability\" content=\"instock\" \/>\n<meta property=\"product:retailer_item_id\" content=\"8050440160378\" \/>\n<meta property=\"product:condition\" content=\"new\" \/>\n<!-- \/ Yoast SEO plugin. -->","yoast_head_json":{"title":"Cl\u0103pari Dalbello DS AX 90 GW - Magazin Xstyle","description":"Deschide\u021bi un nou nivel de confort \u0219i performan\u021b\u0103 cu bocancii de schi Dalbello DS AX 90 GW. Ideali pentru toate tipurile de schiat.","robots":{"index":"index","follow":"follow","max-snippet":"max-snippet:-1","max-image-preview":"max-image-preview:large","max-video-preview":"max-video-preview:-1"},"canonical":"https:\/\/xstyle.md\/ro\/produs\/gornolyzhnye-botinki-dalbello-ds-ax-90-gw\/","og_locale":"ro_RO","og_type":"article","og_title":"\u0413\u043e\u0440\u043d\u043e\u043b\u044b\u0436\u043d\u044b\u0435 \u0431\u043e\u0442\u0438\u043d\u043a\u0438 Dalbello DS AX 90 GW - \u041c\u0430\u0433\u0430\u0437\u0438\u043d Xstyle","og_description":"\u041e\u0442\u043a\u0440\u043e\u0439\u0442\u0435 \u043d\u043e\u0432\u044b\u0439 \u0443\u0440\u043e\u0432\u0435\u043d\u044c \u043a\u043e\u043c\u0444\u043e\u0440\u0442\u0430 \u0438 \u043f\u0440\u043e\u0438\u0437\u0432\u043e\u0434\u0438\u0442\u0435\u043b\u044c\u043d\u043e\u0441\u0442\u0438 \u0441 \u0433\u043e\u0440\u043d\u043e\u043b\u044b\u0436\u043d\u044b\u043c\u0438 \u0431\u043e\u0442\u0438\u043d\u043a\u0430\u043c\u0438 Dalbello DS AX 90 GW. \u0418\u0434\u0435\u0430\u043b\u044c\u043d\u044b \u0434\u043b\u044f \u0432\u0441\u0435\u0445 \u0442\u0438\u043f\u043e\u0432 \u043a\u0430\u0442\u0430\u043d\u0438\u044f.","og_url":"https:\/\/xstyle.md\/ro\/produs\/gornolyzhnye-botinki-dalbello-ds-ax-90-gw\/","og_site_name":"\u041c\u0430\u0433\u0430\u0437\u0438\u043d Xstyle","article_publisher":"https:\/\/www.facebook.com\/xstylemd","article_modified_time":"2026-03-19T13:50:47+00:00","og_image":[{"width":1082,"height":1033,"url":"https:\/\/xstyle.md\/wp-content\/uploads\/2022\/12\/dalbello-ds-ax-90-gw.jpg","type":"image\/jpeg"}],"twitter_card":"summary_large_image","twitter_misc":{"Pre\u021b":"4.690&nbsp;MDL","Disponibilitate":"\u00cen stoc"},"schema":{"@context":"https:\/\/schema.org","@graph":[{"@type":"WebPage","@id":"https:\/\/xstyle.md\/product\/gornolyzhnye-botinki-dalbello-ds-ax-90-gw\/","url":"https:\/\/xstyle.md\/product\/gornolyzhnye-botinki-dalbello-ds-ax-90-gw\/","name":"Cl\u0103pari Dalbello DS AX 90 GW - Magazin Xstyle","isPartOf":{"@id":"https:\/\/xstyle.md\/#website"},"primaryImageOfPage":{"@id":"https:\/\/xstyle.md\/product\/gornolyzhnye-botinki-dalbello-ds-ax-90-gw\/#primaryimage"},"image":{"@id":"https:\/\/xstyle.md\/product\/gornolyzhnye-botinki-dalbello-ds-ax-90-gw\/#primaryimage"},"thumbnailUrl":"https:\/\/xstyle.md\/wp-content\/uploads\/2022\/12\/dalbello-ds-ax-90-gw.jpg","datePublished":"2022-12-14T10:42:15+00:00","dateModified":"2026-03-19T13:50:47+00:00","description":"Deschide\u021bi un nou nivel de confort \u0219i performan\u021b\u0103 cu bocancii de schi Dalbello DS AX 90 GW. Ideali pentru toate tipurile de schiat.","breadcrumb":{"@id":"https:\/\/xstyle.md\/product\/gornolyzhnye-botinki-dalbello-ds-ax-90-gw\/#breadcrumb"},"inLanguage":"ro-RO","potentialAction":[{"@type":"ReadAction","target":["https:\/\/xstyle.md\/product\/gornolyzhnye-botinki-dalbello-ds-ax-90-gw\/"]}]},{"@type":"ImageObject","inLanguage":"ro-RO","@id":"https:\/\/xstyle.md\/product\/gornolyzhnye-botinki-dalbello-ds-ax-90-gw\/#primaryimage","url":"https:\/\/xstyle.md\/wp-content\/uploads\/2022\/12\/dalbello-ds-ax-90-gw.jpg","contentUrl":"https:\/\/xstyle.md\/wp-content\/uploads\/2022\/12\/dalbello-ds-ax-90-gw.jpg","width":1082,"height":1033,"caption":"\u0418\u0437\u043e\u0431\u0440\u0430\u0436\u0435\u043d\u0438\u0435 \u0433\u043e\u0440\u043d\u043e\u043b\u044b\u0436\u043d\u044b\u0445 \u0431\u043e\u0442\u0438\u043d\u043e\u043a Dalbello DS AX 90 GW \u0434\u043b\u044f \u0430\u043a\u0442\u0438\u0432\u043d\u043e\u0433\u043e \u043e\u0442\u0434\u044b\u0445\u0430, \u043b\u044b\u0436, \u043f\u043e\u0445\u043e\u0434\u043e\u0432 \u0438 \u043f\u0443\u0442\u0435\u0448\u0435\u0441\u0442\u0432\u0438\u0439 \u0432 \u043e\u043d\u043b\u0430\u0439\u043d-\u043c\u0430\u0433\u0430\u0437\u0438\u043d\u0435 \u044d\u043a\u0438\u043f\u0438\u0440\u043e\u0432\u043a\u0438 \u0434\u043b\u044f \u0430\u043a\u0442\u0438\u0432\u043d\u043e\u0439 \u0436\u0438\u0437\u043d\u0438"},{"@type":"BreadcrumbList","@id":"https:\/\/xstyle.md\/product\/gornolyzhnye-botinki-dalbello-ds-ax-90-gw\/#breadcrumb","itemListElement":[{"@type":"ListItem","position":1,"name":"\u0413\u043b\u0430\u0432\u043d\u0430\u044f \u0441\u0442\u0440\u0430\u043d\u0438\u0446\u0430","item":"https:\/\/xstyle.md\/"},{"@type":"ListItem","position":2,"name":"\u041c\u0430\u0433\u0430\u0437\u0438\u043d","item":"https:\/\/xstyle.md\/shop\/"},{"@type":"ListItem","position":3,"name":"\u0413\u043e\u0440\u043d\u043e\u043b\u044b\u0436\u043d\u044b\u0435 \u0431\u043e\u0442\u0438\u043d\u043a\u0438 Dalbello DS AX 90 GW"}]},{"@type":"WebSite","@id":"https:\/\/xstyle.md\/#website","url":"https:\/\/xstyle.md\/","name":"Magazinul X-Style","description":"Echipamente pentru turism \u0219i sporturi extreme \u00een Moldova. Pre\u021buri, fotografii, caracteristici \u00een Moldova.","publisher":{"@id":"https:\/\/xstyle.md\/#organization"},"alternateName":"X-Style","potentialAction":[{"@type":"SearchAction","target":{"@type":"EntryPoint","urlTemplate":"https:\/\/xstyle.md\/?s={search_term_string}"},"query-input":{"@type":"PropertyValueSpecification","valueRequired":true,"valueName":"search_term_string"}}],"inLanguage":"ro-RO"},{"@type":"Organization","@id":"https:\/\/xstyle.md\/#organization","name":"Magazinul X-Style","alternateName":"x-style","url":"https:\/\/xstyle.md\/","logo":{"@type":"ImageObject","inLanguage":"ro-RO","@id":"https:\/\/xstyle.md\/#\/schema\/logo\/image\/","url":"https:\/\/xstyle.md\/wp-content\/uploads\/2020\/06\/logoicon.svg","contentUrl":"https:\/\/xstyle.md\/wp-content\/uploads\/2020\/06\/logoicon.svg","caption":"\u041c\u0430\u0433\u0430\u0437\u0438\u043d Xstyle"},"image":{"@id":"https:\/\/xstyle.md\/#\/schema\/logo\/image\/"},"sameAs":["https:\/\/www.facebook.com\/xstylemd","https:\/\/www.instagram.com\/xstyle_md\/","https:\/\/t.me\/xstyle_outdoor"],"hasMerchantReturnPolicy":{"@type":"MerchantReturnPolicy","merchantReturnLink":"https:\/\/xstyle.md\/ro\/conditions\/"}}]},"product_price_amount":"4690.00","product_price_currency":"MDL","og_availability":"instock","product_availability":"instock","product_retailer_item_id":"8050440160378","product_condition":"new"},"_links":{"self":[{"href":"https:\/\/xstyle.md\/ro\/wp-json\/wp\/v2\/product\/61002","targetHints":{"allow":["GET"]}}],"collection":[{"href":"https:\/\/xstyle.md\/ro\/wp-json\/wp\/v2\/product"}],"about":[{"href":"https:\/\/xstyle.md\/ro\/wp-json\/wp\/v2\/types\/product"}],"replies":[{"embeddable":true,"href":"https:\/\/xstyle.md\/ro\/wp-json\/wp\/v2\/comments?post=61002"}],"wp:featuredmedia":[{"embeddable":true,"href":"https:\/\/xstyle.md\/ro\/wp-json\/wp\/v2\/media\/66456"}],"wp:attachment":[{"href":"https:\/\/xstyle.md\/ro\/wp-json\/wp\/v2\/media?parent=61002"}],"wp:term":[{"taxonomy":"product_brand","embeddable":true,"href":"https:\/\/xstyle.md\/ro\/wp-json\/wp\/v2\/product_brand?post=61002"},{"taxonomy":"product_cat","embeddable":true,"href":"https:\/\/xstyle.md\/ro\/wp-json\/wp\/v2\/product_cat?post=61002"},{"taxonomy":"product_tag","embeddable":true,"href":"https:\/\/xstyle.md\/ro\/wp-json\/wp\/v2\/product_tag?post=61002"}],"curies":[{"name":"wp","href":"https:\/\/api.w.org\/{rel}","templated":true}]}}