{"id":6070,"date":"2020-07-16T21:14:54","date_gmt":"2020-07-16T18:14:54","guid":{"rendered":"https:\/\/xstyle.md\/product\/ochki-julbo-whoops-mat-black-cameleon"},"modified":"2025-10-24T12:43:29","modified_gmt":"2025-10-24T09:43:29","slug":"ochki-julbo-whoops-mat-black-cameleon","status":"publish","type":"product","link":"https:\/\/xstyle.md\/ro\/produs\/ochki-julbo-whoops-mat-black-cameleon\/","title":{"rendered":"Ochelari Julbo WHOOPS MAT BLACK CAMELEON"},"content":{"rendered":"<\/p>\n<p><strong>Julbo<\/strong> &#8212; sunt ochelarii eficien\u021bi \u0219i confortabili pentru activit\u0103\u021bi sportive, alpinism \u0219i activit\u0103\u021bi \u00een aer liber, care r\u0103spund cel mai bine nevoilor utilizatorilor s\u0103i.<\/p>\n<p>Pentru ochelarii fotochromici, Julbo folose\u0219te polimerul NXT care are propriet\u0103\u021bi excelente de rezisten\u021b\u0103 la impact \u0219i o transparen\u021b\u0103 optic\u0103 ridicat\u0103, apropiat\u0103 maxim de cea a sticlei \u0219i, \u00een plus, este rezistent la temperaturi sc\u0103zute.<\/p>\n<p>Julbo este unul dintre liderii \u00een acest domeniu \u00een produc\u021bia de lentile fotochromice.<\/p>\n<p>\u00cen arsenalul companiei exist\u0103 <strong>4 lentile fotochromice de baz\u0103<\/strong>: Cameleon; Zebra; Falcon; Octopus<\/p>\n<ul>\n<li>Octopus &#8212; o lentil\u0103 proiectat\u0103 special pentru activit\u0103\u021bile de ap\u0103 &#8212; polarizat\u0103, cu un \u00eenveli\u0219 rezistent la ap\u0103, astfel \u00eenc\u00e2t pic\u0103turile de ap\u0103 se rostogolesc imediat.<\/li>\n<li>Zebra \u0219i Cameleon &#8212; lentile de \u00eenalt\u0103 defini\u021bie care-\u0219i schimb\u0103 gradul de \u00eentunecare sub influen\u021ba razelor UV \u00een intervalul de la 2 la 4. Ambele lentile au o acoperire Anti-Fog care previne \u00eence\u021bo\u0219area.<\/li>\n<li>Zebra are o nuan\u021b\u0103 de chihlimbar care spore\u0219te contrastul, \u00eens\u0103 f\u0103r\u0103 polarizare. Aceast\u0103 lentil\u0103 este foarte potrivit\u0103 \u00een cazul \u00een care nu este nevoie s\u0103 proteja\u021bi ochii de lumina reflectat\u0103. Pentru multisportivi, a fost dezvoltat\u0103 o versiune Zebra Light, cu un grad de protec\u021bie de 1-3.<\/li>\n<li>Lentila polarizant\u0103 Cameleon are o nuan\u021b\u0103 de bronz. Aceast\u0103 op\u021biune este deosebit de bun\u0103 \u00een mun\u021bi, \u00een de\u0219ert sau \u00een apropierea apei.<\/li>\n<li>Ambele aceste lentile sunt foarte versatile, au \u00eenveli\u0219 anti-cea\u021b\u0103 \u0219i sunt excelente pentru cele mai active sporturi.<\/li>\n<li>Falcon &#8212; este cel mai versatil \u0219i potrivit pentru c\u0103l\u0103torii \u0219i folosirea \u00een ma\u0219in\u0103. Spre deosebire de lentilele anterioare, gradul de \u00eentunecare al lui Falcon se schimb\u0103 sub influen\u021ba spectrului vizibil al luminii. Acest lucru este deosebit de util dac\u0103 inten\u021biona\u021bi s\u0103 utiliza\u021bi ochelarii \u00een ma\u0219in\u0103, deoarece razele ultraviolete sunt suprimate de parbriz, majoritatea lentilelor fotochromice nu sunt potrivite pentru condus. \u00cen plus, lentilele Falcon au polarizare, un \u00eenveli\u0219 antireflex suplimentar \u0219i un \u00eenveli\u0219 special rezistent care faciliteaz\u0103 \u00eengrijirea ochelarilor.<\/li>\n<\/ul>\n<p><\/p>","protected":false},"excerpt":{"rendered":"<p>Ochelari Julbo WHOOPS MAT BLACK CAMELEON<\/p>","protected":false},"featured_media":6069,"comment_status":"open","ping_status":"closed","template":"","meta":{"_acf_changed":false,"inline_featured_image":false},"product_brand":[1294],"product_cat":[238],"product_tag":[],"class_list":{"0":"post-6070","1":"product","2":"type-product","3":"status-publish","4":"has-post-thumbnail","6":"product_brand-julbo","7":"product_cat-sunglasses-julbo","9":"first","10":"instock","11":"shipping-taxable","12":"purchasable","13":"product-type-simple"},"acf":[],"yoast_head":"<!-- This site is optimized with the Yoast SEO plugin v27.2 - https:\/\/yoast.com\/product\/yoast-seo-wordpress\/ -->\n<title>\u041e\u0447\u043a\u0438 Julbo Whoops Mat Black Cmeleon - \u041c\u0430\u0433\u0430\u0437\u0438\u043d Xstyle<\/title>\n<meta name=\"description\" content=\"\u041e\u0447\u043a\u0438 Julbo Whoops Mat Black Cameleon 2-4 \u043e\u0431\u0435\u0441\u043f\u0435\u0447\u0438\u0432\u0430\u044e\u0442 \u0437\u0430\u0449\u0438\u0442\u0443 UV \u0438 \u0430\u043d\u0442\u0438\u0437\u0430\u043f\u043e\u0442\u0435\u0432\u0430\u043d\u0438\u0435. \u0418\u0434\u0435\u0430\u043b\u044c\u043d\u044b \u0434\u043b\u044f \u0430\u043a\u0442\u0438\u0432\u043d\u043e\u0433\u043e \u043e\u0442\u0434\u044b\u0445\u0430 \u0438 \u0441\u043f\u043e\u0440\u0442\u0430 \u043d\u0430 \u043e\u0442\u043a\u0440\u044b\u0442\u043e\u043c \u0432\u043e\u0437\u0434\u0443\u0445\u0435.\" \/>\n<meta name=\"robots\" content=\"index, follow, max-snippet:-1, max-image-preview:large, max-video-preview:-1\" \/>\n<link rel=\"canonical\" href=\"https:\/\/xstyle.md\/ro\/produs\/ochki-julbo-whoops-mat-black-cameleon\/\" \/>\n<meta property=\"og:locale\" content=\"ro_RO\" \/>\n<meta property=\"og:type\" content=\"article\" \/>\n<meta property=\"og:title\" content=\"\u041e\u0447\u043a\u0438 Julbo Whoops Mat Black Cmeleon - \u041c\u0430\u0433\u0430\u0437\u0438\u043d Xstyle\" \/>\n<meta property=\"og:description\" content=\"\u041e\u0447\u043a\u0438 Julbo Whoops Mat Black Cameleon 2-4 \u043e\u0431\u0435\u0441\u043f\u0435\u0447\u0438\u0432\u0430\u044e\u0442 \u0437\u0430\u0449\u0438\u0442\u0443 UV \u0438 \u0430\u043d\u0442\u0438\u0437\u0430\u043f\u043e\u0442\u0435\u0432\u0430\u043d\u0438\u0435. \u0418\u0434\u0435\u0430\u043b\u044c\u043d\u044b \u0434\u043b\u044f \u0430\u043a\u0442\u0438\u0432\u043d\u043e\u0433\u043e \u043e\u0442\u0434\u044b\u0445\u0430 \u0438 \u0441\u043f\u043e\u0440\u0442\u0430 \u043d\u0430 \u043e\u0442\u043a\u0440\u044b\u0442\u043e\u043c \u0432\u043e\u0437\u0434\u0443\u0445\u0435.\" \/>\n<meta property=\"og:url\" content=\"https:\/\/xstyle.md\/ro\/produs\/ochki-julbo-whoops-mat-black-cameleon\/\" \/>\n<meta property=\"og:site_name\" content=\"\u041c\u0430\u0433\u0430\u0437\u0438\u043d Xstyle\" \/>\n<meta property=\"article:publisher\" content=\"https:\/\/www.facebook.com\/xstylemd\" \/>\n<meta property=\"article:modified_time\" content=\"2025-10-24T09:43:29+00:00\" \/>\n<meta property=\"og:image\" content=\"https:\/\/xstyle.md\/wp-content\/uploads\/2020\/07\/julbosunglassesj4005014-61_1_3.jpg\" \/>\n\t<meta property=\"og:image:width\" content=\"1200\" \/>\n\t<meta property=\"og:image:height\" content=\"960\" \/>\n\t<meta property=\"og:image:type\" content=\"image\/jpeg\" \/>\n<meta name=\"twitter:card\" content=\"summary_large_image\" \/>\n<meta name=\"twitter:label1\" content=\"Pre\u021b\" \/>\n\t<meta name=\"twitter:data1\" content=\"2.990&nbsp;MDL\" \/>\n\t<meta name=\"twitter:label2\" content=\"Disponibilitate\" \/>\n\t<meta name=\"twitter:data2\" content=\"\u00cen stoc\" \/>\n<script type=\"application\/ld+json\" class=\"yoast-schema-graph\">{\"@context\":\"https:\/\/schema.org\",\"@graph\":[{\"@type\":\"WebPage\",\"@id\":\"https:\/\/xstyle.md\/product\/ochki-julbo-whoops-mat-black-cameleon\/\",\"url\":\"https:\/\/xstyle.md\/product\/ochki-julbo-whoops-mat-black-cameleon\/\",\"name\":\"\u041e\u0447\u043a\u0438 Julbo Whoops Mat Black Cmeleon - \u041c\u0430\u0433\u0430\u0437\u0438\u043d Xstyle\",\"isPartOf\":{\"@id\":\"https:\/\/xstyle.md\/#website\"},\"primaryImageOfPage\":{\"@id\":\"https:\/\/xstyle.md\/product\/ochki-julbo-whoops-mat-black-cameleon\/#primaryimage\"},\"image\":{\"@id\":\"https:\/\/xstyle.md\/product\/ochki-julbo-whoops-mat-black-cameleon\/#primaryimage\"},\"thumbnailUrl\":\"https:\/\/xstyle.md\/wp-content\/uploads\/2020\/07\/julbosunglassesj4005014-61_1_3.jpg\",\"datePublished\":\"2020-07-16T18:14:54+00:00\",\"dateModified\":\"2025-10-24T09:43:29+00:00\",\"description\":\"\u041e\u0447\u043a\u0438 Julbo Whoops Mat Black Cameleon 2-4 \u043e\u0431\u0435\u0441\u043f\u0435\u0447\u0438\u0432\u0430\u044e\u0442 \u0437\u0430\u0449\u0438\u0442\u0443 UV \u0438 \u0430\u043d\u0442\u0438\u0437\u0430\u043f\u043e\u0442\u0435\u0432\u0430\u043d\u0438\u0435. \u0418\u0434\u0435\u0430\u043b\u044c\u043d\u044b \u0434\u043b\u044f \u0430\u043a\u0442\u0438\u0432\u043d\u043e\u0433\u043e \u043e\u0442\u0434\u044b\u0445\u0430 \u0438 \u0441\u043f\u043e\u0440\u0442\u0430 \u043d\u0430 \u043e\u0442\u043a\u0440\u044b\u0442\u043e\u043c \u0432\u043e\u0437\u0434\u0443\u0445\u0435.\",\"breadcrumb\":{\"@id\":\"https:\/\/xstyle.md\/product\/ochki-julbo-whoops-mat-black-cameleon\/#breadcrumb\"},\"inLanguage\":\"ro-RO\",\"potentialAction\":[{\"@type\":\"ReadAction\",\"target\":[\"https:\/\/xstyle.md\/product\/ochki-julbo-whoops-mat-black-cameleon\/\"]}]},{\"@type\":\"ImageObject\",\"inLanguage\":\"ro-RO\",\"@id\":\"https:\/\/xstyle.md\/product\/ochki-julbo-whoops-mat-black-cameleon\/#primaryimage\",\"url\":\"https:\/\/xstyle.md\/wp-content\/uploads\/2020\/07\/julbosunglassesj4005014-61_1_3.jpg\",\"contentUrl\":\"https:\/\/xstyle.md\/wp-content\/uploads\/2020\/07\/julbosunglassesj4005014-61_1_3.jpg\",\"width\":1200,\"height\":960},{\"@type\":\"BreadcrumbList\",\"@id\":\"https:\/\/xstyle.md\/product\/ochki-julbo-whoops-mat-black-cameleon\/#breadcrumb\",\"itemListElement\":[{\"@type\":\"ListItem\",\"position\":1,\"name\":\"\u0413\u043b\u0430\u0432\u043d\u0430\u044f \u0441\u0442\u0440\u0430\u043d\u0438\u0446\u0430\",\"item\":\"https:\/\/xstyle.md\/\"},{\"@type\":\"ListItem\",\"position\":2,\"name\":\"\u041c\u0430\u0433\u0430\u0437\u0438\u043d\",\"item\":\"https:\/\/xstyle.md\/shop\/\"},{\"@type\":\"ListItem\",\"position\":3,\"name\":\"\u041e\u0447\u043a\u0438 Julbo Whoops Mat Black Cmeleon\"}]},{\"@type\":\"WebSite\",\"@id\":\"https:\/\/xstyle.md\/#website\",\"url\":\"https:\/\/xstyle.md\/\",\"name\":\"\u041c\u0430\u0433\u0430\u0437\u0438\u043d Xstyle\",\"description\":\"C\u043d\u0430\u0440\u044f\u0436\u0435\u043d\u0438\u0435 \u0434\u043b\u044f \u0442\u0443\u0440\u0438\u0437\u043c\u0430 \u0438 \u044d\u043a\u0441\u0442\u0440\u0435\u043c\u0430\u043b\u044c\u043d\u044b\u0445 \u0432\u0438\u0434\u043e\u0432 \u0441\u043f\u043e\u0440\u0442\u0430 \u0432 \u041c\u043e\u043b\u0434\u043e\u0432\u0435.. \u0426\u0435\u043d\u044b, \u0444\u043e\u0442\u043e, \u0445\u0430\u0440\u0430\u043a\u0442\u0435\u0440\u0438\u0441\u0442\u0438\u043a\u0438 \u0432 \u041c\u043e\u043b\u0434\u043e\u0432\u0435.\",\"publisher\":{\"@id\":\"https:\/\/xstyle.md\/#organization\"},\"alternateName\":\"X-Style\",\"potentialAction\":[{\"@type\":\"SearchAction\",\"target\":{\"@type\":\"EntryPoint\",\"urlTemplate\":\"https:\/\/xstyle.md\/?s={search_term_string}\"},\"query-input\":{\"@type\":\"PropertyValueSpecification\",\"valueRequired\":true,\"valueName\":\"search_term_string\"}}],\"inLanguage\":\"ro-RO\"},{\"@type\":\"Organization\",\"@id\":\"https:\/\/xstyle.md\/#organization\",\"name\":\"\u041c\u0430\u0433\u0430\u0437\u0438\u043d Xstyle\",\"alternateName\":\"x-style\",\"url\":\"https:\/\/xstyle.md\/\",\"logo\":{\"@type\":\"ImageObject\",\"inLanguage\":\"ro-RO\",\"@id\":\"https:\/\/xstyle.md\/#\/schema\/logo\/image\/\",\"url\":\"https:\/\/xstyle.md\/wp-content\/uploads\/2020\/06\/logoicon.svg\",\"contentUrl\":\"https:\/\/xstyle.md\/wp-content\/uploads\/2020\/06\/logoicon.svg\",\"caption\":\"\u041c\u0430\u0433\u0430\u0437\u0438\u043d Xstyle\"},\"image\":{\"@id\":\"https:\/\/xstyle.md\/#\/schema\/logo\/image\/\"},\"sameAs\":[\"https:\/\/www.facebook.com\/xstylemd\",\"https:\/\/www.instagram.com\/xstyle_md\/\",\"https:\/\/t.me\/xstyle_outdoor\"],\"hasMerchantReturnPolicy\":{\"@type\":\"MerchantReturnPolicy\",\"merchantReturnLink\":\"https:\/\/xstyle.md\/ro\/conditions\/\"}}]}<\/script>\n<meta property=\"product:price:amount\" content=\"2990.00\" \/>\n<meta property=\"product:price:currency\" content=\"MDL\" \/>\n<meta property=\"og:availability\" content=\"instock\" \/>\n<meta property=\"product:availability\" content=\"instock\" \/>\n<meta property=\"product:retailer_item_id\" content=\"3660576025295\" \/>\n<meta property=\"product:condition\" content=\"new\" \/>\n<!-- \/ Yoast SEO plugin. -->","yoast_head_json":{"title":"Ochelari Julbo WHOOPS MAT BLACK CAMELEON - Magazin Xstyle","description":"Ochelarii Julbo Whoops Mat Black Cameleon 2-4 ofer\u0103 protec\u021bie UV \u0219i antiaburire. Sunt ideali pentru activit\u0103\u021bi recreative \u0219i sporturi \u00een aer liber.","robots":{"index":"index","follow":"follow","max-snippet":"max-snippet:-1","max-image-preview":"max-image-preview:large","max-video-preview":"max-video-preview:-1"},"canonical":"https:\/\/xstyle.md\/ro\/produs\/ochki-julbo-whoops-mat-black-cameleon\/","og_locale":"ro_RO","og_type":"article","og_title":"\u041e\u0447\u043a\u0438 Julbo Whoops Mat Black Cmeleon - \u041c\u0430\u0433\u0430\u0437\u0438\u043d Xstyle","og_description":"\u041e\u0447\u043a\u0438 Julbo Whoops Mat Black Cameleon 2-4 \u043e\u0431\u0435\u0441\u043f\u0435\u0447\u0438\u0432\u0430\u044e\u0442 \u0437\u0430\u0449\u0438\u0442\u0443 UV \u0438 \u0430\u043d\u0442\u0438\u0437\u0430\u043f\u043e\u0442\u0435\u0432\u0430\u043d\u0438\u0435. \u0418\u0434\u0435\u0430\u043b\u044c\u043d\u044b \u0434\u043b\u044f \u0430\u043a\u0442\u0438\u0432\u043d\u043e\u0433\u043e \u043e\u0442\u0434\u044b\u0445\u0430 \u0438 \u0441\u043f\u043e\u0440\u0442\u0430 \u043d\u0430 \u043e\u0442\u043a\u0440\u044b\u0442\u043e\u043c \u0432\u043e\u0437\u0434\u0443\u0445\u0435.","og_url":"https:\/\/xstyle.md\/ro\/produs\/ochki-julbo-whoops-mat-black-cameleon\/","og_site_name":"\u041c\u0430\u0433\u0430\u0437\u0438\u043d Xstyle","article_publisher":"https:\/\/www.facebook.com\/xstylemd","article_modified_time":"2025-10-24T09:43:29+00:00","og_image":[{"width":1200,"height":960,"url":"https:\/\/xstyle.md\/wp-content\/uploads\/2020\/07\/julbosunglassesj4005014-61_1_3.jpg","type":"image\/jpeg"}],"twitter_card":"summary_large_image","twitter_misc":{"Pre\u021b":"2.990&nbsp;MDL","Disponibilitate":"\u00cen stoc"},"schema":{"@context":"https:\/\/schema.org","@graph":[{"@type":"WebPage","@id":"https:\/\/xstyle.md\/product\/ochki-julbo-whoops-mat-black-cameleon\/","url":"https:\/\/xstyle.md\/product\/ochki-julbo-whoops-mat-black-cameleon\/","name":"Ochelari Julbo WHOOPS MAT BLACK CAMELEON - Magazin Xstyle","isPartOf":{"@id":"https:\/\/xstyle.md\/#website"},"primaryImageOfPage":{"@id":"https:\/\/xstyle.md\/product\/ochki-julbo-whoops-mat-black-cameleon\/#primaryimage"},"image":{"@id":"https:\/\/xstyle.md\/product\/ochki-julbo-whoops-mat-black-cameleon\/#primaryimage"},"thumbnailUrl":"https:\/\/xstyle.md\/wp-content\/uploads\/2020\/07\/julbosunglassesj4005014-61_1_3.jpg","datePublished":"2020-07-16T18:14:54+00:00","dateModified":"2025-10-24T09:43:29+00:00","description":"Ochelarii Julbo Whoops Mat Black Cameleon 2-4 ofer\u0103 protec\u021bie UV \u0219i antiaburire. Sunt ideali pentru activit\u0103\u021bi recreative \u0219i sporturi \u00een aer liber.","breadcrumb":{"@id":"https:\/\/xstyle.md\/product\/ochki-julbo-whoops-mat-black-cameleon\/#breadcrumb"},"inLanguage":"ro-RO","potentialAction":[{"@type":"ReadAction","target":["https:\/\/xstyle.md\/product\/ochki-julbo-whoops-mat-black-cameleon\/"]}]},{"@type":"ImageObject","inLanguage":"ro-RO","@id":"https:\/\/xstyle.md\/product\/ochki-julbo-whoops-mat-black-cameleon\/#primaryimage","url":"https:\/\/xstyle.md\/wp-content\/uploads\/2020\/07\/julbosunglassesj4005014-61_1_3.jpg","contentUrl":"https:\/\/xstyle.md\/wp-content\/uploads\/2020\/07\/julbosunglassesj4005014-61_1_3.jpg","width":1200,"height":960},{"@type":"BreadcrumbList","@id":"https:\/\/xstyle.md\/product\/ochki-julbo-whoops-mat-black-cameleon\/#breadcrumb","itemListElement":[{"@type":"ListItem","position":1,"name":"\u0413\u043b\u0430\u0432\u043d\u0430\u044f \u0441\u0442\u0440\u0430\u043d\u0438\u0446\u0430","item":"https:\/\/xstyle.md\/"},{"@type":"ListItem","position":2,"name":"\u041c\u0430\u0433\u0430\u0437\u0438\u043d","item":"https:\/\/xstyle.md\/shop\/"},{"@type":"ListItem","position":3,"name":"\u041e\u0447\u043a\u0438 Julbo Whoops Mat Black Cmeleon"}]},{"@type":"WebSite","@id":"https:\/\/xstyle.md\/#website","url":"https:\/\/xstyle.md\/","name":"Magazinul X-Style","description":"Echipamente pentru turism \u0219i sporturi extreme \u00een Moldova. Pre\u021buri, fotografii, caracteristici \u00een Moldova.","publisher":{"@id":"https:\/\/xstyle.md\/#organization"},"alternateName":"X-Style","potentialAction":[{"@type":"SearchAction","target":{"@type":"EntryPoint","urlTemplate":"https:\/\/xstyle.md\/?s={search_term_string}"},"query-input":{"@type":"PropertyValueSpecification","valueRequired":true,"valueName":"search_term_string"}}],"inLanguage":"ro-RO"},{"@type":"Organization","@id":"https:\/\/xstyle.md\/#organization","name":"Magazinul X-Style","alternateName":"x-style","url":"https:\/\/xstyle.md\/","logo":{"@type":"ImageObject","inLanguage":"ro-RO","@id":"https:\/\/xstyle.md\/#\/schema\/logo\/image\/","url":"https:\/\/xstyle.md\/wp-content\/uploads\/2020\/06\/logoicon.svg","contentUrl":"https:\/\/xstyle.md\/wp-content\/uploads\/2020\/06\/logoicon.svg","caption":"\u041c\u0430\u0433\u0430\u0437\u0438\u043d Xstyle"},"image":{"@id":"https:\/\/xstyle.md\/#\/schema\/logo\/image\/"},"sameAs":["https:\/\/www.facebook.com\/xstylemd","https:\/\/www.instagram.com\/xstyle_md\/","https:\/\/t.me\/xstyle_outdoor"],"hasMerchantReturnPolicy":{"@type":"MerchantReturnPolicy","merchantReturnLink":"https:\/\/xstyle.md\/ro\/conditions\/"}}]},"product_price_amount":"2990.00","product_price_currency":"MDL","og_availability":"instock","product_availability":"instock","product_retailer_item_id":"3660576025295","product_condition":"new"},"post_mailing_queue_ids":[],"_links":{"self":[{"href":"https:\/\/xstyle.md\/ro\/wp-json\/wp\/v2\/product\/6070","targetHints":{"allow":["GET"]}}],"collection":[{"href":"https:\/\/xstyle.md\/ro\/wp-json\/wp\/v2\/product"}],"about":[{"href":"https:\/\/xstyle.md\/ro\/wp-json\/wp\/v2\/types\/product"}],"replies":[{"embeddable":true,"href":"https:\/\/xstyle.md\/ro\/wp-json\/wp\/v2\/comments?post=6070"}],"wp:featuredmedia":[{"embeddable":true,"href":"https:\/\/xstyle.md\/ro\/wp-json\/wp\/v2\/media\/6069"}],"wp:attachment":[{"href":"https:\/\/xstyle.md\/ro\/wp-json\/wp\/v2\/media?parent=6070"}],"wp:term":[{"taxonomy":"product_brand","embeddable":true,"href":"https:\/\/xstyle.md\/ro\/wp-json\/wp\/v2\/product_brand?post=6070"},{"taxonomy":"product_cat","embeddable":true,"href":"https:\/\/xstyle.md\/ro\/wp-json\/wp\/v2\/product_cat?post=6070"},{"taxonomy":"product_tag","embeddable":true,"href":"https:\/\/xstyle.md\/ro\/wp-json\/wp\/v2\/product_tag?post=6070"}],"curies":[{"name":"wp","href":"https:\/\/api.w.org\/{rel}","templated":true}]}}