{"id":6044,"date":"2020-07-16T21:13:45","date_gmt":"2020-07-16T18:13:45","guid":{"rendered":"https:\/\/xstyle.md\/product\/propitka-toko-shoe-care-proof"},"modified":"2024-12-27T14:53:04","modified_gmt":"2024-12-27T11:53:04","slug":"propitka-toko-shoe-care-proof","status":"publish","type":"product","link":"https:\/\/xstyle.md\/ro\/produs\/propitka-toko-shoe-care-proof\/","title":{"rendered":"Impregnare Toko Shoe Care Proof"},"content":{"rendered":"<\/p>\n<p><strong>Impregnare Toko Shoe Care Proof<\/strong> &#8212; produs eficient pentru ingrijirea \u00eenc\u0103l\u021b\u0103mintei de sport, incaltamintei pentru drume\u021bii \u0219i pentru \u00eenc\u0103l\u021b\u0103mintea de zi cu zi.<\/p>\n<h3><strong>Particularit\u0103\u021bi<\/strong><\/h3>\n<ul>\n<li>Face ca pielea \u0219i \u021bes\u0103turile s\u0103 fie rezistente la murd\u0103rie \u0219i impermeabile.<\/li>\n<li>P\u0103streaz\u0103 propriet\u0103\u021bile de respirabilitate ale \u021bes\u0103turilor moderne cu membran\u0103 (de exemplu, Gore-TEX).<\/li>\n<li>Foarte eficient datorit\u0103 celor mai recente progrese \u0219tiin\u021bifice.<\/li>\n<li>Nutrien\u021bii speciali men\u021bin elasticitatea \u021bes\u0103turii exterioare.<\/li>\n<li>Prelunge\u0219te durata de via\u021b\u0103 a \u00eenc\u0103l\u021b\u0103mintei dumneavoastr\u0103.<\/li>\n<li>U\u0219or de utilizat.<\/li>\n<\/ul>\n<h3><strong>Aplica\u021bie<\/strong><\/h3>\n<ul>\n<li>Utiliza\u021bi spray-ul \u00eentr-o \u00eenc\u0103pere bine ventilat\u0103 sau \u00een aer liber.<\/li>\n<li>Aplica\u021bi spray-ul pe suprafa\u021ba exterioar\u0103 uscat\u0103 \u0219i curat\u0103 a \u00eenc\u0103l\u021b\u0103mintei printr-o mi\u0219care lent\u0103 \u0219i uniform\u0103, de la o distan\u021b\u0103 de aproximativ 20 cm.<\/li>\n<li>L\u0103sa\u021bi s\u0103 se usuce.<\/li>\n<\/ul>\n<h3>Contraindicatii<\/h3>\n<ul>\n<li>Nu se administreaz\u0103 pe cale oral\u0103.<\/li>\n<li>Evita\u021bi contactul cu ochii.<\/li>\n<li>A nu se p\u0103stra la \u00eendem\u00e2na copiilor.<\/li>\n<\/ul>\n<p>\n<div><\/div>\n<div>\n<p><iframe loading=\"lazy\" title=\"TOKO Shoe Proof &amp; Care\" width=\"640\" height=\"360\" src=\"https:\/\/www.youtube.com\/embed\/lhUCWMI164o?feature=oembed\" frameborder=\"0\" allow=\"accelerometer; autoplay; clipboard-write; encrypted-media; gyroscope; picture-in-picture; web-share\" referrerpolicy=\"strict-origin-when-cross-origin\" allowfullscreen><\/iframe><\/p>\n<\/div>","protected":false},"excerpt":{"rendered":"<p>Impregnare Toko Shoe Care Proof<\/p>","protected":false},"featured_media":87441,"comment_status":"open","ping_status":"closed","template":"","meta":{"_acf_changed":false,"inline_featured_image":false},"product_brand":[1340],"product_cat":[481],"product_tag":[],"class_list":{"0":"post-6044","1":"product","2":"type-product","3":"status-publish","4":"has-post-thumbnail","6":"product_brand-toko","7":"product_cat-uhod-za-obuviu","9":"first","10":"instock","11":"shipping-taxable","12":"purchasable","13":"product-type-simple"},"acf":[],"yoast_head":"<!-- This site is optimized with the Yoast SEO plugin v27.4 - https:\/\/yoast.com\/product\/yoast-seo-wordpress\/ -->\n<title>\u041f\u0440\u043e\u043f\u0438\u0442\u043a\u0430 Toko Shoe Care Proof - \u041c\u0430\u0433\u0430\u0437\u0438\u043d Xstyle<\/title>\n<meta name=\"description\" content=\"\u041f\u0440\u043e\u043f\u0438\u0442\u043a\u0430 Toko Shoe Care Proof \u044d\u0444\u0444\u0435\u043a\u0442\u0438\u0432\u043d\u043e \u0437\u0430\u0449\u0438\u0449\u0430\u0435\u0442 \u0432\u0430\u0448\u0443 \u043e\u0431\u0443\u0432\u044c Gore-TEX \u043e\u0442 \u0432\u043b\u0430\u0433\u0438 \u0438 \u0433\u0440\u044f\u0437\u0438, \u0441\u043e\u0445\u0440\u0430\u043d\u044f\u044f \u0435\u0451 \u0434\u044b\u0448\u0430\u0449\u0438\u0435 \u0441\u0432\u043e\u0439\u0441\u0442\u0432\u0430. \u041f\u043e\u0434\u0434\u0435\u0440\u0436\u0438\u0442\u0435 \u043a\u043e\u043c\u0444\u043e\u0440\u0442 \u0438 \u0434\u043e\u043b\u0433\u043e\u0432\u0435\u0447\u043d\u043e\u0441\u0442\u044c!\" \/>\n<meta name=\"robots\" content=\"index, follow, max-snippet:-1, max-image-preview:large, max-video-preview:-1\" \/>\n<link rel=\"canonical\" href=\"https:\/\/xstyle.md\/ro\/produs\/propitka-toko-shoe-care-proof\/\" \/>\n<meta property=\"og:locale\" content=\"ro_RO\" \/>\n<meta property=\"og:type\" content=\"article\" \/>\n<meta property=\"og:title\" content=\"\u041f\u0440\u043e\u043f\u0438\u0442\u043a\u0430 Toko Shoe Care Proof - \u041c\u0430\u0433\u0430\u0437\u0438\u043d Xstyle\" \/>\n<meta property=\"og:description\" content=\"\u041f\u0440\u043e\u043f\u0438\u0442\u043a\u0430 Toko Shoe Care Proof \u044d\u0444\u0444\u0435\u043a\u0442\u0438\u0432\u043d\u043e \u0437\u0430\u0449\u0438\u0449\u0430\u0435\u0442 \u0432\u0430\u0448\u0443 \u043e\u0431\u0443\u0432\u044c Gore-TEX \u043e\u0442 \u0432\u043b\u0430\u0433\u0438 \u0438 \u0433\u0440\u044f\u0437\u0438, \u0441\u043e\u0445\u0440\u0430\u043d\u044f\u044f \u0435\u0451 \u0434\u044b\u0448\u0430\u0449\u0438\u0435 \u0441\u0432\u043e\u0439\u0441\u0442\u0432\u0430. \u041f\u043e\u0434\u0434\u0435\u0440\u0436\u0438\u0442\u0435 \u043a\u043e\u043c\u0444\u043e\u0440\u0442 \u0438 \u0434\u043e\u043b\u0433\u043e\u0432\u0435\u0447\u043d\u043e\u0441\u0442\u044c!\" \/>\n<meta property=\"og:url\" content=\"https:\/\/xstyle.md\/ro\/produs\/propitka-toko-shoe-care-proof\/\" \/>\n<meta property=\"og:site_name\" content=\"\u041c\u0430\u0433\u0430\u0437\u0438\u043d Xstyle\" \/>\n<meta property=\"article:publisher\" content=\"https:\/\/www.facebook.com\/xstylemd\" \/>\n<meta property=\"article:modified_time\" content=\"2024-12-27T11:53:04+00:00\" \/>\n<meta property=\"og:image\" content=\"https:\/\/xstyle.md\/wp-content\/uploads\/2020\/07\/toko-shoe-care-proof.jpg\" \/>\n\t<meta property=\"og:image:width\" content=\"634\" \/>\n\t<meta property=\"og:image:height\" content=\"616\" \/>\n\t<meta property=\"og:image:type\" content=\"image\/jpeg\" \/>\n<meta name=\"twitter:card\" content=\"summary_large_image\" \/>\n<meta name=\"twitter:label1\" content=\"Pre\u021b\" \/>\n\t<meta name=\"twitter:data1\" content=\"295&nbsp;MDL\" \/>\n\t<meta name=\"twitter:label2\" content=\"Disponibilitate\" \/>\n\t<meta name=\"twitter:data2\" content=\"\u00cen stoc\" \/>\n<script type=\"application\/ld+json\" class=\"yoast-schema-graph\">{\"@context\":\"https:\\\/\\\/schema.org\",\"@graph\":[{\"@type\":\"WebPage\",\"@id\":\"https:\\\/\\\/xstyle.md\\\/product\\\/propitka-toko-shoe-care-proof\\\/\",\"url\":\"https:\\\/\\\/xstyle.md\\\/product\\\/propitka-toko-shoe-care-proof\\\/\",\"name\":\"\u041f\u0440\u043e\u043f\u0438\u0442\u043a\u0430 Toko Shoe Care Proof - \u041c\u0430\u0433\u0430\u0437\u0438\u043d Xstyle\",\"isPartOf\":{\"@id\":\"https:\\\/\\\/xstyle.md\\\/#website\"},\"primaryImageOfPage\":{\"@id\":\"https:\\\/\\\/xstyle.md\\\/product\\\/propitka-toko-shoe-care-proof\\\/#primaryimage\"},\"image\":{\"@id\":\"https:\\\/\\\/xstyle.md\\\/product\\\/propitka-toko-shoe-care-proof\\\/#primaryimage\"},\"thumbnailUrl\":\"https:\\\/\\\/xstyle.md\\\/wp-content\\\/uploads\\\/2020\\\/07\\\/toko-shoe-care-proof.jpg\",\"datePublished\":\"2020-07-16T18:13:45+00:00\",\"dateModified\":\"2024-12-27T11:53:04+00:00\",\"description\":\"\u041f\u0440\u043e\u043f\u0438\u0442\u043a\u0430 Toko Shoe Care Proof \u044d\u0444\u0444\u0435\u043a\u0442\u0438\u0432\u043d\u043e \u0437\u0430\u0449\u0438\u0449\u0430\u0435\u0442 \u0432\u0430\u0448\u0443 \u043e\u0431\u0443\u0432\u044c Gore-TEX \u043e\u0442 \u0432\u043b\u0430\u0433\u0438 \u0438 \u0433\u0440\u044f\u0437\u0438, \u0441\u043e\u0445\u0440\u0430\u043d\u044f\u044f \u0435\u0451 \u0434\u044b\u0448\u0430\u0449\u0438\u0435 \u0441\u0432\u043e\u0439\u0441\u0442\u0432\u0430. \u041f\u043e\u0434\u0434\u0435\u0440\u0436\u0438\u0442\u0435 \u043a\u043e\u043c\u0444\u043e\u0440\u0442 \u0438 \u0434\u043e\u043b\u0433\u043e\u0432\u0435\u0447\u043d\u043e\u0441\u0442\u044c!\",\"breadcrumb\":{\"@id\":\"https:\\\/\\\/xstyle.md\\\/product\\\/propitka-toko-shoe-care-proof\\\/#breadcrumb\"},\"inLanguage\":\"ro-RO\",\"potentialAction\":[{\"@type\":\"ReadAction\",\"target\":[\"https:\\\/\\\/xstyle.md\\\/product\\\/propitka-toko-shoe-care-proof\\\/\"]}]},{\"@type\":\"ImageObject\",\"inLanguage\":\"ro-RO\",\"@id\":\"https:\\\/\\\/xstyle.md\\\/product\\\/propitka-toko-shoe-care-proof\\\/#primaryimage\",\"url\":\"https:\\\/\\\/xstyle.md\\\/wp-content\\\/uploads\\\/2020\\\/07\\\/toko-shoe-care-proof.jpg\",\"contentUrl\":\"https:\\\/\\\/xstyle.md\\\/wp-content\\\/uploads\\\/2020\\\/07\\\/toko-shoe-care-proof.jpg\",\"width\":634,\"height\":616,\"caption\":\"\u0421\u0440\u0435\u0434\u0441\u0442\u0432\u043e \u0434\u043b\u044f \u0443\u0445\u043e\u0434\u0430 \u0437\u0430 \u043e\u0431\u0443\u0432\u044c\u044e, \u0438\u0434\u0435\u0430\u043b\u044c\u043d\u043e \u043f\u043e\u0434\u0445\u043e\u0434\u044f\u0449\u0435\u0435 \u0434\u043b\u044f \u0430\u043a\u0442\u0438\u0432\u043d\u043e\u0433\u043e \u043e\u0442\u0434\u044b\u0445\u0430, \u043f\u043e\u0445\u043e\u0434\u043e\u0432 \u0438 \u043f\u0443\u0442\u0435\u0448\u0435\u0441\u0442\u0432\u0438\u0439, \u0437\u0430\u0449\u0438\u0449\u0430\u0435\u0442 \u0432\u0430\u0448\u0443 \u043e\u0431\u0443\u0432\u044c \u0434\u043b\u044f \u0430\u043b\u044c\u043f\u0438\u043d\u0438\u0437\u043c\u0430 \u0438 \u0430\u043a\u0442\u0438\u0432\u043d\u043e\u0439 \u0436\u0438\u0437\u043d\u0438.\"},{\"@type\":\"BreadcrumbList\",\"@id\":\"https:\\\/\\\/xstyle.md\\\/product\\\/propitka-toko-shoe-care-proof\\\/#breadcrumb\",\"itemListElement\":[{\"@type\":\"ListItem\",\"position\":1,\"name\":\"\u0413\u043b\u0430\u0432\u043d\u0430\u044f \u0441\u0442\u0440\u0430\u043d\u0438\u0446\u0430\",\"item\":\"https:\\\/\\\/xstyle.md\\\/\"},{\"@type\":\"ListItem\",\"position\":2,\"name\":\"\u041c\u0430\u0433\u0430\u0437\u0438\u043d\",\"item\":\"https:\\\/\\\/xstyle.md\\\/shop\\\/\"},{\"@type\":\"ListItem\",\"position\":3,\"name\":\"\u041f\u0440\u043e\u043f\u0438\u0442\u043a\u0430 Toko Shoe Care Proof\"}]},{\"@type\":\"WebSite\",\"@id\":\"https:\\\/\\\/xstyle.md\\\/#website\",\"url\":\"https:\\\/\\\/xstyle.md\\\/\",\"name\":\"\u041c\u0430\u0433\u0430\u0437\u0438\u043d Xstyle\",\"description\":\"C\u043d\u0430\u0440\u044f\u0436\u0435\u043d\u0438\u0435 \u0434\u043b\u044f \u0442\u0443\u0440\u0438\u0437\u043c\u0430 \u0438 \u044d\u043a\u0441\u0442\u0440\u0435\u043c\u0430\u043b\u044c\u043d\u044b\u0445 \u0432\u0438\u0434\u043e\u0432 \u0441\u043f\u043e\u0440\u0442\u0430 \u0432 \u041c\u043e\u043b\u0434\u043e\u0432\u0435.. \u0426\u0435\u043d\u044b, \u0444\u043e\u0442\u043e, \u0445\u0430\u0440\u0430\u043a\u0442\u0435\u0440\u0438\u0441\u0442\u0438\u043a\u0438 \u0432 \u041c\u043e\u043b\u0434\u043e\u0432\u0435.\",\"publisher\":{\"@id\":\"https:\\\/\\\/xstyle.md\\\/#organization\"},\"alternateName\":\"X-Style\",\"potentialAction\":[{\"@type\":\"SearchAction\",\"target\":{\"@type\":\"EntryPoint\",\"urlTemplate\":\"https:\\\/\\\/xstyle.md\\\/?s={search_term_string}\"},\"query-input\":{\"@type\":\"PropertyValueSpecification\",\"valueRequired\":true,\"valueName\":\"search_term_string\"}}],\"inLanguage\":\"ro-RO\"},{\"@type\":\"Organization\",\"@id\":\"https:\\\/\\\/xstyle.md\\\/#organization\",\"name\":\"\u041c\u0430\u0433\u0430\u0437\u0438\u043d Xstyle\",\"alternateName\":\"x-style\",\"url\":\"https:\\\/\\\/xstyle.md\\\/\",\"logo\":{\"@type\":\"ImageObject\",\"inLanguage\":\"ro-RO\",\"@id\":\"https:\\\/\\\/xstyle.md\\\/#\\\/schema\\\/logo\\\/image\\\/\",\"url\":\"https:\\\/\\\/xstyle.md\\\/wp-content\\\/uploads\\\/2020\\\/06\\\/logoicon.svg\",\"contentUrl\":\"https:\\\/\\\/xstyle.md\\\/wp-content\\\/uploads\\\/2020\\\/06\\\/logoicon.svg\",\"caption\":\"\u041c\u0430\u0433\u0430\u0437\u0438\u043d Xstyle\"},\"image\":{\"@id\":\"https:\\\/\\\/xstyle.md\\\/#\\\/schema\\\/logo\\\/image\\\/\"},\"sameAs\":[\"https:\\\/\\\/www.facebook.com\\\/xstylemd\",\"https:\\\/\\\/www.instagram.com\\\/xstyle_md\\\/\",\"https:\\\/\\\/t.me\\\/xstyle_outdoor\"],\"hasMerchantReturnPolicy\":{\"@type\":\"MerchantReturnPolicy\",\"merchantReturnLink\":\"https:\\\/\\\/xstyle.md\\\/ro\\\/conditions\\\/\"}}]}<\/script>\n<meta property=\"product:price:amount\" content=\"295.00\" \/>\n<meta property=\"product:price:currency\" content=\"MDL\" \/>\n<meta property=\"og:availability\" content=\"instock\" \/>\n<meta property=\"product:availability\" content=\"instock\" \/>\n<meta property=\"product:retailer_item_id\" content=\"4250423602855\" \/>\n<meta property=\"product:condition\" content=\"new\" \/>\n<!-- \/ Yoast SEO plugin. -->","yoast_head_json":{"title":"Impregnare Toko Shoe Care Proof - Magazin Xstyle","description":"Imersia Toko Shoe Care Proof protejeaz\u0103 eficient \u00eenc\u0103l\u021b\u0103mintea dumneavoastr\u0103 Gore-TEX de umiditate \u0219i murd\u0103rie, men\u021bin\u00e2ndu-i propriet\u0103\u021bile respirabile. Sus\u021bine\u021bi confortul \u0219i durabilitatea!","robots":{"index":"index","follow":"follow","max-snippet":"max-snippet:-1","max-image-preview":"max-image-preview:large","max-video-preview":"max-video-preview:-1"},"canonical":"https:\/\/xstyle.md\/ro\/produs\/propitka-toko-shoe-care-proof\/","og_locale":"ro_RO","og_type":"article","og_title":"\u041f\u0440\u043e\u043f\u0438\u0442\u043a\u0430 Toko Shoe Care Proof - \u041c\u0430\u0433\u0430\u0437\u0438\u043d Xstyle","og_description":"\u041f\u0440\u043e\u043f\u0438\u0442\u043a\u0430 Toko Shoe Care Proof \u044d\u0444\u0444\u0435\u043a\u0442\u0438\u0432\u043d\u043e \u0437\u0430\u0449\u0438\u0449\u0430\u0435\u0442 \u0432\u0430\u0448\u0443 \u043e\u0431\u0443\u0432\u044c Gore-TEX \u043e\u0442 \u0432\u043b\u0430\u0433\u0438 \u0438 \u0433\u0440\u044f\u0437\u0438, \u0441\u043e\u0445\u0440\u0430\u043d\u044f\u044f \u0435\u0451 \u0434\u044b\u0448\u0430\u0449\u0438\u0435 \u0441\u0432\u043e\u0439\u0441\u0442\u0432\u0430. \u041f\u043e\u0434\u0434\u0435\u0440\u0436\u0438\u0442\u0435 \u043a\u043e\u043c\u0444\u043e\u0440\u0442 \u0438 \u0434\u043e\u043b\u0433\u043e\u0432\u0435\u0447\u043d\u043e\u0441\u0442\u044c!","og_url":"https:\/\/xstyle.md\/ro\/produs\/propitka-toko-shoe-care-proof\/","og_site_name":"\u041c\u0430\u0433\u0430\u0437\u0438\u043d Xstyle","article_publisher":"https:\/\/www.facebook.com\/xstylemd","article_modified_time":"2024-12-27T11:53:04+00:00","og_image":[{"width":634,"height":616,"url":"https:\/\/xstyle.md\/wp-content\/uploads\/2020\/07\/toko-shoe-care-proof.jpg","type":"image\/jpeg"}],"twitter_card":"summary_large_image","twitter_misc":{"Pre\u021b":"295&nbsp;MDL","Disponibilitate":"\u00cen stoc"},"schema":{"@context":"https:\/\/schema.org","@graph":[{"@type":"WebPage","@id":"https:\/\/xstyle.md\/product\/propitka-toko-shoe-care-proof\/","url":"https:\/\/xstyle.md\/product\/propitka-toko-shoe-care-proof\/","name":"Impregnare Toko Shoe Care Proof - Magazin Xstyle","isPartOf":{"@id":"https:\/\/xstyle.md\/#website"},"primaryImageOfPage":{"@id":"https:\/\/xstyle.md\/product\/propitka-toko-shoe-care-proof\/#primaryimage"},"image":{"@id":"https:\/\/xstyle.md\/product\/propitka-toko-shoe-care-proof\/#primaryimage"},"thumbnailUrl":"https:\/\/xstyle.md\/wp-content\/uploads\/2020\/07\/toko-shoe-care-proof.jpg","datePublished":"2020-07-16T18:13:45+00:00","dateModified":"2024-12-27T11:53:04+00:00","description":"Imersia Toko Shoe Care Proof protejeaz\u0103 eficient \u00eenc\u0103l\u021b\u0103mintea dumneavoastr\u0103 Gore-TEX de umiditate \u0219i murd\u0103rie, men\u021bin\u00e2ndu-i propriet\u0103\u021bile respirabile. Sus\u021bine\u021bi confortul \u0219i durabilitatea!","breadcrumb":{"@id":"https:\/\/xstyle.md\/product\/propitka-toko-shoe-care-proof\/#breadcrumb"},"inLanguage":"ro-RO","potentialAction":[{"@type":"ReadAction","target":["https:\/\/xstyle.md\/product\/propitka-toko-shoe-care-proof\/"]}]},{"@type":"ImageObject","inLanguage":"ro-RO","@id":"https:\/\/xstyle.md\/product\/propitka-toko-shoe-care-proof\/#primaryimage","url":"https:\/\/xstyle.md\/wp-content\/uploads\/2020\/07\/toko-shoe-care-proof.jpg","contentUrl":"https:\/\/xstyle.md\/wp-content\/uploads\/2020\/07\/toko-shoe-care-proof.jpg","width":634,"height":616,"caption":"\u0421\u0440\u0435\u0434\u0441\u0442\u0432\u043e \u0434\u043b\u044f \u0443\u0445\u043e\u0434\u0430 \u0437\u0430 \u043e\u0431\u0443\u0432\u044c\u044e, \u0438\u0434\u0435\u0430\u043b\u044c\u043d\u043e \u043f\u043e\u0434\u0445\u043e\u0434\u044f\u0449\u0435\u0435 \u0434\u043b\u044f \u0430\u043a\u0442\u0438\u0432\u043d\u043e\u0433\u043e \u043e\u0442\u0434\u044b\u0445\u0430, \u043f\u043e\u0445\u043e\u0434\u043e\u0432 \u0438 \u043f\u0443\u0442\u0435\u0448\u0435\u0441\u0442\u0432\u0438\u0439, \u0437\u0430\u0449\u0438\u0449\u0430\u0435\u0442 \u0432\u0430\u0448\u0443 \u043e\u0431\u0443\u0432\u044c \u0434\u043b\u044f \u0430\u043b\u044c\u043f\u0438\u043d\u0438\u0437\u043c\u0430 \u0438 \u0430\u043a\u0442\u0438\u0432\u043d\u043e\u0439 \u0436\u0438\u0437\u043d\u0438."},{"@type":"BreadcrumbList","@id":"https:\/\/xstyle.md\/product\/propitka-toko-shoe-care-proof\/#breadcrumb","itemListElement":[{"@type":"ListItem","position":1,"name":"\u0413\u043b\u0430\u0432\u043d\u0430\u044f \u0441\u0442\u0440\u0430\u043d\u0438\u0446\u0430","item":"https:\/\/xstyle.md\/"},{"@type":"ListItem","position":2,"name":"\u041c\u0430\u0433\u0430\u0437\u0438\u043d","item":"https:\/\/xstyle.md\/shop\/"},{"@type":"ListItem","position":3,"name":"\u041f\u0440\u043e\u043f\u0438\u0442\u043a\u0430 Toko Shoe Care Proof"}]},{"@type":"WebSite","@id":"https:\/\/xstyle.md\/#website","url":"https:\/\/xstyle.md\/","name":"Magazinul X-Style","description":"Echipamente pentru turism \u0219i sporturi extreme \u00een Moldova. Pre\u021buri, fotografii, caracteristici \u00een Moldova.","publisher":{"@id":"https:\/\/xstyle.md\/#organization"},"alternateName":"X-Style","potentialAction":[{"@type":"SearchAction","target":{"@type":"EntryPoint","urlTemplate":"https:\/\/xstyle.md\/?s={search_term_string}"},"query-input":{"@type":"PropertyValueSpecification","valueRequired":true,"valueName":"search_term_string"}}],"inLanguage":"ro-RO"},{"@type":"Organization","@id":"https:\/\/xstyle.md\/#organization","name":"Magazinul X-Style","alternateName":"x-style","url":"https:\/\/xstyle.md\/","logo":{"@type":"ImageObject","inLanguage":"ro-RO","@id":"https:\/\/xstyle.md\/#\/schema\/logo\/image\/","url":"https:\/\/xstyle.md\/wp-content\/uploads\/2020\/06\/logoicon.svg","contentUrl":"https:\/\/xstyle.md\/wp-content\/uploads\/2020\/06\/logoicon.svg","caption":"\u041c\u0430\u0433\u0430\u0437\u0438\u043d Xstyle"},"image":{"@id":"https:\/\/xstyle.md\/#\/schema\/logo\/image\/"},"sameAs":["https:\/\/www.facebook.com\/xstylemd","https:\/\/www.instagram.com\/xstyle_md\/","https:\/\/t.me\/xstyle_outdoor"],"hasMerchantReturnPolicy":{"@type":"MerchantReturnPolicy","merchantReturnLink":"https:\/\/xstyle.md\/ro\/conditions\/"}}]},"product_price_amount":"295.00","product_price_currency":"MDL","og_availability":"instock","product_availability":"instock","product_retailer_item_id":"4250423602855","product_condition":"new"},"post_mailing_queue_ids":[],"_links":{"self":[{"href":"https:\/\/xstyle.md\/ro\/wp-json\/wp\/v2\/product\/6044","targetHints":{"allow":["GET"]}}],"collection":[{"href":"https:\/\/xstyle.md\/ro\/wp-json\/wp\/v2\/product"}],"about":[{"href":"https:\/\/xstyle.md\/ro\/wp-json\/wp\/v2\/types\/product"}],"replies":[{"embeddable":true,"href":"https:\/\/xstyle.md\/ro\/wp-json\/wp\/v2\/comments?post=6044"}],"wp:featuredmedia":[{"embeddable":true,"href":"https:\/\/xstyle.md\/ro\/wp-json\/wp\/v2\/media\/87441"}],"wp:attachment":[{"href":"https:\/\/xstyle.md\/ro\/wp-json\/wp\/v2\/media?parent=6044"}],"wp:term":[{"taxonomy":"product_brand","embeddable":true,"href":"https:\/\/xstyle.md\/ro\/wp-json\/wp\/v2\/product_brand?post=6044"},{"taxonomy":"product_cat","embeddable":true,"href":"https:\/\/xstyle.md\/ro\/wp-json\/wp\/v2\/product_cat?post=6044"},{"taxonomy":"product_tag","embeddable":true,"href":"https:\/\/xstyle.md\/ro\/wp-json\/wp\/v2\/product_tag?post=6044"}],"curies":[{"name":"wp","href":"https:\/\/api.w.org\/{rel}","templated":true}]}}