{"id":60387,"date":"2022-12-06T12:53:00","date_gmt":"2022-12-06T09:53:00","guid":{"rendered":"https:\/\/xstyle.md\/?post_type=product&#038;p=60387"},"modified":"2025-10-24T13:03:19","modified_gmt":"2025-10-24T10:03:19","slug":"solnechnoe-zaryadnoe-ustrojstvo-goalzero-nomad-5","status":"publish","type":"product","link":"https:\/\/xstyle.md\/ro\/produs\/solnechnoe-zaryadnoe-ustrojstvo-goalzero-nomad-5\/","title":{"rendered":"\u00cenc\u0103rc\u0103tor solar Goal Zero Nomad 5"},"content":{"rendered":"<p><strong>GoalZero Nomad 5<\/strong> - Un panou solar u\u0219or \u0219i compact pentru \u00eenc\u0103rcarea gadgeturilor portabile literalmente pe drum. Panoul Nomad 5 are o putere de ie\u0219ire de 5 W \u0219i este proiectat cu un suport articulat convenabil \u0219i un port de ie\u0219ire USB.<\/p>\n<h3>Particularit\u0103\u021bi<\/h3>\n<ul>\n<li>Puterea de ie\u0219ire este de 5W, suficient\u0103 pentru a re\u00eenc\u0103rca un telefon mobil oriunde pe planet\u0103 unde str\u0103luce\u0219te soarele.<\/li>\n<li>Suportul articulat integrat permite ca panoul solar s\u0103 fie montat cu u\u0219urin\u021b\u0103 \u00een diferite unghiuri, ceea ce este necesar pentru a g\u0103si pozi\u021bia optim\u0103 \u00een raport cu soarele. Suportul nu este deta\u0219abil.<\/li>\n<li>Design robust \u0219i durabil, cu o durat\u0103 lung\u0103 de via\u021b\u0103 chiar \u0219i \u00een condi\u021bii de lucru dificile.<\/li>\n<\/ul>\n<h3>Dispozitive \u00eenc\u0103rcabile<\/h3>\n<ul>\n<li>Telefoane inteligente<\/li>\n<li>Linia de surse de alimentare Goal Zero Flip<\/li>\n<li>Orice dispozitiv mic cu un port USB<\/li>\n<\/ul>\n<h3>Conectori<\/h3>\n<ul>\n<li>Port USB: 5 V, curent max. 830 mA (putere max. 5 W)<\/li>\n<\/ul>\n<h3>Caracteristici<\/h3>\n<ul>\n<li>Putere: 5 W<\/li>\n<li>Tip de celul\u0103: Celule monocristaline<\/li>\n<li>\u0412\u0435\u0441 (\u0431\u0435\u0437 \u0443\u043f\u0430\u043a\u043e\u0432\u043a\u0438): 360 \u0433<\/li>\n<li>Dimensiuni generale: 24 x 17,8 x 2,8 cm<\/li>\n<li>Unghiul maxim de pliere al suportului de pliere: 180\u00b0<\/li>\n<li>Garan\u021bie: 12 luni<\/li>\n<\/ul>\n<h3>Complecta\u021bia<\/h3>\n<ul>\n<li>Panou solar Nomad 5<\/li>\n<\/ul>\n<h3>Marca<\/h3>\n<p>Goal Zero este un brand american care produce surse de energie pentru c\u0103l\u0103torii autonome. Acum, lipsa civiliza\u021biei nu v\u0103 va \u00eempiedica s\u0103 v\u0103 folosi\u021bi gadgeturile obi\u0219nuite - le pute\u021bi \u00eenc\u0103rca cu ajutorul luminii solare. \u00cenc\u0103rc\u0103toarele portabile Goal Zero se \u00eencarc\u0103 at\u00e2t de la re\u021bea, c\u00e2t \u0219i de la panouri solare. Sursele de alimentare u\u0219oare \u0219i compacte sunt potrivite pentru turi\u0219ti \u0219i pentru oricine este interesat de greutatea redus\u0103, \u00een timp ce modelele puternice sunt capabile s\u0103 furnizeze energie pentru o tab\u0103r\u0103 de baz\u0103 sau pentru camping, de exemplu, pentru a \u00eenc\u0103rca un frigider portabil, un televizor sau mai multe laptopuri.<\/p>","protected":false},"excerpt":{"rendered":"<p>GoalZero Nomad 5 &#8212; \u043b\u0435\u0433\u043a\u0430\u044f \u0438 \u043a\u043e\u043c\u043f\u0430\u043a\u0442\u043d\u0430\u044f \u0441\u043e\u043b\u043d\u0435\u0447\u043d\u0430\u044f \u043f\u0430\u043d\u0435\u043b\u044c \u0434\u043b\u044f \u0437\u0430\u0440\u044f\u0434\u043a\u0438 \u043f\u043e\u0440\u0442\u0430\u0442\u0438\u0432\u043d\u044b\u0445 \u0433\u0430\u0434\u0436\u0435\u0442\u043e\u0432 \u0432 \u0431\u0443\u043a\u0432\u0430\u043b\u044c\u043d\u043e\u043c \u0441\u043c\u044b\u0441\u043b\u0435 \u043d\u0430 \u0445\u043e\u0434\u0443. \u041c\u043e\u0449\u043d\u043e\u0441\u0442\u044c \u043f\u0430\u043d\u0435\u043b\u0438 Nomad 5 \u0441\u043e\u0441\u0442\u0430\u0432\u043b\u044f\u0435\u0442 5 \u0412\u0442, \u0430 \u0432 \u043a\u043e\u043d\u0441\u0442\u0440\u0443\u043a\u0446\u0438\u0438 \u043f\u0440\u0435\u0434\u0443\u0441\u043c\u043e\u0442\u0440\u0435\u043d\u0430 \u0443\u0434\u043e\u0431\u043d\u0430\u044f \u043e\u0442\u043a\u0438\u0434\u043d\u0430\u044f \u043e\u043f\u043e\u0440\u0430 \u0438 \u0432\u044b\u0445\u043e\u0434\u043d\u043e\u0439 USB-\u043f\u043e\u0440\u0442. \u041e\u0441\u043e\u0431\u0435\u043d\u043d\u043e\u0441\u0442\u0438 \u0412\u044b\u0445\u043e\u0434\u043d\u0430\u044f \u043c\u043e\u0449\u043d\u043e\u0441\u0442\u044c 5 \u0412\u0442,\u00a0\u0434\u043e\u0441\u0442\u0430\u0442\u043e\u0447\u043d\u0430\u044f \u0434\u043b\u044f \u043f\u043e\u0434\u0437\u0430\u0440\u044f\u0434\u043a\u0438 \u043c\u043e\u0431\u0438\u043b\u044c\u043d\u043e\u0433\u043e \u0442\u0435\u043b\u0435\u0444\u043e\u043d\u0430 \u0432 \u043b\u044e\u0431\u043e\u0439 \u0442\u043e\u0447\u043a\u0435 \u043f\u043b\u0430\u043d\u0435\u0442\u044b, \u0433\u0434\u0435 \u0441\u0432\u0435\u0442\u0438\u0442 \u0441\u043e\u043b\u043d\u0446\u0435. \u0412\u0441\u0442\u0440\u043e\u0435\u043d\u043d\u0430\u044f \u043e\u0442\u043a\u0438\u0434\u043d\u0430\u044f \u043e\u043f\u043e\u0440\u0430\u00a0\u043e\u0431\u0435\u0441\u043f\u0435\u0447\u0438\u0432\u0430\u0435\u0442 \u0443\u0434\u043e\u0431\u0441\u0442\u0432\u043e [&hellip;]<\/p>\n","protected":false},"featured_media":60434,"comment_status":"open","ping_status":"closed","template":"","meta":{"_acf_changed":false,"inline_featured_image":false},"product_brand":[1459],"product_cat":[524],"product_tag":[],"class_list":{"0":"post-60387","1":"product","2":"type-product","3":"status-publish","4":"has-post-thumbnail","6":"product_brand-goal-zero","7":"product_cat-solar-panels","9":"first","10":"instock","11":"shipping-taxable","12":"purchasable","13":"product-type-simple"},"acf":[],"yoast_head":"<!-- This site is optimized with the Yoast SEO plugin v27.2 - https:\/\/yoast.com\/product\/yoast-seo-wordpress\/ -->\n<title>\u0421\u043e\u043b\u043d\u0435\u0447\u043d\u043e\u0435 \u0437\u0430\u0440\u044f\u0434\u043d\u043e\u0435 \u0443\u0441\u0442\u0440\u043e\u0439\u0441\u0442\u0432\u043e Goal Zero Nomad 5 - \u041c\u0430\u0433\u0430\u0437\u0438\u043d Xstyle<\/title>\n<meta name=\"description\" content=\"\u0421\u043e\u043b\u043d\u0435\u0447\u043d\u043e\u0435 \u0437\u0430\u0440\u044f\u0434\u043d\u043e\u0435 \u0443\u0441\u0442\u0440\u043e\u0439\u0441\u0442\u0432\u043e GoalZero Nomad 5: \u043b\u0435\u0433\u043a\u043e\u0435, \u043c\u043e\u0449\u043d\u043e\u0435 \u0438 \u043a\u043e\u043c\u043f\u0430\u043a\u0442\u043d\u043e\u0435. \u0418\u0434\u0435\u0430\u043b\u044c\u043d\u043e \u0434\u043b\u044f \u043f\u0443\u0442\u0435\u0448\u0435\u0441\u0442\u0432\u0438\u0439, \u043e\u0431\u0435\u0441\u043f\u0435\u0447\u0438\u0432\u0430\u0435\u0442 \u0437\u0430\u0440\u044f\u0434\u043a\u0443 \u0443\u0441\u0442\u0440\u043e\u0439\u0441\u0442\u0432\u0430 \u0447\u0435\u0440\u0435\u0437 USB.\" \/>\n<meta name=\"robots\" content=\"index, follow, max-snippet:-1, max-image-preview:large, max-video-preview:-1\" \/>\n<link rel=\"canonical\" href=\"https:\/\/xstyle.md\/ro\/produs\/solnechnoe-zaryadnoe-ustrojstvo-goalzero-nomad-5\/\" \/>\n<meta property=\"og:locale\" content=\"ro_RO\" \/>\n<meta property=\"og:type\" content=\"article\" \/>\n<meta property=\"og:title\" content=\"\u0421\u043e\u043b\u043d\u0435\u0447\u043d\u043e\u0435 \u0437\u0430\u0440\u044f\u0434\u043d\u043e\u0435 \u0443\u0441\u0442\u0440\u043e\u0439\u0441\u0442\u0432\u043e Goal Zero Nomad 5 - \u041c\u0430\u0433\u0430\u0437\u0438\u043d Xstyle\" \/>\n<meta property=\"og:description\" content=\"\u0421\u043e\u043b\u043d\u0435\u0447\u043d\u043e\u0435 \u0437\u0430\u0440\u044f\u0434\u043d\u043e\u0435 \u0443\u0441\u0442\u0440\u043e\u0439\u0441\u0442\u0432\u043e GoalZero Nomad 5: \u043b\u0435\u0433\u043a\u043e\u0435, \u043c\u043e\u0449\u043d\u043e\u0435 \u0438 \u043a\u043e\u043c\u043f\u0430\u043a\u0442\u043d\u043e\u0435. \u0418\u0434\u0435\u0430\u043b\u044c\u043d\u043e \u0434\u043b\u044f \u043f\u0443\u0442\u0435\u0448\u0435\u0441\u0442\u0432\u0438\u0439, \u043e\u0431\u0435\u0441\u043f\u0435\u0447\u0438\u0432\u0430\u0435\u0442 \u0437\u0430\u0440\u044f\u0434\u043a\u0443 \u0443\u0441\u0442\u0440\u043e\u0439\u0441\u0442\u0432\u0430 \u0447\u0435\u0440\u0435\u0437 USB.\" \/>\n<meta property=\"og:url\" content=\"https:\/\/xstyle.md\/ro\/produs\/solnechnoe-zaryadnoe-ustrojstvo-goalzero-nomad-5\/\" \/>\n<meta property=\"og:site_name\" content=\"\u041c\u0430\u0433\u0430\u0437\u0438\u043d Xstyle\" \/>\n<meta property=\"article:publisher\" content=\"https:\/\/www.facebook.com\/xstylemd\" \/>\n<meta property=\"article:modified_time\" content=\"2025-10-24T10:03:19+00:00\" \/>\n<meta property=\"og:image\" content=\"https:\/\/xstyle.md\/wp-content\/uploads\/2022\/12\/goalzero-nomad-5.jpg\" \/>\n\t<meta property=\"og:image:width\" content=\"900\" \/>\n\t<meta property=\"og:image:height\" content=\"600\" \/>\n\t<meta property=\"og:image:type\" content=\"image\/jpeg\" \/>\n<meta name=\"twitter:card\" content=\"summary_large_image\" \/>\n<meta name=\"twitter:label1\" content=\"Pre\u021b\" \/>\n\t<meta name=\"twitter:data1\" content=\"1.390&nbsp;MDL\" \/>\n\t<meta name=\"twitter:label2\" content=\"Disponibilitate\" \/>\n\t<meta name=\"twitter:data2\" content=\"\u00cen stoc\" \/>\n<script type=\"application\/ld+json\" class=\"yoast-schema-graph\">{\"@context\":\"https:\/\/schema.org\",\"@graph\":[{\"@type\":\"WebPage\",\"@id\":\"https:\/\/xstyle.md\/product\/solnechnoe-zaryadnoe-ustrojstvo-goalzero-nomad-5\/\",\"url\":\"https:\/\/xstyle.md\/product\/solnechnoe-zaryadnoe-ustrojstvo-goalzero-nomad-5\/\",\"name\":\"\u0421\u043e\u043b\u043d\u0435\u0447\u043d\u043e\u0435 \u0437\u0430\u0440\u044f\u0434\u043d\u043e\u0435 \u0443\u0441\u0442\u0440\u043e\u0439\u0441\u0442\u0432\u043e Goal Zero Nomad 5 - \u041c\u0430\u0433\u0430\u0437\u0438\u043d Xstyle\",\"isPartOf\":{\"@id\":\"https:\/\/xstyle.md\/#website\"},\"primaryImageOfPage\":{\"@id\":\"https:\/\/xstyle.md\/product\/solnechnoe-zaryadnoe-ustrojstvo-goalzero-nomad-5\/#primaryimage\"},\"image\":{\"@id\":\"https:\/\/xstyle.md\/product\/solnechnoe-zaryadnoe-ustrojstvo-goalzero-nomad-5\/#primaryimage\"},\"thumbnailUrl\":\"https:\/\/xstyle.md\/wp-content\/uploads\/2022\/12\/goalzero-nomad-5.jpg\",\"datePublished\":\"2022-12-06T09:53:00+00:00\",\"dateModified\":\"2025-10-24T10:03:19+00:00\",\"description\":\"\u0421\u043e\u043b\u043d\u0435\u0447\u043d\u043e\u0435 \u0437\u0430\u0440\u044f\u0434\u043d\u043e\u0435 \u0443\u0441\u0442\u0440\u043e\u0439\u0441\u0442\u0432\u043e GoalZero Nomad 5: \u043b\u0435\u0433\u043a\u043e\u0435, \u043c\u043e\u0449\u043d\u043e\u0435 \u0438 \u043a\u043e\u043c\u043f\u0430\u043a\u0442\u043d\u043e\u0435. \u0418\u0434\u0435\u0430\u043b\u044c\u043d\u043e \u0434\u043b\u044f \u043f\u0443\u0442\u0435\u0448\u0435\u0441\u0442\u0432\u0438\u0439, \u043e\u0431\u0435\u0441\u043f\u0435\u0447\u0438\u0432\u0430\u0435\u0442 \u0437\u0430\u0440\u044f\u0434\u043a\u0443 \u0443\u0441\u0442\u0440\u043e\u0439\u0441\u0442\u0432\u0430 \u0447\u0435\u0440\u0435\u0437 USB.\",\"breadcrumb\":{\"@id\":\"https:\/\/xstyle.md\/product\/solnechnoe-zaryadnoe-ustrojstvo-goalzero-nomad-5\/#breadcrumb\"},\"inLanguage\":\"ro-RO\",\"potentialAction\":[{\"@type\":\"ReadAction\",\"target\":[\"https:\/\/xstyle.md\/product\/solnechnoe-zaryadnoe-ustrojstvo-goalzero-nomad-5\/\"]}]},{\"@type\":\"ImageObject\",\"inLanguage\":\"ro-RO\",\"@id\":\"https:\/\/xstyle.md\/product\/solnechnoe-zaryadnoe-ustrojstvo-goalzero-nomad-5\/#primaryimage\",\"url\":\"https:\/\/xstyle.md\/wp-content\/uploads\/2022\/12\/goalzero-nomad-5.jpg\",\"contentUrl\":\"https:\/\/xstyle.md\/wp-content\/uploads\/2022\/12\/goalzero-nomad-5.jpg\",\"width\":900,\"height\":600,\"caption\":\"\u0422\u0430\u043c\u0430\u0433 \u0437\u0430\u0440\u044f\u0434\u043d\u043e\u0435 \u0443\u0441\u0442\u0440\u043e\u0439\u0441\u0442\u0432\u043e Goal Zero Nomad 5 \u0434\u043b\u044f \u0430\u043a\u0442\u0438\u0432\u043d\u044b\u0445 \u043f\u0443\u0442\u0435\u0448\u0435\u0441\u0442\u0432\u0438\u0439, \u043f\u043e\u0445\u043e\u0434\u043e\u0432 \u0438 \u043a\u0435\u043c\u043f\u0438\u043d\u0433\u0430, \u0442\u043e\u0432\u0430\u0440\u044b \u0434\u043b\u044f outdoor \u0438 \u0441\u043f\u043e\u0440\u0442\u0438\u0432\u043d\u043e\u0439 \u043e\u0434\u0435\u0436\u0434\u044b, \u043e\u0431\u0443\u0432\u044c \u0434\u043b\u044f \u0442\u0443\u0440\u0438\u0437\u043c\u0430 \u0438 \u0432\u043e\u0441\u0445\u043e\u0436\u0434\u0435\u043d\u0438\u044f\"},{\"@type\":\"BreadcrumbList\",\"@id\":\"https:\/\/xstyle.md\/product\/solnechnoe-zaryadnoe-ustrojstvo-goalzero-nomad-5\/#breadcrumb\",\"itemListElement\":[{\"@type\":\"ListItem\",\"position\":1,\"name\":\"\u0413\u043b\u0430\u0432\u043d\u0430\u044f \u0441\u0442\u0440\u0430\u043d\u0438\u0446\u0430\",\"item\":\"https:\/\/xstyle.md\/\"},{\"@type\":\"ListItem\",\"position\":2,\"name\":\"\u041c\u0430\u0433\u0430\u0437\u0438\u043d\",\"item\":\"https:\/\/xstyle.md\/shop\/\"},{\"@type\":\"ListItem\",\"position\":3,\"name\":\"\u0421\u043e\u043b\u043d\u0435\u0447\u043d\u043e\u0435 \u0437\u0430\u0440\u044f\u0434\u043d\u043e\u0435 \u0443\u0441\u0442\u0440\u043e\u0439\u0441\u0442\u0432\u043e Goal Zero Nomad 5\"}]},{\"@type\":\"WebSite\",\"@id\":\"https:\/\/xstyle.md\/#website\",\"url\":\"https:\/\/xstyle.md\/\",\"name\":\"\u041c\u0430\u0433\u0430\u0437\u0438\u043d Xstyle\",\"description\":\"C\u043d\u0430\u0440\u044f\u0436\u0435\u043d\u0438\u0435 \u0434\u043b\u044f \u0442\u0443\u0440\u0438\u0437\u043c\u0430 \u0438 \u044d\u043a\u0441\u0442\u0440\u0435\u043c\u0430\u043b\u044c\u043d\u044b\u0445 \u0432\u0438\u0434\u043e\u0432 \u0441\u043f\u043e\u0440\u0442\u0430 \u0432 \u041c\u043e\u043b\u0434\u043e\u0432\u0435.. \u0426\u0435\u043d\u044b, \u0444\u043e\u0442\u043e, \u0445\u0430\u0440\u0430\u043a\u0442\u0435\u0440\u0438\u0441\u0442\u0438\u043a\u0438 \u0432 \u041c\u043e\u043b\u0434\u043e\u0432\u0435.\",\"publisher\":{\"@id\":\"https:\/\/xstyle.md\/#organization\"},\"alternateName\":\"X-Style\",\"potentialAction\":[{\"@type\":\"SearchAction\",\"target\":{\"@type\":\"EntryPoint\",\"urlTemplate\":\"https:\/\/xstyle.md\/?s={search_term_string}\"},\"query-input\":{\"@type\":\"PropertyValueSpecification\",\"valueRequired\":true,\"valueName\":\"search_term_string\"}}],\"inLanguage\":\"ro-RO\"},{\"@type\":\"Organization\",\"@id\":\"https:\/\/xstyle.md\/#organization\",\"name\":\"\u041c\u0430\u0433\u0430\u0437\u0438\u043d Xstyle\",\"alternateName\":\"x-style\",\"url\":\"https:\/\/xstyle.md\/\",\"logo\":{\"@type\":\"ImageObject\",\"inLanguage\":\"ro-RO\",\"@id\":\"https:\/\/xstyle.md\/#\/schema\/logo\/image\/\",\"url\":\"https:\/\/xstyle.md\/wp-content\/uploads\/2020\/06\/logoicon.svg\",\"contentUrl\":\"https:\/\/xstyle.md\/wp-content\/uploads\/2020\/06\/logoicon.svg\",\"caption\":\"\u041c\u0430\u0433\u0430\u0437\u0438\u043d Xstyle\"},\"image\":{\"@id\":\"https:\/\/xstyle.md\/#\/schema\/logo\/image\/\"},\"sameAs\":[\"https:\/\/www.facebook.com\/xstylemd\",\"https:\/\/www.instagram.com\/xstyle_md\/\",\"https:\/\/t.me\/xstyle_outdoor\"],\"hasMerchantReturnPolicy\":{\"@type\":\"MerchantReturnPolicy\",\"merchantReturnLink\":\"https:\/\/xstyle.md\/ro\/conditions\/\"}}]}<\/script>\n<meta property=\"product:price:amount\" content=\"1390.00\" \/>\n<meta property=\"product:price:currency\" content=\"MDL\" \/>\n<meta property=\"og:availability\" content=\"instock\" \/>\n<meta property=\"product:availability\" content=\"instock\" \/>\n<meta property=\"product:retailer_item_id\" content=\"2000990055606\" \/>\n<meta property=\"product:condition\" content=\"new\" \/>\n<!-- \/ Yoast SEO plugin. -->","yoast_head_json":{"title":"\u0421\u043e\u043b\u043d\u0435\u0447\u043d\u043e\u0435 \u0437\u0430\u0440\u044f\u0434\u043d\u043e\u0435 \u0443\u0441\u0442\u0440\u043e\u0439\u0441\u0442\u0432\u043e Goal Zero Nomad 5 - \u041c\u0430\u0433\u0430\u0437\u0438\u043d Xstyle","description":"\u00cenc\u0103rc\u0103tor solar GoalZero Nomad 5: u\u0219or, puternic \u0219i compact. Perfect pentru c\u0103l\u0103torii, asigur\u0103 \u00eenc\u0103rcarea dispozitivelor prin USB.","robots":{"index":"index","follow":"follow","max-snippet":"max-snippet:-1","max-image-preview":"max-image-preview:large","max-video-preview":"max-video-preview:-1"},"canonical":"https:\/\/xstyle.md\/ro\/produs\/solnechnoe-zaryadnoe-ustrojstvo-goalzero-nomad-5\/","og_locale":"ro_RO","og_type":"article","og_title":"\u0421\u043e\u043b\u043d\u0435\u0447\u043d\u043e\u0435 \u0437\u0430\u0440\u044f\u0434\u043d\u043e\u0435 \u0443\u0441\u0442\u0440\u043e\u0439\u0441\u0442\u0432\u043e Goal Zero Nomad 5 - \u041c\u0430\u0433\u0430\u0437\u0438\u043d Xstyle","og_description":"\u0421\u043e\u043b\u043d\u0435\u0447\u043d\u043e\u0435 \u0437\u0430\u0440\u044f\u0434\u043d\u043e\u0435 \u0443\u0441\u0442\u0440\u043e\u0439\u0441\u0442\u0432\u043e GoalZero Nomad 5: \u043b\u0435\u0433\u043a\u043e\u0435, \u043c\u043e\u0449\u043d\u043e\u0435 \u0438 \u043a\u043e\u043c\u043f\u0430\u043a\u0442\u043d\u043e\u0435. \u0418\u0434\u0435\u0430\u043b\u044c\u043d\u043e \u0434\u043b\u044f \u043f\u0443\u0442\u0435\u0448\u0435\u0441\u0442\u0432\u0438\u0439, \u043e\u0431\u0435\u0441\u043f\u0435\u0447\u0438\u0432\u0430\u0435\u0442 \u0437\u0430\u0440\u044f\u0434\u043a\u0443 \u0443\u0441\u0442\u0440\u043e\u0439\u0441\u0442\u0432\u0430 \u0447\u0435\u0440\u0435\u0437 USB.","og_url":"https:\/\/xstyle.md\/ro\/produs\/solnechnoe-zaryadnoe-ustrojstvo-goalzero-nomad-5\/","og_site_name":"\u041c\u0430\u0433\u0430\u0437\u0438\u043d Xstyle","article_publisher":"https:\/\/www.facebook.com\/xstylemd","article_modified_time":"2025-10-24T10:03:19+00:00","og_image":[{"width":900,"height":600,"url":"https:\/\/xstyle.md\/wp-content\/uploads\/2022\/12\/goalzero-nomad-5.jpg","type":"image\/jpeg"}],"twitter_card":"summary_large_image","twitter_misc":{"Pre\u021b":"1.390&nbsp;MDL","Disponibilitate":"\u00cen stoc"},"schema":{"@context":"https:\/\/schema.org","@graph":[{"@type":"WebPage","@id":"https:\/\/xstyle.md\/product\/solnechnoe-zaryadnoe-ustrojstvo-goalzero-nomad-5\/","url":"https:\/\/xstyle.md\/product\/solnechnoe-zaryadnoe-ustrojstvo-goalzero-nomad-5\/","name":"\u0421\u043e\u043b\u043d\u0435\u0447\u043d\u043e\u0435 \u0437\u0430\u0440\u044f\u0434\u043d\u043e\u0435 \u0443\u0441\u0442\u0440\u043e\u0439\u0441\u0442\u0432\u043e Goal Zero Nomad 5 - \u041c\u0430\u0433\u0430\u0437\u0438\u043d Xstyle","isPartOf":{"@id":"https:\/\/xstyle.md\/#website"},"primaryImageOfPage":{"@id":"https:\/\/xstyle.md\/product\/solnechnoe-zaryadnoe-ustrojstvo-goalzero-nomad-5\/#primaryimage"},"image":{"@id":"https:\/\/xstyle.md\/product\/solnechnoe-zaryadnoe-ustrojstvo-goalzero-nomad-5\/#primaryimage"},"thumbnailUrl":"https:\/\/xstyle.md\/wp-content\/uploads\/2022\/12\/goalzero-nomad-5.jpg","datePublished":"2022-12-06T09:53:00+00:00","dateModified":"2025-10-24T10:03:19+00:00","description":"\u00cenc\u0103rc\u0103tor solar GoalZero Nomad 5: u\u0219or, puternic \u0219i compact. Perfect pentru c\u0103l\u0103torii, asigur\u0103 \u00eenc\u0103rcarea dispozitivelor prin USB.","breadcrumb":{"@id":"https:\/\/xstyle.md\/product\/solnechnoe-zaryadnoe-ustrojstvo-goalzero-nomad-5\/#breadcrumb"},"inLanguage":"ro-RO","potentialAction":[{"@type":"ReadAction","target":["https:\/\/xstyle.md\/product\/solnechnoe-zaryadnoe-ustrojstvo-goalzero-nomad-5\/"]}]},{"@type":"ImageObject","inLanguage":"ro-RO","@id":"https:\/\/xstyle.md\/product\/solnechnoe-zaryadnoe-ustrojstvo-goalzero-nomad-5\/#primaryimage","url":"https:\/\/xstyle.md\/wp-content\/uploads\/2022\/12\/goalzero-nomad-5.jpg","contentUrl":"https:\/\/xstyle.md\/wp-content\/uploads\/2022\/12\/goalzero-nomad-5.jpg","width":900,"height":600,"caption":"\u0422\u0430\u043c\u0430\u0433 \u0437\u0430\u0440\u044f\u0434\u043d\u043e\u0435 \u0443\u0441\u0442\u0440\u043e\u0439\u0441\u0442\u0432\u043e Goal Zero Nomad 5 \u0434\u043b\u044f \u0430\u043a\u0442\u0438\u0432\u043d\u044b\u0445 \u043f\u0443\u0442\u0435\u0448\u0435\u0441\u0442\u0432\u0438\u0439, \u043f\u043e\u0445\u043e\u0434\u043e\u0432 \u0438 \u043a\u0435\u043c\u043f\u0438\u043d\u0433\u0430, \u0442\u043e\u0432\u0430\u0440\u044b \u0434\u043b\u044f outdoor \u0438 \u0441\u043f\u043e\u0440\u0442\u0438\u0432\u043d\u043e\u0439 \u043e\u0434\u0435\u0436\u0434\u044b, \u043e\u0431\u0443\u0432\u044c \u0434\u043b\u044f \u0442\u0443\u0440\u0438\u0437\u043c\u0430 \u0438 \u0432\u043e\u0441\u0445\u043e\u0436\u0434\u0435\u043d\u0438\u044f"},{"@type":"BreadcrumbList","@id":"https:\/\/xstyle.md\/product\/solnechnoe-zaryadnoe-ustrojstvo-goalzero-nomad-5\/#breadcrumb","itemListElement":[{"@type":"ListItem","position":1,"name":"\u0413\u043b\u0430\u0432\u043d\u0430\u044f \u0441\u0442\u0440\u0430\u043d\u0438\u0446\u0430","item":"https:\/\/xstyle.md\/"},{"@type":"ListItem","position":2,"name":"\u041c\u0430\u0433\u0430\u0437\u0438\u043d","item":"https:\/\/xstyle.md\/shop\/"},{"@type":"ListItem","position":3,"name":"\u0421\u043e\u043b\u043d\u0435\u0447\u043d\u043e\u0435 \u0437\u0430\u0440\u044f\u0434\u043d\u043e\u0435 \u0443\u0441\u0442\u0440\u043e\u0439\u0441\u0442\u0432\u043e Goal Zero Nomad 5"}]},{"@type":"WebSite","@id":"https:\/\/xstyle.md\/#website","url":"https:\/\/xstyle.md\/","name":"Magazinul X-Style","description":"Echipamente pentru turism \u0219i sporturi extreme \u00een Moldova. Pre\u021buri, fotografii, caracteristici \u00een Moldova.","publisher":{"@id":"https:\/\/xstyle.md\/#organization"},"alternateName":"X-Style","potentialAction":[{"@type":"SearchAction","target":{"@type":"EntryPoint","urlTemplate":"https:\/\/xstyle.md\/?s={search_term_string}"},"query-input":{"@type":"PropertyValueSpecification","valueRequired":true,"valueName":"search_term_string"}}],"inLanguage":"ro-RO"},{"@type":"Organization","@id":"https:\/\/xstyle.md\/#organization","name":"Magazinul X-Style","alternateName":"x-style","url":"https:\/\/xstyle.md\/","logo":{"@type":"ImageObject","inLanguage":"ro-RO","@id":"https:\/\/xstyle.md\/#\/schema\/logo\/image\/","url":"https:\/\/xstyle.md\/wp-content\/uploads\/2020\/06\/logoicon.svg","contentUrl":"https:\/\/xstyle.md\/wp-content\/uploads\/2020\/06\/logoicon.svg","caption":"\u041c\u0430\u0433\u0430\u0437\u0438\u043d Xstyle"},"image":{"@id":"https:\/\/xstyle.md\/#\/schema\/logo\/image\/"},"sameAs":["https:\/\/www.facebook.com\/xstylemd","https:\/\/www.instagram.com\/xstyle_md\/","https:\/\/t.me\/xstyle_outdoor"],"hasMerchantReturnPolicy":{"@type":"MerchantReturnPolicy","merchantReturnLink":"https:\/\/xstyle.md\/ro\/conditions\/"}}]},"product_price_amount":"1390.00","product_price_currency":"MDL","og_availability":"instock","product_availability":"instock","product_retailer_item_id":"2000990055606","product_condition":"new"},"post_mailing_queue_ids":[],"_links":{"self":[{"href":"https:\/\/xstyle.md\/ro\/wp-json\/wp\/v2\/product\/60387","targetHints":{"allow":["GET"]}}],"collection":[{"href":"https:\/\/xstyle.md\/ro\/wp-json\/wp\/v2\/product"}],"about":[{"href":"https:\/\/xstyle.md\/ro\/wp-json\/wp\/v2\/types\/product"}],"replies":[{"embeddable":true,"href":"https:\/\/xstyle.md\/ro\/wp-json\/wp\/v2\/comments?post=60387"}],"wp:featuredmedia":[{"embeddable":true,"href":"https:\/\/xstyle.md\/ro\/wp-json\/wp\/v2\/media\/60434"}],"wp:attachment":[{"href":"https:\/\/xstyle.md\/ro\/wp-json\/wp\/v2\/media?parent=60387"}],"wp:term":[{"taxonomy":"product_brand","embeddable":true,"href":"https:\/\/xstyle.md\/ro\/wp-json\/wp\/v2\/product_brand?post=60387"},{"taxonomy":"product_cat","embeddable":true,"href":"https:\/\/xstyle.md\/ro\/wp-json\/wp\/v2\/product_cat?post=60387"},{"taxonomy":"product_tag","embeddable":true,"href":"https:\/\/xstyle.md\/ro\/wp-json\/wp\/v2\/product_tag?post=60387"}],"curies":[{"name":"wp","href":"https:\/\/api.w.org\/{rel}","templated":true}]}}