{"id":60386,"date":"2022-12-06T12:53:00","date_gmt":"2022-12-06T09:53:00","guid":{"rendered":"https:\/\/xstyle.md\/?post_type=product&#038;p=60386"},"modified":"2025-10-24T13:03:17","modified_gmt":"2025-10-24T10:03:17","slug":"solnechnoe-zaryadnoe-ustrojstvo-goalzero-nomad-20","status":"publish","type":"product","link":"https:\/\/xstyle.md\/ro\/produs\/solnechnoe-zaryadnoe-ustrojstvo-goalzero-nomad-20\/","title":{"rendered":"\u00cenc\u0103rc\u0103tor solar Goal Zero Nomad 20"},"content":{"rendered":"<p><strong>\u00cenc\u0103rc\u0103tor solar GoalZero Nomad 20<\/strong> are un design pliabil cu trei sec\u021biuni \u0219i v\u0103 permite s\u0103 \u00eenc\u0103rca\u021bi de la soare mai multe dispozitive portabile cu putere mic\u0103 p\u00e2n\u0103 la medie.<\/p>\n<p>Fiabilitatea \u0219i compactitatea legendar\u0103 a panourilor solare din seria Nomad sunt \u00eencorporate \u00een acest model, f\u0103c\u00e2ndu-l potrivit pentru cele mai dificile aventuri.<\/p>\n<p>Designul panoului Nomad 20 include un compartiment pentru depozitarea cablurilor atunci c\u00e2nd este rulat, o sta\u021bie de \u00eenc\u0103rcare pentru sursele de alimentare Goal Zero din seria Flip \u0219i un suport cu balamale reglabile pentru orientarea u\u0219oar\u0103 c\u0103tre soare.<\/p>\n<h3>Particularit\u0103\u021bi<\/h3>\n<ul>\n<li>Suport pivotant deta\u0219abil cu unghi reglabil pentru orientarea optim\u0103 a panoului solar \u00een raport cu soarele.<\/li>\n<li>Cablul \u00eencorporat cu muf\u0103 de 8 mm \u0219i port USB v\u0103 permite s\u0103 \u00eenc\u0103rca\u021bi diferite tipuri de dispozitive portabile, inclusiv telefoane, tablete, \u00eenc\u0103rc\u0103toare portabile \u0219i multe altele.<\/li>\n<li>Posibilitatea de a \u00eenl\u0103n\u021bui mai multe panouri solare pentru a maximiza puterea de ie\u0219ire. Conexiunea se realizeaz\u0103 prin intermediul unui conector de 8 mm.<\/li>\n<li>Fiabilitate \u0219i durabilitate ridicate pentru utilizare chiar \u0219i \u00een cele mai dificile medii.<\/li>\n<\/ul>\n<h3>Dispozitive \u00eenc\u0103rcabile<\/h3>\n<ul>\n<li>Telefoane<\/li>\n<li>Tablete<\/li>\n<li>\u00cenc\u0103rc\u0103toare portabile<\/li>\n<li>Lanterne<\/li>\n<li>Br\u0103\u021b\u0103ri de fitness<\/li>\n<li>Goal Zero Lighthouse Series Lumini de balizaj<\/li>\n<li>Alte dispozitive USB de dimensiuni mici \u0219i medii<\/li>\n<\/ul>\n<h3>Surse de alimentare compatibile<\/h3>\n<ul>\n<li>Flip 36: timp de \u00eenc\u0103rcare 4-8 ore<\/li>\n<li>Venture 30: timp de \u00eenc\u0103rcare 3-6 ore<\/li>\n<li>Venture 70: timp de \u00eenc\u0103rcare 5,5-11 ore<\/li>\n<li>Sherpa 40: timp de \u00eenc\u0103rcare 4-8 ore<\/li>\n<li>Sherpa 100PD: timp de \u00eenc\u0103rcare 7,5-15 ore<\/li>\n<li>Sherpa 100AC: timp de \u00eenc\u0103rcare 7,5-15 ore<\/li>\n<li>Yeti 200X: timp de \u00eenc\u0103rcare 11-22 ore<\/li>\n<li>Yeti 500X: timp de \u00eenc\u0103rcare 29-58 ore<\/li>\n<\/ul>\n<h3>Ie\u0219iri<\/h3>\n<ul>\n<li>Port USB: 5 V, p\u00e2n\u0103 la 2,1 A (max. 10,5 W)<\/li>\n<li>Sta\u021bie de \u00eenc\u0103rcare: pentru \u00eenc\u0103rc\u0103toarele din seria Flip<\/li>\n<li>Conector de 8 mm (tip \"daddy\", albastru): 14-22 V, p\u00e2n\u0103 la 1,3 A (max. 20 W)<\/li>\n<\/ul>\n<h3>Panou solar<\/h3>\n<ul>\n<li>Putere nominal\u0103 - 20 W<\/li>\n<li>Tensiune \u00een circuit deschis - 18-22 V<\/li>\n<li>Tip de celul\u0103 - Celule monocristaline<\/li>\n<\/ul>\n<h3>Caracteristici<\/h3>\n<ul>\n<li>Greutate cu suport rabatabil - 1,03 kg<\/li>\n<li>Dimensiuni pliate - 29,2 x 55,3 x 1,9 cm<\/li>\n<li>Dimensiuni pliate - 29,2 x 19 x 3,2 cm<\/li>\n<li>Perioada de garan\u021bie - 12 luni<\/li>\n<\/ul>\n<h3>Marca<\/h3>\n<p>Goal Zero este un brand american care produce surse de energie pentru c\u0103l\u0103torii autonome. Acum, lipsa civiliza\u021biei nu v\u0103 va \u00eempiedica s\u0103 v\u0103 folosi\u021bi gadgeturile obi\u0219nuite - le pute\u021bi \u00eenc\u0103rca cu ajutorul luminii solare. \u00cenc\u0103rc\u0103toarele portabile Goal Zero se \u00eencarc\u0103 at\u00e2t de la re\u021bea, c\u00e2t \u0219i de la panouri solare. Sursele de alimentare u\u0219oare \u0219i compacte sunt potrivite pentru turi\u0219ti \u0219i pentru oricine este interesat de greutatea redus\u0103, \u00een timp ce modelele puternice sunt capabile s\u0103 furnizeze energie pentru o tab\u0103r\u0103 de baz\u0103 sau pentru camping, de exemplu, pentru a \u00eenc\u0103rca un frigider portabil, un televizor sau mai multe laptopuri.<\/p>","protected":false},"excerpt":{"rendered":"<p>\u0421\u043e\u043b\u043d\u0435\u0447\u043d\u043e\u0435 \u0437\u0430\u0440\u044f\u0434\u043d\u043e\u0435 \u0443\u0441\u0442\u0440\u043e\u0439\u0441\u0442\u0432\u043e GoalZero Nomad 20 \u0438\u043c\u0435\u0435\u0442 \u0442\u0440\u0435\u0445\u0441\u0435\u043a\u0446\u0438\u043e\u043d\u043d\u0443\u044e \u0441\u043a\u043b\u0430\u0434\u043d\u0443\u044e \u043a\u043e\u043d\u0441\u0442\u0440\u0443\u043a\u0446\u0438\u044e \u0438 \u043f\u043e\u0437\u0432\u043e\u043b\u044f\u0435\u0442 \u0437\u0430\u0440\u044f\u0436\u0430\u0442\u044c \u043e\u0442 \u0441\u043e\u043b\u043d\u0446\u0430 \u043c\u043d\u043e\u0436\u0435\u0441\u0442\u0432\u043e \u0440\u0430\u0437\u043b\u0438\u0447\u043d\u044b\u0445 \u043f\u043e\u0440\u0442\u0430\u0442\u0438\u0432\u043d\u044b\u0445 \u0443\u0441\u0442\u0440\u043e\u0439\u0441\u0442\u0432 \u043c\u0430\u043b\u043e\u0439 \u0438 \u0441\u0440\u0435\u0434\u043d\u0435\u0439 \u043c\u043e\u0449\u043d\u043e\u0441\u0442\u0438. \u041b\u0435\u0433\u0435\u043d\u0434\u0430\u0440\u043d\u0430\u044f \u043d\u0430\u0434\u0435\u0436\u043d\u043e\u0441\u0442\u044c \u0438 \u043a\u043e\u043c\u043f\u0430\u043a\u0442\u043d\u043e\u0441\u0442\u044c \u0441\u043e\u043b\u043d\u0435\u0447\u043d\u044b\u0445 \u043f\u0430\u043d\u0435\u043b\u0435\u0439 \u0441\u0435\u0440\u0438\u0438 Nomad \u0432\u043e\u043f\u043b\u043e\u0449\u0435\u043d\u044b \u0438 \u0432 \u044d\u0442\u043e\u0439 \u043c\u043e\u0434\u0435\u043b\u0438, \u0447\u0442\u043e \u0434\u0435\u043b\u0430\u0435\u0442 \u0435\u0435 \u043f\u043e\u0434\u0445\u043e\u0434\u044f\u0449\u0435\u0439 \u0434\u043b\u044f \u0441\u0430\u043c\u044b\u0445 \u043d\u0435\u043f\u0440\u043e\u0441\u0442\u044b\u0445 \u043f\u0440\u0438\u043a\u043b\u044e\u0447\u0435\u043d\u0438\u0439. \u0412 \u043a\u043e\u043d\u0441\u0442\u0440\u0443\u043a\u0446\u0438\u0438 \u043f\u0430\u043d\u0435\u043b\u0438 Nomad 20 \u043f\u0440\u0435\u0434\u0443\u0441\u043c\u043e\u0442\u0440\u0435\u043d \u043e\u0442\u0441\u0435\u043a \u0434\u043b\u044f \u0445\u0440\u0430\u043d\u0435\u043d\u0438\u044f \u043a\u0430\u0431\u0435\u043b\u0435\u0439 \u0432 [&hellip;]<\/p>\n","protected":false},"featured_media":60429,"comment_status":"open","ping_status":"closed","template":"","meta":{"_acf_changed":false,"inline_featured_image":false},"product_brand":[1459],"product_cat":[524],"product_tag":[],"class_list":{"0":"post-60386","1":"product","2":"type-product","3":"status-publish","4":"has-post-thumbnail","6":"product_brand-goal-zero","7":"product_cat-solar-panels","9":"first","10":"instock","11":"shipping-taxable","12":"purchasable","13":"product-type-simple"},"acf":[],"yoast_head":"<!-- This site is optimized with the Yoast SEO plugin v27.4 - https:\/\/yoast.com\/product\/yoast-seo-wordpress\/ -->\n<title>\u0421\u043e\u043b\u043d\u0435\u0447\u043d\u043e\u0435 \u0437\u0430\u0440\u044f\u0434\u043d\u043e\u0435 \u0443\u0441\u0442\u0440\u043e\u0439\u0441\u0442\u0432\u043e Goal Zero Nomad 20 - \u041c\u0430\u0433\u0430\u0437\u0438\u043d Xstyle<\/title>\n<meta name=\"description\" content=\"\u0421\u043e\u043b\u043d\u0435\u0447\u043d\u043e\u0435 \u0437\u0430\u0440\u044f\u0434\u043d\u043e\u0435 \u0443\u0441\u0442\u0440\u043e\u0439\u0441\u0442\u0432\u043e GoalZero Nomad 20 \u0438\u0434\u0435\u0430\u043b\u044c\u043d\u043e \u043f\u043e\u0434\u0445\u043e\u0434\u0438\u0442 \u0434\u043b\u044f \u043f\u0443\u0442\u0435\u0448\u0435\u0441\u0442\u0432\u0438\u0439. \u0417\u0430\u0440\u044f\u0436\u0430\u0435\u043c \u043b\u044e\u0431\u044b\u0435 \u0443\u0441\u0442\u0440\u043e\u0439\u0441\u0442\u0432\u0430 \u0447\u0435\u0440\u0435\u0437 USB \u0438 \u043d\u0430\u0441\u043b\u0430\u0436\u0434\u0430\u0435\u043c\u0441\u044f \u0441\u0432\u043e\u0431\u043e\u0434\u043e\u0439 \u043d\u0430 \u043f\u0440\u0438\u0440\u043e\u0434\u0435!\" \/>\n<meta name=\"robots\" content=\"index, follow, max-snippet:-1, max-image-preview:large, max-video-preview:-1\" \/>\n<link rel=\"canonical\" href=\"https:\/\/xstyle.md\/ro\/produs\/solnechnoe-zaryadnoe-ustrojstvo-goalzero-nomad-20\/\" \/>\n<meta property=\"og:locale\" content=\"ro_RO\" \/>\n<meta property=\"og:type\" content=\"article\" \/>\n<meta property=\"og:title\" content=\"\u0421\u043e\u043b\u043d\u0435\u0447\u043d\u043e\u0435 \u0437\u0430\u0440\u044f\u0434\u043d\u043e\u0435 \u0443\u0441\u0442\u0440\u043e\u0439\u0441\u0442\u0432\u043e Goal Zero Nomad 20 - \u041c\u0430\u0433\u0430\u0437\u0438\u043d Xstyle\" \/>\n<meta property=\"og:description\" content=\"\u0421\u043e\u043b\u043d\u0435\u0447\u043d\u043e\u0435 \u0437\u0430\u0440\u044f\u0434\u043d\u043e\u0435 \u0443\u0441\u0442\u0440\u043e\u0439\u0441\u0442\u0432\u043e GoalZero Nomad 20 \u0438\u0434\u0435\u0430\u043b\u044c\u043d\u043e \u043f\u043e\u0434\u0445\u043e\u0434\u0438\u0442 \u0434\u043b\u044f \u043f\u0443\u0442\u0435\u0448\u0435\u0441\u0442\u0432\u0438\u0439. \u0417\u0430\u0440\u044f\u0436\u0430\u0435\u043c \u043b\u044e\u0431\u044b\u0435 \u0443\u0441\u0442\u0440\u043e\u0439\u0441\u0442\u0432\u0430 \u0447\u0435\u0440\u0435\u0437 USB \u0438 \u043d\u0430\u0441\u043b\u0430\u0436\u0434\u0430\u0435\u043c\u0441\u044f \u0441\u0432\u043e\u0431\u043e\u0434\u043e\u0439 \u043d\u0430 \u043f\u0440\u0438\u0440\u043e\u0434\u0435!\" \/>\n<meta property=\"og:url\" content=\"https:\/\/xstyle.md\/ro\/produs\/solnechnoe-zaryadnoe-ustrojstvo-goalzero-nomad-20\/\" \/>\n<meta property=\"og:site_name\" content=\"\u041c\u0430\u0433\u0430\u0437\u0438\u043d Xstyle\" \/>\n<meta property=\"article:publisher\" content=\"https:\/\/www.facebook.com\/xstylemd\" \/>\n<meta property=\"article:modified_time\" content=\"2025-10-24T10:03:17+00:00\" \/>\n<meta property=\"og:image\" content=\"https:\/\/xstyle.md\/wp-content\/uploads\/2022\/12\/goalzero-nomad-20.jpg\" \/>\n\t<meta property=\"og:image:width\" content=\"900\" \/>\n\t<meta property=\"og:image:height\" content=\"650\" \/>\n\t<meta property=\"og:image:type\" content=\"image\/jpeg\" \/>\n<meta name=\"twitter:card\" content=\"summary_large_image\" \/>\n<meta name=\"twitter:label1\" content=\"Pre\u021b\" \/>\n\t<meta name=\"twitter:data1\" content=\"4.890&nbsp;MDL\" \/>\n\t<meta name=\"twitter:label2\" content=\"Disponibilitate\" \/>\n\t<meta name=\"twitter:data2\" content=\"\u00cen stoc\" \/>\n<script type=\"application\/ld+json\" class=\"yoast-schema-graph\">{\"@context\":\"https:\\\/\\\/schema.org\",\"@graph\":[{\"@type\":\"WebPage\",\"@id\":\"https:\\\/\\\/xstyle.md\\\/product\\\/solnechnoe-zaryadnoe-ustrojstvo-goalzero-nomad-20\\\/\",\"url\":\"https:\\\/\\\/xstyle.md\\\/product\\\/solnechnoe-zaryadnoe-ustrojstvo-goalzero-nomad-20\\\/\",\"name\":\"\u0421\u043e\u043b\u043d\u0435\u0447\u043d\u043e\u0435 \u0437\u0430\u0440\u044f\u0434\u043d\u043e\u0435 \u0443\u0441\u0442\u0440\u043e\u0439\u0441\u0442\u0432\u043e Goal Zero Nomad 20 - \u041c\u0430\u0433\u0430\u0437\u0438\u043d Xstyle\",\"isPartOf\":{\"@id\":\"https:\\\/\\\/xstyle.md\\\/#website\"},\"primaryImageOfPage\":{\"@id\":\"https:\\\/\\\/xstyle.md\\\/product\\\/solnechnoe-zaryadnoe-ustrojstvo-goalzero-nomad-20\\\/#primaryimage\"},\"image\":{\"@id\":\"https:\\\/\\\/xstyle.md\\\/product\\\/solnechnoe-zaryadnoe-ustrojstvo-goalzero-nomad-20\\\/#primaryimage\"},\"thumbnailUrl\":\"https:\\\/\\\/xstyle.md\\\/wp-content\\\/uploads\\\/2022\\\/12\\\/goalzero-nomad-20.jpg\",\"datePublished\":\"2022-12-06T09:53:00+00:00\",\"dateModified\":\"2025-10-24T10:03:17+00:00\",\"description\":\"\u0421\u043e\u043b\u043d\u0435\u0447\u043d\u043e\u0435 \u0437\u0430\u0440\u044f\u0434\u043d\u043e\u0435 \u0443\u0441\u0442\u0440\u043e\u0439\u0441\u0442\u0432\u043e GoalZero Nomad 20 \u0438\u0434\u0435\u0430\u043b\u044c\u043d\u043e \u043f\u043e\u0434\u0445\u043e\u0434\u0438\u0442 \u0434\u043b\u044f \u043f\u0443\u0442\u0435\u0448\u0435\u0441\u0442\u0432\u0438\u0439. \u0417\u0430\u0440\u044f\u0436\u0430\u0435\u043c \u043b\u044e\u0431\u044b\u0435 \u0443\u0441\u0442\u0440\u043e\u0439\u0441\u0442\u0432\u0430 \u0447\u0435\u0440\u0435\u0437 USB \u0438 \u043d\u0430\u0441\u043b\u0430\u0436\u0434\u0430\u0435\u043c\u0441\u044f \u0441\u0432\u043e\u0431\u043e\u0434\u043e\u0439 \u043d\u0430 \u043f\u0440\u0438\u0440\u043e\u0434\u0435!\",\"breadcrumb\":{\"@id\":\"https:\\\/\\\/xstyle.md\\\/product\\\/solnechnoe-zaryadnoe-ustrojstvo-goalzero-nomad-20\\\/#breadcrumb\"},\"inLanguage\":\"ro-RO\",\"potentialAction\":[{\"@type\":\"ReadAction\",\"target\":[\"https:\\\/\\\/xstyle.md\\\/product\\\/solnechnoe-zaryadnoe-ustrojstvo-goalzero-nomad-20\\\/\"]}]},{\"@type\":\"ImageObject\",\"inLanguage\":\"ro-RO\",\"@id\":\"https:\\\/\\\/xstyle.md\\\/product\\\/solnechnoe-zaryadnoe-ustrojstvo-goalzero-nomad-20\\\/#primaryimage\",\"url\":\"https:\\\/\\\/xstyle.md\\\/wp-content\\\/uploads\\\/2022\\\/12\\\/goalzero-nomad-20.jpg\",\"contentUrl\":\"https:\\\/\\\/xstyle.md\\\/wp-content\\\/uploads\\\/2022\\\/12\\\/goalzero-nomad-20.jpg\",\"width\":900,\"height\":650,\"caption\":\"\u0422\u043e\u043d\u043a\u0430\u044f \u0441\u043e\u043b\u043d\u0435\u0447\u043d\u0430\u044f \u0437\u0430\u0440\u044f\u0434\u043a\u0430 Goal Zero Nomad 20 \u0434\u043b\u044f \u0430\u043a\u0442\u0438\u0432\u043d\u043e\u0433\u043e \u043e\u0442\u0434\u044b\u0445\u0430, \u043f\u043e\u0445\u043e\u0434\u043e\u0432 \u0438 \u043f\u0443\u0442\u0435\u0448\u0435\u0441\u0442\u0432\u0438\u0439, \u043e\u0431\u0443\u0432\u044c \u0438 \u043e\u0434\u0435\u0436\u0434\u0430 \u0434\u043b\u044f \u0442\u0443\u0440\u0438\u0437\u043c\u0430 \u0438 \u0430\u043b\u044c\u043f\u0438\u043d\u0438\u0437\u043c\u0430 \u0432 \u043e\u043d\u043b\u0430\u0439\u043d-\u043c\u0430\u0433\u0430\u0437\u0438\u043d\u0435\"},{\"@type\":\"BreadcrumbList\",\"@id\":\"https:\\\/\\\/xstyle.md\\\/product\\\/solnechnoe-zaryadnoe-ustrojstvo-goalzero-nomad-20\\\/#breadcrumb\",\"itemListElement\":[{\"@type\":\"ListItem\",\"position\":1,\"name\":\"\u0413\u043b\u0430\u0432\u043d\u0430\u044f \u0441\u0442\u0440\u0430\u043d\u0438\u0446\u0430\",\"item\":\"https:\\\/\\\/xstyle.md\\\/\"},{\"@type\":\"ListItem\",\"position\":2,\"name\":\"\u041c\u0430\u0433\u0430\u0437\u0438\u043d\",\"item\":\"https:\\\/\\\/xstyle.md\\\/shop\\\/\"},{\"@type\":\"ListItem\",\"position\":3,\"name\":\"\u0421\u043e\u043b\u043d\u0435\u0447\u043d\u043e\u0435 \u0437\u0430\u0440\u044f\u0434\u043d\u043e\u0435 \u0443\u0441\u0442\u0440\u043e\u0439\u0441\u0442\u0432\u043e Goal Zero Nomad 20\"}]},{\"@type\":\"WebSite\",\"@id\":\"https:\\\/\\\/xstyle.md\\\/#website\",\"url\":\"https:\\\/\\\/xstyle.md\\\/\",\"name\":\"\u041c\u0430\u0433\u0430\u0437\u0438\u043d Xstyle\",\"description\":\"C\u043d\u0430\u0440\u044f\u0436\u0435\u043d\u0438\u0435 \u0434\u043b\u044f \u0442\u0443\u0440\u0438\u0437\u043c\u0430 \u0438 \u044d\u043a\u0441\u0442\u0440\u0435\u043c\u0430\u043b\u044c\u043d\u044b\u0445 \u0432\u0438\u0434\u043e\u0432 \u0441\u043f\u043e\u0440\u0442\u0430 \u0432 \u041c\u043e\u043b\u0434\u043e\u0432\u0435.. \u0426\u0435\u043d\u044b, \u0444\u043e\u0442\u043e, \u0445\u0430\u0440\u0430\u043a\u0442\u0435\u0440\u0438\u0441\u0442\u0438\u043a\u0438 \u0432 \u041c\u043e\u043b\u0434\u043e\u0432\u0435.\",\"publisher\":{\"@id\":\"https:\\\/\\\/xstyle.md\\\/#organization\"},\"alternateName\":\"X-Style\",\"potentialAction\":[{\"@type\":\"SearchAction\",\"target\":{\"@type\":\"EntryPoint\",\"urlTemplate\":\"https:\\\/\\\/xstyle.md\\\/?s={search_term_string}\"},\"query-input\":{\"@type\":\"PropertyValueSpecification\",\"valueRequired\":true,\"valueName\":\"search_term_string\"}}],\"inLanguage\":\"ro-RO\"},{\"@type\":\"Organization\",\"@id\":\"https:\\\/\\\/xstyle.md\\\/#organization\",\"name\":\"\u041c\u0430\u0433\u0430\u0437\u0438\u043d Xstyle\",\"alternateName\":\"x-style\",\"url\":\"https:\\\/\\\/xstyle.md\\\/\",\"logo\":{\"@type\":\"ImageObject\",\"inLanguage\":\"ro-RO\",\"@id\":\"https:\\\/\\\/xstyle.md\\\/#\\\/schema\\\/logo\\\/image\\\/\",\"url\":\"https:\\\/\\\/xstyle.md\\\/wp-content\\\/uploads\\\/2020\\\/06\\\/logoicon.svg\",\"contentUrl\":\"https:\\\/\\\/xstyle.md\\\/wp-content\\\/uploads\\\/2020\\\/06\\\/logoicon.svg\",\"caption\":\"\u041c\u0430\u0433\u0430\u0437\u0438\u043d Xstyle\"},\"image\":{\"@id\":\"https:\\\/\\\/xstyle.md\\\/#\\\/schema\\\/logo\\\/image\\\/\"},\"sameAs\":[\"https:\\\/\\\/www.facebook.com\\\/xstylemd\",\"https:\\\/\\\/www.instagram.com\\\/xstyle_md\\\/\",\"https:\\\/\\\/t.me\\\/xstyle_outdoor\"],\"hasMerchantReturnPolicy\":{\"@type\":\"MerchantReturnPolicy\",\"merchantReturnLink\":\"https:\\\/\\\/xstyle.md\\\/ro\\\/conditions\\\/\"}}]}<\/script>\n<meta property=\"product:price:amount\" content=\"4890.00\" \/>\n<meta property=\"product:price:currency\" content=\"MDL\" \/>\n<meta property=\"og:availability\" content=\"instock\" \/>\n<meta property=\"product:availability\" content=\"instock\" \/>\n<meta property=\"product:retailer_item_id\" content=\"2000990055590\" \/>\n<meta property=\"product:condition\" content=\"new\" \/>\n<!-- \/ Yoast SEO plugin. -->","yoast_head_json":{"title":"\u0421\u043e\u043b\u043d\u0435\u0447\u043d\u043e\u0435 \u0437\u0430\u0440\u044f\u0434\u043d\u043e\u0435 \u0443\u0441\u0442\u0440\u043e\u0439\u0441\u0442\u0432\u043e Goal Zero Nomad 20 - \u041c\u0430\u0433\u0430\u0437\u0438\u043d Xstyle","description":"\u00cenc\u0103rc\u0103tor solar GoalZero Nomad 20 este perfect pentru c\u0103l\u0103torii. \u00cenc\u0103rc\u0103m orice dispozitive prin USB \u0219i ne bucur\u0103m de libertate \u00een natur\u0103!","robots":{"index":"index","follow":"follow","max-snippet":"max-snippet:-1","max-image-preview":"max-image-preview:large","max-video-preview":"max-video-preview:-1"},"canonical":"https:\/\/xstyle.md\/ro\/produs\/solnechnoe-zaryadnoe-ustrojstvo-goalzero-nomad-20\/","og_locale":"ro_RO","og_type":"article","og_title":"\u0421\u043e\u043b\u043d\u0435\u0447\u043d\u043e\u0435 \u0437\u0430\u0440\u044f\u0434\u043d\u043e\u0435 \u0443\u0441\u0442\u0440\u043e\u0439\u0441\u0442\u0432\u043e Goal Zero Nomad 20 - \u041c\u0430\u0433\u0430\u0437\u0438\u043d Xstyle","og_description":"\u0421\u043e\u043b\u043d\u0435\u0447\u043d\u043e\u0435 \u0437\u0430\u0440\u044f\u0434\u043d\u043e\u0435 \u0443\u0441\u0442\u0440\u043e\u0439\u0441\u0442\u0432\u043e GoalZero Nomad 20 \u0438\u0434\u0435\u0430\u043b\u044c\u043d\u043e \u043f\u043e\u0434\u0445\u043e\u0434\u0438\u0442 \u0434\u043b\u044f \u043f\u0443\u0442\u0435\u0448\u0435\u0441\u0442\u0432\u0438\u0439. \u0417\u0430\u0440\u044f\u0436\u0430\u0435\u043c \u043b\u044e\u0431\u044b\u0435 \u0443\u0441\u0442\u0440\u043e\u0439\u0441\u0442\u0432\u0430 \u0447\u0435\u0440\u0435\u0437 USB \u0438 \u043d\u0430\u0441\u043b\u0430\u0436\u0434\u0430\u0435\u043c\u0441\u044f \u0441\u0432\u043e\u0431\u043e\u0434\u043e\u0439 \u043d\u0430 \u043f\u0440\u0438\u0440\u043e\u0434\u0435!","og_url":"https:\/\/xstyle.md\/ro\/produs\/solnechnoe-zaryadnoe-ustrojstvo-goalzero-nomad-20\/","og_site_name":"\u041c\u0430\u0433\u0430\u0437\u0438\u043d Xstyle","article_publisher":"https:\/\/www.facebook.com\/xstylemd","article_modified_time":"2025-10-24T10:03:17+00:00","og_image":[{"width":900,"height":650,"url":"https:\/\/xstyle.md\/wp-content\/uploads\/2022\/12\/goalzero-nomad-20.jpg","type":"image\/jpeg"}],"twitter_card":"summary_large_image","twitter_misc":{"Pre\u021b":"4.890&nbsp;MDL","Disponibilitate":"\u00cen stoc"},"schema":{"@context":"https:\/\/schema.org","@graph":[{"@type":"WebPage","@id":"https:\/\/xstyle.md\/product\/solnechnoe-zaryadnoe-ustrojstvo-goalzero-nomad-20\/","url":"https:\/\/xstyle.md\/product\/solnechnoe-zaryadnoe-ustrojstvo-goalzero-nomad-20\/","name":"\u0421\u043e\u043b\u043d\u0435\u0447\u043d\u043e\u0435 \u0437\u0430\u0440\u044f\u0434\u043d\u043e\u0435 \u0443\u0441\u0442\u0440\u043e\u0439\u0441\u0442\u0432\u043e Goal Zero Nomad 20 - \u041c\u0430\u0433\u0430\u0437\u0438\u043d Xstyle","isPartOf":{"@id":"https:\/\/xstyle.md\/#website"},"primaryImageOfPage":{"@id":"https:\/\/xstyle.md\/product\/solnechnoe-zaryadnoe-ustrojstvo-goalzero-nomad-20\/#primaryimage"},"image":{"@id":"https:\/\/xstyle.md\/product\/solnechnoe-zaryadnoe-ustrojstvo-goalzero-nomad-20\/#primaryimage"},"thumbnailUrl":"https:\/\/xstyle.md\/wp-content\/uploads\/2022\/12\/goalzero-nomad-20.jpg","datePublished":"2022-12-06T09:53:00+00:00","dateModified":"2025-10-24T10:03:17+00:00","description":"\u00cenc\u0103rc\u0103tor solar GoalZero Nomad 20 este perfect pentru c\u0103l\u0103torii. \u00cenc\u0103rc\u0103m orice dispozitive prin USB \u0219i ne bucur\u0103m de libertate \u00een natur\u0103!","breadcrumb":{"@id":"https:\/\/xstyle.md\/product\/solnechnoe-zaryadnoe-ustrojstvo-goalzero-nomad-20\/#breadcrumb"},"inLanguage":"ro-RO","potentialAction":[{"@type":"ReadAction","target":["https:\/\/xstyle.md\/product\/solnechnoe-zaryadnoe-ustrojstvo-goalzero-nomad-20\/"]}]},{"@type":"ImageObject","inLanguage":"ro-RO","@id":"https:\/\/xstyle.md\/product\/solnechnoe-zaryadnoe-ustrojstvo-goalzero-nomad-20\/#primaryimage","url":"https:\/\/xstyle.md\/wp-content\/uploads\/2022\/12\/goalzero-nomad-20.jpg","contentUrl":"https:\/\/xstyle.md\/wp-content\/uploads\/2022\/12\/goalzero-nomad-20.jpg","width":900,"height":650,"caption":"\u0422\u043e\u043d\u043a\u0430\u044f \u0441\u043e\u043b\u043d\u0435\u0447\u043d\u0430\u044f \u0437\u0430\u0440\u044f\u0434\u043a\u0430 Goal Zero Nomad 20 \u0434\u043b\u044f \u0430\u043a\u0442\u0438\u0432\u043d\u043e\u0433\u043e \u043e\u0442\u0434\u044b\u0445\u0430, \u043f\u043e\u0445\u043e\u0434\u043e\u0432 \u0438 \u043f\u0443\u0442\u0435\u0448\u0435\u0441\u0442\u0432\u0438\u0439, \u043e\u0431\u0443\u0432\u044c \u0438 \u043e\u0434\u0435\u0436\u0434\u0430 \u0434\u043b\u044f \u0442\u0443\u0440\u0438\u0437\u043c\u0430 \u0438 \u0430\u043b\u044c\u043f\u0438\u043d\u0438\u0437\u043c\u0430 \u0432 \u043e\u043d\u043b\u0430\u0439\u043d-\u043c\u0430\u0433\u0430\u0437\u0438\u043d\u0435"},{"@type":"BreadcrumbList","@id":"https:\/\/xstyle.md\/product\/solnechnoe-zaryadnoe-ustrojstvo-goalzero-nomad-20\/#breadcrumb","itemListElement":[{"@type":"ListItem","position":1,"name":"\u0413\u043b\u0430\u0432\u043d\u0430\u044f \u0441\u0442\u0440\u0430\u043d\u0438\u0446\u0430","item":"https:\/\/xstyle.md\/"},{"@type":"ListItem","position":2,"name":"\u041c\u0430\u0433\u0430\u0437\u0438\u043d","item":"https:\/\/xstyle.md\/shop\/"},{"@type":"ListItem","position":3,"name":"\u0421\u043e\u043b\u043d\u0435\u0447\u043d\u043e\u0435 \u0437\u0430\u0440\u044f\u0434\u043d\u043e\u0435 \u0443\u0441\u0442\u0440\u043e\u0439\u0441\u0442\u0432\u043e Goal Zero Nomad 20"}]},{"@type":"WebSite","@id":"https:\/\/xstyle.md\/#website","url":"https:\/\/xstyle.md\/","name":"Magazinul X-Style","description":"Echipamente pentru turism \u0219i sporturi extreme \u00een Moldova. Pre\u021buri, fotografii, caracteristici \u00een Moldova.","publisher":{"@id":"https:\/\/xstyle.md\/#organization"},"alternateName":"X-Style","potentialAction":[{"@type":"SearchAction","target":{"@type":"EntryPoint","urlTemplate":"https:\/\/xstyle.md\/?s={search_term_string}"},"query-input":{"@type":"PropertyValueSpecification","valueRequired":true,"valueName":"search_term_string"}}],"inLanguage":"ro-RO"},{"@type":"Organization","@id":"https:\/\/xstyle.md\/#organization","name":"Magazinul X-Style","alternateName":"x-style","url":"https:\/\/xstyle.md\/","logo":{"@type":"ImageObject","inLanguage":"ro-RO","@id":"https:\/\/xstyle.md\/#\/schema\/logo\/image\/","url":"https:\/\/xstyle.md\/wp-content\/uploads\/2020\/06\/logoicon.svg","contentUrl":"https:\/\/xstyle.md\/wp-content\/uploads\/2020\/06\/logoicon.svg","caption":"\u041c\u0430\u0433\u0430\u0437\u0438\u043d Xstyle"},"image":{"@id":"https:\/\/xstyle.md\/#\/schema\/logo\/image\/"},"sameAs":["https:\/\/www.facebook.com\/xstylemd","https:\/\/www.instagram.com\/xstyle_md\/","https:\/\/t.me\/xstyle_outdoor"],"hasMerchantReturnPolicy":{"@type":"MerchantReturnPolicy","merchantReturnLink":"https:\/\/xstyle.md\/ro\/conditions\/"}}]},"product_price_amount":"4890.00","product_price_currency":"MDL","og_availability":"instock","product_availability":"instock","product_retailer_item_id":"2000990055590","product_condition":"new"},"_links":{"self":[{"href":"https:\/\/xstyle.md\/ro\/wp-json\/wp\/v2\/product\/60386","targetHints":{"allow":["GET"]}}],"collection":[{"href":"https:\/\/xstyle.md\/ro\/wp-json\/wp\/v2\/product"}],"about":[{"href":"https:\/\/xstyle.md\/ro\/wp-json\/wp\/v2\/types\/product"}],"replies":[{"embeddable":true,"href":"https:\/\/xstyle.md\/ro\/wp-json\/wp\/v2\/comments?post=60386"}],"wp:featuredmedia":[{"embeddable":true,"href":"https:\/\/xstyle.md\/ro\/wp-json\/wp\/v2\/media\/60429"}],"wp:attachment":[{"href":"https:\/\/xstyle.md\/ro\/wp-json\/wp\/v2\/media?parent=60386"}],"wp:term":[{"taxonomy":"product_brand","embeddable":true,"href":"https:\/\/xstyle.md\/ro\/wp-json\/wp\/v2\/product_brand?post=60386"},{"taxonomy":"product_cat","embeddable":true,"href":"https:\/\/xstyle.md\/ro\/wp-json\/wp\/v2\/product_cat?post=60386"},{"taxonomy":"product_tag","embeddable":true,"href":"https:\/\/xstyle.md\/ro\/wp-json\/wp\/v2\/product_tag?post=60386"}],"curies":[{"name":"wp","href":"https:\/\/api.w.org\/{rel}","templated":true}]}}