{"id":60371,"date":"2022-12-06T12:52:57","date_gmt":"2022-12-06T09:52:57","guid":{"rendered":"https:\/\/xstyle.md\/?post_type=product&#038;p=60371"},"modified":"2025-10-24T12:24:07","modified_gmt":"2025-10-24T09:24:07","slug":"nozh-boker-plus-lrf-damast","status":"publish","type":"product","link":"https:\/\/xstyle.md\/ro\/produs\/nozh-boker-plus-lrf-damast\/","title":{"rendered":"Cu\u021bit Boker Plus LRF Damast"},"content":{"rendered":"<\/p>\n<p><strong>Boker Plus LRF Damast<\/strong> &#8212; cu\u021bit de gentleman cu un design laconic de la dezvoltatorul japonez Matsuno Wasabi. Designul rafinat este eviden\u021biat de suprapunerile din fibr\u0103 de carbon \u0219i de o bucl\u0103 larg\u0103 pentru curea.<\/p>\n<p>Lama este fabricat\u0103 din damasc, care este un o\u021bel ob\u021binut prin forjare dintr-un pachet format din diferite grade de metal. Datorit\u0103 prezen\u021bei acestor straturi, un cu\u021bit fabricat din o\u021bel damascus are un model caracteristic pe suprafa\u021b\u0103. Principalul avantaj al Damascului este combina\u021bia de duritate \u0219i flexibilitate, care este ob\u021binut\u0103 tocmai datorit\u0103 \u201eamestecului\u201d de diferite grade de metal. O\u021belul combin\u0103 rezisten\u021ba la coroziune cu o rezisten\u021b\u0103 excelent\u0103, iar capacitatea sa unic\u0103 de t\u0103iere este ob\u021binut\u0103 datorit\u0103 propriet\u0103\u021bilor \u00eembun\u0103t\u0103\u021bite de ascu\u021bire a lamei.<\/p>\n<p>M\u00e2nerul este fabricat din titan, un material cu propriet\u0103\u021bi mecanice excelente. Acesta este destul de puternic \u0219i rigid \u0219i u\u0219or \u00een compara\u021bie cu alte metale populare utilizate \u00een m\u00e2nerele cu\u021bitelor.<\/p>\n<h3>Caracteristici<\/h3>\n<ul>\n<li>Tip cu\u021bit: pliabil<\/li>\n<li>Tip muchie de t\u0103iere: regulat<\/li>\n<li>Tip de blocare: Liner Lock<\/li>\n<li>Lungime total\u0103: 18 cm<\/li>\n<li>Lungimea lamei: 8.6 cm<\/li>\n<li>Material m\u00e2ner: titan<\/li>\n<li>Duritatea o\u021belului: 59-61 HRC<\/li>\n<li>Grad de o\u021bel: Damasc<\/li>\n<li>Greutate: 42 g<\/li>\n<\/ul>\n<h3>Marca<\/h3>\n<p>B\u00f6ker este una dintre cele mai vechi companii germane, cu o istorie care dateaz\u0103 din Evul Mediu t\u00e2rziu. Produc\u021bia familial\u0103 de s\u0103bii s-a dezvoltat \u00eentr-o gam\u0103 larg\u0103 de cu\u021bite, de la cu\u021bite de buc\u0103t\u0103rie la cu\u021bite de colec\u021bie. Iar emblema companiei, care este folosit\u0103 de peste 150 de ani, este puternicul castan care a crescut l\u00e2ng\u0103 fabric\u0103.<\/p>\n<p>La fabricarea cu\u021bitelor se utilizeaz\u0103 o\u021bel german de \u00eenalt\u0103 calitate din Solingen, precum \u0219i o\u021bel Damasc &#8212; materiale care s-au dovedit a fi durabile \u0219i ascu\u021bite pentru o lung\u0103 perioad\u0103 de timp. M\u00e2nerele sunt \u00eencrustate cu lemne valoroase, ceramic\u0103, plastic. Produsele sunt reprezentate de o gam\u0103 larg\u0103 de forme de lame, toate modelele sunt surprinz\u0103tor de ergonomice, perfect echilibrate.<\/p>\n<p>Respectul pentru tradi\u021bie merge m\u00e2n\u0103 \u00een m\u00e2n\u0103 cu modele inovatoare. Toate acestea inspir\u0103 milioane de entuzia\u0219ti \u0219i utilizatori de cu\u021bite care au apreciat deja fiabilitatea, originalitatea, func\u021bionalitatea \u0219i calitatea \u00eenalt\u0103 de neegalat a produselor B\u00f6ker.<\/p>\n<p><\/p>","protected":false},"excerpt":{"rendered":"","protected":false},"featured_media":60849,"comment_status":"open","ping_status":"closed","template":"","meta":{"_acf_changed":false,"inline_featured_image":false},"product_brand":[1392],"product_cat":[169],"product_tag":[],"class_list":{"0":"post-60371","1":"product","2":"type-product","3":"status-publish","4":"has-post-thumbnail","6":"product_brand-boker","7":"product_cat-knives","9":"first","10":"instock","11":"shipping-taxable","12":"purchasable","13":"product-type-simple"},"acf":[],"yoast_head":"<!-- This site is optimized with the Yoast SEO plugin v27.4 - https:\/\/yoast.com\/product\/yoast-seo-wordpress\/ -->\n<title>\u041d\u043e\u0436 Boker Plus LRF Damast - \u041c\u0430\u0433\u0430\u0437\u0438\u043d Xstyle<\/title>\n<meta name=\"description\" content=\"\u041d\u043e\u0436 Boker Plus LRF Damast - \u0441\u0442\u0438\u043b\u044c\u043d\u044b\u0439 \u0438 \u043d\u0430\u0434\u0435\u0436\u043d\u044b\u0439 \u0438\u043d\u0441\u0442\u0440\u0443\u043c\u0435\u043d\u0442 \u0441 \u0434\u0430\u043c\u0430\u0441\u0441\u043a\u043e\u0439 \u043b\u0435\u0437\u0432\u0438\u0435\u043c \u0438 \u043a\u0430\u0440\u0431\u043e\u043d\u043e\u0432\u044b\u043c\u0438 \u043d\u0430\u043a\u043b\u0430\u0434\u043a\u0430\u043c\u0438. \u0418\u0434\u0435\u0430\u043b\u0435\u043d \u0434\u043b\u044f \u043d\u0430\u0441\u0442\u043e\u044f\u0449\u0438\u0445 \u0446\u0435\u043d\u0438\u0442\u0435\u043b\u0435\u0439!\" \/>\n<meta name=\"robots\" content=\"index, follow, max-snippet:-1, max-image-preview:large, max-video-preview:-1\" \/>\n<link rel=\"canonical\" href=\"https:\/\/xstyle.md\/ro\/produs\/nozh-boker-plus-lrf-damast\/\" \/>\n<meta property=\"og:locale\" content=\"ro_RO\" \/>\n<meta property=\"og:type\" content=\"article\" \/>\n<meta property=\"og:title\" content=\"\u041d\u043e\u0436 Boker Plus LRF Damast - \u041c\u0430\u0433\u0430\u0437\u0438\u043d Xstyle\" \/>\n<meta property=\"og:description\" content=\"\u041d\u043e\u0436 Boker Plus LRF Damast - \u0441\u0442\u0438\u043b\u044c\u043d\u044b\u0439 \u0438 \u043d\u0430\u0434\u0435\u0436\u043d\u044b\u0439 \u0438\u043d\u0441\u0442\u0440\u0443\u043c\u0435\u043d\u0442 \u0441 \u0434\u0430\u043c\u0430\u0441\u0441\u043a\u043e\u0439 \u043b\u0435\u0437\u0432\u0438\u0435\u043c \u0438 \u043a\u0430\u0440\u0431\u043e\u043d\u043e\u0432\u044b\u043c\u0438 \u043d\u0430\u043a\u043b\u0430\u0434\u043a\u0430\u043c\u0438. \u0418\u0434\u0435\u0430\u043b\u0435\u043d \u0434\u043b\u044f \u043d\u0430\u0441\u0442\u043e\u044f\u0449\u0438\u0445 \u0446\u0435\u043d\u0438\u0442\u0435\u043b\u0435\u0439!\" \/>\n<meta property=\"og:url\" content=\"https:\/\/xstyle.md\/ro\/produs\/nozh-boker-plus-lrf-damast\/\" \/>\n<meta property=\"og:site_name\" content=\"\u041c\u0430\u0433\u0430\u0437\u0438\u043d Xstyle\" \/>\n<meta property=\"article:publisher\" content=\"https:\/\/www.facebook.com\/xstylemd\" \/>\n<meta property=\"article:modified_time\" content=\"2025-10-24T09:24:07+00:00\" \/>\n<meta property=\"og:image\" content=\"https:\/\/xstyle.md\/wp-content\/uploads\/2022\/12\/boker-plus-lrf-damast-rotated.jpg\" \/>\n\t<meta property=\"og:image:width\" content=\"2048\" \/>\n\t<meta property=\"og:image:height\" content=\"2048\" \/>\n\t<meta property=\"og:image:type\" content=\"image\/jpeg\" \/>\n<meta name=\"twitter:card\" content=\"summary_large_image\" \/>\n<meta name=\"twitter:label1\" content=\"Pre\u021b\" \/>\n\t<meta name=\"twitter:data1\" content=\"3.490&nbsp;MDL\" \/>\n\t<meta name=\"twitter:label2\" content=\"Disponibilitate\" \/>\n\t<meta name=\"twitter:data2\" content=\"\u00cen stoc\" \/>\n<script type=\"application\/ld+json\" class=\"yoast-schema-graph\">{\"@context\":\"https:\\\/\\\/schema.org\",\"@graph\":[{\"@type\":\"WebPage\",\"@id\":\"https:\\\/\\\/xstyle.md\\\/product\\\/nozh-boker-plus-lrf-damast\\\/\",\"url\":\"https:\\\/\\\/xstyle.md\\\/product\\\/nozh-boker-plus-lrf-damast\\\/\",\"name\":\"\u041d\u043e\u0436 Boker Plus LRF Damast - \u041c\u0430\u0433\u0430\u0437\u0438\u043d Xstyle\",\"isPartOf\":{\"@id\":\"https:\\\/\\\/xstyle.md\\\/#website\"},\"primaryImageOfPage\":{\"@id\":\"https:\\\/\\\/xstyle.md\\\/product\\\/nozh-boker-plus-lrf-damast\\\/#primaryimage\"},\"image\":{\"@id\":\"https:\\\/\\\/xstyle.md\\\/product\\\/nozh-boker-plus-lrf-damast\\\/#primaryimage\"},\"thumbnailUrl\":\"https:\\\/\\\/xstyle.md\\\/wp-content\\\/uploads\\\/2022\\\/12\\\/boker-plus-lrf-damast-rotated.jpg\",\"datePublished\":\"2022-12-06T09:52:57+00:00\",\"dateModified\":\"2025-10-24T09:24:07+00:00\",\"description\":\"\u041d\u043e\u0436 Boker Plus LRF Damast - \u0441\u0442\u0438\u043b\u044c\u043d\u044b\u0439 \u0438 \u043d\u0430\u0434\u0435\u0436\u043d\u044b\u0439 \u0438\u043d\u0441\u0442\u0440\u0443\u043c\u0435\u043d\u0442 \u0441 \u0434\u0430\u043c\u0430\u0441\u0441\u043a\u043e\u0439 \u043b\u0435\u0437\u0432\u0438\u0435\u043c \u0438 \u043a\u0430\u0440\u0431\u043e\u043d\u043e\u0432\u044b\u043c\u0438 \u043d\u0430\u043a\u043b\u0430\u0434\u043a\u0430\u043c\u0438. \u0418\u0434\u0435\u0430\u043b\u0435\u043d \u0434\u043b\u044f \u043d\u0430\u0441\u0442\u043e\u044f\u0449\u0438\u0445 \u0446\u0435\u043d\u0438\u0442\u0435\u043b\u0435\u0439!\",\"breadcrumb\":{\"@id\":\"https:\\\/\\\/xstyle.md\\\/product\\\/nozh-boker-plus-lrf-damast\\\/#breadcrumb\"},\"inLanguage\":\"ro-RO\",\"potentialAction\":[{\"@type\":\"ReadAction\",\"target\":[\"https:\\\/\\\/xstyle.md\\\/product\\\/nozh-boker-plus-lrf-damast\\\/\"]}]},{\"@type\":\"ImageObject\",\"inLanguage\":\"ro-RO\",\"@id\":\"https:\\\/\\\/xstyle.md\\\/product\\\/nozh-boker-plus-lrf-damast\\\/#primaryimage\",\"url\":\"https:\\\/\\\/xstyle.md\\\/wp-content\\\/uploads\\\/2022\\\/12\\\/boker-plus-lrf-damast-rotated.jpg\",\"contentUrl\":\"https:\\\/\\\/xstyle.md\\\/wp-content\\\/uploads\\\/2022\\\/12\\\/boker-plus-lrf-damast-rotated.jpg\",\"width\":1920,\"height\":1920,\"caption\":\"\u0422\u0440\u043e\u0442\u0438\u043b \u0434\u043b\u044f \u0430\u043a\u0442\u0438\u0432\u043d\u043e\u0433\u043e \u043e\u0442\u0434\u044b\u0445\u0430 \u043d\u043e\u0436 Boker Plus LRF Damast \u043f\u043e\u0445\u043e\u0434\u043d\u0430\u044f \u044d\u043a\u0438\u043f\u0438\u0440\u043e\u0432\u043a\u0430 \u0434\u043b\u044f \u0442\u0443\u0440\u0438\u0437\u043c\u0430 \u0438 \u0430\u043b\u044c\u043f\u0438\u043d\u0438\u0437\u043c\u0430 \u0434\u043b\u044f \u043e\u043d\u043b\u0430\u0439\u043d-\u043c\u0430\u0433\u0430\u0437\u0438\u043d\u0430 \u0442\u043e\u0432\u0430\u0440\u043e\u0432 \u0434\u043b\u044f \u043f\u0443\u0442\u0435\u0448\u0435\u0441\u0442\u0432\u0438\u0439 \u0438 \u0430\u043a\u0442\u0438\u0432\u043d\u043e\u0433\u043e \u043e\u0431\u0440\u0430\u0437\u0430 \u0436\u0438\u0437\u043d\u0438\"},{\"@type\":\"BreadcrumbList\",\"@id\":\"https:\\\/\\\/xstyle.md\\\/product\\\/nozh-boker-plus-lrf-damast\\\/#breadcrumb\",\"itemListElement\":[{\"@type\":\"ListItem\",\"position\":1,\"name\":\"\u0413\u043b\u0430\u0432\u043d\u0430\u044f \u0441\u0442\u0440\u0430\u043d\u0438\u0446\u0430\",\"item\":\"https:\\\/\\\/xstyle.md\\\/\"},{\"@type\":\"ListItem\",\"position\":2,\"name\":\"\u041c\u0430\u0433\u0430\u0437\u0438\u043d\",\"item\":\"https:\\\/\\\/xstyle.md\\\/shop\\\/\"},{\"@type\":\"ListItem\",\"position\":3,\"name\":\"\u041d\u043e\u0436 Boker Plus LRF Damast\"}]},{\"@type\":\"WebSite\",\"@id\":\"https:\\\/\\\/xstyle.md\\\/#website\",\"url\":\"https:\\\/\\\/xstyle.md\\\/\",\"name\":\"\u041c\u0430\u0433\u0430\u0437\u0438\u043d Xstyle\",\"description\":\"C\u043d\u0430\u0440\u044f\u0436\u0435\u043d\u0438\u0435 \u0434\u043b\u044f \u0442\u0443\u0440\u0438\u0437\u043c\u0430 \u0438 \u044d\u043a\u0441\u0442\u0440\u0435\u043c\u0430\u043b\u044c\u043d\u044b\u0445 \u0432\u0438\u0434\u043e\u0432 \u0441\u043f\u043e\u0440\u0442\u0430 \u0432 \u041c\u043e\u043b\u0434\u043e\u0432\u0435.. \u0426\u0435\u043d\u044b, \u0444\u043e\u0442\u043e, \u0445\u0430\u0440\u0430\u043a\u0442\u0435\u0440\u0438\u0441\u0442\u0438\u043a\u0438 \u0432 \u041c\u043e\u043b\u0434\u043e\u0432\u0435.\",\"publisher\":{\"@id\":\"https:\\\/\\\/xstyle.md\\\/#organization\"},\"alternateName\":\"X-Style\",\"potentialAction\":[{\"@type\":\"SearchAction\",\"target\":{\"@type\":\"EntryPoint\",\"urlTemplate\":\"https:\\\/\\\/xstyle.md\\\/?s={search_term_string}\"},\"query-input\":{\"@type\":\"PropertyValueSpecification\",\"valueRequired\":true,\"valueName\":\"search_term_string\"}}],\"inLanguage\":\"ro-RO\"},{\"@type\":\"Organization\",\"@id\":\"https:\\\/\\\/xstyle.md\\\/#organization\",\"name\":\"\u041c\u0430\u0433\u0430\u0437\u0438\u043d Xstyle\",\"alternateName\":\"x-style\",\"url\":\"https:\\\/\\\/xstyle.md\\\/\",\"logo\":{\"@type\":\"ImageObject\",\"inLanguage\":\"ro-RO\",\"@id\":\"https:\\\/\\\/xstyle.md\\\/#\\\/schema\\\/logo\\\/image\\\/\",\"url\":\"https:\\\/\\\/xstyle.md\\\/wp-content\\\/uploads\\\/2020\\\/06\\\/logoicon.svg\",\"contentUrl\":\"https:\\\/\\\/xstyle.md\\\/wp-content\\\/uploads\\\/2020\\\/06\\\/logoicon.svg\",\"caption\":\"\u041c\u0430\u0433\u0430\u0437\u0438\u043d Xstyle\"},\"image\":{\"@id\":\"https:\\\/\\\/xstyle.md\\\/#\\\/schema\\\/logo\\\/image\\\/\"},\"sameAs\":[\"https:\\\/\\\/www.facebook.com\\\/xstylemd\",\"https:\\\/\\\/www.instagram.com\\\/xstyle_md\\\/\",\"https:\\\/\\\/t.me\\\/xstyle_outdoor\"],\"hasMerchantReturnPolicy\":{\"@type\":\"MerchantReturnPolicy\",\"merchantReturnLink\":\"https:\\\/\\\/xstyle.md\\\/ro\\\/conditions\\\/\"}}]}<\/script>\n<meta property=\"product:price:amount\" content=\"3490.00\" \/>\n<meta property=\"product:price:currency\" content=\"MDL\" \/>\n<meta property=\"og:availability\" content=\"instock\" \/>\n<meta property=\"product:availability\" content=\"instock\" \/>\n<meta property=\"product:retailer_item_id\" content=\"4045011233265\" \/>\n<meta property=\"product:condition\" content=\"new\" \/>\n<!-- \/ Yoast SEO plugin. -->","yoast_head_json":{"title":"Cu\u021bit Boker Plus LRF Damast - Magazin Xstyle","description":"Cu\u021bitul Boker Plus LRF Damast - un instrument stilat \u0219i de \u00eencredere, cu lam\u0103 din o\u021bel damasc \u0219i inser\u021bii din fibr\u0103 de carbon. Ideal pentru adev\u0103ra\u021bii cunosc\u0103tori!","robots":{"index":"index","follow":"follow","max-snippet":"max-snippet:-1","max-image-preview":"max-image-preview:large","max-video-preview":"max-video-preview:-1"},"canonical":"https:\/\/xstyle.md\/ro\/produs\/nozh-boker-plus-lrf-damast\/","og_locale":"ro_RO","og_type":"article","og_title":"\u041d\u043e\u0436 Boker Plus LRF Damast - \u041c\u0430\u0433\u0430\u0437\u0438\u043d Xstyle","og_description":"\u041d\u043e\u0436 Boker Plus LRF Damast - \u0441\u0442\u0438\u043b\u044c\u043d\u044b\u0439 \u0438 \u043d\u0430\u0434\u0435\u0436\u043d\u044b\u0439 \u0438\u043d\u0441\u0442\u0440\u0443\u043c\u0435\u043d\u0442 \u0441 \u0434\u0430\u043c\u0430\u0441\u0441\u043a\u043e\u0439 \u043b\u0435\u0437\u0432\u0438\u0435\u043c \u0438 \u043a\u0430\u0440\u0431\u043e\u043d\u043e\u0432\u044b\u043c\u0438 \u043d\u0430\u043a\u043b\u0430\u0434\u043a\u0430\u043c\u0438. \u0418\u0434\u0435\u0430\u043b\u0435\u043d \u0434\u043b\u044f \u043d\u0430\u0441\u0442\u043e\u044f\u0449\u0438\u0445 \u0446\u0435\u043d\u0438\u0442\u0435\u043b\u0435\u0439!","og_url":"https:\/\/xstyle.md\/ro\/produs\/nozh-boker-plus-lrf-damast\/","og_site_name":"\u041c\u0430\u0433\u0430\u0437\u0438\u043d Xstyle","article_publisher":"https:\/\/www.facebook.com\/xstylemd","article_modified_time":"2025-10-24T09:24:07+00:00","og_image":[{"width":2048,"height":2048,"url":"https:\/\/xstyle.md\/wp-content\/uploads\/2022\/12\/boker-plus-lrf-damast-rotated.jpg","type":"image\/jpeg"}],"twitter_card":"summary_large_image","twitter_misc":{"Pre\u021b":"3.490&nbsp;MDL","Disponibilitate":"\u00cen stoc"},"schema":{"@context":"https:\/\/schema.org","@graph":[{"@type":"WebPage","@id":"https:\/\/xstyle.md\/product\/nozh-boker-plus-lrf-damast\/","url":"https:\/\/xstyle.md\/product\/nozh-boker-plus-lrf-damast\/","name":"Cu\u021bit Boker Plus LRF Damast - Magazin Xstyle","isPartOf":{"@id":"https:\/\/xstyle.md\/#website"},"primaryImageOfPage":{"@id":"https:\/\/xstyle.md\/product\/nozh-boker-plus-lrf-damast\/#primaryimage"},"image":{"@id":"https:\/\/xstyle.md\/product\/nozh-boker-plus-lrf-damast\/#primaryimage"},"thumbnailUrl":"https:\/\/xstyle.md\/wp-content\/uploads\/2022\/12\/boker-plus-lrf-damast-rotated.jpg","datePublished":"2022-12-06T09:52:57+00:00","dateModified":"2025-10-24T09:24:07+00:00","description":"Cu\u021bitul Boker Plus LRF Damast - un instrument stilat \u0219i de \u00eencredere, cu lam\u0103 din o\u021bel damasc \u0219i inser\u021bii din fibr\u0103 de carbon. Ideal pentru adev\u0103ra\u021bii cunosc\u0103tori!","breadcrumb":{"@id":"https:\/\/xstyle.md\/product\/nozh-boker-plus-lrf-damast\/#breadcrumb"},"inLanguage":"ro-RO","potentialAction":[{"@type":"ReadAction","target":["https:\/\/xstyle.md\/product\/nozh-boker-plus-lrf-damast\/"]}]},{"@type":"ImageObject","inLanguage":"ro-RO","@id":"https:\/\/xstyle.md\/product\/nozh-boker-plus-lrf-damast\/#primaryimage","url":"https:\/\/xstyle.md\/wp-content\/uploads\/2022\/12\/boker-plus-lrf-damast-rotated.jpg","contentUrl":"https:\/\/xstyle.md\/wp-content\/uploads\/2022\/12\/boker-plus-lrf-damast-rotated.jpg","width":1920,"height":1920,"caption":"\u0422\u0440\u043e\u0442\u0438\u043b \u0434\u043b\u044f \u0430\u043a\u0442\u0438\u0432\u043d\u043e\u0433\u043e \u043e\u0442\u0434\u044b\u0445\u0430 \u043d\u043e\u0436 Boker Plus LRF Damast \u043f\u043e\u0445\u043e\u0434\u043d\u0430\u044f \u044d\u043a\u0438\u043f\u0438\u0440\u043e\u0432\u043a\u0430 \u0434\u043b\u044f \u0442\u0443\u0440\u0438\u0437\u043c\u0430 \u0438 \u0430\u043b\u044c\u043f\u0438\u043d\u0438\u0437\u043c\u0430 \u0434\u043b\u044f \u043e\u043d\u043b\u0430\u0439\u043d-\u043c\u0430\u0433\u0430\u0437\u0438\u043d\u0430 \u0442\u043e\u0432\u0430\u0440\u043e\u0432 \u0434\u043b\u044f \u043f\u0443\u0442\u0435\u0448\u0435\u0441\u0442\u0432\u0438\u0439 \u0438 \u0430\u043a\u0442\u0438\u0432\u043d\u043e\u0433\u043e \u043e\u0431\u0440\u0430\u0437\u0430 \u0436\u0438\u0437\u043d\u0438"},{"@type":"BreadcrumbList","@id":"https:\/\/xstyle.md\/product\/nozh-boker-plus-lrf-damast\/#breadcrumb","itemListElement":[{"@type":"ListItem","position":1,"name":"\u0413\u043b\u0430\u0432\u043d\u0430\u044f \u0441\u0442\u0440\u0430\u043d\u0438\u0446\u0430","item":"https:\/\/xstyle.md\/"},{"@type":"ListItem","position":2,"name":"\u041c\u0430\u0433\u0430\u0437\u0438\u043d","item":"https:\/\/xstyle.md\/shop\/"},{"@type":"ListItem","position":3,"name":"\u041d\u043e\u0436 Boker Plus LRF Damast"}]},{"@type":"WebSite","@id":"https:\/\/xstyle.md\/#website","url":"https:\/\/xstyle.md\/","name":"Magazinul X-Style","description":"Echipamente pentru turism \u0219i sporturi extreme \u00een Moldova. Pre\u021buri, fotografii, caracteristici \u00een Moldova.","publisher":{"@id":"https:\/\/xstyle.md\/#organization"},"alternateName":"X-Style","potentialAction":[{"@type":"SearchAction","target":{"@type":"EntryPoint","urlTemplate":"https:\/\/xstyle.md\/?s={search_term_string}"},"query-input":{"@type":"PropertyValueSpecification","valueRequired":true,"valueName":"search_term_string"}}],"inLanguage":"ro-RO"},{"@type":"Organization","@id":"https:\/\/xstyle.md\/#organization","name":"Magazinul X-Style","alternateName":"x-style","url":"https:\/\/xstyle.md\/","logo":{"@type":"ImageObject","inLanguage":"ro-RO","@id":"https:\/\/xstyle.md\/#\/schema\/logo\/image\/","url":"https:\/\/xstyle.md\/wp-content\/uploads\/2020\/06\/logoicon.svg","contentUrl":"https:\/\/xstyle.md\/wp-content\/uploads\/2020\/06\/logoicon.svg","caption":"\u041c\u0430\u0433\u0430\u0437\u0438\u043d Xstyle"},"image":{"@id":"https:\/\/xstyle.md\/#\/schema\/logo\/image\/"},"sameAs":["https:\/\/www.facebook.com\/xstylemd","https:\/\/www.instagram.com\/xstyle_md\/","https:\/\/t.me\/xstyle_outdoor"],"hasMerchantReturnPolicy":{"@type":"MerchantReturnPolicy","merchantReturnLink":"https:\/\/xstyle.md\/ro\/conditions\/"}}]},"product_price_amount":"3490.00","product_price_currency":"MDL","og_availability":"instock","product_availability":"instock","product_retailer_item_id":"4045011233265","product_condition":"new"},"_links":{"self":[{"href":"https:\/\/xstyle.md\/ro\/wp-json\/wp\/v2\/product\/60371","targetHints":{"allow":["GET"]}}],"collection":[{"href":"https:\/\/xstyle.md\/ro\/wp-json\/wp\/v2\/product"}],"about":[{"href":"https:\/\/xstyle.md\/ro\/wp-json\/wp\/v2\/types\/product"}],"replies":[{"embeddable":true,"href":"https:\/\/xstyle.md\/ro\/wp-json\/wp\/v2\/comments?post=60371"}],"wp:featuredmedia":[{"embeddable":true,"href":"https:\/\/xstyle.md\/ro\/wp-json\/wp\/v2\/media\/60849"}],"wp:attachment":[{"href":"https:\/\/xstyle.md\/ro\/wp-json\/wp\/v2\/media?parent=60371"}],"wp:term":[{"taxonomy":"product_brand","embeddable":true,"href":"https:\/\/xstyle.md\/ro\/wp-json\/wp\/v2\/product_brand?post=60371"},{"taxonomy":"product_cat","embeddable":true,"href":"https:\/\/xstyle.md\/ro\/wp-json\/wp\/v2\/product_cat?post=60371"},{"taxonomy":"product_tag","embeddable":true,"href":"https:\/\/xstyle.md\/ro\/wp-json\/wp\/v2\/product_tag?post=60371"}],"curies":[{"name":"wp","href":"https:\/\/api.w.org\/{rel}","templated":true}]}}