{"id":59396,"date":"2022-11-17T20:10:23","date_gmt":"2022-11-17T17:10:23","guid":{"rendered":"https:\/\/xstyle.md\/?post_type=product&#038;p=59396"},"modified":"2025-04-04T11:45:29","modified_gmt":"2025-04-04T08:45:29","slug":"zhiletka-rab-mythic-mns-graphene","status":"publish","type":"product","link":"https:\/\/xstyle.md\/ro\/produs\/zhiletka-rab-mythic-mns-graphene\/","title":{"rendered":"Vest\u0103 Rab Mythic Down Vest Mns graphene"},"content":{"rendered":"<\/p>\n<p><strong>Rab Mythic graphene<\/strong> &#8212; vesta multifunc\u021bional\u0103 \u0219i c\u0103lduroas\u0103 v\u0103 las\u0103 m\u00e2inile libere pentru c\u0103\u021b\u0103rare, ideal\u0103 pentru alpinismul de iarn\u0103.<\/p>\n<p>Construc\u021bia ultrau\u0219oar\u0103, cea mai bun\u0103 izola\u021bie cu un grad ridicat de izolare \u0219i tehnologia de cartografiere corporal\u0103 confer\u0103 acestei veste din puf un raport c\u0103ldur\u0103-greutate extrem de ridicat. Umplutura sintetic\u0103 Stratus\u2122 nu numai c\u0103 v\u0103 \u021bine de cald, dar ofer\u0103 \u0219i o respirabilitate de \u00eenalt\u0103 performan\u021b\u0103 \u00een timpul mi\u0219c\u0103rilor rapide. Iar izola\u021bia PrimaLoft\u00ae Gold este ideal\u0103 pentru umerii care pot fi expu\u0219i la vremea capricioas\u0103 sau care trebuie s\u0103 reziste la abraziunea curelelor grele ale rucsacului.<\/p>\n<p>Stratul exterior \u0219i c\u0103ptu\u0219eala durabil\u0103 \u0219i u\u0219oar\u0103 Pertex\u00ae Quantum \u0219i c\u0103ptu\u0219eala sunt realizate din material ripstop care previne ruperea \u0219i nu se zg\u00e2rie cu pietre \u0219i ghea\u021b\u0103. Aceast\u0103 \u021bes\u0103tur\u0103 100% reciclat\u0103, cu un strat DWR f\u0103r\u0103 fluorocarbon, protejeaz\u0103 \u00eempotriva ploii \u0219i z\u0103pezii, iar construc\u021bia u\u0219oar\u0103 transparent\u0103 nu numai c\u0103 reduce greutatea, dar ofer\u0103 \u0219i o respirabilitate suplimentar\u0103. Forma sub\u021bire, volumul redus \u0219i compresibilitatea ridicat\u0103 \u00eel fac u\u0219or de ascuns \u00eentr-un rucsac sau de pus sub alte echipamente. Atunci c\u00e2nd temperaturile scad \u0219i ave\u021bi nevoie de mobilitate total\u0103, aceast\u0103 vest\u0103 de \u00eenalt\u0103 performan\u021b\u0103 nu v\u0103 va dezam\u0103gi.<\/p>\n<h3>Particularit\u0103\u021bi<\/h3>\n<ul>\n<li>Construc\u021bie u\u0219oar\u0103 \u0219i transparent\u0103 pentru mobilitate optim\u0103<\/li>\n<li>G\u00e2turi de bra\u021b par\u021bial elastice pentru o mai bun\u0103 potrivire \u0219i confort<\/li>\n<li>Fermoar central frontal YKK\u00ae u\u0219or<\/li>\n<li>2 buzunare ascunse pentru m\u00e2ini cu fermoare YKK\u00ae.<\/li>\n<li>Ajustare u\u0219oar\u0103 cu o singur\u0103 direc\u021bie a tivului la spate cu o curea anti-\u00een\u021bep\u0103tur\u0103<\/li>\n<li>Se livreaz\u0103 cu o geant\u0103 u\u0219oar\u0103 de tip duffle bag.<\/li>\n<\/ul>\n<h3>Caracteristici<\/h3>\n<ul>\n<li>Material &#8212; 100% poliester<\/li>\n<li>Izola\u021bie &#8212; Stratus\u2122 900 Fill Power + Nikwax<\/li>\n<li>Membran\u0103 &#8212; Pertex\u00ae Quantum<\/li>\n<li>Model - b\u0103rba\u021bi.<\/li>\n<\/ul>\n<h3>Tehnologie<\/h3>\n<ul>\n<li><strong>Stratus<\/strong>\u2122 &#8212; o izola\u021bie sintetic\u0103 cald\u0103, flexibil\u0103 \u0219i cu uscare rapid\u0103, care ofer\u0103 performan\u021be excelente la temperaturi sub zero grade \u0219i \u00een condi\u021bii de umiditate. U\u0219or \u0219i eficient, este perfect pentru urm\u0103toarea ta ascensiune montan\u0103.<\/li>\n<li><strong>Primaloft<\/strong>\u00ae <strong>Gold<\/strong> &#8212; este o izola\u021bie de referin\u021b\u0103 care vine \u00een ajutor \u00een cele mai extreme condi\u021bii. Microfibrele re\u021bin c\u0103ldura \u00een interiorul materialului, p\u0103str\u00e2nd aceast\u0103 proprietate cu p\u00e2n\u0103 la 98% atunci c\u00e2nd este umed. \u00cen plus, izola\u021bia se caracterizeaz\u0103 prin moliciune, respirabilitate \u0219i u\u0219urin\u021b\u0103 de \u00eempachetare de neegalat.<\/li>\n<li><strong>Pertex<\/strong>\u00ae<strong>Cuantum<\/strong> &#8212; o membran\u0103 \u021besut\u0103 din fire incredibil de fine, care se caracterizeaz\u0103 printr-o rezisten\u021b\u0103 relativ\u0103 ridicat\u0103. Moliciunea excep\u021bional\u0103 a acestui material permite ca izola\u021bia din puf sau sintetic\u0103 s\u0103 ocupe \u00eentregul s\u0103u volum, \u00een timp ce \u021bes\u0103tura dens\u0103 \u00eempiedic\u0103 fibrele de izola\u021bie s\u0103 p\u0103trund\u0103 prin \u021bes\u0103tur\u0103.<\/li>\n<li><strong>Fill Power<\/strong> &#8212; O caracteristic\u0103 care descrie capacitatea unei mase limitate de puf de a umple un anumit volum. Semnifica\u021bia fizic\u0103 a puterii de umplere este volumul \u00een centimetri cubi ocupat de o uncie de puf. Cu c\u00e2t este mai mare puterea de umplere, cu at\u00e2t este mai mare calitatea pufului. Hainele de exterior folosesc puf cu o valoare Fill Power de cel pu\u021bin 550 de unit\u0103\u021bi, \u00een timp ce un puf bun este considerat a avea o valoare Fill Power de 650 de unit\u0103\u021bi sau mai mare. Puful cu valori Fill Power ridicate se caracterizeaz\u0103 nu numai printr-un volum mare pe unitate de greutate, ci \u0219i printr-o rezisten\u021b\u0103 termic\u0103 mai mic\u0103 pe unitate de grosime dec\u00e2t valorile standard.<\/li>\n<li><strong>YKK\u00ae<\/strong> \u2013 fermoare de \u00eenalt\u0103 calitate fabricate de compania japonez\u0103 YKK Group, certificate pentru conformitatea cu standardele interna\u021bionale. Rezistente la sarcini de for\u021b\u0103 mare \u0219i la coroziune. Sunt utilizate \u00een produse cu cel mai \u00eenalt grad de fiabilitate.<\/li>\n<\/ul>\n<h3>Marca<\/h3>\n<p>Rab \u2014 un produc\u0103tor britanic de \u00eembr\u0103c\u0103minte \u0219i echipament pentru alpinism, al c\u0103rui punct forte este \u00eembr\u0103c\u0103mintea sportiv\u0103 de \u00eenalt\u0103 calitate \u0219i tehnologic avansat\u0103, izola\u021bia din puf \u0219i chestii pentru cap. Balaclavele acestui produc\u0103tor, de exemplu, sunt unele dintre cele mai bune exemple de pe pia\u021b\u0103, sacii de dormit se remarc\u0103 prin chibzuin\u021b\u0103.<\/p>\n<p>Compania a fost fondat\u0103 \u00een 1981 de alpinistul Rab Carrington. Baz\u00e2ndu-se pe propria sa experien\u021b\u0103 \u00een expedi\u021bii numeroase, Carrington a conceput ideea unui program ambi\u021bios pentru a asigura confort, protec\u021bie, \u0219 i libertate \u00een muni\u021bie, tobe \u0219 i alpinism.<\/p>\n<p>Gecile, sacii de dormit \u0219i \u00eembr\u0103c\u0103mintea de expedi\u021bie Rab sunt fabricate din puf de g\u00e2sc\u0103 \u0219i ra\u021b\u0103 certificate de c\u0103tre Responsible Down. Un tratament hidrofug f\u0103r\u0103 fluorocarbon numit Nikwax este, de asemenea, folosit \u00een \u00eembr\u0103c\u0103minte \u0219i saci de dormit pentru a preveni \u00eengreunarea lor \u00een ap\u0103. \u00cen plus, pentru izola\u021bie se folosesc materiale sintetice de \u00eenalt\u0103 calitate. \u00cembr\u0103c\u0103mintea Rab a devenit &#171;sinonim cu produsele de calitate superioar\u0103 fabricate din puf&#187;.<\/p>\n<p><\/p>","protected":false},"excerpt":{"rendered":"","protected":false},"featured_media":60038,"comment_status":"open","ping_status":"closed","template":"","meta":{"_acf_changed":false,"inline_featured_image":false},"product_brand":[1442],"product_cat":[444],"product_tag":[],"class_list":{"0":"post-59396","1":"product","2":"type-product","3":"status-publish","4":"has-post-thumbnail","6":"product_brand-rab","7":"product_cat-vesta-scurta-barbati","9":"first","10":"instock","11":"shipping-taxable","12":"purchasable","13":"product-type-simple"},"acf":[],"yoast_head":"<!-- This site is optimized with the Yoast SEO plugin v27.4 - https:\/\/yoast.com\/product\/yoast-seo-wordpress\/ -->\n<title>\u0416\u0438\u043b\u0435\u0442\u043a\u0430 Rab Mythic Down Vest Mns graphene - \u041c\u0430\u0433\u0430\u0437\u0438\u043d Xstyle<\/title>\n<meta name=\"description\" content=\"\u041e\u0442\u043a\u0440\u043e\u0439\u0442\u0435 \u0434\u043b\u044f \u0441\u0435\u0431\u044f \u0436\u0438\u043b\u0435\u0442\u043a\u0443 Rab Mythic \u0441 \u0433\u0440\u0430\u0444\u0435\u043d\u043e\u043c \u2014 \u043b\u0435\u0433\u043a\u0443\u044e, \u0442\u0435\u043f\u043b\u0443\u044e \u0438 \u043f\u0440\u043e\u0447\u043d\u0443\u044e. \u0418\u0434\u0435\u0430\u043b\u044c\u043d\u0430 \u0434\u043b\u044f \u0430\u043b\u044c\u043f\u0438\u043d\u0438\u0437\u043c\u0430, \u043e\u0431\u0435\u0441\u043f\u0435\u0447\u0438\u0432\u0430\u044f \u0441\u0432\u043e\u0431\u043e\u0434\u0443 \u0434\u0432\u0438\u0436\u0435\u043d\u0438\u0439 \u0438 \u043a\u043e\u043c\u0444\u043e\u0440\u0442 \u043d\u0430 \u043f\u0440\u0438\u0440\u043e\u0434\u0435.\" \/>\n<meta name=\"robots\" content=\"index, follow, max-snippet:-1, max-image-preview:large, max-video-preview:-1\" \/>\n<link rel=\"canonical\" href=\"https:\/\/xstyle.md\/ro\/produs\/zhiletka-rab-mythic-mns-graphene\/\" \/>\n<meta property=\"og:locale\" content=\"ro_RO\" \/>\n<meta property=\"og:type\" content=\"article\" \/>\n<meta property=\"og:title\" content=\"\u0416\u0438\u043b\u0435\u0442\u043a\u0430 Rab Mythic Down Vest Mns graphene - \u041c\u0430\u0433\u0430\u0437\u0438\u043d Xstyle\" \/>\n<meta property=\"og:description\" content=\"\u041e\u0442\u043a\u0440\u043e\u0439\u0442\u0435 \u0434\u043b\u044f \u0441\u0435\u0431\u044f \u0436\u0438\u043b\u0435\u0442\u043a\u0443 Rab Mythic \u0441 \u0433\u0440\u0430\u0444\u0435\u043d\u043e\u043c \u2014 \u043b\u0435\u0433\u043a\u0443\u044e, \u0442\u0435\u043f\u043b\u0443\u044e \u0438 \u043f\u0440\u043e\u0447\u043d\u0443\u044e. \u0418\u0434\u0435\u0430\u043b\u044c\u043d\u0430 \u0434\u043b\u044f \u0430\u043b\u044c\u043f\u0438\u043d\u0438\u0437\u043c\u0430, \u043e\u0431\u0435\u0441\u043f\u0435\u0447\u0438\u0432\u0430\u044f \u0441\u0432\u043e\u0431\u043e\u0434\u0443 \u0434\u0432\u0438\u0436\u0435\u043d\u0438\u0439 \u0438 \u043a\u043e\u043c\u0444\u043e\u0440\u0442 \u043d\u0430 \u043f\u0440\u0438\u0440\u043e\u0434\u0435.\" \/>\n<meta property=\"og:url\" content=\"https:\/\/xstyle.md\/ro\/produs\/zhiletka-rab-mythic-mns-graphene\/\" \/>\n<meta property=\"og:site_name\" content=\"\u041c\u0430\u0433\u0430\u0437\u0438\u043d Xstyle\" \/>\n<meta property=\"article:publisher\" content=\"https:\/\/www.facebook.com\/xstylemd\" \/>\n<meta property=\"article:modified_time\" content=\"2025-04-04T08:45:29+00:00\" \/>\n<meta property=\"og:image\" content=\"https:\/\/xstyle.md\/wp-content\/uploads\/2022\/11\/rab-mythic-mns-graphene.jpg\" \/>\n\t<meta property=\"og:image:width\" content=\"1664\" \/>\n\t<meta property=\"og:image:height\" content=\"1652\" \/>\n\t<meta property=\"og:image:type\" content=\"image\/jpeg\" \/>\n<meta name=\"twitter:card\" content=\"summary_large_image\" \/>\n<meta name=\"twitter:label1\" content=\"Pre\u021b\" \/>\n\t<meta name=\"twitter:data1\" content=\"3.190&nbsp;MDL\" \/>\n\t<meta name=\"twitter:label2\" content=\"Disponibilitate\" \/>\n\t<meta name=\"twitter:data2\" content=\"\u00cen stoc\" \/>\n<script type=\"application\/ld+json\" class=\"yoast-schema-graph\">{\"@context\":\"https:\\\/\\\/schema.org\",\"@graph\":[{\"@type\":\"WebPage\",\"@id\":\"https:\\\/\\\/xstyle.md\\\/product\\\/zhiletka-rab-mythic-mns-graphene\\\/\",\"url\":\"https:\\\/\\\/xstyle.md\\\/product\\\/zhiletka-rab-mythic-mns-graphene\\\/\",\"name\":\"\u0416\u0438\u043b\u0435\u0442\u043a\u0430 Rab Mythic Down Vest Mns graphene - \u041c\u0430\u0433\u0430\u0437\u0438\u043d Xstyle\",\"isPartOf\":{\"@id\":\"https:\\\/\\\/xstyle.md\\\/#website\"},\"primaryImageOfPage\":{\"@id\":\"https:\\\/\\\/xstyle.md\\\/product\\\/zhiletka-rab-mythic-mns-graphene\\\/#primaryimage\"},\"image\":{\"@id\":\"https:\\\/\\\/xstyle.md\\\/product\\\/zhiletka-rab-mythic-mns-graphene\\\/#primaryimage\"},\"thumbnailUrl\":\"https:\\\/\\\/xstyle.md\\\/wp-content\\\/uploads\\\/2022\\\/11\\\/rab-mythic-mns-graphene.jpg\",\"datePublished\":\"2022-11-17T17:10:23+00:00\",\"dateModified\":\"2025-04-04T08:45:29+00:00\",\"description\":\"\u041e\u0442\u043a\u0440\u043e\u0439\u0442\u0435 \u0434\u043b\u044f \u0441\u0435\u0431\u044f \u0436\u0438\u043b\u0435\u0442\u043a\u0443 Rab Mythic \u0441 \u0433\u0440\u0430\u0444\u0435\u043d\u043e\u043c \u2014 \u043b\u0435\u0433\u043a\u0443\u044e, \u0442\u0435\u043f\u043b\u0443\u044e \u0438 \u043f\u0440\u043e\u0447\u043d\u0443\u044e. \u0418\u0434\u0435\u0430\u043b\u044c\u043d\u0430 \u0434\u043b\u044f \u0430\u043b\u044c\u043f\u0438\u043d\u0438\u0437\u043c\u0430, \u043e\u0431\u0435\u0441\u043f\u0435\u0447\u0438\u0432\u0430\u044f \u0441\u0432\u043e\u0431\u043e\u0434\u0443 \u0434\u0432\u0438\u0436\u0435\u043d\u0438\u0439 \u0438 \u043a\u043e\u043c\u0444\u043e\u0440\u0442 \u043d\u0430 \u043f\u0440\u0438\u0440\u043e\u0434\u0435.\",\"breadcrumb\":{\"@id\":\"https:\\\/\\\/xstyle.md\\\/product\\\/zhiletka-rab-mythic-mns-graphene\\\/#breadcrumb\"},\"inLanguage\":\"ro-RO\",\"potentialAction\":[{\"@type\":\"ReadAction\",\"target\":[\"https:\\\/\\\/xstyle.md\\\/product\\\/zhiletka-rab-mythic-mns-graphene\\\/\"]}]},{\"@type\":\"ImageObject\",\"inLanguage\":\"ro-RO\",\"@id\":\"https:\\\/\\\/xstyle.md\\\/product\\\/zhiletka-rab-mythic-mns-graphene\\\/#primaryimage\",\"url\":\"https:\\\/\\\/xstyle.md\\\/wp-content\\\/uploads\\\/2022\\\/11\\\/rab-mythic-mns-graphene.jpg\",\"contentUrl\":\"https:\\\/\\\/xstyle.md\\\/wp-content\\\/uploads\\\/2022\\\/11\\\/rab-mythic-mns-graphene.jpg\",\"width\":1664,\"height\":1652,\"caption\":\"\u0422\u0435\u043f\u043b\u0430\u044f \u0436\u0438\u043b\u0435\u0442\u043a\u0430 Rab Mythic Down Vest Mns graphene \u0434\u043b\u044f \u0430\u043a\u0442\u0438\u0432\u043d\u043e\u0433\u043e \u043e\u0442\u0434\u044b\u0445\u0430, \u043f\u043e\u0445\u043e\u0434\u043e\u0432 \u0438 \u043f\u0443\u0442\u0435\u0448\u0435\u0441\u0442\u0432\u0438\u0439, \u044d\u043a\u0438\u043f\u0438\u0440\u043e\u0432\u043a\u0430 \u0434\u043b\u044f \u0430\u043b\u044c\u043f\u0438\u043d\u0438\u0437\u043c\u0430 \u0438 \u0433\u043e\u0440\u043d\u043e\u0433\u043e \u0442\u0443\u0440\u0438\u0437\u043c\u0430\"},{\"@type\":\"BreadcrumbList\",\"@id\":\"https:\\\/\\\/xstyle.md\\\/product\\\/zhiletka-rab-mythic-mns-graphene\\\/#breadcrumb\",\"itemListElement\":[{\"@type\":\"ListItem\",\"position\":1,\"name\":\"\u0413\u043b\u0430\u0432\u043d\u0430\u044f \u0441\u0442\u0440\u0430\u043d\u0438\u0446\u0430\",\"item\":\"https:\\\/\\\/xstyle.md\\\/\"},{\"@type\":\"ListItem\",\"position\":2,\"name\":\"\u041c\u0430\u0433\u0430\u0437\u0438\u043d\",\"item\":\"https:\\\/\\\/xstyle.md\\\/shop\\\/\"},{\"@type\":\"ListItem\",\"position\":3,\"name\":\"\u0416\u0438\u043b\u0435\u0442\u043a\u0430 Rab Mythic Down Vest Mns graphene\"}]},{\"@type\":\"WebSite\",\"@id\":\"https:\\\/\\\/xstyle.md\\\/#website\",\"url\":\"https:\\\/\\\/xstyle.md\\\/\",\"name\":\"\u041c\u0430\u0433\u0430\u0437\u0438\u043d Xstyle\",\"description\":\"C\u043d\u0430\u0440\u044f\u0436\u0435\u043d\u0438\u0435 \u0434\u043b\u044f \u0442\u0443\u0440\u0438\u0437\u043c\u0430 \u0438 \u044d\u043a\u0441\u0442\u0440\u0435\u043c\u0430\u043b\u044c\u043d\u044b\u0445 \u0432\u0438\u0434\u043e\u0432 \u0441\u043f\u043e\u0440\u0442\u0430 \u0432 \u041c\u043e\u043b\u0434\u043e\u0432\u0435.. \u0426\u0435\u043d\u044b, \u0444\u043e\u0442\u043e, \u0445\u0430\u0440\u0430\u043a\u0442\u0435\u0440\u0438\u0441\u0442\u0438\u043a\u0438 \u0432 \u041c\u043e\u043b\u0434\u043e\u0432\u0435.\",\"publisher\":{\"@id\":\"https:\\\/\\\/xstyle.md\\\/#organization\"},\"alternateName\":\"X-Style\",\"potentialAction\":[{\"@type\":\"SearchAction\",\"target\":{\"@type\":\"EntryPoint\",\"urlTemplate\":\"https:\\\/\\\/xstyle.md\\\/?s={search_term_string}\"},\"query-input\":{\"@type\":\"PropertyValueSpecification\",\"valueRequired\":true,\"valueName\":\"search_term_string\"}}],\"inLanguage\":\"ro-RO\"},{\"@type\":\"Organization\",\"@id\":\"https:\\\/\\\/xstyle.md\\\/#organization\",\"name\":\"\u041c\u0430\u0433\u0430\u0437\u0438\u043d Xstyle\",\"alternateName\":\"x-style\",\"url\":\"https:\\\/\\\/xstyle.md\\\/\",\"logo\":{\"@type\":\"ImageObject\",\"inLanguage\":\"ro-RO\",\"@id\":\"https:\\\/\\\/xstyle.md\\\/#\\\/schema\\\/logo\\\/image\\\/\",\"url\":\"https:\\\/\\\/xstyle.md\\\/wp-content\\\/uploads\\\/2020\\\/06\\\/logoicon.svg\",\"contentUrl\":\"https:\\\/\\\/xstyle.md\\\/wp-content\\\/uploads\\\/2020\\\/06\\\/logoicon.svg\",\"caption\":\"\u041c\u0430\u0433\u0430\u0437\u0438\u043d Xstyle\"},\"image\":{\"@id\":\"https:\\\/\\\/xstyle.md\\\/#\\\/schema\\\/logo\\\/image\\\/\"},\"sameAs\":[\"https:\\\/\\\/www.facebook.com\\\/xstylemd\",\"https:\\\/\\\/www.instagram.com\\\/xstyle_md\\\/\",\"https:\\\/\\\/t.me\\\/xstyle_outdoor\"],\"hasMerchantReturnPolicy\":{\"@type\":\"MerchantReturnPolicy\",\"merchantReturnLink\":\"https:\\\/\\\/xstyle.md\\\/ro\\\/conditions\\\/\"}}]}<\/script>\n<meta property=\"product:price:amount\" content=\"3190.00\" \/>\n<meta property=\"product:price:currency\" content=\"MDL\" \/>\n<meta property=\"og:availability\" content=\"instock\" \/>\n<meta property=\"product:availability\" content=\"instock\" \/>\n<meta property=\"product:retailer_item_id\" content=\"5059913012421\" \/>\n<meta property=\"product:condition\" content=\"new\" \/>\n<!-- \/ Yoast SEO plugin. -->","yoast_head_json":{"title":"\u0416\u0438\u043b\u0435\u0442\u043a\u0430 Rab Mythic Down Vest Mns graphene - \u041c\u0430\u0433\u0430\u0437\u0438\u043d Xstyle","description":"Descoperi\u021bi vestea Rab Mythic cu grafen \u2014 u\u0219oar\u0103, c\u0103lduroas\u0103 \u0219i rezistent\u0103. Este ideal\u0103 pentru alpinism, oferind libertate de mi\u0219care \u0219i confort \u00een natur\u0103.","robots":{"index":"index","follow":"follow","max-snippet":"max-snippet:-1","max-image-preview":"max-image-preview:large","max-video-preview":"max-video-preview:-1"},"canonical":"https:\/\/xstyle.md\/ro\/produs\/zhiletka-rab-mythic-mns-graphene\/","og_locale":"ro_RO","og_type":"article","og_title":"\u0416\u0438\u043b\u0435\u0442\u043a\u0430 Rab Mythic Down Vest Mns graphene - \u041c\u0430\u0433\u0430\u0437\u0438\u043d Xstyle","og_description":"\u041e\u0442\u043a\u0440\u043e\u0439\u0442\u0435 \u0434\u043b\u044f \u0441\u0435\u0431\u044f \u0436\u0438\u043b\u0435\u0442\u043a\u0443 Rab Mythic \u0441 \u0433\u0440\u0430\u0444\u0435\u043d\u043e\u043c \u2014 \u043b\u0435\u0433\u043a\u0443\u044e, \u0442\u0435\u043f\u043b\u0443\u044e \u0438 \u043f\u0440\u043e\u0447\u043d\u0443\u044e. \u0418\u0434\u0435\u0430\u043b\u044c\u043d\u0430 \u0434\u043b\u044f \u0430\u043b\u044c\u043f\u0438\u043d\u0438\u0437\u043c\u0430, \u043e\u0431\u0435\u0441\u043f\u0435\u0447\u0438\u0432\u0430\u044f \u0441\u0432\u043e\u0431\u043e\u0434\u0443 \u0434\u0432\u0438\u0436\u0435\u043d\u0438\u0439 \u0438 \u043a\u043e\u043c\u0444\u043e\u0440\u0442 \u043d\u0430 \u043f\u0440\u0438\u0440\u043e\u0434\u0435.","og_url":"https:\/\/xstyle.md\/ro\/produs\/zhiletka-rab-mythic-mns-graphene\/","og_site_name":"\u041c\u0430\u0433\u0430\u0437\u0438\u043d Xstyle","article_publisher":"https:\/\/www.facebook.com\/xstylemd","article_modified_time":"2025-04-04T08:45:29+00:00","og_image":[{"width":1664,"height":1652,"url":"https:\/\/xstyle.md\/wp-content\/uploads\/2022\/11\/rab-mythic-mns-graphene.jpg","type":"image\/jpeg"}],"twitter_card":"summary_large_image","twitter_misc":{"Pre\u021b":"3.190&nbsp;MDL","Disponibilitate":"\u00cen stoc"},"schema":{"@context":"https:\/\/schema.org","@graph":[{"@type":"WebPage","@id":"https:\/\/xstyle.md\/product\/zhiletka-rab-mythic-mns-graphene\/","url":"https:\/\/xstyle.md\/product\/zhiletka-rab-mythic-mns-graphene\/","name":"\u0416\u0438\u043b\u0435\u0442\u043a\u0430 Rab Mythic Down Vest Mns graphene - \u041c\u0430\u0433\u0430\u0437\u0438\u043d Xstyle","isPartOf":{"@id":"https:\/\/xstyle.md\/#website"},"primaryImageOfPage":{"@id":"https:\/\/xstyle.md\/product\/zhiletka-rab-mythic-mns-graphene\/#primaryimage"},"image":{"@id":"https:\/\/xstyle.md\/product\/zhiletka-rab-mythic-mns-graphene\/#primaryimage"},"thumbnailUrl":"https:\/\/xstyle.md\/wp-content\/uploads\/2022\/11\/rab-mythic-mns-graphene.jpg","datePublished":"2022-11-17T17:10:23+00:00","dateModified":"2025-04-04T08:45:29+00:00","description":"Descoperi\u021bi vestea Rab Mythic cu grafen \u2014 u\u0219oar\u0103, c\u0103lduroas\u0103 \u0219i rezistent\u0103. Este ideal\u0103 pentru alpinism, oferind libertate de mi\u0219care \u0219i confort \u00een natur\u0103.","breadcrumb":{"@id":"https:\/\/xstyle.md\/product\/zhiletka-rab-mythic-mns-graphene\/#breadcrumb"},"inLanguage":"ro-RO","potentialAction":[{"@type":"ReadAction","target":["https:\/\/xstyle.md\/product\/zhiletka-rab-mythic-mns-graphene\/"]}]},{"@type":"ImageObject","inLanguage":"ro-RO","@id":"https:\/\/xstyle.md\/product\/zhiletka-rab-mythic-mns-graphene\/#primaryimage","url":"https:\/\/xstyle.md\/wp-content\/uploads\/2022\/11\/rab-mythic-mns-graphene.jpg","contentUrl":"https:\/\/xstyle.md\/wp-content\/uploads\/2022\/11\/rab-mythic-mns-graphene.jpg","width":1664,"height":1652,"caption":"\u0422\u0435\u043f\u043b\u0430\u044f \u0436\u0438\u043b\u0435\u0442\u043a\u0430 Rab Mythic Down Vest Mns graphene \u0434\u043b\u044f \u0430\u043a\u0442\u0438\u0432\u043d\u043e\u0433\u043e \u043e\u0442\u0434\u044b\u0445\u0430, \u043f\u043e\u0445\u043e\u0434\u043e\u0432 \u0438 \u043f\u0443\u0442\u0435\u0448\u0435\u0441\u0442\u0432\u0438\u0439, \u044d\u043a\u0438\u043f\u0438\u0440\u043e\u0432\u043a\u0430 \u0434\u043b\u044f \u0430\u043b\u044c\u043f\u0438\u043d\u0438\u0437\u043c\u0430 \u0438 \u0433\u043e\u0440\u043d\u043e\u0433\u043e \u0442\u0443\u0440\u0438\u0437\u043c\u0430"},{"@type":"BreadcrumbList","@id":"https:\/\/xstyle.md\/product\/zhiletka-rab-mythic-mns-graphene\/#breadcrumb","itemListElement":[{"@type":"ListItem","position":1,"name":"\u0413\u043b\u0430\u0432\u043d\u0430\u044f \u0441\u0442\u0440\u0430\u043d\u0438\u0446\u0430","item":"https:\/\/xstyle.md\/"},{"@type":"ListItem","position":2,"name":"\u041c\u0430\u0433\u0430\u0437\u0438\u043d","item":"https:\/\/xstyle.md\/shop\/"},{"@type":"ListItem","position":3,"name":"\u0416\u0438\u043b\u0435\u0442\u043a\u0430 Rab Mythic Down Vest Mns graphene"}]},{"@type":"WebSite","@id":"https:\/\/xstyle.md\/#website","url":"https:\/\/xstyle.md\/","name":"Magazinul X-Style","description":"Echipamente pentru turism \u0219i sporturi extreme \u00een Moldova. Pre\u021buri, fotografii, caracteristici \u00een Moldova.","publisher":{"@id":"https:\/\/xstyle.md\/#organization"},"alternateName":"X-Style","potentialAction":[{"@type":"SearchAction","target":{"@type":"EntryPoint","urlTemplate":"https:\/\/xstyle.md\/?s={search_term_string}"},"query-input":{"@type":"PropertyValueSpecification","valueRequired":true,"valueName":"search_term_string"}}],"inLanguage":"ro-RO"},{"@type":"Organization","@id":"https:\/\/xstyle.md\/#organization","name":"Magazinul X-Style","alternateName":"x-style","url":"https:\/\/xstyle.md\/","logo":{"@type":"ImageObject","inLanguage":"ro-RO","@id":"https:\/\/xstyle.md\/#\/schema\/logo\/image\/","url":"https:\/\/xstyle.md\/wp-content\/uploads\/2020\/06\/logoicon.svg","contentUrl":"https:\/\/xstyle.md\/wp-content\/uploads\/2020\/06\/logoicon.svg","caption":"\u041c\u0430\u0433\u0430\u0437\u0438\u043d Xstyle"},"image":{"@id":"https:\/\/xstyle.md\/#\/schema\/logo\/image\/"},"sameAs":["https:\/\/www.facebook.com\/xstylemd","https:\/\/www.instagram.com\/xstyle_md\/","https:\/\/t.me\/xstyle_outdoor"],"hasMerchantReturnPolicy":{"@type":"MerchantReturnPolicy","merchantReturnLink":"https:\/\/xstyle.md\/ro\/conditions\/"}}]},"product_price_amount":"3190.00","product_price_currency":"MDL","og_availability":"instock","product_availability":"instock","product_retailer_item_id":"5059913012421","product_condition":"new"},"post_mailing_queue_ids":[],"_links":{"self":[{"href":"https:\/\/xstyle.md\/ro\/wp-json\/wp\/v2\/product\/59396","targetHints":{"allow":["GET"]}}],"collection":[{"href":"https:\/\/xstyle.md\/ro\/wp-json\/wp\/v2\/product"}],"about":[{"href":"https:\/\/xstyle.md\/ro\/wp-json\/wp\/v2\/types\/product"}],"replies":[{"embeddable":true,"href":"https:\/\/xstyle.md\/ro\/wp-json\/wp\/v2\/comments?post=59396"}],"wp:featuredmedia":[{"embeddable":true,"href":"https:\/\/xstyle.md\/ro\/wp-json\/wp\/v2\/media\/60038"}],"wp:attachment":[{"href":"https:\/\/xstyle.md\/ro\/wp-json\/wp\/v2\/media?parent=59396"}],"wp:term":[{"taxonomy":"product_brand","embeddable":true,"href":"https:\/\/xstyle.md\/ro\/wp-json\/wp\/v2\/product_brand?post=59396"},{"taxonomy":"product_cat","embeddable":true,"href":"https:\/\/xstyle.md\/ro\/wp-json\/wp\/v2\/product_cat?post=59396"},{"taxonomy":"product_tag","embeddable":true,"href":"https:\/\/xstyle.md\/ro\/wp-json\/wp\/v2\/product_tag?post=59396"}],"curies":[{"name":"wp","href":"https:\/\/api.w.org\/{rel}","templated":true}]}}