{"id":59388,"date":"2022-11-17T20:10:22","date_gmt":"2022-11-17T17:10:22","guid":{"rendered":"https:\/\/xstyle.md\/?post_type=product&#038;p=59388"},"modified":"2026-03-19T16:50:35","modified_gmt":"2026-03-19T13:50:35","slug":"kurtka-rab-valiance-wmn-orion-blue","status":"publish","type":"product","link":"https:\/\/xstyle.md\/ro\/produs\/kurtka-rab-valiance-wmn-orion-blue\/","title":{"rendered":"Geac\u0103 Rab Valiance Wmn orion blue"},"content":{"rendered":"<\/p>\n<p data-reader-unique-id=\"1\"><strong>Rab Valiance Waterproof Down<\/strong> &#8212; conceput\u0103 pentru aventurile grele de iarn\u0103, aceast\u0103 geac\u0103 cald\u0103 cu puf pentru femei este complet impermeabil\u0103 \u0219i umplut\u0103 cu puf de g\u00e2sc\u0103 certificat european 700 Fill Power. Cus\u0103turile complet lipite \u0219i materialul impermeabil cu membran\u0103 Pertex\u00ae Shield ofer\u0103 izola\u021bia de care ave\u021bi nevoie pentru o protec\u021bie maxim\u0103 \u00een condi\u021bii umede. Man\u0219etele \u0219i gluga sunt izolate suplimentar cu un material special Pyrotec\u2122 care se usuc\u0103 rapid, exist\u0103 o str\u00e2ngere convenabil\u0103 \u00een partea inferioar\u0103 a gecii.<\/p>\n<h3 class=\"clear\" data-reader-unique-id=\"3\">Particularit\u0103\u021bi<\/h3>\n<ul data-reader-unique-id=\"4\">\n<li data-reader-unique-id=\"5\">Exteriorul complet adeziv \u0219i rezistent la ap\u0103;<\/li>\n<li data-reader-unique-id=\"6\">Buzunare cu fermoar YKK\u00ae;<\/li>\n<li data-reader-unique-id=\"7\">Buzunar interior pentru protec\u021bie cu fermoar YKK\u00ae;<\/li>\n<li data-reader-unique-id=\"8\">Glug\u0103 cu o izolare sintetic\u0103, compatibil\u0103 cu o casc\u0103 \u0219i cu v\u00e2rf rigid;<\/li>\n<li data-reader-unique-id=\"9\">Man\u0219ete \u00eenguste cu o izolare sintetic\u0103, lipiciuri reglabile;<\/li>\n<li data-reader-unique-id=\"10\">\u0218nur reglabil supradimensionat la \u021biv \u0219i la gluga din spate;<\/li>\n<li data-reader-unique-id=\"11\">Spatele gecii este pu\u021bin mai lung;<\/li>\n<li data-reader-unique-id=\"12\">M\u00e2neci care se ajusteaz\u0103 cu ajutorul lipiciurilor;<\/li>\n<li data-reader-unique-id=\"13\">Partea inferioar\u0103 a gecii este reglabil\u0103 cu \u0219nururi;<\/li>\n<li data-reader-unique-id=\"14\">Se \u00eempacheteaz\u0103 compact;<\/li>\n<li data-reader-unique-id=\"15\">Geant\u0103 pentru transportare inclus\u0103.<\/li>\n<\/ul>\n<h3 class=\"clear\" data-reader-unique-id=\"16\">Caracteristici<\/h3>\n<ul data-reader-unique-id=\"17\">\n<li data-reader-unique-id=\"18\">Compozi\u021bie \u2014 100% Polyester;<\/li>\n<li data-reader-unique-id=\"19\">Izolant termic &#8212; 700 Fill Power;<\/li>\n<li data-reader-unique-id=\"20\">Membran\u0103 &#8212; Pertex\u00ae Shield;<\/li>\n<li data-reader-unique-id=\"21\">Rezisten\u021b\u0103 la ap\u0103 &#8212; 10.000 mm;<\/li>\n<li data-reader-unique-id=\"22\">Model - pentru femei.<\/li>\n<\/ul>\n<h3 class=\"clear\" data-reader-unique-id=\"23\">Tehnologie<\/h3>\n<ul data-reader-unique-id=\"24\">\n<li data-reader-unique-id=\"25\"><strong data-reader-unique-id=\"26\">Pertex\u00ae Shield\u00a0<\/strong>&#8212; material rezistent la v\u00e2nt \u0219i la ap\u0103, care are o membran\u0103 de poliuretan climatic, oferind rezisten\u021b\u0103 ridicat\u0103 la ap\u0103 \u0219i propriet\u0103\u021bi respirabile. Are o rezisten\u021b\u0103 ridicat\u0103 \u0219i o greutate redus\u0103. Adesea folosit pentru a \u00eent\u0103ri zonele predispuse la abraziune ale \u00eembr\u0103c\u0103mintei ultra-u\u0219oare rezistente la ap\u0103.<\/li>\n<li data-reader-unique-id=\"27\"><strong data-reader-unique-id=\"28\">Fill Power<\/strong>\u00a0&#8212; o caracteristic\u0103 care descrie capacitatea unei mase limitate de puf de a umple un anumit volum. Semnifica\u021bia fizic\u0103 Fill Power \u2013 este volumul \u00een inchi cubi ocupat de o uncie de puf. Cu c\u00e2t Fill Power este mai mare, cu at\u00e2t este considerat\u0103 o calitate mai bun\u0103 a pufului. Echipamentele Outdoor se folosesc cu valori de Fill Power de cel pu\u021bin 550 de unit\u0103\u021bi, valorile de Fill Power de 650 de unit\u0103\u021bi \u0219i mai sus sunt considerate bune. Puful cu valori ridicate Fill Power se distinge nu numai printr-un volum mare pe unitate de mas\u0103, ci \u0219i printr-un nivel mai sc\u0103zut de rezisten\u021b\u0103 termic\u0103 pe unitate de grosime \u00een compara\u021bie cu valorile standard.<\/li>\n<\/ul>\n<h3 class=\"clear\" data-reader-unique-id=\"29\">Marca<\/h3>\n<p data-reader-unique-id=\"30\">Rab - este un produc\u0103tor britanic de echipament sportiv \u0219i echipamente pentru alpinism, cu o punctualitate forte \u00eel reprezint\u0103 \u00eel reprezint\u0103 \u00eembr\u0103c\u0103mintea sport tehnic\u0103 sport tehnic\u0103 de \u00eenalt\u0103 calitate \u0219i tehnologic avansat\u0103, izola\u021bia din puf \u0219i p\u0103l\u0103riile. Balaclavele acestui produc\u0103tor, de exemplu, sunt unele dintre cele mai bune exemple de pe pia\u021b\u0103.<\/p>\n<p data-reader-unique-id=\"31\">Compania a fost fondat\u0103 \u00een 1981 de alpinistul Rab Carrington. Baz\u00e2ndu-se pe propria sa experien\u021b\u0103 \u00een expedi\u021bii numeroase, Carrington a conceput ideea unui program ambi\u021bios pentru a asigura confort, protec\u021bie, \u0219 i libertate \u00een muni\u021bie, tobe \u0219 i alpinism.<\/p>\n<p data-reader-unique-id=\"32\">Gecile, sacii de dormit \u0219i \u00eembr\u0103c\u0103mintea de expedi\u021bie Rab sunt fabricate din puf de g\u00e2sc\u0103 \u0219i ra\u021b\u0103 certificate de c\u0103tre Responsible Down. Un tratament hidrofug f\u0103r\u0103 fluorocarbon numit Nikwax este, de asemenea, folosit \u00een \u00eembr\u0103c\u0103minte \u0219i saci de dormit pentru a preveni \u00eengreunarea lor \u00een ap\u0103. \u00cen plus, pentru izola\u021bie se folosesc materiale sintetice de \u00eenalt\u0103 calitate. \u00cembr\u0103c\u0103mintea Rab a devenit \u201esinonim cu produsele de calitate superioar\u0103 fabricate din puf\u201d.<\/p>\n<p><\/p>","protected":false},"excerpt":{"rendered":"","protected":false},"featured_media":59729,"comment_status":"open","ping_status":"closed","template":"","meta":{"_acf_changed":false,"inline_featured_image":false},"product_brand":[1442],"product_cat":[495],"product_tag":[],"class_list":{"0":"post-59388","1":"product","2":"type-product","3":"status-publish","4":"has-post-thumbnail","6":"product_brand-rab","7":"product_cat-down-jackets-femei","9":"first","10":"outofstock","11":"shipping-taxable","12":"product-type-simple"},"acf":[],"yoast_head":"<!-- This site is optimized with the Yoast SEO plugin v27.2 - https:\/\/yoast.com\/product\/yoast-seo-wordpress\/ -->\n<title>\u041a\u0443\u0440\u0442\u043a\u0430 Rab Valiance Wmn orion blue - \u041c\u0430\u0433\u0430\u0437\u0438\u043d Xstyle<\/title>\n<meta name=\"description\" content=\"\u041a\u0443\u0440\u0442\u043a\u0430 Rab Valiance Wmn \u0438\u043b\u0438\u043e\u043d \u0441\u0438\u043d\u044f\u044f \u0441 800 Fill Power \u0438 Pertex Shield. \u0418\u0434\u0435\u0430\u043b\u044c\u043d\u0430 \u0434\u043b\u044f \u0437\u0438\u043c\u043d\u0438\u0445 \u043f\u0440\u0438\u043a\u043b\u044e\u0447\u0435\u043d\u0438\u0439: \u043b\u0435\u0433\u043a\u0430\u044f, \u0442\u0435\u043f\u043b\u0430\u044f \u0438 \u0432\u043e\u0434\u043e\u043d\u0435\u043f\u0440\u043e\u043d\u0438\u0446\u0430\u0435\u043c\u0430\u044f.\" \/>\n<meta name=\"robots\" content=\"index, follow, max-snippet:-1, max-image-preview:large, max-video-preview:-1\" \/>\n<link rel=\"canonical\" href=\"https:\/\/xstyle.md\/ro\/produs\/kurtka-rab-valiance-wmn-orion-blue\/\" \/>\n<meta property=\"og:locale\" content=\"ro_RO\" \/>\n<meta property=\"og:type\" content=\"article\" \/>\n<meta property=\"og:title\" content=\"\u041a\u0443\u0440\u0442\u043a\u0430 Rab Valiance Wmn orion blue - \u041c\u0430\u0433\u0430\u0437\u0438\u043d Xstyle\" \/>\n<meta property=\"og:description\" content=\"\u041a\u0443\u0440\u0442\u043a\u0430 Rab Valiance Wmn \u0438\u043b\u0438\u043e\u043d \u0441\u0438\u043d\u044f\u044f \u0441 800 Fill Power \u0438 Pertex Shield. \u0418\u0434\u0435\u0430\u043b\u044c\u043d\u0430 \u0434\u043b\u044f \u0437\u0438\u043c\u043d\u0438\u0445 \u043f\u0440\u0438\u043a\u043b\u044e\u0447\u0435\u043d\u0438\u0439: \u043b\u0435\u0433\u043a\u0430\u044f, \u0442\u0435\u043f\u043b\u0430\u044f \u0438 \u0432\u043e\u0434\u043e\u043d\u0435\u043f\u0440\u043e\u043d\u0438\u0446\u0430\u0435\u043c\u0430\u044f.\" \/>\n<meta property=\"og:url\" content=\"https:\/\/xstyle.md\/ro\/produs\/kurtka-rab-valiance-wmn-orion-blue\/\" \/>\n<meta property=\"og:site_name\" content=\"\u041c\u0430\u0433\u0430\u0437\u0438\u043d Xstyle\" \/>\n<meta property=\"article:publisher\" content=\"https:\/\/www.facebook.com\/xstylemd\" \/>\n<meta property=\"article:modified_time\" content=\"2026-03-19T13:50:35+00:00\" \/>\n<meta property=\"og:image\" content=\"https:\/\/xstyle.md\/wp-content\/uploads\/2022\/11\/rab-valiance-wmn-orion-blue.jpg\" \/>\n\t<meta property=\"og:image:width\" content=\"1001\" \/>\n\t<meta property=\"og:image:height\" content=\"1001\" \/>\n\t<meta property=\"og:image:type\" content=\"image\/jpeg\" \/>\n<meta name=\"twitter:card\" content=\"summary_large_image\" \/>\n<meta name=\"twitter:label1\" content=\"Pre\u021b\" \/>\n\t<meta name=\"twitter:data1\" content=\"5.590&nbsp;MDL\" \/>\n\t<meta name=\"twitter:label2\" content=\"Disponibilitate\" \/>\n\t<meta name=\"twitter:data2\" content=\"Stoc epuizat\" \/>\n<script type=\"application\/ld+json\" class=\"yoast-schema-graph\">{\"@context\":\"https:\/\/schema.org\",\"@graph\":[{\"@type\":\"WebPage\",\"@id\":\"https:\/\/xstyle.md\/product\/kurtka-rab-valiance-wmn-orion-blue\/\",\"url\":\"https:\/\/xstyle.md\/product\/kurtka-rab-valiance-wmn-orion-blue\/\",\"name\":\"\u041a\u0443\u0440\u0442\u043a\u0430 Rab Valiance Wmn orion blue - \u041c\u0430\u0433\u0430\u0437\u0438\u043d Xstyle\",\"isPartOf\":{\"@id\":\"https:\/\/xstyle.md\/#website\"},\"primaryImageOfPage\":{\"@id\":\"https:\/\/xstyle.md\/product\/kurtka-rab-valiance-wmn-orion-blue\/#primaryimage\"},\"image\":{\"@id\":\"https:\/\/xstyle.md\/product\/kurtka-rab-valiance-wmn-orion-blue\/#primaryimage\"},\"thumbnailUrl\":\"https:\/\/xstyle.md\/wp-content\/uploads\/2022\/11\/rab-valiance-wmn-orion-blue.jpg\",\"datePublished\":\"2022-11-17T17:10:22+00:00\",\"dateModified\":\"2026-03-19T13:50:35+00:00\",\"description\":\"\u041a\u0443\u0440\u0442\u043a\u0430 Rab Valiance Wmn \u0438\u043b\u0438\u043e\u043d \u0441\u0438\u043d\u044f\u044f \u0441 800 Fill Power \u0438 Pertex Shield. \u0418\u0434\u0435\u0430\u043b\u044c\u043d\u0430 \u0434\u043b\u044f \u0437\u0438\u043c\u043d\u0438\u0445 \u043f\u0440\u0438\u043a\u043b\u044e\u0447\u0435\u043d\u0438\u0439: \u043b\u0435\u0433\u043a\u0430\u044f, \u0442\u0435\u043f\u043b\u0430\u044f \u0438 \u0432\u043e\u0434\u043e\u043d\u0435\u043f\u0440\u043e\u043d\u0438\u0446\u0430\u0435\u043c\u0430\u044f.\",\"breadcrumb\":{\"@id\":\"https:\/\/xstyle.md\/product\/kurtka-rab-valiance-wmn-orion-blue\/#breadcrumb\"},\"inLanguage\":\"ro-RO\",\"potentialAction\":[{\"@type\":\"ReadAction\",\"target\":[\"https:\/\/xstyle.md\/product\/kurtka-rab-valiance-wmn-orion-blue\/\"]}]},{\"@type\":\"ImageObject\",\"inLanguage\":\"ro-RO\",\"@id\":\"https:\/\/xstyle.md\/product\/kurtka-rab-valiance-wmn-orion-blue\/#primaryimage\",\"url\":\"https:\/\/xstyle.md\/wp-content\/uploads\/2022\/11\/rab-valiance-wmn-orion-blue.jpg\",\"contentUrl\":\"https:\/\/xstyle.md\/wp-content\/uploads\/2022\/11\/rab-valiance-wmn-orion-blue.jpg\",\"width\":1001,\"height\":1001,\"caption\":\"\u0422\u0435\u043f\u043b\u0430\u044f \u0436\u0435\u043d\u0441\u043a\u0430\u044f \u043a\u0443\u0440\u0442\u043a\u0430 Rab Valiance Wmn Orion Blue \u0434\u043b\u044f \u0430\u043a\u0442\u0438\u0432\u043d\u043e\u0433\u043e \u043e\u0442\u0434\u044b\u0445\u0430, \u0442\u0443\u0440\u0438\u0437\u043c\u0430 \u0438 \u0430\u043b\u044c\u043f\u0438\u043d\u0438\u0437\u043c\u0430, \u043e\u0434\u0435\u0436\u0434\u0430 \u0438 \u043e\u0431\u0443\u0432\u044c \u0434\u043b\u044f \u043f\u043e\u0445\u043e\u0434\u043e\u0432 \u0438 \u043f\u0443\u0442\u0435\u0448\u0435\u0441\u0442\u0432\u0438\u0439\"},{\"@type\":\"BreadcrumbList\",\"@id\":\"https:\/\/xstyle.md\/product\/kurtka-rab-valiance-wmn-orion-blue\/#breadcrumb\",\"itemListElement\":[{\"@type\":\"ListItem\",\"position\":1,\"name\":\"\u0413\u043b\u0430\u0432\u043d\u0430\u044f \u0441\u0442\u0440\u0430\u043d\u0438\u0446\u0430\",\"item\":\"https:\/\/xstyle.md\/\"},{\"@type\":\"ListItem\",\"position\":2,\"name\":\"\u041c\u0430\u0433\u0430\u0437\u0438\u043d\",\"item\":\"https:\/\/xstyle.md\/shop\/\"},{\"@type\":\"ListItem\",\"position\":3,\"name\":\"\u041a\u0443\u0440\u0442\u043a\u0430 Rab Valiance Wmn orion blue\"}]},{\"@type\":\"WebSite\",\"@id\":\"https:\/\/xstyle.md\/#website\",\"url\":\"https:\/\/xstyle.md\/\",\"name\":\"\u041c\u0430\u0433\u0430\u0437\u0438\u043d Xstyle\",\"description\":\"C\u043d\u0430\u0440\u044f\u0436\u0435\u043d\u0438\u0435 \u0434\u043b\u044f \u0442\u0443\u0440\u0438\u0437\u043c\u0430 \u0438 \u044d\u043a\u0441\u0442\u0440\u0435\u043c\u0430\u043b\u044c\u043d\u044b\u0445 \u0432\u0438\u0434\u043e\u0432 \u0441\u043f\u043e\u0440\u0442\u0430 \u0432 \u041c\u043e\u043b\u0434\u043e\u0432\u0435.. \u0426\u0435\u043d\u044b, \u0444\u043e\u0442\u043e, \u0445\u0430\u0440\u0430\u043a\u0442\u0435\u0440\u0438\u0441\u0442\u0438\u043a\u0438 \u0432 \u041c\u043e\u043b\u0434\u043e\u0432\u0435.\",\"publisher\":{\"@id\":\"https:\/\/xstyle.md\/#organization\"},\"alternateName\":\"X-Style\",\"potentialAction\":[{\"@type\":\"SearchAction\",\"target\":{\"@type\":\"EntryPoint\",\"urlTemplate\":\"https:\/\/xstyle.md\/?s={search_term_string}\"},\"query-input\":{\"@type\":\"PropertyValueSpecification\",\"valueRequired\":true,\"valueName\":\"search_term_string\"}}],\"inLanguage\":\"ro-RO\"},{\"@type\":\"Organization\",\"@id\":\"https:\/\/xstyle.md\/#organization\",\"name\":\"\u041c\u0430\u0433\u0430\u0437\u0438\u043d Xstyle\",\"alternateName\":\"x-style\",\"url\":\"https:\/\/xstyle.md\/\",\"logo\":{\"@type\":\"ImageObject\",\"inLanguage\":\"ro-RO\",\"@id\":\"https:\/\/xstyle.md\/#\/schema\/logo\/image\/\",\"url\":\"https:\/\/xstyle.md\/wp-content\/uploads\/2020\/06\/logoicon.svg\",\"contentUrl\":\"https:\/\/xstyle.md\/wp-content\/uploads\/2020\/06\/logoicon.svg\",\"caption\":\"\u041c\u0430\u0433\u0430\u0437\u0438\u043d Xstyle\"},\"image\":{\"@id\":\"https:\/\/xstyle.md\/#\/schema\/logo\/image\/\"},\"sameAs\":[\"https:\/\/www.facebook.com\/xstylemd\",\"https:\/\/www.instagram.com\/xstyle_md\/\",\"https:\/\/t.me\/xstyle_outdoor\"],\"hasMerchantReturnPolicy\":{\"@type\":\"MerchantReturnPolicy\",\"merchantReturnLink\":\"https:\/\/xstyle.md\/ro\/conditions\/\"}}]}<\/script>\n<meta property=\"product:price:amount\" content=\"5590.00\" \/>\n<meta property=\"product:price:currency\" content=\"MDL\" \/>\n<meta property=\"og:availability\" content=\"out of stock\" \/>\n<meta property=\"product:availability\" content=\"out of stock\" \/>\n<meta property=\"product:retailer_item_id\" content=\"5059913011226\" \/>\n<meta property=\"product:condition\" content=\"new\" \/>\n<!-- \/ Yoast SEO plugin. -->","yoast_head_json":{"title":"Geac\u0103 Rab Valiance Wmn orion blue - Magazin Xstyle","description":"Jachet\u0103 Rab Valiance Wmn, model albastru, cu 800 Fill Power \u0219i Pertex Shield. Este ideal\u0103 pentru aventuri de iarn\u0103: u\u0219oar\u0103, cald\u0103 \u0219i impermeabil\u0103.","robots":{"index":"index","follow":"follow","max-snippet":"max-snippet:-1","max-image-preview":"max-image-preview:large","max-video-preview":"max-video-preview:-1"},"canonical":"https:\/\/xstyle.md\/ro\/produs\/kurtka-rab-valiance-wmn-orion-blue\/","og_locale":"ro_RO","og_type":"article","og_title":"\u041a\u0443\u0440\u0442\u043a\u0430 Rab Valiance Wmn orion blue - \u041c\u0430\u0433\u0430\u0437\u0438\u043d Xstyle","og_description":"\u041a\u0443\u0440\u0442\u043a\u0430 Rab Valiance Wmn \u0438\u043b\u0438\u043e\u043d \u0441\u0438\u043d\u044f\u044f \u0441 800 Fill Power \u0438 Pertex Shield. \u0418\u0434\u0435\u0430\u043b\u044c\u043d\u0430 \u0434\u043b\u044f \u0437\u0438\u043c\u043d\u0438\u0445 \u043f\u0440\u0438\u043a\u043b\u044e\u0447\u0435\u043d\u0438\u0439: \u043b\u0435\u0433\u043a\u0430\u044f, \u0442\u0435\u043f\u043b\u0430\u044f \u0438 \u0432\u043e\u0434\u043e\u043d\u0435\u043f\u0440\u043e\u043d\u0438\u0446\u0430\u0435\u043c\u0430\u044f.","og_url":"https:\/\/xstyle.md\/ro\/produs\/kurtka-rab-valiance-wmn-orion-blue\/","og_site_name":"\u041c\u0430\u0433\u0430\u0437\u0438\u043d Xstyle","article_publisher":"https:\/\/www.facebook.com\/xstylemd","article_modified_time":"2026-03-19T13:50:35+00:00","og_image":[{"width":1001,"height":1001,"url":"https:\/\/xstyle.md\/wp-content\/uploads\/2022\/11\/rab-valiance-wmn-orion-blue.jpg","type":"image\/jpeg"}],"twitter_card":"summary_large_image","twitter_misc":{"Pre\u021b":"5.590&nbsp;MDL","Disponibilitate":"Stoc epuizat"},"schema":{"@context":"https:\/\/schema.org","@graph":[{"@type":"WebPage","@id":"https:\/\/xstyle.md\/product\/kurtka-rab-valiance-wmn-orion-blue\/","url":"https:\/\/xstyle.md\/product\/kurtka-rab-valiance-wmn-orion-blue\/","name":"Geac\u0103 Rab Valiance Wmn orion blue - Magazin Xstyle","isPartOf":{"@id":"https:\/\/xstyle.md\/#website"},"primaryImageOfPage":{"@id":"https:\/\/xstyle.md\/product\/kurtka-rab-valiance-wmn-orion-blue\/#primaryimage"},"image":{"@id":"https:\/\/xstyle.md\/product\/kurtka-rab-valiance-wmn-orion-blue\/#primaryimage"},"thumbnailUrl":"https:\/\/xstyle.md\/wp-content\/uploads\/2022\/11\/rab-valiance-wmn-orion-blue.jpg","datePublished":"2022-11-17T17:10:22+00:00","dateModified":"2026-03-19T13:50:35+00:00","description":"Jachet\u0103 Rab Valiance Wmn, model albastru, cu 800 Fill Power \u0219i Pertex Shield. Este ideal\u0103 pentru aventuri de iarn\u0103: u\u0219oar\u0103, cald\u0103 \u0219i impermeabil\u0103.","breadcrumb":{"@id":"https:\/\/xstyle.md\/product\/kurtka-rab-valiance-wmn-orion-blue\/#breadcrumb"},"inLanguage":"ro-RO","potentialAction":[{"@type":"ReadAction","target":["https:\/\/xstyle.md\/product\/kurtka-rab-valiance-wmn-orion-blue\/"]}]},{"@type":"ImageObject","inLanguage":"ro-RO","@id":"https:\/\/xstyle.md\/product\/kurtka-rab-valiance-wmn-orion-blue\/#primaryimage","url":"https:\/\/xstyle.md\/wp-content\/uploads\/2022\/11\/rab-valiance-wmn-orion-blue.jpg","contentUrl":"https:\/\/xstyle.md\/wp-content\/uploads\/2022\/11\/rab-valiance-wmn-orion-blue.jpg","width":1001,"height":1001,"caption":"\u0422\u0435\u043f\u043b\u0430\u044f \u0436\u0435\u043d\u0441\u043a\u0430\u044f \u043a\u0443\u0440\u0442\u043a\u0430 Rab Valiance Wmn Orion Blue \u0434\u043b\u044f \u0430\u043a\u0442\u0438\u0432\u043d\u043e\u0433\u043e \u043e\u0442\u0434\u044b\u0445\u0430, \u0442\u0443\u0440\u0438\u0437\u043c\u0430 \u0438 \u0430\u043b\u044c\u043f\u0438\u043d\u0438\u0437\u043c\u0430, \u043e\u0434\u0435\u0436\u0434\u0430 \u0438 \u043e\u0431\u0443\u0432\u044c \u0434\u043b\u044f \u043f\u043e\u0445\u043e\u0434\u043e\u0432 \u0438 \u043f\u0443\u0442\u0435\u0448\u0435\u0441\u0442\u0432\u0438\u0439"},{"@type":"BreadcrumbList","@id":"https:\/\/xstyle.md\/product\/kurtka-rab-valiance-wmn-orion-blue\/#breadcrumb","itemListElement":[{"@type":"ListItem","position":1,"name":"\u0413\u043b\u0430\u0432\u043d\u0430\u044f \u0441\u0442\u0440\u0430\u043d\u0438\u0446\u0430","item":"https:\/\/xstyle.md\/"},{"@type":"ListItem","position":2,"name":"\u041c\u0430\u0433\u0430\u0437\u0438\u043d","item":"https:\/\/xstyle.md\/shop\/"},{"@type":"ListItem","position":3,"name":"\u041a\u0443\u0440\u0442\u043a\u0430 Rab Valiance Wmn orion blue"}]},{"@type":"WebSite","@id":"https:\/\/xstyle.md\/#website","url":"https:\/\/xstyle.md\/","name":"Magazinul X-Style","description":"Echipamente pentru turism \u0219i sporturi extreme \u00een Moldova. Pre\u021buri, fotografii, caracteristici \u00een Moldova.","publisher":{"@id":"https:\/\/xstyle.md\/#organization"},"alternateName":"X-Style","potentialAction":[{"@type":"SearchAction","target":{"@type":"EntryPoint","urlTemplate":"https:\/\/xstyle.md\/?s={search_term_string}"},"query-input":{"@type":"PropertyValueSpecification","valueRequired":true,"valueName":"search_term_string"}}],"inLanguage":"ro-RO"},{"@type":"Organization","@id":"https:\/\/xstyle.md\/#organization","name":"Magazinul X-Style","alternateName":"x-style","url":"https:\/\/xstyle.md\/","logo":{"@type":"ImageObject","inLanguage":"ro-RO","@id":"https:\/\/xstyle.md\/#\/schema\/logo\/image\/","url":"https:\/\/xstyle.md\/wp-content\/uploads\/2020\/06\/logoicon.svg","contentUrl":"https:\/\/xstyle.md\/wp-content\/uploads\/2020\/06\/logoicon.svg","caption":"\u041c\u0430\u0433\u0430\u0437\u0438\u043d Xstyle"},"image":{"@id":"https:\/\/xstyle.md\/#\/schema\/logo\/image\/"},"sameAs":["https:\/\/www.facebook.com\/xstylemd","https:\/\/www.instagram.com\/xstyle_md\/","https:\/\/t.me\/xstyle_outdoor"],"hasMerchantReturnPolicy":{"@type":"MerchantReturnPolicy","merchantReturnLink":"https:\/\/xstyle.md\/ro\/conditions\/"}}]},"product_price_amount":"5590.00","product_price_currency":"MDL","og_availability":"out of stock","product_availability":"out of stock","product_retailer_item_id":"5059913011226","product_condition":"new"},"post_mailing_queue_ids":[],"_links":{"self":[{"href":"https:\/\/xstyle.md\/ro\/wp-json\/wp\/v2\/product\/59388","targetHints":{"allow":["GET"]}}],"collection":[{"href":"https:\/\/xstyle.md\/ro\/wp-json\/wp\/v2\/product"}],"about":[{"href":"https:\/\/xstyle.md\/ro\/wp-json\/wp\/v2\/types\/product"}],"replies":[{"embeddable":true,"href":"https:\/\/xstyle.md\/ro\/wp-json\/wp\/v2\/comments?post=59388"}],"wp:featuredmedia":[{"embeddable":true,"href":"https:\/\/xstyle.md\/ro\/wp-json\/wp\/v2\/media\/59729"}],"wp:attachment":[{"href":"https:\/\/xstyle.md\/ro\/wp-json\/wp\/v2\/media?parent=59388"}],"wp:term":[{"taxonomy":"product_brand","embeddable":true,"href":"https:\/\/xstyle.md\/ro\/wp-json\/wp\/v2\/product_brand?post=59388"},{"taxonomy":"product_cat","embeddable":true,"href":"https:\/\/xstyle.md\/ro\/wp-json\/wp\/v2\/product_cat?post=59388"},{"taxonomy":"product_tag","embeddable":true,"href":"https:\/\/xstyle.md\/ro\/wp-json\/wp\/v2\/product_tag?post=59388"}],"curies":[{"name":"wp","href":"https:\/\/api.w.org\/{rel}","templated":true}]}}