{"id":59382,"date":"2022-11-17T20:10:21","date_gmt":"2022-11-17T17:10:21","guid":{"rendered":"https:\/\/xstyle.md\/?post_type=product&#038;p=59382"},"modified":"2025-11-11T18:04:19","modified_gmt":"2025-11-11T15:04:19","slug":"kurtka-rab-mythic-alpine-mns-graphene","status":"publish","type":"product","link":"https:\/\/xstyle.md\/ro\/produs\/kurtka-rab-mythic-alpine-mns-graphene\/","title":{"rendered":"Geac\u0103 Rab Mythic Alpine Mns graphene"},"content":{"rendered":"<\/p>\n<p><strong>Rab Mythic Alpine graphene<\/strong> &#8212; o\u00a0jachet\u0103 din puf ultrau\u0219oar\u0103 conceput\u0103 pentru ascensiuni pe v\u00e2rfuri \u00een condi\u021bii de frig extrem, oferind c\u0103\u021b\u0103r\u0103torilor c\u0103ldur\u0103 \u0219i mobilitate impresionante.<\/p>\n<p>Construc\u021bia u\u0219oar\u0103, pu\u021bin voluminoas\u0103 \u0219i transparent\u0103 pentru a stabiliza puful ofer\u0103 confort \u0219i o respirabilitate excelent\u0103. M\u00e2necile pre-curbate \u0219i articulate au fost, de asemenea, concepute pentru a facilita ridicarea bra\u021belor, mi\u0219carea \u0219i articularea atunci c\u00e2nd sunte\u021bi \u00een mi\u0219care.<\/p>\n<p>Pentru a minimiza greutatea, a fost folosit un material exterior ultrau\u0219or, 100% reciclat, Pertex\u00ae Quantum. Aceast\u0103 \u021bes\u0103tur\u0103 cu membran\u0103 rezistent\u0103 cu ripstop integrat este, de asemenea, durabil\u0103 \u0219i protejeaz\u0103 \u00eempotriva intemperiilor. Jacheta ajut\u0103 la \u00eendep\u0103rtarea umezelii de pe piele \u0219i se suprapune peste \u00eembr\u0103c\u0103minte, fiind ideal\u0103 pentru mi\u0219c\u0103ri active. Atunci c\u00e2nd un echilibru \u00eentre greutate, mobilitate \u0219i c\u0103ldur\u0103 este esen\u021bial pentru succes, geaca Rab Mythic Alpine Jacket este cea mai bun\u0103 alegere.<\/p>\n<h3>Particularit\u0103\u021bi<\/h3>\n<ul>\n<li>Construc\u021bie u\u0219oar\u0103 cu cus\u0103turi zonale pentru o reten\u021bie optim\u0103 a c\u0103ldurii \u0219i stabilizare a pufului<\/li>\n<li>Glug\u0103 umplut\u0103 cu puf, cu decolteu par\u021bial elastic \u0219i vizier\u0103 \u00eent\u0103rit\u0103<\/li>\n<li>Fermoar frontal central u\u0219or YKK\u00ae VISLON\u00ae VISLON\u00ae cu protec\u021bie pentru b\u0103rbie c\u0103ptu\u0219it\u0103 cu fleece pentru confort<\/li>\n<li>M\u00e2neci pre-curbate \u0219i articulate pentru o mai bun\u0103 potrivire \u0219i mi\u0219care<\/li>\n<li>2 buzunare ascunse pentru m\u00e2ini cu fermoare YKK\u00ae.<\/li>\n<li>Man\u0219ete par\u021bial elastice pentru o potrivire optim\u0103 \u0219i reducerea volumului<\/li>\n<li>Reglare cu dou\u0103 direc\u021bii a marginilor din spate cu curea anti-\u00een\u021bepenire<\/li>\n<li>Este livrat cu un sac de umplutur\u0103 u\u0219or.<\/li>\n<\/ul>\n<h3>Caracteristici<\/h3>\n<ul>\n<li>Material &#8212; 100% poliester<\/li>\n<li>Izola\u021bie &#8212; puf de g\u00e2sc\u0103 900 Fill Power + Nikwax<\/li>\n<li>Membran\u0103 &#8212; Pertex\u00ae Quantum<\/li>\n<li>Model - b\u0103rba\u021bi.<\/li>\n<\/ul>\n<h3>Tehnologie<\/h3>\n<ul>\n<li><strong data-reader-unique-id=\"24\">Fill Power \u2014<\/strong> o caracteristic\u0103 care descrie capacitatea unei mase limitate de puf de a umple un anumit volum. Semnifica\u021bia fizic\u0103 Fill Power \u2013 este volumul \u00een inchi cubi ocupat de o uncie de puf. Cu c\u00e2t Fill Power este mai mare, cu at\u00e2t este considerat\u0103 o calitate mai bun\u0103 a pufului. Echipamentele Outdoor se folosesc cu valori de Fill Power de cel pu\u021bin 550 de unit\u0103\u021bi, valorile de Fill Power de 650 de unit\u0103\u021bi \u0219i mai sus sunt considerate bune. Puful cu valori ridicate Fill Power se distinge nu numai printr-un volum mare pe unitate de mas\u0103, ci \u0219i printr-un nivel mai sc\u0103zut de rezisten\u021b\u0103 termic\u0103 pe unitate de grosime \u00een compara\u021bie cu valorile standard.<\/li>\n<li><strong>Pertex<\/strong>\u00ae\u00a0<strong>Cuantum<\/strong> &#8212; o membran\u0103 \u021besut\u0103 din fire incredibil de fine, care se caracterizeaz\u0103 printr-o rezisten\u021b\u0103 relativ\u0103 ridicat\u0103. Moliciunea excep\u021bional\u0103 a acestui material permite pufului sau izola\u021biei sintetice s\u0103 ocupe \u00eentregul volum care \u00eei este alocat, \u00een timp ce \u021bes\u0103tura dens\u0103 \u00eempiedic\u0103 fibrele de izola\u021bie s\u0103 p\u0103trund\u0103 prin \u021bes\u0103tur\u0103.<\/li>\n<li><strong>YKK\u00ae<\/strong> \u2013 fermoare de \u00eenalt\u0103 calitate fabricate de compania japonez\u0103 YKK Group, certificate pentru conformitatea cu standardele interna\u021bionale. Rezistente la sarcini de for\u021b\u0103 mare \u0219i la coroziune. Sunt utilizate \u00een produse cu cel mai \u00eenalt grad de fiabilitate.<\/li>\n<\/ul>\n<h3 class=\"clear\" data-reader-unique-id=\"22\">Marca<\/h3>\n<p data-reader-unique-id=\"23\">Rab - este un produc\u0103tor britanic de echipament sportiv \u0219i echipamente pentru alpinism, cu o punctualitate forte \u00eel reprezint\u0103 \u00eel reprezint\u0103 \u00eembr\u0103c\u0103mintea sport tehnic\u0103 sport tehnic\u0103 de \u00eenalt\u0103 calitate \u0219i tehnologic avansat\u0103, izola\u021bia din puf \u0219i p\u0103l\u0103riile. Balaclavele acestui produc\u0103tor, de exemplu, sunt unele dintre cele mai bune exemple de pe pia\u021b\u0103.<\/p>\n<p data-reader-unique-id=\"24\">Compania a fost fondat\u0103 \u00een 1981 de alpinistul Rab Carrington. Baz\u00e2ndu-se pe propria sa experien\u021b\u0103 \u00een expedi\u021bii numeroase, Carrington a conceput ideea unui program ambi\u021bios pentru a asigura confort, protec\u021bie, \u0219 i libertate \u00een muni\u021bie, tobe \u0219 i alpinism.<\/p>\n<p data-reader-unique-id=\"25\">Jachetele, sacii de dormitor \u0219 i Rab Expedition Rab sunt realizate din pufuri de tifon \u0219 i au un certificat Responsible Down. Un tratament hidrofug f\u0103r\u0103 fluorocarbon numit Nikwax este, de asemenea, folosit \u00een \u00eembr\u0103c\u0103minte \u0219i saci de dormit pentru o m\u0103sur\u0103 preventiv\u0103 a lor \u00een ap\u0103. \u00cen plus, folosesc materiale sintetice de \u00eenalt\u0103 calitate. \u00cembr\u0103c\u0103mintea Rab a devenit \"sinonim cu produsele de calitate superioar\u0103 fabricate din puf\".<\/p>\n<p><\/p>","protected":false},"excerpt":{"rendered":"","protected":false},"featured_media":59977,"comment_status":"open","ping_status":"closed","template":"","meta":{"_acf_changed":false,"inline_featured_image":false},"product_brand":[1442],"product_cat":[391],"product_tag":[],"class_list":{"0":"post-59382","1":"product","2":"type-product","3":"status-publish","4":"has-post-thumbnail","6":"product_brand-rab","7":"product_cat-down-jackets-barbati","9":"first","10":"outofstock","11":"shipping-taxable","12":"product-type-simple"},"acf":[],"yoast_head":"<!-- This site is optimized with the Yoast SEO plugin v27.4 - https:\/\/yoast.com\/product\/yoast-seo-wordpress\/ -->\n<title>\u041a\u0443\u0440\u0442\u043a\u0430 Rab Mythic Alpine Mns graphene - \u041c\u0430\u0433\u0430\u0437\u0438\u043d Xstyle<\/title>\n<meta name=\"description\" content=\"\u041a\u0443\u0440\u0442\u043a\u0430 Rab Mythic Alpine Mns graphene \u2014 \u0443\u043b\u044c\u0442\u0440\u0430\u043b\u0435\u0433\u043a\u0430\u044f, \u0443\u0442\u0435\u043f\u043b\u0435\u043d\u043d\u0430\u044f \u043f\u0443\u0445\u043e\u0432\u043a\u0430 \u0434\u043b\u044f \u044d\u043a\u0441\u0442\u0440\u0435\u043c\u0430\u043b\u044c\u043d\u044b\u0445 \u0443\u0441\u043b\u043e\u0432\u0438\u0439. \u0418\u0434\u0435\u0430\u043b\u044c\u043d\u0430 \u0434\u043b\u044f \u0433\u043e\u0440\u043d\u044b\u0445 \u0432\u043e\u0441\u0445\u043e\u0436\u0434\u0435\u043d\u0438\u0439 \u0432 \u0445\u043e\u043b\u043e\u0434\u043d\u0443\u044e \u043f\u043e\u0433\u043e\u0434\u0443.\" \/>\n<meta name=\"robots\" content=\"index, follow, max-snippet:-1, max-image-preview:large, max-video-preview:-1\" \/>\n<link rel=\"canonical\" href=\"https:\/\/xstyle.md\/ro\/produs\/kurtka-rab-mythic-alpine-mns-graphene\/\" \/>\n<meta property=\"og:locale\" content=\"ro_RO\" \/>\n<meta property=\"og:type\" content=\"article\" \/>\n<meta property=\"og:title\" content=\"\u041a\u0443\u0440\u0442\u043a\u0430 Rab Mythic Alpine Mns graphene - \u041c\u0430\u0433\u0430\u0437\u0438\u043d Xstyle\" \/>\n<meta property=\"og:description\" content=\"\u041a\u0443\u0440\u0442\u043a\u0430 Rab Mythic Alpine Mns graphene \u2014 \u0443\u043b\u044c\u0442\u0440\u0430\u043b\u0435\u0433\u043a\u0430\u044f, \u0443\u0442\u0435\u043f\u043b\u0435\u043d\u043d\u0430\u044f \u043f\u0443\u0445\u043e\u0432\u043a\u0430 \u0434\u043b\u044f \u044d\u043a\u0441\u0442\u0440\u0435\u043c\u0430\u043b\u044c\u043d\u044b\u0445 \u0443\u0441\u043b\u043e\u0432\u0438\u0439. \u0418\u0434\u0435\u0430\u043b\u044c\u043d\u0430 \u0434\u043b\u044f \u0433\u043e\u0440\u043d\u044b\u0445 \u0432\u043e\u0441\u0445\u043e\u0436\u0434\u0435\u043d\u0438\u0439 \u0432 \u0445\u043e\u043b\u043e\u0434\u043d\u0443\u044e \u043f\u043e\u0433\u043e\u0434\u0443.\" \/>\n<meta property=\"og:url\" content=\"https:\/\/xstyle.md\/ro\/produs\/kurtka-rab-mythic-alpine-mns-graphene\/\" \/>\n<meta property=\"og:site_name\" content=\"\u041c\u0430\u0433\u0430\u0437\u0438\u043d Xstyle\" \/>\n<meta property=\"article:publisher\" content=\"https:\/\/www.facebook.com\/xstylemd\" \/>\n<meta property=\"article:modified_time\" content=\"2025-11-11T15:04:19+00:00\" \/>\n<meta property=\"og:image\" content=\"https:\/\/xstyle.md\/wp-content\/uploads\/2022\/11\/rab-mythic-alpine-mns-graphene.jpg\" \/>\n\t<meta property=\"og:image:width\" content=\"2468\" \/>\n\t<meta property=\"og:image:height\" content=\"2558\" \/>\n\t<meta property=\"og:image:type\" content=\"image\/jpeg\" \/>\n<meta name=\"twitter:card\" content=\"summary_large_image\" \/>\n<meta name=\"twitter:label1\" content=\"Pre\u021b\" \/>\n\t<meta name=\"twitter:data1\" content=\"6.490&nbsp;MDL\" \/>\n\t<meta name=\"twitter:label2\" content=\"Disponibilitate\" \/>\n\t<meta name=\"twitter:data2\" content=\"Stoc epuizat\" \/>\n<script type=\"application\/ld+json\" class=\"yoast-schema-graph\">{\"@context\":\"https:\\\/\\\/schema.org\",\"@graph\":[{\"@type\":\"WebPage\",\"@id\":\"https:\\\/\\\/xstyle.md\\\/product\\\/kurtka-rab-mythic-alpine-mns-graphene\\\/\",\"url\":\"https:\\\/\\\/xstyle.md\\\/product\\\/kurtka-rab-mythic-alpine-mns-graphene\\\/\",\"name\":\"\u041a\u0443\u0440\u0442\u043a\u0430 Rab Mythic Alpine Mns graphene - \u041c\u0430\u0433\u0430\u0437\u0438\u043d Xstyle\",\"isPartOf\":{\"@id\":\"https:\\\/\\\/xstyle.md\\\/#website\"},\"primaryImageOfPage\":{\"@id\":\"https:\\\/\\\/xstyle.md\\\/product\\\/kurtka-rab-mythic-alpine-mns-graphene\\\/#primaryimage\"},\"image\":{\"@id\":\"https:\\\/\\\/xstyle.md\\\/product\\\/kurtka-rab-mythic-alpine-mns-graphene\\\/#primaryimage\"},\"thumbnailUrl\":\"https:\\\/\\\/xstyle.md\\\/wp-content\\\/uploads\\\/2022\\\/11\\\/rab-mythic-alpine-mns-graphene.jpg\",\"datePublished\":\"2022-11-17T17:10:21+00:00\",\"dateModified\":\"2025-11-11T15:04:19+00:00\",\"description\":\"\u041a\u0443\u0440\u0442\u043a\u0430 Rab Mythic Alpine Mns graphene \u2014 \u0443\u043b\u044c\u0442\u0440\u0430\u043b\u0435\u0433\u043a\u0430\u044f, \u0443\u0442\u0435\u043f\u043b\u0435\u043d\u043d\u0430\u044f \u043f\u0443\u0445\u043e\u0432\u043a\u0430 \u0434\u043b\u044f \u044d\u043a\u0441\u0442\u0440\u0435\u043c\u0430\u043b\u044c\u043d\u044b\u0445 \u0443\u0441\u043b\u043e\u0432\u0438\u0439. \u0418\u0434\u0435\u0430\u043b\u044c\u043d\u0430 \u0434\u043b\u044f \u0433\u043e\u0440\u043d\u044b\u0445 \u0432\u043e\u0441\u0445\u043e\u0436\u0434\u0435\u043d\u0438\u0439 \u0432 \u0445\u043e\u043b\u043e\u0434\u043d\u0443\u044e \u043f\u043e\u0433\u043e\u0434\u0443.\",\"breadcrumb\":{\"@id\":\"https:\\\/\\\/xstyle.md\\\/product\\\/kurtka-rab-mythic-alpine-mns-graphene\\\/#breadcrumb\"},\"inLanguage\":\"ro-RO\",\"potentialAction\":[{\"@type\":\"ReadAction\",\"target\":[\"https:\\\/\\\/xstyle.md\\\/product\\\/kurtka-rab-mythic-alpine-mns-graphene\\\/\"]}]},{\"@type\":\"ImageObject\",\"inLanguage\":\"ro-RO\",\"@id\":\"https:\\\/\\\/xstyle.md\\\/product\\\/kurtka-rab-mythic-alpine-mns-graphene\\\/#primaryimage\",\"url\":\"https:\\\/\\\/xstyle.md\\\/wp-content\\\/uploads\\\/2022\\\/11\\\/rab-mythic-alpine-mns-graphene.jpg\",\"contentUrl\":\"https:\\\/\\\/xstyle.md\\\/wp-content\\\/uploads\\\/2022\\\/11\\\/rab-mythic-alpine-mns-graphene.jpg\",\"width\":1852,\"height\":1920,\"caption\":\"\u0422\u0430\u0431\u043b\u0438\u0446\u044f \u0440\u0456\u0447\u043d\u0438\u0445 \u0430\u043a\u0442\u0438\u0432\u043d\u0438\u0445 \u0442\u043e\u0432\u0430\u0440\u0456\u0432 \u0434\u043b\u044f \u0441\u043f\u043e\u0440\u0442\u0443 \u043f\u043e\u0445\u043e\u0434\u0456\u0432 \u0456 \u043c\u0430\u043d\u0434\u0440\u0456\u0432\u043e\u043a, \u043a\u0443\u0440\u0442\u043a\u0430 Rab Mythic Alpine Mns graphene \u0434\u043b\u044f \u0430\u043a\u0442\u0438\u0432\u043d\u043e\u0433\u043e \u0432\u0456\u0434\u043f\u043e\u0447\u0438\u043d\u043a\u0443, \u043e\u0434\u044f\u0433 \u0456 \u0432\u0437\u0443\u0442\u0442\u044f \u0434\u043b\u044f \u0445\u0430\u0439\u043a\u0456\u043d\u0433\u0443 \u0456 \u0430\u043b\u044c\u043f\u0456\u043d\u0456\u0437\u043c\u0443\"},{\"@type\":\"BreadcrumbList\",\"@id\":\"https:\\\/\\\/xstyle.md\\\/product\\\/kurtka-rab-mythic-alpine-mns-graphene\\\/#breadcrumb\",\"itemListElement\":[{\"@type\":\"ListItem\",\"position\":1,\"name\":\"\u0413\u043b\u0430\u0432\u043d\u0430\u044f \u0441\u0442\u0440\u0430\u043d\u0438\u0446\u0430\",\"item\":\"https:\\\/\\\/xstyle.md\\\/\"},{\"@type\":\"ListItem\",\"position\":2,\"name\":\"\u041c\u0430\u0433\u0430\u0437\u0438\u043d\",\"item\":\"https:\\\/\\\/xstyle.md\\\/shop\\\/\"},{\"@type\":\"ListItem\",\"position\":3,\"name\":\"\u041a\u0443\u0440\u0442\u043a\u0430 Rab Mythic Alpine Mns graphene\"}]},{\"@type\":\"WebSite\",\"@id\":\"https:\\\/\\\/xstyle.md\\\/#website\",\"url\":\"https:\\\/\\\/xstyle.md\\\/\",\"name\":\"\u041c\u0430\u0433\u0430\u0437\u0438\u043d Xstyle\",\"description\":\"C\u043d\u0430\u0440\u044f\u0436\u0435\u043d\u0438\u0435 \u0434\u043b\u044f \u0442\u0443\u0440\u0438\u0437\u043c\u0430 \u0438 \u044d\u043a\u0441\u0442\u0440\u0435\u043c\u0430\u043b\u044c\u043d\u044b\u0445 \u0432\u0438\u0434\u043e\u0432 \u0441\u043f\u043e\u0440\u0442\u0430 \u0432 \u041c\u043e\u043b\u0434\u043e\u0432\u0435.. \u0426\u0435\u043d\u044b, \u0444\u043e\u0442\u043e, \u0445\u0430\u0440\u0430\u043a\u0442\u0435\u0440\u0438\u0441\u0442\u0438\u043a\u0438 \u0432 \u041c\u043e\u043b\u0434\u043e\u0432\u0435.\",\"publisher\":{\"@id\":\"https:\\\/\\\/xstyle.md\\\/#organization\"},\"alternateName\":\"X-Style\",\"potentialAction\":[{\"@type\":\"SearchAction\",\"target\":{\"@type\":\"EntryPoint\",\"urlTemplate\":\"https:\\\/\\\/xstyle.md\\\/?s={search_term_string}\"},\"query-input\":{\"@type\":\"PropertyValueSpecification\",\"valueRequired\":true,\"valueName\":\"search_term_string\"}}],\"inLanguage\":\"ro-RO\"},{\"@type\":\"Organization\",\"@id\":\"https:\\\/\\\/xstyle.md\\\/#organization\",\"name\":\"\u041c\u0430\u0433\u0430\u0437\u0438\u043d Xstyle\",\"alternateName\":\"x-style\",\"url\":\"https:\\\/\\\/xstyle.md\\\/\",\"logo\":{\"@type\":\"ImageObject\",\"inLanguage\":\"ro-RO\",\"@id\":\"https:\\\/\\\/xstyle.md\\\/#\\\/schema\\\/logo\\\/image\\\/\",\"url\":\"https:\\\/\\\/xstyle.md\\\/wp-content\\\/uploads\\\/2020\\\/06\\\/logoicon.svg\",\"contentUrl\":\"https:\\\/\\\/xstyle.md\\\/wp-content\\\/uploads\\\/2020\\\/06\\\/logoicon.svg\",\"caption\":\"\u041c\u0430\u0433\u0430\u0437\u0438\u043d Xstyle\"},\"image\":{\"@id\":\"https:\\\/\\\/xstyle.md\\\/#\\\/schema\\\/logo\\\/image\\\/\"},\"sameAs\":[\"https:\\\/\\\/www.facebook.com\\\/xstylemd\",\"https:\\\/\\\/www.instagram.com\\\/xstyle_md\\\/\",\"https:\\\/\\\/t.me\\\/xstyle_outdoor\"],\"hasMerchantReturnPolicy\":{\"@type\":\"MerchantReturnPolicy\",\"merchantReturnLink\":\"https:\\\/\\\/xstyle.md\\\/ro\\\/conditions\\\/\"}}]}<\/script>\n<meta property=\"product:price:amount\" content=\"6490.00\" \/>\n<meta property=\"product:price:currency\" content=\"MDL\" \/>\n<meta property=\"og:availability\" content=\"out of stock\" \/>\n<meta property=\"product:availability\" content=\"out of stock\" \/>\n<meta property=\"product:retailer_item_id\" content=\"5059913010113\" \/>\n<meta property=\"product:condition\" content=\"new\" \/>\n<!-- \/ Yoast SEO plugin. -->","yoast_head_json":{"title":"Geac\u0103 Rab Mythic Alpine Mns graphene - Magazin Xstyle","description":"Jachet\u0103 Rab Mythic Alpine Mns graphene \u2014 ultra-u\u0219oar\u0103, c\u0103ptu\u0219it\u0103 cu puf pentru condi\u021bii extreme. Ideal\u0103 pentru ascensiuni montane \u00een vreme rece.","robots":{"index":"index","follow":"follow","max-snippet":"max-snippet:-1","max-image-preview":"max-image-preview:large","max-video-preview":"max-video-preview:-1"},"canonical":"https:\/\/xstyle.md\/ro\/produs\/kurtka-rab-mythic-alpine-mns-graphene\/","og_locale":"ro_RO","og_type":"article","og_title":"\u041a\u0443\u0440\u0442\u043a\u0430 Rab Mythic Alpine Mns graphene - \u041c\u0430\u0433\u0430\u0437\u0438\u043d Xstyle","og_description":"\u041a\u0443\u0440\u0442\u043a\u0430 Rab Mythic Alpine Mns graphene \u2014 \u0443\u043b\u044c\u0442\u0440\u0430\u043b\u0435\u0433\u043a\u0430\u044f, \u0443\u0442\u0435\u043f\u043b\u0435\u043d\u043d\u0430\u044f \u043f\u0443\u0445\u043e\u0432\u043a\u0430 \u0434\u043b\u044f \u044d\u043a\u0441\u0442\u0440\u0435\u043c\u0430\u043b\u044c\u043d\u044b\u0445 \u0443\u0441\u043b\u043e\u0432\u0438\u0439. \u0418\u0434\u0435\u0430\u043b\u044c\u043d\u0430 \u0434\u043b\u044f \u0433\u043e\u0440\u043d\u044b\u0445 \u0432\u043e\u0441\u0445\u043e\u0436\u0434\u0435\u043d\u0438\u0439 \u0432 \u0445\u043e\u043b\u043e\u0434\u043d\u0443\u044e \u043f\u043e\u0433\u043e\u0434\u0443.","og_url":"https:\/\/xstyle.md\/ro\/produs\/kurtka-rab-mythic-alpine-mns-graphene\/","og_site_name":"\u041c\u0430\u0433\u0430\u0437\u0438\u043d Xstyle","article_publisher":"https:\/\/www.facebook.com\/xstylemd","article_modified_time":"2025-11-11T15:04:19+00:00","og_image":[{"width":2468,"height":2558,"url":"https:\/\/xstyle.md\/wp-content\/uploads\/2022\/11\/rab-mythic-alpine-mns-graphene.jpg","type":"image\/jpeg"}],"twitter_card":"summary_large_image","twitter_misc":{"Pre\u021b":"6.490&nbsp;MDL","Disponibilitate":"Stoc epuizat"},"schema":{"@context":"https:\/\/schema.org","@graph":[{"@type":"WebPage","@id":"https:\/\/xstyle.md\/product\/kurtka-rab-mythic-alpine-mns-graphene\/","url":"https:\/\/xstyle.md\/product\/kurtka-rab-mythic-alpine-mns-graphene\/","name":"Geac\u0103 Rab Mythic Alpine Mns graphene - Magazin Xstyle","isPartOf":{"@id":"https:\/\/xstyle.md\/#website"},"primaryImageOfPage":{"@id":"https:\/\/xstyle.md\/product\/kurtka-rab-mythic-alpine-mns-graphene\/#primaryimage"},"image":{"@id":"https:\/\/xstyle.md\/product\/kurtka-rab-mythic-alpine-mns-graphene\/#primaryimage"},"thumbnailUrl":"https:\/\/xstyle.md\/wp-content\/uploads\/2022\/11\/rab-mythic-alpine-mns-graphene.jpg","datePublished":"2022-11-17T17:10:21+00:00","dateModified":"2025-11-11T15:04:19+00:00","description":"Jachet\u0103 Rab Mythic Alpine Mns graphene \u2014 ultra-u\u0219oar\u0103, c\u0103ptu\u0219it\u0103 cu puf pentru condi\u021bii extreme. Ideal\u0103 pentru ascensiuni montane \u00een vreme rece.","breadcrumb":{"@id":"https:\/\/xstyle.md\/product\/kurtka-rab-mythic-alpine-mns-graphene\/#breadcrumb"},"inLanguage":"ro-RO","potentialAction":[{"@type":"ReadAction","target":["https:\/\/xstyle.md\/product\/kurtka-rab-mythic-alpine-mns-graphene\/"]}]},{"@type":"ImageObject","inLanguage":"ro-RO","@id":"https:\/\/xstyle.md\/product\/kurtka-rab-mythic-alpine-mns-graphene\/#primaryimage","url":"https:\/\/xstyle.md\/wp-content\/uploads\/2022\/11\/rab-mythic-alpine-mns-graphene.jpg","contentUrl":"https:\/\/xstyle.md\/wp-content\/uploads\/2022\/11\/rab-mythic-alpine-mns-graphene.jpg","width":1852,"height":1920,"caption":"\u0422\u0430\u0431\u043b\u0438\u0446\u044f \u0440\u0456\u0447\u043d\u0438\u0445 \u0430\u043a\u0442\u0438\u0432\u043d\u0438\u0445 \u0442\u043e\u0432\u0430\u0440\u0456\u0432 \u0434\u043b\u044f \u0441\u043f\u043e\u0440\u0442\u0443 \u043f\u043e\u0445\u043e\u0434\u0456\u0432 \u0456 \u043c\u0430\u043d\u0434\u0440\u0456\u0432\u043e\u043a, \u043a\u0443\u0440\u0442\u043a\u0430 Rab Mythic Alpine Mns graphene \u0434\u043b\u044f \u0430\u043a\u0442\u0438\u0432\u043d\u043e\u0433\u043e \u0432\u0456\u0434\u043f\u043e\u0447\u0438\u043d\u043a\u0443, \u043e\u0434\u044f\u0433 \u0456 \u0432\u0437\u0443\u0442\u0442\u044f \u0434\u043b\u044f \u0445\u0430\u0439\u043a\u0456\u043d\u0433\u0443 \u0456 \u0430\u043b\u044c\u043f\u0456\u043d\u0456\u0437\u043c\u0443"},{"@type":"BreadcrumbList","@id":"https:\/\/xstyle.md\/product\/kurtka-rab-mythic-alpine-mns-graphene\/#breadcrumb","itemListElement":[{"@type":"ListItem","position":1,"name":"\u0413\u043b\u0430\u0432\u043d\u0430\u044f \u0441\u0442\u0440\u0430\u043d\u0438\u0446\u0430","item":"https:\/\/xstyle.md\/"},{"@type":"ListItem","position":2,"name":"\u041c\u0430\u0433\u0430\u0437\u0438\u043d","item":"https:\/\/xstyle.md\/shop\/"},{"@type":"ListItem","position":3,"name":"\u041a\u0443\u0440\u0442\u043a\u0430 Rab Mythic Alpine Mns graphene"}]},{"@type":"WebSite","@id":"https:\/\/xstyle.md\/#website","url":"https:\/\/xstyle.md\/","name":"Magazinul X-Style","description":"Echipamente pentru turism \u0219i sporturi extreme \u00een Moldova. Pre\u021buri, fotografii, caracteristici \u00een Moldova.","publisher":{"@id":"https:\/\/xstyle.md\/#organization"},"alternateName":"X-Style","potentialAction":[{"@type":"SearchAction","target":{"@type":"EntryPoint","urlTemplate":"https:\/\/xstyle.md\/?s={search_term_string}"},"query-input":{"@type":"PropertyValueSpecification","valueRequired":true,"valueName":"search_term_string"}}],"inLanguage":"ro-RO"},{"@type":"Organization","@id":"https:\/\/xstyle.md\/#organization","name":"Magazinul X-Style","alternateName":"x-style","url":"https:\/\/xstyle.md\/","logo":{"@type":"ImageObject","inLanguage":"ro-RO","@id":"https:\/\/xstyle.md\/#\/schema\/logo\/image\/","url":"https:\/\/xstyle.md\/wp-content\/uploads\/2020\/06\/logoicon.svg","contentUrl":"https:\/\/xstyle.md\/wp-content\/uploads\/2020\/06\/logoicon.svg","caption":"\u041c\u0430\u0433\u0430\u0437\u0438\u043d Xstyle"},"image":{"@id":"https:\/\/xstyle.md\/#\/schema\/logo\/image\/"},"sameAs":["https:\/\/www.facebook.com\/xstylemd","https:\/\/www.instagram.com\/xstyle_md\/","https:\/\/t.me\/xstyle_outdoor"],"hasMerchantReturnPolicy":{"@type":"MerchantReturnPolicy","merchantReturnLink":"https:\/\/xstyle.md\/ro\/conditions\/"}}]},"product_price_amount":"6490.00","product_price_currency":"MDL","og_availability":"out of stock","product_availability":"out of stock","product_retailer_item_id":"5059913010113","product_condition":"new"},"_links":{"self":[{"href":"https:\/\/xstyle.md\/ro\/wp-json\/wp\/v2\/product\/59382","targetHints":{"allow":["GET"]}}],"collection":[{"href":"https:\/\/xstyle.md\/ro\/wp-json\/wp\/v2\/product"}],"about":[{"href":"https:\/\/xstyle.md\/ro\/wp-json\/wp\/v2\/types\/product"}],"replies":[{"embeddable":true,"href":"https:\/\/xstyle.md\/ro\/wp-json\/wp\/v2\/comments?post=59382"}],"wp:featuredmedia":[{"embeddable":true,"href":"https:\/\/xstyle.md\/ro\/wp-json\/wp\/v2\/media\/59977"}],"wp:attachment":[{"href":"https:\/\/xstyle.md\/ro\/wp-json\/wp\/v2\/media?parent=59382"}],"wp:term":[{"taxonomy":"product_brand","embeddable":true,"href":"https:\/\/xstyle.md\/ro\/wp-json\/wp\/v2\/product_brand?post=59382"},{"taxonomy":"product_cat","embeddable":true,"href":"https:\/\/xstyle.md\/ro\/wp-json\/wp\/v2\/product_cat?post=59382"},{"taxonomy":"product_tag","embeddable":true,"href":"https:\/\/xstyle.md\/ro\/wp-json\/wp\/v2\/product_tag?post=59382"}],"curies":[{"name":"wp","href":"https:\/\/api.w.org\/{rel}","templated":true}]}}