{"id":59354,"date":"2022-11-17T20:10:15","date_gmt":"2022-11-17T17:10:15","guid":{"rendered":"https:\/\/xstyle.md\/?post_type=product&#038;p=59354"},"modified":"2024-10-03T00:45:50","modified_gmt":"2024-10-02T21:45:50","slug":"chuni-rab-outpost-hut-boot-chlorite-green","status":"publish","type":"product","link":"https:\/\/xstyle.md\/ro\/produs\/chuni-rab-outpost-hut-boot-chlorite-green\/","title":{"rendered":"Papuci de cort Rab Outpost Hut Boot Chlorite Green"},"content":{"rendered":"<\/p>\n<p><strong>Rab Outpost Hut Boot<\/strong> &#8212; papuci u\u0219ori, concepu\u021bi pentru a oferi c\u0103ldur\u0103 \u0219i confort maxim la sf\u00e2r\u0219itul unei zile grele de drume\u021bii \u0219i schi, precum \u0219i la adun\u0103rile la foc de tab\u0103r\u0103. Sunt confec\u021biona\u021bi din fleece Polartec\u00ae Thermal Pro\u00ae, care se usuc\u0103 rapid, ofer\u0103 c\u0103ldur\u0103 \u0219i arat\u0103 ca l\u00e2na natural\u0103. Talpa moale din poliuretan este antiderapant\u0103.<\/p>\n<h3>Particularit\u0103\u021bi<\/h3>\n<ul>\n<li>Man\u0219ete deasupra gleznei cu c\u0103ptu\u0219eal\u0103 elastic\u0103 din fleece<\/li>\n<li>Talp\u0103 confortabil\u0103 c\u0103ptu\u0219it\u0103 cu fleece<\/li>\n<li>Talp\u0103 antiderapant\u0103 din poliuretan cu talp\u0103 intermediar\u0103 EVA moale<\/li>\n<li>Bucla de tragere din spate.<\/li>\n<\/ul>\n<h3>Caracterisitici<\/h3>\n<ul>\n<li>Izola\u021bie &#8212; Polartec\u00ae Thermal Pro\u00ae.<\/li>\n<li>Destina\u021bie &#8212; alpinism, bivuac, camping, altitudine \u0219i activit\u0103\u021bi polare.<\/li>\n<li>Greutate &#8212; 155 g.<\/li>\n<\/ul>\n<h3>Tehnologie<\/h3>\n<ul>\n<li><strong>POLARTEC<\/strong>\u00ae <strong>Thermal Pro<\/strong>\u00ae &#8212; este cel mai func\u021bional \u0219i mai avansat material din punct de vedere tehnologic din familia Polartec\u00ae. \u00cen produc\u021bia acestei game de \u021bes\u0103turi, s-a ob\u021binut cel mai bun raport dintre izola\u021bia termic\u0103 \u0219i greutatea materialului, \u00een compara\u021bie cu alte \u021bes\u0103turi Polartec\u00ae. \u021aes\u0103tura are o permeabilitate excelent\u0103 la aer, se usuc\u0103 rapid \u0219i este u\u0219or de cur\u0103\u021bat.<\/li>\n<\/ul>\n<h3>Marca<\/h3>\n<p>Rab \u2014 un produc\u0103tor britanic de \u00eembr\u0103c\u0103minte \u0219i echipament pentru alpinism, al c\u0103rui punct forte este \u00eembr\u0103c\u0103mintea sportiv\u0103 de \u00eenalt\u0103 calitate \u0219i tehnologic avansat\u0103, izola\u021bia din puf \u0219i chestii pentru cap. Balaclavele acestui produc\u0103tor, de exemplu, sunt unele dintre cele mai bune exemple de pe pia\u021b\u0103, sacii de dormit se remarc\u0103 prin chibzuin\u021b\u0103.<\/p>\n<p>Compania a fost fondat\u0103 \u00een 1981 de alpinistul Rab Carrington. Baz\u00e2ndu-se pe propria sa experien\u021b\u0103 \u00een expedi\u021bii numeroase, Carrington a conceput ideea unui program ambi\u021bios pentru a asigura confort, protec\u021bie, \u0219 i libertate \u00een muni\u021bie, tobe \u0219 i alpinism.<\/p>\n<p>Gecile, sacii de dormit \u0219i \u00eembr\u0103c\u0103mintea de expedi\u021bie Rab sunt fabricate din puf de g\u00e2sc\u0103 \u0219i ra\u021b\u0103 certificate de c\u0103tre Responsible Down. Un tratament hidrofug f\u0103r\u0103 fluorocarbon numit Nikwax este, de asemenea, folosit \u00een \u00eembr\u0103c\u0103minte \u0219i saci de dormit pentru a preveni \u00eengreunarea lor \u00een ap\u0103. \u00cen plus, pentru izola\u021bie se folosesc materiale sintetice de \u00eenalt\u0103 calitate. \u00cembr\u0103c\u0103mintea Rab a devenit &#171;sinonim cu produsele de calitate superioar\u0103 fabricate din puf&#187;.<\/p>\n<p>","protected":false},"excerpt":{"rendered":"","protected":false},"featured_media":59569,"comment_status":"open","ping_status":"closed","template":"","meta":{"_acf_changed":false,"inline_featured_image":false},"product_brand":[1442],"product_cat":[1097],"product_tag":[],"class_list":{"0":"post-59354","1":"product","2":"type-product","3":"status-publish","4":"has-post-thumbnail","6":"product_brand-rab","7":"product_cat-chuni","9":"first","10":"instock","11":"shipping-taxable","12":"purchasable","13":"product-type-simple"},"acf":[],"yoast_head":"<!-- This site is optimized with the Yoast SEO plugin v27.4 - https:\/\/yoast.com\/product\/yoast-seo-wordpress\/ -->\n<title>\u0427\u0443\u043d\u0438 Rab Outpost Hut Boot Chlorite Green - \u041c\u0430\u0433\u0430\u0437\u0438\u043d Xstyle<\/title>\n<meta name=\"description\" content=\"\u0427\u0443\u043d\u0438 Rab Outpost Hut Boot Chlorite Green \u2013 \u043b\u0435\u0433\u043a\u0438\u0435 \u0438 \u0442\u0435\u043f\u043b\u044b\u0435, \u0438\u0434\u0435\u0430\u043b\u044c\u043d\u044b \u0434\u043b\u044f \u043e\u0442\u0434\u044b\u0445\u0430 \u043f\u043e\u0441\u043b\u0435 \u043f\u043e\u0445\u043e\u0434\u043e\u0432. \u0414\u043e\u043b\u0433\u043e\u0432\u0435\u0447\u043d\u044b\u0439 \u0444\u043b\u0438\u0441 Polartec Thermal Pro. \u0423\u0434\u043e\u0431\u0441\u0442\u0432\u043e \u0432 \u043a\u0430\u0436\u0434\u043e\u0439 \u0434\u0435\u0442\u0430\u043b\u0438!\" \/>\n<meta name=\"robots\" content=\"index, follow, max-snippet:-1, max-image-preview:large, max-video-preview:-1\" \/>\n<link rel=\"canonical\" href=\"https:\/\/xstyle.md\/ro\/produs\/chuni-rab-outpost-hut-boot-chlorite-green\/\" \/>\n<meta property=\"og:locale\" content=\"ro_RO\" \/>\n<meta property=\"og:type\" content=\"article\" \/>\n<meta property=\"og:title\" content=\"\u0427\u0443\u043d\u0438 Rab Outpost Hut Boot Chlorite Green - \u041c\u0430\u0433\u0430\u0437\u0438\u043d Xstyle\" \/>\n<meta property=\"og:description\" content=\"\u0427\u0443\u043d\u0438 Rab Outpost Hut Boot Chlorite Green \u2013 \u043b\u0435\u0433\u043a\u0438\u0435 \u0438 \u0442\u0435\u043f\u043b\u044b\u0435, \u0438\u0434\u0435\u0430\u043b\u044c\u043d\u044b \u0434\u043b\u044f \u043e\u0442\u0434\u044b\u0445\u0430 \u043f\u043e\u0441\u043b\u0435 \u043f\u043e\u0445\u043e\u0434\u043e\u0432. \u0414\u043e\u043b\u0433\u043e\u0432\u0435\u0447\u043d\u044b\u0439 \u0444\u043b\u0438\u0441 Polartec Thermal Pro. \u0423\u0434\u043e\u0431\u0441\u0442\u0432\u043e \u0432 \u043a\u0430\u0436\u0434\u043e\u0439 \u0434\u0435\u0442\u0430\u043b\u0438!\" \/>\n<meta property=\"og:url\" content=\"https:\/\/xstyle.md\/ro\/produs\/chuni-rab-outpost-hut-boot-chlorite-green\/\" \/>\n<meta property=\"og:site_name\" content=\"\u041c\u0430\u0433\u0430\u0437\u0438\u043d Xstyle\" \/>\n<meta property=\"article:publisher\" content=\"https:\/\/www.facebook.com\/xstylemd\" \/>\n<meta property=\"article:modified_time\" content=\"2024-10-02T21:45:50+00:00\" \/>\n<meta property=\"og:image\" content=\"https:\/\/xstyle.md\/wp-content\/uploads\/2022\/11\/rab-outpost-hut-boot-chlorite-green.jpg\" \/>\n\t<meta property=\"og:image:width\" content=\"912\" \/>\n\t<meta property=\"og:image:height\" content=\"832\" \/>\n\t<meta property=\"og:image:type\" content=\"image\/jpeg\" \/>\n<meta name=\"twitter:card\" content=\"summary_large_image\" \/>\n<meta name=\"twitter:label1\" content=\"Pre\u021b\" \/>\n\t<meta name=\"twitter:data1\" content=\"790&nbsp;MDL\" \/>\n\t<meta name=\"twitter:label2\" content=\"Disponibilitate\" \/>\n\t<meta name=\"twitter:data2\" content=\"\u00cen stoc\" \/>\n<script type=\"application\/ld+json\" class=\"yoast-schema-graph\">{\"@context\":\"https:\\\/\\\/schema.org\",\"@graph\":[{\"@type\":\"WebPage\",\"@id\":\"https:\\\/\\\/xstyle.md\\\/product\\\/chuni-rab-outpost-hut-boot-chlorite-green\\\/\",\"url\":\"https:\\\/\\\/xstyle.md\\\/product\\\/chuni-rab-outpost-hut-boot-chlorite-green\\\/\",\"name\":\"\u0427\u0443\u043d\u0438 Rab Outpost Hut Boot Chlorite Green - \u041c\u0430\u0433\u0430\u0437\u0438\u043d Xstyle\",\"isPartOf\":{\"@id\":\"https:\\\/\\\/xstyle.md\\\/#website\"},\"primaryImageOfPage\":{\"@id\":\"https:\\\/\\\/xstyle.md\\\/product\\\/chuni-rab-outpost-hut-boot-chlorite-green\\\/#primaryimage\"},\"image\":{\"@id\":\"https:\\\/\\\/xstyle.md\\\/product\\\/chuni-rab-outpost-hut-boot-chlorite-green\\\/#primaryimage\"},\"thumbnailUrl\":\"https:\\\/\\\/xstyle.md\\\/wp-content\\\/uploads\\\/2022\\\/11\\\/rab-outpost-hut-boot-chlorite-green.jpg\",\"datePublished\":\"2022-11-17T17:10:15+00:00\",\"dateModified\":\"2024-10-02T21:45:50+00:00\",\"description\":\"\u0427\u0443\u043d\u0438 Rab Outpost Hut Boot Chlorite Green \u2013 \u043b\u0435\u0433\u043a\u0438\u0435 \u0438 \u0442\u0435\u043f\u043b\u044b\u0435, \u0438\u0434\u0435\u0430\u043b\u044c\u043d\u044b \u0434\u043b\u044f \u043e\u0442\u0434\u044b\u0445\u0430 \u043f\u043e\u0441\u043b\u0435 \u043f\u043e\u0445\u043e\u0434\u043e\u0432. \u0414\u043e\u043b\u0433\u043e\u0432\u0435\u0447\u043d\u044b\u0439 \u0444\u043b\u0438\u0441 Polartec Thermal Pro. \u0423\u0434\u043e\u0431\u0441\u0442\u0432\u043e \u0432 \u043a\u0430\u0436\u0434\u043e\u0439 \u0434\u0435\u0442\u0430\u043b\u0438!\",\"breadcrumb\":{\"@id\":\"https:\\\/\\\/xstyle.md\\\/product\\\/chuni-rab-outpost-hut-boot-chlorite-green\\\/#breadcrumb\"},\"inLanguage\":\"ro-RO\",\"potentialAction\":[{\"@type\":\"ReadAction\",\"target\":[\"https:\\\/\\\/xstyle.md\\\/product\\\/chuni-rab-outpost-hut-boot-chlorite-green\\\/\"]}]},{\"@type\":\"ImageObject\",\"inLanguage\":\"ro-RO\",\"@id\":\"https:\\\/\\\/xstyle.md\\\/product\\\/chuni-rab-outpost-hut-boot-chlorite-green\\\/#primaryimage\",\"url\":\"https:\\\/\\\/xstyle.md\\\/wp-content\\\/uploads\\\/2022\\\/11\\\/rab-outpost-hut-boot-chlorite-green.jpg\",\"contentUrl\":\"https:\\\/\\\/xstyle.md\\\/wp-content\\\/uploads\\\/2022\\\/11\\\/rab-outpost-hut-boot-chlorite-green.jpg\",\"width\":912,\"height\":832,\"caption\":\"\u0410\u043a\u0442\u0438\u0432\u043d\u0430\u044f \u043e\u0434\u0435\u0436\u0434\u0430 \u0438 \u043e\u0431\u0443\u0432\u044c \u0434\u043b\u044f \u043f\u0443\u0442\u0435\u0448\u0435\u0441\u0442\u0432\u0438\u0439 \u0438 \u043f\u043e\u0445\u043e\u0434\u043e\u0432 \u0427\u0443\u043d\u0438 Rab Outpost Hut Boot Chlorite Green \u0434\u043b\u044f \u0442\u0443\u0440\u0438\u0437\u043c\u0430 \u0430\u043b\u044c\u043f\u0438\u043d\u0438\u0437\u043c\u0430 \u0438 \u0441\u043a\u0430\u043b\u043e\u043b\u0430\u0437\u0430\u043d\u0438\u044f \u043d\u0430 \u0441\u0430\u0439\u0442\u0435 \u0438\u043d\u0442\u0435\u0440\u043d\u0435\u0442-\u043c\u0430\u0433\u0430\u0437\u0438\u043d\u0430\u0414\u043b\u044f \u0430\u043a\u0442\u0438\u0432\u043d\u043e\u0439 \u0436\u0438\u0437\u043d\u0438 \u043e\u0445\u043e\u0442\u044b \u0438 \u0442\u0443\u0440\u0438\u0441\u0442\u0438\u0447\u0435\u0441\u043a\u0438\u0445 \u043f\u043e\u0445\u043e\u0434\u043e\u0432 \u041e\u0434\u0435\u0436\u0434\u0430 \u043e\u0431\u0443\u0432\u044c \u0438 \u0430\u043a\u0441\u0435\u0441\u0441\u0443\u0430\u0440\u044b \u0434\u043b\u044f \u043f\u0443\u0442\u0435\u0448\u0435\u0441\u0442\u0432\u0438\u0439 \u0438 \u0430\u043a\u0442\u0438\u0432\u043d\u043e\u0433\u043e \u043e\u0442\u0434\u044b\u0445\u0430\"},{\"@type\":\"BreadcrumbList\",\"@id\":\"https:\\\/\\\/xstyle.md\\\/product\\\/chuni-rab-outpost-hut-boot-chlorite-green\\\/#breadcrumb\",\"itemListElement\":[{\"@type\":\"ListItem\",\"position\":1,\"name\":\"\u0413\u043b\u0430\u0432\u043d\u0430\u044f \u0441\u0442\u0440\u0430\u043d\u0438\u0446\u0430\",\"item\":\"https:\\\/\\\/xstyle.md\\\/\"},{\"@type\":\"ListItem\",\"position\":2,\"name\":\"\u041c\u0430\u0433\u0430\u0437\u0438\u043d\",\"item\":\"https:\\\/\\\/xstyle.md\\\/shop\\\/\"},{\"@type\":\"ListItem\",\"position\":3,\"name\":\"\u0427\u0443\u043d\u0438 Rab Outpost Hut Boot Chlorite Green\"}]},{\"@type\":\"WebSite\",\"@id\":\"https:\\\/\\\/xstyle.md\\\/#website\",\"url\":\"https:\\\/\\\/xstyle.md\\\/\",\"name\":\"\u041c\u0430\u0433\u0430\u0437\u0438\u043d Xstyle\",\"description\":\"C\u043d\u0430\u0440\u044f\u0436\u0435\u043d\u0438\u0435 \u0434\u043b\u044f \u0442\u0443\u0440\u0438\u0437\u043c\u0430 \u0438 \u044d\u043a\u0441\u0442\u0440\u0435\u043c\u0430\u043b\u044c\u043d\u044b\u0445 \u0432\u0438\u0434\u043e\u0432 \u0441\u043f\u043e\u0440\u0442\u0430 \u0432 \u041c\u043e\u043b\u0434\u043e\u0432\u0435.. \u0426\u0435\u043d\u044b, \u0444\u043e\u0442\u043e, \u0445\u0430\u0440\u0430\u043a\u0442\u0435\u0440\u0438\u0441\u0442\u0438\u043a\u0438 \u0432 \u041c\u043e\u043b\u0434\u043e\u0432\u0435.\",\"publisher\":{\"@id\":\"https:\\\/\\\/xstyle.md\\\/#organization\"},\"alternateName\":\"X-Style\",\"potentialAction\":[{\"@type\":\"SearchAction\",\"target\":{\"@type\":\"EntryPoint\",\"urlTemplate\":\"https:\\\/\\\/xstyle.md\\\/?s={search_term_string}\"},\"query-input\":{\"@type\":\"PropertyValueSpecification\",\"valueRequired\":true,\"valueName\":\"search_term_string\"}}],\"inLanguage\":\"ro-RO\"},{\"@type\":\"Organization\",\"@id\":\"https:\\\/\\\/xstyle.md\\\/#organization\",\"name\":\"\u041c\u0430\u0433\u0430\u0437\u0438\u043d Xstyle\",\"alternateName\":\"x-style\",\"url\":\"https:\\\/\\\/xstyle.md\\\/\",\"logo\":{\"@type\":\"ImageObject\",\"inLanguage\":\"ro-RO\",\"@id\":\"https:\\\/\\\/xstyle.md\\\/#\\\/schema\\\/logo\\\/image\\\/\",\"url\":\"https:\\\/\\\/xstyle.md\\\/wp-content\\\/uploads\\\/2020\\\/06\\\/logoicon.svg\",\"contentUrl\":\"https:\\\/\\\/xstyle.md\\\/wp-content\\\/uploads\\\/2020\\\/06\\\/logoicon.svg\",\"caption\":\"\u041c\u0430\u0433\u0430\u0437\u0438\u043d Xstyle\"},\"image\":{\"@id\":\"https:\\\/\\\/xstyle.md\\\/#\\\/schema\\\/logo\\\/image\\\/\"},\"sameAs\":[\"https:\\\/\\\/www.facebook.com\\\/xstylemd\",\"https:\\\/\\\/www.instagram.com\\\/xstyle_md\\\/\",\"https:\\\/\\\/t.me\\\/xstyle_outdoor\"],\"hasMerchantReturnPolicy\":{\"@type\":\"MerchantReturnPolicy\",\"merchantReturnLink\":\"https:\\\/\\\/xstyle.md\\\/ro\\\/conditions\\\/\"}}]}<\/script>\n<meta property=\"product:price:amount\" content=\"790.00\" \/>\n<meta property=\"product:price:currency\" content=\"MDL\" \/>\n<meta property=\"og:availability\" content=\"instock\" \/>\n<meta property=\"product:availability\" content=\"instock\" \/>\n<meta property=\"product:retailer_item_id\" content=\"821468983502\" \/>\n<meta property=\"product:condition\" content=\"new\" \/>\n<!-- \/ Yoast SEO plugin. -->","yoast_head_json":{"title":"Papuci de cort Rab Outpost Hut Boot Chlorite Green - Magazin Xstyle","description":"\u010cuni Rab Outpost Hut Boot Chlorite Green \u2013 u\u0219oare \u0219i calde, ideale pentru odihna dup\u0103 drume\u021bii. Fleece-ul durabil Polartec Thermal Pro. Confort \u00een fiecare detaliu!","robots":{"index":"index","follow":"follow","max-snippet":"max-snippet:-1","max-image-preview":"max-image-preview:large","max-video-preview":"max-video-preview:-1"},"canonical":"https:\/\/xstyle.md\/ro\/produs\/chuni-rab-outpost-hut-boot-chlorite-green\/","og_locale":"ro_RO","og_type":"article","og_title":"\u0427\u0443\u043d\u0438 Rab Outpost Hut Boot Chlorite Green - \u041c\u0430\u0433\u0430\u0437\u0438\u043d Xstyle","og_description":"\u0427\u0443\u043d\u0438 Rab Outpost Hut Boot Chlorite Green \u2013 \u043b\u0435\u0433\u043a\u0438\u0435 \u0438 \u0442\u0435\u043f\u043b\u044b\u0435, \u0438\u0434\u0435\u0430\u043b\u044c\u043d\u044b \u0434\u043b\u044f \u043e\u0442\u0434\u044b\u0445\u0430 \u043f\u043e\u0441\u043b\u0435 \u043f\u043e\u0445\u043e\u0434\u043e\u0432. \u0414\u043e\u043b\u0433\u043e\u0432\u0435\u0447\u043d\u044b\u0439 \u0444\u043b\u0438\u0441 Polartec Thermal Pro. \u0423\u0434\u043e\u0431\u0441\u0442\u0432\u043e \u0432 \u043a\u0430\u0436\u0434\u043e\u0439 \u0434\u0435\u0442\u0430\u043b\u0438!","og_url":"https:\/\/xstyle.md\/ro\/produs\/chuni-rab-outpost-hut-boot-chlorite-green\/","og_site_name":"\u041c\u0430\u0433\u0430\u0437\u0438\u043d Xstyle","article_publisher":"https:\/\/www.facebook.com\/xstylemd","article_modified_time":"2024-10-02T21:45:50+00:00","og_image":[{"width":912,"height":832,"url":"https:\/\/xstyle.md\/wp-content\/uploads\/2022\/11\/rab-outpost-hut-boot-chlorite-green.jpg","type":"image\/jpeg"}],"twitter_card":"summary_large_image","twitter_misc":{"Pre\u021b":"790&nbsp;MDL","Disponibilitate":"\u00cen stoc"},"schema":{"@context":"https:\/\/schema.org","@graph":[{"@type":"WebPage","@id":"https:\/\/xstyle.md\/product\/chuni-rab-outpost-hut-boot-chlorite-green\/","url":"https:\/\/xstyle.md\/product\/chuni-rab-outpost-hut-boot-chlorite-green\/","name":"Papuci de cort Rab Outpost Hut Boot Chlorite Green - Magazin Xstyle","isPartOf":{"@id":"https:\/\/xstyle.md\/#website"},"primaryImageOfPage":{"@id":"https:\/\/xstyle.md\/product\/chuni-rab-outpost-hut-boot-chlorite-green\/#primaryimage"},"image":{"@id":"https:\/\/xstyle.md\/product\/chuni-rab-outpost-hut-boot-chlorite-green\/#primaryimage"},"thumbnailUrl":"https:\/\/xstyle.md\/wp-content\/uploads\/2022\/11\/rab-outpost-hut-boot-chlorite-green.jpg","datePublished":"2022-11-17T17:10:15+00:00","dateModified":"2024-10-02T21:45:50+00:00","description":"\u010cuni Rab Outpost Hut Boot Chlorite Green \u2013 u\u0219oare \u0219i calde, ideale pentru odihna dup\u0103 drume\u021bii. Fleece-ul durabil Polartec Thermal Pro. Confort \u00een fiecare detaliu!","breadcrumb":{"@id":"https:\/\/xstyle.md\/product\/chuni-rab-outpost-hut-boot-chlorite-green\/#breadcrumb"},"inLanguage":"ro-RO","potentialAction":[{"@type":"ReadAction","target":["https:\/\/xstyle.md\/product\/chuni-rab-outpost-hut-boot-chlorite-green\/"]}]},{"@type":"ImageObject","inLanguage":"ro-RO","@id":"https:\/\/xstyle.md\/product\/chuni-rab-outpost-hut-boot-chlorite-green\/#primaryimage","url":"https:\/\/xstyle.md\/wp-content\/uploads\/2022\/11\/rab-outpost-hut-boot-chlorite-green.jpg","contentUrl":"https:\/\/xstyle.md\/wp-content\/uploads\/2022\/11\/rab-outpost-hut-boot-chlorite-green.jpg","width":912,"height":832,"caption":"\u0410\u043a\u0442\u0438\u0432\u043d\u0430\u044f \u043e\u0434\u0435\u0436\u0434\u0430 \u0438 \u043e\u0431\u0443\u0432\u044c \u0434\u043b\u044f \u043f\u0443\u0442\u0435\u0448\u0435\u0441\u0442\u0432\u0438\u0439 \u0438 \u043f\u043e\u0445\u043e\u0434\u043e\u0432 \u0427\u0443\u043d\u0438 Rab Outpost Hut Boot Chlorite Green \u0434\u043b\u044f \u0442\u0443\u0440\u0438\u0437\u043c\u0430 \u0430\u043b\u044c\u043f\u0438\u043d\u0438\u0437\u043c\u0430 \u0438 \u0441\u043a\u0430\u043b\u043e\u043b\u0430\u0437\u0430\u043d\u0438\u044f \u043d\u0430 \u0441\u0430\u0439\u0442\u0435 \u0438\u043d\u0442\u0435\u0440\u043d\u0435\u0442-\u043c\u0430\u0433\u0430\u0437\u0438\u043d\u0430\u0414\u043b\u044f \u0430\u043a\u0442\u0438\u0432\u043d\u043e\u0439 \u0436\u0438\u0437\u043d\u0438 \u043e\u0445\u043e\u0442\u044b \u0438 \u0442\u0443\u0440\u0438\u0441\u0442\u0438\u0447\u0435\u0441\u043a\u0438\u0445 \u043f\u043e\u0445\u043e\u0434\u043e\u0432 \u041e\u0434\u0435\u0436\u0434\u0430 \u043e\u0431\u0443\u0432\u044c \u0438 \u0430\u043a\u0441\u0435\u0441\u0441\u0443\u0430\u0440\u044b \u0434\u043b\u044f \u043f\u0443\u0442\u0435\u0448\u0435\u0441\u0442\u0432\u0438\u0439 \u0438 \u0430\u043a\u0442\u0438\u0432\u043d\u043e\u0433\u043e \u043e\u0442\u0434\u044b\u0445\u0430"},{"@type":"BreadcrumbList","@id":"https:\/\/xstyle.md\/product\/chuni-rab-outpost-hut-boot-chlorite-green\/#breadcrumb","itemListElement":[{"@type":"ListItem","position":1,"name":"\u0413\u043b\u0430\u0432\u043d\u0430\u044f \u0441\u0442\u0440\u0430\u043d\u0438\u0446\u0430","item":"https:\/\/xstyle.md\/"},{"@type":"ListItem","position":2,"name":"\u041c\u0430\u0433\u0430\u0437\u0438\u043d","item":"https:\/\/xstyle.md\/shop\/"},{"@type":"ListItem","position":3,"name":"\u0427\u0443\u043d\u0438 Rab Outpost Hut Boot Chlorite Green"}]},{"@type":"WebSite","@id":"https:\/\/xstyle.md\/#website","url":"https:\/\/xstyle.md\/","name":"Magazinul X-Style","description":"Echipamente pentru turism \u0219i sporturi extreme \u00een Moldova. Pre\u021buri, fotografii, caracteristici \u00een Moldova.","publisher":{"@id":"https:\/\/xstyle.md\/#organization"},"alternateName":"X-Style","potentialAction":[{"@type":"SearchAction","target":{"@type":"EntryPoint","urlTemplate":"https:\/\/xstyle.md\/?s={search_term_string}"},"query-input":{"@type":"PropertyValueSpecification","valueRequired":true,"valueName":"search_term_string"}}],"inLanguage":"ro-RO"},{"@type":"Organization","@id":"https:\/\/xstyle.md\/#organization","name":"Magazinul X-Style","alternateName":"x-style","url":"https:\/\/xstyle.md\/","logo":{"@type":"ImageObject","inLanguage":"ro-RO","@id":"https:\/\/xstyle.md\/#\/schema\/logo\/image\/","url":"https:\/\/xstyle.md\/wp-content\/uploads\/2020\/06\/logoicon.svg","contentUrl":"https:\/\/xstyle.md\/wp-content\/uploads\/2020\/06\/logoicon.svg","caption":"\u041c\u0430\u0433\u0430\u0437\u0438\u043d Xstyle"},"image":{"@id":"https:\/\/xstyle.md\/#\/schema\/logo\/image\/"},"sameAs":["https:\/\/www.facebook.com\/xstylemd","https:\/\/www.instagram.com\/xstyle_md\/","https:\/\/t.me\/xstyle_outdoor"],"hasMerchantReturnPolicy":{"@type":"MerchantReturnPolicy","merchantReturnLink":"https:\/\/xstyle.md\/ro\/conditions\/"}}]},"product_price_amount":"790.00","product_price_currency":"MDL","og_availability":"instock","product_availability":"instock","product_retailer_item_id":"821468983502","product_condition":"new"},"_links":{"self":[{"href":"https:\/\/xstyle.md\/ro\/wp-json\/wp\/v2\/product\/59354","targetHints":{"allow":["GET"]}}],"collection":[{"href":"https:\/\/xstyle.md\/ro\/wp-json\/wp\/v2\/product"}],"about":[{"href":"https:\/\/xstyle.md\/ro\/wp-json\/wp\/v2\/types\/product"}],"replies":[{"embeddable":true,"href":"https:\/\/xstyle.md\/ro\/wp-json\/wp\/v2\/comments?post=59354"}],"wp:featuredmedia":[{"embeddable":true,"href":"https:\/\/xstyle.md\/ro\/wp-json\/wp\/v2\/media\/59569"}],"wp:attachment":[{"href":"https:\/\/xstyle.md\/ro\/wp-json\/wp\/v2\/media?parent=59354"}],"wp:term":[{"taxonomy":"product_brand","embeddable":true,"href":"https:\/\/xstyle.md\/ro\/wp-json\/wp\/v2\/product_brand?post=59354"},{"taxonomy":"product_cat","embeddable":true,"href":"https:\/\/xstyle.md\/ro\/wp-json\/wp\/v2\/product_cat?post=59354"},{"taxonomy":"product_tag","embeddable":true,"href":"https:\/\/xstyle.md\/ro\/wp-json\/wp\/v2\/product_tag?post=59354"}],"curies":[{"name":"wp","href":"https:\/\/api.w.org\/{rel}","templated":true}]}}