{"id":59346,"date":"2022-11-17T20:10:14","date_gmt":"2022-11-17T17:10:14","guid":{"rendered":"https:\/\/xstyle.md\/?post_type=product&#038;p=59346"},"modified":"2025-10-24T12:42:59","modified_gmt":"2025-10-24T09:42:59","slug":"ochki-julbo-shield-bordeau-orange-sp3cf","status":"publish","type":"product","link":"https:\/\/xstyle.md\/ro\/produs\/ochki-julbo-shield-bordeau-orange-sp3cf\/","title":{"rendered":"Ochelari Julbo Shield Bordeau\/Orange SP3CF"},"content":{"rendered":"<\/p>\n<p><strong>Julbo Shield Bordeau\/Orange SP3CF<\/strong> &#8212; este un model perfect pentru cross\/mountain biking cu ochelari de protec\u021bie, lentile fotocromice, o fixare sigur\u0103 \u0219i un design elegant. Perdelele laterale, care pot fi \u00eendep\u0103rtate rapid atunci c\u00e2nd este necesar, adaug\u0103 protec\u021bie \u00eempotriva rafalelor de v\u00e2nt \u0219i a luminii solare puternice. Curea reglabil\u0103 pentru ag\u0103\u021barea ochelarilor \u00een jurul g\u00e2tului, inclus\u0103 \u00een set. Ochelarii sunt foarte rezisten\u021bi la impact, ceea ce \u00eei face indispensabili pentru testarea \u00een medii s\u0103lbatice \u0219i backcountry dure.<\/p>\n<h3>Particularit\u0103\u021bi<\/h3>\n<ul>\n<li>Inser\u021bie flexibil\u0103, care absoarbe \u0219ocurile, pe podul nasului<\/li>\n<li>Rama profilat\u0103 asigur\u0103 o ventila\u021bie eficient\u0103<\/li>\n<li>Compatibile cu cablul (cablu reglabil inclus)<\/li>\n<li>Forma ergonomic\u0103 \u0219i aderent\u0103 pentru cea mai confortabil\u0103 \u0219i sigur\u0103 potrivire<\/li>\n<li>Perdele laterale deta\u0219abile<\/li>\n<\/ul>\n<h3>Caracteristici<\/h3>\n<ul>\n<li>Lentile &#8212; Spectron 3<\/li>\n<li>Categoria de protec\u021bie UV: 3 (13% transmisie a luminii)<\/li>\n<li>L\u0103\u021bimea lentilei &#8212; 59 mm<\/li>\n<li>Lungimea lan\u021bului &#8212; 130 mm<\/li>\n<li>Suport &#8212; 17 m<\/li>\n<li>Destina\u021bie &#8212; cross\/mountbiking<\/li>\n<li>Model &#8212; unisex<\/li>\n<\/ul>\n<h3>Tehnologie<\/h3>\n<ul>\n<li><strong>Spectron 3<\/strong> este o lentil\u0103 de categoria 3, cu un grad de permeabilitate la lumin\u0103 de 13%. U\u0219oare \u0219i rezistente la impact, prin urmare potrivite pentru toate sporturile \u00een aer liber.<\/li>\n<li><strong>Grip Tech<\/strong> &#8212; material moale exclusiv pe t\u00e2mple care nu se lipe\u0219te de p\u0103r, oferind suport \u0219i confort absolut.<\/li>\n<li><strong>Removable side shields<\/strong> &#8212; protec\u021bie solar\u0103 lateral\u0103 (scuturi laterale deta\u0219abile).<\/li>\n<li><strong>Cord attachment<\/strong> &#8212; v\u0103 permite s\u0103 ata\u0219a\u021bi un cordon.<\/li>\n<li><strong>Total Cover<\/strong>\u00a0&#8212; protec\u021bie maxim\u0103 \u00eempotriva razelor solare \u00een condi\u021bii extreme.<\/li>\n<\/ul>\n<h3>Marca<\/h3>\n<p>Julbo este un brand francez de renume mondial care produce ochelari sport de \u00eenalt\u0103 calitate, ochelari pentru sporturi de ap\u0103, ochelari pentru alpinism la altitudine mare, m\u0103\u0219ti pentru sporturi de iarn\u0103, c\u0103\u0219ti de schi \u0219i multe altele. Aceast\u0103 companie are o istorie de peste 130 de ani, iar \u00een acest timp s-a dezvoltat de la o mic\u0103 firm\u0103 de familie la un juc\u0103tor important pe pia\u021ba global\u0103. Julbo a devenit un adev\u0103rat expert \u0219i un punct de referin\u021b\u0103 \u00een dezvoltarea de optic\u0103 pentru utilizare \u00een condi\u021bii extreme. Experien\u021ba acumulat\u0103 de-a lungul anilor, tehnologiile inovatoare \u0219i cooperarea cu sportivii au dus la o gam\u0103 larg\u0103 de produse care au c\u00e2\u0219tigat o mare popularitate \u00een \u00eentreaga lume.<\/p>\n<p><\/p>","protected":false},"excerpt":{"rendered":"","protected":false},"featured_media":65565,"comment_status":"open","ping_status":"closed","template":"","meta":{"_acf_changed":false,"inline_featured_image":false},"product_brand":[1294],"product_cat":[238],"product_tag":[],"class_list":{"0":"post-59346","1":"product","2":"type-product","3":"status-publish","4":"has-post-thumbnail","6":"product_brand-julbo","7":"product_cat-sunglasses-julbo","9":"first","10":"instock","11":"shipping-taxable","12":"purchasable","13":"product-type-simple"},"acf":[],"yoast_head":"<!-- This site is optimized with the Yoast SEO plugin v27.2 - https:\/\/yoast.com\/product\/yoast-seo-wordpress\/ -->\n<title>\u041e\u0447\u043a\u0438 Julbo Shield Bordeau\/Orange SP3CF - \u041c\u0430\u0433\u0430\u0437\u0438\u043d Xstyle<\/title>\n<meta name=\"description\" content=\"\u041e\u0447\u043a\u0438 Julbo Shield Bordeau\/Orange SP3CF - \u0438\u0434\u0435\u0430\u043b\u044c\u043d\u044b\u0439 \u0432\u044b\u0431\u043e\u0440 \u0434\u043b\u044f \u043a\u0440\u043e\u0441\u0441-\u0431\u0430\u0439\u043a\u0438\u043d\u0433\u0430. \u0423\u043b\u044c\u0442\u0440\u0430\u0444\u0438\u043e\u043b\u0435\u0442\u043e\u0432\u0430\u044f \u0437\u0430\u0449\u0438\u0442\u0430, \u0444\u043e\u0442\u043e\u0445\u0440\u043e\u043c\u043d\u044b\u0435 \u043b\u0438\u043d\u0437\u044b \u0438 \u0441\u044a\u0435\u043c\u043d\u044b\u0435 \u0431\u043e\u043a\u043e\u0432\u044b\u0435 \u0449\u0438\u0442\u043a\u0438!\" \/>\n<meta name=\"robots\" content=\"index, follow, max-snippet:-1, max-image-preview:large, max-video-preview:-1\" \/>\n<link rel=\"canonical\" href=\"https:\/\/xstyle.md\/ro\/produs\/ochki-julbo-shield-bordeau-orange-sp3cf\/\" \/>\n<meta property=\"og:locale\" content=\"ro_RO\" \/>\n<meta property=\"og:type\" content=\"article\" \/>\n<meta property=\"og:title\" content=\"\u041e\u0447\u043a\u0438 Julbo Shield Bordeau\/Orange SP3CF - \u041c\u0430\u0433\u0430\u0437\u0438\u043d Xstyle\" \/>\n<meta property=\"og:description\" content=\"\u041e\u0447\u043a\u0438 Julbo Shield Bordeau\/Orange SP3CF - \u0438\u0434\u0435\u0430\u043b\u044c\u043d\u044b\u0439 \u0432\u044b\u0431\u043e\u0440 \u0434\u043b\u044f \u043a\u0440\u043e\u0441\u0441-\u0431\u0430\u0439\u043a\u0438\u043d\u0433\u0430. \u0423\u043b\u044c\u0442\u0440\u0430\u0444\u0438\u043e\u043b\u0435\u0442\u043e\u0432\u0430\u044f \u0437\u0430\u0449\u0438\u0442\u0430, \u0444\u043e\u0442\u043e\u0445\u0440\u043e\u043c\u043d\u044b\u0435 \u043b\u0438\u043d\u0437\u044b \u0438 \u0441\u044a\u0435\u043c\u043d\u044b\u0435 \u0431\u043e\u043a\u043e\u0432\u044b\u0435 \u0449\u0438\u0442\u043a\u0438!\" \/>\n<meta property=\"og:url\" content=\"https:\/\/xstyle.md\/ro\/produs\/ochki-julbo-shield-bordeau-orange-sp3cf\/\" \/>\n<meta property=\"og:site_name\" content=\"\u041c\u0430\u0433\u0430\u0437\u0438\u043d Xstyle\" \/>\n<meta property=\"article:publisher\" content=\"https:\/\/www.facebook.com\/xstylemd\" \/>\n<meta property=\"article:modified_time\" content=\"2025-10-24T09:42:59+00:00\" \/>\n<meta property=\"og:image\" content=\"https:\/\/xstyle.md\/wp-content\/uploads\/2022\/11\/julbo-shield-bordeau-orange-sp3cf.jpg\" \/>\n\t<meta property=\"og:image:width\" content=\"695\" \/>\n\t<meta property=\"og:image:height\" content=\"541\" \/>\n\t<meta property=\"og:image:type\" content=\"image\/jpeg\" \/>\n<meta name=\"twitter:card\" content=\"summary_large_image\" \/>\n<meta name=\"twitter:label1\" content=\"Pre\u021b\" \/>\n\t<meta name=\"twitter:data1\" content=\"2.560&nbsp;MDL\" \/>\n\t<meta name=\"twitter:label2\" content=\"Disponibilitate\" \/>\n\t<meta name=\"twitter:data2\" content=\"\u00cen stoc\" \/>\n<script type=\"application\/ld+json\" class=\"yoast-schema-graph\">{\"@context\":\"https:\/\/schema.org\",\"@graph\":[{\"@type\":\"WebPage\",\"@id\":\"https:\/\/xstyle.md\/product\/ochki-julbo-shield-bordeau-orange-sp3cf\/\",\"url\":\"https:\/\/xstyle.md\/product\/ochki-julbo-shield-bordeau-orange-sp3cf\/\",\"name\":\"\u041e\u0447\u043a\u0438 Julbo Shield Bordeau\/Orange SP3CF - \u041c\u0430\u0433\u0430\u0437\u0438\u043d Xstyle\",\"isPartOf\":{\"@id\":\"https:\/\/xstyle.md\/#website\"},\"primaryImageOfPage\":{\"@id\":\"https:\/\/xstyle.md\/product\/ochki-julbo-shield-bordeau-orange-sp3cf\/#primaryimage\"},\"image\":{\"@id\":\"https:\/\/xstyle.md\/product\/ochki-julbo-shield-bordeau-orange-sp3cf\/#primaryimage\"},\"thumbnailUrl\":\"https:\/\/xstyle.md\/wp-content\/uploads\/2022\/11\/julbo-shield-bordeau-orange-sp3cf.jpg\",\"datePublished\":\"2022-11-17T17:10:14+00:00\",\"dateModified\":\"2025-10-24T09:42:59+00:00\",\"description\":\"\u041e\u0447\u043a\u0438 Julbo Shield Bordeau\/Orange SP3CF - \u0438\u0434\u0435\u0430\u043b\u044c\u043d\u044b\u0439 \u0432\u044b\u0431\u043e\u0440 \u0434\u043b\u044f \u043a\u0440\u043e\u0441\u0441-\u0431\u0430\u0439\u043a\u0438\u043d\u0433\u0430. \u0423\u043b\u044c\u0442\u0440\u0430\u0444\u0438\u043e\u043b\u0435\u0442\u043e\u0432\u0430\u044f \u0437\u0430\u0449\u0438\u0442\u0430, \u0444\u043e\u0442\u043e\u0445\u0440\u043e\u043c\u043d\u044b\u0435 \u043b\u0438\u043d\u0437\u044b \u0438 \u0441\u044a\u0435\u043c\u043d\u044b\u0435 \u0431\u043e\u043a\u043e\u0432\u044b\u0435 \u0449\u0438\u0442\u043a\u0438!\",\"breadcrumb\":{\"@id\":\"https:\/\/xstyle.md\/product\/ochki-julbo-shield-bordeau-orange-sp3cf\/#breadcrumb\"},\"inLanguage\":\"ro-RO\",\"potentialAction\":[{\"@type\":\"ReadAction\",\"target\":[\"https:\/\/xstyle.md\/product\/ochki-julbo-shield-bordeau-orange-sp3cf\/\"]}]},{\"@type\":\"ImageObject\",\"inLanguage\":\"ro-RO\",\"@id\":\"https:\/\/xstyle.md\/product\/ochki-julbo-shield-bordeau-orange-sp3cf\/#primaryimage\",\"url\":\"https:\/\/xstyle.md\/wp-content\/uploads\/2022\/11\/julbo-shield-bordeau-orange-sp3cf.jpg\",\"contentUrl\":\"https:\/\/xstyle.md\/wp-content\/uploads\/2022\/11\/julbo-shield-bordeau-orange-sp3cf.jpg\",\"width\":695,\"height\":541,\"caption\":\"\u041e\u0447\u043a\u0438 Julbo Shield Bordea\u043e\/Orange \u0434\u043b\u044f \u0430\u043a\u0442\u0438\u0432\u043d\u043e\u0433\u043e \u043e\u0442\u0434\u044b\u0445\u0430, \u043f\u043e\u0445\u043e\u0434\u043e\u0432, \u043f\u0443\u0442\u0435\u0448\u0435\u0441\u0442\u0432\u0438\u0439 \u0438 \u0441\u043f\u043e\u0440\u0442\u0438\u0432\u043d\u043e\u0439 \u043e\u0431\u0443\u0432\u0438 \u0434\u043b\u044f \u0443\u0447\u0430\u0441\u0442\u043d\u0438\u043a\u043e\u0432 \u0430\u043a\u0442\u0438\u0432\u043d\u043e\u0439 \u0436\u0438\u0437\u043d\u0438 \u0432 \u0438\u043d\u0442\u0435\u0440\u043d\u0435\u0442-\u043c\u0430\u0433\u0430\u0437\u0438\u043d\u0435\"},{\"@type\":\"BreadcrumbList\",\"@id\":\"https:\/\/xstyle.md\/product\/ochki-julbo-shield-bordeau-orange-sp3cf\/#breadcrumb\",\"itemListElement\":[{\"@type\":\"ListItem\",\"position\":1,\"name\":\"\u0413\u043b\u0430\u0432\u043d\u0430\u044f \u0441\u0442\u0440\u0430\u043d\u0438\u0446\u0430\",\"item\":\"https:\/\/xstyle.md\/\"},{\"@type\":\"ListItem\",\"position\":2,\"name\":\"\u041c\u0430\u0433\u0430\u0437\u0438\u043d\",\"item\":\"https:\/\/xstyle.md\/shop\/\"},{\"@type\":\"ListItem\",\"position\":3,\"name\":\"\u041e\u0447\u043a\u0438 Julbo Shield Bordeau\/Orange SP3CF\"}]},{\"@type\":\"WebSite\",\"@id\":\"https:\/\/xstyle.md\/#website\",\"url\":\"https:\/\/xstyle.md\/\",\"name\":\"\u041c\u0430\u0433\u0430\u0437\u0438\u043d Xstyle\",\"description\":\"C\u043d\u0430\u0440\u044f\u0436\u0435\u043d\u0438\u0435 \u0434\u043b\u044f \u0442\u0443\u0440\u0438\u0437\u043c\u0430 \u0438 \u044d\u043a\u0441\u0442\u0440\u0435\u043c\u0430\u043b\u044c\u043d\u044b\u0445 \u0432\u0438\u0434\u043e\u0432 \u0441\u043f\u043e\u0440\u0442\u0430 \u0432 \u041c\u043e\u043b\u0434\u043e\u0432\u0435.. \u0426\u0435\u043d\u044b, \u0444\u043e\u0442\u043e, \u0445\u0430\u0440\u0430\u043a\u0442\u0435\u0440\u0438\u0441\u0442\u0438\u043a\u0438 \u0432 \u041c\u043e\u043b\u0434\u043e\u0432\u0435.\",\"publisher\":{\"@id\":\"https:\/\/xstyle.md\/#organization\"},\"alternateName\":\"X-Style\",\"potentialAction\":[{\"@type\":\"SearchAction\",\"target\":{\"@type\":\"EntryPoint\",\"urlTemplate\":\"https:\/\/xstyle.md\/?s={search_term_string}\"},\"query-input\":{\"@type\":\"PropertyValueSpecification\",\"valueRequired\":true,\"valueName\":\"search_term_string\"}}],\"inLanguage\":\"ro-RO\"},{\"@type\":\"Organization\",\"@id\":\"https:\/\/xstyle.md\/#organization\",\"name\":\"\u041c\u0430\u0433\u0430\u0437\u0438\u043d Xstyle\",\"alternateName\":\"x-style\",\"url\":\"https:\/\/xstyle.md\/\",\"logo\":{\"@type\":\"ImageObject\",\"inLanguage\":\"ro-RO\",\"@id\":\"https:\/\/xstyle.md\/#\/schema\/logo\/image\/\",\"url\":\"https:\/\/xstyle.md\/wp-content\/uploads\/2020\/06\/logoicon.svg\",\"contentUrl\":\"https:\/\/xstyle.md\/wp-content\/uploads\/2020\/06\/logoicon.svg\",\"caption\":\"\u041c\u0430\u0433\u0430\u0437\u0438\u043d Xstyle\"},\"image\":{\"@id\":\"https:\/\/xstyle.md\/#\/schema\/logo\/image\/\"},\"sameAs\":[\"https:\/\/www.facebook.com\/xstylemd\",\"https:\/\/www.instagram.com\/xstyle_md\/\",\"https:\/\/t.me\/xstyle_outdoor\"],\"hasMerchantReturnPolicy\":{\"@type\":\"MerchantReturnPolicy\",\"merchantReturnLink\":\"https:\/\/xstyle.md\/ro\/conditions\/\"}}]}<\/script>\n<meta property=\"product:price:amount\" content=\"2560.00\" \/>\n<meta property=\"product:price:currency\" content=\"MDL\" \/>\n<meta property=\"og:availability\" content=\"instock\" \/>\n<meta property=\"product:availability\" content=\"instock\" \/>\n<meta property=\"product:retailer_item_id\" content=\"3660576738751\" \/>\n<meta property=\"product:condition\" content=\"new\" \/>\n<!-- \/ Yoast SEO plugin. -->","yoast_head_json":{"title":"\u041e\u0447\u043a\u0438 Julbo Shield Bordeau\/Orange SP3CF - \u041c\u0430\u0433\u0430\u0437\u0438\u043d Xstyle","description":"\u041e\u0447\u043a\u0438 Julbo Shield Bordeau\/Orange SP3CF - \u0438\u0434\u0435\u0430\u043b\u044c\u043d\u044b\u0439 \u0432\u044b\u0431\u043e\u0440 \u0434\u043b\u044f \u043a\u0440\u043e\u0441\u0441-\u0431\u0430\u0439\u043a\u0438\u043d\u0433\u0430. \u0423\u043b\u044c\u0442\u0440\u0430\u0444\u0438\u043e\u043b\u0435\u0442\u043e\u0432\u0430\u044f \u0437\u0430\u0449\u0438\u0442\u0430, \u0444\u043e\u0442\u043e\u0445\u0440\u043e\u043c\u043d\u044b\u0435 \u043b\u0438\u043d\u0437\u044b \u0438 \u0441\u044a\u0435\u043c\u043d\u044b\u0435 \u0431\u043e\u043a\u043e\u0432\u044b\u0435 \u0449\u0438\u0442\u043a\u0438!","robots":{"index":"index","follow":"follow","max-snippet":"max-snippet:-1","max-image-preview":"max-image-preview:large","max-video-preview":"max-video-preview:-1"},"canonical":"https:\/\/xstyle.md\/ro\/produs\/ochki-julbo-shield-bordeau-orange-sp3cf\/","og_locale":"ro_RO","og_type":"article","og_title":"\u041e\u0447\u043a\u0438 Julbo Shield Bordeau\/Orange SP3CF - \u041c\u0430\u0433\u0430\u0437\u0438\u043d Xstyle","og_description":"\u041e\u0447\u043a\u0438 Julbo Shield Bordeau\/Orange SP3CF - \u0438\u0434\u0435\u0430\u043b\u044c\u043d\u044b\u0439 \u0432\u044b\u0431\u043e\u0440 \u0434\u043b\u044f \u043a\u0440\u043e\u0441\u0441-\u0431\u0430\u0439\u043a\u0438\u043d\u0433\u0430. \u0423\u043b\u044c\u0442\u0440\u0430\u0444\u0438\u043e\u043b\u0435\u0442\u043e\u0432\u0430\u044f \u0437\u0430\u0449\u0438\u0442\u0430, \u0444\u043e\u0442\u043e\u0445\u0440\u043e\u043c\u043d\u044b\u0435 \u043b\u0438\u043d\u0437\u044b \u0438 \u0441\u044a\u0435\u043c\u043d\u044b\u0435 \u0431\u043e\u043a\u043e\u0432\u044b\u0435 \u0449\u0438\u0442\u043a\u0438!","og_url":"https:\/\/xstyle.md\/ro\/produs\/ochki-julbo-shield-bordeau-orange-sp3cf\/","og_site_name":"\u041c\u0430\u0433\u0430\u0437\u0438\u043d Xstyle","article_publisher":"https:\/\/www.facebook.com\/xstylemd","article_modified_time":"2025-10-24T09:42:59+00:00","og_image":[{"width":695,"height":541,"url":"https:\/\/xstyle.md\/wp-content\/uploads\/2022\/11\/julbo-shield-bordeau-orange-sp3cf.jpg","type":"image\/jpeg"}],"twitter_card":"summary_large_image","twitter_misc":{"Pre\u021b":"2.560&nbsp;MDL","Disponibilitate":"\u00cen stoc"},"schema":{"@context":"https:\/\/schema.org","@graph":[{"@type":"WebPage","@id":"https:\/\/xstyle.md\/product\/ochki-julbo-shield-bordeau-orange-sp3cf\/","url":"https:\/\/xstyle.md\/product\/ochki-julbo-shield-bordeau-orange-sp3cf\/","name":"\u041e\u0447\u043a\u0438 Julbo Shield Bordeau\/Orange SP3CF - \u041c\u0430\u0433\u0430\u0437\u0438\u043d Xstyle","isPartOf":{"@id":"https:\/\/xstyle.md\/#website"},"primaryImageOfPage":{"@id":"https:\/\/xstyle.md\/product\/ochki-julbo-shield-bordeau-orange-sp3cf\/#primaryimage"},"image":{"@id":"https:\/\/xstyle.md\/product\/ochki-julbo-shield-bordeau-orange-sp3cf\/#primaryimage"},"thumbnailUrl":"https:\/\/xstyle.md\/wp-content\/uploads\/2022\/11\/julbo-shield-bordeau-orange-sp3cf.jpg","datePublished":"2022-11-17T17:10:14+00:00","dateModified":"2025-10-24T09:42:59+00:00","description":"\u041e\u0447\u043a\u0438 Julbo Shield Bordeau\/Orange SP3CF - \u0438\u0434\u0435\u0430\u043b\u044c\u043d\u044b\u0439 \u0432\u044b\u0431\u043e\u0440 \u0434\u043b\u044f \u043a\u0440\u043e\u0441\u0441-\u0431\u0430\u0439\u043a\u0438\u043d\u0433\u0430. \u0423\u043b\u044c\u0442\u0440\u0430\u0444\u0438\u043e\u043b\u0435\u0442\u043e\u0432\u0430\u044f \u0437\u0430\u0449\u0438\u0442\u0430, \u0444\u043e\u0442\u043e\u0445\u0440\u043e\u043c\u043d\u044b\u0435 \u043b\u0438\u043d\u0437\u044b \u0438 \u0441\u044a\u0435\u043c\u043d\u044b\u0435 \u0431\u043e\u043a\u043e\u0432\u044b\u0435 \u0449\u0438\u0442\u043a\u0438!","breadcrumb":{"@id":"https:\/\/xstyle.md\/product\/ochki-julbo-shield-bordeau-orange-sp3cf\/#breadcrumb"},"inLanguage":"ro-RO","potentialAction":[{"@type":"ReadAction","target":["https:\/\/xstyle.md\/product\/ochki-julbo-shield-bordeau-orange-sp3cf\/"]}]},{"@type":"ImageObject","inLanguage":"ro-RO","@id":"https:\/\/xstyle.md\/product\/ochki-julbo-shield-bordeau-orange-sp3cf\/#primaryimage","url":"https:\/\/xstyle.md\/wp-content\/uploads\/2022\/11\/julbo-shield-bordeau-orange-sp3cf.jpg","contentUrl":"https:\/\/xstyle.md\/wp-content\/uploads\/2022\/11\/julbo-shield-bordeau-orange-sp3cf.jpg","width":695,"height":541,"caption":"\u041e\u0447\u043a\u0438 Julbo Shield Bordea\u043e\/Orange \u0434\u043b\u044f \u0430\u043a\u0442\u0438\u0432\u043d\u043e\u0433\u043e \u043e\u0442\u0434\u044b\u0445\u0430, \u043f\u043e\u0445\u043e\u0434\u043e\u0432, \u043f\u0443\u0442\u0435\u0448\u0435\u0441\u0442\u0432\u0438\u0439 \u0438 \u0441\u043f\u043e\u0440\u0442\u0438\u0432\u043d\u043e\u0439 \u043e\u0431\u0443\u0432\u0438 \u0434\u043b\u044f \u0443\u0447\u0430\u0441\u0442\u043d\u0438\u043a\u043e\u0432 \u0430\u043a\u0442\u0438\u0432\u043d\u043e\u0439 \u0436\u0438\u0437\u043d\u0438 \u0432 \u0438\u043d\u0442\u0435\u0440\u043d\u0435\u0442-\u043c\u0430\u0433\u0430\u0437\u0438\u043d\u0435"},{"@type":"BreadcrumbList","@id":"https:\/\/xstyle.md\/product\/ochki-julbo-shield-bordeau-orange-sp3cf\/#breadcrumb","itemListElement":[{"@type":"ListItem","position":1,"name":"\u0413\u043b\u0430\u0432\u043d\u0430\u044f \u0441\u0442\u0440\u0430\u043d\u0438\u0446\u0430","item":"https:\/\/xstyle.md\/"},{"@type":"ListItem","position":2,"name":"\u041c\u0430\u0433\u0430\u0437\u0438\u043d","item":"https:\/\/xstyle.md\/shop\/"},{"@type":"ListItem","position":3,"name":"\u041e\u0447\u043a\u0438 Julbo Shield Bordeau\/Orange SP3CF"}]},{"@type":"WebSite","@id":"https:\/\/xstyle.md\/#website","url":"https:\/\/xstyle.md\/","name":"Magazinul X-Style","description":"Echipamente pentru turism \u0219i sporturi extreme \u00een Moldova. Pre\u021buri, fotografii, caracteristici \u00een Moldova.","publisher":{"@id":"https:\/\/xstyle.md\/#organization"},"alternateName":"X-Style","potentialAction":[{"@type":"SearchAction","target":{"@type":"EntryPoint","urlTemplate":"https:\/\/xstyle.md\/?s={search_term_string}"},"query-input":{"@type":"PropertyValueSpecification","valueRequired":true,"valueName":"search_term_string"}}],"inLanguage":"ro-RO"},{"@type":"Organization","@id":"https:\/\/xstyle.md\/#organization","name":"Magazinul X-Style","alternateName":"x-style","url":"https:\/\/xstyle.md\/","logo":{"@type":"ImageObject","inLanguage":"ro-RO","@id":"https:\/\/xstyle.md\/#\/schema\/logo\/image\/","url":"https:\/\/xstyle.md\/wp-content\/uploads\/2020\/06\/logoicon.svg","contentUrl":"https:\/\/xstyle.md\/wp-content\/uploads\/2020\/06\/logoicon.svg","caption":"\u041c\u0430\u0433\u0430\u0437\u0438\u043d Xstyle"},"image":{"@id":"https:\/\/xstyle.md\/#\/schema\/logo\/image\/"},"sameAs":["https:\/\/www.facebook.com\/xstylemd","https:\/\/www.instagram.com\/xstyle_md\/","https:\/\/t.me\/xstyle_outdoor"],"hasMerchantReturnPolicy":{"@type":"MerchantReturnPolicy","merchantReturnLink":"https:\/\/xstyle.md\/ro\/conditions\/"}}]},"product_price_amount":"2560.00","product_price_currency":"MDL","og_availability":"instock","product_availability":"instock","product_retailer_item_id":"3660576738751","product_condition":"new"},"post_mailing_queue_ids":[],"_links":{"self":[{"href":"https:\/\/xstyle.md\/ro\/wp-json\/wp\/v2\/product\/59346","targetHints":{"allow":["GET"]}}],"collection":[{"href":"https:\/\/xstyle.md\/ro\/wp-json\/wp\/v2\/product"}],"about":[{"href":"https:\/\/xstyle.md\/ro\/wp-json\/wp\/v2\/types\/product"}],"replies":[{"embeddable":true,"href":"https:\/\/xstyle.md\/ro\/wp-json\/wp\/v2\/comments?post=59346"}],"wp:featuredmedia":[{"embeddable":true,"href":"https:\/\/xstyle.md\/ro\/wp-json\/wp\/v2\/media\/65565"}],"wp:attachment":[{"href":"https:\/\/xstyle.md\/ro\/wp-json\/wp\/v2\/media?parent=59346"}],"wp:term":[{"taxonomy":"product_brand","embeddable":true,"href":"https:\/\/xstyle.md\/ro\/wp-json\/wp\/v2\/product_brand?post=59346"},{"taxonomy":"product_cat","embeddable":true,"href":"https:\/\/xstyle.md\/ro\/wp-json\/wp\/v2\/product_cat?post=59346"},{"taxonomy":"product_tag","embeddable":true,"href":"https:\/\/xstyle.md\/ro\/wp-json\/wp\/v2\/product_tag?post=59346"}],"curies":[{"name":"wp","href":"https:\/\/api.w.org\/{rel}","templated":true}]}}