{"id":59324,"date":"2022-11-17T20:10:09","date_gmt":"2022-11-17T17:10:09","guid":{"rendered":"https:\/\/xstyle.md\/?post_type=product&#038;p=59324"},"modified":"2026-03-19T16:50:25","modified_gmt":"2026-03-19T13:50:25","slug":"trp_language-languageru_rugornolyzhnaya-maska-julbo-atmo-cat-3-white-pink-trp_languagetrp_language-languagero_romaska-schi-julbo-atmo-cat-3-white-pink-trp_language","status":"publish","type":"product","link":"https:\/\/xstyle.md\/ro\/produs\/trp_language-languageru_rugornolyzhnaya-maska-julbo-atmo-cat-3-white-pink-trp_languagetrp_language-languagero_romaska-schi-julbo-atmo-cat-3-white-pink-trp_language\/","title":{"rendered":"Masc\u0103 schi Julbo Atmo Cat 3 White\/Pink"},"content":{"rendered":"<\/p>\n<p><strong>Ochelari schi Julbo ATMO CAT 3<\/strong> &#8212; o masc\u0103 pentru copii de \u00eenalt\u0103 calitate, conceput\u0103 de un renumit produc\u0103tor francez de echipamente pentru sporturi de iarn\u0103. Are acelea\u0219i caracteristici ca \u0219i modelele de m\u0103\u0219ti de schi pentru adul\u021bi. Conceput\u0103 pentru copii cu v\u00e2rste cuprinse \u00eentre 4 \u0219i 8 ani. Protejeaz\u0103 perfect ochii de z\u0103pad\u0103 \u0219i v\u00e2nt, precum \u0219i de razele UV. Rama are o form\u0103 anatomic\u0103. Strat de spum\u0103 pentru un contact confortabil cu fa\u021ba. Lentilele sunt fabricate din semicarbonat. Rezistente la zg\u00e2rieturi \u0219i nu sunt predispuse la aburire. Rama \u00eengust\u0103 \u0219i lentilele sferice duble maximizeaz\u0103 vizibilitatea. Masca este bine ventilat\u0103. Cureaua elastic\u0103 este fixat\u0103 la dimensiunea capului cu ajutorul unui clip articulat.<\/p>\n<h3>Particularit\u0103\u021bi<\/h3>\n<ul>\n<li>Rama anatomic\u0103 foarte \u00eengust\u0103 asigur\u0103 o vizibilitate maxim\u0103.<\/li>\n<li>Decupajele de pe ram\u0103 contribuie la flexibilitatea m\u0103\u0219tii.<\/li>\n<li>Spuma are dou\u0103 straturi, se potrive\u0219te confortabil pe fa\u021b\u0103 \u0219i poate absorbi energia de impact a unei c\u0103deri.<\/li>\n<li>Lentila sferic\u0103 Spectron este protejat\u0103 \u00eempotriva distorsiunilor.<\/li>\n<li>Ea apar\u021bine celei de-a 3-a categorii de transmisie a luminii, potrivit\u0103 pentru iluminare puternic\u0103. Acoperirea special\u0103 previne aburirea.<\/li>\n<li>Echipat\u0103 cu ventila\u021bie \u00eencorporat\u0103.<\/li>\n<li>U\u0219or de reglat cu ajutorul buclelor.<\/li>\n<li>Compatibil\u0103 cu orice casc\u0103 de schi.<\/li>\n<li>Echipat\u0103 cu un \u0219asiu pentru a proteja lentila de deteriorarea \u00een urma contactului cu suprafa\u021ba.<\/li>\n<\/ul>\n<h3>Caracteristici<\/h3>\n<ul>\n<li>Obiectiv &#8212; Spectron 3<\/li>\n<li>Form\u0103 &#8212; sferic\u0103<\/li>\n<li>Material &#8212; policarbonat<\/li>\n<li>Categoria de protec\u021bie UV: 3 (13% transmisie a luminii)<\/li>\n<li>Destina\u021bie &#8212; schi\/snowboarding<\/li>\n<li>Model &#8212; pentru copii.<\/li>\n<\/ul>\n<h3>Tehnologie<\/h3>\n<ul>\n<li><strong>Air Flow<\/strong> &#8212; ventila\u021bie \u00eencorporat\u0103 \u00een cadru pentru o bun\u0103 circula\u021bie a aerului \u0219i pentru a preveni formarea ce\u021bii.<\/li>\n<li><strong>Minimalist Frame<\/strong> &#8212; ram\u0103 foarte sub\u021bire care ofer\u0103 un c\u00e2mp vizual larg \u00een toate direc\u021biile.<\/li>\n<li><strong>Mini-Cap<\/strong> &#8212; forma special\u0103 a ramei care protejeaz\u0103 lentila sferic\u0103 de zg\u00e2rieturi.<\/li>\n<\/ul>\n<h3>Marca<\/h3>\n<p>Julbo \u2013 este un brand francez de renume mondial care produce ochelari de sport de \u00eenalt\u0103 calitate, ochelari pentru sporturi nautice, ochelari pentru alpinism la mare altitudine, m\u0103\u0219ti pentru sporturi de iarn\u0103, c\u0103\u0219ti de schi \u0219i multe altele. Aceast\u0103 companie are o istorie de peste 130 de ani, iar \u00een acest timp s-a dezvoltat de la o mic\u0103 firm\u0103 de familie la un juc\u0103tor important pe pia\u021ba global\u0103. Julbo a devenit un veritabil expert \u0219i un punct de referin\u021b\u0103 \u00een dezvoltarea opticii pentru utilizarea \u00een condi\u021bii extreme. Experien\u021ba acumulat\u0103 de-a lungul anilor, tehnologiile inovatoare \u0219i cooperarea cu sportivii au dus la o gam\u0103 larg\u0103 de produse care au c\u00e2\u0219tigat o mare popularitate \u00een \u00eentreaga lume.<\/p>\n<p><\/p>","protected":false},"excerpt":{"rendered":"","protected":false},"featured_media":65505,"comment_status":"open","ping_status":"closed","template":"","meta":{"_acf_changed":false,"inline_featured_image":false},"product_brand":[1294],"product_cat":[390],"product_tag":[],"class_list":{"0":"post-59324","1":"product","2":"type-product","3":"status-publish","4":"has-post-thumbnail","6":"product_brand-julbo","7":"product_cat-ski-mask","9":"first","10":"instock","11":"shipping-taxable","12":"purchasable","13":"product-type-simple"},"acf":[],"yoast_head":"<!-- This site is optimized with the Yoast SEO plugin v27.2 - https:\/\/yoast.com\/product\/yoast-seo-wordpress\/ -->\n<title>\u0413\u043e\u0440\u043d\u043e\u043b\u044b\u0436\u043d\u0430\u044f \u043c\u0430\u0441\u043a\u0430 Julbo Atmo Cat 3 White\/Pink - \u041c\u0430\u0433\u0430\u0437\u0438\u043d Xstyle<\/title>\n<meta name=\"description\" content=\"\u0413\u043e\u0440\u043d\u043e\u043b\u044b\u0436\u043d\u0430\u044f \u043c\u0430\u0441\u043a\u0430 Julbo Atmo Cat 3 White\/Pink \u0434\u043b\u044f \u0434\u0435\u0442\u0435\u0439 4-8 \u043b\u0435\u0442. \u0412\u044b\u0441\u043e\u043a\u043e\u0435 \u043a\u0430\u0447\u0435\u0441\u0442\u0432\u043e, \u0437\u0430\u0449\u0438\u0442\u0430 \u043e\u0442 UV, \u043c\u0438\u043d\u0438\u043c\u0430\u043b\u0438\u0441\u0442\u0438\u0447\u043d\u044b\u0439 \u0434\u0438\u0437\u0430\u0439\u043d, \u043a\u043e\u043c\u0444\u043e\u0440\u0442 \u0432\u043e \u0432\u0440\u0435\u043c\u044f \u043a\u0430\u0442\u0430\u043d\u0438\u044f.\" \/>\n<meta name=\"robots\" content=\"index, follow, max-snippet:-1, max-image-preview:large, max-video-preview:-1\" \/>\n<link rel=\"canonical\" href=\"https:\/\/xstyle.md\/ro\/produs\/trp_language-languageru_rugornolyzhnaya-maska-julbo-atmo-cat-3-white-pink-trp_languagetrp_language-languagero_romaska-schi-julbo-atmo-cat-3-white-pink-trp_language\/\" \/>\n<meta property=\"og:locale\" content=\"ro_RO\" \/>\n<meta property=\"og:type\" content=\"article\" \/>\n<meta property=\"og:title\" content=\"\u0413\u043e\u0440\u043d\u043e\u043b\u044b\u0436\u043d\u0430\u044f \u043c\u0430\u0441\u043a\u0430 Julbo Atmo Cat 3 White\/Pink - \u041c\u0430\u0433\u0430\u0437\u0438\u043d Xstyle\" \/>\n<meta property=\"og:description\" content=\"\u0413\u043e\u0440\u043d\u043e\u043b\u044b\u0436\u043d\u0430\u044f \u043c\u0430\u0441\u043a\u0430 Julbo Atmo Cat 3 White\/Pink \u0434\u043b\u044f \u0434\u0435\u0442\u0435\u0439 4-8 \u043b\u0435\u0442. \u0412\u044b\u0441\u043e\u043a\u043e\u0435 \u043a\u0430\u0447\u0435\u0441\u0442\u0432\u043e, \u0437\u0430\u0449\u0438\u0442\u0430 \u043e\u0442 UV, \u043c\u0438\u043d\u0438\u043c\u0430\u043b\u0438\u0441\u0442\u0438\u0447\u043d\u044b\u0439 \u0434\u0438\u0437\u0430\u0439\u043d, \u043a\u043e\u043c\u0444\u043e\u0440\u0442 \u0432\u043e \u0432\u0440\u0435\u043c\u044f \u043a\u0430\u0442\u0430\u043d\u0438\u044f.\" \/>\n<meta property=\"og:url\" content=\"https:\/\/xstyle.md\/ro\/produs\/trp_language-languageru_rugornolyzhnaya-maska-julbo-atmo-cat-3-white-pink-trp_languagetrp_language-languagero_romaska-schi-julbo-atmo-cat-3-white-pink-trp_language\/\" \/>\n<meta property=\"og:site_name\" content=\"\u041c\u0430\u0433\u0430\u0437\u0438\u043d Xstyle\" \/>\n<meta property=\"article:publisher\" content=\"https:\/\/www.facebook.com\/xstylemd\" \/>\n<meta property=\"article:modified_time\" content=\"2026-03-19T13:50:25+00:00\" \/>\n<meta property=\"og:image\" content=\"https:\/\/xstyle.md\/wp-content\/uploads\/2022\/11\/julbo-atmo-cat-3-white-pink-scaled.jpg\" \/>\n\t<meta property=\"og:image:width\" content=\"1920\" \/>\n\t<meta property=\"og:image:height\" content=\"1462\" \/>\n\t<meta property=\"og:image:type\" content=\"image\/jpeg\" \/>\n<meta name=\"twitter:card\" content=\"summary_large_image\" \/>\n<meta name=\"twitter:label1\" content=\"Pre\u021b\" \/>\n\t<meta name=\"twitter:data1\" content=\"970&nbsp;MDL\" \/>\n\t<meta name=\"twitter:label2\" content=\"Disponibilitate\" \/>\n\t<meta name=\"twitter:data2\" content=\"\u00cen stoc\" \/>\n<script type=\"application\/ld+json\" class=\"yoast-schema-graph\">{\"@context\":\"https:\/\/schema.org\",\"@graph\":[{\"@type\":\"WebPage\",\"@id\":\"https:\/\/xstyle.md\/product\/trp_language-languageru_rugornolyzhnaya-maska-julbo-atmo-cat-3-white-pink-trp_languagetrp_language-languagero_romaska-schi-julbo-atmo-cat-3-white-pink-trp_language\/\",\"url\":\"https:\/\/xstyle.md\/product\/trp_language-languageru_rugornolyzhnaya-maska-julbo-atmo-cat-3-white-pink-trp_languagetrp_language-languagero_romaska-schi-julbo-atmo-cat-3-white-pink-trp_language\/\",\"name\":\"\u0413\u043e\u0440\u043d\u043e\u043b\u044b\u0436\u043d\u0430\u044f \u043c\u0430\u0441\u043a\u0430 Julbo Atmo Cat 3 White\/Pink - \u041c\u0430\u0433\u0430\u0437\u0438\u043d Xstyle\",\"isPartOf\":{\"@id\":\"https:\/\/xstyle.md\/#website\"},\"primaryImageOfPage\":{\"@id\":\"https:\/\/xstyle.md\/product\/trp_language-languageru_rugornolyzhnaya-maska-julbo-atmo-cat-3-white-pink-trp_languagetrp_language-languagero_romaska-schi-julbo-atmo-cat-3-white-pink-trp_language\/#primaryimage\"},\"image\":{\"@id\":\"https:\/\/xstyle.md\/product\/trp_language-languageru_rugornolyzhnaya-maska-julbo-atmo-cat-3-white-pink-trp_languagetrp_language-languagero_romaska-schi-julbo-atmo-cat-3-white-pink-trp_language\/#primaryimage\"},\"thumbnailUrl\":\"https:\/\/xstyle.md\/wp-content\/uploads\/2022\/11\/julbo-atmo-cat-3-white-pink-scaled.jpg\",\"datePublished\":\"2022-11-17T17:10:09+00:00\",\"dateModified\":\"2026-03-19T13:50:25+00:00\",\"description\":\"\u0413\u043e\u0440\u043d\u043e\u043b\u044b\u0436\u043d\u0430\u044f \u043c\u0430\u0441\u043a\u0430 Julbo Atmo Cat 3 White\/Pink \u0434\u043b\u044f \u0434\u0435\u0442\u0435\u0439 4-8 \u043b\u0435\u0442. \u0412\u044b\u0441\u043e\u043a\u043e\u0435 \u043a\u0430\u0447\u0435\u0441\u0442\u0432\u043e, \u0437\u0430\u0449\u0438\u0442\u0430 \u043e\u0442 UV, \u043c\u0438\u043d\u0438\u043c\u0430\u043b\u0438\u0441\u0442\u0438\u0447\u043d\u044b\u0439 \u0434\u0438\u0437\u0430\u0439\u043d, \u043a\u043e\u043c\u0444\u043e\u0440\u0442 \u0432\u043e \u0432\u0440\u0435\u043c\u044f \u043a\u0430\u0442\u0430\u043d\u0438\u044f.\",\"breadcrumb\":{\"@id\":\"https:\/\/xstyle.md\/product\/trp_language-languageru_rugornolyzhnaya-maska-julbo-atmo-cat-3-white-pink-trp_languagetrp_language-languagero_romaska-schi-julbo-atmo-cat-3-white-pink-trp_language\/#breadcrumb\"},\"inLanguage\":\"ro-RO\",\"potentialAction\":[{\"@type\":\"ReadAction\",\"target\":[\"https:\/\/xstyle.md\/product\/trp_language-languageru_rugornolyzhnaya-maska-julbo-atmo-cat-3-white-pink-trp_languagetrp_language-languagero_romaska-schi-julbo-atmo-cat-3-white-pink-trp_language\/\"]}]},{\"@type\":\"ImageObject\",\"inLanguage\":\"ro-RO\",\"@id\":\"https:\/\/xstyle.md\/product\/trp_language-languageru_rugornolyzhnaya-maska-julbo-atmo-cat-3-white-pink-trp_languagetrp_language-languagero_romaska-schi-julbo-atmo-cat-3-white-pink-trp_language\/#primaryimage\",\"url\":\"https:\/\/xstyle.md\/wp-content\/uploads\/2022\/11\/julbo-atmo-cat-3-white-pink-scaled.jpg\",\"contentUrl\":\"https:\/\/xstyle.md\/wp-content\/uploads\/2022\/11\/julbo-atmo-cat-3-white-pink-scaled.jpg\",\"width\":1920,\"height\":1462,\"caption\":\"\u0413\u043e\u0440\u043d\u043e\u043b\u044b\u0436\u043d\u0430\u044f \u043c\u0430\u0441\u043a\u0430 Julbo Atmo Cat 3 \u0431\u0435\u043b\u043e-\u0440\u043e\u0437\u043e\u0432\u0430\u044f \u0434\u043b\u044f \u0430\u043a\u0442\u0438\u0432\u043d\u043e\u0433\u043e \u043e\u0442\u0434\u044b\u0445\u0430 \u043b\u044b\u0436 \u0438 \u0441\u043d\u043e\u0443\u0431\u043e\u0440\u0434\u0430, \u044d\u043a\u0438\u043f\u0438\u0440\u043e\u0432\u043a\u0430 \u0434\u043b\u044f \u0433\u043e\u0440\u043d\u044b\u0445 \u043f\u043e\u0445\u043e\u0434\u043e\u0432 \u0438 \u043f\u0443\u0442\u0435\u0448\u0435\u0441\u0442\u0432\u0438\u0439, \u043e\u0431\u0443\u0432\u044c \u0438 \u043e\u0434\u0435\u0436\u0434\u0430 \u0434\u043b\u044f \u0430\u043a\u0442\u0438\u0432\u043d\u043e\u0433\u043e \u043e\u0431\u0440\u0430\u0437\u0430 \u0436\u0438\u0437\u043d\u0438 \u0432 \u0438\u043d\u0442\u0435\u0440\u043d\u0435\u0442-\u043c\u0430\u0433\u0430\u0437\u0438\u043d\u0435\"},{\"@type\":\"BreadcrumbList\",\"@id\":\"https:\/\/xstyle.md\/product\/trp_language-languageru_rugornolyzhnaya-maska-julbo-atmo-cat-3-white-pink-trp_languagetrp_language-languagero_romaska-schi-julbo-atmo-cat-3-white-pink-trp_language\/#breadcrumb\",\"itemListElement\":[{\"@type\":\"ListItem\",\"position\":1,\"name\":\"\u0413\u043b\u0430\u0432\u043d\u0430\u044f \u0441\u0442\u0440\u0430\u043d\u0438\u0446\u0430\",\"item\":\"https:\/\/xstyle.md\/\"},{\"@type\":\"ListItem\",\"position\":2,\"name\":\"\u041c\u0430\u0433\u0430\u0437\u0438\u043d\",\"item\":\"https:\/\/xstyle.md\/shop\/\"},{\"@type\":\"ListItem\",\"position\":3,\"name\":\"\u0413\u043e\u0440\u043d\u043e\u043b\u044b\u0436\u043d\u0430\u044f \u043c\u0430\u0441\u043a\u0430 Julbo Atmo Cat 3 White\/Pink\"}]},{\"@type\":\"WebSite\",\"@id\":\"https:\/\/xstyle.md\/#website\",\"url\":\"https:\/\/xstyle.md\/\",\"name\":\"\u041c\u0430\u0433\u0430\u0437\u0438\u043d Xstyle\",\"description\":\"C\u043d\u0430\u0440\u044f\u0436\u0435\u043d\u0438\u0435 \u0434\u043b\u044f \u0442\u0443\u0440\u0438\u0437\u043c\u0430 \u0438 \u044d\u043a\u0441\u0442\u0440\u0435\u043c\u0430\u043b\u044c\u043d\u044b\u0445 \u0432\u0438\u0434\u043e\u0432 \u0441\u043f\u043e\u0440\u0442\u0430 \u0432 \u041c\u043e\u043b\u0434\u043e\u0432\u0435.. \u0426\u0435\u043d\u044b, \u0444\u043e\u0442\u043e, \u0445\u0430\u0440\u0430\u043a\u0442\u0435\u0440\u0438\u0441\u0442\u0438\u043a\u0438 \u0432 \u041c\u043e\u043b\u0434\u043e\u0432\u0435.\",\"publisher\":{\"@id\":\"https:\/\/xstyle.md\/#organization\"},\"alternateName\":\"X-Style\",\"potentialAction\":[{\"@type\":\"SearchAction\",\"target\":{\"@type\":\"EntryPoint\",\"urlTemplate\":\"https:\/\/xstyle.md\/?s={search_term_string}\"},\"query-input\":{\"@type\":\"PropertyValueSpecification\",\"valueRequired\":true,\"valueName\":\"search_term_string\"}}],\"inLanguage\":\"ro-RO\"},{\"@type\":\"Organization\",\"@id\":\"https:\/\/xstyle.md\/#organization\",\"name\":\"\u041c\u0430\u0433\u0430\u0437\u0438\u043d Xstyle\",\"alternateName\":\"x-style\",\"url\":\"https:\/\/xstyle.md\/\",\"logo\":{\"@type\":\"ImageObject\",\"inLanguage\":\"ro-RO\",\"@id\":\"https:\/\/xstyle.md\/#\/schema\/logo\/image\/\",\"url\":\"https:\/\/xstyle.md\/wp-content\/uploads\/2020\/06\/logoicon.svg\",\"contentUrl\":\"https:\/\/xstyle.md\/wp-content\/uploads\/2020\/06\/logoicon.svg\",\"caption\":\"\u041c\u0430\u0433\u0430\u0437\u0438\u043d Xstyle\"},\"image\":{\"@id\":\"https:\/\/xstyle.md\/#\/schema\/logo\/image\/\"},\"sameAs\":[\"https:\/\/www.facebook.com\/xstylemd\",\"https:\/\/www.instagram.com\/xstyle_md\/\",\"https:\/\/t.me\/xstyle_outdoor\"],\"hasMerchantReturnPolicy\":{\"@type\":\"MerchantReturnPolicy\",\"merchantReturnLink\":\"https:\/\/xstyle.md\/ro\/conditions\/\"}}]}<\/script>\n<meta property=\"product:price:amount\" content=\"970.00\" \/>\n<meta property=\"product:price:currency\" content=\"MDL\" \/>\n<meta property=\"og:availability\" content=\"instock\" \/>\n<meta property=\"product:availability\" content=\"instock\" \/>\n<meta property=\"product:retailer_item_id\" content=\"3660576240292\" \/>\n<meta property=\"product:condition\" content=\"new\" \/>\n<!-- \/ Yoast SEO plugin. -->","yoast_head_json":{"title":"Ochelari schi Julbo Atmo Cat 3 White\/Pink - Magazin Xstyle","description":"Masca de schi Julbo Atmo Cat 3 White\/Pink pentru copii de 4-8 ani. Calitate \u00eenalt\u0103, protec\u021bie UV, design minimalistic, confort \u00een timpul schiatului.","robots":{"index":"index","follow":"follow","max-snippet":"max-snippet:-1","max-image-preview":"max-image-preview:large","max-video-preview":"max-video-preview:-1"},"canonical":"https:\/\/xstyle.md\/ro\/produs\/trp_language-languageru_rugornolyzhnaya-maska-julbo-atmo-cat-3-white-pink-trp_languagetrp_language-languagero_romaska-schi-julbo-atmo-cat-3-white-pink-trp_language\/","og_locale":"ro_RO","og_type":"article","og_title":"\u0413\u043e\u0440\u043d\u043e\u043b\u044b\u0436\u043d\u0430\u044f \u043c\u0430\u0441\u043a\u0430 Julbo Atmo Cat 3 White\/Pink - \u041c\u0430\u0433\u0430\u0437\u0438\u043d Xstyle","og_description":"\u0413\u043e\u0440\u043d\u043e\u043b\u044b\u0436\u043d\u0430\u044f \u043c\u0430\u0441\u043a\u0430 Julbo Atmo Cat 3 White\/Pink \u0434\u043b\u044f \u0434\u0435\u0442\u0435\u0439 4-8 \u043b\u0435\u0442. \u0412\u044b\u0441\u043e\u043a\u043e\u0435 \u043a\u0430\u0447\u0435\u0441\u0442\u0432\u043e, \u0437\u0430\u0449\u0438\u0442\u0430 \u043e\u0442 UV, \u043c\u0438\u043d\u0438\u043c\u0430\u043b\u0438\u0441\u0442\u0438\u0447\u043d\u044b\u0439 \u0434\u0438\u0437\u0430\u0439\u043d, \u043a\u043e\u043c\u0444\u043e\u0440\u0442 \u0432\u043e \u0432\u0440\u0435\u043c\u044f \u043a\u0430\u0442\u0430\u043d\u0438\u044f.","og_url":"https:\/\/xstyle.md\/ro\/produs\/trp_language-languageru_rugornolyzhnaya-maska-julbo-atmo-cat-3-white-pink-trp_languagetrp_language-languagero_romaska-schi-julbo-atmo-cat-3-white-pink-trp_language\/","og_site_name":"\u041c\u0430\u0433\u0430\u0437\u0438\u043d Xstyle","article_publisher":"https:\/\/www.facebook.com\/xstylemd","article_modified_time":"2026-03-19T13:50:25+00:00","og_image":[{"width":1920,"height":1462,"url":"https:\/\/xstyle.md\/wp-content\/uploads\/2022\/11\/julbo-atmo-cat-3-white-pink-scaled.jpg","type":"image\/jpeg"}],"twitter_card":"summary_large_image","twitter_misc":{"Pre\u021b":"970&nbsp;MDL","Disponibilitate":"\u00cen stoc"},"schema":{"@context":"https:\/\/schema.org","@graph":[{"@type":"WebPage","@id":"https:\/\/xstyle.md\/product\/trp_language-languageru_rugornolyzhnaya-maska-julbo-atmo-cat-3-white-pink-trp_languagetrp_language-languagero_romaska-schi-julbo-atmo-cat-3-white-pink-trp_language\/","url":"https:\/\/xstyle.md\/product\/trp_language-languageru_rugornolyzhnaya-maska-julbo-atmo-cat-3-white-pink-trp_languagetrp_language-languagero_romaska-schi-julbo-atmo-cat-3-white-pink-trp_language\/","name":"Ochelari schi Julbo Atmo Cat 3 White\/Pink - Magazin Xstyle","isPartOf":{"@id":"https:\/\/xstyle.md\/#website"},"primaryImageOfPage":{"@id":"https:\/\/xstyle.md\/product\/trp_language-languageru_rugornolyzhnaya-maska-julbo-atmo-cat-3-white-pink-trp_languagetrp_language-languagero_romaska-schi-julbo-atmo-cat-3-white-pink-trp_language\/#primaryimage"},"image":{"@id":"https:\/\/xstyle.md\/product\/trp_language-languageru_rugornolyzhnaya-maska-julbo-atmo-cat-3-white-pink-trp_languagetrp_language-languagero_romaska-schi-julbo-atmo-cat-3-white-pink-trp_language\/#primaryimage"},"thumbnailUrl":"https:\/\/xstyle.md\/wp-content\/uploads\/2022\/11\/julbo-atmo-cat-3-white-pink-scaled.jpg","datePublished":"2022-11-17T17:10:09+00:00","dateModified":"2026-03-19T13:50:25+00:00","description":"Masca de schi Julbo Atmo Cat 3 White\/Pink pentru copii de 4-8 ani. Calitate \u00eenalt\u0103, protec\u021bie UV, design minimalistic, confort \u00een timpul schiatului.","breadcrumb":{"@id":"https:\/\/xstyle.md\/product\/trp_language-languageru_rugornolyzhnaya-maska-julbo-atmo-cat-3-white-pink-trp_languagetrp_language-languagero_romaska-schi-julbo-atmo-cat-3-white-pink-trp_language\/#breadcrumb"},"inLanguage":"ro-RO","potentialAction":[{"@type":"ReadAction","target":["https:\/\/xstyle.md\/product\/trp_language-languageru_rugornolyzhnaya-maska-julbo-atmo-cat-3-white-pink-trp_languagetrp_language-languagero_romaska-schi-julbo-atmo-cat-3-white-pink-trp_language\/"]}]},{"@type":"ImageObject","inLanguage":"ro-RO","@id":"https:\/\/xstyle.md\/product\/trp_language-languageru_rugornolyzhnaya-maska-julbo-atmo-cat-3-white-pink-trp_languagetrp_language-languagero_romaska-schi-julbo-atmo-cat-3-white-pink-trp_language\/#primaryimage","url":"https:\/\/xstyle.md\/wp-content\/uploads\/2022\/11\/julbo-atmo-cat-3-white-pink-scaled.jpg","contentUrl":"https:\/\/xstyle.md\/wp-content\/uploads\/2022\/11\/julbo-atmo-cat-3-white-pink-scaled.jpg","width":1920,"height":1462,"caption":"\u0413\u043e\u0440\u043d\u043e\u043b\u044b\u0436\u043d\u0430\u044f \u043c\u0430\u0441\u043a\u0430 Julbo Atmo Cat 3 \u0431\u0435\u043b\u043e-\u0440\u043e\u0437\u043e\u0432\u0430\u044f \u0434\u043b\u044f \u0430\u043a\u0442\u0438\u0432\u043d\u043e\u0433\u043e \u043e\u0442\u0434\u044b\u0445\u0430 \u043b\u044b\u0436 \u0438 \u0441\u043d\u043e\u0443\u0431\u043e\u0440\u0434\u0430, \u044d\u043a\u0438\u043f\u0438\u0440\u043e\u0432\u043a\u0430 \u0434\u043b\u044f \u0433\u043e\u0440\u043d\u044b\u0445 \u043f\u043e\u0445\u043e\u0434\u043e\u0432 \u0438 \u043f\u0443\u0442\u0435\u0448\u0435\u0441\u0442\u0432\u0438\u0439, \u043e\u0431\u0443\u0432\u044c \u0438 \u043e\u0434\u0435\u0436\u0434\u0430 \u0434\u043b\u044f \u0430\u043a\u0442\u0438\u0432\u043d\u043e\u0433\u043e \u043e\u0431\u0440\u0430\u0437\u0430 \u0436\u0438\u0437\u043d\u0438 \u0432 \u0438\u043d\u0442\u0435\u0440\u043d\u0435\u0442-\u043c\u0430\u0433\u0430\u0437\u0438\u043d\u0435"},{"@type":"BreadcrumbList","@id":"https:\/\/xstyle.md\/product\/trp_language-languageru_rugornolyzhnaya-maska-julbo-atmo-cat-3-white-pink-trp_languagetrp_language-languagero_romaska-schi-julbo-atmo-cat-3-white-pink-trp_language\/#breadcrumb","itemListElement":[{"@type":"ListItem","position":1,"name":"\u0413\u043b\u0430\u0432\u043d\u0430\u044f \u0441\u0442\u0440\u0430\u043d\u0438\u0446\u0430","item":"https:\/\/xstyle.md\/"},{"@type":"ListItem","position":2,"name":"\u041c\u0430\u0433\u0430\u0437\u0438\u043d","item":"https:\/\/xstyle.md\/shop\/"},{"@type":"ListItem","position":3,"name":"\u0413\u043e\u0440\u043d\u043e\u043b\u044b\u0436\u043d\u0430\u044f \u043c\u0430\u0441\u043a\u0430 Julbo Atmo Cat 3 White\/Pink"}]},{"@type":"WebSite","@id":"https:\/\/xstyle.md\/#website","url":"https:\/\/xstyle.md\/","name":"Magazinul X-Style","description":"Echipamente pentru turism \u0219i sporturi extreme \u00een Moldova. Pre\u021buri, fotografii, caracteristici \u00een Moldova.","publisher":{"@id":"https:\/\/xstyle.md\/#organization"},"alternateName":"X-Style","potentialAction":[{"@type":"SearchAction","target":{"@type":"EntryPoint","urlTemplate":"https:\/\/xstyle.md\/?s={search_term_string}"},"query-input":{"@type":"PropertyValueSpecification","valueRequired":true,"valueName":"search_term_string"}}],"inLanguage":"ro-RO"},{"@type":"Organization","@id":"https:\/\/xstyle.md\/#organization","name":"Magazinul X-Style","alternateName":"x-style","url":"https:\/\/xstyle.md\/","logo":{"@type":"ImageObject","inLanguage":"ro-RO","@id":"https:\/\/xstyle.md\/#\/schema\/logo\/image\/","url":"https:\/\/xstyle.md\/wp-content\/uploads\/2020\/06\/logoicon.svg","contentUrl":"https:\/\/xstyle.md\/wp-content\/uploads\/2020\/06\/logoicon.svg","caption":"\u041c\u0430\u0433\u0430\u0437\u0438\u043d Xstyle"},"image":{"@id":"https:\/\/xstyle.md\/#\/schema\/logo\/image\/"},"sameAs":["https:\/\/www.facebook.com\/xstylemd","https:\/\/www.instagram.com\/xstyle_md\/","https:\/\/t.me\/xstyle_outdoor"],"hasMerchantReturnPolicy":{"@type":"MerchantReturnPolicy","merchantReturnLink":"https:\/\/xstyle.md\/ro\/conditions\/"}}]},"product_price_amount":"970.00","product_price_currency":"MDL","og_availability":"instock","product_availability":"instock","product_retailer_item_id":"3660576240292","product_condition":"new"},"post_mailing_queue_ids":[],"_links":{"self":[{"href":"https:\/\/xstyle.md\/ro\/wp-json\/wp\/v2\/product\/59324","targetHints":{"allow":["GET"]}}],"collection":[{"href":"https:\/\/xstyle.md\/ro\/wp-json\/wp\/v2\/product"}],"about":[{"href":"https:\/\/xstyle.md\/ro\/wp-json\/wp\/v2\/types\/product"}],"replies":[{"embeddable":true,"href":"https:\/\/xstyle.md\/ro\/wp-json\/wp\/v2\/comments?post=59324"}],"wp:featuredmedia":[{"embeddable":true,"href":"https:\/\/xstyle.md\/ro\/wp-json\/wp\/v2\/media\/65505"}],"wp:attachment":[{"href":"https:\/\/xstyle.md\/ro\/wp-json\/wp\/v2\/media?parent=59324"}],"wp:term":[{"taxonomy":"product_brand","embeddable":true,"href":"https:\/\/xstyle.md\/ro\/wp-json\/wp\/v2\/product_brand?post=59324"},{"taxonomy":"product_cat","embeddable":true,"href":"https:\/\/xstyle.md\/ro\/wp-json\/wp\/v2\/product_cat?post=59324"},{"taxonomy":"product_tag","embeddable":true,"href":"https:\/\/xstyle.md\/ro\/wp-json\/wp\/v2\/product_tag?post=59324"}],"curies":[{"name":"wp","href":"https:\/\/api.w.org\/{rel}","templated":true}]}}