{"id":5931,"date":"2020-07-16T21:07:38","date_gmt":"2020-07-16T18:07:38","guid":{"rendered":"https:\/\/xstyle.md\/product\/polar-thermal-buffr-cosamais-cayenne"},"modified":"2026-04-07T15:22:45","modified_gmt":"2026-04-07T12:22:45","slug":"polar-thermal-buffr-cosamais-cayenne","status":"publish","type":"product","link":"https:\/\/xstyle.md\/ro\/produs\/polar-thermal-buffr-cosamais-cayenne\/","title":{"rendered":"Buff cald Cosamais Cayenne"},"content":{"rendered":"<\/p>\n<p><strong>Buff Cosamais Cayenne<\/strong> &#8212; e\u0219arf\u0103-transformator, c\u0103lduroas\u0103, din fleece, pentru iubitorii de vacan\u021be de iarn\u0103 active \u0219i extreme. Materialele de \u00eenalt\u0103 tehnologie &#171;respir\u0103&#187; perfect \u0219i resping umiditatea, protej\u00e2nd scalpul f\u0103r\u0103 greutate inutil\u0103.<\/p>\n<h3>Particularit\u0103\u021bi<\/h3>\n<ul>\n<li>Datorit\u0103 stratului cald din polartec, v\u0103 men\u021bine cald \u0219i v\u0103 protejeaz\u0103 de hipotermie \u00een zilele reci.<\/li>\n<li>Perfect extensibil, poate fi purtat \u00een multe moduri diferite<\/li>\n<li>Moale \u0219i c\u0103lduroas\u0103, aceast\u0103 e\u0219arf\u0103 tubular\u0103 are o durabilitate excelent\u0103 \u0219i protejeaz\u0103 nu numai de frig, ci \u0219i de umiditate \u0219i v\u00e2nt.<\/li>\n<li>\u021aes\u0103tura \u00eendep\u0103rteaz\u0103 umezeala de pe corp, f\u0103c\u00e2nd-o s\u0103 se evapore \u00eenainte de a se acumula mirosul de transpira\u021bie<\/li>\n<li>\u021aes\u0103tura e\u0219arfei este tratat\u0103 cu o tehnologie special\u0103 Polygiene\u00ae cu s\u0103ruri de argint care \u00eempiedic\u0103 bacteriile \u0219i ciupercile s\u0103 se dezvolte pe \u021bes\u0103tura sintetic\u0103.<\/li>\n<\/ul>\n<h3>Caracteristici<\/h3>\n<ul>\n<li>Material &#8212; 95% poliester, 5% elastan<\/li>\n<li>Lungime &#8212; 76 cm<\/li>\n<li>L\u0103\u021bime &#8212; 23 cm.<\/li>\n<\/ul>\n<h3>Tehnologie<\/h3>\n<ul>\n<li><b>POLARTEC<\/b>\u00ae\u00a0<b>Thermal Pro<\/b>\u00ae &#8212; este materialul cel mai func\u021bional \u0219i de \u00eenalt\u0103 tehnologie din familia Polartec\u00ae. Aceast\u0103 gam\u0103 de \u021bes\u0103turi a ob\u021binut cel mai bun raport izola\u021bie\/greutate dintre toate \u021bes\u0103turile Polartec\u00ae. \u021aes\u0103tura este foarte respirabil\u0103, cu uscare rapid\u0103 \u0219i u\u0219or de cur\u0103\u021bat.<\/li>\n<li><strong>Polygiene<\/strong> (Natural Silver Salt Technology) &#8212; tehnologie care previne mirosurile nepl\u0103cute. Datorit\u0103 firelor de argint incluse \u00een compozi\u021bie, care sunt derivate din natur\u0103 \u0219i au propriet\u0103\u021bi antibacteriene &#8212; aceasta este o tehnologie activ\u0103 de control al mirosurilor. F\u0103r\u0103 r\u0103sp\u00e2ndire bacterian\u0103, nu trebuie s\u0103 v\u0103 face\u021bi griji cu privire la mirosul nepl\u0103cut. Aceast\u0103 proprietate a materialului se p\u0103streaz\u0103 \u0219i dup\u0103 sp\u0103l\u0103ri repetate.<\/li>\n<li><strong>Protec\u021bie UV ridicat\u0103<\/strong> &#8212; este o \u00eembr\u0103c\u0103minte special conceput\u0103 pentru a proteja \u00eempotriva razelor UV, reduc\u00e2nd efectele negative ale acestora asupra organismului.<\/li>\n<\/ul>\n<h3>Marca<\/h3>\n<p>BUFF\u00ae \u2013 brand spaniol, a c\u0103rui istorie a \u00eenceput \u00een 1992, c\u00e2nd proprietarul unei fabrici de textile catalane, Joan Rojas (Joan Rojas), pasionat de motociclism, a ajuns la concluzia c\u0103, pentru o c\u0103l\u0103torie mai confortabil\u0103 pe motociclet\u0103, este necesar un accesoriu simplu care s\u0103 protejeze g\u00e2tul \u0219i capul de v\u00e2ntul care se apropie, de frig \u0219i de soarele arz\u0103tor.<\/p>\n<p>Lui Rojas i-a pl\u0103cut ideea unei e\u0219arfe militare multifunc\u021bionale, care se poate transforma \u00eentr-o masc\u0103, o coafur\u0103 sau o e\u0219arf\u0103. Experimentele efectuate \u00een fabrica de textile a familiei sale cu diferite materiale \u0219i forme t\u0103iate au culminat cu g\u0103sirea de c\u0103tre Rojas a unei modalit\u0103\u021bi de a produce o e\u0219arf\u0103 cilindric\u0103 f\u0103r\u0103 cus\u0103turi din microfibr\u0103. Dup\u0103 ce prototipurile au fost testate de familia, prietenii \u0219i colegii atle\u021bi ai lui Rojas, \u00een 1992 a fost lansat\u0103 prima colec\u021bie de bandane f\u0103r\u0103 cus\u0103turi sub sigla BUFF\u00ae.<\/p>\n<p>\u00cen 2017, BUFF\u00ae \u0219i-a extins sim\u021bitor linia de modele, a \u00eenceput s\u0103 produc\u0103 nu numai bandane, ci \u0219i alte articole de acoperit capul, at\u00e2t pentru sport, c\u00e2t \u0219i pentru via\u021ba de zi cu zi.<\/p>\n<p><\/p>","protected":false},"excerpt":{"rendered":"<p>Buff cald Cosamais Cayenne<\/p>","protected":false},"featured_media":58410,"comment_status":"open","ping_status":"closed","template":"","meta":{"_acf_changed":false,"inline_featured_image":false},"product_brand":[1302],"product_cat":[490],"product_tag":[],"class_list":{"0":"post-5931","1":"product","2":"type-product","3":"status-publish","4":"has-post-thumbnail","6":"product_brand-buff","7":"product_cat-neckwarmer-buff","9":"first","10":"instock","11":"shipping-taxable","12":"purchasable","13":"product-type-simple"},"acf":[],"yoast_head":"<!-- This site is optimized with the Yoast SEO plugin v27.2 - https:\/\/yoast.com\/product\/yoast-seo-wordpress\/ -->\n<title>\u0422\u0435\u043f\u043b\u044b\u0439 Buff Cosamais Cayenne - \u041c\u0430\u0433\u0430\u0437\u0438\u043d Xstyle<\/title>\n<meta name=\"description\" content=\"\u0422\u0435\u043f\u043b\u044b\u0439 Buff Cosamais Cayenne \u2014 \u0442\u0440\u0430\u043d\u0441\u0444\u043e\u0440\u043c\u0438\u0440\u0443\u044e\u0449\u0438\u0439 \u0448\u0430\u0440\u0444 \u0438\u0437 \u0444\u043b\u0438\u0441\u0430 \u0441 \u0432\u044b\u0441\u043e\u043a\u043e\u0439 \u0437\u0430\u0449\u0438\u0442\u043e\u0439 \u043e\u0442 \u0443\u043b\u044c\u0442\u0440\u0430\u0444\u0438\u043e\u043b\u0435\u0442\u0430 \u0438 \u0438\u043d\u043d\u043e\u0432\u0430\u0446\u0438\u043e\u043d\u043d\u044b\u043c\u0438 \u0442\u0435\u0445\u043d\u043e\u043b\u043e\u0433\u0438\u044f\u043c\u0438. \u0418\u0434\u0435\u0430\u043b\u0435\u043d \u0434\u043b\u044f \u0437\u0438\u043c\u043d\u0438\u0445 \u043f\u0440\u0438\u043a\u043b\u044e\u0447\u0435\u043d\u0438\u0439!\" \/>\n<meta name=\"robots\" content=\"index, follow, max-snippet:-1, max-image-preview:large, max-video-preview:-1\" \/>\n<link rel=\"canonical\" href=\"https:\/\/xstyle.md\/ro\/produs\/polar-thermal-buffr-cosamais-cayenne\/\" \/>\n<meta property=\"og:locale\" content=\"ro_RO\" \/>\n<meta property=\"og:type\" content=\"article\" \/>\n<meta property=\"og:title\" content=\"\u0422\u0435\u043f\u043b\u044b\u0439 Buff Cosamais Cayenne - \u041c\u0430\u0433\u0430\u0437\u0438\u043d Xstyle\" \/>\n<meta property=\"og:description\" content=\"\u0422\u0435\u043f\u043b\u044b\u0439 Buff Cosamais Cayenne \u2014 \u0442\u0440\u0430\u043d\u0441\u0444\u043e\u0440\u043c\u0438\u0440\u0443\u044e\u0449\u0438\u0439 \u0448\u0430\u0440\u0444 \u0438\u0437 \u0444\u043b\u0438\u0441\u0430 \u0441 \u0432\u044b\u0441\u043e\u043a\u043e\u0439 \u0437\u0430\u0449\u0438\u0442\u043e\u0439 \u043e\u0442 \u0443\u043b\u044c\u0442\u0440\u0430\u0444\u0438\u043e\u043b\u0435\u0442\u0430 \u0438 \u0438\u043d\u043d\u043e\u0432\u0430\u0446\u0438\u043e\u043d\u043d\u044b\u043c\u0438 \u0442\u0435\u0445\u043d\u043e\u043b\u043e\u0433\u0438\u044f\u043c\u0438. \u0418\u0434\u0435\u0430\u043b\u0435\u043d \u0434\u043b\u044f \u0437\u0438\u043c\u043d\u0438\u0445 \u043f\u0440\u0438\u043a\u043b\u044e\u0447\u0435\u043d\u0438\u0439!\" \/>\n<meta property=\"og:url\" content=\"https:\/\/xstyle.md\/ro\/produs\/polar-thermal-buffr-cosamais-cayenne\/\" \/>\n<meta property=\"og:site_name\" content=\"\u041c\u0430\u0433\u0430\u0437\u0438\u043d Xstyle\" \/>\n<meta property=\"article:publisher\" content=\"https:\/\/www.facebook.com\/xstylemd\" \/>\n<meta property=\"article:modified_time\" content=\"2026-04-07T12:22:45+00:00\" \/>\n<meta property=\"og:image\" content=\"https:\/\/xstyle.md\/wp-content\/uploads\/2020\/07\/teplyj-buff-cosamais-cayenne.jpg\" \/>\n\t<meta property=\"og:image:width\" content=\"696\" \/>\n\t<meta property=\"og:image:height\" content=\"708\" \/>\n\t<meta property=\"og:image:type\" content=\"image\/jpeg\" \/>\n<meta name=\"twitter:card\" content=\"summary_large_image\" \/>\n<meta name=\"twitter:label1\" content=\"Pre\u021b\" \/>\n\t<meta name=\"twitter:data1\" content=\"530&nbsp;MDL\" \/>\n\t<meta name=\"twitter:label2\" content=\"Disponibilitate\" \/>\n\t<meta name=\"twitter:data2\" content=\"\u00cen stoc\" \/>\n<script type=\"application\/ld+json\" class=\"yoast-schema-graph\">{\"@context\":\"https:\/\/schema.org\",\"@graph\":[{\"@type\":\"WebPage\",\"@id\":\"https:\/\/xstyle.md\/product\/polar-thermal-buffr-cosamais-cayenne\/\",\"url\":\"https:\/\/xstyle.md\/product\/polar-thermal-buffr-cosamais-cayenne\/\",\"name\":\"\u0422\u0435\u043f\u043b\u044b\u0439 Buff Cosamais Cayenne - \u041c\u0430\u0433\u0430\u0437\u0438\u043d Xstyle\",\"isPartOf\":{\"@id\":\"https:\/\/xstyle.md\/#website\"},\"primaryImageOfPage\":{\"@id\":\"https:\/\/xstyle.md\/product\/polar-thermal-buffr-cosamais-cayenne\/#primaryimage\"},\"image\":{\"@id\":\"https:\/\/xstyle.md\/product\/polar-thermal-buffr-cosamais-cayenne\/#primaryimage\"},\"thumbnailUrl\":\"https:\/\/xstyle.md\/wp-content\/uploads\/2020\/07\/teplyj-buff-cosamais-cayenne.jpg\",\"datePublished\":\"2020-07-16T18:07:38+00:00\",\"dateModified\":\"2026-04-07T12:22:45+00:00\",\"description\":\"\u0422\u0435\u043f\u043b\u044b\u0439 Buff Cosamais Cayenne \u2014 \u0442\u0440\u0430\u043d\u0441\u0444\u043e\u0440\u043c\u0438\u0440\u0443\u044e\u0449\u0438\u0439 \u0448\u0430\u0440\u0444 \u0438\u0437 \u0444\u043b\u0438\u0441\u0430 \u0441 \u0432\u044b\u0441\u043e\u043a\u043e\u0439 \u0437\u0430\u0449\u0438\u0442\u043e\u0439 \u043e\u0442 \u0443\u043b\u044c\u0442\u0440\u0430\u0444\u0438\u043e\u043b\u0435\u0442\u0430 \u0438 \u0438\u043d\u043d\u043e\u0432\u0430\u0446\u0438\u043e\u043d\u043d\u044b\u043c\u0438 \u0442\u0435\u0445\u043d\u043e\u043b\u043e\u0433\u0438\u044f\u043c\u0438. \u0418\u0434\u0435\u0430\u043b\u0435\u043d \u0434\u043b\u044f \u0437\u0438\u043c\u043d\u0438\u0445 \u043f\u0440\u0438\u043a\u043b\u044e\u0447\u0435\u043d\u0438\u0439!\",\"breadcrumb\":{\"@id\":\"https:\/\/xstyle.md\/product\/polar-thermal-buffr-cosamais-cayenne\/#breadcrumb\"},\"inLanguage\":\"ro-RO\",\"potentialAction\":[{\"@type\":\"ReadAction\",\"target\":[\"https:\/\/xstyle.md\/product\/polar-thermal-buffr-cosamais-cayenne\/\"]}]},{\"@type\":\"ImageObject\",\"inLanguage\":\"ro-RO\",\"@id\":\"https:\/\/xstyle.md\/product\/polar-thermal-buffr-cosamais-cayenne\/#primaryimage\",\"url\":\"https:\/\/xstyle.md\/wp-content\/uploads\/2020\/07\/teplyj-buff-cosamais-cayenne.jpg\",\"contentUrl\":\"https:\/\/xstyle.md\/wp-content\/uploads\/2020\/07\/teplyj-buff-cosamais-cayenne.jpg\",\"width\":696,\"height\":708,\"caption\":\"\u0422\u0435\u043f\u043b\u044b\u0439 Buff Cosamais Cayenne \u0434\u043b\u044f \u0430\u043a\u0442\u0438\u0432\u043d\u043e\u0433\u043e \u043e\u0442\u0434\u044b\u0445\u0430, \u043f\u043e\u0445\u043e\u0434\u043e\u0432 \u0438 \u043f\u0443\u0442\u0435\u0448\u0435\u0441\u0442\u0432\u0438\u0439 \u2014 \u043e\u0434\u0435\u0436\u0434\u0430 \u0438 \u0430\u043a\u0441\u0435\u0441\u0441\u0443\u0430\u0440\u044b \u0434\u043b\u044f \u0430\u043b\u044c\u043f\u0438\u043d\u0438\u0437\u043c\u0430, \u0442\u0443\u0440\u0438\u0437\u043c\u0430 \u0438 \u0441\u043f\u043e\u0440\u0442\u0438\u0432\u043d\u043e\u0439 \u043e\u0431\u0443\u0432\u0438\"},{\"@type\":\"BreadcrumbList\",\"@id\":\"https:\/\/xstyle.md\/product\/polar-thermal-buffr-cosamais-cayenne\/#breadcrumb\",\"itemListElement\":[{\"@type\":\"ListItem\",\"position\":1,\"name\":\"\u0413\u043b\u0430\u0432\u043d\u0430\u044f \u0441\u0442\u0440\u0430\u043d\u0438\u0446\u0430\",\"item\":\"https:\/\/xstyle.md\/\"},{\"@type\":\"ListItem\",\"position\":2,\"name\":\"\u041c\u0430\u0433\u0430\u0437\u0438\u043d\",\"item\":\"https:\/\/xstyle.md\/shop\/\"},{\"@type\":\"ListItem\",\"position\":3,\"name\":\"\u0422\u0435\u043f\u043b\u044b\u0439 Buff Cosamais Cayenne\"}]},{\"@type\":\"WebSite\",\"@id\":\"https:\/\/xstyle.md\/#website\",\"url\":\"https:\/\/xstyle.md\/\",\"name\":\"\u041c\u0430\u0433\u0430\u0437\u0438\u043d Xstyle\",\"description\":\"C\u043d\u0430\u0440\u044f\u0436\u0435\u043d\u0438\u0435 \u0434\u043b\u044f \u0442\u0443\u0440\u0438\u0437\u043c\u0430 \u0438 \u044d\u043a\u0441\u0442\u0440\u0435\u043c\u0430\u043b\u044c\u043d\u044b\u0445 \u0432\u0438\u0434\u043e\u0432 \u0441\u043f\u043e\u0440\u0442\u0430 \u0432 \u041c\u043e\u043b\u0434\u043e\u0432\u0435.. \u0426\u0435\u043d\u044b, \u0444\u043e\u0442\u043e, \u0445\u0430\u0440\u0430\u043a\u0442\u0435\u0440\u0438\u0441\u0442\u0438\u043a\u0438 \u0432 \u041c\u043e\u043b\u0434\u043e\u0432\u0435.\",\"publisher\":{\"@id\":\"https:\/\/xstyle.md\/#organization\"},\"alternateName\":\"X-Style\",\"potentialAction\":[{\"@type\":\"SearchAction\",\"target\":{\"@type\":\"EntryPoint\",\"urlTemplate\":\"https:\/\/xstyle.md\/?s={search_term_string}\"},\"query-input\":{\"@type\":\"PropertyValueSpecification\",\"valueRequired\":true,\"valueName\":\"search_term_string\"}}],\"inLanguage\":\"ro-RO\"},{\"@type\":\"Organization\",\"@id\":\"https:\/\/xstyle.md\/#organization\",\"name\":\"\u041c\u0430\u0433\u0430\u0437\u0438\u043d Xstyle\",\"alternateName\":\"x-style\",\"url\":\"https:\/\/xstyle.md\/\",\"logo\":{\"@type\":\"ImageObject\",\"inLanguage\":\"ro-RO\",\"@id\":\"https:\/\/xstyle.md\/#\/schema\/logo\/image\/\",\"url\":\"https:\/\/xstyle.md\/wp-content\/uploads\/2020\/06\/logoicon.svg\",\"contentUrl\":\"https:\/\/xstyle.md\/wp-content\/uploads\/2020\/06\/logoicon.svg\",\"caption\":\"\u041c\u0430\u0433\u0430\u0437\u0438\u043d Xstyle\"},\"image\":{\"@id\":\"https:\/\/xstyle.md\/#\/schema\/logo\/image\/\"},\"sameAs\":[\"https:\/\/www.facebook.com\/xstylemd\",\"https:\/\/www.instagram.com\/xstyle_md\/\",\"https:\/\/t.me\/xstyle_outdoor\"],\"hasMerchantReturnPolicy\":{\"@type\":\"MerchantReturnPolicy\",\"merchantReturnLink\":\"https:\/\/xstyle.md\/ro\/conditions\/\"}}]}<\/script>\n<meta property=\"product:price:amount\" content=\"530.00\" \/>\n<meta property=\"product:price:currency\" content=\"MDL\" \/>\n<meta property=\"og:availability\" content=\"instock\" \/>\n<meta property=\"product:availability\" content=\"instock\" \/>\n<meta property=\"product:retailer_item_id\" content=\"8428927175847\" \/>\n<meta property=\"product:condition\" content=\"new\" \/>\n<!-- \/ Yoast SEO plugin. -->","yoast_head_json":{"title":"Buff cald Cosamais Cayenne - Magazin Xstyle","description":"C\u0103ciula cald\u0103 Buff Cosamais Cayenne \u2014 un fular transformabil din fleece cu o protec\u021bie ridicat\u0103 \u00eempotriva radia\u021biilor ultraviolete \u0219i tehnologii inovatoare. Ideal pentru aventurile de iarn\u0103!","robots":{"index":"index","follow":"follow","max-snippet":"max-snippet:-1","max-image-preview":"max-image-preview:large","max-video-preview":"max-video-preview:-1"},"canonical":"https:\/\/xstyle.md\/ro\/produs\/polar-thermal-buffr-cosamais-cayenne\/","og_locale":"ro_RO","og_type":"article","og_title":"\u0422\u0435\u043f\u043b\u044b\u0439 Buff Cosamais Cayenne - \u041c\u0430\u0433\u0430\u0437\u0438\u043d Xstyle","og_description":"\u0422\u0435\u043f\u043b\u044b\u0439 Buff Cosamais Cayenne \u2014 \u0442\u0440\u0430\u043d\u0441\u0444\u043e\u0440\u043c\u0438\u0440\u0443\u044e\u0449\u0438\u0439 \u0448\u0430\u0440\u0444 \u0438\u0437 \u0444\u043b\u0438\u0441\u0430 \u0441 \u0432\u044b\u0441\u043e\u043a\u043e\u0439 \u0437\u0430\u0449\u0438\u0442\u043e\u0439 \u043e\u0442 \u0443\u043b\u044c\u0442\u0440\u0430\u0444\u0438\u043e\u043b\u0435\u0442\u0430 \u0438 \u0438\u043d\u043d\u043e\u0432\u0430\u0446\u0438\u043e\u043d\u043d\u044b\u043c\u0438 \u0442\u0435\u0445\u043d\u043e\u043b\u043e\u0433\u0438\u044f\u043c\u0438. \u0418\u0434\u0435\u0430\u043b\u0435\u043d \u0434\u043b\u044f \u0437\u0438\u043c\u043d\u0438\u0445 \u043f\u0440\u0438\u043a\u043b\u044e\u0447\u0435\u043d\u0438\u0439!","og_url":"https:\/\/xstyle.md\/ro\/produs\/polar-thermal-buffr-cosamais-cayenne\/","og_site_name":"\u041c\u0430\u0433\u0430\u0437\u0438\u043d Xstyle","article_publisher":"https:\/\/www.facebook.com\/xstylemd","article_modified_time":"2026-04-07T12:22:45+00:00","og_image":[{"width":696,"height":708,"url":"https:\/\/xstyle.md\/wp-content\/uploads\/2020\/07\/teplyj-buff-cosamais-cayenne.jpg","type":"image\/jpeg"}],"twitter_card":"summary_large_image","twitter_misc":{"Pre\u021b":"530&nbsp;MDL","Disponibilitate":"\u00cen stoc"},"schema":{"@context":"https:\/\/schema.org","@graph":[{"@type":"WebPage","@id":"https:\/\/xstyle.md\/product\/polar-thermal-buffr-cosamais-cayenne\/","url":"https:\/\/xstyle.md\/product\/polar-thermal-buffr-cosamais-cayenne\/","name":"Buff cald Cosamais Cayenne - Magazin Xstyle","isPartOf":{"@id":"https:\/\/xstyle.md\/#website"},"primaryImageOfPage":{"@id":"https:\/\/xstyle.md\/product\/polar-thermal-buffr-cosamais-cayenne\/#primaryimage"},"image":{"@id":"https:\/\/xstyle.md\/product\/polar-thermal-buffr-cosamais-cayenne\/#primaryimage"},"thumbnailUrl":"https:\/\/xstyle.md\/wp-content\/uploads\/2020\/07\/teplyj-buff-cosamais-cayenne.jpg","datePublished":"2020-07-16T18:07:38+00:00","dateModified":"2026-04-07T12:22:45+00:00","description":"C\u0103ciula cald\u0103 Buff Cosamais Cayenne \u2014 un fular transformabil din fleece cu o protec\u021bie ridicat\u0103 \u00eempotriva radia\u021biilor ultraviolete \u0219i tehnologii inovatoare. Ideal pentru aventurile de iarn\u0103!","breadcrumb":{"@id":"https:\/\/xstyle.md\/product\/polar-thermal-buffr-cosamais-cayenne\/#breadcrumb"},"inLanguage":"ro-RO","potentialAction":[{"@type":"ReadAction","target":["https:\/\/xstyle.md\/product\/polar-thermal-buffr-cosamais-cayenne\/"]}]},{"@type":"ImageObject","inLanguage":"ro-RO","@id":"https:\/\/xstyle.md\/product\/polar-thermal-buffr-cosamais-cayenne\/#primaryimage","url":"https:\/\/xstyle.md\/wp-content\/uploads\/2020\/07\/teplyj-buff-cosamais-cayenne.jpg","contentUrl":"https:\/\/xstyle.md\/wp-content\/uploads\/2020\/07\/teplyj-buff-cosamais-cayenne.jpg","width":696,"height":708,"caption":"\u0422\u0435\u043f\u043b\u044b\u0439 Buff Cosamais Cayenne \u0434\u043b\u044f \u0430\u043a\u0442\u0438\u0432\u043d\u043e\u0433\u043e \u043e\u0442\u0434\u044b\u0445\u0430, \u043f\u043e\u0445\u043e\u0434\u043e\u0432 \u0438 \u043f\u0443\u0442\u0435\u0448\u0435\u0441\u0442\u0432\u0438\u0439 \u2014 \u043e\u0434\u0435\u0436\u0434\u0430 \u0438 \u0430\u043a\u0441\u0435\u0441\u0441\u0443\u0430\u0440\u044b \u0434\u043b\u044f \u0430\u043b\u044c\u043f\u0438\u043d\u0438\u0437\u043c\u0430, \u0442\u0443\u0440\u0438\u0437\u043c\u0430 \u0438 \u0441\u043f\u043e\u0440\u0442\u0438\u0432\u043d\u043e\u0439 \u043e\u0431\u0443\u0432\u0438"},{"@type":"BreadcrumbList","@id":"https:\/\/xstyle.md\/product\/polar-thermal-buffr-cosamais-cayenne\/#breadcrumb","itemListElement":[{"@type":"ListItem","position":1,"name":"\u0413\u043b\u0430\u0432\u043d\u0430\u044f \u0441\u0442\u0440\u0430\u043d\u0438\u0446\u0430","item":"https:\/\/xstyle.md\/"},{"@type":"ListItem","position":2,"name":"\u041c\u0430\u0433\u0430\u0437\u0438\u043d","item":"https:\/\/xstyle.md\/shop\/"},{"@type":"ListItem","position":3,"name":"\u0422\u0435\u043f\u043b\u044b\u0439 Buff Cosamais Cayenne"}]},{"@type":"WebSite","@id":"https:\/\/xstyle.md\/#website","url":"https:\/\/xstyle.md\/","name":"Magazinul X-Style","description":"Echipamente pentru turism \u0219i sporturi extreme \u00een Moldova. Pre\u021buri, fotografii, caracteristici \u00een Moldova.","publisher":{"@id":"https:\/\/xstyle.md\/#organization"},"alternateName":"X-Style","potentialAction":[{"@type":"SearchAction","target":{"@type":"EntryPoint","urlTemplate":"https:\/\/xstyle.md\/?s={search_term_string}"},"query-input":{"@type":"PropertyValueSpecification","valueRequired":true,"valueName":"search_term_string"}}],"inLanguage":"ro-RO"},{"@type":"Organization","@id":"https:\/\/xstyle.md\/#organization","name":"Magazinul X-Style","alternateName":"x-style","url":"https:\/\/xstyle.md\/","logo":{"@type":"ImageObject","inLanguage":"ro-RO","@id":"https:\/\/xstyle.md\/#\/schema\/logo\/image\/","url":"https:\/\/xstyle.md\/wp-content\/uploads\/2020\/06\/logoicon.svg","contentUrl":"https:\/\/xstyle.md\/wp-content\/uploads\/2020\/06\/logoicon.svg","caption":"\u041c\u0430\u0433\u0430\u0437\u0438\u043d Xstyle"},"image":{"@id":"https:\/\/xstyle.md\/#\/schema\/logo\/image\/"},"sameAs":["https:\/\/www.facebook.com\/xstylemd","https:\/\/www.instagram.com\/xstyle_md\/","https:\/\/t.me\/xstyle_outdoor"],"hasMerchantReturnPolicy":{"@type":"MerchantReturnPolicy","merchantReturnLink":"https:\/\/xstyle.md\/ro\/conditions\/"}}]},"product_price_amount":"530.00","product_price_currency":"MDL","og_availability":"instock","product_availability":"instock","product_retailer_item_id":"8428927175847","product_condition":"new"},"post_mailing_queue_ids":[],"_links":{"self":[{"href":"https:\/\/xstyle.md\/ro\/wp-json\/wp\/v2\/product\/5931","targetHints":{"allow":["GET"]}}],"collection":[{"href":"https:\/\/xstyle.md\/ro\/wp-json\/wp\/v2\/product"}],"about":[{"href":"https:\/\/xstyle.md\/ro\/wp-json\/wp\/v2\/types\/product"}],"replies":[{"embeddable":true,"href":"https:\/\/xstyle.md\/ro\/wp-json\/wp\/v2\/comments?post=5931"}],"wp:featuredmedia":[{"embeddable":true,"href":"https:\/\/xstyle.md\/ro\/wp-json\/wp\/v2\/media\/58410"}],"wp:attachment":[{"href":"https:\/\/xstyle.md\/ro\/wp-json\/wp\/v2\/media?parent=5931"}],"wp:term":[{"taxonomy":"product_brand","embeddable":true,"href":"https:\/\/xstyle.md\/ro\/wp-json\/wp\/v2\/product_brand?post=5931"},{"taxonomy":"product_cat","embeddable":true,"href":"https:\/\/xstyle.md\/ro\/wp-json\/wp\/v2\/product_cat?post=5931"},{"taxonomy":"product_tag","embeddable":true,"href":"https:\/\/xstyle.md\/ro\/wp-json\/wp\/v2\/product_tag?post=5931"}],"curies":[{"name":"wp","href":"https:\/\/api.w.org\/{rel}","templated":true}]}}