{"id":59305,"date":"2022-11-17T20:10:05","date_gmt":"2022-11-17T17:10:05","guid":{"rendered":"https:\/\/xstyle.md\/?post_type=product&#038;p=59305"},"modified":"2026-03-19T16:50:22","modified_gmt":"2026-03-19T13:50:22","slug":"ryukzak-deuter-aircontact-ultra-50-5-fern-alpinegreen","status":"publish","type":"product","link":"https:\/\/xstyle.md\/ro\/produs\/ryukzak-deuter-aircontact-ultra-50-5-fern-alpinegreen\/","title":{"rendered":"Rucsac Deuter Aircontact Ultra 50+5 fern-alpinegreen"},"content":{"rendered":"<\/p>\n<p><strong>Deuter Aircontact Ultra 50+5<\/strong> &#8212; pentru c\u0103l\u0103torii care doresc s\u0103 \u00ee\u0219i dep\u0103\u0219easc\u0103 limitele \u0219i au nevoie de un rucsac u\u0219or \u0219i fiabil, f\u0103r\u0103 a fi de acord s\u0103 sacrifice confortul. Confec\u021bionat din \u021bes\u0103tur\u0103 de corp certificat\u0103 bluesign\u00ae, acest rucsac con\u021bine doar strictul necesar \u0219i combin\u0103 cu pricepere confortul \u0219i greutatea, astfel \u00eenc\u00e2t s\u0103 v\u0103 pute\u021bi dedica mai mult\u0103 energie c\u0103l\u0103toriei. Acest lucru se datoreaz\u0103 \u00een mare parte sistemului de spate Aircontact, acoperit cu plas\u0103 Air Spacer, care \u00eendepline\u0219te trei func\u021bii \u00eentr-una singur\u0103 pentru a reduce greutatea: confort, amortizare \u0219i ventila\u021bie.<\/p>\n<p>Reglarea inovatoare a lungimii spatelui cu Clip &amp; Loop asigur\u0103 o potrivire personalizat\u0103 \u0219i confortabil\u0103, \u00een timp ce aripioarele mobile VariFlex ECL pentru \u0219olduri \u0219i perna lombar\u0103 ergonomic\u0103 distribuie eficient sarcina. Iar \u021bes\u0103tura ripstop rezistent\u0103, realizat\u0103 din fibre de calitate, este conceput\u0103 pentru a rezista la rigorile drume\u021biilor pe distan\u021be lungi.<\/p>\n<h3>Particularit\u0103\u021bi<\/h3>\n<ul>\n<li>Sistemul Aircontact Back System<\/li>\n<li>Cadru din o\u021bel cu arc pentru un transfer mai direct al sarcinii \u0219i pentru gestionarea sarcinii<\/li>\n<li>Lungime reglabil\u0103 a spatelui datorit\u0103 perechii ClipLoop<\/li>\n<li>Aripioare de \u0219old Variflex ECL confortabile \u0219i apropiate, care se potrivesc perfect<\/li>\n<li>Sistemul Active-Comfort-Fit permite ca greutatea rucsacului s\u0103 fie distribuit\u0103 uniform<\/li>\n<li>Cureaua de \u0219olduri cu cataram\u0103 Pull-forward<\/li>\n<li>Curea de piept cu \u00een\u0103l\u021bime reglabil\u0103 \u00een mod continuu pentru fixarea curelelor rucsacului<\/li>\n<li>Curele de stabilizare pe curele pentru reglarea \u00eenc\u0103rc\u0103turii<\/li>\n<li>Buzunare laterale extensibile \u0219i un buzunar frontal<\/li>\n<li>Compartiment interior elastic pentru depozitarea hainelor umede\/sudate<\/li>\n<li>Compartiment integrat \u00een buzunar pentru sistemul de b\u0103utur\u0103, compatibil cu Streamer 2L \u0219i Streamer 3L \u0219i orificiu pentru tubul de b\u0103utur\u0103<\/li>\n<li>Guler cu guler de fus, reglabil pe \u00een\u0103l\u021bime, cu valv\u0103 pentru capac, ofer\u0103 o capacitate suplimentar\u0103 de 5 litri<\/li>\n<li>Buzunar mare \u00een capacul-valiz\u0103<\/li>\n<li>Etichet\u0103 SOS, cu numere de urgen\u021b\u0103 \u0219i instruc\u021biuni interna\u021bionale pentru comunicarea \u00een caz de urgen\u021b\u0103<\/li>\n<li>Pern\u0103 lombar\u0103 trapezoidal\u0103 ergonomic\u0103 pentru o distribu\u021bie eficient\u0103 a \u00eenc\u0103rc\u0103turii lombare<\/li>\n<li>Dou\u0103 buzunare cu fermoar pe &#171;aripile&#187; centurii abdominale<\/li>\n<li>Bucle pentru fixarea de echipamente suplimentare \u00een partea din fa\u021b\u0103: GPS, h\u0103r\u021bi etc. pe curele<\/li>\n<li>F\u00e2\u0219ii \u00een partea inferioar\u0103 pentru ata\u0219area unui sac de dormit sau a unui cort, v\u0103 permit, de asemenea, s\u0103 \u00eenghesui\u021bi con\u021binutul p\u0103r\u021bii inferioare.<\/li>\n<\/ul>\n<h3>Caracteristici<\/h3>\n<ul>\n<li>Greutate &#8212; 1210 g<\/li>\n<li>Volum &#8212; 50+5 litri<\/li>\n<li>Dimensiuni &#8212; 76 x 28 x 25 (H x L x P) cm<\/li>\n<li>Material &#8212; 200D 2X2 PA Ripstop 2X2 PA Ripstop<\/li>\n<li>Nu este potrivit pentru bagajele de m\u00e2n\u0103<\/li>\n<li>Hus\u0103 de ploaie &#8212; da<\/li>\n<li>Ventila\u021bie &#8212; da<\/li>\n<li>Destina\u021bie &#8212; trekking, drume\u021bii<\/li>\n<li>Model &#8212; unisex<\/li>\n<\/ul>\n<h3>Tehnologie<\/h3>\n<ul>\n<li><strong>Aircontact System<\/strong> &#8212; este un sistem de suspensie care faciliteaz\u0103 modul \u00een care sunt transportate \u00eenc\u0103rc\u0103turile grele. Pernele sistemului Aircontact sunt alc\u0103tuite din spum\u0103 special\u0103 cu porozitate mare, care asigur\u0103 o ventila\u021bie fantastic\u0103 printr-un efect de pompare \u00een timpul mi\u0219c\u0103rii. Datorit\u0103 contactului str\u00e2ns cu rucsacul, centrul de greutate este pozi\u021bionat mai aproape de corp &#8212; greutatea \u00eenc\u0103rc\u0103turii este distribuit\u0103 \u00een mod optim.<\/li>\n<li><strong>ActiveFit<\/strong> &#8212; curele de um\u0103r mobile care se adapteaz\u0103 la l\u0103\u021bimea umerilor \u0219i a pieptului. Forma ergonomic\u0103 \u00een S urm\u0103re\u0219te conturul corpului \u0219i elimin\u0103 irita\u021biile \u0219i disconfortul. C\u0103ptu\u0219eala u\u0219oar\u0103 din spum\u0103 asigur\u0103 o ventila\u021bie excelent\u0103.<\/li>\n<\/ul>\n<h3>Marca<\/h3>\n<p>Deuter este o marc\u0103 german\u0103 de gen\u021bi de sport \u0219i gen\u021bi pentru drume\u021bii, trekking, sporturi de iarn\u0103 \u0219i alte scopuri. Istoria companiei dateaz\u0103 de mai bine de 100 de ani: fondat\u0103 de Hans Deuter \u00een 1898, la \u00eenceputul secolului XX Deuter furniza deja saci po\u0219tali pentru Po\u0219ta Regal\u0103 Bavarez\u0103, iar \u00een anii 1910 &#8212; rucsacuri, gen\u021bi, curele \u0219i corturi pentru armat\u0103.<\/p>\n<p>Fiind unul dintre cei mai importan\u021bi produc\u0103tori de rucsacuri, Deuter a cooperat \u00eentotdeauna cu alpini\u0219ti experimenta\u021bi, care \u00eemp\u0103rt\u0103\u0219esc din experien\u021ba \u0219i cuno\u0219tin\u021bele lor bogate. Deuter nu se opre\u0219te la rezultatele ob\u021binute, lucr\u00e2nd \u00een mod constant la calitate \u0219i la \u00eembun\u0103t\u0103\u021birea produselor sale. Speciali\u0219tii companiei sunt mereu \u00een c\u0103utare de noi solu\u021bii tehnice care s\u0103 v\u0103 asigure confortul \u0219i siguran\u021ba.<\/p>\n<p><\/p>","protected":false},"excerpt":{"rendered":"","protected":false},"featured_media":59873,"comment_status":"open","ping_status":"closed","template":"","meta":{"_acf_changed":false,"inline_featured_image":false},"product_brand":[1261],"product_cat":[42],"product_tag":[],"class_list":{"0":"post-59305","1":"product","2":"type-product","3":"status-publish","4":"has-post-thumbnail","6":"product_brand-deuter","7":"product_cat-travel-up-to-100-bag","9":"first","10":"instock","11":"shipping-taxable","12":"purchasable","13":"product-type-simple"},"acf":[],"yoast_head":"<!-- This site is optimized with the Yoast SEO plugin v27.4 - https:\/\/yoast.com\/product\/yoast-seo-wordpress\/ -->\n<title>\u0420\u044e\u043a\u0437\u0430\u043a Deuter Aircontact Ultra 50+5 fern-alpinegreen - \u041c\u0430\u0433\u0430\u0437\u0438\u043d Xstyle<\/title>\n<meta name=\"description\" content=\"\u0420\u044e\u043a\u0437\u0430\u043a Deuter Aircontact Ultra 50+5 fern-alpinegreen \u2014 \u0438\u0434\u0435\u0430\u043b\u0435\u043d \u0434\u043b\u044f \u043f\u0443\u0442\u0435\u0448\u0435\u0441\u0442\u0432\u0438\u0439, \u043b\u0435\u0433\u043a\u0438\u0439 \u0438 \u043f\u0440\u043e\u0447\u043d\u044b\u0439, \u0441 \u0441\u0438\u0441\u0442\u0435\u043c\u043e\u0439 Aircontact \u0438 \u0438\u043d\u043d\u043e\u0432\u0430\u0446\u0438\u043e\u043d\u043d\u044b\u043c\u0438 \u0444\u0443\u043d\u043a\u0446\u0438\u044f\u043c\u0438 \u043a\u043e\u043c\u0444\u043e\u0440\u0442\u0430.\" \/>\n<meta name=\"robots\" content=\"index, follow, max-snippet:-1, max-image-preview:large, max-video-preview:-1\" \/>\n<link rel=\"canonical\" href=\"https:\/\/xstyle.md\/ro\/produs\/ryukzak-deuter-aircontact-ultra-50-5-fern-alpinegreen\/\" \/>\n<meta property=\"og:locale\" content=\"ro_RO\" \/>\n<meta property=\"og:type\" content=\"article\" \/>\n<meta property=\"og:title\" content=\"\u0420\u044e\u043a\u0437\u0430\u043a Deuter Aircontact Ultra 50+5 fern-alpinegreen - \u041c\u0430\u0433\u0430\u0437\u0438\u043d Xstyle\" \/>\n<meta property=\"og:description\" content=\"\u0420\u044e\u043a\u0437\u0430\u043a Deuter Aircontact Ultra 50+5 fern-alpinegreen \u2014 \u0438\u0434\u0435\u0430\u043b\u0435\u043d \u0434\u043b\u044f \u043f\u0443\u0442\u0435\u0448\u0435\u0441\u0442\u0432\u0438\u0439, \u043b\u0435\u0433\u043a\u0438\u0439 \u0438 \u043f\u0440\u043e\u0447\u043d\u044b\u0439, \u0441 \u0441\u0438\u0441\u0442\u0435\u043c\u043e\u0439 Aircontact \u0438 \u0438\u043d\u043d\u043e\u0432\u0430\u0446\u0438\u043e\u043d\u043d\u044b\u043c\u0438 \u0444\u0443\u043d\u043a\u0446\u0438\u044f\u043c\u0438 \u043a\u043e\u043c\u0444\u043e\u0440\u0442\u0430.\" \/>\n<meta property=\"og:url\" content=\"https:\/\/xstyle.md\/ro\/produs\/ryukzak-deuter-aircontact-ultra-50-5-fern-alpinegreen\/\" \/>\n<meta property=\"og:site_name\" content=\"\u041c\u0430\u0433\u0430\u0437\u0438\u043d Xstyle\" \/>\n<meta property=\"article:publisher\" content=\"https:\/\/www.facebook.com\/xstylemd\" \/>\n<meta property=\"article:modified_time\" content=\"2026-03-19T13:50:22+00:00\" \/>\n<meta property=\"og:image\" content=\"https:\/\/xstyle.md\/wp-content\/uploads\/2022\/11\/deuter-aircontact-ultra-505-fern-alpinegreen.jpg\" \/>\n\t<meta property=\"og:image:width\" content=\"1728\" \/>\n\t<meta property=\"og:image:height\" content=\"1656\" \/>\n\t<meta property=\"og:image:type\" content=\"image\/jpeg\" \/>\n<meta name=\"twitter:card\" content=\"summary_large_image\" \/>\n<meta name=\"twitter:label1\" content=\"Pre\u021b\" \/>\n\t<meta name=\"twitter:data1\" content=\"5.390&nbsp;MDL\" \/>\n\t<meta name=\"twitter:label2\" content=\"Disponibilitate\" \/>\n\t<meta name=\"twitter:data2\" content=\"\u00cen stoc\" \/>\n<script type=\"application\/ld+json\" class=\"yoast-schema-graph\">{\"@context\":\"https:\\\/\\\/schema.org\",\"@graph\":[{\"@type\":\"WebPage\",\"@id\":\"https:\\\/\\\/xstyle.md\\\/product\\\/ryukzak-deuter-aircontact-ultra-50-5-fern-alpinegreen\\\/\",\"url\":\"https:\\\/\\\/xstyle.md\\\/product\\\/ryukzak-deuter-aircontact-ultra-50-5-fern-alpinegreen\\\/\",\"name\":\"\u0420\u044e\u043a\u0437\u0430\u043a Deuter Aircontact Ultra 50+5 fern-alpinegreen - \u041c\u0430\u0433\u0430\u0437\u0438\u043d Xstyle\",\"isPartOf\":{\"@id\":\"https:\\\/\\\/xstyle.md\\\/#website\"},\"primaryImageOfPage\":{\"@id\":\"https:\\\/\\\/xstyle.md\\\/product\\\/ryukzak-deuter-aircontact-ultra-50-5-fern-alpinegreen\\\/#primaryimage\"},\"image\":{\"@id\":\"https:\\\/\\\/xstyle.md\\\/product\\\/ryukzak-deuter-aircontact-ultra-50-5-fern-alpinegreen\\\/#primaryimage\"},\"thumbnailUrl\":\"https:\\\/\\\/xstyle.md\\\/wp-content\\\/uploads\\\/2022\\\/11\\\/deuter-aircontact-ultra-505-fern-alpinegreen.jpg\",\"datePublished\":\"2022-11-17T17:10:05+00:00\",\"dateModified\":\"2026-03-19T13:50:22+00:00\",\"description\":\"\u0420\u044e\u043a\u0437\u0430\u043a Deuter Aircontact Ultra 50+5 fern-alpinegreen \u2014 \u0438\u0434\u0435\u0430\u043b\u0435\u043d \u0434\u043b\u044f \u043f\u0443\u0442\u0435\u0448\u0435\u0441\u0442\u0432\u0438\u0439, \u043b\u0435\u0433\u043a\u0438\u0439 \u0438 \u043f\u0440\u043e\u0447\u043d\u044b\u0439, \u0441 \u0441\u0438\u0441\u0442\u0435\u043c\u043e\u0439 Aircontact \u0438 \u0438\u043d\u043d\u043e\u0432\u0430\u0446\u0438\u043e\u043d\u043d\u044b\u043c\u0438 \u0444\u0443\u043d\u043a\u0446\u0438\u044f\u043c\u0438 \u043a\u043e\u043c\u0444\u043e\u0440\u0442\u0430.\",\"breadcrumb\":{\"@id\":\"https:\\\/\\\/xstyle.md\\\/product\\\/ryukzak-deuter-aircontact-ultra-50-5-fern-alpinegreen\\\/#breadcrumb\"},\"inLanguage\":\"ro-RO\",\"potentialAction\":[{\"@type\":\"ReadAction\",\"target\":[\"https:\\\/\\\/xstyle.md\\\/product\\\/ryukzak-deuter-aircontact-ultra-50-5-fern-alpinegreen\\\/\"]}]},{\"@type\":\"ImageObject\",\"inLanguage\":\"ro-RO\",\"@id\":\"https:\\\/\\\/xstyle.md\\\/product\\\/ryukzak-deuter-aircontact-ultra-50-5-fern-alpinegreen\\\/#primaryimage\",\"url\":\"https:\\\/\\\/xstyle.md\\\/wp-content\\\/uploads\\\/2022\\\/11\\\/deuter-aircontact-ultra-505-fern-alpinegreen.jpg\",\"contentUrl\":\"https:\\\/\\\/xstyle.md\\\/wp-content\\\/uploads\\\/2022\\\/11\\\/deuter-aircontact-ultra-505-fern-alpinegreen.jpg\",\"width\":1728,\"height\":1656,\"caption\":\"\u0420\u044e\u043a\u0437\u0430\u043a Deuter Aircontact Ultra 50+5 \u0434\u043b\u044f \u0430\u043a\u0442\u0438\u0432\u043d\u043e\u0433\u043e \u043e\u0442\u0434\u044b\u0445\u0430, \u043f\u043e\u0445\u043e\u0434\u043e\u0432 \u0438 \u043f\u0443\u0442\u0435\u0448\u0435\u0441\u0442\u0432\u0438\u0439, \u043e\u0434\u0435\u0436\u0434\u0430 \u0438 \u043e\u0431\u0443\u0432\u044c \u0434\u043b\u044f \u0442\u0443\u0440\u0438\u0437\u043c\u0430, \u0430\u043b\u044c\u043f\u0438\u043d\u0438\u0437\u043c\u0430 \u0438 \u0445\u0430\u0439\u043a\u0438\u043d\u0433\u0430 \u043d\u0430 \u0441\u0430\u0439\u0442\u0435 \u0438\u043d\u0442\u0435\u0440\u043d\u0435\u0442-\u043c\u0430\u0433\u0430\u0437\u0438\u043d\u0430\"},{\"@type\":\"BreadcrumbList\",\"@id\":\"https:\\\/\\\/xstyle.md\\\/product\\\/ryukzak-deuter-aircontact-ultra-50-5-fern-alpinegreen\\\/#breadcrumb\",\"itemListElement\":[{\"@type\":\"ListItem\",\"position\":1,\"name\":\"\u0413\u043b\u0430\u0432\u043d\u0430\u044f \u0441\u0442\u0440\u0430\u043d\u0438\u0446\u0430\",\"item\":\"https:\\\/\\\/xstyle.md\\\/\"},{\"@type\":\"ListItem\",\"position\":2,\"name\":\"\u041c\u0430\u0433\u0430\u0437\u0438\u043d\",\"item\":\"https:\\\/\\\/xstyle.md\\\/shop\\\/\"},{\"@type\":\"ListItem\",\"position\":3,\"name\":\"\u0420\u044e\u043a\u0437\u0430\u043a Deuter Aircontact Ultra 50+5 fern-alpinegreen\"}]},{\"@type\":\"WebSite\",\"@id\":\"https:\\\/\\\/xstyle.md\\\/#website\",\"url\":\"https:\\\/\\\/xstyle.md\\\/\",\"name\":\"\u041c\u0430\u0433\u0430\u0437\u0438\u043d Xstyle\",\"description\":\"C\u043d\u0430\u0440\u044f\u0436\u0435\u043d\u0438\u0435 \u0434\u043b\u044f \u0442\u0443\u0440\u0438\u0437\u043c\u0430 \u0438 \u044d\u043a\u0441\u0442\u0440\u0435\u043c\u0430\u043b\u044c\u043d\u044b\u0445 \u0432\u0438\u0434\u043e\u0432 \u0441\u043f\u043e\u0440\u0442\u0430 \u0432 \u041c\u043e\u043b\u0434\u043e\u0432\u0435.. \u0426\u0435\u043d\u044b, \u0444\u043e\u0442\u043e, \u0445\u0430\u0440\u0430\u043a\u0442\u0435\u0440\u0438\u0441\u0442\u0438\u043a\u0438 \u0432 \u041c\u043e\u043b\u0434\u043e\u0432\u0435.\",\"publisher\":{\"@id\":\"https:\\\/\\\/xstyle.md\\\/#organization\"},\"alternateName\":\"X-Style\",\"potentialAction\":[{\"@type\":\"SearchAction\",\"target\":{\"@type\":\"EntryPoint\",\"urlTemplate\":\"https:\\\/\\\/xstyle.md\\\/?s={search_term_string}\"},\"query-input\":{\"@type\":\"PropertyValueSpecification\",\"valueRequired\":true,\"valueName\":\"search_term_string\"}}],\"inLanguage\":\"ro-RO\"},{\"@type\":\"Organization\",\"@id\":\"https:\\\/\\\/xstyle.md\\\/#organization\",\"name\":\"\u041c\u0430\u0433\u0430\u0437\u0438\u043d Xstyle\",\"alternateName\":\"x-style\",\"url\":\"https:\\\/\\\/xstyle.md\\\/\",\"logo\":{\"@type\":\"ImageObject\",\"inLanguage\":\"ro-RO\",\"@id\":\"https:\\\/\\\/xstyle.md\\\/#\\\/schema\\\/logo\\\/image\\\/\",\"url\":\"https:\\\/\\\/xstyle.md\\\/wp-content\\\/uploads\\\/2020\\\/06\\\/logoicon.svg\",\"contentUrl\":\"https:\\\/\\\/xstyle.md\\\/wp-content\\\/uploads\\\/2020\\\/06\\\/logoicon.svg\",\"caption\":\"\u041c\u0430\u0433\u0430\u0437\u0438\u043d Xstyle\"},\"image\":{\"@id\":\"https:\\\/\\\/xstyle.md\\\/#\\\/schema\\\/logo\\\/image\\\/\"},\"sameAs\":[\"https:\\\/\\\/www.facebook.com\\\/xstylemd\",\"https:\\\/\\\/www.instagram.com\\\/xstyle_md\\\/\",\"https:\\\/\\\/t.me\\\/xstyle_outdoor\"],\"hasMerchantReturnPolicy\":{\"@type\":\"MerchantReturnPolicy\",\"merchantReturnLink\":\"https:\\\/\\\/xstyle.md\\\/ro\\\/conditions\\\/\"}}]}<\/script>\n<meta property=\"product:price:amount\" content=\"5390.00\" \/>\n<meta property=\"product:price:currency\" content=\"MDL\" \/>\n<meta property=\"og:availability\" content=\"instock\" \/>\n<meta property=\"product:availability\" content=\"instock\" \/>\n<meta property=\"product:retailer_item_id\" content=\"4046051131689\" \/>\n<meta property=\"product:condition\" content=\"new\" \/>\n<!-- \/ Yoast SEO plugin. -->","yoast_head_json":{"title":"Rucsac Deuter Aircontact Ultra 50+5 fern-alpinegreen - Magazin Xstyle","description":"Rucsacul Deuter Aircontact Ultra 50+5 fern-alpinegreen este ideal pentru c\u0103l\u0103torii, u\u0219or \u0219i rezistent, cu sistemul Aircontact \u0219i func\u021bii inovatoare de confort.","robots":{"index":"index","follow":"follow","max-snippet":"max-snippet:-1","max-image-preview":"max-image-preview:large","max-video-preview":"max-video-preview:-1"},"canonical":"https:\/\/xstyle.md\/ro\/produs\/ryukzak-deuter-aircontact-ultra-50-5-fern-alpinegreen\/","og_locale":"ro_RO","og_type":"article","og_title":"\u0420\u044e\u043a\u0437\u0430\u043a Deuter Aircontact Ultra 50+5 fern-alpinegreen - \u041c\u0430\u0433\u0430\u0437\u0438\u043d Xstyle","og_description":"\u0420\u044e\u043a\u0437\u0430\u043a Deuter Aircontact Ultra 50+5 fern-alpinegreen \u2014 \u0438\u0434\u0435\u0430\u043b\u0435\u043d \u0434\u043b\u044f \u043f\u0443\u0442\u0435\u0448\u0435\u0441\u0442\u0432\u0438\u0439, \u043b\u0435\u0433\u043a\u0438\u0439 \u0438 \u043f\u0440\u043e\u0447\u043d\u044b\u0439, \u0441 \u0441\u0438\u0441\u0442\u0435\u043c\u043e\u0439 Aircontact \u0438 \u0438\u043d\u043d\u043e\u0432\u0430\u0446\u0438\u043e\u043d\u043d\u044b\u043c\u0438 \u0444\u0443\u043d\u043a\u0446\u0438\u044f\u043c\u0438 \u043a\u043e\u043c\u0444\u043e\u0440\u0442\u0430.","og_url":"https:\/\/xstyle.md\/ro\/produs\/ryukzak-deuter-aircontact-ultra-50-5-fern-alpinegreen\/","og_site_name":"\u041c\u0430\u0433\u0430\u0437\u0438\u043d Xstyle","article_publisher":"https:\/\/www.facebook.com\/xstylemd","article_modified_time":"2026-03-19T13:50:22+00:00","og_image":[{"width":1728,"height":1656,"url":"https:\/\/xstyle.md\/wp-content\/uploads\/2022\/11\/deuter-aircontact-ultra-505-fern-alpinegreen.jpg","type":"image\/jpeg"}],"twitter_card":"summary_large_image","twitter_misc":{"Pre\u021b":"5.390&nbsp;MDL","Disponibilitate":"\u00cen stoc"},"schema":{"@context":"https:\/\/schema.org","@graph":[{"@type":"WebPage","@id":"https:\/\/xstyle.md\/product\/ryukzak-deuter-aircontact-ultra-50-5-fern-alpinegreen\/","url":"https:\/\/xstyle.md\/product\/ryukzak-deuter-aircontact-ultra-50-5-fern-alpinegreen\/","name":"Rucsac Deuter Aircontact Ultra 50+5 fern-alpinegreen - Magazin Xstyle","isPartOf":{"@id":"https:\/\/xstyle.md\/#website"},"primaryImageOfPage":{"@id":"https:\/\/xstyle.md\/product\/ryukzak-deuter-aircontact-ultra-50-5-fern-alpinegreen\/#primaryimage"},"image":{"@id":"https:\/\/xstyle.md\/product\/ryukzak-deuter-aircontact-ultra-50-5-fern-alpinegreen\/#primaryimage"},"thumbnailUrl":"https:\/\/xstyle.md\/wp-content\/uploads\/2022\/11\/deuter-aircontact-ultra-505-fern-alpinegreen.jpg","datePublished":"2022-11-17T17:10:05+00:00","dateModified":"2026-03-19T13:50:22+00:00","description":"Rucsacul Deuter Aircontact Ultra 50+5 fern-alpinegreen este ideal pentru c\u0103l\u0103torii, u\u0219or \u0219i rezistent, cu sistemul Aircontact \u0219i func\u021bii inovatoare de confort.","breadcrumb":{"@id":"https:\/\/xstyle.md\/product\/ryukzak-deuter-aircontact-ultra-50-5-fern-alpinegreen\/#breadcrumb"},"inLanguage":"ro-RO","potentialAction":[{"@type":"ReadAction","target":["https:\/\/xstyle.md\/product\/ryukzak-deuter-aircontact-ultra-50-5-fern-alpinegreen\/"]}]},{"@type":"ImageObject","inLanguage":"ro-RO","@id":"https:\/\/xstyle.md\/product\/ryukzak-deuter-aircontact-ultra-50-5-fern-alpinegreen\/#primaryimage","url":"https:\/\/xstyle.md\/wp-content\/uploads\/2022\/11\/deuter-aircontact-ultra-505-fern-alpinegreen.jpg","contentUrl":"https:\/\/xstyle.md\/wp-content\/uploads\/2022\/11\/deuter-aircontact-ultra-505-fern-alpinegreen.jpg","width":1728,"height":1656,"caption":"\u0420\u044e\u043a\u0437\u0430\u043a Deuter Aircontact Ultra 50+5 \u0434\u043b\u044f \u0430\u043a\u0442\u0438\u0432\u043d\u043e\u0433\u043e \u043e\u0442\u0434\u044b\u0445\u0430, \u043f\u043e\u0445\u043e\u0434\u043e\u0432 \u0438 \u043f\u0443\u0442\u0435\u0448\u0435\u0441\u0442\u0432\u0438\u0439, \u043e\u0434\u0435\u0436\u0434\u0430 \u0438 \u043e\u0431\u0443\u0432\u044c \u0434\u043b\u044f \u0442\u0443\u0440\u0438\u0437\u043c\u0430, \u0430\u043b\u044c\u043f\u0438\u043d\u0438\u0437\u043c\u0430 \u0438 \u0445\u0430\u0439\u043a\u0438\u043d\u0433\u0430 \u043d\u0430 \u0441\u0430\u0439\u0442\u0435 \u0438\u043d\u0442\u0435\u0440\u043d\u0435\u0442-\u043c\u0430\u0433\u0430\u0437\u0438\u043d\u0430"},{"@type":"BreadcrumbList","@id":"https:\/\/xstyle.md\/product\/ryukzak-deuter-aircontact-ultra-50-5-fern-alpinegreen\/#breadcrumb","itemListElement":[{"@type":"ListItem","position":1,"name":"\u0413\u043b\u0430\u0432\u043d\u0430\u044f \u0441\u0442\u0440\u0430\u043d\u0438\u0446\u0430","item":"https:\/\/xstyle.md\/"},{"@type":"ListItem","position":2,"name":"\u041c\u0430\u0433\u0430\u0437\u0438\u043d","item":"https:\/\/xstyle.md\/shop\/"},{"@type":"ListItem","position":3,"name":"\u0420\u044e\u043a\u0437\u0430\u043a Deuter Aircontact Ultra 50+5 fern-alpinegreen"}]},{"@type":"WebSite","@id":"https:\/\/xstyle.md\/#website","url":"https:\/\/xstyle.md\/","name":"Magazinul X-Style","description":"Echipamente pentru turism \u0219i sporturi extreme \u00een Moldova. Pre\u021buri, fotografii, caracteristici \u00een Moldova.","publisher":{"@id":"https:\/\/xstyle.md\/#organization"},"alternateName":"X-Style","potentialAction":[{"@type":"SearchAction","target":{"@type":"EntryPoint","urlTemplate":"https:\/\/xstyle.md\/?s={search_term_string}"},"query-input":{"@type":"PropertyValueSpecification","valueRequired":true,"valueName":"search_term_string"}}],"inLanguage":"ro-RO"},{"@type":"Organization","@id":"https:\/\/xstyle.md\/#organization","name":"Magazinul X-Style","alternateName":"x-style","url":"https:\/\/xstyle.md\/","logo":{"@type":"ImageObject","inLanguage":"ro-RO","@id":"https:\/\/xstyle.md\/#\/schema\/logo\/image\/","url":"https:\/\/xstyle.md\/wp-content\/uploads\/2020\/06\/logoicon.svg","contentUrl":"https:\/\/xstyle.md\/wp-content\/uploads\/2020\/06\/logoicon.svg","caption":"\u041c\u0430\u0433\u0430\u0437\u0438\u043d Xstyle"},"image":{"@id":"https:\/\/xstyle.md\/#\/schema\/logo\/image\/"},"sameAs":["https:\/\/www.facebook.com\/xstylemd","https:\/\/www.instagram.com\/xstyle_md\/","https:\/\/t.me\/xstyle_outdoor"],"hasMerchantReturnPolicy":{"@type":"MerchantReturnPolicy","merchantReturnLink":"https:\/\/xstyle.md\/ro\/conditions\/"}}]},"product_price_amount":"5390.00","product_price_currency":"MDL","og_availability":"instock","product_availability":"instock","product_retailer_item_id":"4046051131689","product_condition":"new"},"_links":{"self":[{"href":"https:\/\/xstyle.md\/ro\/wp-json\/wp\/v2\/product\/59305","targetHints":{"allow":["GET"]}}],"collection":[{"href":"https:\/\/xstyle.md\/ro\/wp-json\/wp\/v2\/product"}],"about":[{"href":"https:\/\/xstyle.md\/ro\/wp-json\/wp\/v2\/types\/product"}],"replies":[{"embeddable":true,"href":"https:\/\/xstyle.md\/ro\/wp-json\/wp\/v2\/comments?post=59305"}],"wp:featuredmedia":[{"embeddable":true,"href":"https:\/\/xstyle.md\/ro\/wp-json\/wp\/v2\/media\/59873"}],"wp:attachment":[{"href":"https:\/\/xstyle.md\/ro\/wp-json\/wp\/v2\/media?parent=59305"}],"wp:term":[{"taxonomy":"product_brand","embeddable":true,"href":"https:\/\/xstyle.md\/ro\/wp-json\/wp\/v2\/product_brand?post=59305"},{"taxonomy":"product_cat","embeddable":true,"href":"https:\/\/xstyle.md\/ro\/wp-json\/wp\/v2\/product_cat?post=59305"},{"taxonomy":"product_tag","embeddable":true,"href":"https:\/\/xstyle.md\/ro\/wp-json\/wp\/v2\/product_tag?post=59305"}],"curies":[{"name":"wp","href":"https:\/\/api.w.org\/{rel}","templated":true}]}}