{"id":59056,"date":"2022-11-15T20:30:42","date_gmt":"2022-11-15T17:30:42","guid":{"rendered":"https:\/\/xstyle.md\/?post_type=product&#038;p=59056"},"modified":"2025-10-24T13:15:40","modified_gmt":"2025-10-24T10:15:40","slug":"multitul-victorinox-spartan-camouflage-1-3603-94","status":"publish","type":"product","link":"https:\/\/xstyle.md\/ro\/produs\/multitul-victorinox-spartan-camouflage-1-3603-94\/","title":{"rendered":"Multitool Victorinox Spartan Camouflage 1.3603.94"},"content":{"rendered":"<p align=\"justify\"><\/p>\n<p><strong>Victorinox Spartan Camouflage 1.3603.94<\/strong> &#8212; glorific\u0103 spiritul Spartei antice, a c\u0103rei cultur\u0103 se baza pe c\u0103utarea victoriei \u00een lupt\u0103. Practic, compact \u0219i util \u00een multe situa\u021bii, cu\u021bitul Victorinox Spartan v\u0103 va ajuta \u0219i \u00een micile b\u0103t\u0103lii de zi cu zi. Cu el ve\u021bi \u00eenvinge cu siguran\u021b\u0103! Acest model este cel mai popular cu\u021bit full-size de la Victorinox \u0219i este probabil considerat de majoritatea oamenilor ca fiind modelul standard al cu\u021bitelor elve\u021biene.<\/p>\n<p>Datorit\u0103 acestui cu\u021bit, orice munc\u0103 va fi o pl\u0103cere pentru dvs. \u0219i tot ce trebuie s\u0103 face\u021bi este s\u0103 pune\u021bi cu\u021bitul Victorinox \u00een buzunar!<\/p>\n<p>Acest cu\u021bit este cu adev\u0103rat o adev\u0103rat\u0103 bijuterie, iar aspectul s\u0103u impecabil \u00eel transform\u0103 \u00eentr-un suvenir. Un \u00eentreg set de multi-unelte \u00eel face unic \u0219i versatil \u00een utilizare.<br \/>\nEste fabricat din materiale de \u00eenalt\u0103 calitate. M\u00e2nerul lucios este finisat \u00eentr-o culoare neagr\u0103 clasic\u0103. Robust, fiabil \u0219i durabil. Practic \u0219i frumos \u00een acela\u0219i timp. Va fi un bun ajutor \u00een orice repara\u021bie, iar un cadou sub forma unui multitool de acest model va fi pe placul oric\u0103rui c\u0103l\u0103tor sau pur \u0219i simplu un iubitor de activit\u0103\u021bi \u00een aer liber. Datorit\u0103 greut\u0103\u021bii sale u\u0219oare, \u00eel pute\u021bi transporta cu u\u0219urin\u021b\u0103 cu dvs. Lama sa este pe c\u00e2t de rezistent\u0103, pe at\u00e2t de ascu\u021bit\u0103.<\/p>\n<p>Acest instrument va fi un excelent ajutor zilnic. U\u0219or de utilizat \u0219i de transportat.<\/p>\n<p>Calitatea brandului Victorinox de renume mondial, care produce cu\u021bite elve\u021biene de armat\u0103 din 1897, este un punct aparte. Atunci c\u00e2nd cump\u0103ra\u021bi un multitool Victorinox, cump\u0103ra\u021bi o unealt\u0103 de prim\u0103 clas\u0103 pe care o ve\u021bi folosi mul\u021bi ani de acum \u00eencolo. Acesta va deveni asistentul t\u0103u \u00een via\u021ba de zi cu zi, \u00een natur\u0103 \u0219i chiar \u0219i \u00een cele mai dificile situa\u021bii.<\/p>\n<h3>Include\u021bi<\/h3>\n<ul>\n<li>Lama mare<\/li>\n<li>Lama mic\u0103<\/li>\n<li>Tirbu\u0219on<\/li>\n<li>Deschiz\u0103tor de conserve<\/li>\n<li>\u0218urubelni\u021b\u0103 mic\u0103<\/li>\n<li>Deschizator de sticle<\/li>\n<li>\u0218urubelni\u021b\u0103 cu lama plat\u0103<\/li>\n<li>Unealt\u0103 de decapat<\/li>\n<li>Scut, perforatoare<\/li>\n<li>Inel de ag\u0103\u021bare<\/li>\n<li>Pensete<\/li>\n<li>Scobitoare de din\u021bi<\/li>\n<\/ul>\n<h3>Particularit\u0103\u021bi<\/h3>\n<ul>\n<li>Robust \u0219i fiabil.<\/li>\n<li>Num\u0103r mare de instrumente \u0219i accesorii.<\/li>\n<li>Versatil, util acas\u0103, \u00een c\u0103l\u0103torii etc.<\/li>\n<li>Dimensiuni mici, care sunt foarte convenabile pentru depozitare \u0219i utilizare.<\/li>\n<li>Aspect elegant, care v\u0103 permite s\u0103 utiliza\u021bi produsul ca breloc.<\/li>\n<\/ul>\n<h3>Caracteristici<\/h3>\n<ul>\n<li>Dimensiune: 9.1 x 2.65 x1.5 cm<\/li>\n<li>Num\u0103rul de func\u021bii: 12 buc.<\/li>\n<li>O\u021bel: o\u021bel inoxidabil<\/li>\n<li>Greutate: 67g<\/li>\n<\/ul>\n<h3>Marca<\/h3>\n<p>Victorinox produce \u0219i vinde produse unice, de \u00eenalt\u0103 calitate, pentru diverse domenii ale vie\u021bii. Gama include cu\u021bite elve\u021biene, cu\u021bite de buc\u0103t\u0103rie \u0219i tac\u00e2muri, ceasuri, echipamente de c\u0103l\u0103torie \u0219i parfumuri. Sediul central al companiei este situat \u00een inima Elve\u021biei &#8212; \u00een ora\u0219ul Ibach (districtul Schwyz). Aici, fondatorul companiei, Karl Elsener, \u0219i-a \u00eenceput afacerea de fabricare a cu\u021bitelor \u00een 1884, iar c\u00e2\u021biva ani mai t\u00e2rziu a dezvoltat legendarul cu\u021bit original al armatei elve\u021biene.<\/p>\n<p><\/p>","protected":false},"excerpt":{"rendered":"","protected":false},"featured_media":60945,"comment_status":"open","ping_status":"closed","template":"","meta":{"_acf_changed":false,"inline_featured_image":false},"product_brand":[1327],"product_cat":[415],"product_tag":[],"class_list":{"0":"post-59056","1":"product","2":"type-product","3":"status-publish","4":"has-post-thumbnail","6":"product_brand-victorinox","7":"product_cat-multitools","9":"first","10":"instock","11":"shipping-taxable","12":"purchasable","13":"product-type-simple"},"acf":[],"yoast_head":"<!-- This site is optimized with the Yoast SEO plugin v27.4 - https:\/\/yoast.com\/product\/yoast-seo-wordpress\/ -->\n<title>\u041c\u0443\u043b\u044c\u0442\u0438\u0442\u0443\u043b Victorinox Spartan Camouflage 1.3603.94 - \u041c\u0430\u0433\u0430\u0437\u0438\u043d Xstyle<\/title>\n<meta name=\"description\" content=\"\u041c\u0443\u043b\u044c\u0442\u0438\u0442\u0443\u043b Victorinox Spartan Camouflage 1.3603.94 \u2014 \u0438\u0434\u0435\u0430\u043b\u044c\u043d\u044b\u0439 \u043f\u043e\u043c\u043e\u0449\u043d\u0438\u043a \u0432 \u043b\u044e\u0431\u044b\u0445 \u0441\u0438\u0442\u0443\u0430\u0446\u0438\u044f\u0445. \u041a\u043e\u043c\u043f\u0430\u043a\u0442\u043d\u044b\u0439, \u043f\u0440\u0430\u043a\u0442\u0438\u0447\u043d\u044b\u0439 \u0438 \u043d\u0430\u0434\u0435\u0436\u043d\u044b\u0439, \u043e\u043d \u0441\u0442\u0430\u043d\u0435\u0442 \u0432\u0430\u0448\u0438\u043c \u0432\u0435\u0440\u043d\u044b\u043c \u0434\u0440\u0443\u0433\u043e\u043c!\" \/>\n<meta name=\"robots\" content=\"index, follow, max-snippet:-1, max-image-preview:large, max-video-preview:-1\" \/>\n<link rel=\"canonical\" href=\"https:\/\/xstyle.md\/ro\/produs\/multitul-victorinox-spartan-camouflage-1-3603-94\/\" \/>\n<meta property=\"og:locale\" content=\"ro_RO\" \/>\n<meta property=\"og:type\" content=\"article\" \/>\n<meta property=\"og:title\" content=\"\u041c\u0443\u043b\u044c\u0442\u0438\u0442\u0443\u043b Victorinox Spartan Camouflage 1.3603.94 - \u041c\u0430\u0433\u0430\u0437\u0438\u043d Xstyle\" \/>\n<meta property=\"og:description\" content=\"\u041c\u0443\u043b\u044c\u0442\u0438\u0442\u0443\u043b Victorinox Spartan Camouflage 1.3603.94 \u2014 \u0438\u0434\u0435\u0430\u043b\u044c\u043d\u044b\u0439 \u043f\u043e\u043c\u043e\u0449\u043d\u0438\u043a \u0432 \u043b\u044e\u0431\u044b\u0445 \u0441\u0438\u0442\u0443\u0430\u0446\u0438\u044f\u0445. \u041a\u043e\u043c\u043f\u0430\u043a\u0442\u043d\u044b\u0439, \u043f\u0440\u0430\u043a\u0442\u0438\u0447\u043d\u044b\u0439 \u0438 \u043d\u0430\u0434\u0435\u0436\u043d\u044b\u0439, \u043e\u043d \u0441\u0442\u0430\u043d\u0435\u0442 \u0432\u0430\u0448\u0438\u043c \u0432\u0435\u0440\u043d\u044b\u043c \u0434\u0440\u0443\u0433\u043e\u043c!\" \/>\n<meta property=\"og:url\" content=\"https:\/\/xstyle.md\/ro\/produs\/multitul-victorinox-spartan-camouflage-1-3603-94\/\" \/>\n<meta property=\"og:site_name\" content=\"\u041c\u0430\u0433\u0430\u0437\u0438\u043d Xstyle\" \/>\n<meta property=\"article:publisher\" content=\"https:\/\/www.facebook.com\/xstylemd\" \/>\n<meta property=\"article:modified_time\" content=\"2025-10-24T10:15:40+00:00\" \/>\n<meta property=\"og:image\" content=\"https:\/\/xstyle.md\/wp-content\/uploads\/2022\/11\/victorinox-spartan-camouflage-1.3603.94.jpg\" \/>\n\t<meta property=\"og:image:width\" content=\"634\" \/>\n\t<meta property=\"og:image:height\" content=\"571\" \/>\n\t<meta property=\"og:image:type\" content=\"image\/jpeg\" \/>\n<meta name=\"twitter:card\" content=\"summary_large_image\" \/>\n<meta name=\"twitter:label1\" content=\"Pre\u021b\" \/>\n\t<meta name=\"twitter:data1\" content=\"730&nbsp;MDL\" \/>\n\t<meta name=\"twitter:label2\" content=\"Disponibilitate\" \/>\n\t<meta name=\"twitter:data2\" content=\"\u00cen stoc\" \/>\n<script type=\"application\/ld+json\" class=\"yoast-schema-graph\">{\"@context\":\"https:\\\/\\\/schema.org\",\"@graph\":[{\"@type\":\"WebPage\",\"@id\":\"https:\\\/\\\/xstyle.md\\\/product\\\/multitul-victorinox-spartan-camouflage-1-3603-94\\\/\",\"url\":\"https:\\\/\\\/xstyle.md\\\/product\\\/multitul-victorinox-spartan-camouflage-1-3603-94\\\/\",\"name\":\"\u041c\u0443\u043b\u044c\u0442\u0438\u0442\u0443\u043b Victorinox Spartan Camouflage 1.3603.94 - \u041c\u0430\u0433\u0430\u0437\u0438\u043d Xstyle\",\"isPartOf\":{\"@id\":\"https:\\\/\\\/xstyle.md\\\/#website\"},\"primaryImageOfPage\":{\"@id\":\"https:\\\/\\\/xstyle.md\\\/product\\\/multitul-victorinox-spartan-camouflage-1-3603-94\\\/#primaryimage\"},\"image\":{\"@id\":\"https:\\\/\\\/xstyle.md\\\/product\\\/multitul-victorinox-spartan-camouflage-1-3603-94\\\/#primaryimage\"},\"thumbnailUrl\":\"https:\\\/\\\/xstyle.md\\\/wp-content\\\/uploads\\\/2022\\\/11\\\/victorinox-spartan-camouflage-1.3603.94.jpg\",\"datePublished\":\"2022-11-15T17:30:42+00:00\",\"dateModified\":\"2025-10-24T10:15:40+00:00\",\"description\":\"\u041c\u0443\u043b\u044c\u0442\u0438\u0442\u0443\u043b Victorinox Spartan Camouflage 1.3603.94 \u2014 \u0438\u0434\u0435\u0430\u043b\u044c\u043d\u044b\u0439 \u043f\u043e\u043c\u043e\u0449\u043d\u0438\u043a \u0432 \u043b\u044e\u0431\u044b\u0445 \u0441\u0438\u0442\u0443\u0430\u0446\u0438\u044f\u0445. \u041a\u043e\u043c\u043f\u0430\u043a\u0442\u043d\u044b\u0439, \u043f\u0440\u0430\u043a\u0442\u0438\u0447\u043d\u044b\u0439 \u0438 \u043d\u0430\u0434\u0435\u0436\u043d\u044b\u0439, \u043e\u043d \u0441\u0442\u0430\u043d\u0435\u0442 \u0432\u0430\u0448\u0438\u043c \u0432\u0435\u0440\u043d\u044b\u043c \u0434\u0440\u0443\u0433\u043e\u043c!\",\"breadcrumb\":{\"@id\":\"https:\\\/\\\/xstyle.md\\\/product\\\/multitul-victorinox-spartan-camouflage-1-3603-94\\\/#breadcrumb\"},\"inLanguage\":\"ro-RO\",\"potentialAction\":[{\"@type\":\"ReadAction\",\"target\":[\"https:\\\/\\\/xstyle.md\\\/product\\\/multitul-victorinox-spartan-camouflage-1-3603-94\\\/\"]}]},{\"@type\":\"ImageObject\",\"inLanguage\":\"ro-RO\",\"@id\":\"https:\\\/\\\/xstyle.md\\\/product\\\/multitul-victorinox-spartan-camouflage-1-3603-94\\\/#primaryimage\",\"url\":\"https:\\\/\\\/xstyle.md\\\/wp-content\\\/uploads\\\/2022\\\/11\\\/victorinox-spartan-camouflage-1.3603.94.jpg\",\"contentUrl\":\"https:\\\/\\\/xstyle.md\\\/wp-content\\\/uploads\\\/2022\\\/11\\\/victorinox-spartan-camouflage-1.3603.94.jpg\",\"width\":634,\"height\":571,\"caption\":\"\u041c\u0443\u043b\u044c\u0442\u0438\u0442\u0443\u043b Victorinox Spartan \u0432 \u043a\u0430\u043c\u0443\u0444\u043b\u044f\u0436\u043d\u043e\u0439 \u0440\u0430\u0441\u0446\u0432\u0435\u0442\u043a\u0435 \u0434\u043b\u044f \u0430\u043a\u0442\u0438\u0432\u043d\u043e\u0433\u043e \u043e\u0442\u0434\u044b\u0445\u0430 \u043f\u043e\u0445\u043e\u0434\u043e\u0432 \u0442\u0443\u0440\u0438\u0437\u043c\u0430 \u0438 \u043f\u0443\u0442\u0435\u0448\u0435\u0441\u0442\u0432\u0438\u0439 \u0442\u043e\u0432\u0430\u0440\u044b \u0434\u043b\u044f \u0430\u043a\u0442\u0438\u0432\u043d\u043e\u0439 \u0436\u0438\u0437\u043d\u0438 \u043e\u0434\u0435\u0436\u0434\u0430 \u0438 \u043e\u0431\u0443\u0432\u044c \u0434\u043b\u044f \u043f\u0443\u0442\u0435\u0448\u0435\u0441\u0442\u0432\u0438\u0439 \u0438 \u0430\u043b\u044c\u043f\u0438\u043d\u0438\u0437\u043c\u0430\"},{\"@type\":\"BreadcrumbList\",\"@id\":\"https:\\\/\\\/xstyle.md\\\/product\\\/multitul-victorinox-spartan-camouflage-1-3603-94\\\/#breadcrumb\",\"itemListElement\":[{\"@type\":\"ListItem\",\"position\":1,\"name\":\"\u0413\u043b\u0430\u0432\u043d\u0430\u044f \u0441\u0442\u0440\u0430\u043d\u0438\u0446\u0430\",\"item\":\"https:\\\/\\\/xstyle.md\\\/\"},{\"@type\":\"ListItem\",\"position\":2,\"name\":\"\u041c\u0430\u0433\u0430\u0437\u0438\u043d\",\"item\":\"https:\\\/\\\/xstyle.md\\\/shop\\\/\"},{\"@type\":\"ListItem\",\"position\":3,\"name\":\"\u041c\u0443\u043b\u044c\u0442\u0438\u0442\u0443\u043b Victorinox Spartan Camouflage 1.3603.94\"}]},{\"@type\":\"WebSite\",\"@id\":\"https:\\\/\\\/xstyle.md\\\/#website\",\"url\":\"https:\\\/\\\/xstyle.md\\\/\",\"name\":\"\u041c\u0430\u0433\u0430\u0437\u0438\u043d Xstyle\",\"description\":\"C\u043d\u0430\u0440\u044f\u0436\u0435\u043d\u0438\u0435 \u0434\u043b\u044f \u0442\u0443\u0440\u0438\u0437\u043c\u0430 \u0438 \u044d\u043a\u0441\u0442\u0440\u0435\u043c\u0430\u043b\u044c\u043d\u044b\u0445 \u0432\u0438\u0434\u043e\u0432 \u0441\u043f\u043e\u0440\u0442\u0430 \u0432 \u041c\u043e\u043b\u0434\u043e\u0432\u0435.. \u0426\u0435\u043d\u044b, \u0444\u043e\u0442\u043e, \u0445\u0430\u0440\u0430\u043a\u0442\u0435\u0440\u0438\u0441\u0442\u0438\u043a\u0438 \u0432 \u041c\u043e\u043b\u0434\u043e\u0432\u0435.\",\"publisher\":{\"@id\":\"https:\\\/\\\/xstyle.md\\\/#organization\"},\"alternateName\":\"X-Style\",\"potentialAction\":[{\"@type\":\"SearchAction\",\"target\":{\"@type\":\"EntryPoint\",\"urlTemplate\":\"https:\\\/\\\/xstyle.md\\\/?s={search_term_string}\"},\"query-input\":{\"@type\":\"PropertyValueSpecification\",\"valueRequired\":true,\"valueName\":\"search_term_string\"}}],\"inLanguage\":\"ro-RO\"},{\"@type\":\"Organization\",\"@id\":\"https:\\\/\\\/xstyle.md\\\/#organization\",\"name\":\"\u041c\u0430\u0433\u0430\u0437\u0438\u043d Xstyle\",\"alternateName\":\"x-style\",\"url\":\"https:\\\/\\\/xstyle.md\\\/\",\"logo\":{\"@type\":\"ImageObject\",\"inLanguage\":\"ro-RO\",\"@id\":\"https:\\\/\\\/xstyle.md\\\/#\\\/schema\\\/logo\\\/image\\\/\",\"url\":\"https:\\\/\\\/xstyle.md\\\/wp-content\\\/uploads\\\/2020\\\/06\\\/logoicon.svg\",\"contentUrl\":\"https:\\\/\\\/xstyle.md\\\/wp-content\\\/uploads\\\/2020\\\/06\\\/logoicon.svg\",\"caption\":\"\u041c\u0430\u0433\u0430\u0437\u0438\u043d Xstyle\"},\"image\":{\"@id\":\"https:\\\/\\\/xstyle.md\\\/#\\\/schema\\\/logo\\\/image\\\/\"},\"sameAs\":[\"https:\\\/\\\/www.facebook.com\\\/xstylemd\",\"https:\\\/\\\/www.instagram.com\\\/xstyle_md\\\/\",\"https:\\\/\\\/t.me\\\/xstyle_outdoor\"],\"hasMerchantReturnPolicy\":{\"@type\":\"MerchantReturnPolicy\",\"merchantReturnLink\":\"https:\\\/\\\/xstyle.md\\\/ro\\\/conditions\\\/\"}}]}<\/script>\n<meta property=\"product:price:amount\" content=\"730.00\" \/>\n<meta property=\"product:price:currency\" content=\"MDL\" \/>\n<meta property=\"og:availability\" content=\"instock\" \/>\n<meta property=\"product:availability\" content=\"instock\" \/>\n<meta property=\"product:retailer_item_id\" content=\"7611160104250\" \/>\n<meta property=\"product:condition\" content=\"new\" \/>\n<!-- \/ Yoast SEO plugin. -->","yoast_head_json":{"title":"Multitool Victorinox Spartan Camouflage 1.3603.94 - Magazin Xstyle","description":"Multitul Victorinox Spartan Camouflage 1.3603.94 este ajutorul ideal \u00een orice situa\u021bie. Compact, practic \u0219i fiabil, el va deveni prietenul t\u0103u de \u00eencredere!","robots":{"index":"index","follow":"follow","max-snippet":"max-snippet:-1","max-image-preview":"max-image-preview:large","max-video-preview":"max-video-preview:-1"},"canonical":"https:\/\/xstyle.md\/ro\/produs\/multitul-victorinox-spartan-camouflage-1-3603-94\/","og_locale":"ro_RO","og_type":"article","og_title":"\u041c\u0443\u043b\u044c\u0442\u0438\u0442\u0443\u043b Victorinox Spartan Camouflage 1.3603.94 - \u041c\u0430\u0433\u0430\u0437\u0438\u043d Xstyle","og_description":"\u041c\u0443\u043b\u044c\u0442\u0438\u0442\u0443\u043b Victorinox Spartan Camouflage 1.3603.94 \u2014 \u0438\u0434\u0435\u0430\u043b\u044c\u043d\u044b\u0439 \u043f\u043e\u043c\u043e\u0449\u043d\u0438\u043a \u0432 \u043b\u044e\u0431\u044b\u0445 \u0441\u0438\u0442\u0443\u0430\u0446\u0438\u044f\u0445. \u041a\u043e\u043c\u043f\u0430\u043a\u0442\u043d\u044b\u0439, \u043f\u0440\u0430\u043a\u0442\u0438\u0447\u043d\u044b\u0439 \u0438 \u043d\u0430\u0434\u0435\u0436\u043d\u044b\u0439, \u043e\u043d \u0441\u0442\u0430\u043d\u0435\u0442 \u0432\u0430\u0448\u0438\u043c \u0432\u0435\u0440\u043d\u044b\u043c \u0434\u0440\u0443\u0433\u043e\u043c!","og_url":"https:\/\/xstyle.md\/ro\/produs\/multitul-victorinox-spartan-camouflage-1-3603-94\/","og_site_name":"\u041c\u0430\u0433\u0430\u0437\u0438\u043d Xstyle","article_publisher":"https:\/\/www.facebook.com\/xstylemd","article_modified_time":"2025-10-24T10:15:40+00:00","og_image":[{"width":634,"height":571,"url":"https:\/\/xstyle.md\/wp-content\/uploads\/2022\/11\/victorinox-spartan-camouflage-1.3603.94.jpg","type":"image\/jpeg"}],"twitter_card":"summary_large_image","twitter_misc":{"Pre\u021b":"730&nbsp;MDL","Disponibilitate":"\u00cen stoc"},"schema":{"@context":"https:\/\/schema.org","@graph":[{"@type":"WebPage","@id":"https:\/\/xstyle.md\/product\/multitul-victorinox-spartan-camouflage-1-3603-94\/","url":"https:\/\/xstyle.md\/product\/multitul-victorinox-spartan-camouflage-1-3603-94\/","name":"Multitool Victorinox Spartan Camouflage 1.3603.94 - Magazin Xstyle","isPartOf":{"@id":"https:\/\/xstyle.md\/#website"},"primaryImageOfPage":{"@id":"https:\/\/xstyle.md\/product\/multitul-victorinox-spartan-camouflage-1-3603-94\/#primaryimage"},"image":{"@id":"https:\/\/xstyle.md\/product\/multitul-victorinox-spartan-camouflage-1-3603-94\/#primaryimage"},"thumbnailUrl":"https:\/\/xstyle.md\/wp-content\/uploads\/2022\/11\/victorinox-spartan-camouflage-1.3603.94.jpg","datePublished":"2022-11-15T17:30:42+00:00","dateModified":"2025-10-24T10:15:40+00:00","description":"Multitul Victorinox Spartan Camouflage 1.3603.94 este ajutorul ideal \u00een orice situa\u021bie. Compact, practic \u0219i fiabil, el va deveni prietenul t\u0103u de \u00eencredere!","breadcrumb":{"@id":"https:\/\/xstyle.md\/product\/multitul-victorinox-spartan-camouflage-1-3603-94\/#breadcrumb"},"inLanguage":"ro-RO","potentialAction":[{"@type":"ReadAction","target":["https:\/\/xstyle.md\/product\/multitul-victorinox-spartan-camouflage-1-3603-94\/"]}]},{"@type":"ImageObject","inLanguage":"ro-RO","@id":"https:\/\/xstyle.md\/product\/multitul-victorinox-spartan-camouflage-1-3603-94\/#primaryimage","url":"https:\/\/xstyle.md\/wp-content\/uploads\/2022\/11\/victorinox-spartan-camouflage-1.3603.94.jpg","contentUrl":"https:\/\/xstyle.md\/wp-content\/uploads\/2022\/11\/victorinox-spartan-camouflage-1.3603.94.jpg","width":634,"height":571,"caption":"\u041c\u0443\u043b\u044c\u0442\u0438\u0442\u0443\u043b Victorinox Spartan \u0432 \u043a\u0430\u043c\u0443\u0444\u043b\u044f\u0436\u043d\u043e\u0439 \u0440\u0430\u0441\u0446\u0432\u0435\u0442\u043a\u0435 \u0434\u043b\u044f \u0430\u043a\u0442\u0438\u0432\u043d\u043e\u0433\u043e \u043e\u0442\u0434\u044b\u0445\u0430 \u043f\u043e\u0445\u043e\u0434\u043e\u0432 \u0442\u0443\u0440\u0438\u0437\u043c\u0430 \u0438 \u043f\u0443\u0442\u0435\u0448\u0435\u0441\u0442\u0432\u0438\u0439 \u0442\u043e\u0432\u0430\u0440\u044b \u0434\u043b\u044f \u0430\u043a\u0442\u0438\u0432\u043d\u043e\u0439 \u0436\u0438\u0437\u043d\u0438 \u043e\u0434\u0435\u0436\u0434\u0430 \u0438 \u043e\u0431\u0443\u0432\u044c \u0434\u043b\u044f \u043f\u0443\u0442\u0435\u0448\u0435\u0441\u0442\u0432\u0438\u0439 \u0438 \u0430\u043b\u044c\u043f\u0438\u043d\u0438\u0437\u043c\u0430"},{"@type":"BreadcrumbList","@id":"https:\/\/xstyle.md\/product\/multitul-victorinox-spartan-camouflage-1-3603-94\/#breadcrumb","itemListElement":[{"@type":"ListItem","position":1,"name":"\u0413\u043b\u0430\u0432\u043d\u0430\u044f \u0441\u0442\u0440\u0430\u043d\u0438\u0446\u0430","item":"https:\/\/xstyle.md\/"},{"@type":"ListItem","position":2,"name":"\u041c\u0430\u0433\u0430\u0437\u0438\u043d","item":"https:\/\/xstyle.md\/shop\/"},{"@type":"ListItem","position":3,"name":"\u041c\u0443\u043b\u044c\u0442\u0438\u0442\u0443\u043b Victorinox Spartan Camouflage 1.3603.94"}]},{"@type":"WebSite","@id":"https:\/\/xstyle.md\/#website","url":"https:\/\/xstyle.md\/","name":"Magazinul X-Style","description":"Echipamente pentru turism \u0219i sporturi extreme \u00een Moldova. Pre\u021buri, fotografii, caracteristici \u00een Moldova.","publisher":{"@id":"https:\/\/xstyle.md\/#organization"},"alternateName":"X-Style","potentialAction":[{"@type":"SearchAction","target":{"@type":"EntryPoint","urlTemplate":"https:\/\/xstyle.md\/?s={search_term_string}"},"query-input":{"@type":"PropertyValueSpecification","valueRequired":true,"valueName":"search_term_string"}}],"inLanguage":"ro-RO"},{"@type":"Organization","@id":"https:\/\/xstyle.md\/#organization","name":"Magazinul X-Style","alternateName":"x-style","url":"https:\/\/xstyle.md\/","logo":{"@type":"ImageObject","inLanguage":"ro-RO","@id":"https:\/\/xstyle.md\/#\/schema\/logo\/image\/","url":"https:\/\/xstyle.md\/wp-content\/uploads\/2020\/06\/logoicon.svg","contentUrl":"https:\/\/xstyle.md\/wp-content\/uploads\/2020\/06\/logoicon.svg","caption":"\u041c\u0430\u0433\u0430\u0437\u0438\u043d Xstyle"},"image":{"@id":"https:\/\/xstyle.md\/#\/schema\/logo\/image\/"},"sameAs":["https:\/\/www.facebook.com\/xstylemd","https:\/\/www.instagram.com\/xstyle_md\/","https:\/\/t.me\/xstyle_outdoor"],"hasMerchantReturnPolicy":{"@type":"MerchantReturnPolicy","merchantReturnLink":"https:\/\/xstyle.md\/ro\/conditions\/"}}]},"product_price_amount":"730.00","product_price_currency":"MDL","og_availability":"instock","product_availability":"instock","product_retailer_item_id":"7611160104250","product_condition":"new"},"_links":{"self":[{"href":"https:\/\/xstyle.md\/ro\/wp-json\/wp\/v2\/product\/59056","targetHints":{"allow":["GET"]}}],"collection":[{"href":"https:\/\/xstyle.md\/ro\/wp-json\/wp\/v2\/product"}],"about":[{"href":"https:\/\/xstyle.md\/ro\/wp-json\/wp\/v2\/types\/product"}],"replies":[{"embeddable":true,"href":"https:\/\/xstyle.md\/ro\/wp-json\/wp\/v2\/comments?post=59056"}],"wp:featuredmedia":[{"embeddable":true,"href":"https:\/\/xstyle.md\/ro\/wp-json\/wp\/v2\/media\/60945"}],"wp:attachment":[{"href":"https:\/\/xstyle.md\/ro\/wp-json\/wp\/v2\/media?parent=59056"}],"wp:term":[{"taxonomy":"product_brand","embeddable":true,"href":"https:\/\/xstyle.md\/ro\/wp-json\/wp\/v2\/product_brand?post=59056"},{"taxonomy":"product_cat","embeddable":true,"href":"https:\/\/xstyle.md\/ro\/wp-json\/wp\/v2\/product_cat?post=59056"},{"taxonomy":"product_tag","embeddable":true,"href":"https:\/\/xstyle.md\/ro\/wp-json\/wp\/v2\/product_tag?post=59056"}],"curies":[{"name":"wp","href":"https:\/\/api.w.org\/{rel}","templated":true}]}}