{"id":59028,"date":"2022-11-15T20:29:43","date_gmt":"2022-11-15T17:29:43","guid":{"rendered":"https:\/\/xstyle.md\/?post_type=product&#038;p=59028"},"modified":"2026-03-19T16:50:15","modified_gmt":"2026-03-19T13:50:15","slug":"spalnik-sea-to-summit-spark-spll-long-left-zip","status":"publish","type":"product","link":"https:\/\/xstyle.md\/ro\/produs\/spalnik-sea-to-summit-spark-spll-long-left-zip\/","title":{"rendered":"Sac de dormit Sea to Summit Spark Spll Long Left Zip"},"content":{"rendered":"<\/p>\n<p><strong>Sea to Summit Spark Spll Long Left Zip<\/strong> &#8212; un sac de dormit ultrau\u0219or \u0219i avansat din punct de vedere tehnologic pentru campingul de var\u0103. Cu un interval de confort\/limit\u0103 de func\u021bionare de +9\/+5\u00b0C, c\u00e2nt\u0103re\u0219te doar 340 de grame. Acest lucru este posibil datorit\u0103 tehnologiei inteligente \u0219i a pufului natural de g\u00e2sc\u0103 de \u00eenalt\u0103 calitate ca izola\u021bie. Designul ergonomic al coconului, cele mai u\u0219oare \u021bes\u0103turi \u0219i chiar \u0219i fermoarele, toate acestea fac posibil\u0103 reducerea greut\u0103\u021bii c\u00e2t mai mult posibil, men\u021bin\u00e2nd \u00een acela\u0219i timp o izolare termic\u0103 eficient\u0103.<\/p>\n<h3>Particularit\u0103\u021bi<\/h3>\n<ul>\n<li>Strat exterior din nailon ultrau\u0219or 7D \u0219i 10D \u0219i \u021bes\u0103turi de c\u0103ptu\u0219eal\u0103 pentru o greutate minim\u0103 \u0219i o dimensiune pliat\u0103 extrem de compact\u0103<\/li>\n<li>Puf de g\u00e2sc\u0103 de \u00eenalt\u0103 calitate RDS 850+ Loft Premium Goose ULTRA-DRY Down\u2122 de \u00eenalt\u0103 calitate<\/li>\n<li>Form\u0103 de cocon conturat\u0103 pentru confort \u0219i izolare eficient\u0103<\/li>\n<li>Deflectoarele verticale de pe piept \u00eempiedic\u0103 rostogolirea pufului \u0219i apari\u021bia punctelor reci<\/li>\n<li>Utilizeaz\u0103 un design de deflector dintr-o singur\u0103 bucat\u0103 pentru a g\u0103zdui puf suplimentar \u0219i a reduce punctele reci<\/li>\n<li>Fermoarul pe toat\u0103 lungimea cu dou\u0103 glisiere ofer\u0103 acces u\u0219or \u0219i op\u021biuni suplimentare de ventila\u021bie<\/li>\n<li>Panou de protec\u021bie pe fermoar, glug\u0103 \u0219i guler pentru a preveni pierderea de c\u0103ldur\u0103 atunci c\u00e2nd este necesar<\/li>\n<li>Geant\u0103 de compresie Ultra-Sil\u2122 Nano u\u0219oar\u0103 pentru depozitare compact\u0103<\/li>\n<\/ul>\n<h3>Caracteristici<\/h3>\n<ul>\n<li>Greutate &#8212; 340 g<\/li>\n<li>Material &#8212; Coaj\u0103 ultrau\u0219oar\u0103 din nailon 10D<\/li>\n<li>Izola\u021bie &#8212; puf\/RDS 850+ Loft Premium Goose ULTRA-DRY Down\u2122 (180 g)<\/li>\n<li>\u00cen\u0103l\u021bime &#8212; 183 cm<\/li>\n<li>Sezonul &#8212; toamn\u0103\/iarn\u0103<\/li>\n<li>Scop &#8212; drume\u021bii<\/li>\n<li>Tip &#8212; sac de dormit tip cocon<\/li>\n<li>Gen &#8212; unisex<\/li>\n<\/ul>\n<h3>Modul de temperatur\u0103<\/h3>\n<ul>\n<li>Temperatura de confort: 9 \u00b0C<\/li>\n<li>Temperatura limit\u0103: 5 \u00b0C<\/li>\n<li>Temperatur\u0103 extrem\u0103: -9 \u00b0C<\/li>\n<\/ul>\n<h3>Marca<\/h3>\n<p>Sea to Summit este o marc\u0103 fondat\u0103 \u00een 1990 \u00een Australia. Ofer\u0103 echipamente unice \u0219i utile pentru turism \u0219i c\u0103l\u0103torii: huse impermeabile, prosoape din microfibr\u0103, ustensile pliabile din silicon, gen\u021bi, rucsacuri, rucsacuri, corturi, saci de dormit. Fiecare articol conceput \u00een cadrul companiei are o greutate minim\u0103 \u0219i o func\u021bionalitate maxim\u0103.<\/p>\n<p><\/p>","protected":false},"excerpt":{"rendered":"","protected":false},"featured_media":61349,"comment_status":"open","ping_status":"closed","template":"","meta":{"_acf_changed":false,"inline_featured_image":false},"product_brand":[1281],"product_cat":[128],"product_tag":[],"class_list":{"0":"post-59028","1":"product","2":"type-product","3":"status-publish","4":"has-post-thumbnail","6":"product_brand-sea-to-summit","7":"product_cat-fluff-sleeping-bag","9":"first","10":"instock","11":"shipping-taxable","12":"purchasable","13":"product-type-simple"},"acf":[],"yoast_head":"<!-- This site is optimized with the Yoast SEO plugin v27.2 - https:\/\/yoast.com\/product\/yoast-seo-wordpress\/ -->\n<title>\u0421\u043f\u0430\u043b\u044c\u043d\u044b\u0439 \u043c\u0435\u0448\u043e\u043a Sea to Summit Spark Spll Long Left Zip - \u041c\u0430\u0433\u0430\u0437\u0438\u043d Xstyle<\/title>\n<meta name=\"description\" content=\"\u0421\u043f\u0430\u043b\u044c\u043d\u0438\u043a Sea to Summit Spark Spll Long Left Zip - \u0443\u043b\u044c\u0442\u0440\u0430\u043b\u0451\u0433\u043a\u0438\u0439, \u0441 850 \u043f\u0443\u0445\u043e\u043c \u0438 \u0441\u0443\u043f\u0435\u0440\u043f\u0440\u043e\u0447\u043d\u043e\u0439 \u043e\u0431\u043e\u043b\u043e\u0447\u043a\u043e\u0439 \u0434\u043b\u044f \u043a\u043e\u043c\u0444\u043e\u0440\u0442\u043d\u043e\u0433\u043e \u043a\u0435\u043c\u043f\u0438\u043d\u0433\u0430 \u043f\u0440\u0438 \u0442\u0435\u043c\u043f\u0435\u0440\u0430\u0442\u0443\u0440\u0435 \u0434\u043e -9\u00b0C.\" \/>\n<meta name=\"robots\" content=\"index, follow, max-snippet:-1, max-image-preview:large, max-video-preview:-1\" \/>\n<link rel=\"canonical\" href=\"https:\/\/xstyle.md\/ro\/produs\/spalnik-sea-to-summit-spark-spll-long-left-zip\/\" \/>\n<meta property=\"og:locale\" content=\"ro_RO\" \/>\n<meta property=\"og:type\" content=\"article\" \/>\n<meta property=\"og:title\" content=\"\u0421\u043f\u0430\u043b\u044c\u043d\u044b\u0439 \u043c\u0435\u0448\u043e\u043a Sea to Summit Spark Spll Long Left Zip - \u041c\u0430\u0433\u0430\u0437\u0438\u043d Xstyle\" \/>\n<meta property=\"og:description\" content=\"\u0421\u043f\u0430\u043b\u044c\u043d\u0438\u043a Sea to Summit Spark Spll Long Left Zip - \u0443\u043b\u044c\u0442\u0440\u0430\u043b\u0451\u0433\u043a\u0438\u0439, \u0441 850 \u043f\u0443\u0445\u043e\u043c \u0438 \u0441\u0443\u043f\u0435\u0440\u043f\u0440\u043e\u0447\u043d\u043e\u0439 \u043e\u0431\u043e\u043b\u043e\u0447\u043a\u043e\u0439 \u0434\u043b\u044f \u043a\u043e\u043c\u0444\u043e\u0440\u0442\u043d\u043e\u0433\u043e \u043a\u0435\u043c\u043f\u0438\u043d\u0433\u0430 \u043f\u0440\u0438 \u0442\u0435\u043c\u043f\u0435\u0440\u0430\u0442\u0443\u0440\u0435 \u0434\u043e -9\u00b0C.\" \/>\n<meta property=\"og:url\" content=\"https:\/\/xstyle.md\/ro\/produs\/spalnik-sea-to-summit-spark-spll-long-left-zip\/\" \/>\n<meta property=\"og:site_name\" content=\"\u041c\u0430\u0433\u0430\u0437\u0438\u043d Xstyle\" \/>\n<meta property=\"article:publisher\" content=\"https:\/\/www.facebook.com\/xstylemd\" \/>\n<meta property=\"article:modified_time\" content=\"2026-03-19T13:50:15+00:00\" \/>\n<meta property=\"og:image\" content=\"https:\/\/xstyle.md\/wp-content\/uploads\/2022\/11\/sea-to-summit-spark-spll-long-left-zip.jpg\" \/>\n\t<meta property=\"og:image:width\" content=\"1266\" \/>\n\t<meta property=\"og:image:height\" content=\"1254\" \/>\n\t<meta property=\"og:image:type\" content=\"image\/jpeg\" \/>\n<meta name=\"twitter:card\" content=\"summary_large_image\" \/>\n<meta name=\"twitter:label1\" content=\"Pre\u021b\" \/>\n\t<meta name=\"twitter:data1\" content=\"9.200&nbsp;MDL\" \/>\n\t<meta name=\"twitter:label2\" content=\"Disponibilitate\" \/>\n\t<meta name=\"twitter:data2\" content=\"\u00cen stoc\" \/>\n<script type=\"application\/ld+json\" class=\"yoast-schema-graph\">{\"@context\":\"https:\/\/schema.org\",\"@graph\":[{\"@type\":\"WebPage\",\"@id\":\"https:\/\/xstyle.md\/product\/spalnik-sea-to-summit-spark-spll-long-left-zip\/\",\"url\":\"https:\/\/xstyle.md\/product\/spalnik-sea-to-summit-spark-spll-long-left-zip\/\",\"name\":\"\u0421\u043f\u0430\u043b\u044c\u043d\u044b\u0439 \u043c\u0435\u0448\u043e\u043a Sea to Summit Spark Spll Long Left Zip - \u041c\u0430\u0433\u0430\u0437\u0438\u043d Xstyle\",\"isPartOf\":{\"@id\":\"https:\/\/xstyle.md\/#website\"},\"primaryImageOfPage\":{\"@id\":\"https:\/\/xstyle.md\/product\/spalnik-sea-to-summit-spark-spll-long-left-zip\/#primaryimage\"},\"image\":{\"@id\":\"https:\/\/xstyle.md\/product\/spalnik-sea-to-summit-spark-spll-long-left-zip\/#primaryimage\"},\"thumbnailUrl\":\"https:\/\/xstyle.md\/wp-content\/uploads\/2022\/11\/sea-to-summit-spark-spll-long-left-zip.jpg\",\"datePublished\":\"2022-11-15T17:29:43+00:00\",\"dateModified\":\"2026-03-19T13:50:15+00:00\",\"description\":\"\u0421\u043f\u0430\u043b\u044c\u043d\u0438\u043a Sea to Summit Spark Spll Long Left Zip - \u0443\u043b\u044c\u0442\u0440\u0430\u043b\u0451\u0433\u043a\u0438\u0439, \u0441 850 \u043f\u0443\u0445\u043e\u043c \u0438 \u0441\u0443\u043f\u0435\u0440\u043f\u0440\u043e\u0447\u043d\u043e\u0439 \u043e\u0431\u043e\u043b\u043e\u0447\u043a\u043e\u0439 \u0434\u043b\u044f \u043a\u043e\u043c\u0444\u043e\u0440\u0442\u043d\u043e\u0433\u043e \u043a\u0435\u043c\u043f\u0438\u043d\u0433\u0430 \u043f\u0440\u0438 \u0442\u0435\u043c\u043f\u0435\u0440\u0430\u0442\u0443\u0440\u0435 \u0434\u043e -9\u00b0C.\",\"breadcrumb\":{\"@id\":\"https:\/\/xstyle.md\/product\/spalnik-sea-to-summit-spark-spll-long-left-zip\/#breadcrumb\"},\"inLanguage\":\"ro-RO\",\"potentialAction\":[{\"@type\":\"ReadAction\",\"target\":[\"https:\/\/xstyle.md\/product\/spalnik-sea-to-summit-spark-spll-long-left-zip\/\"]}]},{\"@type\":\"ImageObject\",\"inLanguage\":\"ro-RO\",\"@id\":\"https:\/\/xstyle.md\/product\/spalnik-sea-to-summit-spark-spll-long-left-zip\/#primaryimage\",\"url\":\"https:\/\/xstyle.md\/wp-content\/uploads\/2022\/11\/sea-to-summit-spark-spll-long-left-zip.jpg\",\"contentUrl\":\"https:\/\/xstyle.md\/wp-content\/uploads\/2022\/11\/sea-to-summit-spark-spll-long-left-zip.jpg\",\"width\":1266,\"height\":1254,\"caption\":\"\u0421\u043f\u0430\u043b\u044c\u043d\u044b\u0439 \u043c\u0435\u0448\u043e\u043a Sea to Summit Spark Spll Long Left Zip \u0434\u043b\u044f \u0430\u043a\u0442\u0438\u0432\u043d\u043e\u0433\u043e \u043e\u0442\u0434\u044b\u0445\u0430, \u043f\u043e\u0445\u043e\u0434\u043e\u0432, \u0442\u0443\u0440\u0438\u0437\u043c\u0430, \u043f\u043e\u0445\u043e\u0434\u043d\u043e\u0439 \u043e\u0434\u0435\u0436\u0434\u044b \u0438 \u043e\u0431\u0443\u0432\u0438 \u0434\u043b\u044f \u043b\u044e\u0431\u0438\u0442\u0435\u043b\u0435\u0439 \u043f\u0443\u0442\u0435\u0448\u0435\u0441\u0442\u0432\u0438\u0439\"},{\"@type\":\"BreadcrumbList\",\"@id\":\"https:\/\/xstyle.md\/product\/spalnik-sea-to-summit-spark-spll-long-left-zip\/#breadcrumb\",\"itemListElement\":[{\"@type\":\"ListItem\",\"position\":1,\"name\":\"\u0413\u043b\u0430\u0432\u043d\u0430\u044f \u0441\u0442\u0440\u0430\u043d\u0438\u0446\u0430\",\"item\":\"https:\/\/xstyle.md\/\"},{\"@type\":\"ListItem\",\"position\":2,\"name\":\"\u041c\u0430\u0433\u0430\u0437\u0438\u043d\",\"item\":\"https:\/\/xstyle.md\/shop\/\"},{\"@type\":\"ListItem\",\"position\":3,\"name\":\"\u0421\u043f\u0430\u043b\u044c\u043d\u044b\u0439 \u043c\u0435\u0448\u043e\u043a Sea to Summit Spark Spll Long Left Zip\"}]},{\"@type\":\"WebSite\",\"@id\":\"https:\/\/xstyle.md\/#website\",\"url\":\"https:\/\/xstyle.md\/\",\"name\":\"\u041c\u0430\u0433\u0430\u0437\u0438\u043d Xstyle\",\"description\":\"C\u043d\u0430\u0440\u044f\u0436\u0435\u043d\u0438\u0435 \u0434\u043b\u044f \u0442\u0443\u0440\u0438\u0437\u043c\u0430 \u0438 \u044d\u043a\u0441\u0442\u0440\u0435\u043c\u0430\u043b\u044c\u043d\u044b\u0445 \u0432\u0438\u0434\u043e\u0432 \u0441\u043f\u043e\u0440\u0442\u0430 \u0432 \u041c\u043e\u043b\u0434\u043e\u0432\u0435.. \u0426\u0435\u043d\u044b, \u0444\u043e\u0442\u043e, \u0445\u0430\u0440\u0430\u043a\u0442\u0435\u0440\u0438\u0441\u0442\u0438\u043a\u0438 \u0432 \u041c\u043e\u043b\u0434\u043e\u0432\u0435.\",\"publisher\":{\"@id\":\"https:\/\/xstyle.md\/#organization\"},\"alternateName\":\"X-Style\",\"potentialAction\":[{\"@type\":\"SearchAction\",\"target\":{\"@type\":\"EntryPoint\",\"urlTemplate\":\"https:\/\/xstyle.md\/?s={search_term_string}\"},\"query-input\":{\"@type\":\"PropertyValueSpecification\",\"valueRequired\":true,\"valueName\":\"search_term_string\"}}],\"inLanguage\":\"ro-RO\"},{\"@type\":\"Organization\",\"@id\":\"https:\/\/xstyle.md\/#organization\",\"name\":\"\u041c\u0430\u0433\u0430\u0437\u0438\u043d Xstyle\",\"alternateName\":\"x-style\",\"url\":\"https:\/\/xstyle.md\/\",\"logo\":{\"@type\":\"ImageObject\",\"inLanguage\":\"ro-RO\",\"@id\":\"https:\/\/xstyle.md\/#\/schema\/logo\/image\/\",\"url\":\"https:\/\/xstyle.md\/wp-content\/uploads\/2020\/06\/logoicon.svg\",\"contentUrl\":\"https:\/\/xstyle.md\/wp-content\/uploads\/2020\/06\/logoicon.svg\",\"caption\":\"\u041c\u0430\u0433\u0430\u0437\u0438\u043d Xstyle\"},\"image\":{\"@id\":\"https:\/\/xstyle.md\/#\/schema\/logo\/image\/\"},\"sameAs\":[\"https:\/\/www.facebook.com\/xstylemd\",\"https:\/\/www.instagram.com\/xstyle_md\/\",\"https:\/\/t.me\/xstyle_outdoor\"],\"hasMerchantReturnPolicy\":{\"@type\":\"MerchantReturnPolicy\",\"merchantReturnLink\":\"https:\/\/xstyle.md\/ro\/conditions\/\"}}]}<\/script>\n<meta property=\"product:price:amount\" content=\"9200.00\" \/>\n<meta property=\"product:price:currency\" content=\"MDL\" \/>\n<meta property=\"og:availability\" content=\"instock\" \/>\n<meta property=\"product:availability\" content=\"instock\" \/>\n<meta property=\"product:retailer_item_id\" content=\"9327868094998\" \/>\n<meta property=\"product:condition\" content=\"new\" \/>\n<!-- \/ Yoast SEO plugin. -->","yoast_head_json":{"title":"\u0421\u043f\u0430\u043b\u044c\u043d\u044b\u0439 \u043c\u0435\u0448\u043e\u043a Sea to Summit Spark Spll Long Left Zip - \u041c\u0430\u0433\u0430\u0437\u0438\u043d Xstyle","description":"Sac de dormit Sea to Summit Spark Spll Long Left Zip - ultrau\u0219or, cu puf de 850 \u0219i un ambalaj superrezistent pentru camping confortabil la temperaturi de p\u00e2n\u0103 la -9\u00b0C.","robots":{"index":"index","follow":"follow","max-snippet":"max-snippet:-1","max-image-preview":"max-image-preview:large","max-video-preview":"max-video-preview:-1"},"canonical":"https:\/\/xstyle.md\/ro\/produs\/spalnik-sea-to-summit-spark-spll-long-left-zip\/","og_locale":"ro_RO","og_type":"article","og_title":"\u0421\u043f\u0430\u043b\u044c\u043d\u044b\u0439 \u043c\u0435\u0448\u043e\u043a Sea to Summit Spark Spll Long Left Zip - \u041c\u0430\u0433\u0430\u0437\u0438\u043d Xstyle","og_description":"\u0421\u043f\u0430\u043b\u044c\u043d\u0438\u043a Sea to Summit Spark Spll Long Left Zip - \u0443\u043b\u044c\u0442\u0440\u0430\u043b\u0451\u0433\u043a\u0438\u0439, \u0441 850 \u043f\u0443\u0445\u043e\u043c \u0438 \u0441\u0443\u043f\u0435\u0440\u043f\u0440\u043e\u0447\u043d\u043e\u0439 \u043e\u0431\u043e\u043b\u043e\u0447\u043a\u043e\u0439 \u0434\u043b\u044f \u043a\u043e\u043c\u0444\u043e\u0440\u0442\u043d\u043e\u0433\u043e \u043a\u0435\u043c\u043f\u0438\u043d\u0433\u0430 \u043f\u0440\u0438 \u0442\u0435\u043c\u043f\u0435\u0440\u0430\u0442\u0443\u0440\u0435 \u0434\u043e -9\u00b0C.","og_url":"https:\/\/xstyle.md\/ro\/produs\/spalnik-sea-to-summit-spark-spll-long-left-zip\/","og_site_name":"\u041c\u0430\u0433\u0430\u0437\u0438\u043d Xstyle","article_publisher":"https:\/\/www.facebook.com\/xstylemd","article_modified_time":"2026-03-19T13:50:15+00:00","og_image":[{"width":1266,"height":1254,"url":"https:\/\/xstyle.md\/wp-content\/uploads\/2022\/11\/sea-to-summit-spark-spll-long-left-zip.jpg","type":"image\/jpeg"}],"twitter_card":"summary_large_image","twitter_misc":{"Pre\u021b":"9.200&nbsp;MDL","Disponibilitate":"\u00cen stoc"},"schema":{"@context":"https:\/\/schema.org","@graph":[{"@type":"WebPage","@id":"https:\/\/xstyle.md\/product\/spalnik-sea-to-summit-spark-spll-long-left-zip\/","url":"https:\/\/xstyle.md\/product\/spalnik-sea-to-summit-spark-spll-long-left-zip\/","name":"\u0421\u043f\u0430\u043b\u044c\u043d\u044b\u0439 \u043c\u0435\u0448\u043e\u043a Sea to Summit Spark Spll Long Left Zip - \u041c\u0430\u0433\u0430\u0437\u0438\u043d Xstyle","isPartOf":{"@id":"https:\/\/xstyle.md\/#website"},"primaryImageOfPage":{"@id":"https:\/\/xstyle.md\/product\/spalnik-sea-to-summit-spark-spll-long-left-zip\/#primaryimage"},"image":{"@id":"https:\/\/xstyle.md\/product\/spalnik-sea-to-summit-spark-spll-long-left-zip\/#primaryimage"},"thumbnailUrl":"https:\/\/xstyle.md\/wp-content\/uploads\/2022\/11\/sea-to-summit-spark-spll-long-left-zip.jpg","datePublished":"2022-11-15T17:29:43+00:00","dateModified":"2026-03-19T13:50:15+00:00","description":"Sac de dormit Sea to Summit Spark Spll Long Left Zip - ultrau\u0219or, cu puf de 850 \u0219i un ambalaj superrezistent pentru camping confortabil la temperaturi de p\u00e2n\u0103 la -9\u00b0C.","breadcrumb":{"@id":"https:\/\/xstyle.md\/product\/spalnik-sea-to-summit-spark-spll-long-left-zip\/#breadcrumb"},"inLanguage":"ro-RO","potentialAction":[{"@type":"ReadAction","target":["https:\/\/xstyle.md\/product\/spalnik-sea-to-summit-spark-spll-long-left-zip\/"]}]},{"@type":"ImageObject","inLanguage":"ro-RO","@id":"https:\/\/xstyle.md\/product\/spalnik-sea-to-summit-spark-spll-long-left-zip\/#primaryimage","url":"https:\/\/xstyle.md\/wp-content\/uploads\/2022\/11\/sea-to-summit-spark-spll-long-left-zip.jpg","contentUrl":"https:\/\/xstyle.md\/wp-content\/uploads\/2022\/11\/sea-to-summit-spark-spll-long-left-zip.jpg","width":1266,"height":1254,"caption":"\u0421\u043f\u0430\u043b\u044c\u043d\u044b\u0439 \u043c\u0435\u0448\u043e\u043a Sea to Summit Spark Spll Long Left Zip \u0434\u043b\u044f \u0430\u043a\u0442\u0438\u0432\u043d\u043e\u0433\u043e \u043e\u0442\u0434\u044b\u0445\u0430, \u043f\u043e\u0445\u043e\u0434\u043e\u0432, \u0442\u0443\u0440\u0438\u0437\u043c\u0430, \u043f\u043e\u0445\u043e\u0434\u043d\u043e\u0439 \u043e\u0434\u0435\u0436\u0434\u044b \u0438 \u043e\u0431\u0443\u0432\u0438 \u0434\u043b\u044f \u043b\u044e\u0431\u0438\u0442\u0435\u043b\u0435\u0439 \u043f\u0443\u0442\u0435\u0448\u0435\u0441\u0442\u0432\u0438\u0439"},{"@type":"BreadcrumbList","@id":"https:\/\/xstyle.md\/product\/spalnik-sea-to-summit-spark-spll-long-left-zip\/#breadcrumb","itemListElement":[{"@type":"ListItem","position":1,"name":"\u0413\u043b\u0430\u0432\u043d\u0430\u044f \u0441\u0442\u0440\u0430\u043d\u0438\u0446\u0430","item":"https:\/\/xstyle.md\/"},{"@type":"ListItem","position":2,"name":"\u041c\u0430\u0433\u0430\u0437\u0438\u043d","item":"https:\/\/xstyle.md\/shop\/"},{"@type":"ListItem","position":3,"name":"\u0421\u043f\u0430\u043b\u044c\u043d\u044b\u0439 \u043c\u0435\u0448\u043e\u043a Sea to Summit Spark Spll Long Left Zip"}]},{"@type":"WebSite","@id":"https:\/\/xstyle.md\/#website","url":"https:\/\/xstyle.md\/","name":"Magazinul X-Style","description":"Echipamente pentru turism \u0219i sporturi extreme \u00een Moldova. Pre\u021buri, fotografii, caracteristici \u00een Moldova.","publisher":{"@id":"https:\/\/xstyle.md\/#organization"},"alternateName":"X-Style","potentialAction":[{"@type":"SearchAction","target":{"@type":"EntryPoint","urlTemplate":"https:\/\/xstyle.md\/?s={search_term_string}"},"query-input":{"@type":"PropertyValueSpecification","valueRequired":true,"valueName":"search_term_string"}}],"inLanguage":"ro-RO"},{"@type":"Organization","@id":"https:\/\/xstyle.md\/#organization","name":"Magazinul X-Style","alternateName":"x-style","url":"https:\/\/xstyle.md\/","logo":{"@type":"ImageObject","inLanguage":"ro-RO","@id":"https:\/\/xstyle.md\/#\/schema\/logo\/image\/","url":"https:\/\/xstyle.md\/wp-content\/uploads\/2020\/06\/logoicon.svg","contentUrl":"https:\/\/xstyle.md\/wp-content\/uploads\/2020\/06\/logoicon.svg","caption":"\u041c\u0430\u0433\u0430\u0437\u0438\u043d Xstyle"},"image":{"@id":"https:\/\/xstyle.md\/#\/schema\/logo\/image\/"},"sameAs":["https:\/\/www.facebook.com\/xstylemd","https:\/\/www.instagram.com\/xstyle_md\/","https:\/\/t.me\/xstyle_outdoor"],"hasMerchantReturnPolicy":{"@type":"MerchantReturnPolicy","merchantReturnLink":"https:\/\/xstyle.md\/ro\/conditions\/"}}]},"product_price_amount":"9200.00","product_price_currency":"MDL","og_availability":"instock","product_availability":"instock","product_retailer_item_id":"9327868094998","product_condition":"new"},"post_mailing_queue_ids":[],"_links":{"self":[{"href":"https:\/\/xstyle.md\/ro\/wp-json\/wp\/v2\/product\/59028","targetHints":{"allow":["GET"]}}],"collection":[{"href":"https:\/\/xstyle.md\/ro\/wp-json\/wp\/v2\/product"}],"about":[{"href":"https:\/\/xstyle.md\/ro\/wp-json\/wp\/v2\/types\/product"}],"replies":[{"embeddable":true,"href":"https:\/\/xstyle.md\/ro\/wp-json\/wp\/v2\/comments?post=59028"}],"wp:featuredmedia":[{"embeddable":true,"href":"https:\/\/xstyle.md\/ro\/wp-json\/wp\/v2\/media\/61349"}],"wp:attachment":[{"href":"https:\/\/xstyle.md\/ro\/wp-json\/wp\/v2\/media?parent=59028"}],"wp:term":[{"taxonomy":"product_brand","embeddable":true,"href":"https:\/\/xstyle.md\/ro\/wp-json\/wp\/v2\/product_brand?post=59028"},{"taxonomy":"product_cat","embeddable":true,"href":"https:\/\/xstyle.md\/ro\/wp-json\/wp\/v2\/product_cat?post=59028"},{"taxonomy":"product_tag","embeddable":true,"href":"https:\/\/xstyle.md\/ro\/wp-json\/wp\/v2\/product_tag?post=59028"}],"curies":[{"name":"wp","href":"https:\/\/api.w.org\/{rel}","templated":true}]}}