{"id":58994,"date":"2022-11-15T20:29:34","date_gmt":"2022-11-15T17:29:34","guid":{"rendered":"https:\/\/xstyle.md\/?post_type=product&#038;p=58994"},"modified":"2025-03-29T21:29:47","modified_gmt":"2025-03-29T18:29:47","slug":"spasatelnyj-termomeshok-lifesystems-heatshield","status":"publish","type":"product","link":"https:\/\/xstyle.md\/ro\/produs\/spasatelnyj-termomeshok-lifesystems-heatshield\/","title":{"rendered":"Sac termic de salvare Lifesystems Heatshield"},"content":{"rendered":"<\/p>\n<p><strong>Lifesystems Heatshield<\/strong> &#8212; geant\u0103 de salvare termic\u0103 u\u0219oar\u0103 \u0219i reutilizabil\u0103. Ideal pentru concuren\u021bii de supravie\u021buire \u0219i al\u021bi entuzia\u0219ti \u00een aer liber. Acoper\u0103 complet corpul pentru o protec\u021bie personalizat\u0103 maxim\u0103. Sacul reflect\u0103 \u0219i re\u021bine peste 90% din c\u0103ldura radiat\u0103 a persoanei din interior. Ajut\u0103 serviciile de salvare s\u0103 localizeze victima datorit\u0103 culorii sale luminoase cu luciu metalic \u0219i a reflectorului radar.<\/p>\n<h3>Particularit\u0103\u021bi<\/h3>\n<ul>\n<li>Fabricat din poliester metalizat<\/li>\n<li>Reflect\u0103 \u0219i re\u021bine aproximativ 90% din c\u0103ldura generat\u0103 de corp<\/li>\n<li>Culoarea portocalie str\u0103lucitoare \u0219i reflectorul radar \u00eel face u\u0219or de localizat de c\u0103tre serviciile de salvare<\/li>\n<li>Ofer\u0103 protec\u021bie \u00eempotriva apei \u0219i a v\u00e2ntului<\/li>\n<li>Cus\u0103turi sigilate termic \u0219i lipite cu band\u0103 adeziv\u0103<\/li>\n<li>Compact \u0219i u\u0219or<\/li>\n<li>Include o hus\u0103 de depozitare \u0219i de transport<\/li>\n<\/ul>\n<h3>Caracteristici<\/h3>\n<ul>\n<li>Dimensiuni \u00een man\u0219onul de compresie &#8212; 7 x 6 x 6 cm<\/li>\n<li>Lungime &#8212; 210 cm<\/li>\n<li>L\u0103\u021bime &#8212; 90 cm<\/li>\n<li>Greutate &#8212; 110 g<\/li>\n<\/ul>\n<h3>Marca<\/h3>\n<p>Lifesystems este o companie britanic\u0103 care produce echipamente \u0219i echipamente pentru turi\u0219ti \u0219i c\u0103l\u0103tori. Sub aceast\u0103 marc\u0103 se produc truse de prim ajutor, spray-uri \u00eempotriva insectelor, creme de protec\u021bie solar\u0103, produse de purificare \u0219i dezinfectare a apei, plase de \u021b\u00e2n\u021bari \u0219i alte lucruri utile pentru turi\u0219ti. Calit\u0103\u021bii produselor li se acord\u0103 o mare aten\u021bie. Acestea sunt foarte func\u021bionale, capabile s\u0103 satisfac\u0103 nevoile majorit\u0103\u021bii pasiona\u021bilor de activit\u0103\u021bi \u00een aer liber \u0219i a sportivilor extremi\u0219ti, testate pe teren, \u00een cele mai periculoase \u0219i greu accesibile locuri de pe planet\u0103.<\/p>\n<p><\/p>","protected":false},"excerpt":{"rendered":"","protected":false},"featured_media":60955,"comment_status":"open","ping_status":"closed","template":"","meta":{"_acf_changed":false,"inline_featured_image":false},"product_brand":[1417],"product_cat":[333],"product_tag":[],"class_list":{"0":"post-58994","1":"product","2":"type-product","3":"status-publish","4":"has-post-thumbnail","6":"product_brand-lifesystems","7":"product_cat-first-aid","9":"first","10":"instock","11":"shipping-taxable","12":"purchasable","13":"product-type-simple"},"acf":[],"yoast_head":"<!-- This site is optimized with the Yoast SEO plugin v27.4 - https:\/\/yoast.com\/product\/yoast-seo-wordpress\/ -->\n<title>\u0421\u043f\u0430\u0441\u0430\u0442\u0435\u043b\u044c\u043d\u044b\u0439 \u0442\u0435\u0440\u043c\u043e\u043c\u0435\u0448\u043e\u043a Lifesystems Heatshield - \u041c\u0430\u0433\u0430\u0437\u0438\u043d Xstyle<\/title>\n<meta name=\"description\" content=\"\u0421\u043f\u0430\u0441\u0430\u0442\u0435\u043b\u044c\u043d\u044b\u0439 \u0442\u0435\u0440\u043c\u043e\u043c\u0435\u0448\u043e\u043a Lifesystems Heatshield \u043e\u0431\u0435\u0441\u043f\u0435\u0447\u0438\u0432\u0430\u0435\u0442 \u0437\u0430\u0449\u0438\u0442\u0443 \u0438 \u0441\u043e\u0445\u0440\u0430\u043d\u0435\u043d\u0438\u0435 \u0442\u0435\u043f\u043b\u0430. \u0418\u0434\u0435\u0430\u043b\u0435\u043d \u0434\u043b\u044f \u0432\u044b\u0436\u0438\u0432\u0430\u043d\u0438\u044f \u043d\u0430 \u043f\u0440\u0438\u0440\u043e\u0434\u0435. \u041b\u0435\u0433\u043a\u0438\u0439, \u043f\u0435\u0440\u0435\u0440\u0430\u0431\u0430\u0442\u044b\u0432\u0430\u0435\u043c\u044b\u0439, \u044f\u0440\u043a\u0438\u0439!\" \/>\n<meta name=\"robots\" content=\"index, follow, max-snippet:-1, max-image-preview:large, max-video-preview:-1\" \/>\n<link rel=\"canonical\" href=\"https:\/\/xstyle.md\/ro\/produs\/spasatelnyj-termomeshok-lifesystems-heatshield\/\" \/>\n<meta property=\"og:locale\" content=\"ro_RO\" \/>\n<meta property=\"og:type\" content=\"article\" \/>\n<meta property=\"og:title\" content=\"\u0421\u043f\u0430\u0441\u0430\u0442\u0435\u043b\u044c\u043d\u044b\u0439 \u0442\u0435\u0440\u043c\u043e\u043c\u0435\u0448\u043e\u043a Lifesystems Heatshield - \u041c\u0430\u0433\u0430\u0437\u0438\u043d Xstyle\" \/>\n<meta property=\"og:description\" content=\"\u0421\u043f\u0430\u0441\u0430\u0442\u0435\u043b\u044c\u043d\u044b\u0439 \u0442\u0435\u0440\u043c\u043e\u043c\u0435\u0448\u043e\u043a Lifesystems Heatshield \u043e\u0431\u0435\u0441\u043f\u0435\u0447\u0438\u0432\u0430\u0435\u0442 \u0437\u0430\u0449\u0438\u0442\u0443 \u0438 \u0441\u043e\u0445\u0440\u0430\u043d\u0435\u043d\u0438\u0435 \u0442\u0435\u043f\u043b\u0430. \u0418\u0434\u0435\u0430\u043b\u0435\u043d \u0434\u043b\u044f \u0432\u044b\u0436\u0438\u0432\u0430\u043d\u0438\u044f \u043d\u0430 \u043f\u0440\u0438\u0440\u043e\u0434\u0435. \u041b\u0435\u0433\u043a\u0438\u0439, \u043f\u0435\u0440\u0435\u0440\u0430\u0431\u0430\u0442\u044b\u0432\u0430\u0435\u043c\u044b\u0439, \u044f\u0440\u043a\u0438\u0439!\" \/>\n<meta property=\"og:url\" content=\"https:\/\/xstyle.md\/ro\/produs\/spasatelnyj-termomeshok-lifesystems-heatshield\/\" \/>\n<meta property=\"og:site_name\" content=\"\u041c\u0430\u0433\u0430\u0437\u0438\u043d Xstyle\" \/>\n<meta property=\"article:publisher\" content=\"https:\/\/www.facebook.com\/xstylemd\" \/>\n<meta property=\"article:modified_time\" content=\"2025-03-29T18:29:47+00:00\" \/>\n<meta property=\"og:image\" content=\"https:\/\/xstyle.md\/wp-content\/uploads\/2022\/11\/lifesystems-heatshield.jpg\" \/>\n\t<meta property=\"og:image:width\" content=\"1258\" \/>\n\t<meta property=\"og:image:height\" content=\"1070\" \/>\n\t<meta property=\"og:image:type\" content=\"image\/jpeg\" \/>\n<meta name=\"twitter:card\" content=\"summary_large_image\" \/>\n<meta name=\"twitter:label1\" content=\"Pre\u021b\" \/>\n\t<meta name=\"twitter:data1\" content=\"290&nbsp;MDL\" \/>\n\t<meta name=\"twitter:label2\" content=\"Disponibilitate\" \/>\n\t<meta name=\"twitter:data2\" content=\"\u00cen stoc\" \/>\n<script type=\"application\/ld+json\" class=\"yoast-schema-graph\">{\"@context\":\"https:\\\/\\\/schema.org\",\"@graph\":[{\"@type\":\"WebPage\",\"@id\":\"https:\\\/\\\/xstyle.md\\\/product\\\/spasatelnyj-termomeshok-lifesystems-heatshield\\\/\",\"url\":\"https:\\\/\\\/xstyle.md\\\/product\\\/spasatelnyj-termomeshok-lifesystems-heatshield\\\/\",\"name\":\"\u0421\u043f\u0430\u0441\u0430\u0442\u0435\u043b\u044c\u043d\u044b\u0439 \u0442\u0435\u0440\u043c\u043e\u043c\u0435\u0448\u043e\u043a Lifesystems Heatshield - \u041c\u0430\u0433\u0430\u0437\u0438\u043d Xstyle\",\"isPartOf\":{\"@id\":\"https:\\\/\\\/xstyle.md\\\/#website\"},\"primaryImageOfPage\":{\"@id\":\"https:\\\/\\\/xstyle.md\\\/product\\\/spasatelnyj-termomeshok-lifesystems-heatshield\\\/#primaryimage\"},\"image\":{\"@id\":\"https:\\\/\\\/xstyle.md\\\/product\\\/spasatelnyj-termomeshok-lifesystems-heatshield\\\/#primaryimage\"},\"thumbnailUrl\":\"https:\\\/\\\/xstyle.md\\\/wp-content\\\/uploads\\\/2022\\\/11\\\/lifesystems-heatshield.jpg\",\"datePublished\":\"2022-11-15T17:29:34+00:00\",\"dateModified\":\"2025-03-29T18:29:47+00:00\",\"description\":\"\u0421\u043f\u0430\u0441\u0430\u0442\u0435\u043b\u044c\u043d\u044b\u0439 \u0442\u0435\u0440\u043c\u043e\u043c\u0435\u0448\u043e\u043a Lifesystems Heatshield \u043e\u0431\u0435\u0441\u043f\u0435\u0447\u0438\u0432\u0430\u0435\u0442 \u0437\u0430\u0449\u0438\u0442\u0443 \u0438 \u0441\u043e\u0445\u0440\u0430\u043d\u0435\u043d\u0438\u0435 \u0442\u0435\u043f\u043b\u0430. \u0418\u0434\u0435\u0430\u043b\u0435\u043d \u0434\u043b\u044f \u0432\u044b\u0436\u0438\u0432\u0430\u043d\u0438\u044f \u043d\u0430 \u043f\u0440\u0438\u0440\u043e\u0434\u0435. \u041b\u0435\u0433\u043a\u0438\u0439, \u043f\u0435\u0440\u0435\u0440\u0430\u0431\u0430\u0442\u044b\u0432\u0430\u0435\u043c\u044b\u0439, \u044f\u0440\u043a\u0438\u0439!\",\"breadcrumb\":{\"@id\":\"https:\\\/\\\/xstyle.md\\\/product\\\/spasatelnyj-termomeshok-lifesystems-heatshield\\\/#breadcrumb\"},\"inLanguage\":\"ro-RO\",\"potentialAction\":[{\"@type\":\"ReadAction\",\"target\":[\"https:\\\/\\\/xstyle.md\\\/product\\\/spasatelnyj-termomeshok-lifesystems-heatshield\\\/\"]}]},{\"@type\":\"ImageObject\",\"inLanguage\":\"ro-RO\",\"@id\":\"https:\\\/\\\/xstyle.md\\\/product\\\/spasatelnyj-termomeshok-lifesystems-heatshield\\\/#primaryimage\",\"url\":\"https:\\\/\\\/xstyle.md\\\/wp-content\\\/uploads\\\/2022\\\/11\\\/lifesystems-heatshield.jpg\",\"contentUrl\":\"https:\\\/\\\/xstyle.md\\\/wp-content\\\/uploads\\\/2022\\\/11\\\/lifesystems-heatshield.jpg\",\"width\":1258,\"height\":1070,\"caption\":\"\u0420\u044e\u043a\u0437\u0430\u043a \u0434\u043b\u044f \u0430\u043a\u0442\u0438\u0432\u043d\u043e\u0433\u043e \u043e\u0442\u0434\u044b\u0445\u0430 \u0438 \u043f\u0443\u0442\u0435\u0448\u0435\u0441\u0442\u0432\u0438\u0439 \u0441 \u0442\u0435\u0440\u043c\u043e\u0431\u0435\u043b\u044c\u0435\u043c \u0438 \u043f\u043e\u0445\u043e\u0434\u043d\u043e\u0439 \u043e\u0431\u0443\u0432\u044c\u044e \u0434\u043b\u044f \u043a\u0435\u043c\u043f\u0438\u043d\u0433\u0430 \u0445\u0430\u0439\u043a\u0438\u043d\u0433\u0430 \u0438 \u0430\u043b\u044c\u043f\u0438\u043d\u0438\u0437\u043c\u0430 \u043d\u0430 \u0441\u0442\u0440\u0430\u043d\u0438\u0446\u0435 \u0421\u043f\u0430\u0441\u0430\u0442\u0435\u043b\u044c\u043d\u044b\u0439 \u0442\u0435\u0440\u043c\u043e\u043c\u0435\u0448\u043e\u043a Lifesystems Heatshield\"},{\"@type\":\"BreadcrumbList\",\"@id\":\"https:\\\/\\\/xstyle.md\\\/product\\\/spasatelnyj-termomeshok-lifesystems-heatshield\\\/#breadcrumb\",\"itemListElement\":[{\"@type\":\"ListItem\",\"position\":1,\"name\":\"\u0413\u043b\u0430\u0432\u043d\u0430\u044f \u0441\u0442\u0440\u0430\u043d\u0438\u0446\u0430\",\"item\":\"https:\\\/\\\/xstyle.md\\\/\"},{\"@type\":\"ListItem\",\"position\":2,\"name\":\"\u041c\u0430\u0433\u0430\u0437\u0438\u043d\",\"item\":\"https:\\\/\\\/xstyle.md\\\/shop\\\/\"},{\"@type\":\"ListItem\",\"position\":3,\"name\":\"\u0421\u043f\u0430\u0441\u0430\u0442\u0435\u043b\u044c\u043d\u044b\u0439 \u0442\u0435\u0440\u043c\u043e\u043c\u0435\u0448\u043e\u043a Lifesystems Heatshield\"}]},{\"@type\":\"WebSite\",\"@id\":\"https:\\\/\\\/xstyle.md\\\/#website\",\"url\":\"https:\\\/\\\/xstyle.md\\\/\",\"name\":\"\u041c\u0430\u0433\u0430\u0437\u0438\u043d Xstyle\",\"description\":\"C\u043d\u0430\u0440\u044f\u0436\u0435\u043d\u0438\u0435 \u0434\u043b\u044f \u0442\u0443\u0440\u0438\u0437\u043c\u0430 \u0438 \u044d\u043a\u0441\u0442\u0440\u0435\u043c\u0430\u043b\u044c\u043d\u044b\u0445 \u0432\u0438\u0434\u043e\u0432 \u0441\u043f\u043e\u0440\u0442\u0430 \u0432 \u041c\u043e\u043b\u0434\u043e\u0432\u0435.. \u0426\u0435\u043d\u044b, \u0444\u043e\u0442\u043e, \u0445\u0430\u0440\u0430\u043a\u0442\u0435\u0440\u0438\u0441\u0442\u0438\u043a\u0438 \u0432 \u041c\u043e\u043b\u0434\u043e\u0432\u0435.\",\"publisher\":{\"@id\":\"https:\\\/\\\/xstyle.md\\\/#organization\"},\"alternateName\":\"X-Style\",\"potentialAction\":[{\"@type\":\"SearchAction\",\"target\":{\"@type\":\"EntryPoint\",\"urlTemplate\":\"https:\\\/\\\/xstyle.md\\\/?s={search_term_string}\"},\"query-input\":{\"@type\":\"PropertyValueSpecification\",\"valueRequired\":true,\"valueName\":\"search_term_string\"}}],\"inLanguage\":\"ro-RO\"},{\"@type\":\"Organization\",\"@id\":\"https:\\\/\\\/xstyle.md\\\/#organization\",\"name\":\"\u041c\u0430\u0433\u0430\u0437\u0438\u043d Xstyle\",\"alternateName\":\"x-style\",\"url\":\"https:\\\/\\\/xstyle.md\\\/\",\"logo\":{\"@type\":\"ImageObject\",\"inLanguage\":\"ro-RO\",\"@id\":\"https:\\\/\\\/xstyle.md\\\/#\\\/schema\\\/logo\\\/image\\\/\",\"url\":\"https:\\\/\\\/xstyle.md\\\/wp-content\\\/uploads\\\/2020\\\/06\\\/logoicon.svg\",\"contentUrl\":\"https:\\\/\\\/xstyle.md\\\/wp-content\\\/uploads\\\/2020\\\/06\\\/logoicon.svg\",\"caption\":\"\u041c\u0430\u0433\u0430\u0437\u0438\u043d Xstyle\"},\"image\":{\"@id\":\"https:\\\/\\\/xstyle.md\\\/#\\\/schema\\\/logo\\\/image\\\/\"},\"sameAs\":[\"https:\\\/\\\/www.facebook.com\\\/xstylemd\",\"https:\\\/\\\/www.instagram.com\\\/xstyle_md\\\/\",\"https:\\\/\\\/t.me\\\/xstyle_outdoor\"],\"hasMerchantReturnPolicy\":{\"@type\":\"MerchantReturnPolicy\",\"merchantReturnLink\":\"https:\\\/\\\/xstyle.md\\\/ro\\\/conditions\\\/\"}}]}<\/script>\n<meta property=\"product:price:amount\" content=\"290.00\" \/>\n<meta property=\"product:price:currency\" content=\"MDL\" \/>\n<meta property=\"og:availability\" content=\"instock\" \/>\n<meta property=\"product:availability\" content=\"instock\" \/>\n<meta property=\"product:retailer_item_id\" content=\"5031863421508\" \/>\n<meta property=\"product:condition\" content=\"new\" \/>\n<!-- \/ Yoast SEO plugin. -->","yoast_head_json":{"title":"Sac termic de salvare Lifesystems Heatshield - Magazin Xstyle","description":"Sac de salvare Lifesystems Heatshield ofer\u0103 protec\u021bie \u0219i p\u0103streaz\u0103 c\u0103ldura. Ideal pentru supravie\u021buirea \u00een natur\u0103. U\u0219or, reciclabil, str\u0103lucitor!","robots":{"index":"index","follow":"follow","max-snippet":"max-snippet:-1","max-image-preview":"max-image-preview:large","max-video-preview":"max-video-preview:-1"},"canonical":"https:\/\/xstyle.md\/ro\/produs\/spasatelnyj-termomeshok-lifesystems-heatshield\/","og_locale":"ro_RO","og_type":"article","og_title":"\u0421\u043f\u0430\u0441\u0430\u0442\u0435\u043b\u044c\u043d\u044b\u0439 \u0442\u0435\u0440\u043c\u043e\u043c\u0435\u0448\u043e\u043a Lifesystems Heatshield - \u041c\u0430\u0433\u0430\u0437\u0438\u043d Xstyle","og_description":"\u0421\u043f\u0430\u0441\u0430\u0442\u0435\u043b\u044c\u043d\u044b\u0439 \u0442\u0435\u0440\u043c\u043e\u043c\u0435\u0448\u043e\u043a Lifesystems Heatshield \u043e\u0431\u0435\u0441\u043f\u0435\u0447\u0438\u0432\u0430\u0435\u0442 \u0437\u0430\u0449\u0438\u0442\u0443 \u0438 \u0441\u043e\u0445\u0440\u0430\u043d\u0435\u043d\u0438\u0435 \u0442\u0435\u043f\u043b\u0430. \u0418\u0434\u0435\u0430\u043b\u0435\u043d \u0434\u043b\u044f \u0432\u044b\u0436\u0438\u0432\u0430\u043d\u0438\u044f \u043d\u0430 \u043f\u0440\u0438\u0440\u043e\u0434\u0435. \u041b\u0435\u0433\u043a\u0438\u0439, \u043f\u0435\u0440\u0435\u0440\u0430\u0431\u0430\u0442\u044b\u0432\u0430\u0435\u043c\u044b\u0439, \u044f\u0440\u043a\u0438\u0439!","og_url":"https:\/\/xstyle.md\/ro\/produs\/spasatelnyj-termomeshok-lifesystems-heatshield\/","og_site_name":"\u041c\u0430\u0433\u0430\u0437\u0438\u043d Xstyle","article_publisher":"https:\/\/www.facebook.com\/xstylemd","article_modified_time":"2025-03-29T18:29:47+00:00","og_image":[{"width":1258,"height":1070,"url":"https:\/\/xstyle.md\/wp-content\/uploads\/2022\/11\/lifesystems-heatshield.jpg","type":"image\/jpeg"}],"twitter_card":"summary_large_image","twitter_misc":{"Pre\u021b":"290&nbsp;MDL","Disponibilitate":"\u00cen stoc"},"schema":{"@context":"https:\/\/schema.org","@graph":[{"@type":"WebPage","@id":"https:\/\/xstyle.md\/product\/spasatelnyj-termomeshok-lifesystems-heatshield\/","url":"https:\/\/xstyle.md\/product\/spasatelnyj-termomeshok-lifesystems-heatshield\/","name":"Sac termic de salvare Lifesystems Heatshield - Magazin Xstyle","isPartOf":{"@id":"https:\/\/xstyle.md\/#website"},"primaryImageOfPage":{"@id":"https:\/\/xstyle.md\/product\/spasatelnyj-termomeshok-lifesystems-heatshield\/#primaryimage"},"image":{"@id":"https:\/\/xstyle.md\/product\/spasatelnyj-termomeshok-lifesystems-heatshield\/#primaryimage"},"thumbnailUrl":"https:\/\/xstyle.md\/wp-content\/uploads\/2022\/11\/lifesystems-heatshield.jpg","datePublished":"2022-11-15T17:29:34+00:00","dateModified":"2025-03-29T18:29:47+00:00","description":"Sac de salvare Lifesystems Heatshield ofer\u0103 protec\u021bie \u0219i p\u0103streaz\u0103 c\u0103ldura. Ideal pentru supravie\u021buirea \u00een natur\u0103. U\u0219or, reciclabil, str\u0103lucitor!","breadcrumb":{"@id":"https:\/\/xstyle.md\/product\/spasatelnyj-termomeshok-lifesystems-heatshield\/#breadcrumb"},"inLanguage":"ro-RO","potentialAction":[{"@type":"ReadAction","target":["https:\/\/xstyle.md\/product\/spasatelnyj-termomeshok-lifesystems-heatshield\/"]}]},{"@type":"ImageObject","inLanguage":"ro-RO","@id":"https:\/\/xstyle.md\/product\/spasatelnyj-termomeshok-lifesystems-heatshield\/#primaryimage","url":"https:\/\/xstyle.md\/wp-content\/uploads\/2022\/11\/lifesystems-heatshield.jpg","contentUrl":"https:\/\/xstyle.md\/wp-content\/uploads\/2022\/11\/lifesystems-heatshield.jpg","width":1258,"height":1070,"caption":"\u0420\u044e\u043a\u0437\u0430\u043a \u0434\u043b\u044f \u0430\u043a\u0442\u0438\u0432\u043d\u043e\u0433\u043e \u043e\u0442\u0434\u044b\u0445\u0430 \u0438 \u043f\u0443\u0442\u0435\u0448\u0435\u0441\u0442\u0432\u0438\u0439 \u0441 \u0442\u0435\u0440\u043c\u043e\u0431\u0435\u043b\u044c\u0435\u043c \u0438 \u043f\u043e\u0445\u043e\u0434\u043d\u043e\u0439 \u043e\u0431\u0443\u0432\u044c\u044e \u0434\u043b\u044f \u043a\u0435\u043c\u043f\u0438\u043d\u0433\u0430 \u0445\u0430\u0439\u043a\u0438\u043d\u0433\u0430 \u0438 \u0430\u043b\u044c\u043f\u0438\u043d\u0438\u0437\u043c\u0430 \u043d\u0430 \u0441\u0442\u0440\u0430\u043d\u0438\u0446\u0435 \u0421\u043f\u0430\u0441\u0430\u0442\u0435\u043b\u044c\u043d\u044b\u0439 \u0442\u0435\u0440\u043c\u043e\u043c\u0435\u0448\u043e\u043a Lifesystems Heatshield"},{"@type":"BreadcrumbList","@id":"https:\/\/xstyle.md\/product\/spasatelnyj-termomeshok-lifesystems-heatshield\/#breadcrumb","itemListElement":[{"@type":"ListItem","position":1,"name":"\u0413\u043b\u0430\u0432\u043d\u0430\u044f \u0441\u0442\u0440\u0430\u043d\u0438\u0446\u0430","item":"https:\/\/xstyle.md\/"},{"@type":"ListItem","position":2,"name":"\u041c\u0430\u0433\u0430\u0437\u0438\u043d","item":"https:\/\/xstyle.md\/shop\/"},{"@type":"ListItem","position":3,"name":"\u0421\u043f\u0430\u0441\u0430\u0442\u0435\u043b\u044c\u043d\u044b\u0439 \u0442\u0435\u0440\u043c\u043e\u043c\u0435\u0448\u043e\u043a Lifesystems Heatshield"}]},{"@type":"WebSite","@id":"https:\/\/xstyle.md\/#website","url":"https:\/\/xstyle.md\/","name":"Magazinul X-Style","description":"Echipamente pentru turism \u0219i sporturi extreme \u00een Moldova. Pre\u021buri, fotografii, caracteristici \u00een Moldova.","publisher":{"@id":"https:\/\/xstyle.md\/#organization"},"alternateName":"X-Style","potentialAction":[{"@type":"SearchAction","target":{"@type":"EntryPoint","urlTemplate":"https:\/\/xstyle.md\/?s={search_term_string}"},"query-input":{"@type":"PropertyValueSpecification","valueRequired":true,"valueName":"search_term_string"}}],"inLanguage":"ro-RO"},{"@type":"Organization","@id":"https:\/\/xstyle.md\/#organization","name":"Magazinul X-Style","alternateName":"x-style","url":"https:\/\/xstyle.md\/","logo":{"@type":"ImageObject","inLanguage":"ro-RO","@id":"https:\/\/xstyle.md\/#\/schema\/logo\/image\/","url":"https:\/\/xstyle.md\/wp-content\/uploads\/2020\/06\/logoicon.svg","contentUrl":"https:\/\/xstyle.md\/wp-content\/uploads\/2020\/06\/logoicon.svg","caption":"\u041c\u0430\u0433\u0430\u0437\u0438\u043d Xstyle"},"image":{"@id":"https:\/\/xstyle.md\/#\/schema\/logo\/image\/"},"sameAs":["https:\/\/www.facebook.com\/xstylemd","https:\/\/www.instagram.com\/xstyle_md\/","https:\/\/t.me\/xstyle_outdoor"],"hasMerchantReturnPolicy":{"@type":"MerchantReturnPolicy","merchantReturnLink":"https:\/\/xstyle.md\/ro\/conditions\/"}}]},"product_price_amount":"290.00","product_price_currency":"MDL","og_availability":"instock","product_availability":"instock","product_retailer_item_id":"5031863421508","product_condition":"new"},"_links":{"self":[{"href":"https:\/\/xstyle.md\/ro\/wp-json\/wp\/v2\/product\/58994","targetHints":{"allow":["GET"]}}],"collection":[{"href":"https:\/\/xstyle.md\/ro\/wp-json\/wp\/v2\/product"}],"about":[{"href":"https:\/\/xstyle.md\/ro\/wp-json\/wp\/v2\/types\/product"}],"replies":[{"embeddable":true,"href":"https:\/\/xstyle.md\/ro\/wp-json\/wp\/v2\/comments?post=58994"}],"wp:featuredmedia":[{"embeddable":true,"href":"https:\/\/xstyle.md\/ro\/wp-json\/wp\/v2\/media\/60955"}],"wp:attachment":[{"href":"https:\/\/xstyle.md\/ro\/wp-json\/wp\/v2\/media?parent=58994"}],"wp:term":[{"taxonomy":"product_brand","embeddable":true,"href":"https:\/\/xstyle.md\/ro\/wp-json\/wp\/v2\/product_brand?post=58994"},{"taxonomy":"product_cat","embeddable":true,"href":"https:\/\/xstyle.md\/ro\/wp-json\/wp\/v2\/product_cat?post=58994"},{"taxonomy":"product_tag","embeddable":true,"href":"https:\/\/xstyle.md\/ro\/wp-json\/wp\/v2\/product_tag?post=58994"}],"curies":[{"name":"wp","href":"https:\/\/api.w.org\/{rel}","templated":true}]}}