{"id":58992,"date":"2022-11-15T20:29:33","date_gmt":"2022-11-15T17:29:33","guid":{"rendered":"https:\/\/xstyle.md\/?post_type=product&#038;p=58992"},"modified":"2025-10-02T19:02:40","modified_gmt":"2025-10-02T16:02:40","slug":"tabletki-obezzarazhivayushhie-lifesystems-chlorine-dioxide-tablets","status":"publish","type":"product","link":"https:\/\/xstyle.md\/ro\/produs\/tabletki-obezzarazhivayushhie-lifesystems-chlorine-dioxide-tablets\/","title":{"rendered":"Tablete decontaminare Lifesystems Chlorine Dioxide Tablets"},"content":{"rendered":"<\/p>\n<p><strong>Lifesystems Chlorine Dioxide Tablets<\/strong> &#8212; tablete pentru dezinfec\u021bia chimic\u0103 a apei. Indispensabile pentru camping, c\u0103l\u0103torii \u0219i locuri unde apa este de origine necunoscut\u0103 sau \u00eendoielnic\u0103. Dezactiveaz\u0103 bacteriile, virusurile, chisturile, inclusiv Giardia \u0219i Cryptosporidium.<\/p>\n<h3>Particularit\u0103\u021bi<\/h3>\n<ul>\n<li>Timpul de dezinfec\u021bie este de numai 10 min.<\/li>\n<li>Baza comprimatelor &#8212; dioxidul de clor &#8212; este cel mai eficient \u0219i sigur mod de a purifica apa \u00een condi\u021bii de teren.<\/li>\n<li>Apa dezinfectat\u0103 \u00een acest mod nu are practic nici un miros \u0219i nici un gust rezidual.<\/li>\n<li>Un pachet de tablete (60 buc.) este suficient pentru a dezinfecta 60 de litri de ap\u0103.<\/li>\n<li>Recipient de depozitare din plastic inclus.<\/li>\n<li>Termen de valabilitate: 3 ani.<\/li>\n<\/ul>\n<h3>Modul de utilizare<\/h3>\n<ul>\n<li>Filtra\u021bi apa printr-o p\u00e2nz\u0103 dens\u0103 sau un filtru<\/li>\n<li>Ad\u0103uga\u021bi comprimatele \u00eentr-un recipient cu ap\u0103, \u00een propor\u021bie de 1 comprimat la 1 litru de ap\u0103, dac\u0103 apa este foarte rece, murdar\u0103 sau dac\u0103 este posibil s\u0103 con\u021bin\u0103 un num\u0103r mare de microorganisme &#8212; 2 comprimate la 1 litru de ap\u0103.<\/li>\n<li>Amesteca\u021bi bine, a\u0219tepta\u021bi 10 min.; dac\u0103 s-a folosit o doz\u0103 dubl\u0103 de tablete &#8212; timpul de dezinfec\u021bie 30 min.<\/li>\n<\/ul>\n<h3>Marca<\/h3>\n<p>Lifesystems &#8212; este o companie britanic\u0103 care produce echipamente pentru turi\u0219ti \u0219i c\u0103l\u0103tori. Sub aceast\u0103 marc\u0103 se produc truse de prim ajutor, spray-uri \u00eempotriva insectelor, creme de protec\u021bie solar\u0103, produse de purificare \u0219i dezinfectare a apei, plase de \u021b\u00e2n\u021bari \u0219i alte lucruri utile pentru turi\u0219ti. Calitatea produselor beneficiaz\u0103 de o mare aten\u021bie. Acestea sunt foarte func\u021bionale, capabile s\u0103 satisfac\u0103 cerin\u021bele majorit\u0103\u021bii pasiona\u021bilor de activit\u0103\u021bi \u00een aer liber \u0219i a sportivilor extremi\u0219ti, testate pe teren, \u00een cele mai periculoase \u0219i greu accesibile locuri de pe planet\u0103.<\/p>\n<p><\/p>","protected":false},"excerpt":{"rendered":"","protected":false},"featured_media":60949,"comment_status":"open","ping_status":"closed","template":"","meta":{"_acf_changed":false,"inline_featured_image":false},"product_brand":[1417],"product_cat":[860],"product_tag":[],"class_list":{"0":"post-58992","1":"product","2":"type-product","3":"status-publish","4":"has-post-thumbnail","6":"product_brand-lifesystems","7":"product_cat-filtre-pentru-apa","9":"first","10":"instock","11":"shipping-taxable","12":"purchasable","13":"product-type-simple"},"acf":[],"yoast_head":"<!-- This site is optimized with the Yoast SEO plugin v27.4 - https:\/\/yoast.com\/product\/yoast-seo-wordpress\/ -->\n<title>\u0422\u0430\u0431\u043b\u0435\u0442\u043a\u0438 \u043e\u0431\u0435\u0437\u0437\u0430\u0440\u0430\u0436\u0438\u0432\u0430\u044e\u0449\u0438\u0435 Lifesystems Chlorine Dioxide Tablets - \u041c\u0430\u0433\u0430\u0437\u0438\u043d Xstyle<\/title>\n<meta name=\"description\" content=\"\u0422\u0430\u0431\u043b\u0435\u0442\u043a\u0438 Lifesystems \u0434\u043b\u044f \u043e\u0431\u0435\u0437\u0437\u0430\u0440\u0430\u0436\u0438\u0432\u0430\u043d\u0438\u044f \u0432\u043e\u0434\u044b \u2013 \u043d\u0430\u0434\u0435\u0436\u043d\u0430\u044f \u0437\u0430\u0449\u0438\u0442\u0430 \u043e\u0442 Giardia \u0438 Cryptosporidium. \u0418\u0434\u0435\u0430\u043b\u044c\u043d\u044b \u0434\u043b\u044f \u043a\u0435\u043c\u043f\u0438\u043d\u0433\u0430 \u0438 \u043f\u0443\u0442\u0435\u0448\u0435\u0441\u0442\u0432\u0438\u0439. \u0411\u044b\u0441\u0442\u0440\u0430\u044f \u0434\u0435\u0437\u0438\u043d\u0444\u0435\u043a\u0446\u0438\u044f.\" \/>\n<meta name=\"robots\" content=\"index, follow, max-snippet:-1, max-image-preview:large, max-video-preview:-1\" \/>\n<link rel=\"canonical\" href=\"https:\/\/xstyle.md\/ro\/produs\/tabletki-obezzarazhivayushhie-lifesystems-chlorine-dioxide-tablets\/\" \/>\n<meta property=\"og:locale\" content=\"ro_RO\" \/>\n<meta property=\"og:type\" content=\"article\" \/>\n<meta property=\"og:title\" content=\"\u0422\u0430\u0431\u043b\u0435\u0442\u043a\u0438 \u043e\u0431\u0435\u0437\u0437\u0430\u0440\u0430\u0436\u0438\u0432\u0430\u044e\u0449\u0438\u0435 Lifesystems Chlorine Dioxide Tablets - \u041c\u0430\u0433\u0430\u0437\u0438\u043d Xstyle\" \/>\n<meta property=\"og:description\" content=\"\u0422\u0430\u0431\u043b\u0435\u0442\u043a\u0438 Lifesystems \u0434\u043b\u044f \u043e\u0431\u0435\u0437\u0437\u0430\u0440\u0430\u0436\u0438\u0432\u0430\u043d\u0438\u044f \u0432\u043e\u0434\u044b \u2013 \u043d\u0430\u0434\u0435\u0436\u043d\u0430\u044f \u0437\u0430\u0449\u0438\u0442\u0430 \u043e\u0442 Giardia \u0438 Cryptosporidium. \u0418\u0434\u0435\u0430\u043b\u044c\u043d\u044b \u0434\u043b\u044f \u043a\u0435\u043c\u043f\u0438\u043d\u0433\u0430 \u0438 \u043f\u0443\u0442\u0435\u0448\u0435\u0441\u0442\u0432\u0438\u0439. \u0411\u044b\u0441\u0442\u0440\u0430\u044f \u0434\u0435\u0437\u0438\u043d\u0444\u0435\u043a\u0446\u0438\u044f.\" \/>\n<meta property=\"og:url\" content=\"https:\/\/xstyle.md\/ro\/produs\/tabletki-obezzarazhivayushhie-lifesystems-chlorine-dioxide-tablets\/\" \/>\n<meta property=\"og:site_name\" content=\"\u041c\u0430\u0433\u0430\u0437\u0438\u043d Xstyle\" \/>\n<meta property=\"article:publisher\" content=\"https:\/\/www.facebook.com\/xstylemd\" \/>\n<meta property=\"article:modified_time\" content=\"2025-10-02T16:02:40+00:00\" \/>\n<meta property=\"og:image\" content=\"https:\/\/xstyle.md\/wp-content\/uploads\/2022\/11\/lifesystems-chlorine-dioxide-tablets.jpg\" \/>\n\t<meta property=\"og:image:width\" content=\"800\" \/>\n\t<meta property=\"og:image:height\" content=\"800\" \/>\n\t<meta property=\"og:image:type\" content=\"image\/jpeg\" \/>\n<meta name=\"twitter:card\" content=\"summary_large_image\" \/>\n<meta name=\"twitter:label1\" content=\"Pre\u021b\" \/>\n\t<meta name=\"twitter:data1\" content=\"290&nbsp;MDL\" \/>\n\t<meta name=\"twitter:label2\" content=\"Disponibilitate\" \/>\n\t<meta name=\"twitter:data2\" content=\"\u00cen stoc\" \/>\n<script type=\"application\/ld+json\" class=\"yoast-schema-graph\">{\"@context\":\"https:\\\/\\\/schema.org\",\"@graph\":[{\"@type\":\"WebPage\",\"@id\":\"https:\\\/\\\/xstyle.md\\\/product\\\/tabletki-obezzarazhivayushhie-lifesystems-chlorine-dioxide-tablets\\\/\",\"url\":\"https:\\\/\\\/xstyle.md\\\/product\\\/tabletki-obezzarazhivayushhie-lifesystems-chlorine-dioxide-tablets\\\/\",\"name\":\"\u0422\u0430\u0431\u043b\u0435\u0442\u043a\u0438 \u043e\u0431\u0435\u0437\u0437\u0430\u0440\u0430\u0436\u0438\u0432\u0430\u044e\u0449\u0438\u0435 Lifesystems Chlorine Dioxide Tablets - \u041c\u0430\u0433\u0430\u0437\u0438\u043d Xstyle\",\"isPartOf\":{\"@id\":\"https:\\\/\\\/xstyle.md\\\/#website\"},\"primaryImageOfPage\":{\"@id\":\"https:\\\/\\\/xstyle.md\\\/product\\\/tabletki-obezzarazhivayushhie-lifesystems-chlorine-dioxide-tablets\\\/#primaryimage\"},\"image\":{\"@id\":\"https:\\\/\\\/xstyle.md\\\/product\\\/tabletki-obezzarazhivayushhie-lifesystems-chlorine-dioxide-tablets\\\/#primaryimage\"},\"thumbnailUrl\":\"https:\\\/\\\/xstyle.md\\\/wp-content\\\/uploads\\\/2022\\\/11\\\/lifesystems-chlorine-dioxide-tablets.jpg\",\"datePublished\":\"2022-11-15T17:29:33+00:00\",\"dateModified\":\"2025-10-02T16:02:40+00:00\",\"description\":\"\u0422\u0430\u0431\u043b\u0435\u0442\u043a\u0438 Lifesystems \u0434\u043b\u044f \u043e\u0431\u0435\u0437\u0437\u0430\u0440\u0430\u0436\u0438\u0432\u0430\u043d\u0438\u044f \u0432\u043e\u0434\u044b \u2013 \u043d\u0430\u0434\u0435\u0436\u043d\u0430\u044f \u0437\u0430\u0449\u0438\u0442\u0430 \u043e\u0442 Giardia \u0438 Cryptosporidium. \u0418\u0434\u0435\u0430\u043b\u044c\u043d\u044b \u0434\u043b\u044f \u043a\u0435\u043c\u043f\u0438\u043d\u0433\u0430 \u0438 \u043f\u0443\u0442\u0435\u0448\u0435\u0441\u0442\u0432\u0438\u0439. \u0411\u044b\u0441\u0442\u0440\u0430\u044f \u0434\u0435\u0437\u0438\u043d\u0444\u0435\u043a\u0446\u0438\u044f.\",\"breadcrumb\":{\"@id\":\"https:\\\/\\\/xstyle.md\\\/product\\\/tabletki-obezzarazhivayushhie-lifesystems-chlorine-dioxide-tablets\\\/#breadcrumb\"},\"inLanguage\":\"ro-RO\",\"potentialAction\":[{\"@type\":\"ReadAction\",\"target\":[\"https:\\\/\\\/xstyle.md\\\/product\\\/tabletki-obezzarazhivayushhie-lifesystems-chlorine-dioxide-tablets\\\/\"]}]},{\"@type\":\"ImageObject\",\"inLanguage\":\"ro-RO\",\"@id\":\"https:\\\/\\\/xstyle.md\\\/product\\\/tabletki-obezzarazhivayushhie-lifesystems-chlorine-dioxide-tablets\\\/#primaryimage\",\"url\":\"https:\\\/\\\/xstyle.md\\\/wp-content\\\/uploads\\\/2022\\\/11\\\/lifesystems-chlorine-dioxide-tablets.jpg\",\"contentUrl\":\"https:\\\/\\\/xstyle.md\\\/wp-content\\\/uploads\\\/2022\\\/11\\\/lifesystems-chlorine-dioxide-tablets.jpg\",\"width\":800,\"height\":800,\"caption\":\"\u0422\u0430\u0431\u043b\u0435\u0442\u043a\u0438 \u043e\u0431\u0435\u0437\u0437\u0430\u0440\u0430\u0436\u0438\u0432\u0430\u044e\u0449\u0438\u0435 \u0434\u043b\u044f \u0430\u043a\u0442\u0438\u0432\u043d\u043e\u0433\u043e \u043e\u0442\u0434\u044b\u0445\u0430, \u043f\u0443\u0442\u0435\u0448\u0435\u0441\u0442\u0432\u0438\u0439 \u0438 \u043f\u043e\u0445\u043e\u0434\u043e\u0432, \u0441\u0440\u0435\u0434\u0441\u0442\u0432\u0430 \u0434\u043b\u044f \u0442\u0443\u0440\u0438\u0437\u043c\u0430, \u044d\u043a\u0438\u043f\u0438\u0440\u043e\u0432\u043a\u0430 \u0434\u043b\u044f \u0445\u0430\u0439\u043a\u0438\u043d\u0433\u0430 \u0438 \u043c\u043e\u043d\u0442\u044d\u043d\u0438\u0440\u043e\u0432\u0430\u043d\u0438\u044f, \u0441\u043f\u043e\u0440\u0442\u0438\u0432\u043d\u0430\u044f \u043e\u0434\u0435\u0436\u0434\u0430 \u0438 \u043e\u0431\u0443\u0432\u044c \u0434\u043b\u044f \u0430\u043a\u0442\u0438\u0432\u043d\u043e\u0439 \u0436\u0438\u0437\u043d\u0438\"},{\"@type\":\"BreadcrumbList\",\"@id\":\"https:\\\/\\\/xstyle.md\\\/product\\\/tabletki-obezzarazhivayushhie-lifesystems-chlorine-dioxide-tablets\\\/#breadcrumb\",\"itemListElement\":[{\"@type\":\"ListItem\",\"position\":1,\"name\":\"\u0413\u043b\u0430\u0432\u043d\u0430\u044f \u0441\u0442\u0440\u0430\u043d\u0438\u0446\u0430\",\"item\":\"https:\\\/\\\/xstyle.md\\\/\"},{\"@type\":\"ListItem\",\"position\":2,\"name\":\"\u041c\u0430\u0433\u0430\u0437\u0438\u043d\",\"item\":\"https:\\\/\\\/xstyle.md\\\/shop\\\/\"},{\"@type\":\"ListItem\",\"position\":3,\"name\":\"\u0422\u0430\u0431\u043b\u0435\u0442\u043a\u0438 \u043e\u0431\u0435\u0437\u0437\u0430\u0440\u0430\u0436\u0438\u0432\u0430\u044e\u0449\u0438\u0435 Lifesystems Chlorine Dioxide Tablets\"}]},{\"@type\":\"WebSite\",\"@id\":\"https:\\\/\\\/xstyle.md\\\/#website\",\"url\":\"https:\\\/\\\/xstyle.md\\\/\",\"name\":\"\u041c\u0430\u0433\u0430\u0437\u0438\u043d Xstyle\",\"description\":\"C\u043d\u0430\u0440\u044f\u0436\u0435\u043d\u0438\u0435 \u0434\u043b\u044f \u0442\u0443\u0440\u0438\u0437\u043c\u0430 \u0438 \u044d\u043a\u0441\u0442\u0440\u0435\u043c\u0430\u043b\u044c\u043d\u044b\u0445 \u0432\u0438\u0434\u043e\u0432 \u0441\u043f\u043e\u0440\u0442\u0430 \u0432 \u041c\u043e\u043b\u0434\u043e\u0432\u0435.. \u0426\u0435\u043d\u044b, \u0444\u043e\u0442\u043e, \u0445\u0430\u0440\u0430\u043a\u0442\u0435\u0440\u0438\u0441\u0442\u0438\u043a\u0438 \u0432 \u041c\u043e\u043b\u0434\u043e\u0432\u0435.\",\"publisher\":{\"@id\":\"https:\\\/\\\/xstyle.md\\\/#organization\"},\"alternateName\":\"X-Style\",\"potentialAction\":[{\"@type\":\"SearchAction\",\"target\":{\"@type\":\"EntryPoint\",\"urlTemplate\":\"https:\\\/\\\/xstyle.md\\\/?s={search_term_string}\"},\"query-input\":{\"@type\":\"PropertyValueSpecification\",\"valueRequired\":true,\"valueName\":\"search_term_string\"}}],\"inLanguage\":\"ro-RO\"},{\"@type\":\"Organization\",\"@id\":\"https:\\\/\\\/xstyle.md\\\/#organization\",\"name\":\"\u041c\u0430\u0433\u0430\u0437\u0438\u043d Xstyle\",\"alternateName\":\"x-style\",\"url\":\"https:\\\/\\\/xstyle.md\\\/\",\"logo\":{\"@type\":\"ImageObject\",\"inLanguage\":\"ro-RO\",\"@id\":\"https:\\\/\\\/xstyle.md\\\/#\\\/schema\\\/logo\\\/image\\\/\",\"url\":\"https:\\\/\\\/xstyle.md\\\/wp-content\\\/uploads\\\/2020\\\/06\\\/logoicon.svg\",\"contentUrl\":\"https:\\\/\\\/xstyle.md\\\/wp-content\\\/uploads\\\/2020\\\/06\\\/logoicon.svg\",\"caption\":\"\u041c\u0430\u0433\u0430\u0437\u0438\u043d Xstyle\"},\"image\":{\"@id\":\"https:\\\/\\\/xstyle.md\\\/#\\\/schema\\\/logo\\\/image\\\/\"},\"sameAs\":[\"https:\\\/\\\/www.facebook.com\\\/xstylemd\",\"https:\\\/\\\/www.instagram.com\\\/xstyle_md\\\/\",\"https:\\\/\\\/t.me\\\/xstyle_outdoor\"],\"hasMerchantReturnPolicy\":{\"@type\":\"MerchantReturnPolicy\",\"merchantReturnLink\":\"https:\\\/\\\/xstyle.md\\\/ro\\\/conditions\\\/\"}}]}<\/script>\n<meta property=\"product:price:amount\" content=\"290.00\" \/>\n<meta property=\"product:price:currency\" content=\"MDL\" \/>\n<meta property=\"og:availability\" content=\"instock\" \/>\n<meta property=\"product:availability\" content=\"instock\" \/>\n<meta property=\"product:retailer_item_id\" content=\"5031863440202\" \/>\n<meta property=\"product:condition\" content=\"new\" \/>\n<!-- \/ Yoast SEO plugin. -->","yoast_head_json":{"title":"Tablete decontaminare Lifesystems Chlorine Dioxide Tablets - Magazin Xstyle","description":"Tabletele Lifesystems pentru dezinfectarea apei \u2013 o protec\u021bie fiabil\u0103 \u00eempotriva Giardia \u0219i Cryptosporidium. Ideale pentru camping \u0219i c\u0103l\u0103torii. Dezinfectare rapid\u0103.","robots":{"index":"index","follow":"follow","max-snippet":"max-snippet:-1","max-image-preview":"max-image-preview:large","max-video-preview":"max-video-preview:-1"},"canonical":"https:\/\/xstyle.md\/ro\/produs\/tabletki-obezzarazhivayushhie-lifesystems-chlorine-dioxide-tablets\/","og_locale":"ro_RO","og_type":"article","og_title":"\u0422\u0430\u0431\u043b\u0435\u0442\u043a\u0438 \u043e\u0431\u0435\u0437\u0437\u0430\u0440\u0430\u0436\u0438\u0432\u0430\u044e\u0449\u0438\u0435 Lifesystems Chlorine Dioxide Tablets - \u041c\u0430\u0433\u0430\u0437\u0438\u043d Xstyle","og_description":"\u0422\u0430\u0431\u043b\u0435\u0442\u043a\u0438 Lifesystems \u0434\u043b\u044f \u043e\u0431\u0435\u0437\u0437\u0430\u0440\u0430\u0436\u0438\u0432\u0430\u043d\u0438\u044f \u0432\u043e\u0434\u044b \u2013 \u043d\u0430\u0434\u0435\u0436\u043d\u0430\u044f \u0437\u0430\u0449\u0438\u0442\u0430 \u043e\u0442 Giardia \u0438 Cryptosporidium. \u0418\u0434\u0435\u0430\u043b\u044c\u043d\u044b \u0434\u043b\u044f \u043a\u0435\u043c\u043f\u0438\u043d\u0433\u0430 \u0438 \u043f\u0443\u0442\u0435\u0448\u0435\u0441\u0442\u0432\u0438\u0439. \u0411\u044b\u0441\u0442\u0440\u0430\u044f \u0434\u0435\u0437\u0438\u043d\u0444\u0435\u043a\u0446\u0438\u044f.","og_url":"https:\/\/xstyle.md\/ro\/produs\/tabletki-obezzarazhivayushhie-lifesystems-chlorine-dioxide-tablets\/","og_site_name":"\u041c\u0430\u0433\u0430\u0437\u0438\u043d Xstyle","article_publisher":"https:\/\/www.facebook.com\/xstylemd","article_modified_time":"2025-10-02T16:02:40+00:00","og_image":[{"width":800,"height":800,"url":"https:\/\/xstyle.md\/wp-content\/uploads\/2022\/11\/lifesystems-chlorine-dioxide-tablets.jpg","type":"image\/jpeg"}],"twitter_card":"summary_large_image","twitter_misc":{"Pre\u021b":"290&nbsp;MDL","Disponibilitate":"\u00cen stoc"},"schema":{"@context":"https:\/\/schema.org","@graph":[{"@type":"WebPage","@id":"https:\/\/xstyle.md\/product\/tabletki-obezzarazhivayushhie-lifesystems-chlorine-dioxide-tablets\/","url":"https:\/\/xstyle.md\/product\/tabletki-obezzarazhivayushhie-lifesystems-chlorine-dioxide-tablets\/","name":"Tablete decontaminare Lifesystems Chlorine Dioxide Tablets - Magazin Xstyle","isPartOf":{"@id":"https:\/\/xstyle.md\/#website"},"primaryImageOfPage":{"@id":"https:\/\/xstyle.md\/product\/tabletki-obezzarazhivayushhie-lifesystems-chlorine-dioxide-tablets\/#primaryimage"},"image":{"@id":"https:\/\/xstyle.md\/product\/tabletki-obezzarazhivayushhie-lifesystems-chlorine-dioxide-tablets\/#primaryimage"},"thumbnailUrl":"https:\/\/xstyle.md\/wp-content\/uploads\/2022\/11\/lifesystems-chlorine-dioxide-tablets.jpg","datePublished":"2022-11-15T17:29:33+00:00","dateModified":"2025-10-02T16:02:40+00:00","description":"Tabletele Lifesystems pentru dezinfectarea apei \u2013 o protec\u021bie fiabil\u0103 \u00eempotriva Giardia \u0219i Cryptosporidium. Ideale pentru camping \u0219i c\u0103l\u0103torii. Dezinfectare rapid\u0103.","breadcrumb":{"@id":"https:\/\/xstyle.md\/product\/tabletki-obezzarazhivayushhie-lifesystems-chlorine-dioxide-tablets\/#breadcrumb"},"inLanguage":"ro-RO","potentialAction":[{"@type":"ReadAction","target":["https:\/\/xstyle.md\/product\/tabletki-obezzarazhivayushhie-lifesystems-chlorine-dioxide-tablets\/"]}]},{"@type":"ImageObject","inLanguage":"ro-RO","@id":"https:\/\/xstyle.md\/product\/tabletki-obezzarazhivayushhie-lifesystems-chlorine-dioxide-tablets\/#primaryimage","url":"https:\/\/xstyle.md\/wp-content\/uploads\/2022\/11\/lifesystems-chlorine-dioxide-tablets.jpg","contentUrl":"https:\/\/xstyle.md\/wp-content\/uploads\/2022\/11\/lifesystems-chlorine-dioxide-tablets.jpg","width":800,"height":800,"caption":"\u0422\u0430\u0431\u043b\u0435\u0442\u043a\u0438 \u043e\u0431\u0435\u0437\u0437\u0430\u0440\u0430\u0436\u0438\u0432\u0430\u044e\u0449\u0438\u0435 \u0434\u043b\u044f \u0430\u043a\u0442\u0438\u0432\u043d\u043e\u0433\u043e \u043e\u0442\u0434\u044b\u0445\u0430, \u043f\u0443\u0442\u0435\u0448\u0435\u0441\u0442\u0432\u0438\u0439 \u0438 \u043f\u043e\u0445\u043e\u0434\u043e\u0432, \u0441\u0440\u0435\u0434\u0441\u0442\u0432\u0430 \u0434\u043b\u044f \u0442\u0443\u0440\u0438\u0437\u043c\u0430, \u044d\u043a\u0438\u043f\u0438\u0440\u043e\u0432\u043a\u0430 \u0434\u043b\u044f \u0445\u0430\u0439\u043a\u0438\u043d\u0433\u0430 \u0438 \u043c\u043e\u043d\u0442\u044d\u043d\u0438\u0440\u043e\u0432\u0430\u043d\u0438\u044f, \u0441\u043f\u043e\u0440\u0442\u0438\u0432\u043d\u0430\u044f \u043e\u0434\u0435\u0436\u0434\u0430 \u0438 \u043e\u0431\u0443\u0432\u044c \u0434\u043b\u044f \u0430\u043a\u0442\u0438\u0432\u043d\u043e\u0439 \u0436\u0438\u0437\u043d\u0438"},{"@type":"BreadcrumbList","@id":"https:\/\/xstyle.md\/product\/tabletki-obezzarazhivayushhie-lifesystems-chlorine-dioxide-tablets\/#breadcrumb","itemListElement":[{"@type":"ListItem","position":1,"name":"\u0413\u043b\u0430\u0432\u043d\u0430\u044f \u0441\u0442\u0440\u0430\u043d\u0438\u0446\u0430","item":"https:\/\/xstyle.md\/"},{"@type":"ListItem","position":2,"name":"\u041c\u0430\u0433\u0430\u0437\u0438\u043d","item":"https:\/\/xstyle.md\/shop\/"},{"@type":"ListItem","position":3,"name":"\u0422\u0430\u0431\u043b\u0435\u0442\u043a\u0438 \u043e\u0431\u0435\u0437\u0437\u0430\u0440\u0430\u0436\u0438\u0432\u0430\u044e\u0449\u0438\u0435 Lifesystems Chlorine Dioxide Tablets"}]},{"@type":"WebSite","@id":"https:\/\/xstyle.md\/#website","url":"https:\/\/xstyle.md\/","name":"Magazinul X-Style","description":"Echipamente pentru turism \u0219i sporturi extreme \u00een Moldova. Pre\u021buri, fotografii, caracteristici \u00een Moldova.","publisher":{"@id":"https:\/\/xstyle.md\/#organization"},"alternateName":"X-Style","potentialAction":[{"@type":"SearchAction","target":{"@type":"EntryPoint","urlTemplate":"https:\/\/xstyle.md\/?s={search_term_string}"},"query-input":{"@type":"PropertyValueSpecification","valueRequired":true,"valueName":"search_term_string"}}],"inLanguage":"ro-RO"},{"@type":"Organization","@id":"https:\/\/xstyle.md\/#organization","name":"Magazinul X-Style","alternateName":"x-style","url":"https:\/\/xstyle.md\/","logo":{"@type":"ImageObject","inLanguage":"ro-RO","@id":"https:\/\/xstyle.md\/#\/schema\/logo\/image\/","url":"https:\/\/xstyle.md\/wp-content\/uploads\/2020\/06\/logoicon.svg","contentUrl":"https:\/\/xstyle.md\/wp-content\/uploads\/2020\/06\/logoicon.svg","caption":"\u041c\u0430\u0433\u0430\u0437\u0438\u043d Xstyle"},"image":{"@id":"https:\/\/xstyle.md\/#\/schema\/logo\/image\/"},"sameAs":["https:\/\/www.facebook.com\/xstylemd","https:\/\/www.instagram.com\/xstyle_md\/","https:\/\/t.me\/xstyle_outdoor"],"hasMerchantReturnPolicy":{"@type":"MerchantReturnPolicy","merchantReturnLink":"https:\/\/xstyle.md\/ro\/conditions\/"}}]},"product_price_amount":"290.00","product_price_currency":"MDL","og_availability":"instock","product_availability":"instock","product_retailer_item_id":"5031863440202","product_condition":"new"},"_links":{"self":[{"href":"https:\/\/xstyle.md\/ro\/wp-json\/wp\/v2\/product\/58992","targetHints":{"allow":["GET"]}}],"collection":[{"href":"https:\/\/xstyle.md\/ro\/wp-json\/wp\/v2\/product"}],"about":[{"href":"https:\/\/xstyle.md\/ro\/wp-json\/wp\/v2\/types\/product"}],"replies":[{"embeddable":true,"href":"https:\/\/xstyle.md\/ro\/wp-json\/wp\/v2\/comments?post=58992"}],"wp:featuredmedia":[{"embeddable":true,"href":"https:\/\/xstyle.md\/ro\/wp-json\/wp\/v2\/media\/60949"}],"wp:attachment":[{"href":"https:\/\/xstyle.md\/ro\/wp-json\/wp\/v2\/media?parent=58992"}],"wp:term":[{"taxonomy":"product_brand","embeddable":true,"href":"https:\/\/xstyle.md\/ro\/wp-json\/wp\/v2\/product_brand?post=58992"},{"taxonomy":"product_cat","embeddable":true,"href":"https:\/\/xstyle.md\/ro\/wp-json\/wp\/v2\/product_cat?post=58992"},{"taxonomy":"product_tag","embeddable":true,"href":"https:\/\/xstyle.md\/ro\/wp-json\/wp\/v2\/product_tag?post=58992"}],"curies":[{"name":"wp","href":"https:\/\/api.w.org\/{rel}","templated":true}]}}