{"id":58982,"date":"2022-11-15T20:29:32","date_gmt":"2022-11-15T17:29:32","guid":{"rendered":"https:\/\/xstyle.md\/?post_type=product&#038;p=58982"},"modified":"2025-10-24T12:45:24","modified_gmt":"2025-10-24T09:45:24","slug":"gazovaya-gorelka-kovea-vulcan-tkb-8901","status":"publish","type":"product","link":"https:\/\/xstyle.md\/ro\/produs\/gazovaya-gorelka-kovea-vulcan-tkb-8901\/","title":{"rendered":"Arzator gaz Kovea Vulcan TKB-8901"},"content":{"rendered":"<\/p>\n<p><strong>Kovea Vulcan TKB-8901<\/strong> &#8212; arz\u0103tor portabil popular de gaz de camping cu aprindere piezo. Datorit\u0103 dimensiunii mai mari a capului, flac\u0103ra arz\u0103torului este dispersat\u0103, reduc\u00e2nd astfel \u0219ansele de ardere a alimentelor.<\/p>\n<p>Picioarele pliabile ale arz\u0103torului permit utilizarea de vase de dimensiuni mari \u0219i g\u0103titul pentru mai multe persoane. Ecranul reflector de c\u0103ldur\u0103 de form\u0103 p\u0103trat\u0103 economise\u0219te combustibilul \u0219i reflect\u0103 eficient c\u0103ldura arz\u0103torului cu gaz c\u0103tre partea inferioar\u0103 a vaselor de g\u0103tit, cresc\u00e2nd astfel eficien\u021ba.<\/p>\n<p>Arz\u0103torul func\u021bioneaz\u0103 cu o butelie de gaz filetat\u0103, dar poate fi conectat \u0219i la o butelie de gaz cu filet cu ajutorul adaptorului de furtun Cobra.<\/p>\n<h3>Caracteristici<\/h3>\n<ul>\n<li>Combustibil: gaz<\/li>\n<li>Consum de combustibil: 160 g\/h<\/li>\n<li>Diametru: 19 cm<\/li>\n<li>Putere: 1,53 kW<\/li>\n<li>Pre\u00eenc\u0103lzire cu gaz: nu<\/li>\n<li>Aprindere piezoelectric\u0103: da<\/li>\n<li>Greutate: 338 g.<\/li>\n<\/ul>\n<p><\/p>","protected":false},"excerpt":{"rendered":"","protected":false},"featured_media":60684,"comment_status":"open","ping_status":"closed","template":"","meta":{"_acf_changed":false,"inline_featured_image":false},"product_brand":[1273],"product_cat":[83],"product_tag":[],"class_list":{"0":"post-58982","1":"product","2":"type-product","3":"status-publish","4":"has-post-thumbnail","6":"product_brand-kovea","7":"product_cat-arzatoare-fara-furtun","9":"first","10":"instock","11":"shipping-taxable","12":"purchasable","13":"product-type-simple"},"acf":[],"yoast_head":"<!-- This site is optimized with the Yoast SEO plugin v27.2 - https:\/\/yoast.com\/product\/yoast-seo-wordpress\/ -->\n<title>\u0413\u0430\u0437\u043e\u0432\u0430\u044f \u0433\u043e\u0440\u0435\u043b\u043a\u0430 Kovea Vulcan TKB-8901 - \u041c\u0430\u0433\u0430\u0437\u0438\u043d Xstyle<\/title>\n<meta name=\"description\" content=\"\u0413\u0430\u0437\u043e\u0432\u0430\u044f \u0433\u043e\u0440\u0435\u043b\u043a\u0430 Kovea Vulcan TKB-8901 \u2014 \u0438\u0434\u0435\u0430\u043b\u044c\u043d\u044b\u0439 \u0432\u044b\u0431\u043e\u0440 \u0434\u043b\u044f \u043a\u0435\u043c\u043f\u0438\u043d\u0433\u0430. \u0411\u043e\u043b\u044c\u0448\u0430\u044f \u043f\u043b\u043e\u0449\u0430\u0434\u044c \u0433\u043e\u0440\u0435\u043d\u0438\u044f, \u043f\u044c\u0435\u0437\u043e\u044d\u043b\u0435\u043a\u0442\u0440\u0438\u0447\u0435\u0441\u043a\u0430\u044f \u0441\u0438\u0441\u0442\u0435\u043c\u0430, \u0434\u043b\u044f \u0431\u043e\u043b\u044c\u0448\u0438\u0445 \u043a\u0430\u0441\u0442\u0440\u044e\u043b\u044c \u0438 \u0434\u0440\u0443\u0436\u0435\u0441\u043a\u0438\u0445 \u043f\u043e\u0441\u0438\u0434\u0435\u043b\u043e\u043a!\" \/>\n<meta name=\"robots\" content=\"index, follow, max-snippet:-1, max-image-preview:large, max-video-preview:-1\" \/>\n<link rel=\"canonical\" href=\"https:\/\/xstyle.md\/ro\/produs\/gazovaya-gorelka-kovea-vulcan-tkb-8901\/\" \/>\n<meta property=\"og:locale\" content=\"ro_RO\" \/>\n<meta property=\"og:type\" content=\"article\" \/>\n<meta property=\"og:title\" content=\"\u0413\u0430\u0437\u043e\u0432\u0430\u044f \u0433\u043e\u0440\u0435\u043b\u043a\u0430 Kovea Vulcan TKB-8901 - \u041c\u0430\u0433\u0430\u0437\u0438\u043d Xstyle\" \/>\n<meta property=\"og:description\" content=\"\u0413\u0430\u0437\u043e\u0432\u0430\u044f \u0433\u043e\u0440\u0435\u043b\u043a\u0430 Kovea Vulcan TKB-8901 \u2014 \u0438\u0434\u0435\u0430\u043b\u044c\u043d\u044b\u0439 \u0432\u044b\u0431\u043e\u0440 \u0434\u043b\u044f \u043a\u0435\u043c\u043f\u0438\u043d\u0433\u0430. \u0411\u043e\u043b\u044c\u0448\u0430\u044f \u043f\u043b\u043e\u0449\u0430\u0434\u044c \u0433\u043e\u0440\u0435\u043d\u0438\u044f, \u043f\u044c\u0435\u0437\u043e\u044d\u043b\u0435\u043a\u0442\u0440\u0438\u0447\u0435\u0441\u043a\u0430\u044f \u0441\u0438\u0441\u0442\u0435\u043c\u0430, \u0434\u043b\u044f \u0431\u043e\u043b\u044c\u0448\u0438\u0445 \u043a\u0430\u0441\u0442\u0440\u044e\u043b\u044c \u0438 \u0434\u0440\u0443\u0436\u0435\u0441\u043a\u0438\u0445 \u043f\u043e\u0441\u0438\u0434\u0435\u043b\u043e\u043a!\" \/>\n<meta property=\"og:url\" content=\"https:\/\/xstyle.md\/ro\/produs\/gazovaya-gorelka-kovea-vulcan-tkb-8901\/\" \/>\n<meta property=\"og:site_name\" content=\"\u041c\u0430\u0433\u0430\u0437\u0438\u043d Xstyle\" \/>\n<meta property=\"article:publisher\" content=\"https:\/\/www.facebook.com\/xstylemd\" \/>\n<meta property=\"article:modified_time\" content=\"2025-10-24T09:45:24+00:00\" \/>\n<meta property=\"og:image\" content=\"https:\/\/xstyle.md\/wp-content\/uploads\/2022\/11\/kovea-vulcan-tkb-8901.jpg\" \/>\n\t<meta property=\"og:image:width\" content=\"1000\" \/>\n\t<meta property=\"og:image:height\" content=\"1000\" \/>\n\t<meta property=\"og:image:type\" content=\"image\/jpeg\" \/>\n<meta name=\"twitter:card\" content=\"summary_large_image\" \/>\n<meta name=\"twitter:label1\" content=\"Pre\u021b\" \/>\n\t<meta name=\"twitter:data1\" content=\"850&nbsp;MDL\" \/>\n\t<meta name=\"twitter:label2\" content=\"Disponibilitate\" \/>\n\t<meta name=\"twitter:data2\" content=\"\u00cen stoc\" \/>\n<script type=\"application\/ld+json\" class=\"yoast-schema-graph\">{\"@context\":\"https:\/\/schema.org\",\"@graph\":[{\"@type\":\"WebPage\",\"@id\":\"https:\/\/xstyle.md\/product\/gazovaya-gorelka-kovea-vulcan-tkb-8901\/\",\"url\":\"https:\/\/xstyle.md\/product\/gazovaya-gorelka-kovea-vulcan-tkb-8901\/\",\"name\":\"\u0413\u0430\u0437\u043e\u0432\u0430\u044f \u0433\u043e\u0440\u0435\u043b\u043a\u0430 Kovea Vulcan TKB-8901 - \u041c\u0430\u0433\u0430\u0437\u0438\u043d Xstyle\",\"isPartOf\":{\"@id\":\"https:\/\/xstyle.md\/#website\"},\"primaryImageOfPage\":{\"@id\":\"https:\/\/xstyle.md\/product\/gazovaya-gorelka-kovea-vulcan-tkb-8901\/#primaryimage\"},\"image\":{\"@id\":\"https:\/\/xstyle.md\/product\/gazovaya-gorelka-kovea-vulcan-tkb-8901\/#primaryimage\"},\"thumbnailUrl\":\"https:\/\/xstyle.md\/wp-content\/uploads\/2022\/11\/kovea-vulcan-tkb-8901.jpg\",\"datePublished\":\"2022-11-15T17:29:32+00:00\",\"dateModified\":\"2025-10-24T09:45:24+00:00\",\"description\":\"\u0413\u0430\u0437\u043e\u0432\u0430\u044f \u0433\u043e\u0440\u0435\u043b\u043a\u0430 Kovea Vulcan TKB-8901 \u2014 \u0438\u0434\u0435\u0430\u043b\u044c\u043d\u044b\u0439 \u0432\u044b\u0431\u043e\u0440 \u0434\u043b\u044f \u043a\u0435\u043c\u043f\u0438\u043d\u0433\u0430. \u0411\u043e\u043b\u044c\u0448\u0430\u044f \u043f\u043b\u043e\u0449\u0430\u0434\u044c \u0433\u043e\u0440\u0435\u043d\u0438\u044f, \u043f\u044c\u0435\u0437\u043e\u044d\u043b\u0435\u043a\u0442\u0440\u0438\u0447\u0435\u0441\u043a\u0430\u044f \u0441\u0438\u0441\u0442\u0435\u043c\u0430, \u0434\u043b\u044f \u0431\u043e\u043b\u044c\u0448\u0438\u0445 \u043a\u0430\u0441\u0442\u0440\u044e\u043b\u044c \u0438 \u0434\u0440\u0443\u0436\u0435\u0441\u043a\u0438\u0445 \u043f\u043e\u0441\u0438\u0434\u0435\u043b\u043e\u043a!\",\"breadcrumb\":{\"@id\":\"https:\/\/xstyle.md\/product\/gazovaya-gorelka-kovea-vulcan-tkb-8901\/#breadcrumb\"},\"inLanguage\":\"ro-RO\",\"potentialAction\":[{\"@type\":\"ReadAction\",\"target\":[\"https:\/\/xstyle.md\/product\/gazovaya-gorelka-kovea-vulcan-tkb-8901\/\"]}]},{\"@type\":\"ImageObject\",\"inLanguage\":\"ro-RO\",\"@id\":\"https:\/\/xstyle.md\/product\/gazovaya-gorelka-kovea-vulcan-tkb-8901\/#primaryimage\",\"url\":\"https:\/\/xstyle.md\/wp-content\/uploads\/2022\/11\/kovea-vulcan-tkb-8901.jpg\",\"contentUrl\":\"https:\/\/xstyle.md\/wp-content\/uploads\/2022\/11\/kovea-vulcan-tkb-8901.jpg\",\"width\":1000,\"height\":1000,\"caption\":\"\u041f\u043e\u0440\u0442\u0430\u0442\u0438\u0432\u043d\u0430\u044f \u0433\u0430\u0437\u043e\u0432\u0430\u044f \u0433\u043e\u0440\u0435\u043b\u043a\u0430 Kovea Vulcan TKB-8901 \u0434\u043b\u044f \u0430\u043a\u0442\u0438\u0432\u043d\u043e\u0433\u043e \u043e\u0442\u0434\u044b\u0445\u0430, \u043f\u043e\u0445\u043e\u0434\u043e\u0432 \u0438 \u0442\u0443\u0440\u0438\u0437\u043c\u0430, \u044d\u043a\u0438\u043f\u0438\u0440\u043e\u0432\u043a\u0430 \u0434\u043b\u044f \u043f\u0443\u0442\u0435\u0448\u0435\u0441\u0442\u0432\u0438\u0439, \u043e\u0431\u0443\u0432\u044c \u0438 \u043e\u0434\u0435\u0436\u0434\u0430 \u0434\u043b\u044f \u0430\u043a\u0442\u0438\u0432\u043d\u043e\u0433\u043e \u043e\u0431\u0440\u0430\u0437\u0430 \u0436\u0438\u0437\u043d\u0438\"},{\"@type\":\"BreadcrumbList\",\"@id\":\"https:\/\/xstyle.md\/product\/gazovaya-gorelka-kovea-vulcan-tkb-8901\/#breadcrumb\",\"itemListElement\":[{\"@type\":\"ListItem\",\"position\":1,\"name\":\"\u0413\u043b\u0430\u0432\u043d\u0430\u044f \u0441\u0442\u0440\u0430\u043d\u0438\u0446\u0430\",\"item\":\"https:\/\/xstyle.md\/\"},{\"@type\":\"ListItem\",\"position\":2,\"name\":\"\u041c\u0430\u0433\u0430\u0437\u0438\u043d\",\"item\":\"https:\/\/xstyle.md\/shop\/\"},{\"@type\":\"ListItem\",\"position\":3,\"name\":\"\u0413\u0430\u0437\u043e\u0432\u0430\u044f \u0433\u043e\u0440\u0435\u043b\u043a\u0430 Kovea Vulcan TKB-8901\"}]},{\"@type\":\"WebSite\",\"@id\":\"https:\/\/xstyle.md\/#website\",\"url\":\"https:\/\/xstyle.md\/\",\"name\":\"\u041c\u0430\u0433\u0430\u0437\u0438\u043d Xstyle\",\"description\":\"C\u043d\u0430\u0440\u044f\u0436\u0435\u043d\u0438\u0435 \u0434\u043b\u044f \u0442\u0443\u0440\u0438\u0437\u043c\u0430 \u0438 \u044d\u043a\u0441\u0442\u0440\u0435\u043c\u0430\u043b\u044c\u043d\u044b\u0445 \u0432\u0438\u0434\u043e\u0432 \u0441\u043f\u043e\u0440\u0442\u0430 \u0432 \u041c\u043e\u043b\u0434\u043e\u0432\u0435.. \u0426\u0435\u043d\u044b, \u0444\u043e\u0442\u043e, \u0445\u0430\u0440\u0430\u043a\u0442\u0435\u0440\u0438\u0441\u0442\u0438\u043a\u0438 \u0432 \u041c\u043e\u043b\u0434\u043e\u0432\u0435.\",\"publisher\":{\"@id\":\"https:\/\/xstyle.md\/#organization\"},\"alternateName\":\"X-Style\",\"potentialAction\":[{\"@type\":\"SearchAction\",\"target\":{\"@type\":\"EntryPoint\",\"urlTemplate\":\"https:\/\/xstyle.md\/?s={search_term_string}\"},\"query-input\":{\"@type\":\"PropertyValueSpecification\",\"valueRequired\":true,\"valueName\":\"search_term_string\"}}],\"inLanguage\":\"ro-RO\"},{\"@type\":\"Organization\",\"@id\":\"https:\/\/xstyle.md\/#organization\",\"name\":\"\u041c\u0430\u0433\u0430\u0437\u0438\u043d Xstyle\",\"alternateName\":\"x-style\",\"url\":\"https:\/\/xstyle.md\/\",\"logo\":{\"@type\":\"ImageObject\",\"inLanguage\":\"ro-RO\",\"@id\":\"https:\/\/xstyle.md\/#\/schema\/logo\/image\/\",\"url\":\"https:\/\/xstyle.md\/wp-content\/uploads\/2020\/06\/logoicon.svg\",\"contentUrl\":\"https:\/\/xstyle.md\/wp-content\/uploads\/2020\/06\/logoicon.svg\",\"caption\":\"\u041c\u0430\u0433\u0430\u0437\u0438\u043d Xstyle\"},\"image\":{\"@id\":\"https:\/\/xstyle.md\/#\/schema\/logo\/image\/\"},\"sameAs\":[\"https:\/\/www.facebook.com\/xstylemd\",\"https:\/\/www.instagram.com\/xstyle_md\/\",\"https:\/\/t.me\/xstyle_outdoor\"],\"hasMerchantReturnPolicy\":{\"@type\":\"MerchantReturnPolicy\",\"merchantReturnLink\":\"https:\/\/xstyle.md\/ro\/conditions\/\"}}]}<\/script>\n<meta property=\"product:price:amount\" content=\"850.00\" \/>\n<meta property=\"product:price:currency\" content=\"MDL\" \/>\n<meta property=\"og:availability\" content=\"instock\" \/>\n<meta property=\"product:availability\" content=\"instock\" \/>\n<meta property=\"product:retailer_item_id\" content=\"8809000501195\" \/>\n<meta property=\"product:condition\" content=\"new\" \/>\n<!-- \/ Yoast SEO plugin. -->","yoast_head_json":{"title":"Arzator gaz Kovea Vulcan TKB-8901 - Magazin Xstyle","description":"Aragazul pe gaz Kovea Vulcan TKB-8901 este alegerea ideal\u0103 pentru camping. Suprafe\u021be mari de ardere, sistem piezoelectric, potrivit pentru oale mari \u0219i \u00eent\u00e2lniri cu prietenii!","robots":{"index":"index","follow":"follow","max-snippet":"max-snippet:-1","max-image-preview":"max-image-preview:large","max-video-preview":"max-video-preview:-1"},"canonical":"https:\/\/xstyle.md\/ro\/produs\/gazovaya-gorelka-kovea-vulcan-tkb-8901\/","og_locale":"ro_RO","og_type":"article","og_title":"\u0413\u0430\u0437\u043e\u0432\u0430\u044f \u0433\u043e\u0440\u0435\u043b\u043a\u0430 Kovea Vulcan TKB-8901 - \u041c\u0430\u0433\u0430\u0437\u0438\u043d Xstyle","og_description":"\u0413\u0430\u0437\u043e\u0432\u0430\u044f \u0433\u043e\u0440\u0435\u043b\u043a\u0430 Kovea Vulcan TKB-8901 \u2014 \u0438\u0434\u0435\u0430\u043b\u044c\u043d\u044b\u0439 \u0432\u044b\u0431\u043e\u0440 \u0434\u043b\u044f \u043a\u0435\u043c\u043f\u0438\u043d\u0433\u0430. \u0411\u043e\u043b\u044c\u0448\u0430\u044f \u043f\u043b\u043e\u0449\u0430\u0434\u044c \u0433\u043e\u0440\u0435\u043d\u0438\u044f, \u043f\u044c\u0435\u0437\u043e\u044d\u043b\u0435\u043a\u0442\u0440\u0438\u0447\u0435\u0441\u043a\u0430\u044f \u0441\u0438\u0441\u0442\u0435\u043c\u0430, \u0434\u043b\u044f \u0431\u043e\u043b\u044c\u0448\u0438\u0445 \u043a\u0430\u0441\u0442\u0440\u044e\u043b\u044c \u0438 \u0434\u0440\u0443\u0436\u0435\u0441\u043a\u0438\u0445 \u043f\u043e\u0441\u0438\u0434\u0435\u043b\u043e\u043a!","og_url":"https:\/\/xstyle.md\/ro\/produs\/gazovaya-gorelka-kovea-vulcan-tkb-8901\/","og_site_name":"\u041c\u0430\u0433\u0430\u0437\u0438\u043d Xstyle","article_publisher":"https:\/\/www.facebook.com\/xstylemd","article_modified_time":"2025-10-24T09:45:24+00:00","og_image":[{"width":1000,"height":1000,"url":"https:\/\/xstyle.md\/wp-content\/uploads\/2022\/11\/kovea-vulcan-tkb-8901.jpg","type":"image\/jpeg"}],"twitter_card":"summary_large_image","twitter_misc":{"Pre\u021b":"850&nbsp;MDL","Disponibilitate":"\u00cen stoc"},"schema":{"@context":"https:\/\/schema.org","@graph":[{"@type":"WebPage","@id":"https:\/\/xstyle.md\/product\/gazovaya-gorelka-kovea-vulcan-tkb-8901\/","url":"https:\/\/xstyle.md\/product\/gazovaya-gorelka-kovea-vulcan-tkb-8901\/","name":"Arzator gaz Kovea Vulcan TKB-8901 - Magazin Xstyle","isPartOf":{"@id":"https:\/\/xstyle.md\/#website"},"primaryImageOfPage":{"@id":"https:\/\/xstyle.md\/product\/gazovaya-gorelka-kovea-vulcan-tkb-8901\/#primaryimage"},"image":{"@id":"https:\/\/xstyle.md\/product\/gazovaya-gorelka-kovea-vulcan-tkb-8901\/#primaryimage"},"thumbnailUrl":"https:\/\/xstyle.md\/wp-content\/uploads\/2022\/11\/kovea-vulcan-tkb-8901.jpg","datePublished":"2022-11-15T17:29:32+00:00","dateModified":"2025-10-24T09:45:24+00:00","description":"Aragazul pe gaz Kovea Vulcan TKB-8901 este alegerea ideal\u0103 pentru camping. Suprafe\u021be mari de ardere, sistem piezoelectric, potrivit pentru oale mari \u0219i \u00eent\u00e2lniri cu prietenii!","breadcrumb":{"@id":"https:\/\/xstyle.md\/product\/gazovaya-gorelka-kovea-vulcan-tkb-8901\/#breadcrumb"},"inLanguage":"ro-RO","potentialAction":[{"@type":"ReadAction","target":["https:\/\/xstyle.md\/product\/gazovaya-gorelka-kovea-vulcan-tkb-8901\/"]}]},{"@type":"ImageObject","inLanguage":"ro-RO","@id":"https:\/\/xstyle.md\/product\/gazovaya-gorelka-kovea-vulcan-tkb-8901\/#primaryimage","url":"https:\/\/xstyle.md\/wp-content\/uploads\/2022\/11\/kovea-vulcan-tkb-8901.jpg","contentUrl":"https:\/\/xstyle.md\/wp-content\/uploads\/2022\/11\/kovea-vulcan-tkb-8901.jpg","width":1000,"height":1000,"caption":"\u041f\u043e\u0440\u0442\u0430\u0442\u0438\u0432\u043d\u0430\u044f \u0433\u0430\u0437\u043e\u0432\u0430\u044f \u0433\u043e\u0440\u0435\u043b\u043a\u0430 Kovea Vulcan TKB-8901 \u0434\u043b\u044f \u0430\u043a\u0442\u0438\u0432\u043d\u043e\u0433\u043e \u043e\u0442\u0434\u044b\u0445\u0430, \u043f\u043e\u0445\u043e\u0434\u043e\u0432 \u0438 \u0442\u0443\u0440\u0438\u0437\u043c\u0430, \u044d\u043a\u0438\u043f\u0438\u0440\u043e\u0432\u043a\u0430 \u0434\u043b\u044f \u043f\u0443\u0442\u0435\u0448\u0435\u0441\u0442\u0432\u0438\u0439, \u043e\u0431\u0443\u0432\u044c \u0438 \u043e\u0434\u0435\u0436\u0434\u0430 \u0434\u043b\u044f \u0430\u043a\u0442\u0438\u0432\u043d\u043e\u0433\u043e \u043e\u0431\u0440\u0430\u0437\u0430 \u0436\u0438\u0437\u043d\u0438"},{"@type":"BreadcrumbList","@id":"https:\/\/xstyle.md\/product\/gazovaya-gorelka-kovea-vulcan-tkb-8901\/#breadcrumb","itemListElement":[{"@type":"ListItem","position":1,"name":"\u0413\u043b\u0430\u0432\u043d\u0430\u044f \u0441\u0442\u0440\u0430\u043d\u0438\u0446\u0430","item":"https:\/\/xstyle.md\/"},{"@type":"ListItem","position":2,"name":"\u041c\u0430\u0433\u0430\u0437\u0438\u043d","item":"https:\/\/xstyle.md\/shop\/"},{"@type":"ListItem","position":3,"name":"\u0413\u0430\u0437\u043e\u0432\u0430\u044f \u0433\u043e\u0440\u0435\u043b\u043a\u0430 Kovea Vulcan TKB-8901"}]},{"@type":"WebSite","@id":"https:\/\/xstyle.md\/#website","url":"https:\/\/xstyle.md\/","name":"Magazinul X-Style","description":"Echipamente pentru turism \u0219i sporturi extreme \u00een Moldova. Pre\u021buri, fotografii, caracteristici \u00een Moldova.","publisher":{"@id":"https:\/\/xstyle.md\/#organization"},"alternateName":"X-Style","potentialAction":[{"@type":"SearchAction","target":{"@type":"EntryPoint","urlTemplate":"https:\/\/xstyle.md\/?s={search_term_string}"},"query-input":{"@type":"PropertyValueSpecification","valueRequired":true,"valueName":"search_term_string"}}],"inLanguage":"ro-RO"},{"@type":"Organization","@id":"https:\/\/xstyle.md\/#organization","name":"Magazinul X-Style","alternateName":"x-style","url":"https:\/\/xstyle.md\/","logo":{"@type":"ImageObject","inLanguage":"ro-RO","@id":"https:\/\/xstyle.md\/#\/schema\/logo\/image\/","url":"https:\/\/xstyle.md\/wp-content\/uploads\/2020\/06\/logoicon.svg","contentUrl":"https:\/\/xstyle.md\/wp-content\/uploads\/2020\/06\/logoicon.svg","caption":"\u041c\u0430\u0433\u0430\u0437\u0438\u043d Xstyle"},"image":{"@id":"https:\/\/xstyle.md\/#\/schema\/logo\/image\/"},"sameAs":["https:\/\/www.facebook.com\/xstylemd","https:\/\/www.instagram.com\/xstyle_md\/","https:\/\/t.me\/xstyle_outdoor"],"hasMerchantReturnPolicy":{"@type":"MerchantReturnPolicy","merchantReturnLink":"https:\/\/xstyle.md\/ro\/conditions\/"}}]},"product_price_amount":"850.00","product_price_currency":"MDL","og_availability":"instock","product_availability":"instock","product_retailer_item_id":"8809000501195","product_condition":"new"},"post_mailing_queue_ids":[],"_links":{"self":[{"href":"https:\/\/xstyle.md\/ro\/wp-json\/wp\/v2\/product\/58982","targetHints":{"allow":["GET"]}}],"collection":[{"href":"https:\/\/xstyle.md\/ro\/wp-json\/wp\/v2\/product"}],"about":[{"href":"https:\/\/xstyle.md\/ro\/wp-json\/wp\/v2\/types\/product"}],"replies":[{"embeddable":true,"href":"https:\/\/xstyle.md\/ro\/wp-json\/wp\/v2\/comments?post=58982"}],"wp:featuredmedia":[{"embeddable":true,"href":"https:\/\/xstyle.md\/ro\/wp-json\/wp\/v2\/media\/60684"}],"wp:attachment":[{"href":"https:\/\/xstyle.md\/ro\/wp-json\/wp\/v2\/media?parent=58982"}],"wp:term":[{"taxonomy":"product_brand","embeddable":true,"href":"https:\/\/xstyle.md\/ro\/wp-json\/wp\/v2\/product_brand?post=58982"},{"taxonomy":"product_cat","embeddable":true,"href":"https:\/\/xstyle.md\/ro\/wp-json\/wp\/v2\/product_cat?post=58982"},{"taxonomy":"product_tag","embeddable":true,"href":"https:\/\/xstyle.md\/ro\/wp-json\/wp\/v2\/product_tag?post=58982"}],"curies":[{"name":"wp","href":"https:\/\/api.w.org\/{rel}","templated":true}]}}