{"id":58980,"date":"2022-11-15T20:29:31","date_gmt":"2022-11-15T17:29:31","guid":{"rendered":"https:\/\/xstyle.md\/?post_type=product&#038;p=58980"},"modified":"2026-02-20T14:59:03","modified_gmt":"2026-02-20T11:59:03","slug":"gazovaya-gorelka-kovea-mini-backpackers-stove-tkb-9209-1","status":"publish","type":"product","link":"https:\/\/xstyle.md\/ro\/produs\/gazovaya-gorelka-kovea-mini-backpackers-stove-tkb-9209-1\/","title":{"rendered":"Arzator gaz Kovea Mini Backpackers Stove TKB-9209-1"},"content":{"rendered":"<p><\/p>\n<p><strong>Kovea Mini Backpackers Stove TKB-9209-1<\/strong> &#8212; este un arz\u0103tor de gaz turistic extrem de simplu de utilizat, fiind cel mai accesibil \u0219i cel mai puternic model din categoria sa. Bra\u021bele pliabile se str\u00e2ng convenabil lateral pentru un transport facil.<\/p>\n<p>\u00cen timpul func\u021bion\u0103rii, arz\u0103torul genereaz\u0103 o coloan\u0103 de flac\u0103r\u0103 \u00eenalt\u0103 \u0219i puternic\u0103, capabil\u0103 s\u0103 fiarb\u0103 o oal\u0103 cu ap\u0103 chiar \u0219i \u00een condi\u021bii de v\u00e2nt puternic. Fiabilitatea este garantat\u0103 de absen\u021ba aprinderii piezo-electrice \u0219i a componentelor fragile care s-ar putea defecta \u00een condi\u021bii dure.<\/p>\n<p>Arz\u0103torul func\u021bioneaz\u0103 cu cartu\u0219e de gaz cu filet (standard), \u00eens\u0103 poate fi conectat \u0219i la cartu\u0219e de tip baionet\u0103 (collet) cu ajutorul unui adaptor cu furtun, cum este modelul Cobra.<\/p>\n<h3>Particularit\u0103\u021bi<\/h3>\n<ul>\n<li>Simplitate maxim\u0103 &#8212; f\u0103r\u0103 piese mobile complexe, ideal pentru condi\u021bii extreme<\/li>\n<li>Putere ridicat\u0103 &#8212; flac\u0103r\u0103 stabil\u0103 \u0219i concentrat\u0103<\/li>\n<li>Design compact &#8212; bra\u021bele se pliaz\u0103 pentru a ocupa spa\u021biu minim<\/li>\n<li>Versatilitate &#8212; posibilitate de adaptare pentru diferite tipuri de butelii<\/li>\n<\/ul>\n<h3>Caracteristici<\/h3>\n<ul>\n<li>Combustibil &#8212; gaz<\/li>\n<li>Consum de combustibil &#8212; 146 g\/h<\/li>\n<li>Diametru (deschis) &#8212; 14 cm<\/li>\n<li>Putere &#8212; 2 kW<\/li>\n<li>Pre\u00eenc\u0103lzire gaz &#8212; nu<\/li>\n<li>Aprindere piezo &#8212; nu<\/li>\n<li>Greutate &#8212; 190 g<\/li>\n<\/ul>\n<p><\/p>\n<h3>Marca<\/h3>\n<p>Kovea -  este un brand sud-coreean care, de peste 40 de ani, se num\u0103r\u0103 printre liderii mondiali \u00een produc\u021bia de echipamente pe gaz pentru turism \u0219i activit\u0103\u021bi outdoor. Compania a devenit celebr\u0103 datorit\u0103 fiabilit\u0103\u021bii excep\u021bionale a arz\u0103toarelor sale \u0219i gamei vaste de accesorii \u2014 de la modele compacte din titan p\u00e2n\u0103 la sisteme puternice pentru expedi\u021bii extreme. Spre deosebire de mul\u021bi competitori, Kovea ofer\u0103 adesea solu\u021bii mai accesibile ca pre\u021b, dar extrem de durabile, motiv pentru care brandul este foarte apreciat at\u00e2t de \u00eencep\u0103tori, c\u00e2t \u0219i de alpini\u0219tii profesioni\u0219ti.<\/p>","protected":false},"excerpt":{"rendered":"<p>\u0411\u0440\u0435\u043d\u0434 Kovea \u2014 \u044d\u0442\u043e \u044e\u0436\u043d\u043e\u043a\u043e\u0440\u0435\u0439\u0441\u043a\u0438\u0439 \u0431\u0440\u0435\u043d\u0434, \u043a\u043e\u0442\u043e\u0440\u044b\u0439 \u0443\u0436\u0435 \u0431\u043e\u043b\u0435\u0435 40 \u043b\u0435\u0442 \u044f\u0432\u043b\u044f\u0435\u0442\u0441\u044f \u043e\u0434\u043d\u0438\u043c \u0438\u0437 \u043c\u0438\u0440\u043e\u0432\u044b\u0445 \u043b\u0438\u0434\u0435\u0440\u043e\u0432 \u0432 \u043f\u0440\u043e\u0438\u0437\u0432\u043e\u0434\u0441\u0442\u0432\u0435 \u0433\u0430\u0437\u043e\u0432\u043e\u0433\u043e \u043e\u0431\u043e\u0440\u0443\u0434\u043e\u0432\u0430\u043d\u0438\u044f \u0434\u043b\u044f \u0442\u0443\u0440\u0438\u0437\u043c\u0430 \u0438 \u043e\u0442\u0434\u044b\u0445\u0430. \u041a\u043e\u043c\u043f\u0430\u043d\u0438\u044f \u043f\u0440\u043e\u0441\u043b\u0430\u0432\u0438\u043b\u0430\u0441\u044c \u0431\u043b\u0430\u0433\u043e\u0434\u0430\u0440\u044f \u0438\u0441\u043a\u043b\u044e\u0447\u0438\u0442\u0435\u043b\u044c\u043d\u043e\u0439 \u043d\u0430\u0434\u0435\u0436\u043d\u043e\u0441\u0442\u0438 \u0441\u0432\u043e\u0438\u0445 \u0433\u043e\u0440\u0435\u043b\u043e\u043a \u0438 \u0448\u0438\u0440\u043e\u043a\u043e\u043c\u0443 \u0430\u0441\u0441\u043e\u0440\u0442\u0438\u043c\u0435\u043d\u0442\u0443 \u0430\u043a\u0441\u0435\u0441\u0441\u0443\u0430\u0440\u043e\u0432 \u2014 \u043e\u0442 \u043a\u043e\u043c\u043f\u0430\u043a\u0442\u043d\u044b\u0445 \u0442\u0438\u0442\u0430\u043d\u043e\u0432\u044b\u0445 \u043c\u043e\u0434\u0435\u043b\u0435\u0439 \u0434\u043e \u043c\u043e\u0449\u043d\u044b\u0445 \u0441\u0438\u0441\u0442\u0435\u043c \u0434\u043b\u044f \u044d\u043a\u0441\u0442\u0440\u0435\u043c\u0430\u043b\u044c\u043d\u044b\u0445 \u044d\u043a\u0441\u043f\u0435\u0434\u0438\u0446\u0438\u0439. \u0412 \u043e\u0442\u043b\u0438\u0447\u0438\u0435 \u043e\u0442 \u043c\u043d\u043e\u0433\u0438\u0445 \u043a\u043e\u043d\u043a\u0443\u0440\u0435\u043d\u0442\u043e\u0432, Kovea \u0447\u0430\u0441\u0442\u043e \u043f\u0440\u0435\u0434\u043b\u0430\u0433\u0430\u0435\u0442 \u0431\u043e\u043b\u0435\u0435 [&hellip;]<\/p>\n","protected":false},"featured_media":60675,"comment_status":"open","ping_status":"closed","template":"","meta":{"_acf_changed":false,"inline_featured_image":false},"product_brand":[1273],"product_cat":[83],"product_tag":[],"class_list":{"0":"post-58980","1":"product","2":"type-product","3":"status-publish","4":"has-post-thumbnail","6":"product_brand-kovea","7":"product_cat-arzatoare-fara-furtun","9":"first","10":"instock","11":"shipping-taxable","12":"purchasable","13":"product-type-simple"},"acf":[],"yoast_head":"<!-- This site is optimized with the Yoast SEO plugin v27.4 - https:\/\/yoast.com\/product\/yoast-seo-wordpress\/ -->\n<title>\u0413\u0430\u0437\u043e\u0432\u0430\u044f \u0433\u043e\u0440\u0435\u043b\u043a\u0430 Kovea Mini Backpackers Stove TKB-9209-1 - \u041c\u0430\u0433\u0430\u0437\u0438\u043d Xstyle<\/title>\n<meta name=\"description\" content=\"\u0413\u0430\u0437\u043e\u0432\u0430\u044f \u0433\u043e\u0440\u0435\u043b\u043a\u0430 Kovea Mini Backpackers Stove TKB-9209-1 \u2013 \u0438\u0434\u0435\u0430\u043b\u044c\u043d\u044b\u0439 \u0432\u044b\u0431\u043e\u0440 \u0434\u043b\u044f \u0442\u0443\u0440\u0438\u0441\u0442\u043e\u0432. \u041a\u043e\u043c\u043f\u0430\u043a\u0442\u043d\u0430\u044f, \u043b\u0435\u0433\u043a\u0430\u044f \u0438 \u043c\u043e\u0449\u043d\u0430\u044f, \u043e\u043d\u0430 \u043e\u0431\u0435\u0441\u043f\u0435\u0447\u0438\u0442 \u043a\u043e\u043c\u0444\u043e\u0440\u0442 \u0432 \u043f\u043e\u0445\u043e\u0434\u0430\u0445!\" \/>\n<meta name=\"robots\" content=\"index, follow, max-snippet:-1, max-image-preview:large, max-video-preview:-1\" \/>\n<link rel=\"canonical\" href=\"https:\/\/xstyle.md\/ro\/produs\/gazovaya-gorelka-kovea-mini-backpackers-stove-tkb-9209-1\/\" \/>\n<meta property=\"og:locale\" content=\"ro_RO\" \/>\n<meta property=\"og:type\" content=\"article\" \/>\n<meta property=\"og:title\" content=\"\u0413\u0430\u0437\u043e\u0432\u0430\u044f \u0433\u043e\u0440\u0435\u043b\u043a\u0430 Kovea Mini Backpackers Stove TKB-9209-1 - \u041c\u0430\u0433\u0430\u0437\u0438\u043d Xstyle\" \/>\n<meta property=\"og:description\" content=\"\u0413\u0430\u0437\u043e\u0432\u0430\u044f \u0433\u043e\u0440\u0435\u043b\u043a\u0430 Kovea Mini Backpackers Stove TKB-9209-1 \u2013 \u0438\u0434\u0435\u0430\u043b\u044c\u043d\u044b\u0439 \u0432\u044b\u0431\u043e\u0440 \u0434\u043b\u044f \u0442\u0443\u0440\u0438\u0441\u0442\u043e\u0432. \u041a\u043e\u043c\u043f\u0430\u043a\u0442\u043d\u0430\u044f, \u043b\u0435\u0433\u043a\u0430\u044f \u0438 \u043c\u043e\u0449\u043d\u0430\u044f, \u043e\u043d\u0430 \u043e\u0431\u0435\u0441\u043f\u0435\u0447\u0438\u0442 \u043a\u043e\u043c\u0444\u043e\u0440\u0442 \u0432 \u043f\u043e\u0445\u043e\u0434\u0430\u0445!\" \/>\n<meta property=\"og:url\" content=\"https:\/\/xstyle.md\/ro\/produs\/gazovaya-gorelka-kovea-mini-backpackers-stove-tkb-9209-1\/\" \/>\n<meta property=\"og:site_name\" content=\"\u041c\u0430\u0433\u0430\u0437\u0438\u043d Xstyle\" \/>\n<meta property=\"article:publisher\" content=\"https:\/\/www.facebook.com\/xstylemd\" \/>\n<meta property=\"article:modified_time\" content=\"2026-02-20T11:59:03+00:00\" \/>\n<meta property=\"og:image\" content=\"https:\/\/xstyle.md\/wp-content\/uploads\/2022\/11\/kovea-mini-backpackers-stove-tkb-9209-1.jpg\" \/>\n\t<meta property=\"og:image:width\" content=\"1000\" \/>\n\t<meta property=\"og:image:height\" content=\"1000\" \/>\n\t<meta property=\"og:image:type\" content=\"image\/jpeg\" \/>\n<meta name=\"twitter:card\" content=\"summary_large_image\" \/>\n<meta name=\"twitter:label1\" content=\"Pre\u021b\" \/>\n\t<meta name=\"twitter:data1\" content=\"590&nbsp;MDL\" \/>\n\t<meta name=\"twitter:label2\" content=\"Disponibilitate\" \/>\n\t<meta name=\"twitter:data2\" content=\"\u00cen stoc\" \/>\n<script type=\"application\/ld+json\" class=\"yoast-schema-graph\">{\"@context\":\"https:\\\/\\\/schema.org\",\"@graph\":[{\"@type\":\"WebPage\",\"@id\":\"https:\\\/\\\/xstyle.md\\\/product\\\/gazovaya-gorelka-kovea-mini-backpackers-stove-tkb-9209-1\\\/\",\"url\":\"https:\\\/\\\/xstyle.md\\\/product\\\/gazovaya-gorelka-kovea-mini-backpackers-stove-tkb-9209-1\\\/\",\"name\":\"\u0413\u0430\u0437\u043e\u0432\u0430\u044f \u0433\u043e\u0440\u0435\u043b\u043a\u0430 Kovea Mini Backpackers Stove TKB-9209-1 - \u041c\u0430\u0433\u0430\u0437\u0438\u043d Xstyle\",\"isPartOf\":{\"@id\":\"https:\\\/\\\/xstyle.md\\\/#website\"},\"primaryImageOfPage\":{\"@id\":\"https:\\\/\\\/xstyle.md\\\/product\\\/gazovaya-gorelka-kovea-mini-backpackers-stove-tkb-9209-1\\\/#primaryimage\"},\"image\":{\"@id\":\"https:\\\/\\\/xstyle.md\\\/product\\\/gazovaya-gorelka-kovea-mini-backpackers-stove-tkb-9209-1\\\/#primaryimage\"},\"thumbnailUrl\":\"https:\\\/\\\/xstyle.md\\\/wp-content\\\/uploads\\\/2022\\\/11\\\/kovea-mini-backpackers-stove-tkb-9209-1.jpg\",\"datePublished\":\"2022-11-15T17:29:31+00:00\",\"dateModified\":\"2026-02-20T11:59:03+00:00\",\"description\":\"\u0413\u0430\u0437\u043e\u0432\u0430\u044f \u0433\u043e\u0440\u0435\u043b\u043a\u0430 Kovea Mini Backpackers Stove TKB-9209-1 \u2013 \u0438\u0434\u0435\u0430\u043b\u044c\u043d\u044b\u0439 \u0432\u044b\u0431\u043e\u0440 \u0434\u043b\u044f \u0442\u0443\u0440\u0438\u0441\u0442\u043e\u0432. \u041a\u043e\u043c\u043f\u0430\u043a\u0442\u043d\u0430\u044f, \u043b\u0435\u0433\u043a\u0430\u044f \u0438 \u043c\u043e\u0449\u043d\u0430\u044f, \u043e\u043d\u0430 \u043e\u0431\u0435\u0441\u043f\u0435\u0447\u0438\u0442 \u043a\u043e\u043c\u0444\u043e\u0440\u0442 \u0432 \u043f\u043e\u0445\u043e\u0434\u0430\u0445!\",\"breadcrumb\":{\"@id\":\"https:\\\/\\\/xstyle.md\\\/product\\\/gazovaya-gorelka-kovea-mini-backpackers-stove-tkb-9209-1\\\/#breadcrumb\"},\"inLanguage\":\"ro-RO\",\"potentialAction\":[{\"@type\":\"ReadAction\",\"target\":[\"https:\\\/\\\/xstyle.md\\\/product\\\/gazovaya-gorelka-kovea-mini-backpackers-stove-tkb-9209-1\\\/\"]}]},{\"@type\":\"ImageObject\",\"inLanguage\":\"ro-RO\",\"@id\":\"https:\\\/\\\/xstyle.md\\\/product\\\/gazovaya-gorelka-kovea-mini-backpackers-stove-tkb-9209-1\\\/#primaryimage\",\"url\":\"https:\\\/\\\/xstyle.md\\\/wp-content\\\/uploads\\\/2022\\\/11\\\/kovea-mini-backpackers-stove-tkb-9209-1.jpg\",\"contentUrl\":\"https:\\\/\\\/xstyle.md\\\/wp-content\\\/uploads\\\/2022\\\/11\\\/kovea-mini-backpackers-stove-tkb-9209-1.jpg\",\"width\":1000,\"height\":1000,\"caption\":\"\u041c\u0438\u043d\u0438-\u0442\u0443\u0440\u0438\u0441\u0442\u0438\u0447\u0435\u0441\u043a\u0430\u044f \u0433\u0430\u0437\u043e\u0432\u0430\u044f \u0433\u043e\u0440\u0435\u043b\u043a\u0430 Kovea \u0434\u043b\u044f \u0430\u043a\u0442\u0438\u0432\u043d\u043e\u0433\u043e \u043e\u0442\u0434\u044b\u0445\u0430, \u043f\u0443\u0442\u0435\u0448\u0435\u0441\u0442\u0432\u0438\u0439, \u043f\u043e\u0445\u043e\u0434\u043e\u0432 \u0438 \u0430\u043b\u044c\u043f\u0438\u043d\u0438\u0437\u043c\u0430, \u043e\u0434\u0435\u0436\u0434\u0430 \u0438 \u043e\u0431\u0443\u0432\u044c \u0434\u043b\u044f \u0430\u043a\u0442\u0438\u0432\u043d\u043e\u0433\u043e \u043e\u0431\u0440\u0430\u0437\u0430 \u0436\u0438\u0437\u043d\u0438\"},{\"@type\":\"BreadcrumbList\",\"@id\":\"https:\\\/\\\/xstyle.md\\\/product\\\/gazovaya-gorelka-kovea-mini-backpackers-stove-tkb-9209-1\\\/#breadcrumb\",\"itemListElement\":[{\"@type\":\"ListItem\",\"position\":1,\"name\":\"\u0413\u043b\u0430\u0432\u043d\u0430\u044f \u0441\u0442\u0440\u0430\u043d\u0438\u0446\u0430\",\"item\":\"https:\\\/\\\/xstyle.md\\\/\"},{\"@type\":\"ListItem\",\"position\":2,\"name\":\"\u041c\u0430\u0433\u0430\u0437\u0438\u043d\",\"item\":\"https:\\\/\\\/xstyle.md\\\/shop\\\/\"},{\"@type\":\"ListItem\",\"position\":3,\"name\":\"\u0413\u0430\u0437\u043e\u0432\u0430\u044f \u0433\u043e\u0440\u0435\u043b\u043a\u0430 Kovea Mini Backpackers Stove TKB-9209-1\"}]},{\"@type\":\"WebSite\",\"@id\":\"https:\\\/\\\/xstyle.md\\\/#website\",\"url\":\"https:\\\/\\\/xstyle.md\\\/\",\"name\":\"\u041c\u0430\u0433\u0430\u0437\u0438\u043d Xstyle\",\"description\":\"C\u043d\u0430\u0440\u044f\u0436\u0435\u043d\u0438\u0435 \u0434\u043b\u044f \u0442\u0443\u0440\u0438\u0437\u043c\u0430 \u0438 \u044d\u043a\u0441\u0442\u0440\u0435\u043c\u0430\u043b\u044c\u043d\u044b\u0445 \u0432\u0438\u0434\u043e\u0432 \u0441\u043f\u043e\u0440\u0442\u0430 \u0432 \u041c\u043e\u043b\u0434\u043e\u0432\u0435.. \u0426\u0435\u043d\u044b, \u0444\u043e\u0442\u043e, \u0445\u0430\u0440\u0430\u043a\u0442\u0435\u0440\u0438\u0441\u0442\u0438\u043a\u0438 \u0432 \u041c\u043e\u043b\u0434\u043e\u0432\u0435.\",\"publisher\":{\"@id\":\"https:\\\/\\\/xstyle.md\\\/#organization\"},\"alternateName\":\"X-Style\",\"potentialAction\":[{\"@type\":\"SearchAction\",\"target\":{\"@type\":\"EntryPoint\",\"urlTemplate\":\"https:\\\/\\\/xstyle.md\\\/?s={search_term_string}\"},\"query-input\":{\"@type\":\"PropertyValueSpecification\",\"valueRequired\":true,\"valueName\":\"search_term_string\"}}],\"inLanguage\":\"ro-RO\"},{\"@type\":\"Organization\",\"@id\":\"https:\\\/\\\/xstyle.md\\\/#organization\",\"name\":\"\u041c\u0430\u0433\u0430\u0437\u0438\u043d Xstyle\",\"alternateName\":\"x-style\",\"url\":\"https:\\\/\\\/xstyle.md\\\/\",\"logo\":{\"@type\":\"ImageObject\",\"inLanguage\":\"ro-RO\",\"@id\":\"https:\\\/\\\/xstyle.md\\\/#\\\/schema\\\/logo\\\/image\\\/\",\"url\":\"https:\\\/\\\/xstyle.md\\\/wp-content\\\/uploads\\\/2020\\\/06\\\/logoicon.svg\",\"contentUrl\":\"https:\\\/\\\/xstyle.md\\\/wp-content\\\/uploads\\\/2020\\\/06\\\/logoicon.svg\",\"caption\":\"\u041c\u0430\u0433\u0430\u0437\u0438\u043d Xstyle\"},\"image\":{\"@id\":\"https:\\\/\\\/xstyle.md\\\/#\\\/schema\\\/logo\\\/image\\\/\"},\"sameAs\":[\"https:\\\/\\\/www.facebook.com\\\/xstylemd\",\"https:\\\/\\\/www.instagram.com\\\/xstyle_md\\\/\",\"https:\\\/\\\/t.me\\\/xstyle_outdoor\"],\"hasMerchantReturnPolicy\":{\"@type\":\"MerchantReturnPolicy\",\"merchantReturnLink\":\"https:\\\/\\\/xstyle.md\\\/ro\\\/conditions\\\/\"}}]}<\/script>\n<meta property=\"product:price:amount\" content=\"590.00\" \/>\n<meta property=\"product:price:currency\" content=\"MDL\" \/>\n<meta property=\"og:availability\" content=\"instock\" \/>\n<meta property=\"product:availability\" content=\"instock\" \/>\n<meta property=\"product:retailer_item_id\" content=\"8809000501171\" \/>\n<meta property=\"product:condition\" content=\"new\" \/>\n<!-- \/ Yoast SEO plugin. -->","yoast_head_json":{"title":"Aragaz pe gaz Kovea Mini Backpackers Stove TKB-9209-1 - Magazin Xstyle","description":"R\u0103citorul pe gaz Kovea Mini Backpackers Stove TKB-9209-1 \u2013 alegerea ideal\u0103 pentru turi\u0219ti. Compact, u\u0219or \u0219i puternic, va oferi confort \u00een drume\u021bii!","robots":{"index":"index","follow":"follow","max-snippet":"max-snippet:-1","max-image-preview":"max-image-preview:large","max-video-preview":"max-video-preview:-1"},"canonical":"https:\/\/xstyle.md\/ro\/produs\/gazovaya-gorelka-kovea-mini-backpackers-stove-tkb-9209-1\/","og_locale":"ro_RO","og_type":"article","og_title":"\u0413\u0430\u0437\u043e\u0432\u0430\u044f \u0433\u043e\u0440\u0435\u043b\u043a\u0430 Kovea Mini Backpackers Stove TKB-9209-1 - \u041c\u0430\u0433\u0430\u0437\u0438\u043d Xstyle","og_description":"\u0413\u0430\u0437\u043e\u0432\u0430\u044f \u0433\u043e\u0440\u0435\u043b\u043a\u0430 Kovea Mini Backpackers Stove TKB-9209-1 \u2013 \u0438\u0434\u0435\u0430\u043b\u044c\u043d\u044b\u0439 \u0432\u044b\u0431\u043e\u0440 \u0434\u043b\u044f \u0442\u0443\u0440\u0438\u0441\u0442\u043e\u0432. \u041a\u043e\u043c\u043f\u0430\u043a\u0442\u043d\u0430\u044f, \u043b\u0435\u0433\u043a\u0430\u044f \u0438 \u043c\u043e\u0449\u043d\u0430\u044f, \u043e\u043d\u0430 \u043e\u0431\u0435\u0441\u043f\u0435\u0447\u0438\u0442 \u043a\u043e\u043c\u0444\u043e\u0440\u0442 \u0432 \u043f\u043e\u0445\u043e\u0434\u0430\u0445!","og_url":"https:\/\/xstyle.md\/ro\/produs\/gazovaya-gorelka-kovea-mini-backpackers-stove-tkb-9209-1\/","og_site_name":"\u041c\u0430\u0433\u0430\u0437\u0438\u043d Xstyle","article_publisher":"https:\/\/www.facebook.com\/xstylemd","article_modified_time":"2026-02-20T11:59:03+00:00","og_image":[{"width":1000,"height":1000,"url":"https:\/\/xstyle.md\/wp-content\/uploads\/2022\/11\/kovea-mini-backpackers-stove-tkb-9209-1.jpg","type":"image\/jpeg"}],"twitter_card":"summary_large_image","twitter_misc":{"Pre\u021b":"590&nbsp;MDL","Disponibilitate":"\u00cen stoc"},"schema":{"@context":"https:\/\/schema.org","@graph":[{"@type":"WebPage","@id":"https:\/\/xstyle.md\/product\/gazovaya-gorelka-kovea-mini-backpackers-stove-tkb-9209-1\/","url":"https:\/\/xstyle.md\/product\/gazovaya-gorelka-kovea-mini-backpackers-stove-tkb-9209-1\/","name":"Aragaz pe gaz Kovea Mini Backpackers Stove TKB-9209-1 - Magazin Xstyle","isPartOf":{"@id":"https:\/\/xstyle.md\/#website"},"primaryImageOfPage":{"@id":"https:\/\/xstyle.md\/product\/gazovaya-gorelka-kovea-mini-backpackers-stove-tkb-9209-1\/#primaryimage"},"image":{"@id":"https:\/\/xstyle.md\/product\/gazovaya-gorelka-kovea-mini-backpackers-stove-tkb-9209-1\/#primaryimage"},"thumbnailUrl":"https:\/\/xstyle.md\/wp-content\/uploads\/2022\/11\/kovea-mini-backpackers-stove-tkb-9209-1.jpg","datePublished":"2022-11-15T17:29:31+00:00","dateModified":"2026-02-20T11:59:03+00:00","description":"R\u0103citorul pe gaz Kovea Mini Backpackers Stove TKB-9209-1 \u2013 alegerea ideal\u0103 pentru turi\u0219ti. Compact, u\u0219or \u0219i puternic, va oferi confort \u00een drume\u021bii!","breadcrumb":{"@id":"https:\/\/xstyle.md\/product\/gazovaya-gorelka-kovea-mini-backpackers-stove-tkb-9209-1\/#breadcrumb"},"inLanguage":"ro-RO","potentialAction":[{"@type":"ReadAction","target":["https:\/\/xstyle.md\/product\/gazovaya-gorelka-kovea-mini-backpackers-stove-tkb-9209-1\/"]}]},{"@type":"ImageObject","inLanguage":"ro-RO","@id":"https:\/\/xstyle.md\/product\/gazovaya-gorelka-kovea-mini-backpackers-stove-tkb-9209-1\/#primaryimage","url":"https:\/\/xstyle.md\/wp-content\/uploads\/2022\/11\/kovea-mini-backpackers-stove-tkb-9209-1.jpg","contentUrl":"https:\/\/xstyle.md\/wp-content\/uploads\/2022\/11\/kovea-mini-backpackers-stove-tkb-9209-1.jpg","width":1000,"height":1000,"caption":"\u041c\u0438\u043d\u0438-\u0442\u0443\u0440\u0438\u0441\u0442\u0438\u0447\u0435\u0441\u043a\u0430\u044f \u0433\u0430\u0437\u043e\u0432\u0430\u044f \u0433\u043e\u0440\u0435\u043b\u043a\u0430 Kovea \u0434\u043b\u044f \u0430\u043a\u0442\u0438\u0432\u043d\u043e\u0433\u043e \u043e\u0442\u0434\u044b\u0445\u0430, \u043f\u0443\u0442\u0435\u0448\u0435\u0441\u0442\u0432\u0438\u0439, \u043f\u043e\u0445\u043e\u0434\u043e\u0432 \u0438 \u0430\u043b\u044c\u043f\u0438\u043d\u0438\u0437\u043c\u0430, \u043e\u0434\u0435\u0436\u0434\u0430 \u0438 \u043e\u0431\u0443\u0432\u044c \u0434\u043b\u044f \u0430\u043a\u0442\u0438\u0432\u043d\u043e\u0433\u043e \u043e\u0431\u0440\u0430\u0437\u0430 \u0436\u0438\u0437\u043d\u0438"},{"@type":"BreadcrumbList","@id":"https:\/\/xstyle.md\/product\/gazovaya-gorelka-kovea-mini-backpackers-stove-tkb-9209-1\/#breadcrumb","itemListElement":[{"@type":"ListItem","position":1,"name":"\u0413\u043b\u0430\u0432\u043d\u0430\u044f \u0441\u0442\u0440\u0430\u043d\u0438\u0446\u0430","item":"https:\/\/xstyle.md\/"},{"@type":"ListItem","position":2,"name":"\u041c\u0430\u0433\u0430\u0437\u0438\u043d","item":"https:\/\/xstyle.md\/shop\/"},{"@type":"ListItem","position":3,"name":"\u0413\u0430\u0437\u043e\u0432\u0430\u044f \u0433\u043e\u0440\u0435\u043b\u043a\u0430 Kovea Mini Backpackers Stove TKB-9209-1"}]},{"@type":"WebSite","@id":"https:\/\/xstyle.md\/#website","url":"https:\/\/xstyle.md\/","name":"Magazinul X-Style","description":"Echipamente pentru turism \u0219i sporturi extreme \u00een Moldova. Pre\u021buri, fotografii, caracteristici \u00een Moldova.","publisher":{"@id":"https:\/\/xstyle.md\/#organization"},"alternateName":"X-Style","potentialAction":[{"@type":"SearchAction","target":{"@type":"EntryPoint","urlTemplate":"https:\/\/xstyle.md\/?s={search_term_string}"},"query-input":{"@type":"PropertyValueSpecification","valueRequired":true,"valueName":"search_term_string"}}],"inLanguage":"ro-RO"},{"@type":"Organization","@id":"https:\/\/xstyle.md\/#organization","name":"Magazinul X-Style","alternateName":"x-style","url":"https:\/\/xstyle.md\/","logo":{"@type":"ImageObject","inLanguage":"ro-RO","@id":"https:\/\/xstyle.md\/#\/schema\/logo\/image\/","url":"https:\/\/xstyle.md\/wp-content\/uploads\/2020\/06\/logoicon.svg","contentUrl":"https:\/\/xstyle.md\/wp-content\/uploads\/2020\/06\/logoicon.svg","caption":"\u041c\u0430\u0433\u0430\u0437\u0438\u043d Xstyle"},"image":{"@id":"https:\/\/xstyle.md\/#\/schema\/logo\/image\/"},"sameAs":["https:\/\/www.facebook.com\/xstylemd","https:\/\/www.instagram.com\/xstyle_md\/","https:\/\/t.me\/xstyle_outdoor"],"hasMerchantReturnPolicy":{"@type":"MerchantReturnPolicy","merchantReturnLink":"https:\/\/xstyle.md\/ro\/conditions\/"}}]},"product_price_amount":"590.00","product_price_currency":"MDL","og_availability":"instock","product_availability":"instock","product_retailer_item_id":"8809000501171","product_condition":"new"},"_links":{"self":[{"href":"https:\/\/xstyle.md\/ro\/wp-json\/wp\/v2\/product\/58980","targetHints":{"allow":["GET"]}}],"collection":[{"href":"https:\/\/xstyle.md\/ro\/wp-json\/wp\/v2\/product"}],"about":[{"href":"https:\/\/xstyle.md\/ro\/wp-json\/wp\/v2\/types\/product"}],"replies":[{"embeddable":true,"href":"https:\/\/xstyle.md\/ro\/wp-json\/wp\/v2\/comments?post=58980"}],"wp:featuredmedia":[{"embeddable":true,"href":"https:\/\/xstyle.md\/ro\/wp-json\/wp\/v2\/media\/60675"}],"wp:attachment":[{"href":"https:\/\/xstyle.md\/ro\/wp-json\/wp\/v2\/media?parent=58980"}],"wp:term":[{"taxonomy":"product_brand","embeddable":true,"href":"https:\/\/xstyle.md\/ro\/wp-json\/wp\/v2\/product_brand?post=58980"},{"taxonomy":"product_cat","embeddable":true,"href":"https:\/\/xstyle.md\/ro\/wp-json\/wp\/v2\/product_cat?post=58980"},{"taxonomy":"product_tag","embeddable":true,"href":"https:\/\/xstyle.md\/ro\/wp-json\/wp\/v2\/product_tag?post=58980"}],"curies":[{"name":"wp","href":"https:\/\/api.w.org\/{rel}","templated":true}]}}