{"id":58967,"date":"2022-11-15T20:29:29","date_gmt":"2022-11-15T17:29:29","guid":{"rendered":"https:\/\/xstyle.md\/?post_type=product&#038;p=58967"},"modified":"2026-03-19T16:50:13","modified_gmt":"2026-03-19T13:50:13","slug":"holodilnik-dometic-patrol-20-glow","status":"publish","type":"product","link":"https:\/\/xstyle.md\/ro\/produs\/holodilnik-dometic-patrol-20-glow\/","title":{"rendered":"Frigider Dometic Patrol 20 glow"},"content":{"rendered":"<\/p>\n<p><strong>Dometic Patrol 20 glow<\/strong> &#8212; frigiderul izotermic p\u0103streaz\u0103 ghea\u021ba zile \u00eentregi datorit\u0103 izola\u021biei sale groase din poliuretan \u0219i, prin urmare, v\u0103 va permite s\u0103 v\u0103 bucura\u021bi de activit\u0103\u021bile \u00een aer liber pentru mai mult timp. Capacul etan\u0219 asigur\u0103 c\u0103 nu intr\u0103 sau iese aer. V\u0103 va permite s\u0103 depozita\u021bi \u00een el b\u0103uturi \u0219i orice alte alimente care trebuie \u021binute la rece. De asemenea, are un dop de scurgere \u00een partea de jos pentru o cur\u0103\u021bare u\u0219oar\u0103.<\/p>\n<h3>Particularit\u0103\u021bi<\/h3>\n<ul>\n<li>Datorit\u0103 izola\u021biei groase din poliuretan, ghea\u021ba nu se va topi timp de c\u00e2teva zile<\/li>\n<li>Orificiu de scurgere mare, sigilat ermetic, pentru o cur\u0103\u021bare u\u0219oar\u0103<\/li>\n<li>Capacul sigilat asigur\u0103 etan\u0219area complet\u0103 a compartimentului pentru temperaturi sc\u0103zute<\/li>\n<li>Construc\u021bie robust\u0103 din polietilen\u0103 solid\u0103 turnat\u0103 prin rota\u021bie f\u0103r\u0103 sudur\u0103<\/li>\n<li>\u00cencuietoare cauciucate care se deschid \u0219i se \u00eenchid u\u0219or cu o singur\u0103 m\u00e2n\u0103.<\/li>\n<\/ul>\n<h3>Caracteristici<\/h3>\n<ul>\n<li>Material &#8212; poliuretan, cauciuc<\/li>\n<li>Dimensiuni &#8212; 35,6 x 37,9 x 39,8 cm<\/li>\n<li>Volum &#8212; 20 litri<\/li>\n<li>Greutate &#8212; 8 kg.<\/li>\n<\/ul>\n<h3>Sfaturi de utilizare<\/h3>\n<ul>\n<li>\u00cenainte de utilizare, pune\u021bi recipientul izoterm \u00eentr-un loc r\u0103coros, ferit de lumina soarelui, timp de c\u00e2teva ore.<\/li>\n<li>De asemenea, ar trebui s\u0103 r\u0103ci\u021bi \u00een prealabil b\u0103uturile \u0219i alimentele pe care inten\u021biona\u021bi s\u0103 le p\u0103stra\u021bi \u00een recipient.<\/li>\n<li>Ca agent frigorific suplimentar se pot folosi acumulatori de frig speciali sau cuburi de ghea\u021b\u0103.<\/li>\n<li>Trebuie evitat\u0103 deschiderea frecvent\u0103 a termocontainerului, deoarece aerul reduce puterea de r\u0103cire \u0219i \u00eempiedic\u0103 men\u021binerea unei temperaturi sc\u0103zute \u00een recipient.<\/li>\n<\/ul>\n<h3>Marca<\/h3>\n<p>Dometic \u2014 este o marc\u0103 suedez\u0103 de mini-frigidere \u0219i diverse produse pentru confortul c\u0103l\u0103torilor. \u00cenfiin\u021bat\u0103 \u00een 1986, compania continu\u0103 \u00een continuare s\u0103 \u00ee\u0219i \u00eembun\u0103t\u0103\u021beasc\u0103 produsele sub sloganul &#171;Simplificarea vie\u021bii mobile&#187;. Dispozitivele marca Dometic devin din ce \u00een ce mai eficiente, compacte \u0219i elegante, iar gama lor se extinde constant. Ast\u0103zi exist\u0103 un num\u0103r mare de sortimente la v\u00e2nzare, ceea ce permite fiec\u0103rui cump\u0103r\u0103tor s\u0103 fac\u0103 o alegere de succes. Dometic este \u00eentruchiparea confortului, a prospe\u021bimii alimentelor, a siguran\u021bei, pe scurt, a tot ceea ce face ca o c\u0103l\u0103torie lung\u0103 s\u0103 fie pl\u0103cut\u0103.<\/p>\n<p><\/p>","protected":false},"excerpt":{"rendered":"","protected":false},"featured_media":60590,"comment_status":"open","ping_status":"closed","template":"","meta":{"_acf_changed":false,"inline_featured_image":false},"product_brand":[1274],"product_cat":[539],"product_tag":[],"class_list":{"0":"post-58967","1":"product","2":"type-product","3":"status-publish","4":"has-post-thumbnail","6":"product_brand-dometic","7":"product_cat-icebox","9":"first","10":"instock","11":"shipping-taxable","12":"purchasable","13":"product-type-simple"},"acf":[],"yoast_head":"<!-- This site is optimized with the Yoast SEO plugin v27.2 - https:\/\/yoast.com\/product\/yoast-seo-wordpress\/ -->\n<title>\u0425\u043e\u043b\u043e\u0434\u0438\u043b\u044c\u043d\u0438\u043a Dometic Patrol 20 glow - \u041c\u0430\u0433\u0430\u0437\u0438\u043d Xstyle<\/title>\n<meta name=\"description\" content=\"\u041e\u0442\u043a\u0440\u043e\u0439\u0442\u0435 \u0434\u043b\u044f \u0441\u0435\u0431\u044f \u0445\u043e\u043b\u043e\u0434\u0438\u043b\u044c\u043d\u0438\u043a Dometic Patrol 20 glow! \u0418\u0434\u0435\u0430\u043b\u0435\u043d \u0434\u043b\u044f \u0430\u043a\u0442\u0438\u0432\u043d\u043e\u0433\u043e \u043e\u0442\u0434\u044b\u0445\u0430: \u0441\u043e\u0445\u0440\u0430\u043d\u044f\u0435\u0442 \u043b\u0435\u0434 \u043d\u0430 \u0446\u0435\u043b\u044b\u0439 \u0434\u0435\u043d\u044c \u0431\u043b\u0430\u0433\u043e\u0434\u0430\u0440\u044f \u043e\u0442\u043b\u0438\u0447\u043d\u043e\u0439 \u0438\u0437\u043e\u043b\u044f\u0446\u0438\u0438.\" \/>\n<meta name=\"robots\" content=\"index, follow, max-snippet:-1, max-image-preview:large, max-video-preview:-1\" \/>\n<link rel=\"canonical\" href=\"https:\/\/xstyle.md\/ro\/produs\/holodilnik-dometic-patrol-20-glow\/\" \/>\n<meta property=\"og:locale\" content=\"ro_RO\" \/>\n<meta property=\"og:type\" content=\"article\" \/>\n<meta property=\"og:title\" content=\"\u0425\u043e\u043b\u043e\u0434\u0438\u043b\u044c\u043d\u0438\u043a Dometic Patrol 20 glow - \u041c\u0430\u0433\u0430\u0437\u0438\u043d Xstyle\" \/>\n<meta property=\"og:description\" content=\"\u041e\u0442\u043a\u0440\u043e\u0439\u0442\u0435 \u0434\u043b\u044f \u0441\u0435\u0431\u044f \u0445\u043e\u043b\u043e\u0434\u0438\u043b\u044c\u043d\u0438\u043a Dometic Patrol 20 glow! \u0418\u0434\u0435\u0430\u043b\u0435\u043d \u0434\u043b\u044f \u0430\u043a\u0442\u0438\u0432\u043d\u043e\u0433\u043e \u043e\u0442\u0434\u044b\u0445\u0430: \u0441\u043e\u0445\u0440\u0430\u043d\u044f\u0435\u0442 \u043b\u0435\u0434 \u043d\u0430 \u0446\u0435\u043b\u044b\u0439 \u0434\u0435\u043d\u044c \u0431\u043b\u0430\u0433\u043e\u0434\u0430\u0440\u044f \u043e\u0442\u043b\u0438\u0447\u043d\u043e\u0439 \u0438\u0437\u043e\u043b\u044f\u0446\u0438\u0438.\" \/>\n<meta property=\"og:url\" content=\"https:\/\/xstyle.md\/ro\/produs\/holodilnik-dometic-patrol-20-glow\/\" \/>\n<meta property=\"og:site_name\" content=\"\u041c\u0430\u0433\u0430\u0437\u0438\u043d Xstyle\" \/>\n<meta property=\"article:publisher\" content=\"https:\/\/www.facebook.com\/xstylemd\" \/>\n<meta property=\"article:modified_time\" content=\"2026-03-19T13:50:13+00:00\" \/>\n<meta property=\"og:image\" content=\"https:\/\/xstyle.md\/wp-content\/uploads\/2022\/11\/dometic-patrol-20-glow.jpg\" \/>\n\t<meta property=\"og:image:width\" content=\"900\" \/>\n\t<meta property=\"og:image:height\" content=\"854\" \/>\n\t<meta property=\"og:image:type\" content=\"image\/jpeg\" \/>\n<meta name=\"twitter:card\" content=\"summary_large_image\" \/>\n<meta name=\"twitter:label1\" content=\"Pre\u021b\" \/>\n\t<meta name=\"twitter:data1\" content=\"5.190&nbsp;MDL\" \/>\n\t<meta name=\"twitter:label2\" content=\"Disponibilitate\" \/>\n\t<meta name=\"twitter:data2\" content=\"\u00cen stoc\" \/>\n<script type=\"application\/ld+json\" class=\"yoast-schema-graph\">{\"@context\":\"https:\/\/schema.org\",\"@graph\":[{\"@type\":\"WebPage\",\"@id\":\"https:\/\/xstyle.md\/product\/holodilnik-dometic-patrol-20-glow\/\",\"url\":\"https:\/\/xstyle.md\/product\/holodilnik-dometic-patrol-20-glow\/\",\"name\":\"\u0425\u043e\u043b\u043e\u0434\u0438\u043b\u044c\u043d\u0438\u043a Dometic Patrol 20 glow - \u041c\u0430\u0433\u0430\u0437\u0438\u043d Xstyle\",\"isPartOf\":{\"@id\":\"https:\/\/xstyle.md\/#website\"},\"primaryImageOfPage\":{\"@id\":\"https:\/\/xstyle.md\/product\/holodilnik-dometic-patrol-20-glow\/#primaryimage\"},\"image\":{\"@id\":\"https:\/\/xstyle.md\/product\/holodilnik-dometic-patrol-20-glow\/#primaryimage\"},\"thumbnailUrl\":\"https:\/\/xstyle.md\/wp-content\/uploads\/2022\/11\/dometic-patrol-20-glow.jpg\",\"datePublished\":\"2022-11-15T17:29:29+00:00\",\"dateModified\":\"2026-03-19T13:50:13+00:00\",\"description\":\"\u041e\u0442\u043a\u0440\u043e\u0439\u0442\u0435 \u0434\u043b\u044f \u0441\u0435\u0431\u044f \u0445\u043e\u043b\u043e\u0434\u0438\u043b\u044c\u043d\u0438\u043a Dometic Patrol 20 glow! \u0418\u0434\u0435\u0430\u043b\u0435\u043d \u0434\u043b\u044f \u0430\u043a\u0442\u0438\u0432\u043d\u043e\u0433\u043e \u043e\u0442\u0434\u044b\u0445\u0430: \u0441\u043e\u0445\u0440\u0430\u043d\u044f\u0435\u0442 \u043b\u0435\u0434 \u043d\u0430 \u0446\u0435\u043b\u044b\u0439 \u0434\u0435\u043d\u044c \u0431\u043b\u0430\u0433\u043e\u0434\u0430\u0440\u044f \u043e\u0442\u043b\u0438\u0447\u043d\u043e\u0439 \u0438\u0437\u043e\u043b\u044f\u0446\u0438\u0438.\",\"breadcrumb\":{\"@id\":\"https:\/\/xstyle.md\/product\/holodilnik-dometic-patrol-20-glow\/#breadcrumb\"},\"inLanguage\":\"ro-RO\",\"potentialAction\":[{\"@type\":\"ReadAction\",\"target\":[\"https:\/\/xstyle.md\/product\/holodilnik-dometic-patrol-20-glow\/\"]}]},{\"@type\":\"ImageObject\",\"inLanguage\":\"ro-RO\",\"@id\":\"https:\/\/xstyle.md\/product\/holodilnik-dometic-patrol-20-glow\/#primaryimage\",\"url\":\"https:\/\/xstyle.md\/wp-content\/uploads\/2022\/11\/dometic-patrol-20-glow.jpg\",\"contentUrl\":\"https:\/\/xstyle.md\/wp-content\/uploads\/2022\/11\/dometic-patrol-20-glow.jpg\",\"width\":900,\"height\":854,\"caption\":\"\u0420\u0443\u043a\u043e\u044f\u0442\u044c \u0445\u043e\u043b\u043e\u0434\u0438\u043b\u044c\u043d\u0438\u043a\u0430 Dometic Patrol 20 \u0441 \u043f\u043e\u0434\u0441\u0432\u0435\u0442\u043a\u043e\u0439 \u0434\u043b\u044f \u0430\u043a\u0442\u0438\u0432\u043d\u043e\u0439 \u0436\u0438\u0437\u043d\u0438, \u043f\u0443\u0442\u0435\u0448\u0435\u0441\u0442\u0432\u0438\u0439, \u0445\u0430\u0439\u043a\u0438\u043d\u0433\u0430 \u0438 \u0430\u043b\u044c\u043f\u0438\u043d\u0438\u0437\u043c\u0430 \u0432 \u0441\u043f\u043e\u0440\u0442\u0438\u0432\u043d\u043e\u0439 \u043e\u0434\u0435\u0436\u0434\u0435 \u0438 \u043e\u0431\u0443\u0432\u0438\"},{\"@type\":\"BreadcrumbList\",\"@id\":\"https:\/\/xstyle.md\/product\/holodilnik-dometic-patrol-20-glow\/#breadcrumb\",\"itemListElement\":[{\"@type\":\"ListItem\",\"position\":1,\"name\":\"\u0413\u043b\u0430\u0432\u043d\u0430\u044f \u0441\u0442\u0440\u0430\u043d\u0438\u0446\u0430\",\"item\":\"https:\/\/xstyle.md\/\"},{\"@type\":\"ListItem\",\"position\":2,\"name\":\"\u041c\u0430\u0433\u0430\u0437\u0438\u043d\",\"item\":\"https:\/\/xstyle.md\/shop\/\"},{\"@type\":\"ListItem\",\"position\":3,\"name\":\"\u0425\u043e\u043b\u043e\u0434\u0438\u043b\u044c\u043d\u0438\u043a Dometic Patrol 20 glow\"}]},{\"@type\":\"WebSite\",\"@id\":\"https:\/\/xstyle.md\/#website\",\"url\":\"https:\/\/xstyle.md\/\",\"name\":\"\u041c\u0430\u0433\u0430\u0437\u0438\u043d Xstyle\",\"description\":\"C\u043d\u0430\u0440\u044f\u0436\u0435\u043d\u0438\u0435 \u0434\u043b\u044f \u0442\u0443\u0440\u0438\u0437\u043c\u0430 \u0438 \u044d\u043a\u0441\u0442\u0440\u0435\u043c\u0430\u043b\u044c\u043d\u044b\u0445 \u0432\u0438\u0434\u043e\u0432 \u0441\u043f\u043e\u0440\u0442\u0430 \u0432 \u041c\u043e\u043b\u0434\u043e\u0432\u0435.. \u0426\u0435\u043d\u044b, \u0444\u043e\u0442\u043e, \u0445\u0430\u0440\u0430\u043a\u0442\u0435\u0440\u0438\u0441\u0442\u0438\u043a\u0438 \u0432 \u041c\u043e\u043b\u0434\u043e\u0432\u0435.\",\"publisher\":{\"@id\":\"https:\/\/xstyle.md\/#organization\"},\"alternateName\":\"X-Style\",\"potentialAction\":[{\"@type\":\"SearchAction\",\"target\":{\"@type\":\"EntryPoint\",\"urlTemplate\":\"https:\/\/xstyle.md\/?s={search_term_string}\"},\"query-input\":{\"@type\":\"PropertyValueSpecification\",\"valueRequired\":true,\"valueName\":\"search_term_string\"}}],\"inLanguage\":\"ro-RO\"},{\"@type\":\"Organization\",\"@id\":\"https:\/\/xstyle.md\/#organization\",\"name\":\"\u041c\u0430\u0433\u0430\u0437\u0438\u043d Xstyle\",\"alternateName\":\"x-style\",\"url\":\"https:\/\/xstyle.md\/\",\"logo\":{\"@type\":\"ImageObject\",\"inLanguage\":\"ro-RO\",\"@id\":\"https:\/\/xstyle.md\/#\/schema\/logo\/image\/\",\"url\":\"https:\/\/xstyle.md\/wp-content\/uploads\/2020\/06\/logoicon.svg\",\"contentUrl\":\"https:\/\/xstyle.md\/wp-content\/uploads\/2020\/06\/logoicon.svg\",\"caption\":\"\u041c\u0430\u0433\u0430\u0437\u0438\u043d Xstyle\"},\"image\":{\"@id\":\"https:\/\/xstyle.md\/#\/schema\/logo\/image\/\"},\"sameAs\":[\"https:\/\/www.facebook.com\/xstylemd\",\"https:\/\/www.instagram.com\/xstyle_md\/\",\"https:\/\/t.me\/xstyle_outdoor\"],\"hasMerchantReturnPolicy\":{\"@type\":\"MerchantReturnPolicy\",\"merchantReturnLink\":\"https:\/\/xstyle.md\/ro\/conditions\/\"}}]}<\/script>\n<meta property=\"product:price:amount\" content=\"5190.00\" \/>\n<meta property=\"product:price:currency\" content=\"MDL\" \/>\n<meta property=\"og:availability\" content=\"instock\" \/>\n<meta property=\"product:availability\" content=\"instock\" \/>\n<meta property=\"product:retailer_item_id\" content=\"713814336318\" \/>\n<meta property=\"product:condition\" content=\"new\" \/>\n<!-- \/ Yoast SEO plugin. -->","yoast_head_json":{"title":"Frigider Dometic Patrol 20 glow - Magazin Xstyle","description":"Descoperi\u021bi frigiderul Dometic Patrol 20 glow! Ideal pentru activit\u0103\u021bi \u00een aer liber: p\u0103streaz\u0103 ghea\u021ba \u00eentreag\u0103 toat\u0103 ziua datorit\u0103 izola\u021biei excelente.","robots":{"index":"index","follow":"follow","max-snippet":"max-snippet:-1","max-image-preview":"max-image-preview:large","max-video-preview":"max-video-preview:-1"},"canonical":"https:\/\/xstyle.md\/ro\/produs\/holodilnik-dometic-patrol-20-glow\/","og_locale":"ro_RO","og_type":"article","og_title":"\u0425\u043e\u043b\u043e\u0434\u0438\u043b\u044c\u043d\u0438\u043a Dometic Patrol 20 glow - \u041c\u0430\u0433\u0430\u0437\u0438\u043d Xstyle","og_description":"\u041e\u0442\u043a\u0440\u043e\u0439\u0442\u0435 \u0434\u043b\u044f \u0441\u0435\u0431\u044f \u0445\u043e\u043b\u043e\u0434\u0438\u043b\u044c\u043d\u0438\u043a Dometic Patrol 20 glow! \u0418\u0434\u0435\u0430\u043b\u0435\u043d \u0434\u043b\u044f \u0430\u043a\u0442\u0438\u0432\u043d\u043e\u0433\u043e \u043e\u0442\u0434\u044b\u0445\u0430: \u0441\u043e\u0445\u0440\u0430\u043d\u044f\u0435\u0442 \u043b\u0435\u0434 \u043d\u0430 \u0446\u0435\u043b\u044b\u0439 \u0434\u0435\u043d\u044c \u0431\u043b\u0430\u0433\u043e\u0434\u0430\u0440\u044f \u043e\u0442\u043b\u0438\u0447\u043d\u043e\u0439 \u0438\u0437\u043e\u043b\u044f\u0446\u0438\u0438.","og_url":"https:\/\/xstyle.md\/ro\/produs\/holodilnik-dometic-patrol-20-glow\/","og_site_name":"\u041c\u0430\u0433\u0430\u0437\u0438\u043d Xstyle","article_publisher":"https:\/\/www.facebook.com\/xstylemd","article_modified_time":"2026-03-19T13:50:13+00:00","og_image":[{"width":900,"height":854,"url":"https:\/\/xstyle.md\/wp-content\/uploads\/2022\/11\/dometic-patrol-20-glow.jpg","type":"image\/jpeg"}],"twitter_card":"summary_large_image","twitter_misc":{"Pre\u021b":"5.190&nbsp;MDL","Disponibilitate":"\u00cen stoc"},"schema":{"@context":"https:\/\/schema.org","@graph":[{"@type":"WebPage","@id":"https:\/\/xstyle.md\/product\/holodilnik-dometic-patrol-20-glow\/","url":"https:\/\/xstyle.md\/product\/holodilnik-dometic-patrol-20-glow\/","name":"Frigider Dometic Patrol 20 glow - Magazin Xstyle","isPartOf":{"@id":"https:\/\/xstyle.md\/#website"},"primaryImageOfPage":{"@id":"https:\/\/xstyle.md\/product\/holodilnik-dometic-patrol-20-glow\/#primaryimage"},"image":{"@id":"https:\/\/xstyle.md\/product\/holodilnik-dometic-patrol-20-glow\/#primaryimage"},"thumbnailUrl":"https:\/\/xstyle.md\/wp-content\/uploads\/2022\/11\/dometic-patrol-20-glow.jpg","datePublished":"2022-11-15T17:29:29+00:00","dateModified":"2026-03-19T13:50:13+00:00","description":"Descoperi\u021bi frigiderul Dometic Patrol 20 glow! Ideal pentru activit\u0103\u021bi \u00een aer liber: p\u0103streaz\u0103 ghea\u021ba \u00eentreag\u0103 toat\u0103 ziua datorit\u0103 izola\u021biei excelente.","breadcrumb":{"@id":"https:\/\/xstyle.md\/product\/holodilnik-dometic-patrol-20-glow\/#breadcrumb"},"inLanguage":"ro-RO","potentialAction":[{"@type":"ReadAction","target":["https:\/\/xstyle.md\/product\/holodilnik-dometic-patrol-20-glow\/"]}]},{"@type":"ImageObject","inLanguage":"ro-RO","@id":"https:\/\/xstyle.md\/product\/holodilnik-dometic-patrol-20-glow\/#primaryimage","url":"https:\/\/xstyle.md\/wp-content\/uploads\/2022\/11\/dometic-patrol-20-glow.jpg","contentUrl":"https:\/\/xstyle.md\/wp-content\/uploads\/2022\/11\/dometic-patrol-20-glow.jpg","width":900,"height":854,"caption":"\u0420\u0443\u043a\u043e\u044f\u0442\u044c \u0445\u043e\u043b\u043e\u0434\u0438\u043b\u044c\u043d\u0438\u043a\u0430 Dometic Patrol 20 \u0441 \u043f\u043e\u0434\u0441\u0432\u0435\u0442\u043a\u043e\u0439 \u0434\u043b\u044f \u0430\u043a\u0442\u0438\u0432\u043d\u043e\u0439 \u0436\u0438\u0437\u043d\u0438, \u043f\u0443\u0442\u0435\u0448\u0435\u0441\u0442\u0432\u0438\u0439, \u0445\u0430\u0439\u043a\u0438\u043d\u0433\u0430 \u0438 \u0430\u043b\u044c\u043f\u0438\u043d\u0438\u0437\u043c\u0430 \u0432 \u0441\u043f\u043e\u0440\u0442\u0438\u0432\u043d\u043e\u0439 \u043e\u0434\u0435\u0436\u0434\u0435 \u0438 \u043e\u0431\u0443\u0432\u0438"},{"@type":"BreadcrumbList","@id":"https:\/\/xstyle.md\/product\/holodilnik-dometic-patrol-20-glow\/#breadcrumb","itemListElement":[{"@type":"ListItem","position":1,"name":"\u0413\u043b\u0430\u0432\u043d\u0430\u044f \u0441\u0442\u0440\u0430\u043d\u0438\u0446\u0430","item":"https:\/\/xstyle.md\/"},{"@type":"ListItem","position":2,"name":"\u041c\u0430\u0433\u0430\u0437\u0438\u043d","item":"https:\/\/xstyle.md\/shop\/"},{"@type":"ListItem","position":3,"name":"\u0425\u043e\u043b\u043e\u0434\u0438\u043b\u044c\u043d\u0438\u043a Dometic Patrol 20 glow"}]},{"@type":"WebSite","@id":"https:\/\/xstyle.md\/#website","url":"https:\/\/xstyle.md\/","name":"Magazinul X-Style","description":"Echipamente pentru turism \u0219i sporturi extreme \u00een Moldova. Pre\u021buri, fotografii, caracteristici \u00een Moldova.","publisher":{"@id":"https:\/\/xstyle.md\/#organization"},"alternateName":"X-Style","potentialAction":[{"@type":"SearchAction","target":{"@type":"EntryPoint","urlTemplate":"https:\/\/xstyle.md\/?s={search_term_string}"},"query-input":{"@type":"PropertyValueSpecification","valueRequired":true,"valueName":"search_term_string"}}],"inLanguage":"ro-RO"},{"@type":"Organization","@id":"https:\/\/xstyle.md\/#organization","name":"Magazinul X-Style","alternateName":"x-style","url":"https:\/\/xstyle.md\/","logo":{"@type":"ImageObject","inLanguage":"ro-RO","@id":"https:\/\/xstyle.md\/#\/schema\/logo\/image\/","url":"https:\/\/xstyle.md\/wp-content\/uploads\/2020\/06\/logoicon.svg","contentUrl":"https:\/\/xstyle.md\/wp-content\/uploads\/2020\/06\/logoicon.svg","caption":"\u041c\u0430\u0433\u0430\u0437\u0438\u043d Xstyle"},"image":{"@id":"https:\/\/xstyle.md\/#\/schema\/logo\/image\/"},"sameAs":["https:\/\/www.facebook.com\/xstylemd","https:\/\/www.instagram.com\/xstyle_md\/","https:\/\/t.me\/xstyle_outdoor"],"hasMerchantReturnPolicy":{"@type":"MerchantReturnPolicy","merchantReturnLink":"https:\/\/xstyle.md\/ro\/conditions\/"}}]},"product_price_amount":"5190.00","product_price_currency":"MDL","og_availability":"instock","product_availability":"instock","product_retailer_item_id":"713814336318","product_condition":"new"},"post_mailing_queue_ids":[],"_links":{"self":[{"href":"https:\/\/xstyle.md\/ro\/wp-json\/wp\/v2\/product\/58967","targetHints":{"allow":["GET"]}}],"collection":[{"href":"https:\/\/xstyle.md\/ro\/wp-json\/wp\/v2\/product"}],"about":[{"href":"https:\/\/xstyle.md\/ro\/wp-json\/wp\/v2\/types\/product"}],"replies":[{"embeddable":true,"href":"https:\/\/xstyle.md\/ro\/wp-json\/wp\/v2\/comments?post=58967"}],"wp:featuredmedia":[{"embeddable":true,"href":"https:\/\/xstyle.md\/ro\/wp-json\/wp\/v2\/media\/60590"}],"wp:attachment":[{"href":"https:\/\/xstyle.md\/ro\/wp-json\/wp\/v2\/media?parent=58967"}],"wp:term":[{"taxonomy":"product_brand","embeddable":true,"href":"https:\/\/xstyle.md\/ro\/wp-json\/wp\/v2\/product_brand?post=58967"},{"taxonomy":"product_cat","embeddable":true,"href":"https:\/\/xstyle.md\/ro\/wp-json\/wp\/v2\/product_cat?post=58967"},{"taxonomy":"product_tag","embeddable":true,"href":"https:\/\/xstyle.md\/ro\/wp-json\/wp\/v2\/product_tag?post=58967"}],"curies":[{"name":"wp","href":"https:\/\/api.w.org\/{rel}","templated":true}]}}