{"id":58805,"date":"2022-11-14T19:54:40","date_gmt":"2022-11-14T16:54:40","guid":{"rendered":"https:\/\/xstyle.md\/?post_type=product&#038;p=58805"},"modified":"2026-03-19T16:50:01","modified_gmt":"2026-03-19T13:50:01","slug":"futbolka-aimo-seamless-sport-t-shirt-mns-blue","status":"publish","type":"product","link":"https:\/\/xstyle.md\/ro\/produs\/futbolka-aimo-seamless-sport-t-shirt-mns-blue\/","title":{"rendered":"Tricou Aimo Seamless Sport T-shirt Mns blue"},"content":{"rendered":"<p><strong>Aimo Seamless Sport T-shirt<\/strong> - tricou sportiv sub\u021bire \u0219i u\u0219or pentru antrenamente extrem de confortabile \u00een interior \u0219i \u00een exterior. Tricou cu design obi\u0219nuit, lier st\u0103 pe corp \u0219i f\u0103r\u0103 cus\u0103turi, cu tehnologie de eliminare a umezelii \u0219i de uscare rapid\u0103.<\/p>\n<h3>Particularit\u0103\u021bi<\/h3>\n<ul>\n<li>Quick Dry - materialul reduce senza\u021bia de umezeal\u0103 prin eliminarea transpira\u021biei \u0219i uscarea rapid\u0103 a materialului;<\/li>\n<li>Material sub\u021bire \u0219i respirabil;<\/li>\n<li>Logo mic pe piept \u0219i inser\u021bii pe spate;<\/li>\n<li>Libertate de mi\u0219care - elasticitatea \u0219i moliciunea materialului ofer\u0103 o senza\u021bie u\u0219oar\u0103 \u0219i pl\u0103cut\u0103 atunci c\u00e2nd este purtat\u0103;<\/li>\n<li>Cus\u0103turi plate;<\/li>\n<li>Fabricat \u00een Moldova.<\/li>\n<\/ul>\n<h3>Caracteristici<\/h3>\n<ul>\n<li>Material - 95% Polyester, 5% Elastan;<\/li>\n<li>Sezon - tot sezonul;<\/li>\n<li>Aplicare - sport\/alergare\/antrenamente;<\/li>\n<li>Model - pentru b\u0103rba\u021bi.<\/li>\n<\/ul>\n<h3>Marca<\/h3>\n<p>AIMO - este un brand made in Moldova care creeaz\u0103 haine pentru sport \u0219i agrement. Istoria m\u0103rcii a \u00eenceput la sf\u00e2r\u0219itul anului 2015 cu dorin\u021ba de a aduce pe pia\u021b\u0103 un produs modern, inovator \u0219i competitiv. Experien\u021ba anterioar\u0103 \u00een industria de \u00eembr\u0103c\u0103minte a alimentat cre\u0219terea afacerii, cu toate acestea, entuziasmul, perseveren\u021ba \u0219i pasiunea au devenit fundamentul a ceea ce este AIMO ast\u0103zi. Investi\u021biile \u0219i progresul continuu \u00een \u00eembun\u0103t\u0103\u021birea tehnologiilor de produc\u021bie, a textilelor \u0219i a designului au modelat identitatea m\u0103rcii \u0219i au contribuit la diferen\u021bierea acestuia pe pia\u021ba intern\u0103.<\/p>","protected":false},"excerpt":{"rendered":"<p>Aimo Seamless Sport T-shirt &#8212; \u0442\u043e\u043d\u043a\u0430\u044f \u0438 \u043b\u0435\u0433\u043a\u0430\u044f \u0441\u043f\u043e\u0440\u0442\u0438\u0432\u043d\u0430\u044f \u0444\u0443\u0442\u0431\u043e\u043b\u043a\u0430 \u0434\u043b\u044f \u0443\u043b\u044c\u0442\u0440\u0430\u043a\u043e\u043c\u0444\u043e\u0440\u0442\u043d\u044b\u0445 \u0442\u0440\u0435\u043d\u0438\u0440\u043e\u0432\u043e\u043a \u043a\u0430\u043a \u0432 \u043f\u043e\u043c\u0435\u0449\u0435\u043d\u0438\u0438, \u0442\u0430\u043a \u0438 \u043d\u0430 \u043e\u0442\u043a\u0440\u044b\u0442\u043e\u043c \u0432\u043e\u0437\u0434\u0443\u0445\u0435. \u0424\u0443\u0442\u0431\u043e\u043b\u043a\u0430 \u0441\u0442\u0430\u043d\u0434\u0430\u0440\u0442\u043d\u043e\u0433\u043e \u0434\u0438\u0437\u0430\u0439\u043d\u0430, \u0441\u0432\u043e\u0431\u043e\u0434\u043d\u0430\u044f \u0438 \u0431\u0435\u0441\u0448\u043e\u0432\u043d\u0430\u044f, \u0441 \u0432\u043b\u0430\u0433\u043e\u043e\u0442\u0432\u043e\u0434\u044f\u0449\u0435\u0439 \u0438 \u0431\u044b\u0441\u0442\u0440\u043e\u0441\u043e\u0445\u043d\u0443\u0449\u0435\u0439 \u0442\u0435\u0445\u043d\u043e\u043b\u043e\u0433\u0438\u0435\u0439. \u041e\u0441\u043e\u0431\u0435\u043d\u043d\u043e\u0441\u0442\u0438 Quick Dry\u00a0&#8212; \u043c\u0430\u0442\u0435\u0440\u0438\u0430\u043b \u0441\u043d\u0438\u0436\u0430\u0435\u0442 \u043e\u0449\u0443\u0449\u0435\u043d\u0438\u0435 \u0432\u043b\u0430\u0436\u043d\u043e\u0441\u0442\u0438 \u0437\u0430 \u0441\u0447\u0435\u0442 \u043e\u0442\u0432\u043e\u0434\u0430 \u043f\u043e\u0442\u0430 \u0438 \u0431\u044b\u0441\u0442\u0440\u043e\u0433\u043e \u0432\u044b\u0441\u044b\u0445\u0430\u043d\u0438\u044f \u0442\u043a\u0430\u043d\u0438 \u0422\u043e\u043d\u043a\u0430\u044f \u0434\u044b\u0448\u0430\u0449\u0430\u044f \u0442\u043a\u0430\u043d\u044c \u041d\u0435\u0431\u043e\u043b\u044c\u0448\u043e\u0439 \u043b\u043e\u0433\u043e\u0442\u0438\u043f \u043d\u0430 \u0433\u0440\u0443\u0434\u0438 \u0438 [&hellip;]<\/p>\n","protected":false},"featured_media":58844,"comment_status":"closed","ping_status":"closed","template":"","meta":{"_acf_changed":false,"inline_featured_image":false},"product_brand":[1460],"product_cat":[880],"product_tag":[],"class_list":{"0":"post-58805","1":"product","2":"type-product","3":"status-publish","4":"has-post-thumbnail","6":"product_brand-aimo","7":"product_cat-short-sleeve-women","9":"first","10":"instock","11":"shipping-taxable","12":"purchasable","13":"product-type-simple"},"acf":[],"yoast_head":"<!-- This site is optimized with the Yoast SEO plugin v27.4 - https:\/\/yoast.com\/product\/yoast-seo-wordpress\/ -->\n<title>\u0424\u0443\u0442\u0431\u043e\u043b\u043a\u0430 Aimo Seamless Sport T-shirt Mns blue - \u041c\u0430\u0433\u0430\u0437\u0438\u043d Xstyle<\/title>\n<meta name=\"description\" content=\"\u041a\u0443\u043f\u0438\u0442\u0435 \u0441\u043f\u043e\u0440\u0442\u0438\u0432\u043d\u0443\u044e \u0444\u0443\u0442\u0431\u043e\u043b\u043a\u0443 Aimo Seamless \u0432 \u0433\u043e\u043b\u0443\u0431\u043e\u043c \u0446\u0432\u0435\u0442\u0435. \u0411\u044b\u0441\u0442\u0440\u043e \u0441\u043e\u0445\u043d\u0435\u0442, \u0443\u0434\u043e\u0431\u043d\u044b\u0439 \u0441\u043e\u0441\u0442\u0430\u0432: 95% \u0445\u043b\u043e\u043f\u043e\u043a, 5% \u044d\u043b\u0430\u0441\u0442\u0430\u043d. \u0421\u0434\u0435\u043b\u0430\u043d\u043e \u0432 \u041c\u043e\u043b\u0434\u043e\u0432\u0435 \u0441 2015 \u0433\u043e\u0434\u0430.\" \/>\n<meta name=\"robots\" content=\"index, follow, max-snippet:-1, max-image-preview:large, max-video-preview:-1\" \/>\n<link rel=\"canonical\" href=\"https:\/\/xstyle.md\/ro\/produs\/futbolka-aimo-seamless-sport-t-shirt-mns-blue\/\" \/>\n<meta property=\"og:locale\" content=\"ro_RO\" \/>\n<meta property=\"og:type\" content=\"article\" \/>\n<meta property=\"og:title\" content=\"\u0424\u0443\u0442\u0431\u043e\u043b\u043a\u0430 Aimo Seamless Sport T-shirt Mns blue - \u041c\u0430\u0433\u0430\u0437\u0438\u043d Xstyle\" \/>\n<meta property=\"og:description\" content=\"\u041a\u0443\u043f\u0438\u0442\u0435 \u0441\u043f\u043e\u0440\u0442\u0438\u0432\u043d\u0443\u044e \u0444\u0443\u0442\u0431\u043e\u043b\u043a\u0443 Aimo Seamless \u0432 \u0433\u043e\u043b\u0443\u0431\u043e\u043c \u0446\u0432\u0435\u0442\u0435. \u0411\u044b\u0441\u0442\u0440\u043e \u0441\u043e\u0445\u043d\u0435\u0442, \u0443\u0434\u043e\u0431\u043d\u044b\u0439 \u0441\u043e\u0441\u0442\u0430\u0432: 95% \u0445\u043b\u043e\u043f\u043e\u043a, 5% \u044d\u043b\u0430\u0441\u0442\u0430\u043d. \u0421\u0434\u0435\u043b\u0430\u043d\u043e \u0432 \u041c\u043e\u043b\u0434\u043e\u0432\u0435 \u0441 2015 \u0433\u043e\u0434\u0430.\" \/>\n<meta property=\"og:url\" content=\"https:\/\/xstyle.md\/ro\/produs\/futbolka-aimo-seamless-sport-t-shirt-mns-blue\/\" \/>\n<meta property=\"og:site_name\" content=\"\u041c\u0430\u0433\u0430\u0437\u0438\u043d Xstyle\" \/>\n<meta property=\"article:publisher\" content=\"https:\/\/www.facebook.com\/xstylemd\" \/>\n<meta property=\"article:modified_time\" content=\"2026-03-19T13:50:01+00:00\" \/>\n<meta property=\"og:image\" content=\"https:\/\/xstyle.md\/wp-content\/uploads\/2022\/11\/aimo-seamless-sport-t-shirt-mns-blue.jpg\" \/>\n\t<meta property=\"og:image:width\" content=\"885\" \/>\n\t<meta property=\"og:image:height\" content=\"910\" \/>\n\t<meta property=\"og:image:type\" content=\"image\/jpeg\" \/>\n<meta name=\"twitter:card\" content=\"summary_large_image\" \/>\n<meta name=\"twitter:label1\" content=\"Pre\u021b\" \/>\n\t<meta name=\"twitter:data1\" content=\"375&nbsp;MDL\" \/>\n\t<meta name=\"twitter:label2\" content=\"Disponibilitate\" \/>\n\t<meta name=\"twitter:data2\" content=\"\u00cen stoc\" \/>\n<script type=\"application\/ld+json\" class=\"yoast-schema-graph\">{\"@context\":\"https:\\\/\\\/schema.org\",\"@graph\":[{\"@type\":\"WebPage\",\"@id\":\"https:\\\/\\\/xstyle.md\\\/product\\\/futbolka-aimo-seamless-sport-t-shirt-mns-blue\\\/\",\"url\":\"https:\\\/\\\/xstyle.md\\\/product\\\/futbolka-aimo-seamless-sport-t-shirt-mns-blue\\\/\",\"name\":\"\u0424\u0443\u0442\u0431\u043e\u043b\u043a\u0430 Aimo Seamless Sport T-shirt Mns blue - \u041c\u0430\u0433\u0430\u0437\u0438\u043d Xstyle\",\"isPartOf\":{\"@id\":\"https:\\\/\\\/xstyle.md\\\/#website\"},\"primaryImageOfPage\":{\"@id\":\"https:\\\/\\\/xstyle.md\\\/product\\\/futbolka-aimo-seamless-sport-t-shirt-mns-blue\\\/#primaryimage\"},\"image\":{\"@id\":\"https:\\\/\\\/xstyle.md\\\/product\\\/futbolka-aimo-seamless-sport-t-shirt-mns-blue\\\/#primaryimage\"},\"thumbnailUrl\":\"https:\\\/\\\/xstyle.md\\\/wp-content\\\/uploads\\\/2022\\\/11\\\/aimo-seamless-sport-t-shirt-mns-blue.jpg\",\"datePublished\":\"2022-11-14T16:54:40+00:00\",\"dateModified\":\"2026-03-19T13:50:01+00:00\",\"description\":\"\u041a\u0443\u043f\u0438\u0442\u0435 \u0441\u043f\u043e\u0440\u0442\u0438\u0432\u043d\u0443\u044e \u0444\u0443\u0442\u0431\u043e\u043b\u043a\u0443 Aimo Seamless \u0432 \u0433\u043e\u043b\u0443\u0431\u043e\u043c \u0446\u0432\u0435\u0442\u0435. \u0411\u044b\u0441\u0442\u0440\u043e \u0441\u043e\u0445\u043d\u0435\u0442, \u0443\u0434\u043e\u0431\u043d\u044b\u0439 \u0441\u043e\u0441\u0442\u0430\u0432: 95% \u0445\u043b\u043e\u043f\u043e\u043a, 5% \u044d\u043b\u0430\u0441\u0442\u0430\u043d. \u0421\u0434\u0435\u043b\u0430\u043d\u043e \u0432 \u041c\u043e\u043b\u0434\u043e\u0432\u0435 \u0441 2015 \u0433\u043e\u0434\u0430.\",\"breadcrumb\":{\"@id\":\"https:\\\/\\\/xstyle.md\\\/product\\\/futbolka-aimo-seamless-sport-t-shirt-mns-blue\\\/#breadcrumb\"},\"inLanguage\":\"ro-RO\",\"potentialAction\":[{\"@type\":\"ReadAction\",\"target\":[\"https:\\\/\\\/xstyle.md\\\/product\\\/futbolka-aimo-seamless-sport-t-shirt-mns-blue\\\/\"]}]},{\"@type\":\"ImageObject\",\"inLanguage\":\"ro-RO\",\"@id\":\"https:\\\/\\\/xstyle.md\\\/product\\\/futbolka-aimo-seamless-sport-t-shirt-mns-blue\\\/#primaryimage\",\"url\":\"https:\\\/\\\/xstyle.md\\\/wp-content\\\/uploads\\\/2022\\\/11\\\/aimo-seamless-sport-t-shirt-mns-blue.jpg\",\"contentUrl\":\"https:\\\/\\\/xstyle.md\\\/wp-content\\\/uploads\\\/2022\\\/11\\\/aimo-seamless-sport-t-shirt-mns-blue.jpg\",\"width\":885,\"height\":910,\"caption\":\"\u041c\u043e\u0434\u0435\u043b\u044c \u0432 \u0441\u0438\u043d\u0435\u0439 \u0441\u043f\u043e\u0440\u0442\u0438\u0432\u043d\u043e\u0439 \u0444\u0443\u0442\u0431\u043e\u043b\u043a\u0435 Aimo Seamless \u0434\u043b\u044f \u0430\u043a\u0442\u0438\u0432\u043d\u043e\u0433\u043e \u043e\u0442\u0434\u044b\u0445\u0430, \u043f\u043e\u0445\u043e\u0434\u043e\u0432 \u0438 \u043f\u0443\u0442\u0435\u0448\u0435\u0441\u0442\u0432\u0438\u0439 \u043d\u0430 \u043e\u043d\u043b\u0430\u0439\u043d \u043c\u0430\u0433\u0430\u0437\u0438\u043d\u0435 \u0441\u043f\u043e\u0440\u0442\u0438\u0432\u043d\u043e\u0439 \u043e\u0434\u0435\u0436\u0434\u044b \u0438 \u043e\u0431\u0443\u0432\u0438, \u043f\u043e\u0434\u0445\u043e\u0434\u0438\u0442 \u0434\u043b\u044f \u0430\u043b\u044c\u043f\u0438\u043d\u0438\u0437\u043c\u0430, \u0442\u0443\u0440\u0438\u0437\u043c\u0430 \u0438 \u0430\u043a\u0442\u0438\u0432\u043d\u043e\u0433\u043e \u043e\u0431\u0440\u0430\u0437\u0430 \u0436\u0438\u0437\u043d\u0438\"},{\"@type\":\"BreadcrumbList\",\"@id\":\"https:\\\/\\\/xstyle.md\\\/product\\\/futbolka-aimo-seamless-sport-t-shirt-mns-blue\\\/#breadcrumb\",\"itemListElement\":[{\"@type\":\"ListItem\",\"position\":1,\"name\":\"\u0413\u043b\u0430\u0432\u043d\u0430\u044f \u0441\u0442\u0440\u0430\u043d\u0438\u0446\u0430\",\"item\":\"https:\\\/\\\/xstyle.md\\\/\"},{\"@type\":\"ListItem\",\"position\":2,\"name\":\"\u041c\u0430\u0433\u0430\u0437\u0438\u043d\",\"item\":\"https:\\\/\\\/xstyle.md\\\/shop\\\/\"},{\"@type\":\"ListItem\",\"position\":3,\"name\":\"\u0424\u0443\u0442\u0431\u043e\u043b\u043a\u0430 Aimo Seamless Sport T-shirt Mns blue\"}]},{\"@type\":\"WebSite\",\"@id\":\"https:\\\/\\\/xstyle.md\\\/#website\",\"url\":\"https:\\\/\\\/xstyle.md\\\/\",\"name\":\"\u041c\u0430\u0433\u0430\u0437\u0438\u043d Xstyle\",\"description\":\"C\u043d\u0430\u0440\u044f\u0436\u0435\u043d\u0438\u0435 \u0434\u043b\u044f \u0442\u0443\u0440\u0438\u0437\u043c\u0430 \u0438 \u044d\u043a\u0441\u0442\u0440\u0435\u043c\u0430\u043b\u044c\u043d\u044b\u0445 \u0432\u0438\u0434\u043e\u0432 \u0441\u043f\u043e\u0440\u0442\u0430 \u0432 \u041c\u043e\u043b\u0434\u043e\u0432\u0435.. \u0426\u0435\u043d\u044b, \u0444\u043e\u0442\u043e, \u0445\u0430\u0440\u0430\u043a\u0442\u0435\u0440\u0438\u0441\u0442\u0438\u043a\u0438 \u0432 \u041c\u043e\u043b\u0434\u043e\u0432\u0435.\",\"publisher\":{\"@id\":\"https:\\\/\\\/xstyle.md\\\/#organization\"},\"alternateName\":\"X-Style\",\"potentialAction\":[{\"@type\":\"SearchAction\",\"target\":{\"@type\":\"EntryPoint\",\"urlTemplate\":\"https:\\\/\\\/xstyle.md\\\/?s={search_term_string}\"},\"query-input\":{\"@type\":\"PropertyValueSpecification\",\"valueRequired\":true,\"valueName\":\"search_term_string\"}}],\"inLanguage\":\"ro-RO\"},{\"@type\":\"Organization\",\"@id\":\"https:\\\/\\\/xstyle.md\\\/#organization\",\"name\":\"\u041c\u0430\u0433\u0430\u0437\u0438\u043d Xstyle\",\"alternateName\":\"x-style\",\"url\":\"https:\\\/\\\/xstyle.md\\\/\",\"logo\":{\"@type\":\"ImageObject\",\"inLanguage\":\"ro-RO\",\"@id\":\"https:\\\/\\\/xstyle.md\\\/#\\\/schema\\\/logo\\\/image\\\/\",\"url\":\"https:\\\/\\\/xstyle.md\\\/wp-content\\\/uploads\\\/2020\\\/06\\\/logoicon.svg\",\"contentUrl\":\"https:\\\/\\\/xstyle.md\\\/wp-content\\\/uploads\\\/2020\\\/06\\\/logoicon.svg\",\"caption\":\"\u041c\u0430\u0433\u0430\u0437\u0438\u043d Xstyle\"},\"image\":{\"@id\":\"https:\\\/\\\/xstyle.md\\\/#\\\/schema\\\/logo\\\/image\\\/\"},\"sameAs\":[\"https:\\\/\\\/www.facebook.com\\\/xstylemd\",\"https:\\\/\\\/www.instagram.com\\\/xstyle_md\\\/\",\"https:\\\/\\\/t.me\\\/xstyle_outdoor\"],\"hasMerchantReturnPolicy\":{\"@type\":\"MerchantReturnPolicy\",\"merchantReturnLink\":\"https:\\\/\\\/xstyle.md\\\/ro\\\/conditions\\\/\"}}]}<\/script>\n<meta property=\"product:price:amount\" content=\"375.00\" \/>\n<meta property=\"product:price:currency\" content=\"MDL\" \/>\n<meta property=\"og:availability\" content=\"instock\" \/>\n<meta property=\"product:availability\" content=\"instock\" \/>\n<meta property=\"product:retailer_item_id\" content=\"4842189012490\" \/>\n<meta property=\"product:condition\" content=\"new\" \/>\n<!-- \/ Yoast SEO plugin. -->","yoast_head_json":{"title":"Tricou Aimo Seamless Sport T-shirt Mns blue - Magazin Xstyle","description":"\u041a\u0443\u043f\u0438\u0442\u0435 \u0441\u043f\u043e\u0440\u0442\u0438\u0432\u043d\u0443\u044e \u0444\u0443\u0442\u0431\u043e\u043b\u043a\u0443 Aimo Seamless \u0432 \u0433\u043e\u043b\u0443\u0431\u043e\u043c \u0446\u0432\u0435\u0442\u0435. \u0411\u044b\u0441\u0442\u0440\u043e \u0441\u043e\u0445\u043d\u0435\u0442, \u0443\u0434\u043e\u0431\u043d\u044b\u0439 \u0441\u043e\u0441\u0442\u0430\u0432: 95% \u0445\u043b\u043e\u043f\u043e\u043a, 5% \u044d\u043b\u0430\u0441\u0442\u0430\u043d. \u0421\u0434\u0435\u043b\u0430\u043d\u043e \u0432 \u041c\u043e\u043b\u0434\u043e\u0432\u0435 \u0441 2015 \u0433\u043e\u0434\u0430.","robots":{"index":"index","follow":"follow","max-snippet":"max-snippet:-1","max-image-preview":"max-image-preview:large","max-video-preview":"max-video-preview:-1"},"canonical":"https:\/\/xstyle.md\/ro\/produs\/futbolka-aimo-seamless-sport-t-shirt-mns-blue\/","og_locale":"ro_RO","og_type":"article","og_title":"\u0424\u0443\u0442\u0431\u043e\u043b\u043a\u0430 Aimo Seamless Sport T-shirt Mns blue - \u041c\u0430\u0433\u0430\u0437\u0438\u043d Xstyle","og_description":"\u041a\u0443\u043f\u0438\u0442\u0435 \u0441\u043f\u043e\u0440\u0442\u0438\u0432\u043d\u0443\u044e \u0444\u0443\u0442\u0431\u043e\u043b\u043a\u0443 Aimo Seamless \u0432 \u0433\u043e\u043b\u0443\u0431\u043e\u043c \u0446\u0432\u0435\u0442\u0435. \u0411\u044b\u0441\u0442\u0440\u043e \u0441\u043e\u0445\u043d\u0435\u0442, \u0443\u0434\u043e\u0431\u043d\u044b\u0439 \u0441\u043e\u0441\u0442\u0430\u0432: 95% \u0445\u043b\u043e\u043f\u043e\u043a, 5% \u044d\u043b\u0430\u0441\u0442\u0430\u043d. \u0421\u0434\u0435\u043b\u0430\u043d\u043e \u0432 \u041c\u043e\u043b\u0434\u043e\u0432\u0435 \u0441 2015 \u0433\u043e\u0434\u0430.","og_url":"https:\/\/xstyle.md\/ro\/produs\/futbolka-aimo-seamless-sport-t-shirt-mns-blue\/","og_site_name":"\u041c\u0430\u0433\u0430\u0437\u0438\u043d Xstyle","article_publisher":"https:\/\/www.facebook.com\/xstylemd","article_modified_time":"2026-03-19T13:50:01+00:00","og_image":[{"width":885,"height":910,"url":"https:\/\/xstyle.md\/wp-content\/uploads\/2022\/11\/aimo-seamless-sport-t-shirt-mns-blue.jpg","type":"image\/jpeg"}],"twitter_card":"summary_large_image","twitter_misc":{"Pre\u021b":"375&nbsp;MDL","Disponibilitate":"\u00cen stoc"},"schema":{"@context":"https:\/\/schema.org","@graph":[{"@type":"WebPage","@id":"https:\/\/xstyle.md\/product\/futbolka-aimo-seamless-sport-t-shirt-mns-blue\/","url":"https:\/\/xstyle.md\/product\/futbolka-aimo-seamless-sport-t-shirt-mns-blue\/","name":"Tricou Aimo Seamless Sport T-shirt Mns blue - Magazin Xstyle","isPartOf":{"@id":"https:\/\/xstyle.md\/#website"},"primaryImageOfPage":{"@id":"https:\/\/xstyle.md\/product\/futbolka-aimo-seamless-sport-t-shirt-mns-blue\/#primaryimage"},"image":{"@id":"https:\/\/xstyle.md\/product\/futbolka-aimo-seamless-sport-t-shirt-mns-blue\/#primaryimage"},"thumbnailUrl":"https:\/\/xstyle.md\/wp-content\/uploads\/2022\/11\/aimo-seamless-sport-t-shirt-mns-blue.jpg","datePublished":"2022-11-14T16:54:40+00:00","dateModified":"2026-03-19T13:50:01+00:00","description":"\u041a\u0443\u043f\u0438\u0442\u0435 \u0441\u043f\u043e\u0440\u0442\u0438\u0432\u043d\u0443\u044e \u0444\u0443\u0442\u0431\u043e\u043b\u043a\u0443 Aimo Seamless \u0432 \u0433\u043e\u043b\u0443\u0431\u043e\u043c \u0446\u0432\u0435\u0442\u0435. \u0411\u044b\u0441\u0442\u0440\u043e \u0441\u043e\u0445\u043d\u0435\u0442, \u0443\u0434\u043e\u0431\u043d\u044b\u0439 \u0441\u043e\u0441\u0442\u0430\u0432: 95% \u0445\u043b\u043e\u043f\u043e\u043a, 5% \u044d\u043b\u0430\u0441\u0442\u0430\u043d. \u0421\u0434\u0435\u043b\u0430\u043d\u043e \u0432 \u041c\u043e\u043b\u0434\u043e\u0432\u0435 \u0441 2015 \u0433\u043e\u0434\u0430.","breadcrumb":{"@id":"https:\/\/xstyle.md\/product\/futbolka-aimo-seamless-sport-t-shirt-mns-blue\/#breadcrumb"},"inLanguage":"ro-RO","potentialAction":[{"@type":"ReadAction","target":["https:\/\/xstyle.md\/product\/futbolka-aimo-seamless-sport-t-shirt-mns-blue\/"]}]},{"@type":"ImageObject","inLanguage":"ro-RO","@id":"https:\/\/xstyle.md\/product\/futbolka-aimo-seamless-sport-t-shirt-mns-blue\/#primaryimage","url":"https:\/\/xstyle.md\/wp-content\/uploads\/2022\/11\/aimo-seamless-sport-t-shirt-mns-blue.jpg","contentUrl":"https:\/\/xstyle.md\/wp-content\/uploads\/2022\/11\/aimo-seamless-sport-t-shirt-mns-blue.jpg","width":885,"height":910,"caption":"\u041c\u043e\u0434\u0435\u043b\u044c \u0432 \u0441\u0438\u043d\u0435\u0439 \u0441\u043f\u043e\u0440\u0442\u0438\u0432\u043d\u043e\u0439 \u0444\u0443\u0442\u0431\u043e\u043b\u043a\u0435 Aimo Seamless \u0434\u043b\u044f \u0430\u043a\u0442\u0438\u0432\u043d\u043e\u0433\u043e \u043e\u0442\u0434\u044b\u0445\u0430, \u043f\u043e\u0445\u043e\u0434\u043e\u0432 \u0438 \u043f\u0443\u0442\u0435\u0448\u0435\u0441\u0442\u0432\u0438\u0439 \u043d\u0430 \u043e\u043d\u043b\u0430\u0439\u043d \u043c\u0430\u0433\u0430\u0437\u0438\u043d\u0435 \u0441\u043f\u043e\u0440\u0442\u0438\u0432\u043d\u043e\u0439 \u043e\u0434\u0435\u0436\u0434\u044b \u0438 \u043e\u0431\u0443\u0432\u0438, \u043f\u043e\u0434\u0445\u043e\u0434\u0438\u0442 \u0434\u043b\u044f \u0430\u043b\u044c\u043f\u0438\u043d\u0438\u0437\u043c\u0430, \u0442\u0443\u0440\u0438\u0437\u043c\u0430 \u0438 \u0430\u043a\u0442\u0438\u0432\u043d\u043e\u0433\u043e \u043e\u0431\u0440\u0430\u0437\u0430 \u0436\u0438\u0437\u043d\u0438"},{"@type":"BreadcrumbList","@id":"https:\/\/xstyle.md\/product\/futbolka-aimo-seamless-sport-t-shirt-mns-blue\/#breadcrumb","itemListElement":[{"@type":"ListItem","position":1,"name":"\u0413\u043b\u0430\u0432\u043d\u0430\u044f \u0441\u0442\u0440\u0430\u043d\u0438\u0446\u0430","item":"https:\/\/xstyle.md\/"},{"@type":"ListItem","position":2,"name":"\u041c\u0430\u0433\u0430\u0437\u0438\u043d","item":"https:\/\/xstyle.md\/shop\/"},{"@type":"ListItem","position":3,"name":"\u0424\u0443\u0442\u0431\u043e\u043b\u043a\u0430 Aimo Seamless Sport T-shirt Mns blue"}]},{"@type":"WebSite","@id":"https:\/\/xstyle.md\/#website","url":"https:\/\/xstyle.md\/","name":"Magazinul X-Style","description":"Echipamente pentru turism \u0219i sporturi extreme \u00een Moldova. Pre\u021buri, fotografii, caracteristici \u00een Moldova.","publisher":{"@id":"https:\/\/xstyle.md\/#organization"},"alternateName":"X-Style","potentialAction":[{"@type":"SearchAction","target":{"@type":"EntryPoint","urlTemplate":"https:\/\/xstyle.md\/?s={search_term_string}"},"query-input":{"@type":"PropertyValueSpecification","valueRequired":true,"valueName":"search_term_string"}}],"inLanguage":"ro-RO"},{"@type":"Organization","@id":"https:\/\/xstyle.md\/#organization","name":"Magazinul X-Style","alternateName":"x-style","url":"https:\/\/xstyle.md\/","logo":{"@type":"ImageObject","inLanguage":"ro-RO","@id":"https:\/\/xstyle.md\/#\/schema\/logo\/image\/","url":"https:\/\/xstyle.md\/wp-content\/uploads\/2020\/06\/logoicon.svg","contentUrl":"https:\/\/xstyle.md\/wp-content\/uploads\/2020\/06\/logoicon.svg","caption":"\u041c\u0430\u0433\u0430\u0437\u0438\u043d Xstyle"},"image":{"@id":"https:\/\/xstyle.md\/#\/schema\/logo\/image\/"},"sameAs":["https:\/\/www.facebook.com\/xstylemd","https:\/\/www.instagram.com\/xstyle_md\/","https:\/\/t.me\/xstyle_outdoor"],"hasMerchantReturnPolicy":{"@type":"MerchantReturnPolicy","merchantReturnLink":"https:\/\/xstyle.md\/ro\/conditions\/"}}]},"product_price_amount":"375.00","product_price_currency":"MDL","og_availability":"instock","product_availability":"instock","product_retailer_item_id":"4842189012490","product_condition":"new"},"_links":{"self":[{"href":"https:\/\/xstyle.md\/ro\/wp-json\/wp\/v2\/product\/58805","targetHints":{"allow":["GET"]}}],"collection":[{"href":"https:\/\/xstyle.md\/ro\/wp-json\/wp\/v2\/product"}],"about":[{"href":"https:\/\/xstyle.md\/ro\/wp-json\/wp\/v2\/types\/product"}],"replies":[{"embeddable":true,"href":"https:\/\/xstyle.md\/ro\/wp-json\/wp\/v2\/comments?post=58805"}],"wp:featuredmedia":[{"embeddable":true,"href":"https:\/\/xstyle.md\/ro\/wp-json\/wp\/v2\/media\/58844"}],"wp:attachment":[{"href":"https:\/\/xstyle.md\/ro\/wp-json\/wp\/v2\/media?parent=58805"}],"wp:term":[{"taxonomy":"product_brand","embeddable":true,"href":"https:\/\/xstyle.md\/ro\/wp-json\/wp\/v2\/product_brand?post=58805"},{"taxonomy":"product_cat","embeddable":true,"href":"https:\/\/xstyle.md\/ro\/wp-json\/wp\/v2\/product_cat?post=58805"},{"taxonomy":"product_tag","embeddable":true,"href":"https:\/\/xstyle.md\/ro\/wp-json\/wp\/v2\/product_tag?post=58805"}],"curies":[{"name":"wp","href":"https:\/\/api.w.org\/{rel}","templated":true}]}}