{"id":58792,"date":"2022-11-14T15:25:44","date_gmt":"2022-11-14T12:25:44","guid":{"rendered":"https:\/\/xstyle.md\/?post_type=product&#038;p=58792"},"modified":"2026-02-10T15:16:26","modified_gmt":"2026-02-10T12:16:26","slug":"perchatki-accapi-cashmere-under-gloves-iron","status":"publish","type":"product","link":"https:\/\/xstyle.md\/ro\/produs\/perchatki-accapi-cashmere-under-gloves-iron\/","title":{"rendered":"M\u0103nu\u0219i liner (pe sub m\u0103nu\u0219i) Accapi Ca\u0219mir"},"content":{"rendered":"<p><\/p>\n<p>M\u0103nu\u0219ile liner (pe sub m\u0103nu\u0219i)\u00a0<strong> Accapi Cashmere Under Gloves Iron<\/strong> sunt ideale pentru plimb\u0103ri la munte sau prin ora\u0219 \u00een cea mai rece vreme. Combina\u021bia de ca\u0219mir moale \u0219i materialul cald \u0219i respirabil PrimaLoft\u00ae Bio\u2122 permite ob\u021binerea unei \u021bes\u0103turi u\u0219oare \u0219i confortabile, care este extrem de pl\u0103cut\u0103 la atingere, oferind \u00een acela\u0219i timp o izola\u021bie excelent\u0103 \u0219i men\u021bin\u00e2nd c\u0103ldura. Designul f\u0103r\u0103 cus\u0103turi 3D se muleaz\u0103 perfect pe m\u00e2ini f\u0103r\u0103 a le restric\u021biona, permi\u021b\u00e2nd men\u021binerea unei aderen\u021be maxime.<\/p>\n<h3>Caracteristici<\/h3>\n<ul>\n<li>Material \u2013 36% Lyocell, 29% poliester, 25% poliamid\u0103, 7% ca\u0219mir, 3% elastan<\/li>\n<li>Destina\u021bie \u2013 sporturi de iarn\u0103 \/ activit\u0103\u021bi outdoor<\/li>\n<li>Sezon \u2013 toamn\u0103 \/ iarn\u0103<\/li>\n<li>Model \u2013 unisex<\/li>\n<\/ul>\n<h3>Tehnologii<\/h3>\n<ul>\n<li><strong>PrimaLoft\u00ae Bio<\/strong>\u2122 \u2013 o tehnologie inovatoare care a dus la crearea primei \u021bes\u0103turi sintetice din lume realizat\u0103 din material 100% reciclat \u0219i biodegradabil, garant\u00e2nd performan\u021be superioare \u0219i confortul vestimentar.<\/li>\n<li><strong>Cashmere<\/strong> (Ca\u0219mir) \u2013 este o fibr\u0103 natural\u0103 ob\u021binut\u0103 din puful caprelor care tr\u0103iesc \u00een condi\u021biile extreme ale zonelor \u00eenalte din Asia. Ca\u0219mirul, \u00een combina\u021bie cu alte fibre, creeaz\u0103 haine moi, calde, u\u0219oare \u0219i foarte confortabile, cu caracteristici excelente.<\/li>\n<li><strong>TFT (Touch Feel Technology)<\/strong> \u2013 tehnologie care permite fabricarea unor articole de \u00eembr\u0103c\u0103minte extrem de sub\u021biri, cu o sensibilitate maxim\u0103, datorit\u0103 miniaturiz\u0103rii \u0219i utiliz\u0103rii unor fire speciale. Aceast\u0103 caracteristic\u0103 face produsele deosebit de potrivite pentru sport, sporind performan\u021ba printr-un control \u00eembun\u0103t\u0103\u021bit \u00een timpul activit\u0103\u021bii. \u00cen plus, garanteaz\u0103 un confort inegalabil \u00een utilizarea cotidian\u0103.<\/li>\n<li><strong>VAPOR<\/strong> ++ \u2013 tratament termic cu abur, \u00een cadrul c\u0103ruia \u00eembr\u0103c\u0103mintea este expus\u0103 la temperaturi de peste 100\u00b0C, ceea ce duce la o contrac\u021bie controlat\u0103. R\u0103cirea instantanee imediat dup\u0103 acest proces are un efect stabilizator, astfel \u00eenc\u00e2t hainele \u00ee\u0219i p\u0103streaz\u0103 elasticitatea natural\u0103 \u0219i nu mai intr\u0103 la ap\u0103 dup\u0103 sp\u0103l\u0103ri repetate.<br \/>\n<\/li>\n<\/ul>\n<h3>Marca<\/h3>\n<p>Compania italian\u0103 Accapi este un exemplu al modului \u00een care tradi\u021biile vechi \u0219i experien\u021ba trecutului tr\u0103iesc \u00een perfect\u0103 armonie cu cele mai avansate tehnologii \u0219i echipamente moderne. Fondat\u0103 \u00een 1958 de familia Chiaruttini, care s-a angajat ini\u021bial \u00een produc\u021bia de \u0219osete obi\u0219nuite, \u0219i av\u00e2nd o experien\u021b\u0103 considerabil\u0103 acumulat\u0103, \u00een 1994 au \u00eenceput s\u0103 produc\u0103 \u0219osete tehnice pentru toate sporturile. \u0218i de trei genera\u021bii la r\u00e2nd, fabricarea de lenjerie termic\u0103 este o afacere de familie care garanteaz\u0103 o calitate \u00eenalt\u0103 constant\u0103, deoarece toate modelele sunt realizate \u00een propria noastr\u0103 fabric\u0103 din Italia. Introducerea noilor tehnologii \u00een 2006 a f\u0103cut posibil\u0103 extinderea liniei de produse \u0219i refacerea calitativ\u0103 a modelelor existente. \u00cen acela\u0219i timp, pre\u021burile pentru Accapi au r\u0103mas la acela\u0219i nivel. Brandul Accapi sponsorizeaz\u0103 diver\u0219i sportivi din ciclism rutier, curse de motociclete, atletism, schi alpin, inclusiv medalia\u021bi olimpici.<\/p>","protected":false},"excerpt":{"rendered":"<p>\u0411\u0440\u0435\u043d\u0434 \u0418\u0442\u0430\u043b\u044c\u044f\u043d\u0441\u043a\u0430\u044f \u043a\u043e\u043c\u043f\u0430\u043d\u0438\u044f Accapi \u044f\u0432\u043b\u044f\u0435\u0442\u0441\u044f \u043f\u0440\u0438\u043c\u0435\u0440\u043e\u043c \u0442\u043e\u0433\u043e, \u043a\u0430\u043a \u0441\u0442\u0430\u0440\u044b\u0435 \u0442\u0440\u0430\u0434\u0438\u0446\u0438\u0438 \u0438 \u043e\u043f\u044b\u0442 \u043f\u0440\u043e\u0448\u043b\u043e\u0433\u043e \u0436\u0438\u0432\u0443\u0442 \u0432 \u043f\u043e\u043b\u043d\u043e\u0439 \u0433\u0430\u0440\u043c\u043e\u043d\u0438\u0438 \u0441 \u0441\u0430\u043c\u044b\u043c\u0438 \u043f\u0435\u0440\u0435\u0434\u043e\u0432\u044b\u043c\u0438 \u0442\u0435\u0445\u043d\u043e\u043b\u043e\u0433\u0438\u044f\u043c\u0438 \u0438 \u0441\u043e\u0432\u0440\u0435\u043c\u0435\u043d\u043d\u044b\u043c \u043e\u0431\u043e\u0440\u0443\u0434\u043e\u0432\u0430\u043d\u0438\u0435\u043c. \u041e\u0441\u043d\u043e\u0432\u0430\u043d\u043d\u0430\u044f \u0432 1958 \u0433\u043e\u0434\u0443 \u0441\u0435\u043c\u044c\u0435\u0439 \u041a\u044c\u044f\u0440\u0443\u0442\u0442\u0438\u043d\u0438, \u043a\u043e\u0442\u043e\u0440\u0430\u044f \u0438\u0437\u043d\u0430\u0447\u0430\u043b\u044c\u043d\u043e \u0437\u0430\u043d\u0438\u043c\u0430\u043b\u0438\u0441\u044c \u043f\u0440\u043e\u0438\u0437\u0432\u043e\u0434\u0441\u0442\u0432\u043e\u043c \u043e\u0431\u044b\u0447\u043d\u044b\u0445 \u043d\u043e\u0441\u043a\u043e\u0432, \u0438 \u043d\u0430\u043a\u043e\u043f\u0438\u0432 \u0437\u043d\u0430\u0447\u0438\u0442\u0435\u043b\u044c\u043d\u044b\u0439 \u043e\u043f\u044b\u0442, \u0432 1994 \u0433\u043e\u0434\u0443 \u043d\u0430\u0447\u0430\u043b\u0430 \u0432\u044b\u043f\u0443\u0441\u043a\u0430\u0442\u044c \u0442\u0435\u0445\u043d\u043e\u043b\u043e\u0433\u0438\u0447\u043d\u044b\u0435 \u043d\u043e\u0441\u043a\u0438 \u0434\u043b\u044f \u0432\u0441\u0435\u0445 \u0432\u0438\u0434\u043e\u0432 \u0441\u043f\u043e\u0440\u0442\u0430. \u0418 \u0443\u0436\u0435 \u0442\u0440\u0438 \u043f\u043e\u043a\u043e\u043b\u0435\u043d\u0438\u044f [&hellip;]<\/p>\n","protected":false},"featured_media":58794,"comment_status":"closed","ping_status":"closed","template":"","meta":{"_acf_changed":false,"inline_featured_image":false},"product_brand":[1407],"product_cat":[867],"product_tag":[],"class_list":{"0":"post-58792","1":"product","2":"type-product","3":"status-publish","4":"has-post-thumbnail","6":"product_brand-accapi","7":"product_cat-liner-gloves","9":"first","10":"instock","11":"shipping-taxable","12":"purchasable","13":"product-type-simple"},"acf":[],"yoast_head":"<!-- This site is optimized with the Yoast SEO plugin v27.2 - https:\/\/yoast.com\/product\/yoast-seo-wordpress\/ -->\n<title>\u041f\u0435\u0440\u0447\u0430\u0442\u043a\u0438 Accapi Cashmere Under Gloves Iron - \u041c\u0430\u0433\u0430\u0437\u0438\u043d Xstyle<\/title>\n<meta name=\"description\" content=\"\u041f\u0435\u0440\u0447\u0430\u0442\u043a\u0438 Accapi Cashmere Under Gloves Iron \u2013 \u0441\u0442\u0438\u043b\u044c\u043d\u044b\u0435 \u0438 \u0442\u0435\u043f\u043b\u044b\u0435 \u043f\u0435\u0440\u0447\u0430\u0442\u043a\u0438 \u0441 PrimaLoft Bio \u0438 TFT Technology. \u0418\u0434\u0435\u0430\u043b\u044c\u043d\u044b \u0434\u043b\u044f \u0445\u043e\u043b\u043e\u0434\u043d\u043e\u0439 \u043f\u043e\u0433\u043e\u0434\u044b!\" \/>\n<meta name=\"robots\" content=\"index, follow, max-snippet:-1, max-image-preview:large, max-video-preview:-1\" \/>\n<link rel=\"canonical\" href=\"https:\/\/xstyle.md\/ro\/produs\/perchatki-accapi-cashmere-under-gloves-iron\/\" \/>\n<meta property=\"og:locale\" content=\"ro_RO\" \/>\n<meta property=\"og:type\" content=\"article\" \/>\n<meta property=\"og:title\" content=\"\u041f\u0435\u0440\u0447\u0430\u0442\u043a\u0438 Accapi Cashmere Under Gloves Iron - \u041c\u0430\u0433\u0430\u0437\u0438\u043d Xstyle\" \/>\n<meta property=\"og:description\" content=\"\u041f\u0435\u0440\u0447\u0430\u0442\u043a\u0438 Accapi Cashmere Under Gloves Iron \u2013 \u0441\u0442\u0438\u043b\u044c\u043d\u044b\u0435 \u0438 \u0442\u0435\u043f\u043b\u044b\u0435 \u043f\u0435\u0440\u0447\u0430\u0442\u043a\u0438 \u0441 PrimaLoft Bio \u0438 TFT Technology. \u0418\u0434\u0435\u0430\u043b\u044c\u043d\u044b \u0434\u043b\u044f \u0445\u043e\u043b\u043e\u0434\u043d\u043e\u0439 \u043f\u043e\u0433\u043e\u0434\u044b!\" \/>\n<meta property=\"og:url\" content=\"https:\/\/xstyle.md\/ro\/produs\/perchatki-accapi-cashmere-under-gloves-iron\/\" \/>\n<meta property=\"og:site_name\" content=\"\u041c\u0430\u0433\u0430\u0437\u0438\u043d Xstyle\" \/>\n<meta property=\"article:publisher\" content=\"https:\/\/www.facebook.com\/xstylemd\" \/>\n<meta property=\"article:modified_time\" content=\"2026-02-10T12:16:26+00:00\" \/>\n<meta property=\"og:image\" content=\"https:\/\/xstyle.md\/wp-content\/uploads\/2022\/11\/accapi-cashmere-under-gloves-iron.jpg\" \/>\n\t<meta property=\"og:image:width\" content=\"1280\" \/>\n\t<meta property=\"og:image:height\" content=\"1255\" \/>\n\t<meta property=\"og:image:type\" content=\"image\/jpeg\" \/>\n<meta name=\"twitter:card\" content=\"summary_large_image\" \/>\n<meta name=\"twitter:label1\" content=\"Pre\u021b\" \/>\n\t<meta name=\"twitter:data1\" content=\"640&nbsp;MDL\" \/>\n\t<meta name=\"twitter:label2\" content=\"Disponibilitate\" \/>\n\t<meta name=\"twitter:data2\" content=\"\u00cen stoc\" \/>\n<script type=\"application\/ld+json\" class=\"yoast-schema-graph\">{\"@context\":\"https:\/\/schema.org\",\"@graph\":[{\"@type\":\"WebPage\",\"@id\":\"https:\/\/xstyle.md\/product\/perchatki-accapi-cashmere-under-gloves-iron\/\",\"url\":\"https:\/\/xstyle.md\/product\/perchatki-accapi-cashmere-under-gloves-iron\/\",\"name\":\"\u041f\u0435\u0440\u0447\u0430\u0442\u043a\u0438 Accapi Cashmere Under Gloves Iron - \u041c\u0430\u0433\u0430\u0437\u0438\u043d Xstyle\",\"isPartOf\":{\"@id\":\"https:\/\/xstyle.md\/#website\"},\"primaryImageOfPage\":{\"@id\":\"https:\/\/xstyle.md\/product\/perchatki-accapi-cashmere-under-gloves-iron\/#primaryimage\"},\"image\":{\"@id\":\"https:\/\/xstyle.md\/product\/perchatki-accapi-cashmere-under-gloves-iron\/#primaryimage\"},\"thumbnailUrl\":\"https:\/\/xstyle.md\/wp-content\/uploads\/2022\/11\/accapi-cashmere-under-gloves-iron.jpg\",\"datePublished\":\"2022-11-14T12:25:44+00:00\",\"dateModified\":\"2026-02-10T12:16:26+00:00\",\"description\":\"\u041f\u0435\u0440\u0447\u0430\u0442\u043a\u0438 Accapi Cashmere Under Gloves Iron \u2013 \u0441\u0442\u0438\u043b\u044c\u043d\u044b\u0435 \u0438 \u0442\u0435\u043f\u043b\u044b\u0435 \u043f\u0435\u0440\u0447\u0430\u0442\u043a\u0438 \u0441 PrimaLoft Bio \u0438 TFT Technology. \u0418\u0434\u0435\u0430\u043b\u044c\u043d\u044b \u0434\u043b\u044f \u0445\u043e\u043b\u043e\u0434\u043d\u043e\u0439 \u043f\u043e\u0433\u043e\u0434\u044b!\",\"breadcrumb\":{\"@id\":\"https:\/\/xstyle.md\/product\/perchatki-accapi-cashmere-under-gloves-iron\/#breadcrumb\"},\"inLanguage\":\"ro-RO\",\"potentialAction\":[{\"@type\":\"ReadAction\",\"target\":[\"https:\/\/xstyle.md\/product\/perchatki-accapi-cashmere-under-gloves-iron\/\"]}]},{\"@type\":\"ImageObject\",\"inLanguage\":\"ro-RO\",\"@id\":\"https:\/\/xstyle.md\/product\/perchatki-accapi-cashmere-under-gloves-iron\/#primaryimage\",\"url\":\"https:\/\/xstyle.md\/wp-content\/uploads\/2022\/11\/accapi-cashmere-under-gloves-iron.jpg\",\"contentUrl\":\"https:\/\/xstyle.md\/wp-content\/uploads\/2022\/11\/accapi-cashmere-under-gloves-iron.jpg\",\"width\":1280,\"height\":1255,\"caption\":\"\u0410\u043a\u043a\u0443\u043c\u0443\u043b\u044f\u0442\u043e\u0440\u043d\u044b\u0435 \u043f\u0435\u0440\u0447\u0430\u0442\u043a\u0438 Accapi Cashmere \u0434\u043b\u044f \u0430\u043a\u0442\u0438\u0432\u043d\u043e\u0433\u043e \u043e\u0442\u0434\u044b\u0445\u0430, \u043f\u0443\u0442\u0435\u0448\u0435\u0441\u0442\u0432\u0438\u0439 \u0438 \u0430\u043b\u044c\u043f\u0438\u043d\u0438\u0437\u043c\u0430, \u0442\u0435\u043f\u043b\u044b\u0435 \u0441\u043f\u043e\u0440\u0442\u0438\u0432\u043d\u044b\u0435 \u043f\u0435\u0440\u0447\u0430\u0442\u043a\u0438 \u0434\u043b\u044f \u043f\u043e\u0445\u043e\u0434\u043e\u0432, \u043b\u044b\u0436 \u0438 \u0433\u043e\u0440\u043d\u044b\u0445 \u043f\u0440\u043e\u0433\u0443\u043b\u043e\u043a\"},{\"@type\":\"BreadcrumbList\",\"@id\":\"https:\/\/xstyle.md\/product\/perchatki-accapi-cashmere-under-gloves-iron\/#breadcrumb\",\"itemListElement\":[{\"@type\":\"ListItem\",\"position\":1,\"name\":\"\u0413\u043b\u0430\u0432\u043d\u0430\u044f \u0441\u0442\u0440\u0430\u043d\u0438\u0446\u0430\",\"item\":\"https:\/\/xstyle.md\/\"},{\"@type\":\"ListItem\",\"position\":2,\"name\":\"\u041c\u0430\u0433\u0430\u0437\u0438\u043d\",\"item\":\"https:\/\/xstyle.md\/shop\/\"},{\"@type\":\"ListItem\",\"position\":3,\"name\":\"\u041f\u0435\u0440\u0447\u0430\u0442\u043a\u0438 Accapi Cashmere Under Gloves Iron\"}]},{\"@type\":\"WebSite\",\"@id\":\"https:\/\/xstyle.md\/#website\",\"url\":\"https:\/\/xstyle.md\/\",\"name\":\"\u041c\u0430\u0433\u0430\u0437\u0438\u043d Xstyle\",\"description\":\"C\u043d\u0430\u0440\u044f\u0436\u0435\u043d\u0438\u0435 \u0434\u043b\u044f \u0442\u0443\u0440\u0438\u0437\u043c\u0430 \u0438 \u044d\u043a\u0441\u0442\u0440\u0435\u043c\u0430\u043b\u044c\u043d\u044b\u0445 \u0432\u0438\u0434\u043e\u0432 \u0441\u043f\u043e\u0440\u0442\u0430 \u0432 \u041c\u043e\u043b\u0434\u043e\u0432\u0435.. \u0426\u0435\u043d\u044b, \u0444\u043e\u0442\u043e, \u0445\u0430\u0440\u0430\u043a\u0442\u0435\u0440\u0438\u0441\u0442\u0438\u043a\u0438 \u0432 \u041c\u043e\u043b\u0434\u043e\u0432\u0435.\",\"publisher\":{\"@id\":\"https:\/\/xstyle.md\/#organization\"},\"alternateName\":\"X-Style\",\"potentialAction\":[{\"@type\":\"SearchAction\",\"target\":{\"@type\":\"EntryPoint\",\"urlTemplate\":\"https:\/\/xstyle.md\/?s={search_term_string}\"},\"query-input\":{\"@type\":\"PropertyValueSpecification\",\"valueRequired\":true,\"valueName\":\"search_term_string\"}}],\"inLanguage\":\"ro-RO\"},{\"@type\":\"Organization\",\"@id\":\"https:\/\/xstyle.md\/#organization\",\"name\":\"\u041c\u0430\u0433\u0430\u0437\u0438\u043d Xstyle\",\"alternateName\":\"x-style\",\"url\":\"https:\/\/xstyle.md\/\",\"logo\":{\"@type\":\"ImageObject\",\"inLanguage\":\"ro-RO\",\"@id\":\"https:\/\/xstyle.md\/#\/schema\/logo\/image\/\",\"url\":\"https:\/\/xstyle.md\/wp-content\/uploads\/2020\/06\/logoicon.svg\",\"contentUrl\":\"https:\/\/xstyle.md\/wp-content\/uploads\/2020\/06\/logoicon.svg\",\"caption\":\"\u041c\u0430\u0433\u0430\u0437\u0438\u043d Xstyle\"},\"image\":{\"@id\":\"https:\/\/xstyle.md\/#\/schema\/logo\/image\/\"},\"sameAs\":[\"https:\/\/www.facebook.com\/xstylemd\",\"https:\/\/www.instagram.com\/xstyle_md\/\",\"https:\/\/t.me\/xstyle_outdoor\"],\"hasMerchantReturnPolicy\":{\"@type\":\"MerchantReturnPolicy\",\"merchantReturnLink\":\"https:\/\/xstyle.md\/ro\/conditions\/\"}}]}<\/script>\n<meta property=\"product:price:amount\" content=\"640.00\" \/>\n<meta property=\"product:price:currency\" content=\"MDL\" \/>\n<meta property=\"og:availability\" content=\"instock\" \/>\n<meta property=\"product:availability\" content=\"instock\" \/>\n<meta property=\"product:retailer_item_id\" content=\"8058480288663\" \/>\n<meta property=\"product:condition\" content=\"new\" \/>\n<!-- \/ Yoast SEO plugin. -->","yoast_head_json":{"title":"M\u0103nu\u0219i Accapi Cashmere Under Gloves Iron - Magazin Xstyle","description":"M\u0103nu\u0219ile Accapi Cashmere Under Gloves Iron \u2013 m\u0103nu\u0219i elegante \u0219i c\u0103lduroase cu tehnologia PrimaLoft Bio \u0219i TFT. Ideale pentru vreme rece!","robots":{"index":"index","follow":"follow","max-snippet":"max-snippet:-1","max-image-preview":"max-image-preview:large","max-video-preview":"max-video-preview:-1"},"canonical":"https:\/\/xstyle.md\/ro\/produs\/perchatki-accapi-cashmere-under-gloves-iron\/","og_locale":"ro_RO","og_type":"article","og_title":"\u041f\u0435\u0440\u0447\u0430\u0442\u043a\u0438 Accapi Cashmere Under Gloves Iron - \u041c\u0430\u0433\u0430\u0437\u0438\u043d Xstyle","og_description":"\u041f\u0435\u0440\u0447\u0430\u0442\u043a\u0438 Accapi Cashmere Under Gloves Iron \u2013 \u0441\u0442\u0438\u043b\u044c\u043d\u044b\u0435 \u0438 \u0442\u0435\u043f\u043b\u044b\u0435 \u043f\u0435\u0440\u0447\u0430\u0442\u043a\u0438 \u0441 PrimaLoft Bio \u0438 TFT Technology. \u0418\u0434\u0435\u0430\u043b\u044c\u043d\u044b \u0434\u043b\u044f \u0445\u043e\u043b\u043e\u0434\u043d\u043e\u0439 \u043f\u043e\u0433\u043e\u0434\u044b!","og_url":"https:\/\/xstyle.md\/ro\/produs\/perchatki-accapi-cashmere-under-gloves-iron\/","og_site_name":"\u041c\u0430\u0433\u0430\u0437\u0438\u043d Xstyle","article_publisher":"https:\/\/www.facebook.com\/xstylemd","article_modified_time":"2026-02-10T12:16:26+00:00","og_image":[{"width":1280,"height":1255,"url":"https:\/\/xstyle.md\/wp-content\/uploads\/2022\/11\/accapi-cashmere-under-gloves-iron.jpg","type":"image\/jpeg"}],"twitter_card":"summary_large_image","twitter_misc":{"Pre\u021b":"640&nbsp;MDL","Disponibilitate":"\u00cen stoc"},"schema":{"@context":"https:\/\/schema.org","@graph":[{"@type":"WebPage","@id":"https:\/\/xstyle.md\/product\/perchatki-accapi-cashmere-under-gloves-iron\/","url":"https:\/\/xstyle.md\/product\/perchatki-accapi-cashmere-under-gloves-iron\/","name":"M\u0103nu\u0219i Accapi Cashmere Under Gloves Iron - Magazin Xstyle","isPartOf":{"@id":"https:\/\/xstyle.md\/#website"},"primaryImageOfPage":{"@id":"https:\/\/xstyle.md\/product\/perchatki-accapi-cashmere-under-gloves-iron\/#primaryimage"},"image":{"@id":"https:\/\/xstyle.md\/product\/perchatki-accapi-cashmere-under-gloves-iron\/#primaryimage"},"thumbnailUrl":"https:\/\/xstyle.md\/wp-content\/uploads\/2022\/11\/accapi-cashmere-under-gloves-iron.jpg","datePublished":"2022-11-14T12:25:44+00:00","dateModified":"2026-02-10T12:16:26+00:00","description":"M\u0103nu\u0219ile Accapi Cashmere Under Gloves Iron \u2013 m\u0103nu\u0219i elegante \u0219i c\u0103lduroase cu tehnologia PrimaLoft Bio \u0219i TFT. Ideale pentru vreme rece!","breadcrumb":{"@id":"https:\/\/xstyle.md\/product\/perchatki-accapi-cashmere-under-gloves-iron\/#breadcrumb"},"inLanguage":"ro-RO","potentialAction":[{"@type":"ReadAction","target":["https:\/\/xstyle.md\/product\/perchatki-accapi-cashmere-under-gloves-iron\/"]}]},{"@type":"ImageObject","inLanguage":"ro-RO","@id":"https:\/\/xstyle.md\/product\/perchatki-accapi-cashmere-under-gloves-iron\/#primaryimage","url":"https:\/\/xstyle.md\/wp-content\/uploads\/2022\/11\/accapi-cashmere-under-gloves-iron.jpg","contentUrl":"https:\/\/xstyle.md\/wp-content\/uploads\/2022\/11\/accapi-cashmere-under-gloves-iron.jpg","width":1280,"height":1255,"caption":"\u0410\u043a\u043a\u0443\u043c\u0443\u043b\u044f\u0442\u043e\u0440\u043d\u044b\u0435 \u043f\u0435\u0440\u0447\u0430\u0442\u043a\u0438 Accapi Cashmere \u0434\u043b\u044f \u0430\u043a\u0442\u0438\u0432\u043d\u043e\u0433\u043e \u043e\u0442\u0434\u044b\u0445\u0430, \u043f\u0443\u0442\u0435\u0448\u0435\u0441\u0442\u0432\u0438\u0439 \u0438 \u0430\u043b\u044c\u043f\u0438\u043d\u0438\u0437\u043c\u0430, \u0442\u0435\u043f\u043b\u044b\u0435 \u0441\u043f\u043e\u0440\u0442\u0438\u0432\u043d\u044b\u0435 \u043f\u0435\u0440\u0447\u0430\u0442\u043a\u0438 \u0434\u043b\u044f \u043f\u043e\u0445\u043e\u0434\u043e\u0432, \u043b\u044b\u0436 \u0438 \u0433\u043e\u0440\u043d\u044b\u0445 \u043f\u0440\u043e\u0433\u0443\u043b\u043e\u043a"},{"@type":"BreadcrumbList","@id":"https:\/\/xstyle.md\/product\/perchatki-accapi-cashmere-under-gloves-iron\/#breadcrumb","itemListElement":[{"@type":"ListItem","position":1,"name":"\u0413\u043b\u0430\u0432\u043d\u0430\u044f \u0441\u0442\u0440\u0430\u043d\u0438\u0446\u0430","item":"https:\/\/xstyle.md\/"},{"@type":"ListItem","position":2,"name":"\u041c\u0430\u0433\u0430\u0437\u0438\u043d","item":"https:\/\/xstyle.md\/shop\/"},{"@type":"ListItem","position":3,"name":"\u041f\u0435\u0440\u0447\u0430\u0442\u043a\u0438 Accapi Cashmere Under Gloves Iron"}]},{"@type":"WebSite","@id":"https:\/\/xstyle.md\/#website","url":"https:\/\/xstyle.md\/","name":"Magazinul X-Style","description":"Echipamente pentru turism \u0219i sporturi extreme \u00een Moldova. Pre\u021buri, fotografii, caracteristici \u00een Moldova.","publisher":{"@id":"https:\/\/xstyle.md\/#organization"},"alternateName":"X-Style","potentialAction":[{"@type":"SearchAction","target":{"@type":"EntryPoint","urlTemplate":"https:\/\/xstyle.md\/?s={search_term_string}"},"query-input":{"@type":"PropertyValueSpecification","valueRequired":true,"valueName":"search_term_string"}}],"inLanguage":"ro-RO"},{"@type":"Organization","@id":"https:\/\/xstyle.md\/#organization","name":"Magazinul X-Style","alternateName":"x-style","url":"https:\/\/xstyle.md\/","logo":{"@type":"ImageObject","inLanguage":"ro-RO","@id":"https:\/\/xstyle.md\/#\/schema\/logo\/image\/","url":"https:\/\/xstyle.md\/wp-content\/uploads\/2020\/06\/logoicon.svg","contentUrl":"https:\/\/xstyle.md\/wp-content\/uploads\/2020\/06\/logoicon.svg","caption":"\u041c\u0430\u0433\u0430\u0437\u0438\u043d Xstyle"},"image":{"@id":"https:\/\/xstyle.md\/#\/schema\/logo\/image\/"},"sameAs":["https:\/\/www.facebook.com\/xstylemd","https:\/\/www.instagram.com\/xstyle_md\/","https:\/\/t.me\/xstyle_outdoor"],"hasMerchantReturnPolicy":{"@type":"MerchantReturnPolicy","merchantReturnLink":"https:\/\/xstyle.md\/ro\/conditions\/"}}]},"product_price_amount":"640.00","product_price_currency":"MDL","og_availability":"instock","product_availability":"instock","product_retailer_item_id":"8058480288663","product_condition":"new"},"post_mailing_queue_ids":[],"_links":{"self":[{"href":"https:\/\/xstyle.md\/ro\/wp-json\/wp\/v2\/product\/58792","targetHints":{"allow":["GET"]}}],"collection":[{"href":"https:\/\/xstyle.md\/ro\/wp-json\/wp\/v2\/product"}],"about":[{"href":"https:\/\/xstyle.md\/ro\/wp-json\/wp\/v2\/types\/product"}],"replies":[{"embeddable":true,"href":"https:\/\/xstyle.md\/ro\/wp-json\/wp\/v2\/comments?post=58792"}],"wp:featuredmedia":[{"embeddable":true,"href":"https:\/\/xstyle.md\/ro\/wp-json\/wp\/v2\/media\/58794"}],"wp:attachment":[{"href":"https:\/\/xstyle.md\/ro\/wp-json\/wp\/v2\/media?parent=58792"}],"wp:term":[{"taxonomy":"product_brand","embeddable":true,"href":"https:\/\/xstyle.md\/ro\/wp-json\/wp\/v2\/product_brand?post=58792"},{"taxonomy":"product_cat","embeddable":true,"href":"https:\/\/xstyle.md\/ro\/wp-json\/wp\/v2\/product_cat?post=58792"},{"taxonomy":"product_tag","embeddable":true,"href":"https:\/\/xstyle.md\/ro\/wp-json\/wp\/v2\/product_tag?post=58792"}],"curies":[{"name":"wp","href":"https:\/\/api.w.org\/{rel}","templated":true}]}}