{"id":58788,"date":"2022-11-14T14:25:36","date_gmt":"2022-11-14T11:25:36","guid":{"rendered":"https:\/\/xstyle.md\/?post_type=product&#038;p=58788"},"modified":"2025-10-24T12:17:19","modified_gmt":"2025-10-24T09:17:19","slug":"noski-accapi-trail-running-black-anthracite","status":"publish","type":"product","link":"https:\/\/xstyle.md\/ro\/produs\/noski-accapi-trail-running-black-anthracite\/","title":{"rendered":"\u0218osete Accapi Trail Running black anthracite"},"content":{"rendered":"<\/p>\n<p><strong>Accapi Trail Running black anthracite<\/strong> &#8212; \u0219osete de alergare u\u0219oare, cu o potrivire confortabil\u0103 \u0219i u\u0219or de purtat. Materialul sub\u021bire ajut\u0103 transpira\u021bia s\u0103 fie \u00eendep\u0103rtat\u0103 rapid, astfel \u00eenc\u00e2t picioarele tale r\u0103m\u00e2n uscate chiar \u0219i \u00een timpul unei activit\u0103\u021bi lungi \u0219i intense.<\/p>\n<p>Tehnologia special\u0103 Coolmax\u00ae garanteaz\u0103 un nivel normal de termoreglare. \u00cen zonele strategice (zona c\u0103lc\u00e2iului \u0219i a degetelor de la picioare), materialul textil este compactat pentru a cre\u0219te durabilitatea \u0219i a proteja picioarele de b\u0103\u0219ici. Cus\u0103turile plate \u0219i man\u0219etele str\u00e2nse nu irit\u0103 pielea. Astfel, pute\u021bi alerga confortabil chiar \u0219i pe distan\u021be lungi.<\/p>\n<p>Inser\u021biile elastice func\u021bionale de pe tibie \u0219i de pe glezn\u0103 \u00eempiedic\u0103 alunecarea ciorapului \u00een jos. Exist\u0103, de asemenea, un detaliu special pentru a proteja tendonul lui Ahile.<\/p>\n<h3>Particularit\u0103\u021bi<\/h3>\n<ul>\n<li>\u021aes\u0103tura special\u0103 a man\u0219etei Elastic Grip Skin men\u021bine \u0219oseta bine fixat\u0103 pe picior, f\u0103r\u0103 a obstruc\u021biona circula\u021bia normal\u0103 a s\u00e2ngelui \u00een vasele de s\u00e2nge.<\/li>\n<li>Tehnologia Seamless Flat Junction asigur\u0103 cea mai confortabil\u0103 potrivire \u0219i libertate de mi\u0219care.<\/li>\n<li>Inser\u021biile elastice func\u021bionale de pe tibie \u0219i de pe glezn\u0103 \u00eempiedic\u0103 alunecarea ciorapului \u00een jos.<\/li>\n<li>Exist\u0103, de asemenea, un detaliu special pentru a proteja tendonul lui Ahile.<\/li>\n<\/ul>\n<h3>Caracteristici<\/h3>\n<ul>\n<li>Material &#8212; 60% nailon, 39% poliester, 1% elastan<\/li>\n<li>Desemnare &#8212; odihn\u0103 activ\u0103 \/ alergare \/ sport<\/li>\n<li>Sezonul &#8212; prim\u0103var\u0103\/var\u0103<\/li>\n<li>Grosime &#8212; sub\u021bire<\/li>\n<li>Model &#8212; unisex.<\/li>\n<\/ul>\n<h3>Tehnologie<\/h3>\n<ul>\n<li><strong>Coolmax<\/strong>\u00ae &#8212; fibra de poliester brevetat\u0103 de Invista, care nu are o sec\u021biune transversal\u0103 circular\u0103, ci este format\u0103 din patru canale care \u00eendep\u0103rteaz\u0103 \u00een mod eficient umezeala de piele. Coolmax este utilizat ca strat adiacent pielii pentru gestionarea ultra-eficient\u0103 a umidit\u0103\u021bii.<\/li>\n<\/ul>\n<h3>Marca<\/h3>\n<p>Compania italian\u0103 Accapi este un exemplu al modului \u00een care tradi\u021biile vechi \u0219i experien\u021ba trecutului tr\u0103iesc \u00een armonie perfect\u0103 cu cele mai avansate tehnologii \u0219i echipamente moderne. \u00cenfiin\u021bat\u0103 \u00een 1958 de familia Chiaruttini, care ini\u021bial producea \u0219osete obi\u0219nuite, \u0219i dup\u0103 ce a acumulat o experien\u021b\u0103 considerabil\u0103, \u00een 1994 compania a \u00eenceput s\u0103 produc\u0103 \u0219osete tehnologice pentru toate sporturile. De trei genera\u021bii, produc\u021bia de lenjerie de corp termic\u0103 este o afacere de familie, ceea ce garanteaz\u0103 o calitate constant\u0103 \u0219i ridicat\u0103, deoarece toate modelele sunt produse \u00een propria fabric\u0103 din Italia. Introducerea de noi tehnologii \u00een 2006 a permis extinderea liniei de produse \u0219i revizuirea calitativ\u0103 a modelelor existente. \u00cen acela\u0219i timp, pre\u021burile pentru Accapi au r\u0103mas la acela\u0219i nivel. Marca Accapi este sponsorul a diver\u0219i sportivi din ciclismul de \u0219osea, cursele de motociclete, atletism, schi alpin, inclusiv medalia\u021bi olimpici.<\/p>\n<p><\/p>","protected":false},"excerpt":{"rendered":"","protected":false},"featured_media":58791,"comment_status":"closed","ping_status":"closed","template":"","meta":{"_acf_changed":false,"inline_featured_image":false},"product_brand":[1407],"product_cat":[228],"product_tag":[],"class_list":{"0":"post-58788","1":"product","2":"type-product","3":"status-publish","4":"has-post-thumbnail","6":"product_brand-accapi","7":"product_cat-trekking-hiking-liners","9":"first","10":"instock","11":"shipping-taxable","12":"purchasable","13":"product-type-simple"},"acf":[],"yoast_head":"<!-- This site is optimized with the Yoast SEO plugin v27.2 - https:\/\/yoast.com\/product\/yoast-seo-wordpress\/ -->\n<title>\u041d\u043e\u0441\u043a\u0438 Accapi Trail Running black anthracite - \u041c\u0430\u0433\u0430\u0437\u0438\u043d Xstyle<\/title>\n<meta name=\"description\" content=\"\u041e\u0442\u043a\u0440\u043e\u0439\u0442\u0435 \u043c\u0438\u0440 \u043a\u043e\u043c\u0444\u043e\u0440\u0442\u0430 \u0441 \u043d\u043e\u0441\u043a\u0430\u043c\u0438 Accapi Trail Running \u0447\u0435\u0440\u043d\u043e\u0433\u043e \u0430\u043d\u0442\u0440\u0430\u0446\u0438\u0442\u0430. \u041b\u0435\u0433\u043a\u0438\u0435, \u0434\u044b\u0448\u0430\u0449\u0438\u0435, \u0438\u0434\u0435\u0430\u043b\u044c\u043d\u044b \u0434\u043b\u044f \u0431\u0435\u0433\u0430. \u0412\u0430\u0448\u0438 \u043d\u043e\u0433\u0438 \u043e\u0441\u0442\u0430\u043d\u0443\u0442\u0441\u044f \u0441\u0443\u0445\u0438\u043c\u0438 \u0438 \u043a\u043e\u043c\u0444\u043e\u0440\u0442\u043d\u044b\u043c\u0438!\" \/>\n<meta name=\"robots\" content=\"index, follow, max-snippet:-1, max-image-preview:large, max-video-preview:-1\" \/>\n<link rel=\"canonical\" href=\"https:\/\/xstyle.md\/ro\/produs\/noski-accapi-trail-running-black-anthracite\/\" \/>\n<meta property=\"og:locale\" content=\"ro_RO\" \/>\n<meta property=\"og:type\" content=\"article\" \/>\n<meta property=\"og:title\" content=\"\u041d\u043e\u0441\u043a\u0438 Accapi Trail Running black anthracite - \u041c\u0430\u0433\u0430\u0437\u0438\u043d Xstyle\" \/>\n<meta property=\"og:description\" content=\"\u041e\u0442\u043a\u0440\u043e\u0439\u0442\u0435 \u043c\u0438\u0440 \u043a\u043e\u043c\u0444\u043e\u0440\u0442\u0430 \u0441 \u043d\u043e\u0441\u043a\u0430\u043c\u0438 Accapi Trail Running \u0447\u0435\u0440\u043d\u043e\u0433\u043e \u0430\u043d\u0442\u0440\u0430\u0446\u0438\u0442\u0430. \u041b\u0435\u0433\u043a\u0438\u0435, \u0434\u044b\u0448\u0430\u0449\u0438\u0435, \u0438\u0434\u0435\u0430\u043b\u044c\u043d\u044b \u0434\u043b\u044f \u0431\u0435\u0433\u0430. \u0412\u0430\u0448\u0438 \u043d\u043e\u0433\u0438 \u043e\u0441\u0442\u0430\u043d\u0443\u0442\u0441\u044f \u0441\u0443\u0445\u0438\u043c\u0438 \u0438 \u043a\u043e\u043c\u0444\u043e\u0440\u0442\u043d\u044b\u043c\u0438!\" \/>\n<meta property=\"og:url\" content=\"https:\/\/xstyle.md\/ro\/produs\/noski-accapi-trail-running-black-anthracite\/\" \/>\n<meta property=\"og:site_name\" content=\"\u041c\u0430\u0433\u0430\u0437\u0438\u043d Xstyle\" \/>\n<meta property=\"article:publisher\" content=\"https:\/\/www.facebook.com\/xstylemd\" \/>\n<meta property=\"article:modified_time\" content=\"2025-10-24T09:17:19+00:00\" \/>\n<meta property=\"og:image\" content=\"https:\/\/xstyle.md\/wp-content\/uploads\/2022\/11\/accapi-trail-running-black-anthracite.jpg\" \/>\n\t<meta property=\"og:image:width\" content=\"556\" \/>\n\t<meta property=\"og:image:height\" content=\"529\" \/>\n\t<meta property=\"og:image:type\" content=\"image\/jpeg\" \/>\n<meta name=\"twitter:card\" content=\"summary_large_image\" \/>\n<meta name=\"twitter:label1\" content=\"Pre\u021b\" \/>\n\t<meta name=\"twitter:data1\" content=\"320&nbsp;MDL\" \/>\n\t<meta name=\"twitter:label2\" content=\"Disponibilitate\" \/>\n\t<meta name=\"twitter:data2\" content=\"\u00cen stoc\" \/>\n<script type=\"application\/ld+json\" class=\"yoast-schema-graph\">{\"@context\":\"https:\/\/schema.org\",\"@graph\":[{\"@type\":\"WebPage\",\"@id\":\"https:\/\/xstyle.md\/product\/noski-accapi-trail-running-black-anthracite\/\",\"url\":\"https:\/\/xstyle.md\/product\/noski-accapi-trail-running-black-anthracite\/\",\"name\":\"\u041d\u043e\u0441\u043a\u0438 Accapi Trail Running black anthracite - \u041c\u0430\u0433\u0430\u0437\u0438\u043d Xstyle\",\"isPartOf\":{\"@id\":\"https:\/\/xstyle.md\/#website\"},\"primaryImageOfPage\":{\"@id\":\"https:\/\/xstyle.md\/product\/noski-accapi-trail-running-black-anthracite\/#primaryimage\"},\"image\":{\"@id\":\"https:\/\/xstyle.md\/product\/noski-accapi-trail-running-black-anthracite\/#primaryimage\"},\"thumbnailUrl\":\"https:\/\/xstyle.md\/wp-content\/uploads\/2022\/11\/accapi-trail-running-black-anthracite.jpg\",\"datePublished\":\"2022-11-14T11:25:36+00:00\",\"dateModified\":\"2025-10-24T09:17:19+00:00\",\"description\":\"\u041e\u0442\u043a\u0440\u043e\u0439\u0442\u0435 \u043c\u0438\u0440 \u043a\u043e\u043c\u0444\u043e\u0440\u0442\u0430 \u0441 \u043d\u043e\u0441\u043a\u0430\u043c\u0438 Accapi Trail Running \u0447\u0435\u0440\u043d\u043e\u0433\u043e \u0430\u043d\u0442\u0440\u0430\u0446\u0438\u0442\u0430. \u041b\u0435\u0433\u043a\u0438\u0435, \u0434\u044b\u0448\u0430\u0449\u0438\u0435, \u0438\u0434\u0435\u0430\u043b\u044c\u043d\u044b \u0434\u043b\u044f \u0431\u0435\u0433\u0430. \u0412\u0430\u0448\u0438 \u043d\u043e\u0433\u0438 \u043e\u0441\u0442\u0430\u043d\u0443\u0442\u0441\u044f \u0441\u0443\u0445\u0438\u043c\u0438 \u0438 \u043a\u043e\u043c\u0444\u043e\u0440\u0442\u043d\u044b\u043c\u0438!\",\"breadcrumb\":{\"@id\":\"https:\/\/xstyle.md\/product\/noski-accapi-trail-running-black-anthracite\/#breadcrumb\"},\"inLanguage\":\"ro-RO\",\"potentialAction\":[{\"@type\":\"ReadAction\",\"target\":[\"https:\/\/xstyle.md\/product\/noski-accapi-trail-running-black-anthracite\/\"]}]},{\"@type\":\"ImageObject\",\"inLanguage\":\"ro-RO\",\"@id\":\"https:\/\/xstyle.md\/product\/noski-accapi-trail-running-black-anthracite\/#primaryimage\",\"url\":\"https:\/\/xstyle.md\/wp-content\/uploads\/2022\/11\/accapi-trail-running-black-anthracite.jpg\",\"contentUrl\":\"https:\/\/xstyle.md\/wp-content\/uploads\/2022\/11\/accapi-trail-running-black-anthracite.jpg\",\"width\":556,\"height\":529,\"caption\":\"\u041d\u043e\u0441\u043a\u0438 \u0434\u043b\u044f \u0442\u0440\u0435\u0439\u043b\u043e\u0432\u043e\u0433\u043e \u0431\u0435\u0433\u0430 \u0438 \u0430\u043a\u0442\u0438\u0432\u043d\u043e\u0433\u043e \u043e\u0442\u0434\u044b\u0445\u0430 \u0432 \u043e\u043d\u043b\u0430\u0439\u043d \u043c\u0430\u0433\u0430\u0437\u0438\u043d\u0435 \u0441\u043f\u043e\u0440\u0442\u0438\u0432\u043d\u043e\u0439 \u043e\u0434\u0435\u0436\u0434\u044b \u0438 \u043e\u0431\u0443\u0432\u0438 \u0434\u043b\u044f \u0445\u0430\u0439\u043a\u0438\u043d\u0433\u0430 \u0430\u043b\u044c\u043f\u0438\u043d\u0438\u0437\u043c\u0430 \u043f\u0443\u0442\u0435\u0448\u0435\u0441\u0442\u0432\u0438\u0439\"},{\"@type\":\"BreadcrumbList\",\"@id\":\"https:\/\/xstyle.md\/product\/noski-accapi-trail-running-black-anthracite\/#breadcrumb\",\"itemListElement\":[{\"@type\":\"ListItem\",\"position\":1,\"name\":\"\u0413\u043b\u0430\u0432\u043d\u0430\u044f \u0441\u0442\u0440\u0430\u043d\u0438\u0446\u0430\",\"item\":\"https:\/\/xstyle.md\/\"},{\"@type\":\"ListItem\",\"position\":2,\"name\":\"\u041c\u0430\u0433\u0430\u0437\u0438\u043d\",\"item\":\"https:\/\/xstyle.md\/shop\/\"},{\"@type\":\"ListItem\",\"position\":3,\"name\":\"\u041d\u043e\u0441\u043a\u0438 Accapi Trail Running black anthracite\"}]},{\"@type\":\"WebSite\",\"@id\":\"https:\/\/xstyle.md\/#website\",\"url\":\"https:\/\/xstyle.md\/\",\"name\":\"\u041c\u0430\u0433\u0430\u0437\u0438\u043d Xstyle\",\"description\":\"C\u043d\u0430\u0440\u044f\u0436\u0435\u043d\u0438\u0435 \u0434\u043b\u044f \u0442\u0443\u0440\u0438\u0437\u043c\u0430 \u0438 \u044d\u043a\u0441\u0442\u0440\u0435\u043c\u0430\u043b\u044c\u043d\u044b\u0445 \u0432\u0438\u0434\u043e\u0432 \u0441\u043f\u043e\u0440\u0442\u0430 \u0432 \u041c\u043e\u043b\u0434\u043e\u0432\u0435.. \u0426\u0435\u043d\u044b, \u0444\u043e\u0442\u043e, \u0445\u0430\u0440\u0430\u043a\u0442\u0435\u0440\u0438\u0441\u0442\u0438\u043a\u0438 \u0432 \u041c\u043e\u043b\u0434\u043e\u0432\u0435.\",\"publisher\":{\"@id\":\"https:\/\/xstyle.md\/#organization\"},\"alternateName\":\"X-Style\",\"potentialAction\":[{\"@type\":\"SearchAction\",\"target\":{\"@type\":\"EntryPoint\",\"urlTemplate\":\"https:\/\/xstyle.md\/?s={search_term_string}\"},\"query-input\":{\"@type\":\"PropertyValueSpecification\",\"valueRequired\":true,\"valueName\":\"search_term_string\"}}],\"inLanguage\":\"ro-RO\"},{\"@type\":\"Organization\",\"@id\":\"https:\/\/xstyle.md\/#organization\",\"name\":\"\u041c\u0430\u0433\u0430\u0437\u0438\u043d Xstyle\",\"alternateName\":\"x-style\",\"url\":\"https:\/\/xstyle.md\/\",\"logo\":{\"@type\":\"ImageObject\",\"inLanguage\":\"ro-RO\",\"@id\":\"https:\/\/xstyle.md\/#\/schema\/logo\/image\/\",\"url\":\"https:\/\/xstyle.md\/wp-content\/uploads\/2020\/06\/logoicon.svg\",\"contentUrl\":\"https:\/\/xstyle.md\/wp-content\/uploads\/2020\/06\/logoicon.svg\",\"caption\":\"\u041c\u0430\u0433\u0430\u0437\u0438\u043d Xstyle\"},\"image\":{\"@id\":\"https:\/\/xstyle.md\/#\/schema\/logo\/image\/\"},\"sameAs\":[\"https:\/\/www.facebook.com\/xstylemd\",\"https:\/\/www.instagram.com\/xstyle_md\/\",\"https:\/\/t.me\/xstyle_outdoor\"],\"hasMerchantReturnPolicy\":{\"@type\":\"MerchantReturnPolicy\",\"merchantReturnLink\":\"https:\/\/xstyle.md\/ro\/conditions\/\"}}]}<\/script>\n<meta property=\"product:price:amount\" content=\"320.00\" \/>\n<meta property=\"product:price:currency\" content=\"MDL\" \/>\n<meta property=\"og:availability\" content=\"instock\" \/>\n<meta property=\"product:availability\" content=\"instock\" \/>\n<meta property=\"product:retailer_item_id\" content=\"8300416016476\" \/>\n<meta property=\"product:condition\" content=\"new\" \/>\n<!-- \/ Yoast SEO plugin. -->","yoast_head_json":{"title":"\u0218osete Accapi Trail Running black anthracite - Magazin Xstyle","description":"Deschide\u021bi lumea confortului cu \u0219osetele Accapi Trail Running de culoare antracit. U\u0219oare, respirabile, ideale pentru alergare. Picioarele dumneavoastr\u0103 vor r\u0103m\u00e2ne uscate \u0219i confortabile!","robots":{"index":"index","follow":"follow","max-snippet":"max-snippet:-1","max-image-preview":"max-image-preview:large","max-video-preview":"max-video-preview:-1"},"canonical":"https:\/\/xstyle.md\/ro\/produs\/noski-accapi-trail-running-black-anthracite\/","og_locale":"ro_RO","og_type":"article","og_title":"\u041d\u043e\u0441\u043a\u0438 Accapi Trail Running black anthracite - \u041c\u0430\u0433\u0430\u0437\u0438\u043d Xstyle","og_description":"\u041e\u0442\u043a\u0440\u043e\u0439\u0442\u0435 \u043c\u0438\u0440 \u043a\u043e\u043c\u0444\u043e\u0440\u0442\u0430 \u0441 \u043d\u043e\u0441\u043a\u0430\u043c\u0438 Accapi Trail Running \u0447\u0435\u0440\u043d\u043e\u0433\u043e \u0430\u043d\u0442\u0440\u0430\u0446\u0438\u0442\u0430. \u041b\u0435\u0433\u043a\u0438\u0435, \u0434\u044b\u0448\u0430\u0449\u0438\u0435, \u0438\u0434\u0435\u0430\u043b\u044c\u043d\u044b \u0434\u043b\u044f \u0431\u0435\u0433\u0430. \u0412\u0430\u0448\u0438 \u043d\u043e\u0433\u0438 \u043e\u0441\u0442\u0430\u043d\u0443\u0442\u0441\u044f \u0441\u0443\u0445\u0438\u043c\u0438 \u0438 \u043a\u043e\u043c\u0444\u043e\u0440\u0442\u043d\u044b\u043c\u0438!","og_url":"https:\/\/xstyle.md\/ro\/produs\/noski-accapi-trail-running-black-anthracite\/","og_site_name":"\u041c\u0430\u0433\u0430\u0437\u0438\u043d Xstyle","article_publisher":"https:\/\/www.facebook.com\/xstylemd","article_modified_time":"2025-10-24T09:17:19+00:00","og_image":[{"width":556,"height":529,"url":"https:\/\/xstyle.md\/wp-content\/uploads\/2022\/11\/accapi-trail-running-black-anthracite.jpg","type":"image\/jpeg"}],"twitter_card":"summary_large_image","twitter_misc":{"Pre\u021b":"320&nbsp;MDL","Disponibilitate":"\u00cen stoc"},"schema":{"@context":"https:\/\/schema.org","@graph":[{"@type":"WebPage","@id":"https:\/\/xstyle.md\/product\/noski-accapi-trail-running-black-anthracite\/","url":"https:\/\/xstyle.md\/product\/noski-accapi-trail-running-black-anthracite\/","name":"\u0218osete Accapi Trail Running black anthracite - Magazin Xstyle","isPartOf":{"@id":"https:\/\/xstyle.md\/#website"},"primaryImageOfPage":{"@id":"https:\/\/xstyle.md\/product\/noski-accapi-trail-running-black-anthracite\/#primaryimage"},"image":{"@id":"https:\/\/xstyle.md\/product\/noski-accapi-trail-running-black-anthracite\/#primaryimage"},"thumbnailUrl":"https:\/\/xstyle.md\/wp-content\/uploads\/2022\/11\/accapi-trail-running-black-anthracite.jpg","datePublished":"2022-11-14T11:25:36+00:00","dateModified":"2025-10-24T09:17:19+00:00","description":"Deschide\u021bi lumea confortului cu \u0219osetele Accapi Trail Running de culoare antracit. U\u0219oare, respirabile, ideale pentru alergare. Picioarele dumneavoastr\u0103 vor r\u0103m\u00e2ne uscate \u0219i confortabile!","breadcrumb":{"@id":"https:\/\/xstyle.md\/product\/noski-accapi-trail-running-black-anthracite\/#breadcrumb"},"inLanguage":"ro-RO","potentialAction":[{"@type":"ReadAction","target":["https:\/\/xstyle.md\/product\/noski-accapi-trail-running-black-anthracite\/"]}]},{"@type":"ImageObject","inLanguage":"ro-RO","@id":"https:\/\/xstyle.md\/product\/noski-accapi-trail-running-black-anthracite\/#primaryimage","url":"https:\/\/xstyle.md\/wp-content\/uploads\/2022\/11\/accapi-trail-running-black-anthracite.jpg","contentUrl":"https:\/\/xstyle.md\/wp-content\/uploads\/2022\/11\/accapi-trail-running-black-anthracite.jpg","width":556,"height":529,"caption":"\u041d\u043e\u0441\u043a\u0438 \u0434\u043b\u044f \u0442\u0440\u0435\u0439\u043b\u043e\u0432\u043e\u0433\u043e \u0431\u0435\u0433\u0430 \u0438 \u0430\u043a\u0442\u0438\u0432\u043d\u043e\u0433\u043e \u043e\u0442\u0434\u044b\u0445\u0430 \u0432 \u043e\u043d\u043b\u0430\u0439\u043d \u043c\u0430\u0433\u0430\u0437\u0438\u043d\u0435 \u0441\u043f\u043e\u0440\u0442\u0438\u0432\u043d\u043e\u0439 \u043e\u0434\u0435\u0436\u0434\u044b \u0438 \u043e\u0431\u0443\u0432\u0438 \u0434\u043b\u044f \u0445\u0430\u0439\u043a\u0438\u043d\u0433\u0430 \u0430\u043b\u044c\u043f\u0438\u043d\u0438\u0437\u043c\u0430 \u043f\u0443\u0442\u0435\u0448\u0435\u0441\u0442\u0432\u0438\u0439"},{"@type":"BreadcrumbList","@id":"https:\/\/xstyle.md\/product\/noski-accapi-trail-running-black-anthracite\/#breadcrumb","itemListElement":[{"@type":"ListItem","position":1,"name":"\u0413\u043b\u0430\u0432\u043d\u0430\u044f \u0441\u0442\u0440\u0430\u043d\u0438\u0446\u0430","item":"https:\/\/xstyle.md\/"},{"@type":"ListItem","position":2,"name":"\u041c\u0430\u0433\u0430\u0437\u0438\u043d","item":"https:\/\/xstyle.md\/shop\/"},{"@type":"ListItem","position":3,"name":"\u041d\u043e\u0441\u043a\u0438 Accapi Trail Running black anthracite"}]},{"@type":"WebSite","@id":"https:\/\/xstyle.md\/#website","url":"https:\/\/xstyle.md\/","name":"Magazinul X-Style","description":"Echipamente pentru turism \u0219i sporturi extreme \u00een Moldova. Pre\u021buri, fotografii, caracteristici \u00een Moldova.","publisher":{"@id":"https:\/\/xstyle.md\/#organization"},"alternateName":"X-Style","potentialAction":[{"@type":"SearchAction","target":{"@type":"EntryPoint","urlTemplate":"https:\/\/xstyle.md\/?s={search_term_string}"},"query-input":{"@type":"PropertyValueSpecification","valueRequired":true,"valueName":"search_term_string"}}],"inLanguage":"ro-RO"},{"@type":"Organization","@id":"https:\/\/xstyle.md\/#organization","name":"Magazinul X-Style","alternateName":"x-style","url":"https:\/\/xstyle.md\/","logo":{"@type":"ImageObject","inLanguage":"ro-RO","@id":"https:\/\/xstyle.md\/#\/schema\/logo\/image\/","url":"https:\/\/xstyle.md\/wp-content\/uploads\/2020\/06\/logoicon.svg","contentUrl":"https:\/\/xstyle.md\/wp-content\/uploads\/2020\/06\/logoicon.svg","caption":"\u041c\u0430\u0433\u0430\u0437\u0438\u043d Xstyle"},"image":{"@id":"https:\/\/xstyle.md\/#\/schema\/logo\/image\/"},"sameAs":["https:\/\/www.facebook.com\/xstylemd","https:\/\/www.instagram.com\/xstyle_md\/","https:\/\/t.me\/xstyle_outdoor"],"hasMerchantReturnPolicy":{"@type":"MerchantReturnPolicy","merchantReturnLink":"https:\/\/xstyle.md\/ro\/conditions\/"}}]},"product_price_amount":"320.00","product_price_currency":"MDL","og_availability":"instock","product_availability":"instock","product_retailer_item_id":"8300416016476","product_condition":"new"},"post_mailing_queue_ids":[],"_links":{"self":[{"href":"https:\/\/xstyle.md\/ro\/wp-json\/wp\/v2\/product\/58788","targetHints":{"allow":["GET"]}}],"collection":[{"href":"https:\/\/xstyle.md\/ro\/wp-json\/wp\/v2\/product"}],"about":[{"href":"https:\/\/xstyle.md\/ro\/wp-json\/wp\/v2\/types\/product"}],"replies":[{"embeddable":true,"href":"https:\/\/xstyle.md\/ro\/wp-json\/wp\/v2\/comments?post=58788"}],"wp:featuredmedia":[{"embeddable":true,"href":"https:\/\/xstyle.md\/ro\/wp-json\/wp\/v2\/media\/58791"}],"wp:attachment":[{"href":"https:\/\/xstyle.md\/ro\/wp-json\/wp\/v2\/media?parent=58788"}],"wp:term":[{"taxonomy":"product_brand","embeddable":true,"href":"https:\/\/xstyle.md\/ro\/wp-json\/wp\/v2\/product_brand?post=58788"},{"taxonomy":"product_cat","embeddable":true,"href":"https:\/\/xstyle.md\/ro\/wp-json\/wp\/v2\/product_cat?post=58788"},{"taxonomy":"product_tag","embeddable":true,"href":"https:\/\/xstyle.md\/ro\/wp-json\/wp\/v2\/product_tag?post=58788"}],"curies":[{"name":"wp","href":"https:\/\/api.w.org\/{rel}","templated":true}]}}