{"id":58786,"date":"2022-11-14T14:09:02","date_gmt":"2022-11-14T11:09:02","guid":{"rendered":"https:\/\/xstyle.md\/?post_type=product&#038;p=58786"},"modified":"2025-10-24T12:17:16","modified_gmt":"2025-10-24T09:17:16","slug":"noski-accapi-running-black-orange","status":"publish","type":"product","link":"https:\/\/xstyle.md\/ro\/produs\/noski-accapi-running-black-orange\/","title":{"rendered":"\u0218osete Accapi Running black\/orange"},"content":{"rendered":"<\/p>\n<p><strong>Accapi Running black\/orange<\/strong> &#8212; sosete de alergare ultra-sub\u021biri concepute pentru utilizare prelungit\u0103 \u00een zone cu temperaturi ridicate, cum ar fi maratonul. Se potrivesc perfect \u0219i nu restric\u021bioneaz\u0103 articula\u021biile \u00een timpul mi\u0219c\u0103rii.<\/p>\n<h3>Particularit\u0103\u021bi<\/h3>\n<ul>\n<li>Fibrele de polipropilen\u0103 folosite \u00een aceste \u0219osete asigur\u0103 o excelent\u0103 absorb\u021bie a umezelii \u0219i o termoreglare excelent\u0103 \u00een toate condi\u021biile climatice.<\/li>\n<li>Man\u0219eta elastic\u0103 asigur\u0103 o pozi\u021bionare corect\u0103 \u0219i stabil\u0103 a \u0219osetei pe picior \u0219i glezn\u0103.<\/li>\n<li>Cus\u0103turile plate din zona degetelor de la picioare protejeaz\u0103 degetele de degete de irita\u021bii, b\u0103\u0219ici \u0219i inflama\u021bii, pentru un confort maxim.<\/li>\n<li>Bandajul \u00eent\u0103rit \u00een zona tendonului lui Ahile previne abraziunile.<\/li>\n<li>O zon\u0103 de \u021bes\u0103tur\u0103 stabilizatoare men\u021bine \u0219oseta \u00een pozi\u021bia corect\u0103, protej\u00e2nd-o de r\u0103suciri<\/li>\n<li>Datorit\u0103 propriet\u0103\u021bilor lor bacteriostatice naturale, previn mirosul nepl\u0103cut chiar \u0219i dup\u0103 exerci\u021bii fizice intense \u0219i prelungite.<\/li>\n<\/ul>\n<h3>Caracteristici<\/h3>\n<ul>\n<li>Material &#8212; 64% nailon, 34% poliester, 2% elastan<\/li>\n<li>Destina\u021bie &#8212; petrecere activ\u0103 a timpului liber\/ alergare<\/li>\n<li>Sezonul &#8212; prim\u0103var\u0103\/var\u0103<\/li>\n<li>Grosime &#8212; sub\u021bire<\/li>\n<li>Model &#8212; unisex.<\/li>\n<\/ul>\n<h3>Tehnologie<\/h3>\n<ul>\n<li><strong>Coolmax<\/strong>\u00ae &#8212; fibra de poliester brevetat\u0103 de Invista, care nu are o sec\u021biune transversal\u0103 circular\u0103, ci este format\u0103 din patru canale care \u00eendep\u0103rteaz\u0103 \u00een mod eficient umezeala de piele. Coolmax este utilizat ca strat adiacent pielii pentru gestionarea ultra-eficient\u0103 a umidit\u0103\u021bii.<\/li>\n<li><strong>Siltop<\/strong> &#8212; fibra de poliamid\u0103 are propriet\u0103\u021bi antibacteriene durabile care suprim\u0103 mirosurile. Efectul antibacterian este asigurat de ionii de argint \u0219i, deoarece tratamentul nu se aplic\u0103 doar pe suprafe\u021be, efectul s\u0103u este permanent \u0219i nu dispare \u00een timp.<\/li>\n<li><strong>Whitford<\/strong> &#8212; fibr\u0103 care reduce frecarea \u0219i previne apari\u021bia b\u0103\u0219icilor \u0219i a irita\u021biilor.<\/li>\n<li><strong>Biotender-TR<\/strong> &#8212; un tratament special care const\u0103 \u00eentr-un proces de pre-sp\u0103lare conceput pentru a crea articole de \u00eembr\u0103c\u0103minte cu o structur\u0103 \u0219i o suprafa\u021b\u0103 moale. Articolele de \u00eembr\u0103c\u0103minte care au fost supuse acestui tratament au propriet\u0103\u021bi antistatice excelente. \u00cen plus, Biotender-TR \u00eembun\u0103t\u0103\u021be\u0219te rezisten\u021ba la \u00eencre\u021bire \u0219i elasticitatea, precum \u0219i reducerea form\u0103rii de scame \u0219i a mat\u0103rii. Chiar \u0219i dup\u0103 numeroase sp\u0103l\u0103ri, acest tratament permite ca haina s\u0103 \u00ee\u0219i p\u0103streze caracteristicile.<\/li>\n<\/ul>\n<h3>Marca<\/h3>\n<p>Compania italian\u0103 Accapi este un exemplu al modului \u00een care tradi\u021biile vechi \u0219i experien\u021ba trecutului tr\u0103iesc \u00een armonie perfect\u0103 cu cele mai avansate tehnologii \u0219i echipamente moderne. \u00cenfiin\u021bat\u0103 \u00een 1958 de familia Chiaruttini, care ini\u021bial producea \u0219osete obi\u0219nuite, \u0219i dup\u0103 ce a acumulat o experien\u021b\u0103 considerabil\u0103, \u00een 1994 compania a \u00eenceput s\u0103 produc\u0103 \u0219osete tehnologice pentru toate sporturile. De trei genera\u021bii, produc\u021bia de lenjerie de corp termic\u0103 este o afacere de familie, ceea ce garanteaz\u0103 o calitate constant\u0103 \u0219i ridicat\u0103, deoarece toate modelele sunt produse \u00een propria fabric\u0103 din Italia. Introducerea de noi tehnologii \u00een 2006 a permis extinderea liniei de produse \u0219i revizuirea calitativ\u0103 a modelelor existente. \u00cen acela\u0219i timp, pre\u021burile pentru Accapi au r\u0103mas la acela\u0219i nivel. Marca Accapi este sponsorul a diver\u0219i sportivi din ciclismul de \u0219osea, cursele de motociclete, atletism, schi alpin, inclusiv medalia\u021bi olimpici.<\/p>\n<p><\/p>","protected":false},"excerpt":{"rendered":"","protected":false},"featured_media":58790,"comment_status":"closed","ping_status":"closed","template":"","meta":{"_acf_changed":false,"inline_featured_image":false},"product_brand":[1407],"product_cat":[387],"product_tag":[],"class_list":{"0":"post-58786","1":"product","2":"type-product","3":"status-publish","4":"has-post-thumbnail","6":"product_brand-accapi","7":"product_cat-multisport","9":"first","10":"instock","11":"shipping-taxable","12":"purchasable","13":"product-type-simple"},"acf":[],"yoast_head":"<!-- This site is optimized with the Yoast SEO plugin v27.4 - https:\/\/yoast.com\/product\/yoast-seo-wordpress\/ -->\n<title>\u041d\u043e\u0441\u043a\u0438 Accapi Running black\/orange - \u041c\u0430\u0433\u0430\u0437\u0438\u043d Xstyle<\/title>\n<meta name=\"description\" content=\"\u041d\u043e\u0441\u043a\u0438 Accapi Running black\/orange \u0438\u0434\u0435\u0430\u043b\u044c\u043d\u043e \u043f\u043e\u0434\u0445\u043e\u0434\u044f\u0442 \u0434\u043b\u044f \u0431\u0435\u0433\u0443\u043d\u043e\u0432. \u041b\u0435\u0433\u043a\u0438\u0435 \u0438 \u0434\u044b\u0448\u0430\u0449\u0438\u0435, \u043e\u0431\u0435\u0441\u043f\u0435\u0447\u0438\u0432\u0430\u044e\u0442 \u043a\u043e\u043c\u0444\u043e\u0440\u0442 \u0438 \u0441\u0432\u043e\u0431\u043e\u0434\u0443 \u0434\u0432\u0438\u0436\u0435\u043d\u0438\u0439 \u0432 \u0436\u0430\u0440\u0443.\" \/>\n<meta name=\"robots\" content=\"index, follow, max-snippet:-1, max-image-preview:large, max-video-preview:-1\" \/>\n<link rel=\"canonical\" href=\"https:\/\/xstyle.md\/ro\/produs\/noski-accapi-running-black-orange\/\" \/>\n<meta property=\"og:locale\" content=\"ro_RO\" \/>\n<meta property=\"og:type\" content=\"article\" \/>\n<meta property=\"og:title\" content=\"\u041d\u043e\u0441\u043a\u0438 Accapi Running black\/orange - \u041c\u0430\u0433\u0430\u0437\u0438\u043d Xstyle\" \/>\n<meta property=\"og:description\" content=\"\u041d\u043e\u0441\u043a\u0438 Accapi Running black\/orange \u0438\u0434\u0435\u0430\u043b\u044c\u043d\u043e \u043f\u043e\u0434\u0445\u043e\u0434\u044f\u0442 \u0434\u043b\u044f \u0431\u0435\u0433\u0443\u043d\u043e\u0432. \u041b\u0435\u0433\u043a\u0438\u0435 \u0438 \u0434\u044b\u0448\u0430\u0449\u0438\u0435, \u043e\u0431\u0435\u0441\u043f\u0435\u0447\u0438\u0432\u0430\u044e\u0442 \u043a\u043e\u043c\u0444\u043e\u0440\u0442 \u0438 \u0441\u0432\u043e\u0431\u043e\u0434\u0443 \u0434\u0432\u0438\u0436\u0435\u043d\u0438\u0439 \u0432 \u0436\u0430\u0440\u0443.\" \/>\n<meta property=\"og:url\" content=\"https:\/\/xstyle.md\/ro\/produs\/noski-accapi-running-black-orange\/\" \/>\n<meta property=\"og:site_name\" content=\"\u041c\u0430\u0433\u0430\u0437\u0438\u043d Xstyle\" \/>\n<meta property=\"article:publisher\" content=\"https:\/\/www.facebook.com\/xstylemd\" \/>\n<meta property=\"article:modified_time\" content=\"2025-10-24T09:17:16+00:00\" \/>\n<meta property=\"og:image\" content=\"https:\/\/xstyle.md\/wp-content\/uploads\/2022\/11\/accapi-running-blackorange.jpg\" \/>\n\t<meta property=\"og:image:width\" content=\"885\" \/>\n\t<meta property=\"og:image:height\" content=\"902\" \/>\n\t<meta property=\"og:image:type\" content=\"image\/jpeg\" \/>\n<meta name=\"twitter:card\" content=\"summary_large_image\" \/>\n<meta name=\"twitter:label1\" content=\"Pre\u021b\" \/>\n\t<meta name=\"twitter:data1\" content=\"340&nbsp;MDL\" \/>\n\t<meta name=\"twitter:label2\" content=\"Disponibilitate\" \/>\n\t<meta name=\"twitter:data2\" content=\"\u00cen stoc\" \/>\n<script type=\"application\/ld+json\" class=\"yoast-schema-graph\">{\"@context\":\"https:\\\/\\\/schema.org\",\"@graph\":[{\"@type\":\"WebPage\",\"@id\":\"https:\\\/\\\/xstyle.md\\\/product\\\/noski-accapi-running-black-orange\\\/\",\"url\":\"https:\\\/\\\/xstyle.md\\\/product\\\/noski-accapi-running-black-orange\\\/\",\"name\":\"\u041d\u043e\u0441\u043a\u0438 Accapi Running black\\\/orange - \u041c\u0430\u0433\u0430\u0437\u0438\u043d Xstyle\",\"isPartOf\":{\"@id\":\"https:\\\/\\\/xstyle.md\\\/#website\"},\"primaryImageOfPage\":{\"@id\":\"https:\\\/\\\/xstyle.md\\\/product\\\/noski-accapi-running-black-orange\\\/#primaryimage\"},\"image\":{\"@id\":\"https:\\\/\\\/xstyle.md\\\/product\\\/noski-accapi-running-black-orange\\\/#primaryimage\"},\"thumbnailUrl\":\"https:\\\/\\\/xstyle.md\\\/wp-content\\\/uploads\\\/2022\\\/11\\\/accapi-running-blackorange.jpg\",\"datePublished\":\"2022-11-14T11:09:02+00:00\",\"dateModified\":\"2025-10-24T09:17:16+00:00\",\"description\":\"\u041d\u043e\u0441\u043a\u0438 Accapi Running black\\\/orange \u0438\u0434\u0435\u0430\u043b\u044c\u043d\u043e \u043f\u043e\u0434\u0445\u043e\u0434\u044f\u0442 \u0434\u043b\u044f \u0431\u0435\u0433\u0443\u043d\u043e\u0432. \u041b\u0435\u0433\u043a\u0438\u0435 \u0438 \u0434\u044b\u0448\u0430\u0449\u0438\u0435, \u043e\u0431\u0435\u0441\u043f\u0435\u0447\u0438\u0432\u0430\u044e\u0442 \u043a\u043e\u043c\u0444\u043e\u0440\u0442 \u0438 \u0441\u0432\u043e\u0431\u043e\u0434\u0443 \u0434\u0432\u0438\u0436\u0435\u043d\u0438\u0439 \u0432 \u0436\u0430\u0440\u0443.\",\"breadcrumb\":{\"@id\":\"https:\\\/\\\/xstyle.md\\\/product\\\/noski-accapi-running-black-orange\\\/#breadcrumb\"},\"inLanguage\":\"ro-RO\",\"potentialAction\":[{\"@type\":\"ReadAction\",\"target\":[\"https:\\\/\\\/xstyle.md\\\/product\\\/noski-accapi-running-black-orange\\\/\"]}]},{\"@type\":\"ImageObject\",\"inLanguage\":\"ro-RO\",\"@id\":\"https:\\\/\\\/xstyle.md\\\/product\\\/noski-accapi-running-black-orange\\\/#primaryimage\",\"url\":\"https:\\\/\\\/xstyle.md\\\/wp-content\\\/uploads\\\/2022\\\/11\\\/accapi-running-blackorange.jpg\",\"contentUrl\":\"https:\\\/\\\/xstyle.md\\\/wp-content\\\/uploads\\\/2022\\\/11\\\/accapi-running-blackorange.jpg\",\"width\":885,\"height\":902,\"caption\":\"\u041d\u043e\u0441\u043a\u0438 \u0434\u043b\u044f \u0431\u0435\u0433\u0430 Accapi \u0447\u0435\u0440\u043d\u043e-\u043e\u0440\u0430\u043d\u0436\u0435\u0432\u044b\u0435 \u0434\u043b\u044f \u0430\u043a\u0442\u0438\u0432\u043d\u043e\u0433\u043e \u043e\u0442\u0434\u044b\u0445\u0430 \u0441\u043f\u043e\u0440\u0442 \u043e\u0434\u0435\u0436\u0434\u044b \u0438 \u043e\u0431\u0443\u0432\u0438 \u0434\u043b\u044f \u0442\u0443\u0440\u0438\u0437\u043c\u0430 \u0430\u043b\u044c\u043f\u0438\u043d\u0438\u0437\u043c\u0430 \u043f\u0443\u0442\u0435\u0448\u0435\u0441\u0442\u0432\u0438\u0439\"},{\"@type\":\"BreadcrumbList\",\"@id\":\"https:\\\/\\\/xstyle.md\\\/product\\\/noski-accapi-running-black-orange\\\/#breadcrumb\",\"itemListElement\":[{\"@type\":\"ListItem\",\"position\":1,\"name\":\"\u0413\u043b\u0430\u0432\u043d\u0430\u044f \u0441\u0442\u0440\u0430\u043d\u0438\u0446\u0430\",\"item\":\"https:\\\/\\\/xstyle.md\\\/\"},{\"@type\":\"ListItem\",\"position\":2,\"name\":\"\u041c\u0430\u0433\u0430\u0437\u0438\u043d\",\"item\":\"https:\\\/\\\/xstyle.md\\\/shop\\\/\"},{\"@type\":\"ListItem\",\"position\":3,\"name\":\"\u041d\u043e\u0441\u043a\u0438 Accapi Running black\\\/orange\"}]},{\"@type\":\"WebSite\",\"@id\":\"https:\\\/\\\/xstyle.md\\\/#website\",\"url\":\"https:\\\/\\\/xstyle.md\\\/\",\"name\":\"\u041c\u0430\u0433\u0430\u0437\u0438\u043d Xstyle\",\"description\":\"C\u043d\u0430\u0440\u044f\u0436\u0435\u043d\u0438\u0435 \u0434\u043b\u044f \u0442\u0443\u0440\u0438\u0437\u043c\u0430 \u0438 \u044d\u043a\u0441\u0442\u0440\u0435\u043c\u0430\u043b\u044c\u043d\u044b\u0445 \u0432\u0438\u0434\u043e\u0432 \u0441\u043f\u043e\u0440\u0442\u0430 \u0432 \u041c\u043e\u043b\u0434\u043e\u0432\u0435.. \u0426\u0435\u043d\u044b, \u0444\u043e\u0442\u043e, \u0445\u0430\u0440\u0430\u043a\u0442\u0435\u0440\u0438\u0441\u0442\u0438\u043a\u0438 \u0432 \u041c\u043e\u043b\u0434\u043e\u0432\u0435.\",\"publisher\":{\"@id\":\"https:\\\/\\\/xstyle.md\\\/#organization\"},\"alternateName\":\"X-Style\",\"potentialAction\":[{\"@type\":\"SearchAction\",\"target\":{\"@type\":\"EntryPoint\",\"urlTemplate\":\"https:\\\/\\\/xstyle.md\\\/?s={search_term_string}\"},\"query-input\":{\"@type\":\"PropertyValueSpecification\",\"valueRequired\":true,\"valueName\":\"search_term_string\"}}],\"inLanguage\":\"ro-RO\"},{\"@type\":\"Organization\",\"@id\":\"https:\\\/\\\/xstyle.md\\\/#organization\",\"name\":\"\u041c\u0430\u0433\u0430\u0437\u0438\u043d Xstyle\",\"alternateName\":\"x-style\",\"url\":\"https:\\\/\\\/xstyle.md\\\/\",\"logo\":{\"@type\":\"ImageObject\",\"inLanguage\":\"ro-RO\",\"@id\":\"https:\\\/\\\/xstyle.md\\\/#\\\/schema\\\/logo\\\/image\\\/\",\"url\":\"https:\\\/\\\/xstyle.md\\\/wp-content\\\/uploads\\\/2020\\\/06\\\/logoicon.svg\",\"contentUrl\":\"https:\\\/\\\/xstyle.md\\\/wp-content\\\/uploads\\\/2020\\\/06\\\/logoicon.svg\",\"caption\":\"\u041c\u0430\u0433\u0430\u0437\u0438\u043d Xstyle\"},\"image\":{\"@id\":\"https:\\\/\\\/xstyle.md\\\/#\\\/schema\\\/logo\\\/image\\\/\"},\"sameAs\":[\"https:\\\/\\\/www.facebook.com\\\/xstylemd\",\"https:\\\/\\\/www.instagram.com\\\/xstyle_md\\\/\",\"https:\\\/\\\/t.me\\\/xstyle_outdoor\"],\"hasMerchantReturnPolicy\":{\"@type\":\"MerchantReturnPolicy\",\"merchantReturnLink\":\"https:\\\/\\\/xstyle.md\\\/ro\\\/conditions\\\/\"}}]}<\/script>\n<meta property=\"product:price:amount\" content=\"340.00\" \/>\n<meta property=\"product:price:currency\" content=\"MDL\" \/>\n<meta property=\"og:availability\" content=\"instock\" \/>\n<meta property=\"product:availability\" content=\"instock\" \/>\n<meta property=\"product:retailer_item_id\" content=\"8053307529332\" \/>\n<meta property=\"product:condition\" content=\"new\" \/>\n<!-- \/ Yoast SEO plugin. -->","yoast_head_json":{"title":"\u0218osete Accapi Running black\/orange - Magazin Xstyle","description":"Sosetele Accapi Running black\/orange sunt ideale pentru alerg\u0103tori. U\u0219oare \u0219i respirabile, ofer\u0103 confort \u0219i libertate de mi\u0219care \u00een c\u0103ldur\u0103.","robots":{"index":"index","follow":"follow","max-snippet":"max-snippet:-1","max-image-preview":"max-image-preview:large","max-video-preview":"max-video-preview:-1"},"canonical":"https:\/\/xstyle.md\/ro\/produs\/noski-accapi-running-black-orange\/","og_locale":"ro_RO","og_type":"article","og_title":"\u041d\u043e\u0441\u043a\u0438 Accapi Running black\/orange - \u041c\u0430\u0433\u0430\u0437\u0438\u043d Xstyle","og_description":"\u041d\u043e\u0441\u043a\u0438 Accapi Running black\/orange \u0438\u0434\u0435\u0430\u043b\u044c\u043d\u043e \u043f\u043e\u0434\u0445\u043e\u0434\u044f\u0442 \u0434\u043b\u044f \u0431\u0435\u0433\u0443\u043d\u043e\u0432. \u041b\u0435\u0433\u043a\u0438\u0435 \u0438 \u0434\u044b\u0448\u0430\u0449\u0438\u0435, \u043e\u0431\u0435\u0441\u043f\u0435\u0447\u0438\u0432\u0430\u044e\u0442 \u043a\u043e\u043c\u0444\u043e\u0440\u0442 \u0438 \u0441\u0432\u043e\u0431\u043e\u0434\u0443 \u0434\u0432\u0438\u0436\u0435\u043d\u0438\u0439 \u0432 \u0436\u0430\u0440\u0443.","og_url":"https:\/\/xstyle.md\/ro\/produs\/noski-accapi-running-black-orange\/","og_site_name":"\u041c\u0430\u0433\u0430\u0437\u0438\u043d Xstyle","article_publisher":"https:\/\/www.facebook.com\/xstylemd","article_modified_time":"2025-10-24T09:17:16+00:00","og_image":[{"width":885,"height":902,"url":"https:\/\/xstyle.md\/wp-content\/uploads\/2022\/11\/accapi-running-blackorange.jpg","type":"image\/jpeg"}],"twitter_card":"summary_large_image","twitter_misc":{"Pre\u021b":"340&nbsp;MDL","Disponibilitate":"\u00cen stoc"},"schema":{"@context":"https:\/\/schema.org","@graph":[{"@type":"WebPage","@id":"https:\/\/xstyle.md\/product\/noski-accapi-running-black-orange\/","url":"https:\/\/xstyle.md\/product\/noski-accapi-running-black-orange\/","name":"\u0218osete Accapi Running black\/orange - Magazin Xstyle","isPartOf":{"@id":"https:\/\/xstyle.md\/#website"},"primaryImageOfPage":{"@id":"https:\/\/xstyle.md\/product\/noski-accapi-running-black-orange\/#primaryimage"},"image":{"@id":"https:\/\/xstyle.md\/product\/noski-accapi-running-black-orange\/#primaryimage"},"thumbnailUrl":"https:\/\/xstyle.md\/wp-content\/uploads\/2022\/11\/accapi-running-blackorange.jpg","datePublished":"2022-11-14T11:09:02+00:00","dateModified":"2025-10-24T09:17:16+00:00","description":"Sosetele Accapi Running black\/orange sunt ideale pentru alerg\u0103tori. U\u0219oare \u0219i respirabile, ofer\u0103 confort \u0219i libertate de mi\u0219care \u00een c\u0103ldur\u0103.","breadcrumb":{"@id":"https:\/\/xstyle.md\/product\/noski-accapi-running-black-orange\/#breadcrumb"},"inLanguage":"ro-RO","potentialAction":[{"@type":"ReadAction","target":["https:\/\/xstyle.md\/product\/noski-accapi-running-black-orange\/"]}]},{"@type":"ImageObject","inLanguage":"ro-RO","@id":"https:\/\/xstyle.md\/product\/noski-accapi-running-black-orange\/#primaryimage","url":"https:\/\/xstyle.md\/wp-content\/uploads\/2022\/11\/accapi-running-blackorange.jpg","contentUrl":"https:\/\/xstyle.md\/wp-content\/uploads\/2022\/11\/accapi-running-blackorange.jpg","width":885,"height":902,"caption":"\u041d\u043e\u0441\u043a\u0438 \u0434\u043b\u044f \u0431\u0435\u0433\u0430 Accapi \u0447\u0435\u0440\u043d\u043e-\u043e\u0440\u0430\u043d\u0436\u0435\u0432\u044b\u0435 \u0434\u043b\u044f \u0430\u043a\u0442\u0438\u0432\u043d\u043e\u0433\u043e \u043e\u0442\u0434\u044b\u0445\u0430 \u0441\u043f\u043e\u0440\u0442 \u043e\u0434\u0435\u0436\u0434\u044b \u0438 \u043e\u0431\u0443\u0432\u0438 \u0434\u043b\u044f \u0442\u0443\u0440\u0438\u0437\u043c\u0430 \u0430\u043b\u044c\u043f\u0438\u043d\u0438\u0437\u043c\u0430 \u043f\u0443\u0442\u0435\u0448\u0435\u0441\u0442\u0432\u0438\u0439"},{"@type":"BreadcrumbList","@id":"https:\/\/xstyle.md\/product\/noski-accapi-running-black-orange\/#breadcrumb","itemListElement":[{"@type":"ListItem","position":1,"name":"\u0413\u043b\u0430\u0432\u043d\u0430\u044f \u0441\u0442\u0440\u0430\u043d\u0438\u0446\u0430","item":"https:\/\/xstyle.md\/"},{"@type":"ListItem","position":2,"name":"\u041c\u0430\u0433\u0430\u0437\u0438\u043d","item":"https:\/\/xstyle.md\/shop\/"},{"@type":"ListItem","position":3,"name":"\u041d\u043e\u0441\u043a\u0438 Accapi Running black\/orange"}]},{"@type":"WebSite","@id":"https:\/\/xstyle.md\/#website","url":"https:\/\/xstyle.md\/","name":"Magazinul X-Style","description":"Echipamente pentru turism \u0219i sporturi extreme \u00een Moldova. Pre\u021buri, fotografii, caracteristici \u00een Moldova.","publisher":{"@id":"https:\/\/xstyle.md\/#organization"},"alternateName":"X-Style","potentialAction":[{"@type":"SearchAction","target":{"@type":"EntryPoint","urlTemplate":"https:\/\/xstyle.md\/?s={search_term_string}"},"query-input":{"@type":"PropertyValueSpecification","valueRequired":true,"valueName":"search_term_string"}}],"inLanguage":"ro-RO"},{"@type":"Organization","@id":"https:\/\/xstyle.md\/#organization","name":"Magazinul X-Style","alternateName":"x-style","url":"https:\/\/xstyle.md\/","logo":{"@type":"ImageObject","inLanguage":"ro-RO","@id":"https:\/\/xstyle.md\/#\/schema\/logo\/image\/","url":"https:\/\/xstyle.md\/wp-content\/uploads\/2020\/06\/logoicon.svg","contentUrl":"https:\/\/xstyle.md\/wp-content\/uploads\/2020\/06\/logoicon.svg","caption":"\u041c\u0430\u0433\u0430\u0437\u0438\u043d Xstyle"},"image":{"@id":"https:\/\/xstyle.md\/#\/schema\/logo\/image\/"},"sameAs":["https:\/\/www.facebook.com\/xstylemd","https:\/\/www.instagram.com\/xstyle_md\/","https:\/\/t.me\/xstyle_outdoor"],"hasMerchantReturnPolicy":{"@type":"MerchantReturnPolicy","merchantReturnLink":"https:\/\/xstyle.md\/ro\/conditions\/"}}]},"product_price_amount":"340.00","product_price_currency":"MDL","og_availability":"instock","product_availability":"instock","product_retailer_item_id":"8053307529332","product_condition":"new"},"_links":{"self":[{"href":"https:\/\/xstyle.md\/ro\/wp-json\/wp\/v2\/product\/58786","targetHints":{"allow":["GET"]}}],"collection":[{"href":"https:\/\/xstyle.md\/ro\/wp-json\/wp\/v2\/product"}],"about":[{"href":"https:\/\/xstyle.md\/ro\/wp-json\/wp\/v2\/types\/product"}],"replies":[{"embeddable":true,"href":"https:\/\/xstyle.md\/ro\/wp-json\/wp\/v2\/comments?post=58786"}],"wp:featuredmedia":[{"embeddable":true,"href":"https:\/\/xstyle.md\/ro\/wp-json\/wp\/v2\/media\/58790"}],"wp:attachment":[{"href":"https:\/\/xstyle.md\/ro\/wp-json\/wp\/v2\/media?parent=58786"}],"wp:term":[{"taxonomy":"product_brand","embeddable":true,"href":"https:\/\/xstyle.md\/ro\/wp-json\/wp\/v2\/product_brand?post=58786"},{"taxonomy":"product_cat","embeddable":true,"href":"https:\/\/xstyle.md\/ro\/wp-json\/wp\/v2\/product_cat?post=58786"},{"taxonomy":"product_tag","embeddable":true,"href":"https:\/\/xstyle.md\/ro\/wp-json\/wp\/v2\/product_tag?post=58786"}],"curies":[{"name":"wp","href":"https:\/\/api.w.org\/{rel}","templated":true}]}}