{"id":5875,"date":"2020-07-16T21:04:30","date_gmt":"2020-07-16T18:04:30","guid":{"rendered":"https:\/\/xstyle.md\/product\/veloperchatki-craft-bike-siberian-split-f-glove"},"modified":"2024-10-19T23:45:12","modified_gmt":"2024-10-19T20:45:12","slug":"veloperchatki-craft-bike-siberian-split-f-glove","status":"publish","type":"product","link":"https:\/\/xstyle.md\/ro\/produs\/veloperchatki-craft-bike-siberian-split-f-glove\/","title":{"rendered":"M\u0103nu\u0219i pentru ciclism Craft Siberian Glow Split Finger"},"content":{"rendered":"<\/p>\n<p><strong>M\u0103nu\u0219i de ciclism Craft Siberian Glow Split Finger<\/strong> &#8212; m\u0103nu\u0219i de\u00a0ciclism pentru vreme r\u0103coroas\u0103. Aceste m\u0103nu\u0219i sunt fabricate din material rezistent la umiditate \u0219i v\u00e2nt, care nu permit m\u00e2inilor s\u0103 se ude, ceea ce \u00eenseamn\u0103, s\u0103 \u00eenghe\u021be. C\u0103ptu\u0219eala fleece este pl\u0103cut\u0103 la atingere \u0219i asigur\u0103 c\u0103ldur\u0103 suplimentar\u0103. \u00cenveli\u0219ul din silicon ofer\u0103 o aderen\u021b\u0103 bun\u0103 pe ghidonul bicicletei, iar degetele despicate ale m\u0103nu\u0219ii faciliteaz\u0103 controlul bicicletei, chiar \u0219i cu m\u0103nu\u0219ile \u00eembr\u0103cate.<\/p>\n<h3>Particularit\u0103\u021bi<\/h3>\n<ul>\n<li>Material rezistent la v\u00e2nt \u0219i la ap\u0103<\/li>\n<li>C\u0103ptu\u0219eal\u0103 interioar\u0103 din l\u00e2n\u0103<\/li>\n<li>Material moale cu membran\u0103 impermeabil\u0103 pe palm\u0103<\/li>\n<li>Acoperire cu silicon pentru o aderen\u021b\u0103 mai bun\u0103<\/li>\n<li>Velcro reglabil la \u00eencheietura m\u00e2inii<\/li>\n<li>Potrivire ergonomic\u0103<\/li>\n<li>Inser\u021bie moale pe degetul mare<\/li>\n<li>Imprim\u0103ri reflectorizante<\/li>\n<\/ul>\n<h3>Caracteristici<\/h3>\n<ul>\n<li>Sezon &#8212; iarn\u0103, toamn\u0103<\/li>\n<li>Model &#8212; unisex<\/li>\n<\/ul>\n<p><\/p>","protected":false},"excerpt":{"rendered":"<p>\u0412\u0435\u043b\u043e\u043f\u0435\u0440\u0447\u0430\u0442\u043a\u0438 Craft BIKE SIBERIAN SPLIT F.GLOVE<\/p>","protected":false},"featured_media":5874,"comment_status":"open","ping_status":"closed","template":"","meta":{"_acf_changed":false,"inline_featured_image":false},"product_brand":[1300],"product_cat":[886,277,279],"product_tag":[],"class_list":{"0":"post-5875","1":"product","2":"type-product","3":"status-publish","4":"has-post-thumbnail","6":"product_brand-craft","7":"product_cat-manusi-de-ciclism","8":"product_cat-haine-velo-femei","9":"product_cat-haine-velo-barbati","11":"first","12":"instock","13":"sale","14":"shipping-taxable","15":"purchasable","16":"product-type-simple"},"acf":[],"yoast_head":"<!-- This site is optimized with the Yoast SEO plugin v27.4 - https:\/\/yoast.com\/product\/yoast-seo-wordpress\/ -->\n<title>\u0412\u0435\u043b\u043e\u043f\u0435\u0440\u0447\u0430\u0442\u043a\u0438 Craft Siberian Glow Split Finger - \u041c\u0430\u0433\u0430\u0437\u0438\u043d Xstyle<\/title>\n<meta name=\"description\" content=\"\u0412\u0435\u043b\u043e\u043f\u0435\u0440\u0447\u0430\u0442\u043a\u0438 Craft Siberian Glow Split Finger \u0438\u0434\u0435\u0430\u043b\u044c\u043d\u043e \u043f\u043e\u0434\u0445\u043e\u0434\u044f\u0442 \u0434\u043b\u044f \u0445\u043e\u043b\u043e\u0434\u043d\u043e\u0439 \u043f\u043e\u0433\u043e\u0434\u044b. \u041e\u0434\u0435\u0436\u0434\u0430 \u0441 \u043c\u0435\u043c\u0431\u0440\u0430\u043d\u043e\u0439 \u0437\u0430\u0449\u0438\u0449\u0430\u0435\u0442 \u043e\u0442 \u0432\u043b\u0430\u0433\u0438 \u0438 \u0432\u0435\u0442\u0440\u0430, \u043e\u0431\u0435\u0441\u043f\u0435\u0447\u0438\u0432\u0430\u044f \u0442\u0435\u043f\u043b\u043e \u0438 \u043a\u043e\u043c\u0444\u043e\u0440\u0442.\" \/>\n<meta name=\"robots\" content=\"index, follow, max-snippet:-1, max-image-preview:large, max-video-preview:-1\" \/>\n<link rel=\"canonical\" href=\"https:\/\/xstyle.md\/ro\/produs\/veloperchatki-craft-bike-siberian-split-f-glove\/\" \/>\n<meta property=\"og:locale\" content=\"ro_RO\" \/>\n<meta property=\"og:type\" content=\"article\" \/>\n<meta property=\"og:title\" content=\"\u0412\u0435\u043b\u043e\u043f\u0435\u0440\u0447\u0430\u0442\u043a\u0438 Craft Siberian Glow Split Finger - \u041c\u0430\u0433\u0430\u0437\u0438\u043d Xstyle\" \/>\n<meta property=\"og:description\" content=\"\u0412\u0435\u043b\u043e\u043f\u0435\u0440\u0447\u0430\u0442\u043a\u0438 Craft Siberian Glow Split Finger \u0438\u0434\u0435\u0430\u043b\u044c\u043d\u043e \u043f\u043e\u0434\u0445\u043e\u0434\u044f\u0442 \u0434\u043b\u044f \u0445\u043e\u043b\u043e\u0434\u043d\u043e\u0439 \u043f\u043e\u0433\u043e\u0434\u044b. \u041e\u0434\u0435\u0436\u0434\u0430 \u0441 \u043c\u0435\u043c\u0431\u0440\u0430\u043d\u043e\u0439 \u0437\u0430\u0449\u0438\u0449\u0430\u0435\u0442 \u043e\u0442 \u0432\u043b\u0430\u0433\u0438 \u0438 \u0432\u0435\u0442\u0440\u0430, \u043e\u0431\u0435\u0441\u043f\u0435\u0447\u0438\u0432\u0430\u044f \u0442\u0435\u043f\u043b\u043e \u0438 \u043a\u043e\u043c\u0444\u043e\u0440\u0442.\" \/>\n<meta property=\"og:url\" content=\"https:\/\/xstyle.md\/ro\/produs\/veloperchatki-craft-bike-siberian-split-f-glove\/\" \/>\n<meta property=\"og:site_name\" content=\"\u041c\u0430\u0433\u0430\u0437\u0438\u043d Xstyle\" \/>\n<meta property=\"article:publisher\" content=\"https:\/\/www.facebook.com\/xstylemd\" \/>\n<meta property=\"article:modified_time\" content=\"2024-10-19T20:45:12+00:00\" \/>\n<meta property=\"og:image\" content=\"https:\/\/xstyle.md\/wp-content\/uploads\/2020\/07\/craxtrlj.jpg\" \/>\n\t<meta property=\"og:image:width\" content=\"800\" \/>\n\t<meta property=\"og:image:height\" content=\"800\" \/>\n\t<meta property=\"og:image:type\" content=\"image\/jpeg\" \/>\n<meta name=\"twitter:card\" content=\"summary_large_image\" \/>\n<meta name=\"twitter:label1\" content=\"Pre\u021b\" \/>\n\t<meta name=\"twitter:data1\" content=\"735&nbsp;MDL\" \/>\n\t<meta name=\"twitter:label2\" content=\"Disponibilitate\" \/>\n\t<meta name=\"twitter:data2\" content=\"\u00cen stoc\" \/>\n<script type=\"application\/ld+json\" class=\"yoast-schema-graph\">{\"@context\":\"https:\\\/\\\/schema.org\",\"@graph\":[{\"@type\":\"WebPage\",\"@id\":\"https:\\\/\\\/xstyle.md\\\/product\\\/veloperchatki-craft-bike-siberian-split-f-glove\\\/\",\"url\":\"https:\\\/\\\/xstyle.md\\\/product\\\/veloperchatki-craft-bike-siberian-split-f-glove\\\/\",\"name\":\"\u0412\u0435\u043b\u043e\u043f\u0435\u0440\u0447\u0430\u0442\u043a\u0438 Craft Siberian Glow Split Finger - \u041c\u0430\u0433\u0430\u0437\u0438\u043d Xstyle\",\"isPartOf\":{\"@id\":\"https:\\\/\\\/xstyle.md\\\/#website\"},\"primaryImageOfPage\":{\"@id\":\"https:\\\/\\\/xstyle.md\\\/product\\\/veloperchatki-craft-bike-siberian-split-f-glove\\\/#primaryimage\"},\"image\":{\"@id\":\"https:\\\/\\\/xstyle.md\\\/product\\\/veloperchatki-craft-bike-siberian-split-f-glove\\\/#primaryimage\"},\"thumbnailUrl\":\"https:\\\/\\\/xstyle.md\\\/wp-content\\\/uploads\\\/2020\\\/07\\\/craxtrlj.jpg\",\"datePublished\":\"2020-07-16T18:04:30+00:00\",\"dateModified\":\"2024-10-19T20:45:12+00:00\",\"description\":\"\u0412\u0435\u043b\u043e\u043f\u0435\u0440\u0447\u0430\u0442\u043a\u0438 Craft Siberian Glow Split Finger \u0438\u0434\u0435\u0430\u043b\u044c\u043d\u043e \u043f\u043e\u0434\u0445\u043e\u0434\u044f\u0442 \u0434\u043b\u044f \u0445\u043e\u043b\u043e\u0434\u043d\u043e\u0439 \u043f\u043e\u0433\u043e\u0434\u044b. \u041e\u0434\u0435\u0436\u0434\u0430 \u0441 \u043c\u0435\u043c\u0431\u0440\u0430\u043d\u043e\u0439 \u0437\u0430\u0449\u0438\u0449\u0430\u0435\u0442 \u043e\u0442 \u0432\u043b\u0430\u0433\u0438 \u0438 \u0432\u0435\u0442\u0440\u0430, \u043e\u0431\u0435\u0441\u043f\u0435\u0447\u0438\u0432\u0430\u044f \u0442\u0435\u043f\u043b\u043e \u0438 \u043a\u043e\u043c\u0444\u043e\u0440\u0442.\",\"breadcrumb\":{\"@id\":\"https:\\\/\\\/xstyle.md\\\/product\\\/veloperchatki-craft-bike-siberian-split-f-glove\\\/#breadcrumb\"},\"inLanguage\":\"ro-RO\",\"potentialAction\":[{\"@type\":\"ReadAction\",\"target\":[\"https:\\\/\\\/xstyle.md\\\/product\\\/veloperchatki-craft-bike-siberian-split-f-glove\\\/\"]}]},{\"@type\":\"ImageObject\",\"inLanguage\":\"ro-RO\",\"@id\":\"https:\\\/\\\/xstyle.md\\\/product\\\/veloperchatki-craft-bike-siberian-split-f-glove\\\/#primaryimage\",\"url\":\"https:\\\/\\\/xstyle.md\\\/wp-content\\\/uploads\\\/2020\\\/07\\\/craxtrlj.jpg\",\"contentUrl\":\"https:\\\/\\\/xstyle.md\\\/wp-content\\\/uploads\\\/2020\\\/07\\\/craxtrlj.jpg\",\"width\":800,\"height\":800},{\"@type\":\"BreadcrumbList\",\"@id\":\"https:\\\/\\\/xstyle.md\\\/product\\\/veloperchatki-craft-bike-siberian-split-f-glove\\\/#breadcrumb\",\"itemListElement\":[{\"@type\":\"ListItem\",\"position\":1,\"name\":\"\u0413\u043b\u0430\u0432\u043d\u0430\u044f \u0441\u0442\u0440\u0430\u043d\u0438\u0446\u0430\",\"item\":\"https:\\\/\\\/xstyle.md\\\/\"},{\"@type\":\"ListItem\",\"position\":2,\"name\":\"\u041c\u0430\u0433\u0430\u0437\u0438\u043d\",\"item\":\"https:\\\/\\\/xstyle.md\\\/shop\\\/\"},{\"@type\":\"ListItem\",\"position\":3,\"name\":\"\u0412\u0435\u043b\u043e\u043f\u0435\u0440\u0447\u0430\u0442\u043a\u0438 Craft Siberian Glow Split Finger\"}]},{\"@type\":\"WebSite\",\"@id\":\"https:\\\/\\\/xstyle.md\\\/#website\",\"url\":\"https:\\\/\\\/xstyle.md\\\/\",\"name\":\"\u041c\u0430\u0433\u0430\u0437\u0438\u043d Xstyle\",\"description\":\"C\u043d\u0430\u0440\u044f\u0436\u0435\u043d\u0438\u0435 \u0434\u043b\u044f \u0442\u0443\u0440\u0438\u0437\u043c\u0430 \u0438 \u044d\u043a\u0441\u0442\u0440\u0435\u043c\u0430\u043b\u044c\u043d\u044b\u0445 \u0432\u0438\u0434\u043e\u0432 \u0441\u043f\u043e\u0440\u0442\u0430 \u0432 \u041c\u043e\u043b\u0434\u043e\u0432\u0435.. \u0426\u0435\u043d\u044b, \u0444\u043e\u0442\u043e, \u0445\u0430\u0440\u0430\u043a\u0442\u0435\u0440\u0438\u0441\u0442\u0438\u043a\u0438 \u0432 \u041c\u043e\u043b\u0434\u043e\u0432\u0435.\",\"publisher\":{\"@id\":\"https:\\\/\\\/xstyle.md\\\/#organization\"},\"alternateName\":\"X-Style\",\"potentialAction\":[{\"@type\":\"SearchAction\",\"target\":{\"@type\":\"EntryPoint\",\"urlTemplate\":\"https:\\\/\\\/xstyle.md\\\/?s={search_term_string}\"},\"query-input\":{\"@type\":\"PropertyValueSpecification\",\"valueRequired\":true,\"valueName\":\"search_term_string\"}}],\"inLanguage\":\"ro-RO\"},{\"@type\":\"Organization\",\"@id\":\"https:\\\/\\\/xstyle.md\\\/#organization\",\"name\":\"\u041c\u0430\u0433\u0430\u0437\u0438\u043d Xstyle\",\"alternateName\":\"x-style\",\"url\":\"https:\\\/\\\/xstyle.md\\\/\",\"logo\":{\"@type\":\"ImageObject\",\"inLanguage\":\"ro-RO\",\"@id\":\"https:\\\/\\\/xstyle.md\\\/#\\\/schema\\\/logo\\\/image\\\/\",\"url\":\"https:\\\/\\\/xstyle.md\\\/wp-content\\\/uploads\\\/2020\\\/06\\\/logoicon.svg\",\"contentUrl\":\"https:\\\/\\\/xstyle.md\\\/wp-content\\\/uploads\\\/2020\\\/06\\\/logoicon.svg\",\"caption\":\"\u041c\u0430\u0433\u0430\u0437\u0438\u043d Xstyle\"},\"image\":{\"@id\":\"https:\\\/\\\/xstyle.md\\\/#\\\/schema\\\/logo\\\/image\\\/\"},\"sameAs\":[\"https:\\\/\\\/www.facebook.com\\\/xstylemd\",\"https:\\\/\\\/www.instagram.com\\\/xstyle_md\\\/\",\"https:\\\/\\\/t.me\\\/xstyle_outdoor\"],\"hasMerchantReturnPolicy\":{\"@type\":\"MerchantReturnPolicy\",\"merchantReturnLink\":\"https:\\\/\\\/xstyle.md\\\/ro\\\/conditions\\\/\"}}]}<\/script>\n<meta property=\"product:price:amount\" content=\"735.00\" \/>\n<meta property=\"product:price:currency\" content=\"MDL\" \/>\n<meta property=\"og:availability\" content=\"instock\" \/>\n<meta property=\"product:availability\" content=\"instock\" \/>\n<meta property=\"product:retailer_item_id\" content=\"7318571554581\" \/>\n<meta property=\"product:condition\" content=\"new\" \/>\n<!-- \/ Yoast SEO plugin. -->","yoast_head_json":{"title":"M\u0103nu\u0219i pentru ciclism Craft Siberian Glow Split Finger - Magazin Xstyle","description":"M\u0103nu\u0219ile pentru ciclism Craft Siberian Glow Split Finger sunt perfecte pentru vreme rece. \u00cembr\u0103c\u0103mintea cu membran\u0103 protejeaz\u0103 \u00eempotriva umezelii \u0219i v\u00e2ntului, asigur\u00e2nd c\u0103ldur\u0103 \u0219i confort.","robots":{"index":"index","follow":"follow","max-snippet":"max-snippet:-1","max-image-preview":"max-image-preview:large","max-video-preview":"max-video-preview:-1"},"canonical":"https:\/\/xstyle.md\/ro\/produs\/veloperchatki-craft-bike-siberian-split-f-glove\/","og_locale":"ro_RO","og_type":"article","og_title":"\u0412\u0435\u043b\u043e\u043f\u0435\u0440\u0447\u0430\u0442\u043a\u0438 Craft Siberian Glow Split Finger - \u041c\u0430\u0433\u0430\u0437\u0438\u043d Xstyle","og_description":"\u0412\u0435\u043b\u043e\u043f\u0435\u0440\u0447\u0430\u0442\u043a\u0438 Craft Siberian Glow Split Finger \u0438\u0434\u0435\u0430\u043b\u044c\u043d\u043e \u043f\u043e\u0434\u0445\u043e\u0434\u044f\u0442 \u0434\u043b\u044f \u0445\u043e\u043b\u043e\u0434\u043d\u043e\u0439 \u043f\u043e\u0433\u043e\u0434\u044b. \u041e\u0434\u0435\u0436\u0434\u0430 \u0441 \u043c\u0435\u043c\u0431\u0440\u0430\u043d\u043e\u0439 \u0437\u0430\u0449\u0438\u0449\u0430\u0435\u0442 \u043e\u0442 \u0432\u043b\u0430\u0433\u0438 \u0438 \u0432\u0435\u0442\u0440\u0430, \u043e\u0431\u0435\u0441\u043f\u0435\u0447\u0438\u0432\u0430\u044f \u0442\u0435\u043f\u043b\u043e \u0438 \u043a\u043e\u043c\u0444\u043e\u0440\u0442.","og_url":"https:\/\/xstyle.md\/ro\/produs\/veloperchatki-craft-bike-siberian-split-f-glove\/","og_site_name":"\u041c\u0430\u0433\u0430\u0437\u0438\u043d Xstyle","article_publisher":"https:\/\/www.facebook.com\/xstylemd","article_modified_time":"2024-10-19T20:45:12+00:00","og_image":[{"width":800,"height":800,"url":"https:\/\/xstyle.md\/wp-content\/uploads\/2020\/07\/craxtrlj.jpg","type":"image\/jpeg"}],"twitter_card":"summary_large_image","twitter_misc":{"Pre\u021b":"735&nbsp;MDL","Disponibilitate":"\u00cen stoc"},"schema":{"@context":"https:\/\/schema.org","@graph":[{"@type":"WebPage","@id":"https:\/\/xstyle.md\/product\/veloperchatki-craft-bike-siberian-split-f-glove\/","url":"https:\/\/xstyle.md\/product\/veloperchatki-craft-bike-siberian-split-f-glove\/","name":"M\u0103nu\u0219i pentru ciclism Craft Siberian Glow Split Finger - Magazin Xstyle","isPartOf":{"@id":"https:\/\/xstyle.md\/#website"},"primaryImageOfPage":{"@id":"https:\/\/xstyle.md\/product\/veloperchatki-craft-bike-siberian-split-f-glove\/#primaryimage"},"image":{"@id":"https:\/\/xstyle.md\/product\/veloperchatki-craft-bike-siberian-split-f-glove\/#primaryimage"},"thumbnailUrl":"https:\/\/xstyle.md\/wp-content\/uploads\/2020\/07\/craxtrlj.jpg","datePublished":"2020-07-16T18:04:30+00:00","dateModified":"2024-10-19T20:45:12+00:00","description":"M\u0103nu\u0219ile pentru ciclism Craft Siberian Glow Split Finger sunt perfecte pentru vreme rece. \u00cembr\u0103c\u0103mintea cu membran\u0103 protejeaz\u0103 \u00eempotriva umezelii \u0219i v\u00e2ntului, asigur\u00e2nd c\u0103ldur\u0103 \u0219i confort.","breadcrumb":{"@id":"https:\/\/xstyle.md\/product\/veloperchatki-craft-bike-siberian-split-f-glove\/#breadcrumb"},"inLanguage":"ro-RO","potentialAction":[{"@type":"ReadAction","target":["https:\/\/xstyle.md\/product\/veloperchatki-craft-bike-siberian-split-f-glove\/"]}]},{"@type":"ImageObject","inLanguage":"ro-RO","@id":"https:\/\/xstyle.md\/product\/veloperchatki-craft-bike-siberian-split-f-glove\/#primaryimage","url":"https:\/\/xstyle.md\/wp-content\/uploads\/2020\/07\/craxtrlj.jpg","contentUrl":"https:\/\/xstyle.md\/wp-content\/uploads\/2020\/07\/craxtrlj.jpg","width":800,"height":800},{"@type":"BreadcrumbList","@id":"https:\/\/xstyle.md\/product\/veloperchatki-craft-bike-siberian-split-f-glove\/#breadcrumb","itemListElement":[{"@type":"ListItem","position":1,"name":"\u0413\u043b\u0430\u0432\u043d\u0430\u044f \u0441\u0442\u0440\u0430\u043d\u0438\u0446\u0430","item":"https:\/\/xstyle.md\/"},{"@type":"ListItem","position":2,"name":"\u041c\u0430\u0433\u0430\u0437\u0438\u043d","item":"https:\/\/xstyle.md\/shop\/"},{"@type":"ListItem","position":3,"name":"\u0412\u0435\u043b\u043e\u043f\u0435\u0440\u0447\u0430\u0442\u043a\u0438 Craft Siberian Glow Split Finger"}]},{"@type":"WebSite","@id":"https:\/\/xstyle.md\/#website","url":"https:\/\/xstyle.md\/","name":"Magazinul X-Style","description":"Echipamente pentru turism \u0219i sporturi extreme \u00een Moldova. Pre\u021buri, fotografii, caracteristici \u00een Moldova.","publisher":{"@id":"https:\/\/xstyle.md\/#organization"},"alternateName":"X-Style","potentialAction":[{"@type":"SearchAction","target":{"@type":"EntryPoint","urlTemplate":"https:\/\/xstyle.md\/?s={search_term_string}"},"query-input":{"@type":"PropertyValueSpecification","valueRequired":true,"valueName":"search_term_string"}}],"inLanguage":"ro-RO"},{"@type":"Organization","@id":"https:\/\/xstyle.md\/#organization","name":"Magazinul X-Style","alternateName":"x-style","url":"https:\/\/xstyle.md\/","logo":{"@type":"ImageObject","inLanguage":"ro-RO","@id":"https:\/\/xstyle.md\/#\/schema\/logo\/image\/","url":"https:\/\/xstyle.md\/wp-content\/uploads\/2020\/06\/logoicon.svg","contentUrl":"https:\/\/xstyle.md\/wp-content\/uploads\/2020\/06\/logoicon.svg","caption":"\u041c\u0430\u0433\u0430\u0437\u0438\u043d Xstyle"},"image":{"@id":"https:\/\/xstyle.md\/#\/schema\/logo\/image\/"},"sameAs":["https:\/\/www.facebook.com\/xstylemd","https:\/\/www.instagram.com\/xstyle_md\/","https:\/\/t.me\/xstyle_outdoor"],"hasMerchantReturnPolicy":{"@type":"MerchantReturnPolicy","merchantReturnLink":"https:\/\/xstyle.md\/ro\/conditions\/"}}]},"product_price_amount":"735.00","product_price_currency":"MDL","og_availability":"instock","product_availability":"instock","product_retailer_item_id":"7318571554581","product_condition":"new"},"_links":{"self":[{"href":"https:\/\/xstyle.md\/ro\/wp-json\/wp\/v2\/product\/5875","targetHints":{"allow":["GET"]}}],"collection":[{"href":"https:\/\/xstyle.md\/ro\/wp-json\/wp\/v2\/product"}],"about":[{"href":"https:\/\/xstyle.md\/ro\/wp-json\/wp\/v2\/types\/product"}],"replies":[{"embeddable":true,"href":"https:\/\/xstyle.md\/ro\/wp-json\/wp\/v2\/comments?post=5875"}],"wp:featuredmedia":[{"embeddable":true,"href":"https:\/\/xstyle.md\/ro\/wp-json\/wp\/v2\/media\/5874"}],"wp:attachment":[{"href":"https:\/\/xstyle.md\/ro\/wp-json\/wp\/v2\/media?parent=5875"}],"wp:term":[{"taxonomy":"product_brand","embeddable":true,"href":"https:\/\/xstyle.md\/ro\/wp-json\/wp\/v2\/product_brand?post=5875"},{"taxonomy":"product_cat","embeddable":true,"href":"https:\/\/xstyle.md\/ro\/wp-json\/wp\/v2\/product_cat?post=5875"},{"taxonomy":"product_tag","embeddable":true,"href":"https:\/\/xstyle.md\/ro\/wp-json\/wp\/v2\/product_tag?post=5875"}],"curies":[{"name":"wp","href":"https:\/\/api.w.org\/{rel}","templated":true}]}}