{"id":5822,"date":"2020-07-16T21:02:03","date_gmt":"2020-07-16T18:02:03","guid":{"rendered":"https:\/\/xstyle.md\/product\/kurtka-dare2b-well-versed-jkt"},"modified":"2026-04-08T11:16:51","modified_gmt":"2026-04-08T08:16:51","slug":"kurtka-dare2b-well-versed-jkt","status":"publish","type":"product","link":"https:\/\/xstyle.md\/ro\/produs\/kurtka-dare2b-well-versed-jkt\/","title":{"rendered":"Geac\u0103 de schi Dare2B Well Versed Jkt"},"content":{"rendered":"<\/p>\n<p>Geaca\u00a0de schi <strong>Dare2B Well Versed Jkt<\/strong> este fabricat\u0103 din material de poliester impermeabil \u0219i respirabil Ared V02 10000, care se \u00eentinde \u00een 4 direc\u021bii pentru respirabilitate \u0219i confort chiar \u0219i \u00een condi\u021bii de umezeal\u0103 extrem\u0103. Tratamentul hidrofug rezistent la uzur\u0103 este folosit la producerea celor mai bune materiale pentru a se asigura c\u0103 apa curge de pe suprafa\u021ba produselor. De asemenea, materialul Ared este rezistent la v\u00e2nt, astfel \u00eenc\u00e2t sa nu sim\u021bi frigul.<\/p>\n<h3>Particularit\u0103\u021bi<\/h3>\n<ul>\n<li>Material din poliester Ared V02 10.000 impermeabil \u0219i respirabil, elastic \u00een 4 direc\u021bii<\/li>\n<li>Acoperire rezisten\u021b\u0103 la uzur\u0103, rezisten\u021b\u0103 la ap\u0103<\/li>\n<li>Cus\u0103turi adezive<\/li>\n<li>Glug\u0103 deta\u0219abil\u0103 cu ajust\u0103ri<\/li>\n<li>Fermoar frontal YKK cu protec\u021bie pentru b\u0103rbie<\/li>\n<li>Fermoare la subrat pentru aerisire<\/li>\n<li>M\u00e2neci articulate speciale pentru libertate de mi\u0219care<\/li>\n<li>Man\u0219ete reglabile<\/li>\n<li>Man\u0219ete interioare cu spa\u021bii pentru degetul mare<\/li>\n<li>1 x buzunar la piept cu fermoar rezistent la ap\u0103<\/li>\n<li>2 buzunare inferioare cu fermoar<\/li>\n<li>1 buzunar cu fermoar pentru Ski Pass<\/li>\n<li>Josul se regleaz\u0103 cu \u0219iret<\/li>\n<li>Izola\u021bie groas\u0103 din poliester<\/li>\n<li>C\u0103ptu\u0219eal\u0103 &#8212; par\u021bial plas\u0103\/par\u021bial p\u00e2nz\u0103 cald\u0103\/par\u021bial poliester<\/li>\n<li>Fusta de z\u0103pad\u0103 deta\u0219abil\u0103 cu band\u0103 de gel<\/li>\n<li>O mul\u021bime de buzunare interioare &#8212; se potrive\u0219te pentru MP3-uri \u0219i m\u0103\u0219ti (inclusiv c\u00e2rpelor pentru cur\u0103\u021barea ochelarilor)<\/li>\n<\/ul>\n<h3>Caracteristici<\/h3>\n<ul>\n<li>Material &#8212; 100% Polyester, Ared V02 10.000<\/li>\n<li>Rezisten\u021b\u0103 la ap\u0103 &#8212; 10.000 mm<\/li>\n<li>Conductivitate aer &#8212; 10 000 g\/m2\/24h<\/li>\n<li>Model &#8212; pentru b\u0103rba\u021bi<\/li>\n<\/ul>\n<p>&nbsp;<\/p>\n<p><\/p>\n<h3>Marca<\/h3>\n<p>\u0410\u043d\u0433\u043b\u0438\u0439\u0441\u043a\u0438\u0439 \u0431\u0440\u0435\u043d\u0434 Dare2b \u043f\u043e\u043f\u0443\u043b\u044f\u0440\u0435\u043d \u0432\u043e \u0432\u0441\u0435\u043c \u043c\u0438\u0440\u0435 \u0438 \u0441\u043f\u0435\u0446\u0438\u0430\u043b\u0438\u0437\u0438\u0440\u0443\u0435\u0442\u0441\u044f \u0432 \u043f\u0440\u043e\u0438\u0437\u0432\u043e\u0434\u0441\u0442\u0432\u0435 \u043e\u0434\u0435\u0436\u0434\u044b \u0434\u043b\u044f \u043f\u0440\u043e\u0444\u0435\u0441\u0441\u0438\u043e\u043d\u0430\u043b\u044c\u043d\u044b\u0445 \u0441\u043d\u043e\u0443\u0431\u043e\u0440\u0434\u0438\u0441\u0442\u043e\u0432, \u0433\u043e\u0440\u043d\u043e\u043b\u044b\u0436\u043d\u0438\u043a\u043e\u0432, \u0430\u043b\u044c\u043f\u0438\u043d\u0438\u0441\u0442\u043e\u0432, \u0430 \u0442\u0430\u043a\u0436\u0435 \u043f\u0440\u043e\u0441\u0442\u043e \u043b\u044e\u0431\u0438\u0442\u0435\u043b\u0435\u0439.<\/p>\n<p>\u0422\u043e\u0432\u0430\u0440\u044b \u0431\u0440\u0435\u043d\u0434\u0430 Dare2b \u043e\u0442\u043b\u0438\u0447\u0430\u044e\u0442\u0441\u044f \u044f\u0440\u043a\u0438\u043c\u0438, \u043d\u0430\u0441\u044b\u0449\u0435\u043d\u043d\u044b\u043c\u0438 \u0446\u0432\u0435\u0442\u0430\u043c\u0438 \u0438 \u043e\u0440\u0438\u0433\u0438\u043d\u0430\u043b\u044c\u043d\u044b\u043c \u0434\u0438\u0437\u0430\u0439\u043d\u043e\u043c, \u0430 \u0442\u0430\u043a\u0436\u0435 \u043f\u0440\u0430\u043a\u0442\u0438\u0447\u043d\u043e\u0441\u0442\u044c\u044e, \u043a\u043e\u043c\u0444\u043e\u0440\u0442\u043e\u043c \u0438 \u0432\u044b\u0441\u043e\u043a\u0438\u043c \u043a\u0430\u0447\u0435\u0441\u0442\u0432\u043e\u043c \u0438\u0437\u0434\u0435\u043b\u0438\u044f, \u043f\u043e\u044d\u0442\u043e\u043c\u0443 \u043a\u0430\u0436\u0434\u044b\u0439 \u043c\u043e\u0436\u0435\u0442 \u043d\u0430\u0439\u0442\u0438 \u0434\u043b\u044f \u0441\u0435\u0431\u044f \u0447\u0442\u043e-\u0442\u043e \u043f\u043e\u0434\u0445\u043e\u0434\u044f\u0449\u0435\u0435. \u041f\u043e\u0441\u043a\u043e\u043b\u044c\u043a\u0443 \u044d\u0442\u0430 \u043e\u0434\u0435\u0436\u0434\u0430 \u0441\u043f\u043e\u0440\u0442\u0438\u0432\u043d\u043e\u0433\u043e \u043f\u043b\u0430\u043d\u0430, \u043d\u0430\u0434 \u043d\u0435\u0439 \u0434\u043e\u043b\u0433\u043e \u0442\u0440\u0443\u0434\u044f\u0442\u0441\u044f \u0441\u043f\u0435\u0446\u0438\u0430\u043b\u0438\u0441\u0442\u044b, \u043f\u0440\u043e\u0434\u0443\u043c\u044b\u0432\u0430\u044f \u0434\u0435\u0442\u0430\u043b\u0438, \u044d\u043b\u0435\u043c\u0435\u043d\u0442\u044b, \u0432\u0441\u0435\u0432\u043e\u0437\u043c\u043e\u0436\u043d\u044b\u0435 \u0438\u0441\u0445\u043e\u0434\u044b \u043d\u0430\u043f\u0435\u0440\u0435\u0434. \u0414\u0438\u0437\u0430\u0439\u043d\u0435\u0440\u044b \u0441\u0442\u0430\u0440\u0430\u044e\u0442\u0441\u044f \u043e\u0431\u044a\u0435\u0434\u0438\u043d\u0438\u0442\u044c \u0443\u043d\u0438\u043a\u0430\u043b\u044c\u043d\u044b\u0439 \u0441\u0442\u0438\u043b\u044c, \u0444\u0438\u0440\u043c\u0435\u043d\u043d\u044b\u0435 \u0442\u0435\u043d\u0434\u0435\u043d\u0446\u0438\u0438, \u043d\u043e\u0432\u0435\u0439\u0448\u0438\u0435 \u0442\u0435\u0445\u043d\u043e\u043b\u043e\u0433\u0438\u0438, \u0447\u0442\u043e \u043a\u043e\u043d\u0435\u0447\u043d\u043e \u0432\u043b\u0438\u044f\u0435\u0442 \u043d\u0430 \u0446\u0435\u043d\u0443, \u0438 \u043f\u043e\u0432\u044b\u0448\u0430\u0435\u0442 \u043a\u0430\u0447\u0435\u0441\u0442\u0432\u043e \u0442\u043e\u0432\u0430\u0440\u0430. \u041a \u043f\u0440\u0438\u043c\u0435\u0440\u0443, \u0434\u043b\u044f \u043f\u043e\u0434\u043a\u043b\u0430\u0434\u043e\u043a \u0438\u043b\u0438 \u0443\u0442\u0435\u043f\u043b\u0438\u0442\u0435\u043b\u0435\u0439 \u0438\u0441\u043f\u043e\u043b\u044c\u0437\u0443\u0435\u0442\u0441\u044f \u043e\u0441\u043e\u0431\u044b\u0439 \u043c\u0430\u0442\u0435\u0440\u0438\u0430\u043b, \u043f\u043e\u0437\u0432\u043e\u043b\u044f\u044e\u0449\u0438\u0439 \u043d\u0435 \u0437\u0430\u043c\u0435\u0440\u0437\u0430\u0442\u044c \u043f\u0440\u0438 \u043d\u0438\u0437\u043a\u0438\u0445 \u0442\u0435\u043c\u043f\u0435\u0440\u0430\u0442\u0443\u0440\u0430\u0445.<\/p>\n<p>\u041a\u043e\u043c\u043f\u0430\u043d\u0438\u044f Dare2b \u2013 \u0433\u0438\u0433\u0430\u043d\u0442 \u043f\u0440\u043e\u0438\u0437\u0432\u043e\u0434\u0441\u0442\u0432\u0430 \u0441\u043f\u043e\u0440\u0442\u0438\u0432\u043d\u043e\u0439 \u0437\u0438\u043c\u043d\u0435\u0439 \u043e\u0434\u0435\u0436\u0434\u044b \u0441 \u043f\u043e\u0441\u0442\u043e\u044f\u043d\u043d\u043e \u0440\u0430\u0441\u0442\u0443\u0449\u0438\u043c \u0447\u0438\u0441\u043b\u043e\u043c \u043f\u043e\u043a\u0443\u043f\u0430\u0442\u0435\u043b\u0435\u0439. \u042d\u0442\u043e \u0432\u043e\u0437\u043c\u043e\u0436\u043d\u043e \u0431\u043b\u0430\u0433\u043e\u0434\u0430\u0440\u044f \u0431\u044b\u0441\u0442\u0440\u043e\u043c\u0443, \u043a\u0430\u0447\u0435\u0441\u0442\u0432\u0435\u043d\u043d\u043e\u043c\u0443 \u043e\u0431\u0441\u043b\u0443\u0436\u0438\u0432\u0430\u043d\u0438\u044e, \u043f\u0440\u043e\u0447\u043d\u043e\u0441\u0442\u0438 \u0432\u0435\u0449\u0435\u0439, \u043d\u0435\u0441\u0442\u0430\u043d\u0434\u0430\u0440\u0442\u043d\u043e\u043c\u0443 \u043f\u043e\u0434\u0445\u043e\u0434\u0443 \u0438 \u0448\u0438\u0440\u043e\u043a\u043e\u043c\u0443 \u0432\u044b\u0431\u043e\u0440\u0443 \u0441\u043f\u043e\u0440\u0442\u0438\u0432\u043d\u043e\u0439 \u044d\u043a\u0438\u043f\u0438\u0440\u043e\u0432\u043a\u0438, \u043a\u043e\u0442\u043e\u0440\u044b\u043c \u043c\u043e\u0436\u043d\u043e \u0443\u0434\u043e\u0432\u043b\u0435\u0442\u0432\u043e\u0440\u0438\u0442\u044c \u0434\u0430\u0436\u0435 \u0441\u0430\u043c\u043e\u0433\u043e \u043a\u0430\u043f\u0440\u0438\u0437\u043d\u043e\u0433\u043e \u043a\u043b\u0438\u0435\u043d\u0442\u0430.<\/p>","protected":false},"excerpt":{"rendered":"<p>Geac\u0103 de schi Dare2B Well Versed Jkt<\/p>","protected":false},"featured_media":5821,"comment_status":"open","ping_status":"closed","template":"","meta":{"_acf_changed":false,"inline_featured_image":false},"product_brand":[1318],"product_cat":[450],"product_tag":[],"class_list":{"0":"post-5822","1":"product","2":"type-product","3":"status-publish","4":"has-post-thumbnail","6":"product_brand-dare2b","7":"product_cat-jachete-de-schi-barbati","9":"first","10":"instock","11":"sale","12":"shipping-taxable","13":"purchasable","14":"product-type-simple"},"acf":[],"yoast_head":"<!-- This site is optimized with the Yoast SEO plugin v27.2 - https:\/\/yoast.com\/product\/yoast-seo-wordpress\/ -->\n<title>\u041a\u0443\u0440\u0442\u043a\u0430 Dare2B Well Versed Jkt - \u041c\u0430\u0433\u0430\u0437\u0438\u043d Xstyle<\/title>\n<meta name=\"description\" content=\"\u041a\u0443\u0440\u0442\u043a\u0430 Dare2B Well Versed Jkt \u2014 \u043d\u0430\u0434\u0435\u0436\u043d\u0430\u044f \u0437\u0430\u0449\u0438\u0442\u0430 \u043e\u0442 \u0434\u043e\u0436\u0434\u044f \u0438 \u0432\u0435\u0442\u0440\u0430. \u041c\u0430\u0442\u0435\u0440\u0438\u0430\u043b Ared V02 10000 \u043e\u0431\u0435\u0441\u043f\u0435\u0447\u0438\u0432\u0430\u0435\u0442 \u0434\u044b\u0448\u0430\u0449\u0438\u0435 \u0441\u0432\u043e\u0439\u0441\u0442\u0432\u0430 \u0438 \u043a\u043e\u043c\u0444\u043e\u0440\u0442 \u0432 \u043b\u044e\u0431\u044b\u0445 \u0443\u0441\u043b\u043e\u0432\u0438\u044f\u0445.\" \/>\n<meta name=\"robots\" content=\"index, follow, max-snippet:-1, max-image-preview:large, max-video-preview:-1\" \/>\n<link rel=\"canonical\" href=\"https:\/\/xstyle.md\/ro\/produs\/kurtka-dare2b-well-versed-jkt\/\" \/>\n<meta property=\"og:locale\" content=\"ro_RO\" \/>\n<meta property=\"og:type\" content=\"article\" \/>\n<meta property=\"og:title\" content=\"\u041a\u0443\u0440\u0442\u043a\u0430 Dare2B Well Versed Jkt - \u041c\u0430\u0433\u0430\u0437\u0438\u043d Xstyle\" \/>\n<meta property=\"og:description\" content=\"\u041a\u0443\u0440\u0442\u043a\u0430 Dare2B Well Versed Jkt \u2014 \u043d\u0430\u0434\u0435\u0436\u043d\u0430\u044f \u0437\u0430\u0449\u0438\u0442\u0430 \u043e\u0442 \u0434\u043e\u0436\u0434\u044f \u0438 \u0432\u0435\u0442\u0440\u0430. \u041c\u0430\u0442\u0435\u0440\u0438\u0430\u043b Ared V02 10000 \u043e\u0431\u0435\u0441\u043f\u0435\u0447\u0438\u0432\u0430\u0435\u0442 \u0434\u044b\u0448\u0430\u0449\u0438\u0435 \u0441\u0432\u043e\u0439\u0441\u0442\u0432\u0430 \u0438 \u043a\u043e\u043c\u0444\u043e\u0440\u0442 \u0432 \u043b\u044e\u0431\u044b\u0445 \u0443\u0441\u043b\u043e\u0432\u0438\u044f\u0445.\" \/>\n<meta property=\"og:url\" content=\"https:\/\/xstyle.md\/ro\/produs\/kurtka-dare2b-well-versed-jkt\/\" \/>\n<meta property=\"og:site_name\" content=\"\u041c\u0430\u0433\u0430\u0437\u0438\u043d Xstyle\" \/>\n<meta property=\"article:publisher\" content=\"https:\/\/www.facebook.com\/xstylemd\" \/>\n<meta property=\"article:modified_time\" content=\"2026-04-08T08:16:51+00:00\" \/>\n<meta property=\"og:image\" content=\"https:\/\/xstyle.md\/wp-content\/uploads\/2020\/07\/dsc7155_dare2be_versed_heren_skijas_dmp141_blue_a149921d_1-1-scaled.jpg\" \/>\n\t<meta property=\"og:image:width\" content=\"1920\" \/>\n\t<meta property=\"og:image:height\" content=\"1920\" \/>\n\t<meta property=\"og:image:type\" content=\"image\/jpeg\" \/>\n<meta name=\"twitter:card\" content=\"summary_large_image\" \/>\n<meta name=\"twitter:label1\" content=\"Pre\u021b\" \/>\n\t<meta name=\"twitter:data1\" content=\"2.786&nbsp;MDL\" \/>\n\t<meta name=\"twitter:label2\" content=\"Disponibilitate\" \/>\n\t<meta name=\"twitter:data2\" content=\"\u00cen stoc\" \/>\n<script type=\"application\/ld+json\" class=\"yoast-schema-graph\">{\"@context\":\"https:\/\/schema.org\",\"@graph\":[{\"@type\":\"WebPage\",\"@id\":\"https:\/\/xstyle.md\/product\/kurtka-dare2b-well-versed-jkt\/\",\"url\":\"https:\/\/xstyle.md\/product\/kurtka-dare2b-well-versed-jkt\/\",\"name\":\"\u041a\u0443\u0440\u0442\u043a\u0430 Dare2B Well Versed Jkt - \u041c\u0430\u0433\u0430\u0437\u0438\u043d Xstyle\",\"isPartOf\":{\"@id\":\"https:\/\/xstyle.md\/#website\"},\"primaryImageOfPage\":{\"@id\":\"https:\/\/xstyle.md\/product\/kurtka-dare2b-well-versed-jkt\/#primaryimage\"},\"image\":{\"@id\":\"https:\/\/xstyle.md\/product\/kurtka-dare2b-well-versed-jkt\/#primaryimage\"},\"thumbnailUrl\":\"https:\/\/xstyle.md\/wp-content\/uploads\/2020\/07\/dsc7155_dare2be_versed_heren_skijas_dmp141_blue_a149921d_1-1-scaled.jpg\",\"datePublished\":\"2020-07-16T18:02:03+00:00\",\"dateModified\":\"2026-04-08T08:16:51+00:00\",\"description\":\"\u041a\u0443\u0440\u0442\u043a\u0430 Dare2B Well Versed Jkt \u2014 \u043d\u0430\u0434\u0435\u0436\u043d\u0430\u044f \u0437\u0430\u0449\u0438\u0442\u0430 \u043e\u0442 \u0434\u043e\u0436\u0434\u044f \u0438 \u0432\u0435\u0442\u0440\u0430. \u041c\u0430\u0442\u0435\u0440\u0438\u0430\u043b Ared V02 10000 \u043e\u0431\u0435\u0441\u043f\u0435\u0447\u0438\u0432\u0430\u0435\u0442 \u0434\u044b\u0448\u0430\u0449\u0438\u0435 \u0441\u0432\u043e\u0439\u0441\u0442\u0432\u0430 \u0438 \u043a\u043e\u043c\u0444\u043e\u0440\u0442 \u0432 \u043b\u044e\u0431\u044b\u0445 \u0443\u0441\u043b\u043e\u0432\u0438\u044f\u0445.\",\"breadcrumb\":{\"@id\":\"https:\/\/xstyle.md\/product\/kurtka-dare2b-well-versed-jkt\/#breadcrumb\"},\"inLanguage\":\"ro-RO\",\"potentialAction\":[{\"@type\":\"ReadAction\",\"target\":[\"https:\/\/xstyle.md\/product\/kurtka-dare2b-well-versed-jkt\/\"]}]},{\"@type\":\"ImageObject\",\"inLanguage\":\"ro-RO\",\"@id\":\"https:\/\/xstyle.md\/product\/kurtka-dare2b-well-versed-jkt\/#primaryimage\",\"url\":\"https:\/\/xstyle.md\/wp-content\/uploads\/2020\/07\/dsc7155_dare2be_versed_heren_skijas_dmp141_blue_a149921d_1-1-scaled.jpg\",\"contentUrl\":\"https:\/\/xstyle.md\/wp-content\/uploads\/2020\/07\/dsc7155_dare2be_versed_heren_skijas_dmp141_blue_a149921d_1-1-scaled.jpg\",\"width\":1920,\"height\":1920},{\"@type\":\"BreadcrumbList\",\"@id\":\"https:\/\/xstyle.md\/product\/kurtka-dare2b-well-versed-jkt\/#breadcrumb\",\"itemListElement\":[{\"@type\":\"ListItem\",\"position\":1,\"name\":\"\u0413\u043b\u0430\u0432\u043d\u0430\u044f \u0441\u0442\u0440\u0430\u043d\u0438\u0446\u0430\",\"item\":\"https:\/\/xstyle.md\/\"},{\"@type\":\"ListItem\",\"position\":2,\"name\":\"\u041c\u0430\u0433\u0430\u0437\u0438\u043d\",\"item\":\"https:\/\/xstyle.md\/shop\/\"},{\"@type\":\"ListItem\",\"position\":3,\"name\":\"\u041a\u0443\u0440\u0442\u043a\u0430 Dare2B Well Versed Jkt\"}]},{\"@type\":\"WebSite\",\"@id\":\"https:\/\/xstyle.md\/#website\",\"url\":\"https:\/\/xstyle.md\/\",\"name\":\"\u041c\u0430\u0433\u0430\u0437\u0438\u043d Xstyle\",\"description\":\"C\u043d\u0430\u0440\u044f\u0436\u0435\u043d\u0438\u0435 \u0434\u043b\u044f \u0442\u0443\u0440\u0438\u0437\u043c\u0430 \u0438 \u044d\u043a\u0441\u0442\u0440\u0435\u043c\u0430\u043b\u044c\u043d\u044b\u0445 \u0432\u0438\u0434\u043e\u0432 \u0441\u043f\u043e\u0440\u0442\u0430 \u0432 \u041c\u043e\u043b\u0434\u043e\u0432\u0435.. \u0426\u0435\u043d\u044b, \u0444\u043e\u0442\u043e, \u0445\u0430\u0440\u0430\u043a\u0442\u0435\u0440\u0438\u0441\u0442\u0438\u043a\u0438 \u0432 \u041c\u043e\u043b\u0434\u043e\u0432\u0435.\",\"publisher\":{\"@id\":\"https:\/\/xstyle.md\/#organization\"},\"alternateName\":\"X-Style\",\"potentialAction\":[{\"@type\":\"SearchAction\",\"target\":{\"@type\":\"EntryPoint\",\"urlTemplate\":\"https:\/\/xstyle.md\/?s={search_term_string}\"},\"query-input\":{\"@type\":\"PropertyValueSpecification\",\"valueRequired\":true,\"valueName\":\"search_term_string\"}}],\"inLanguage\":\"ro-RO\"},{\"@type\":\"Organization\",\"@id\":\"https:\/\/xstyle.md\/#organization\",\"name\":\"\u041c\u0430\u0433\u0430\u0437\u0438\u043d Xstyle\",\"alternateName\":\"x-style\",\"url\":\"https:\/\/xstyle.md\/\",\"logo\":{\"@type\":\"ImageObject\",\"inLanguage\":\"ro-RO\",\"@id\":\"https:\/\/xstyle.md\/#\/schema\/logo\/image\/\",\"url\":\"https:\/\/xstyle.md\/wp-content\/uploads\/2020\/06\/logoicon.svg\",\"contentUrl\":\"https:\/\/xstyle.md\/wp-content\/uploads\/2020\/06\/logoicon.svg\",\"caption\":\"\u041c\u0430\u0433\u0430\u0437\u0438\u043d Xstyle\"},\"image\":{\"@id\":\"https:\/\/xstyle.md\/#\/schema\/logo\/image\/\"},\"sameAs\":[\"https:\/\/www.facebook.com\/xstylemd\",\"https:\/\/www.instagram.com\/xstyle_md\/\",\"https:\/\/t.me\/xstyle_outdoor\"],\"hasMerchantReturnPolicy\":{\"@type\":\"MerchantReturnPolicy\",\"merchantReturnLink\":\"https:\/\/xstyle.md\/ro\/conditions\/\"}}]}<\/script>\n<meta property=\"product:price:amount\" content=\"2786.00\" \/>\n<meta property=\"product:price:currency\" content=\"MDL\" \/>\n<meta property=\"og:availability\" content=\"instock\" \/>\n<meta property=\"product:availability\" content=\"instock\" \/>\n<meta property=\"product:retailer_item_id\" content=\"5051522388218\" \/>\n<meta property=\"product:condition\" content=\"new\" \/>\n<!-- \/ Yoast SEO plugin. -->","yoast_head_json":{"title":"Geac\u0103 Dare2B Well Versed Jkt - Magazin Xstyle","description":"Jacheta Dare2B Well Versed Jkt \u2014 o protec\u021bie fiabil\u0103 \u00eempotriva ploii \u0219i v\u00e2ntului. Materialul Ared V02 10000 asigur\u0103 propriet\u0103\u021bi respirabile \u0219i confort \u00een orice condi\u021bii.","robots":{"index":"index","follow":"follow","max-snippet":"max-snippet:-1","max-image-preview":"max-image-preview:large","max-video-preview":"max-video-preview:-1"},"canonical":"https:\/\/xstyle.md\/ro\/produs\/kurtka-dare2b-well-versed-jkt\/","og_locale":"ro_RO","og_type":"article","og_title":"\u041a\u0443\u0440\u0442\u043a\u0430 Dare2B Well Versed Jkt - \u041c\u0430\u0433\u0430\u0437\u0438\u043d Xstyle","og_description":"\u041a\u0443\u0440\u0442\u043a\u0430 Dare2B Well Versed Jkt \u2014 \u043d\u0430\u0434\u0435\u0436\u043d\u0430\u044f \u0437\u0430\u0449\u0438\u0442\u0430 \u043e\u0442 \u0434\u043e\u0436\u0434\u044f \u0438 \u0432\u0435\u0442\u0440\u0430. \u041c\u0430\u0442\u0435\u0440\u0438\u0430\u043b Ared V02 10000 \u043e\u0431\u0435\u0441\u043f\u0435\u0447\u0438\u0432\u0430\u0435\u0442 \u0434\u044b\u0448\u0430\u0449\u0438\u0435 \u0441\u0432\u043e\u0439\u0441\u0442\u0432\u0430 \u0438 \u043a\u043e\u043c\u0444\u043e\u0440\u0442 \u0432 \u043b\u044e\u0431\u044b\u0445 \u0443\u0441\u043b\u043e\u0432\u0438\u044f\u0445.","og_url":"https:\/\/xstyle.md\/ro\/produs\/kurtka-dare2b-well-versed-jkt\/","og_site_name":"\u041c\u0430\u0433\u0430\u0437\u0438\u043d Xstyle","article_publisher":"https:\/\/www.facebook.com\/xstylemd","article_modified_time":"2026-04-08T08:16:51+00:00","og_image":[{"width":1920,"height":1920,"url":"https:\/\/xstyle.md\/wp-content\/uploads\/2020\/07\/dsc7155_dare2be_versed_heren_skijas_dmp141_blue_a149921d_1-1-scaled.jpg","type":"image\/jpeg"}],"twitter_card":"summary_large_image","twitter_misc":{"Pre\u021b":"2.786&nbsp;MDL","Disponibilitate":"\u00cen stoc"},"schema":{"@context":"https:\/\/schema.org","@graph":[{"@type":"WebPage","@id":"https:\/\/xstyle.md\/product\/kurtka-dare2b-well-versed-jkt\/","url":"https:\/\/xstyle.md\/product\/kurtka-dare2b-well-versed-jkt\/","name":"Geac\u0103 Dare2B Well Versed Jkt - Magazin Xstyle","isPartOf":{"@id":"https:\/\/xstyle.md\/#website"},"primaryImageOfPage":{"@id":"https:\/\/xstyle.md\/product\/kurtka-dare2b-well-versed-jkt\/#primaryimage"},"image":{"@id":"https:\/\/xstyle.md\/product\/kurtka-dare2b-well-versed-jkt\/#primaryimage"},"thumbnailUrl":"https:\/\/xstyle.md\/wp-content\/uploads\/2020\/07\/dsc7155_dare2be_versed_heren_skijas_dmp141_blue_a149921d_1-1-scaled.jpg","datePublished":"2020-07-16T18:02:03+00:00","dateModified":"2026-04-08T08:16:51+00:00","description":"Jacheta Dare2B Well Versed Jkt \u2014 o protec\u021bie fiabil\u0103 \u00eempotriva ploii \u0219i v\u00e2ntului. Materialul Ared V02 10000 asigur\u0103 propriet\u0103\u021bi respirabile \u0219i confort \u00een orice condi\u021bii.","breadcrumb":{"@id":"https:\/\/xstyle.md\/product\/kurtka-dare2b-well-versed-jkt\/#breadcrumb"},"inLanguage":"ro-RO","potentialAction":[{"@type":"ReadAction","target":["https:\/\/xstyle.md\/product\/kurtka-dare2b-well-versed-jkt\/"]}]},{"@type":"ImageObject","inLanguage":"ro-RO","@id":"https:\/\/xstyle.md\/product\/kurtka-dare2b-well-versed-jkt\/#primaryimage","url":"https:\/\/xstyle.md\/wp-content\/uploads\/2020\/07\/dsc7155_dare2be_versed_heren_skijas_dmp141_blue_a149921d_1-1-scaled.jpg","contentUrl":"https:\/\/xstyle.md\/wp-content\/uploads\/2020\/07\/dsc7155_dare2be_versed_heren_skijas_dmp141_blue_a149921d_1-1-scaled.jpg","width":1920,"height":1920},{"@type":"BreadcrumbList","@id":"https:\/\/xstyle.md\/product\/kurtka-dare2b-well-versed-jkt\/#breadcrumb","itemListElement":[{"@type":"ListItem","position":1,"name":"\u0413\u043b\u0430\u0432\u043d\u0430\u044f \u0441\u0442\u0440\u0430\u043d\u0438\u0446\u0430","item":"https:\/\/xstyle.md\/"},{"@type":"ListItem","position":2,"name":"\u041c\u0430\u0433\u0430\u0437\u0438\u043d","item":"https:\/\/xstyle.md\/shop\/"},{"@type":"ListItem","position":3,"name":"\u041a\u0443\u0440\u0442\u043a\u0430 Dare2B Well Versed Jkt"}]},{"@type":"WebSite","@id":"https:\/\/xstyle.md\/#website","url":"https:\/\/xstyle.md\/","name":"Magazinul X-Style","description":"Echipamente pentru turism \u0219i sporturi extreme \u00een Moldova. Pre\u021buri, fotografii, caracteristici \u00een Moldova.","publisher":{"@id":"https:\/\/xstyle.md\/#organization"},"alternateName":"X-Style","potentialAction":[{"@type":"SearchAction","target":{"@type":"EntryPoint","urlTemplate":"https:\/\/xstyle.md\/?s={search_term_string}"},"query-input":{"@type":"PropertyValueSpecification","valueRequired":true,"valueName":"search_term_string"}}],"inLanguage":"ro-RO"},{"@type":"Organization","@id":"https:\/\/xstyle.md\/#organization","name":"Magazinul X-Style","alternateName":"x-style","url":"https:\/\/xstyle.md\/","logo":{"@type":"ImageObject","inLanguage":"ro-RO","@id":"https:\/\/xstyle.md\/#\/schema\/logo\/image\/","url":"https:\/\/xstyle.md\/wp-content\/uploads\/2020\/06\/logoicon.svg","contentUrl":"https:\/\/xstyle.md\/wp-content\/uploads\/2020\/06\/logoicon.svg","caption":"\u041c\u0430\u0433\u0430\u0437\u0438\u043d Xstyle"},"image":{"@id":"https:\/\/xstyle.md\/#\/schema\/logo\/image\/"},"sameAs":["https:\/\/www.facebook.com\/xstylemd","https:\/\/www.instagram.com\/xstyle_md\/","https:\/\/t.me\/xstyle_outdoor"],"hasMerchantReturnPolicy":{"@type":"MerchantReturnPolicy","merchantReturnLink":"https:\/\/xstyle.md\/ro\/conditions\/"}}]},"product_price_amount":"2786.00","product_price_currency":"MDL","og_availability":"instock","product_availability":"instock","product_retailer_item_id":"5051522388218","product_condition":"new"},"post_mailing_queue_ids":[],"_links":{"self":[{"href":"https:\/\/xstyle.md\/ro\/wp-json\/wp\/v2\/product\/5822","targetHints":{"allow":["GET"]}}],"collection":[{"href":"https:\/\/xstyle.md\/ro\/wp-json\/wp\/v2\/product"}],"about":[{"href":"https:\/\/xstyle.md\/ro\/wp-json\/wp\/v2\/types\/product"}],"replies":[{"embeddable":true,"href":"https:\/\/xstyle.md\/ro\/wp-json\/wp\/v2\/comments?post=5822"}],"wp:featuredmedia":[{"embeddable":true,"href":"https:\/\/xstyle.md\/ro\/wp-json\/wp\/v2\/media\/5821"}],"wp:attachment":[{"href":"https:\/\/xstyle.md\/ro\/wp-json\/wp\/v2\/media?parent=5822"}],"wp:term":[{"taxonomy":"product_brand","embeddable":true,"href":"https:\/\/xstyle.md\/ro\/wp-json\/wp\/v2\/product_brand?post=5822"},{"taxonomy":"product_cat","embeddable":true,"href":"https:\/\/xstyle.md\/ro\/wp-json\/wp\/v2\/product_cat?post=5822"},{"taxonomy":"product_tag","embeddable":true,"href":"https:\/\/xstyle.md\/ro\/wp-json\/wp\/v2\/product_tag?post=5822"}],"curies":[{"name":"wp","href":"https:\/\/api.w.org\/{rel}","templated":true}]}}