{"id":5797,"date":"2020-07-16T20:59:23","date_gmt":"2020-07-16T17:59:23","guid":{"rendered":"https:\/\/xstyle.md\/product\/brjuki-dare2b-certify-pant"},"modified":"2024-10-19T23:45:06","modified_gmt":"2024-10-19T20:45:06","slug":"dare2b-certify-mns-black","status":"publish","type":"product","link":"https:\/\/xstyle.md\/ro\/produs\/dare2b-certify-mns-black\/","title":{"rendered":"Pantaloni Dare2B Certify Mns black"},"content":{"rendered":"<\/p>\n<p><strong>Dare2B Certify<\/strong> &#8212; pantaloni de schi pentru b\u0103rba\u021bi din poliester cu membran\u0103 de acoperire impermeabil\u0103 \u0219i respirabil\u0103. O alegere excelent\u0103 at\u00e2t pentru schiorii experimenta\u021bi, c\u00e2t \u0219i pentru \u00eencep\u0103tori. \u021ainuta confortabil\u0103 \u0219i caracteristicile tehnice superioare asigur\u0103 un schi confortabil toat\u0103 ziua pe p\u00e2rtii. Sunt cusu\u021bi solid din \u021bes\u0103tur\u0103 elastic\u0103 ARED VO2 20.000, impermeabil\u0103\/respirabil\u0103 de \u00eencredere, cu cus\u0103turi etan\u0219ate \u0219i ghetre de z\u0103pad\u0103 integrate. O centur\u0103 reglabil\u0103 cu bretele deta\u0219abile asigur\u0103 o potrivire precis\u0103. Marginile ranforsate sporesc durabilitatea.<\/p>\n<h4>Particularit\u0103\u021bi<\/h4>\n<ul>\n<li>Acoperire hidrofug\u0103<\/li>\n<li>Cus\u0103turi lipite<\/li>\n<li>Izola\u021bie dens\u0103 din poliester<\/li>\n<li>Bretele reglabile \u0219i deta\u0219abile<\/li>\n<li>Talie reglabil\u0103<\/li>\n<li>2 buzunare laterale cu fermoar<\/li>\n<li>C\u0103ptu\u0219eal\u0103 de buzunare din p\u00e2nz\u0103 izolat\u0103<\/li>\n<li>Ghetre de z\u0103pad\u0103 cusute \u00een interior<\/li>\n<li>C\u0103ptu\u0219eal\u0103 ranforsat\u0103 pe interiorul gleznei<\/li>\n<li>C\u0103ptu\u0219eal\u0103 ranforsat\u0103 \u00een partea de jos.<\/li>\n<\/ul>\n<h3>Caracteristici<\/h3>\n<ul>\n<li>Material &#8212; 100% poliester<\/li>\n<li>Membran\u0103 &#8212; Ared 20 000<\/li>\n<li>Rezisten\u021b\u0103 la umiditate &#8212; 20000 mm<\/li>\n<li>Permeabilitate la aer &#8212; 10000 g\/m2\/24h<\/li>\n<li>Model - b\u0103rba\u021bi.<\/li>\n<\/ul>\n<h3>Tehnologie<\/h3>\n<ul>\n<li><strong>Ared 20 000 Strech Technology<\/strong> &#8212; membrana de \u00eenalt\u0103 tehnologie cu propriet\u0103\u021bi de protec\u021bie \u00eempotriva v\u00e2ntului \u0219i de respira\u021bie \u00eendep\u0103rteaz\u0103 umezeala de pe suprafa\u021ba corpului, regl\u00e2nd astfel temperatura \u0219i protej\u00e2nd \u00eempotriva frigului. De asemenea, materialul este tratat cu un hidrofug care permite scurgerea apei de pe suprafa\u021ba produsului, protej\u00e2nd astfel \u00eempotriva umezelii, a ploii \u0219i a z\u0103pezii.<\/li>\n<\/ul>\n<h3>Marca<\/h3>\n<p>Marca englez\u0103 Dare2b este popular\u0103 \u00een \u00eentreaga lume \u0219i este specializat\u0103 \u00een produc\u021bia de \u00eembr\u0103c\u0103minte pentru snowboarderi profesioni\u0219ti, schiori, alpini\u0219ti, dar \u0219i pentru amatori.<\/p>\n<p>Produsele m\u0103rcii Dare2b se disting prin culori luminoase, saturate \u0219i design original, precum \u0219i prin caracterul practic, confortul \u0219i calitatea \u00eenalt\u0103 a produsului, astfel \u00eenc\u00e2t fiecare poate g\u0103si ceva potrivit pentru el. Deoarece aceste haine sunt haine sport, speciali\u0219tii lucreaz\u0103 la ele mult timp, g\u00e2ndindu-se din timp la detalii, elemente, tot felul de rezultate. Designerii \u00eencearc\u0103 s\u0103 combine un stil unic, tendin\u021be de marc\u0103, cele mai recente tehnologii, ceea ce, desigur, afecteaz\u0103 pre\u021bul \u0219i cre\u0219te calitatea produsului. De exemplu, pentru c\u0103ptu\u0219eli sau izolatori se folose\u0219te un material special, care permite s\u0103 nu \u00eenghe\u021be la temperaturi sc\u0103zute.<\/p>\n<p>Dare2b este un gigant \u00een produc\u021bia de \u00eembr\u0103c\u0103minte pentru sporturi de iarn\u0103, cu un num\u0103r tot mai mare de clien\u021bi. Acest lucru este posibil datorit\u0103 serviciilor rapide \u0219i de calitate, a durabilit\u0103\u021bii lucrurilor, a abord\u0103rii non-standard \u0219i a unei game largi de echipamente sportive care poate satisface chiar \u0219i cel mai capricios client.<\/p>\n<p><\/p>","protected":false},"excerpt":{"rendered":"<p>Pantaloni Dare2B Certify Mns black<\/p>","protected":false},"featured_media":5796,"comment_status":"open","ping_status":"closed","template":"","meta":{"_acf_changed":false,"inline_featured_image":false},"product_brand":[1318],"product_cat":[248],"product_tag":[],"class_list":{"0":"post-5797","1":"product","2":"type-product","3":"status-publish","4":"has-post-thumbnail","6":"product_brand-dare2b","7":"product_cat-pantaloni-de-schi-barbati","9":"first","10":"instock","11":"sale","12":"shipping-taxable","13":"purchasable","14":"product-type-simple"},"acf":[],"yoast_head":"<!-- This site is optimized with the Yoast SEO plugin v27.2 - https:\/\/yoast.com\/product\/yoast-seo-wordpress\/ -->\n<title>\u0411\u0440\u044e\u043a\u0438 Dare2B Certify Mns black - \u041c\u0430\u0433\u0430\u0437\u0438\u043d Xstyle<\/title>\n<meta name=\"description\" content=\"\u0411\u0440\u044e\u043a\u0438 Dare2B Certify Mns black \u2014 \u0438\u0434\u0435\u0430\u043b\u044c\u043d\u044b\u0439 \u0432\u044b\u0431\u043e\u0440 \u0434\u043b\u044f \u043b\u044b\u0436\u043d\u0438\u043a\u043e\u0432! \u0412\u043e\u0434\u043e\u043d\u0435\u043f\u0440\u043e\u043d\u0438\u0446\u0430\u0435\u043c\u044b\u0435 \u0438 \u0434\u044b\u0448\u0430\u0449\u0438\u0435, \u043e\u0431\u0435\u0441\u043f\u0435\u0447\u0438\u0432\u0430\u044e\u0442 \u043a\u043e\u043c\u0444\u043e\u0440\u0442 \u0438 \u043e\u0442\u043b\u0438\u0447\u043d\u044b\u0435 \u0442\u0435\u0445\u043d\u0438\u0447\u0435\u0441\u043a\u0438\u0435 \u0445\u0430\u0440\u0430\u043a\u0442\u0435\u0440\u0438\u0441\u0442\u0438\u043a\u0438.\" \/>\n<meta name=\"robots\" content=\"index, follow, max-snippet:-1, max-image-preview:large, max-video-preview:-1\" \/>\n<link rel=\"canonical\" href=\"https:\/\/xstyle.md\/ro\/produs\/dare2b-certify-mns-black\/\" \/>\n<meta property=\"og:locale\" content=\"ro_RO\" \/>\n<meta property=\"og:type\" content=\"article\" \/>\n<meta property=\"og:title\" content=\"\u0411\u0440\u044e\u043a\u0438 Dare2B Certify Mns black - \u041c\u0430\u0433\u0430\u0437\u0438\u043d Xstyle\" \/>\n<meta property=\"og:description\" content=\"\u0411\u0440\u044e\u043a\u0438 Dare2B Certify Mns black \u2014 \u0438\u0434\u0435\u0430\u043b\u044c\u043d\u044b\u0439 \u0432\u044b\u0431\u043e\u0440 \u0434\u043b\u044f \u043b\u044b\u0436\u043d\u0438\u043a\u043e\u0432! \u0412\u043e\u0434\u043e\u043d\u0435\u043f\u0440\u043e\u043d\u0438\u0446\u0430\u0435\u043c\u044b\u0435 \u0438 \u0434\u044b\u0448\u0430\u0449\u0438\u0435, \u043e\u0431\u0435\u0441\u043f\u0435\u0447\u0438\u0432\u0430\u044e\u0442 \u043a\u043e\u043c\u0444\u043e\u0440\u0442 \u0438 \u043e\u0442\u043b\u0438\u0447\u043d\u044b\u0435 \u0442\u0435\u0445\u043d\u0438\u0447\u0435\u0441\u043a\u0438\u0435 \u0445\u0430\u0440\u0430\u043a\u0442\u0435\u0440\u0438\u0441\u0442\u0438\u043a\u0438.\" \/>\n<meta property=\"og:url\" content=\"https:\/\/xstyle.md\/ro\/produs\/dare2b-certify-mns-black\/\" \/>\n<meta property=\"og:site_name\" content=\"\u041c\u0430\u0433\u0430\u0437\u0438\u043d Xstyle\" \/>\n<meta property=\"article:publisher\" content=\"https:\/\/www.facebook.com\/xstylemd\" \/>\n<meta property=\"article:modified_time\" content=\"2024-10-19T20:45:06+00:00\" \/>\n<meta property=\"og:image\" content=\"https:\/\/xstyle.md\/wp-content\/uploads\/2020\/07\/image_325081_1_31623_1_56148_1_23646_1_131406.jpg\" \/>\n\t<meta property=\"og:image:width\" content=\"325\" \/>\n\t<meta property=\"og:image:height\" content=\"325\" \/>\n\t<meta property=\"og:image:type\" content=\"image\/jpeg\" \/>\n<meta name=\"twitter:card\" content=\"summary_large_image\" \/>\n<meta name=\"twitter:label1\" content=\"Pre\u021b\" \/>\n\t<meta name=\"twitter:data1\" content=\"1.374&nbsp;MDL\" \/>\n\t<meta name=\"twitter:label2\" content=\"Disponibilitate\" \/>\n\t<meta name=\"twitter:data2\" content=\"\u00cen stoc\" \/>\n<script type=\"application\/ld+json\" class=\"yoast-schema-graph\">{\"@context\":\"https:\/\/schema.org\",\"@graph\":[{\"@type\":\"WebPage\",\"@id\":\"https:\/\/xstyle.md\/product\/dare2b-certify-mns-black\/\",\"url\":\"https:\/\/xstyle.md\/product\/dare2b-certify-mns-black\/\",\"name\":\"\u0411\u0440\u044e\u043a\u0438 Dare2B Certify Mns black - \u041c\u0430\u0433\u0430\u0437\u0438\u043d Xstyle\",\"isPartOf\":{\"@id\":\"https:\/\/xstyle.md\/#website\"},\"primaryImageOfPage\":{\"@id\":\"https:\/\/xstyle.md\/product\/dare2b-certify-mns-black\/#primaryimage\"},\"image\":{\"@id\":\"https:\/\/xstyle.md\/product\/dare2b-certify-mns-black\/#primaryimage\"},\"thumbnailUrl\":\"https:\/\/xstyle.md\/wp-content\/uploads\/2020\/07\/image_325081_1_31623_1_56148_1_23646_1_131406.jpg\",\"datePublished\":\"2020-07-16T17:59:23+00:00\",\"dateModified\":\"2024-10-19T20:45:06+00:00\",\"description\":\"\u0411\u0440\u044e\u043a\u0438 Dare2B Certify Mns black \u2014 \u0438\u0434\u0435\u0430\u043b\u044c\u043d\u044b\u0439 \u0432\u044b\u0431\u043e\u0440 \u0434\u043b\u044f \u043b\u044b\u0436\u043d\u0438\u043a\u043e\u0432! \u0412\u043e\u0434\u043e\u043d\u0435\u043f\u0440\u043e\u043d\u0438\u0446\u0430\u0435\u043c\u044b\u0435 \u0438 \u0434\u044b\u0448\u0430\u0449\u0438\u0435, \u043e\u0431\u0435\u0441\u043f\u0435\u0447\u0438\u0432\u0430\u044e\u0442 \u043a\u043e\u043c\u0444\u043e\u0440\u0442 \u0438 \u043e\u0442\u043b\u0438\u0447\u043d\u044b\u0435 \u0442\u0435\u0445\u043d\u0438\u0447\u0435\u0441\u043a\u0438\u0435 \u0445\u0430\u0440\u0430\u043a\u0442\u0435\u0440\u0438\u0441\u0442\u0438\u043a\u0438.\",\"breadcrumb\":{\"@id\":\"https:\/\/xstyle.md\/product\/dare2b-certify-mns-black\/#breadcrumb\"},\"inLanguage\":\"ro-RO\",\"potentialAction\":[{\"@type\":\"ReadAction\",\"target\":[\"https:\/\/xstyle.md\/product\/dare2b-certify-mns-black\/\"]}]},{\"@type\":\"ImageObject\",\"inLanguage\":\"ro-RO\",\"@id\":\"https:\/\/xstyle.md\/product\/dare2b-certify-mns-black\/#primaryimage\",\"url\":\"https:\/\/xstyle.md\/wp-content\/uploads\/2020\/07\/image_325081_1_31623_1_56148_1_23646_1_131406.jpg\",\"contentUrl\":\"https:\/\/xstyle.md\/wp-content\/uploads\/2020\/07\/image_325081_1_31623_1_56148_1_23646_1_131406.jpg\",\"width\":325,\"height\":325},{\"@type\":\"BreadcrumbList\",\"@id\":\"https:\/\/xstyle.md\/product\/dare2b-certify-mns-black\/#breadcrumb\",\"itemListElement\":[{\"@type\":\"ListItem\",\"position\":1,\"name\":\"\u0413\u043b\u0430\u0432\u043d\u0430\u044f \u0441\u0442\u0440\u0430\u043d\u0438\u0446\u0430\",\"item\":\"https:\/\/xstyle.md\/\"},{\"@type\":\"ListItem\",\"position\":2,\"name\":\"\u041c\u0430\u0433\u0430\u0437\u0438\u043d\",\"item\":\"https:\/\/xstyle.md\/shop\/\"},{\"@type\":\"ListItem\",\"position\":3,\"name\":\"\u0411\u0440\u044e\u043a\u0438 Dare2B Certify Mns black\"}]},{\"@type\":\"WebSite\",\"@id\":\"https:\/\/xstyle.md\/#website\",\"url\":\"https:\/\/xstyle.md\/\",\"name\":\"\u041c\u0430\u0433\u0430\u0437\u0438\u043d Xstyle\",\"description\":\"C\u043d\u0430\u0440\u044f\u0436\u0435\u043d\u0438\u0435 \u0434\u043b\u044f \u0442\u0443\u0440\u0438\u0437\u043c\u0430 \u0438 \u044d\u043a\u0441\u0442\u0440\u0435\u043c\u0430\u043b\u044c\u043d\u044b\u0445 \u0432\u0438\u0434\u043e\u0432 \u0441\u043f\u043e\u0440\u0442\u0430 \u0432 \u041c\u043e\u043b\u0434\u043e\u0432\u0435.. \u0426\u0435\u043d\u044b, \u0444\u043e\u0442\u043e, \u0445\u0430\u0440\u0430\u043a\u0442\u0435\u0440\u0438\u0441\u0442\u0438\u043a\u0438 \u0432 \u041c\u043e\u043b\u0434\u043e\u0432\u0435.\",\"publisher\":{\"@id\":\"https:\/\/xstyle.md\/#organization\"},\"alternateName\":\"X-Style\",\"potentialAction\":[{\"@type\":\"SearchAction\",\"target\":{\"@type\":\"EntryPoint\",\"urlTemplate\":\"https:\/\/xstyle.md\/?s={search_term_string}\"},\"query-input\":{\"@type\":\"PropertyValueSpecification\",\"valueRequired\":true,\"valueName\":\"search_term_string\"}}],\"inLanguage\":\"ro-RO\"},{\"@type\":\"Organization\",\"@id\":\"https:\/\/xstyle.md\/#organization\",\"name\":\"\u041c\u0430\u0433\u0430\u0437\u0438\u043d Xstyle\",\"alternateName\":\"x-style\",\"url\":\"https:\/\/xstyle.md\/\",\"logo\":{\"@type\":\"ImageObject\",\"inLanguage\":\"ro-RO\",\"@id\":\"https:\/\/xstyle.md\/#\/schema\/logo\/image\/\",\"url\":\"https:\/\/xstyle.md\/wp-content\/uploads\/2020\/06\/logoicon.svg\",\"contentUrl\":\"https:\/\/xstyle.md\/wp-content\/uploads\/2020\/06\/logoicon.svg\",\"caption\":\"\u041c\u0430\u0433\u0430\u0437\u0438\u043d Xstyle\"},\"image\":{\"@id\":\"https:\/\/xstyle.md\/#\/schema\/logo\/image\/\"},\"sameAs\":[\"https:\/\/www.facebook.com\/xstylemd\",\"https:\/\/www.instagram.com\/xstyle_md\/\",\"https:\/\/t.me\/xstyle_outdoor\"],\"hasMerchantReturnPolicy\":{\"@type\":\"MerchantReturnPolicy\",\"merchantReturnLink\":\"https:\/\/xstyle.md\/ro\/conditions\/\"}}]}<\/script>\n<meta property=\"product:price:amount\" content=\"1374.00\" \/>\n<meta property=\"product:price:currency\" content=\"MDL\" \/>\n<meta property=\"og:availability\" content=\"instock\" \/>\n<meta property=\"product:availability\" content=\"instock\" \/>\n<meta property=\"product:retailer_item_id\" content=\"5051522491055\" \/>\n<meta property=\"product:condition\" content=\"new\" \/>\n<!-- \/ Yoast SEO plugin. -->","yoast_head_json":{"title":"Pantaloni Dare2B Certify Mns black - Magazin Xstyle","description":"Pantalonii Dare2B Certify Mns negri sunt alegerea ideal\u0103 pentru schiori! Impermeabili \u0219i respirabili, ofer\u0103 confort \u0219i excelente caracteristici tehnice.","robots":{"index":"index","follow":"follow","max-snippet":"max-snippet:-1","max-image-preview":"max-image-preview:large","max-video-preview":"max-video-preview:-1"},"canonical":"https:\/\/xstyle.md\/ro\/produs\/dare2b-certify-mns-black\/","og_locale":"ro_RO","og_type":"article","og_title":"\u0411\u0440\u044e\u043a\u0438 Dare2B Certify Mns black - \u041c\u0430\u0433\u0430\u0437\u0438\u043d Xstyle","og_description":"\u0411\u0440\u044e\u043a\u0438 Dare2B Certify Mns black \u2014 \u0438\u0434\u0435\u0430\u043b\u044c\u043d\u044b\u0439 \u0432\u044b\u0431\u043e\u0440 \u0434\u043b\u044f \u043b\u044b\u0436\u043d\u0438\u043a\u043e\u0432! \u0412\u043e\u0434\u043e\u043d\u0435\u043f\u0440\u043e\u043d\u0438\u0446\u0430\u0435\u043c\u044b\u0435 \u0438 \u0434\u044b\u0448\u0430\u0449\u0438\u0435, \u043e\u0431\u0435\u0441\u043f\u0435\u0447\u0438\u0432\u0430\u044e\u0442 \u043a\u043e\u043c\u0444\u043e\u0440\u0442 \u0438 \u043e\u0442\u043b\u0438\u0447\u043d\u044b\u0435 \u0442\u0435\u0445\u043d\u0438\u0447\u0435\u0441\u043a\u0438\u0435 \u0445\u0430\u0440\u0430\u043a\u0442\u0435\u0440\u0438\u0441\u0442\u0438\u043a\u0438.","og_url":"https:\/\/xstyle.md\/ro\/produs\/dare2b-certify-mns-black\/","og_site_name":"\u041c\u0430\u0433\u0430\u0437\u0438\u043d Xstyle","article_publisher":"https:\/\/www.facebook.com\/xstylemd","article_modified_time":"2024-10-19T20:45:06+00:00","og_image":[{"width":325,"height":325,"url":"https:\/\/xstyle.md\/wp-content\/uploads\/2020\/07\/image_325081_1_31623_1_56148_1_23646_1_131406.jpg","type":"image\/jpeg"}],"twitter_card":"summary_large_image","twitter_misc":{"Pre\u021b":"1.374&nbsp;MDL","Disponibilitate":"\u00cen stoc"},"schema":{"@context":"https:\/\/schema.org","@graph":[{"@type":"WebPage","@id":"https:\/\/xstyle.md\/product\/dare2b-certify-mns-black\/","url":"https:\/\/xstyle.md\/product\/dare2b-certify-mns-black\/","name":"Pantaloni Dare2B Certify Mns black - Magazin Xstyle","isPartOf":{"@id":"https:\/\/xstyle.md\/#website"},"primaryImageOfPage":{"@id":"https:\/\/xstyle.md\/product\/dare2b-certify-mns-black\/#primaryimage"},"image":{"@id":"https:\/\/xstyle.md\/product\/dare2b-certify-mns-black\/#primaryimage"},"thumbnailUrl":"https:\/\/xstyle.md\/wp-content\/uploads\/2020\/07\/image_325081_1_31623_1_56148_1_23646_1_131406.jpg","datePublished":"2020-07-16T17:59:23+00:00","dateModified":"2024-10-19T20:45:06+00:00","description":"Pantalonii Dare2B Certify Mns negri sunt alegerea ideal\u0103 pentru schiori! Impermeabili \u0219i respirabili, ofer\u0103 confort \u0219i excelente caracteristici tehnice.","breadcrumb":{"@id":"https:\/\/xstyle.md\/product\/dare2b-certify-mns-black\/#breadcrumb"},"inLanguage":"ro-RO","potentialAction":[{"@type":"ReadAction","target":["https:\/\/xstyle.md\/product\/dare2b-certify-mns-black\/"]}]},{"@type":"ImageObject","inLanguage":"ro-RO","@id":"https:\/\/xstyle.md\/product\/dare2b-certify-mns-black\/#primaryimage","url":"https:\/\/xstyle.md\/wp-content\/uploads\/2020\/07\/image_325081_1_31623_1_56148_1_23646_1_131406.jpg","contentUrl":"https:\/\/xstyle.md\/wp-content\/uploads\/2020\/07\/image_325081_1_31623_1_56148_1_23646_1_131406.jpg","width":325,"height":325},{"@type":"BreadcrumbList","@id":"https:\/\/xstyle.md\/product\/dare2b-certify-mns-black\/#breadcrumb","itemListElement":[{"@type":"ListItem","position":1,"name":"\u0413\u043b\u0430\u0432\u043d\u0430\u044f \u0441\u0442\u0440\u0430\u043d\u0438\u0446\u0430","item":"https:\/\/xstyle.md\/"},{"@type":"ListItem","position":2,"name":"\u041c\u0430\u0433\u0430\u0437\u0438\u043d","item":"https:\/\/xstyle.md\/shop\/"},{"@type":"ListItem","position":3,"name":"\u0411\u0440\u044e\u043a\u0438 Dare2B Certify Mns black"}]},{"@type":"WebSite","@id":"https:\/\/xstyle.md\/#website","url":"https:\/\/xstyle.md\/","name":"Magazinul X-Style","description":"Echipamente pentru turism \u0219i sporturi extreme \u00een Moldova. Pre\u021buri, fotografii, caracteristici \u00een Moldova.","publisher":{"@id":"https:\/\/xstyle.md\/#organization"},"alternateName":"X-Style","potentialAction":[{"@type":"SearchAction","target":{"@type":"EntryPoint","urlTemplate":"https:\/\/xstyle.md\/?s={search_term_string}"},"query-input":{"@type":"PropertyValueSpecification","valueRequired":true,"valueName":"search_term_string"}}],"inLanguage":"ro-RO"},{"@type":"Organization","@id":"https:\/\/xstyle.md\/#organization","name":"Magazinul X-Style","alternateName":"x-style","url":"https:\/\/xstyle.md\/","logo":{"@type":"ImageObject","inLanguage":"ro-RO","@id":"https:\/\/xstyle.md\/#\/schema\/logo\/image\/","url":"https:\/\/xstyle.md\/wp-content\/uploads\/2020\/06\/logoicon.svg","contentUrl":"https:\/\/xstyle.md\/wp-content\/uploads\/2020\/06\/logoicon.svg","caption":"\u041c\u0430\u0433\u0430\u0437\u0438\u043d Xstyle"},"image":{"@id":"https:\/\/xstyle.md\/#\/schema\/logo\/image\/"},"sameAs":["https:\/\/www.facebook.com\/xstylemd","https:\/\/www.instagram.com\/xstyle_md\/","https:\/\/t.me\/xstyle_outdoor"],"hasMerchantReturnPolicy":{"@type":"MerchantReturnPolicy","merchantReturnLink":"https:\/\/xstyle.md\/ro\/conditions\/"}}]},"product_price_amount":"1374.00","product_price_currency":"MDL","og_availability":"instock","product_availability":"instock","product_retailer_item_id":"5051522491055","product_condition":"new"},"post_mailing_queue_ids":[],"_links":{"self":[{"href":"https:\/\/xstyle.md\/ro\/wp-json\/wp\/v2\/product\/5797","targetHints":{"allow":["GET"]}}],"collection":[{"href":"https:\/\/xstyle.md\/ro\/wp-json\/wp\/v2\/product"}],"about":[{"href":"https:\/\/xstyle.md\/ro\/wp-json\/wp\/v2\/types\/product"}],"replies":[{"embeddable":true,"href":"https:\/\/xstyle.md\/ro\/wp-json\/wp\/v2\/comments?post=5797"}],"wp:featuredmedia":[{"embeddable":true,"href":"https:\/\/xstyle.md\/ro\/wp-json\/wp\/v2\/media\/5796"}],"wp:attachment":[{"href":"https:\/\/xstyle.md\/ro\/wp-json\/wp\/v2\/media?parent=5797"}],"wp:term":[{"taxonomy":"product_brand","embeddable":true,"href":"https:\/\/xstyle.md\/ro\/wp-json\/wp\/v2\/product_brand?post=5797"},{"taxonomy":"product_cat","embeddable":true,"href":"https:\/\/xstyle.md\/ro\/wp-json\/wp\/v2\/product_cat?post=5797"},{"taxonomy":"product_tag","embeddable":true,"href":"https:\/\/xstyle.md\/ro\/wp-json\/wp\/v2\/product_tag?post=5797"}],"curies":[{"name":"wp","href":"https:\/\/api.w.org\/{rel}","templated":true}]}}