{"id":57005,"date":"2022-10-23T12:31:43","date_gmt":"2022-10-23T09:31:43","guid":{"rendered":"https:\/\/xstyle.md\/?post_type=product&#038;p=57005"},"modified":"2025-11-27T17:49:22","modified_gmt":"2025-11-27T14:49:22","slug":"kurtka-rab-downpour-plus-2-0-mns-sunset","status":"publish","type":"product","link":"https:\/\/xstyle.md\/ro\/produs\/kurtka-rab-downpour-plus-2-0-mns-sunset\/","title":{"rendered":"Geac\u0103 Rab Downpour Plus 2.0 Mns sunset"},"content":{"rendered":"<\/p>\n<p><strong>Rab Downpour Plus 2.0 <\/strong>&#8212; jeac\u0103 cu membran\u0103 u\u0219oar\u0103, moale \u0219i foarte respirabil\u0103, care ofer\u0103 un confort de neegalat \u00een timpul c\u0103\u021b\u0103r\u0103rilor dificile pe munte. Croiala standard cu m\u00e2neci mobile este ideal\u0103 pentru u\u0219urin\u021ba de mi\u0219care, \u00een timp ce fermoarele AquaGuard\u00ae asigur\u0103 o ventila\u021bie suplimentar\u0103 atunci c\u00e2nd ritmul se intensific\u0103.<\/p>\n<p>Gluga compatibil\u0103 cu casca are o vizier\u0103 flexibil\u0103 \u0219i reglaj dublu pentru o protec\u021bie optim\u0103, precum \u0219i o clapet\u0103 anti-\u00een\u021bep\u0103turi care v\u0103 permite s\u0103 o \u00eenf\u0103\u0219ura\u021bi \u0219i s\u0103 o fixa\u021bi atunci c\u00e2nd v\u00e2ntul se \u00eente\u021be\u0219te. Membrana Pertex\u00ae Shield, care elimin\u0103 umezeala, este o modalitate u\u0219oar\u0103 de a r\u0103m\u00e2ne uscat \u0219i confortabil atunci c\u00e2nd vremea nu este favorabila.<\/p>\n<h3>Particularit\u0103\u021bi<\/h3>\n<ul>\n<li>Capot\u0103 compatibil\u0103 cu casca<\/li>\n<li>Vizier\u0103 din polimer flexibil<\/li>\n<li>Panglic\u0103 retractabil\u0103 pentru glug\u0103<\/li>\n<li>Fermoar frontal YKK Aqua Guard<\/li>\n<li>Buzunare cu fermoar YKK Aqua Guard<\/li>\n<li>Fermoar\u021be impermeabile YKK<\/li>\n<li>Plasture pe g\u00e2t \u00een spate cu tricot fleece \u0219i protec\u021bie pentru b\u0103rbie<\/li>\n<li>M\u00e2neci articulate<\/li>\n<li>Colier cu cordon complet reglabil<\/li>\n<li>Man\u0219ete reglabile cu velcro.<\/li>\n<\/ul>\n<h3>Caracteristici<\/h3>\n<ul>\n<li>Material &#8212; poliamid\u0103 reciclat\u0103 40D, 2,5 litri cu membran\u0103 poliuretanic\u0103<\/li>\n<li>Membran\u0103 &#8212; Pertex\u00ae Shield<\/li>\n<li>Rezisten\u021b\u0103 la umiditate &#8212; 20.000 mm<\/li>\n<li>Permeabilitate la aer &#8212; 20 000 g\/m2\/24h<\/li>\n<li>Destina\u021bie &#8212; sporturi active\/ casual\/ trekking<\/li>\n<li>Sezonul &#8212; prim\u0103var\u0103\/toamn\u0103\/iarn\u0103<\/li>\n<li>Model - b\u0103rba\u021bi.<\/li>\n<\/ul>\n<h3>Tehnologie<\/h3>\n<ul>\n<li><strong>Pertex<\/strong>\u00ae <strong>Shield<\/strong> &#8212; \u021bes\u0103tur\u0103 rezistent\u0103 la v\u00e2nt \u0219i impermeabil\u0103, care are \u00een construc\u021bie o membran\u0103 climatic\u0103 din poliuretan, care asigur\u0103 o rezisten\u021b\u0103 ridicat\u0103 la ap\u0103 \u0219i respirabilitate. Are o rezisten\u021b\u0103 ridicat\u0103 cu o greutate redus\u0103. Adesea utilizat\u0103 pentru a \u00eent\u0103ri zonele predispuse la abraziune ale hainelor impermeabile ultrau\u0219oare.<\/li>\n<\/ul>\n<h3 class=\"clear\" data-reader-unique-id=\"22\">Marca<\/h3>\n<p data-reader-unique-id=\"23\">Rab - este un produc\u0103tor britanic de echipament sportiv \u0219i echipamente pentru alpinism, cu o punctualitate forte \u00eel reprezint\u0103 \u00eel reprezint\u0103 \u00eembr\u0103c\u0103mintea sport tehnic\u0103 sport tehnic\u0103 de \u00eenalt\u0103 calitate \u0219i tehnologic avansat\u0103, izola\u021bia din puf \u0219i p\u0103l\u0103riile. Balaclavele acestui produc\u0103tor, de exemplu, sunt unele dintre cele mai bune exemple de pe pia\u021b\u0103.<\/p>\n<p data-reader-unique-id=\"24\">Compania a fost fondat\u0103 \u00een 1981 de alpinistul Rab Carrington. Baz\u00e2ndu-se pe propria sa experien\u021b\u0103 \u00een expedi\u021bii numeroase, Carrington a conceput ideea unui program ambi\u021bios pentru a asigura confort, protec\u021bie, \u0219 i libertate \u00een muni\u021bie, tobe \u0219 i alpinism.<\/p>\n<p data-reader-unique-id=\"25\">Jachetele, sacii de dormitor \u0219 i Rab Expedition Rab sunt realizate din pufuri de tifon \u0219 i au un certificat Responsible Down. Un tratament hidrofug f\u0103r\u0103 fluorocarbon numit Nikwax este, de asemenea, folosit \u00een \u00eembr\u0103c\u0103minte \u0219i saci de dormit pentru o m\u0103sur\u0103 preventiv\u0103 a lor \u00een ap\u0103. \u00cen plus, folosesc materiale sintetice de \u00eenalt\u0103 calitate. \u00cembr\u0103c\u0103mintea Rab a devenit \"sinonim cu produsele de calitate superioar\u0103 fabricate din puf\".<\/p>\n<p><\/p>","protected":false},"excerpt":{"rendered":"","protected":false},"featured_media":57797,"comment_status":"open","ping_status":"closed","template":"","meta":{"_acf_changed":false,"inline_featured_image":false},"product_brand":[1442],"product_cat":[246],"product_tag":[],"class_list":{"0":"post-57005","1":"product","2":"type-product","3":"status-publish","4":"has-post-thumbnail","6":"product_brand-rab","7":"product_cat-membrane-jackets-barbati","9":"first","10":"instock","11":"shipping-taxable","12":"purchasable","13":"product-type-simple"},"acf":[],"yoast_head":"<!-- This site is optimized with the Yoast SEO plugin v27.4 - https:\/\/yoast.com\/product\/yoast-seo-wordpress\/ -->\n<title>\u041a\u0443\u0440\u0442\u043a\u0430 Rab Downpour Plus 2.0 Mns sunset - \u041c\u0430\u0433\u0430\u0437\u0438\u043d Xstyle<\/title>\n<meta name=\"description\" content=\"\u041a\u0443\u0440\u0442\u043a\u0430 Rab Downpour Plus 2.0 Mns sunset \u2013 \u0438\u0434\u0435\u0430\u043b\u044c\u043d\u044b\u0439 \u0432\u044b\u0431\u043e\u0440 \u0434\u043b\u044f \u0433\u043e\u0440\u043d\u044b\u0445 \u0432\u043e\u0441\u0445\u043e\u0436\u0434\u0435\u043d\u0438\u0439. \u041b\u0435\u0433\u043a\u0430\u044f, \u0434\u044b\u0448\u0430\u0449\u0430\u044f \u043c\u0435\u043c\u0431\u0440\u0430\u043d\u0430 Pertex Shield \u0438 \u043d\u0430\u0434\u0435\u0436\u043d\u0430\u044f \u0437\u0430\u0449\u0438\u0442\u0430 \u043e\u0442 \u0434\u043e\u0436\u0434\u044f.\" \/>\n<meta name=\"robots\" content=\"index, follow, max-snippet:-1, max-image-preview:large, max-video-preview:-1\" \/>\n<link rel=\"canonical\" href=\"https:\/\/xstyle.md\/ro\/produs\/kurtka-rab-downpour-plus-2-0-mns-sunset\/\" \/>\n<meta property=\"og:locale\" content=\"ro_RO\" \/>\n<meta property=\"og:type\" content=\"article\" \/>\n<meta property=\"og:title\" content=\"\u041a\u0443\u0440\u0442\u043a\u0430 Rab Downpour Plus 2.0 Mns sunset - \u041c\u0430\u0433\u0430\u0437\u0438\u043d Xstyle\" \/>\n<meta property=\"og:description\" content=\"\u041a\u0443\u0440\u0442\u043a\u0430 Rab Downpour Plus 2.0 Mns sunset \u2013 \u0438\u0434\u0435\u0430\u043b\u044c\u043d\u044b\u0439 \u0432\u044b\u0431\u043e\u0440 \u0434\u043b\u044f \u0433\u043e\u0440\u043d\u044b\u0445 \u0432\u043e\u0441\u0445\u043e\u0436\u0434\u0435\u043d\u0438\u0439. \u041b\u0435\u0433\u043a\u0430\u044f, \u0434\u044b\u0448\u0430\u0449\u0430\u044f \u043c\u0435\u043c\u0431\u0440\u0430\u043d\u0430 Pertex Shield \u0438 \u043d\u0430\u0434\u0435\u0436\u043d\u0430\u044f \u0437\u0430\u0449\u0438\u0442\u0430 \u043e\u0442 \u0434\u043e\u0436\u0434\u044f.\" \/>\n<meta property=\"og:url\" content=\"https:\/\/xstyle.md\/ro\/produs\/kurtka-rab-downpour-plus-2-0-mns-sunset\/\" \/>\n<meta property=\"og:site_name\" content=\"\u041c\u0430\u0433\u0430\u0437\u0438\u043d Xstyle\" \/>\n<meta property=\"article:publisher\" content=\"https:\/\/www.facebook.com\/xstylemd\" \/>\n<meta property=\"article:modified_time\" content=\"2025-11-27T14:49:22+00:00\" \/>\n<meta property=\"og:image\" content=\"https:\/\/xstyle.md\/wp-content\/uploads\/2022\/10\/rab-downpour-plus-2.0-mns-sunset.jpg\" \/>\n\t<meta property=\"og:image:width\" content=\"2238\" \/>\n\t<meta property=\"og:image:height\" content=\"2192\" \/>\n\t<meta property=\"og:image:type\" content=\"image\/jpeg\" \/>\n<meta name=\"twitter:card\" content=\"summary_large_image\" \/>\n<meta name=\"twitter:label1\" content=\"Pre\u021b\" \/>\n\t<meta name=\"twitter:data1\" content=\"3.590&nbsp;MDL\" \/>\n\t<meta name=\"twitter:label2\" content=\"Disponibilitate\" \/>\n\t<meta name=\"twitter:data2\" content=\"\u00cen stoc\" \/>\n<script type=\"application\/ld+json\" class=\"yoast-schema-graph\">{\"@context\":\"https:\\\/\\\/schema.org\",\"@graph\":[{\"@type\":\"WebPage\",\"@id\":\"https:\\\/\\\/xstyle.md\\\/product\\\/kurtka-rab-downpour-plus-2-0-mns-sunset\\\/\",\"url\":\"https:\\\/\\\/xstyle.md\\\/product\\\/kurtka-rab-downpour-plus-2-0-mns-sunset\\\/\",\"name\":\"\u041a\u0443\u0440\u0442\u043a\u0430 Rab Downpour Plus 2.0 Mns sunset - \u041c\u0430\u0433\u0430\u0437\u0438\u043d Xstyle\",\"isPartOf\":{\"@id\":\"https:\\\/\\\/xstyle.md\\\/#website\"},\"primaryImageOfPage\":{\"@id\":\"https:\\\/\\\/xstyle.md\\\/product\\\/kurtka-rab-downpour-plus-2-0-mns-sunset\\\/#primaryimage\"},\"image\":{\"@id\":\"https:\\\/\\\/xstyle.md\\\/product\\\/kurtka-rab-downpour-plus-2-0-mns-sunset\\\/#primaryimage\"},\"thumbnailUrl\":\"https:\\\/\\\/xstyle.md\\\/wp-content\\\/uploads\\\/2022\\\/10\\\/rab-downpour-plus-2.0-mns-sunset.jpg\",\"datePublished\":\"2022-10-23T09:31:43+00:00\",\"dateModified\":\"2025-11-27T14:49:22+00:00\",\"description\":\"\u041a\u0443\u0440\u0442\u043a\u0430 Rab Downpour Plus 2.0 Mns sunset \u2013 \u0438\u0434\u0435\u0430\u043b\u044c\u043d\u044b\u0439 \u0432\u044b\u0431\u043e\u0440 \u0434\u043b\u044f \u0433\u043e\u0440\u043d\u044b\u0445 \u0432\u043e\u0441\u0445\u043e\u0436\u0434\u0435\u043d\u0438\u0439. \u041b\u0435\u0433\u043a\u0430\u044f, \u0434\u044b\u0448\u0430\u0449\u0430\u044f \u043c\u0435\u043c\u0431\u0440\u0430\u043d\u0430 Pertex Shield \u0438 \u043d\u0430\u0434\u0435\u0436\u043d\u0430\u044f \u0437\u0430\u0449\u0438\u0442\u0430 \u043e\u0442 \u0434\u043e\u0436\u0434\u044f.\",\"breadcrumb\":{\"@id\":\"https:\\\/\\\/xstyle.md\\\/product\\\/kurtka-rab-downpour-plus-2-0-mns-sunset\\\/#breadcrumb\"},\"inLanguage\":\"ro-RO\",\"potentialAction\":[{\"@type\":\"ReadAction\",\"target\":[\"https:\\\/\\\/xstyle.md\\\/product\\\/kurtka-rab-downpour-plus-2-0-mns-sunset\\\/\"]}]},{\"@type\":\"ImageObject\",\"inLanguage\":\"ro-RO\",\"@id\":\"https:\\\/\\\/xstyle.md\\\/product\\\/kurtka-rab-downpour-plus-2-0-mns-sunset\\\/#primaryimage\",\"url\":\"https:\\\/\\\/xstyle.md\\\/wp-content\\\/uploads\\\/2022\\\/10\\\/rab-downpour-plus-2.0-mns-sunset.jpg\",\"contentUrl\":\"https:\\\/\\\/xstyle.md\\\/wp-content\\\/uploads\\\/2022\\\/10\\\/rab-downpour-plus-2.0-mns-sunset.jpg\",\"width\":1920,\"height\":1881,\"caption\":\"An essential mountain focused feature set\ufffdwith updated styling make this a classic waterproof for a\ufffdtechnically savvy\ufffdmountain\ufffdhiker.\ufffdWaterproofing is provided by\ufffdPertex\ufffdShield 2.5 Layer with a recycled face with a fluorocarbon free DWR.\ufffd#Helmet compatible hood with flexible polymer peak#Front and rear hood adjustment#Hood roll tab#YKK Aquaguard zipped front opening#YKK Aquaguard zipped pockets#YKK Aquaguard pit zips#Brushed tricot back neck patch and chin guard#Articulated sleeves#Fully adjustable drawcord hem#Velcro adjustable cuffs#Main - Recycled 40D polyamide 2.5 L with PU membrane \\\/ 119gsm\\\/ Pertex Shield\\\/ HH: 20,000mm\\\/ MVTR: 20,000g\\\/m2\\\/24hrs \\\/ fluorocarbon-free DWR#Fit: Regular#Centre back length (Size M): 78cm\\\/30.7inch#375g\\\/ 13.2oz\"},{\"@type\":\"BreadcrumbList\",\"@id\":\"https:\\\/\\\/xstyle.md\\\/product\\\/kurtka-rab-downpour-plus-2-0-mns-sunset\\\/#breadcrumb\",\"itemListElement\":[{\"@type\":\"ListItem\",\"position\":1,\"name\":\"\u0413\u043b\u0430\u0432\u043d\u0430\u044f \u0441\u0442\u0440\u0430\u043d\u0438\u0446\u0430\",\"item\":\"https:\\\/\\\/xstyle.md\\\/\"},{\"@type\":\"ListItem\",\"position\":2,\"name\":\"\u041c\u0430\u0433\u0430\u0437\u0438\u043d\",\"item\":\"https:\\\/\\\/xstyle.md\\\/shop\\\/\"},{\"@type\":\"ListItem\",\"position\":3,\"name\":\"\u041a\u0443\u0440\u0442\u043a\u0430 Rab Downpour Plus 2.0 Mns sunset\"}]},{\"@type\":\"WebSite\",\"@id\":\"https:\\\/\\\/xstyle.md\\\/#website\",\"url\":\"https:\\\/\\\/xstyle.md\\\/\",\"name\":\"\u041c\u0430\u0433\u0430\u0437\u0438\u043d Xstyle\",\"description\":\"C\u043d\u0430\u0440\u044f\u0436\u0435\u043d\u0438\u0435 \u0434\u043b\u044f \u0442\u0443\u0440\u0438\u0437\u043c\u0430 \u0438 \u044d\u043a\u0441\u0442\u0440\u0435\u043c\u0430\u043b\u044c\u043d\u044b\u0445 \u0432\u0438\u0434\u043e\u0432 \u0441\u043f\u043e\u0440\u0442\u0430 \u0432 \u041c\u043e\u043b\u0434\u043e\u0432\u0435.. \u0426\u0435\u043d\u044b, \u0444\u043e\u0442\u043e, \u0445\u0430\u0440\u0430\u043a\u0442\u0435\u0440\u0438\u0441\u0442\u0438\u043a\u0438 \u0432 \u041c\u043e\u043b\u0434\u043e\u0432\u0435.\",\"publisher\":{\"@id\":\"https:\\\/\\\/xstyle.md\\\/#organization\"},\"alternateName\":\"X-Style\",\"potentialAction\":[{\"@type\":\"SearchAction\",\"target\":{\"@type\":\"EntryPoint\",\"urlTemplate\":\"https:\\\/\\\/xstyle.md\\\/?s={search_term_string}\"},\"query-input\":{\"@type\":\"PropertyValueSpecification\",\"valueRequired\":true,\"valueName\":\"search_term_string\"}}],\"inLanguage\":\"ro-RO\"},{\"@type\":\"Organization\",\"@id\":\"https:\\\/\\\/xstyle.md\\\/#organization\",\"name\":\"\u041c\u0430\u0433\u0430\u0437\u0438\u043d Xstyle\",\"alternateName\":\"x-style\",\"url\":\"https:\\\/\\\/xstyle.md\\\/\",\"logo\":{\"@type\":\"ImageObject\",\"inLanguage\":\"ro-RO\",\"@id\":\"https:\\\/\\\/xstyle.md\\\/#\\\/schema\\\/logo\\\/image\\\/\",\"url\":\"https:\\\/\\\/xstyle.md\\\/wp-content\\\/uploads\\\/2020\\\/06\\\/logoicon.svg\",\"contentUrl\":\"https:\\\/\\\/xstyle.md\\\/wp-content\\\/uploads\\\/2020\\\/06\\\/logoicon.svg\",\"caption\":\"\u041c\u0430\u0433\u0430\u0437\u0438\u043d Xstyle\"},\"image\":{\"@id\":\"https:\\\/\\\/xstyle.md\\\/#\\\/schema\\\/logo\\\/image\\\/\"},\"sameAs\":[\"https:\\\/\\\/www.facebook.com\\\/xstylemd\",\"https:\\\/\\\/www.instagram.com\\\/xstyle_md\\\/\",\"https:\\\/\\\/t.me\\\/xstyle_outdoor\"],\"hasMerchantReturnPolicy\":{\"@type\":\"MerchantReturnPolicy\",\"merchantReturnLink\":\"https:\\\/\\\/xstyle.md\\\/ro\\\/conditions\\\/\"}}]}<\/script>\n<meta property=\"product:price:amount\" content=\"3590.00\" \/>\n<meta property=\"product:price:currency\" content=\"MDL\" \/>\n<meta property=\"og:availability\" content=\"instock\" \/>\n<meta property=\"product:availability\" content=\"instock\" \/>\n<meta property=\"product:retailer_item_id\" content=\"821468996212\" \/>\n<meta property=\"product:condition\" content=\"new\" \/>\n<!-- \/ Yoast SEO plugin. -->","yoast_head_json":{"title":"Geac\u0103 Rab Downpour Plus 2.0 Mns sunset - Magazin Xstyle","description":"Jacket Rab Downpour Plus 2.0 Mns sunset \u2013 alegerea ideal\u0103 pentru ascensiuni montane. Membrana u\u0219oar\u0103 \u0219i respirabil\u0103 Pertex Shield \u0219i protec\u021bie fiabil\u0103 \u00eempotriva ploii.","robots":{"index":"index","follow":"follow","max-snippet":"max-snippet:-1","max-image-preview":"max-image-preview:large","max-video-preview":"max-video-preview:-1"},"canonical":"https:\/\/xstyle.md\/ro\/produs\/kurtka-rab-downpour-plus-2-0-mns-sunset\/","og_locale":"ro_RO","og_type":"article","og_title":"\u041a\u0443\u0440\u0442\u043a\u0430 Rab Downpour Plus 2.0 Mns sunset - \u041c\u0430\u0433\u0430\u0437\u0438\u043d Xstyle","og_description":"\u041a\u0443\u0440\u0442\u043a\u0430 Rab Downpour Plus 2.0 Mns sunset \u2013 \u0438\u0434\u0435\u0430\u043b\u044c\u043d\u044b\u0439 \u0432\u044b\u0431\u043e\u0440 \u0434\u043b\u044f \u0433\u043e\u0440\u043d\u044b\u0445 \u0432\u043e\u0441\u0445\u043e\u0436\u0434\u0435\u043d\u0438\u0439. \u041b\u0435\u0433\u043a\u0430\u044f, \u0434\u044b\u0448\u0430\u0449\u0430\u044f \u043c\u0435\u043c\u0431\u0440\u0430\u043d\u0430 Pertex Shield \u0438 \u043d\u0430\u0434\u0435\u0436\u043d\u0430\u044f \u0437\u0430\u0449\u0438\u0442\u0430 \u043e\u0442 \u0434\u043e\u0436\u0434\u044f.","og_url":"https:\/\/xstyle.md\/ro\/produs\/kurtka-rab-downpour-plus-2-0-mns-sunset\/","og_site_name":"\u041c\u0430\u0433\u0430\u0437\u0438\u043d Xstyle","article_publisher":"https:\/\/www.facebook.com\/xstylemd","article_modified_time":"2025-11-27T14:49:22+00:00","og_image":[{"width":2238,"height":2192,"url":"https:\/\/xstyle.md\/wp-content\/uploads\/2022\/10\/rab-downpour-plus-2.0-mns-sunset.jpg","type":"image\/jpeg"}],"twitter_card":"summary_large_image","twitter_misc":{"Pre\u021b":"3.590&nbsp;MDL","Disponibilitate":"\u00cen stoc"},"schema":{"@context":"https:\/\/schema.org","@graph":[{"@type":"WebPage","@id":"https:\/\/xstyle.md\/product\/kurtka-rab-downpour-plus-2-0-mns-sunset\/","url":"https:\/\/xstyle.md\/product\/kurtka-rab-downpour-plus-2-0-mns-sunset\/","name":"Geac\u0103 Rab Downpour Plus 2.0 Mns sunset - Magazin Xstyle","isPartOf":{"@id":"https:\/\/xstyle.md\/#website"},"primaryImageOfPage":{"@id":"https:\/\/xstyle.md\/product\/kurtka-rab-downpour-plus-2-0-mns-sunset\/#primaryimage"},"image":{"@id":"https:\/\/xstyle.md\/product\/kurtka-rab-downpour-plus-2-0-mns-sunset\/#primaryimage"},"thumbnailUrl":"https:\/\/xstyle.md\/wp-content\/uploads\/2022\/10\/rab-downpour-plus-2.0-mns-sunset.jpg","datePublished":"2022-10-23T09:31:43+00:00","dateModified":"2025-11-27T14:49:22+00:00","description":"Jacket Rab Downpour Plus 2.0 Mns sunset \u2013 alegerea ideal\u0103 pentru ascensiuni montane. Membrana u\u0219oar\u0103 \u0219i respirabil\u0103 Pertex Shield \u0219i protec\u021bie fiabil\u0103 \u00eempotriva ploii.","breadcrumb":{"@id":"https:\/\/xstyle.md\/product\/kurtka-rab-downpour-plus-2-0-mns-sunset\/#breadcrumb"},"inLanguage":"ro-RO","potentialAction":[{"@type":"ReadAction","target":["https:\/\/xstyle.md\/product\/kurtka-rab-downpour-plus-2-0-mns-sunset\/"]}]},{"@type":"ImageObject","inLanguage":"ro-RO","@id":"https:\/\/xstyle.md\/product\/kurtka-rab-downpour-plus-2-0-mns-sunset\/#primaryimage","url":"https:\/\/xstyle.md\/wp-content\/uploads\/2022\/10\/rab-downpour-plus-2.0-mns-sunset.jpg","contentUrl":"https:\/\/xstyle.md\/wp-content\/uploads\/2022\/10\/rab-downpour-plus-2.0-mns-sunset.jpg","width":1920,"height":1881,"caption":"An essential mountain focused feature set\ufffdwith updated styling make this a classic waterproof for a\ufffdtechnically savvy\ufffdmountain\ufffdhiker.\ufffdWaterproofing is provided by\ufffdPertex\ufffdShield 2.5 Layer with a recycled face with a fluorocarbon free DWR.\ufffd#Helmet compatible hood with flexible polymer peak#Front and rear hood adjustment#Hood roll tab#YKK Aquaguard zipped front opening#YKK Aquaguard zipped pockets#YKK Aquaguard pit zips#Brushed tricot back neck patch and chin guard#Articulated sleeves#Fully adjustable drawcord hem#Velcro adjustable cuffs#Main - Recycled 40D polyamide 2.5 L with PU membrane \/ 119gsm\/ Pertex Shield\/ HH: 20,000mm\/ MVTR: 20,000g\/m2\/24hrs \/ fluorocarbon-free DWR#Fit: Regular#Centre back length (Size M): 78cm\/30.7inch#375g\/ 13.2oz"},{"@type":"BreadcrumbList","@id":"https:\/\/xstyle.md\/product\/kurtka-rab-downpour-plus-2-0-mns-sunset\/#breadcrumb","itemListElement":[{"@type":"ListItem","position":1,"name":"\u0413\u043b\u0430\u0432\u043d\u0430\u044f \u0441\u0442\u0440\u0430\u043d\u0438\u0446\u0430","item":"https:\/\/xstyle.md\/"},{"@type":"ListItem","position":2,"name":"\u041c\u0430\u0433\u0430\u0437\u0438\u043d","item":"https:\/\/xstyle.md\/shop\/"},{"@type":"ListItem","position":3,"name":"\u041a\u0443\u0440\u0442\u043a\u0430 Rab Downpour Plus 2.0 Mns sunset"}]},{"@type":"WebSite","@id":"https:\/\/xstyle.md\/#website","url":"https:\/\/xstyle.md\/","name":"Magazinul X-Style","description":"Echipamente pentru turism \u0219i sporturi extreme \u00een Moldova. Pre\u021buri, fotografii, caracteristici \u00een Moldova.","publisher":{"@id":"https:\/\/xstyle.md\/#organization"},"alternateName":"X-Style","potentialAction":[{"@type":"SearchAction","target":{"@type":"EntryPoint","urlTemplate":"https:\/\/xstyle.md\/?s={search_term_string}"},"query-input":{"@type":"PropertyValueSpecification","valueRequired":true,"valueName":"search_term_string"}}],"inLanguage":"ro-RO"},{"@type":"Organization","@id":"https:\/\/xstyle.md\/#organization","name":"Magazinul X-Style","alternateName":"x-style","url":"https:\/\/xstyle.md\/","logo":{"@type":"ImageObject","inLanguage":"ro-RO","@id":"https:\/\/xstyle.md\/#\/schema\/logo\/image\/","url":"https:\/\/xstyle.md\/wp-content\/uploads\/2020\/06\/logoicon.svg","contentUrl":"https:\/\/xstyle.md\/wp-content\/uploads\/2020\/06\/logoicon.svg","caption":"\u041c\u0430\u0433\u0430\u0437\u0438\u043d Xstyle"},"image":{"@id":"https:\/\/xstyle.md\/#\/schema\/logo\/image\/"},"sameAs":["https:\/\/www.facebook.com\/xstylemd","https:\/\/www.instagram.com\/xstyle_md\/","https:\/\/t.me\/xstyle_outdoor"],"hasMerchantReturnPolicy":{"@type":"MerchantReturnPolicy","merchantReturnLink":"https:\/\/xstyle.md\/ro\/conditions\/"}}]},"product_price_amount":"3590.00","product_price_currency":"MDL","og_availability":"instock","product_availability":"instock","product_retailer_item_id":"821468996212","product_condition":"new"},"_links":{"self":[{"href":"https:\/\/xstyle.md\/ro\/wp-json\/wp\/v2\/product\/57005","targetHints":{"allow":["GET"]}}],"collection":[{"href":"https:\/\/xstyle.md\/ro\/wp-json\/wp\/v2\/product"}],"about":[{"href":"https:\/\/xstyle.md\/ro\/wp-json\/wp\/v2\/types\/product"}],"replies":[{"embeddable":true,"href":"https:\/\/xstyle.md\/ro\/wp-json\/wp\/v2\/comments?post=57005"}],"wp:featuredmedia":[{"embeddable":true,"href":"https:\/\/xstyle.md\/ro\/wp-json\/wp\/v2\/media\/57797"}],"wp:attachment":[{"href":"https:\/\/xstyle.md\/ro\/wp-json\/wp\/v2\/media?parent=57005"}],"wp:term":[{"taxonomy":"product_brand","embeddable":true,"href":"https:\/\/xstyle.md\/ro\/wp-json\/wp\/v2\/product_brand?post=57005"},{"taxonomy":"product_cat","embeddable":true,"href":"https:\/\/xstyle.md\/ro\/wp-json\/wp\/v2\/product_cat?post=57005"},{"taxonomy":"product_tag","embeddable":true,"href":"https:\/\/xstyle.md\/ro\/wp-json\/wp\/v2\/product_tag?post=57005"}],"curies":[{"name":"wp","href":"https:\/\/api.w.org\/{rel}","templated":true}]}}