{"id":56999,"date":"2022-10-21T17:34:17","date_gmt":"2022-10-21T14:34:17","guid":{"rendered":"https:\/\/xstyle.md\/?post_type=product&#038;p=56999"},"modified":"2024-10-21T09:27:42","modified_gmt":"2024-10-21T06:27:42","slug":"ryukzak-lowe-alpine-aeon-27-m-l","status":"publish","type":"product","link":"https:\/\/xstyle.md\/ro\/produs\/ryukzak-lowe-alpine-aeon-27-m-l\/","title":{"rendered":"Rucsac Lowe Alpine Aeon 27 M\/L"},"content":{"rendered":"<\/p>\n<p><strong>Lowe Alpine Aeon 27<\/strong> &#8212; rucsacul multifunc\u021bional realizat din material de nailon u\u0219or \u0219i durabil este potrivit pentru drume\u021bii de weekend sau pentru ciclism montan. Acest rucsac poate con\u021bine tot echipamentul necesar. Datorit\u0103 sistemului de suspensie, sarcina este distribuit\u0103 uniform, iar panoul din spate se caracterizeaz\u0103 printr-o respirabilitate excelent\u0103. Rucsacul include, de asemenea, un accesoriu universal pentru casc\u0103 \u0219i alte echipamente.<\/p>\n<h3>Particularit\u0103\u021bi<\/h3>\n<ul>\n<li>Compatibil cu sistemul de b\u0103utur\u0103<\/li>\n<li>Buzunar interior cu fermoar<\/li>\n<li>Buzunar frontal mare<\/li>\n<li>Ata\u0219are MultiLock\u2122 pentru casc\u0103 \u0219i echipament<\/li>\n<li>Suport pentru chei<\/li>\n<li>Cravat\u0103 de piept cu fluier<\/li>\n<li>Ata\u0219ament pentru scule de ghea\u021b\u0103<\/li>\n<li>Ata\u0219ament pentru baston TipGripper<\/li>\n<li>Buzunar superior cu acces rapid<\/li>\n<\/ul>\n<h3>Caracteristici<\/h3>\n<ul>\n<li>Greutate &#8212; 850 g<\/li>\n<li>Volum &#8212; 27 litri<\/li>\n<li>Dimensiuni &#8212; 52 x 25 x 22 (H x L x P) cm<\/li>\n<li>Material &#8212; nailon cu acoperire TriShield\u00ae.<\/li>\n<li>Potrivit pentru bagajele de m\u00e2n\u0103<\/li>\n<li>Hus\u0103 de ploaie &#8212; nu<\/li>\n<li>Ventila\u021bie &#8212; da<\/li>\n<li>Destina\u021bie &#8212; drume\u021bii, ciclism, trekking<\/li>\n<li>Model &#8212; unisex<\/li>\n<\/ul>\n<h3>Tehnologie<\/h3>\n<ul>\n<li><strong>Flexion\u2122<\/strong> &#8212; curelele ultra-sub\u021biri nu numai c\u0103 au un aspect avansat din punct de vedere tehnologic, dar ofer\u0103 \u0219i o potrivire anatomic\u0103 precis\u0103. \u0218i chiar \u0219i la sarcin\u0103 maxim\u0103, greutatea este distribuit\u0103 corect.<\/li>\n<li><strong>Air Contour<\/strong> &#8212; sistem de suspensie care asigur\u0103 o ventila\u021bie maxim\u0103. Astfel se evit\u0103 producerea nedorit\u0103 de transpira\u021bie \u00een zona spatelui. Ajustarea precis\u0103 pe spate ofer\u0103 un plus de sus\u021binere \u0219i stabilizare.<\/li>\n<li><strong>Multi-Lock Tool<\/strong>\u2122 &#8212; sistem de fixare a echipamentului. Orice casc\u0103 de protec\u021bie sau casc\u0103 de biciclist, be\u021be de trekking \u0219i piolet pot fi ata\u0219ate cu u\u0219urin\u021b\u0103 la rucsac. Multi-Lock\u2122 face din Aeon un soldat versatil pentru orice activitate.<\/li>\n<\/ul>\n<h3>Marca<\/h3>\n<p>Lowe Alpine este un brand care produce echipamente pentru alpinism \u0219i activit\u0103\u021bi recreative \u00een aer liber, precum \u0219i \u00eembr\u0103c\u0103minte. Produsele companiei se caracterizeaz\u0103 prin confort \u0219i practicitate. Compania angajeaz\u0103 alpini\u0219ti \u0219i sportivi profesioni\u0219ti care \u00ee\u0219i aplic\u0103 cuno\u0219tin\u021bele \u00een practic\u0103. Ace\u0219tia \u00een\u021beleg mai bine dec\u00e2t oricine altcineva ce produse sunt necesare pentru a asigura confortul maxim al utilizatorului.<\/p>\n<p>Dorin\u021bele sportivilor profesioni\u0219ti \u0219i viziunea lor asupra produselor de calitate sunt luate \u00een considerare \u00een timpul dezvolt\u0103rii. Produsele sunt concepute pentru a fi utilizate \u00eentr-o varietate de condi\u021bii meteorologice, inclusiv \u00een condi\u021bii destul de severe.<\/p>\n<p>Produsele sunt conforme cu standardele interna\u021bionale de calitate. Acestea se caracterizeaz\u0103 prin fiabilitate \u0219i sunt capabile s\u0103 satisfac\u0103 cerin\u021bele celei mai exigente persoane. \u00cen procesul de fabrica\u021bie se folosesc tehnologii inovatoare \u0219i materiale moderne, se efectueaz\u0103 diverse cercet\u0103ri pentru a ob\u021bine cele mai bune rezultate. Marca \u00eentr-un timp scurt a reu\u0219it s\u0103 ob\u021bin\u0103 faima \u0219i recunoa\u0219terea mondial\u0103. Compania este cunoscut\u0103 ca un produc\u0103tor de produse de \u00eenalt\u0103 tehnologie.<\/p>\n<p><\/p>","protected":false},"excerpt":{"rendered":"","protected":false},"featured_media":57753,"comment_status":"open","ping_status":"closed","template":"","meta":{"_acf_changed":false,"inline_featured_image":false},"product_brand":[1295],"product_cat":[887,20],"product_tag":[],"class_list":{"0":"post-56999","1":"product","2":"type-product","3":"status-publish","4":"has-post-thumbnail","6":"product_brand-lowe-alpine","7":"product_cat-alipinizm-bag","8":"product_cat-travel-up-to-50-bag","10":"first","11":"instock","12":"shipping-taxable","13":"purchasable","14":"product-type-simple"},"acf":[],"yoast_head":"<!-- This site is optimized with the Yoast SEO plugin v27.2 - https:\/\/yoast.com\/product\/yoast-seo-wordpress\/ -->\n<title>\u0420\u044e\u043a\u0437\u0430\u043a Lowe Alpine Aeon 27 M\/L - \u041c\u0430\u0433\u0430\u0437\u0438\u043d Xstyle<\/title>\n<meta name=\"description\" content=\"\u0420\u044e\u043a\u0437\u0430\u043a Lowe Alpine Aeon 27 M\/L \u2014 \u0438\u0434\u0435\u0430\u043b\u044c\u043d\u044b\u0439 \u0432\u044b\u0431\u043e\u0440 \u0434\u043b\u044f \u043f\u043e\u0445\u043e\u0434\u043e\u0432 \u0438 \u0432\u0435\u043b\u043e\u043f\u0440\u043e\u0433\u0443\u043b\u043e\u043a. \u041b\u0435\u0433\u043a\u0438\u0439 \u0438 \u043f\u0440\u043e\u0447\u043d\u044b\u0439, \u0432\u043c\u0435\u0441\u0442\u0438\u0442 \u0432\u0441\u0435 \u043d\u0435\u043e\u0431\u0445\u043e\u0434\u0438\u043c\u043e\u0435, \u043e\u0431\u0435\u0441\u043f\u0435\u0447\u0438\u0432\u0430\u044f \u043a\u043e\u043c\u0444\u043e\u0440\u0442 \u0438 \u043f\u043e\u0434\u0434\u0435\u0440\u0436\u043a\u0443.\" \/>\n<meta name=\"robots\" content=\"index, follow, max-snippet:-1, max-image-preview:large, max-video-preview:-1\" \/>\n<link rel=\"canonical\" href=\"https:\/\/xstyle.md\/ro\/produs\/ryukzak-lowe-alpine-aeon-27-m-l\/\" \/>\n<meta property=\"og:locale\" content=\"ro_RO\" \/>\n<meta property=\"og:type\" content=\"article\" \/>\n<meta property=\"og:title\" content=\"\u0420\u044e\u043a\u0437\u0430\u043a Lowe Alpine Aeon 27 M\/L - \u041c\u0430\u0433\u0430\u0437\u0438\u043d Xstyle\" \/>\n<meta property=\"og:description\" content=\"\u0420\u044e\u043a\u0437\u0430\u043a Lowe Alpine Aeon 27 M\/L \u2014 \u0438\u0434\u0435\u0430\u043b\u044c\u043d\u044b\u0439 \u0432\u044b\u0431\u043e\u0440 \u0434\u043b\u044f \u043f\u043e\u0445\u043e\u0434\u043e\u0432 \u0438 \u0432\u0435\u043b\u043e\u043f\u0440\u043e\u0433\u0443\u043b\u043e\u043a. \u041b\u0435\u0433\u043a\u0438\u0439 \u0438 \u043f\u0440\u043e\u0447\u043d\u044b\u0439, \u0432\u043c\u0435\u0441\u0442\u0438\u0442 \u0432\u0441\u0435 \u043d\u0435\u043e\u0431\u0445\u043e\u0434\u0438\u043c\u043e\u0435, \u043e\u0431\u0435\u0441\u043f\u0435\u0447\u0438\u0432\u0430\u044f \u043a\u043e\u043c\u0444\u043e\u0440\u0442 \u0438 \u043f\u043e\u0434\u0434\u0435\u0440\u0436\u043a\u0443.\" \/>\n<meta property=\"og:url\" content=\"https:\/\/xstyle.md\/ro\/produs\/ryukzak-lowe-alpine-aeon-27-m-l\/\" \/>\n<meta property=\"og:site_name\" content=\"\u041c\u0430\u0433\u0430\u0437\u0438\u043d Xstyle\" \/>\n<meta property=\"article:publisher\" content=\"https:\/\/www.facebook.com\/xstylemd\" \/>\n<meta property=\"article:modified_time\" content=\"2024-10-21T06:27:42+00:00\" \/>\n<meta property=\"og:image\" content=\"https:\/\/xstyle.md\/wp-content\/uploads\/2022\/10\/lowe-alpine-aeon-27-ml.jpg\" \/>\n\t<meta property=\"og:image:width\" content=\"779\" \/>\n\t<meta property=\"og:image:height\" content=\"824\" \/>\n\t<meta property=\"og:image:type\" content=\"image\/jpeg\" \/>\n<meta name=\"twitter:card\" content=\"summary_large_image\" \/>\n<meta name=\"twitter:label1\" content=\"Pre\u021b\" \/>\n\t<meta name=\"twitter:data1\" content=\"2.490&nbsp;MDL\" \/>\n\t<meta name=\"twitter:label2\" content=\"Disponibilitate\" \/>\n\t<meta name=\"twitter:data2\" content=\"\u00cen stoc\" \/>\n<script type=\"application\/ld+json\" class=\"yoast-schema-graph\">{\"@context\":\"https:\/\/schema.org\",\"@graph\":[{\"@type\":\"WebPage\",\"@id\":\"https:\/\/xstyle.md\/product\/ryukzak-lowe-alpine-aeon-27-m-l\/\",\"url\":\"https:\/\/xstyle.md\/product\/ryukzak-lowe-alpine-aeon-27-m-l\/\",\"name\":\"\u0420\u044e\u043a\u0437\u0430\u043a Lowe Alpine Aeon 27 M\/L - \u041c\u0430\u0433\u0430\u0437\u0438\u043d Xstyle\",\"isPartOf\":{\"@id\":\"https:\/\/xstyle.md\/#website\"},\"primaryImageOfPage\":{\"@id\":\"https:\/\/xstyle.md\/product\/ryukzak-lowe-alpine-aeon-27-m-l\/#primaryimage\"},\"image\":{\"@id\":\"https:\/\/xstyle.md\/product\/ryukzak-lowe-alpine-aeon-27-m-l\/#primaryimage\"},\"thumbnailUrl\":\"https:\/\/xstyle.md\/wp-content\/uploads\/2022\/10\/lowe-alpine-aeon-27-ml.jpg\",\"datePublished\":\"2022-10-21T14:34:17+00:00\",\"dateModified\":\"2024-10-21T06:27:42+00:00\",\"description\":\"\u0420\u044e\u043a\u0437\u0430\u043a Lowe Alpine Aeon 27 M\/L \u2014 \u0438\u0434\u0435\u0430\u043b\u044c\u043d\u044b\u0439 \u0432\u044b\u0431\u043e\u0440 \u0434\u043b\u044f \u043f\u043e\u0445\u043e\u0434\u043e\u0432 \u0438 \u0432\u0435\u043b\u043e\u043f\u0440\u043e\u0433\u0443\u043b\u043e\u043a. \u041b\u0435\u0433\u043a\u0438\u0439 \u0438 \u043f\u0440\u043e\u0447\u043d\u044b\u0439, \u0432\u043c\u0435\u0441\u0442\u0438\u0442 \u0432\u0441\u0435 \u043d\u0435\u043e\u0431\u0445\u043e\u0434\u0438\u043c\u043e\u0435, \u043e\u0431\u0435\u0441\u043f\u0435\u0447\u0438\u0432\u0430\u044f \u043a\u043e\u043c\u0444\u043e\u0440\u0442 \u0438 \u043f\u043e\u0434\u0434\u0435\u0440\u0436\u043a\u0443.\",\"breadcrumb\":{\"@id\":\"https:\/\/xstyle.md\/product\/ryukzak-lowe-alpine-aeon-27-m-l\/#breadcrumb\"},\"inLanguage\":\"ro-RO\",\"potentialAction\":[{\"@type\":\"ReadAction\",\"target\":[\"https:\/\/xstyle.md\/product\/ryukzak-lowe-alpine-aeon-27-m-l\/\"]}]},{\"@type\":\"ImageObject\",\"inLanguage\":\"ro-RO\",\"@id\":\"https:\/\/xstyle.md\/product\/ryukzak-lowe-alpine-aeon-27-m-l\/#primaryimage\",\"url\":\"https:\/\/xstyle.md\/wp-content\/uploads\/2022\/10\/lowe-alpine-aeon-27-ml.jpg\",\"contentUrl\":\"https:\/\/xstyle.md\/wp-content\/uploads\/2022\/10\/lowe-alpine-aeon-27-ml.jpg\",\"width\":779,\"height\":824,\"caption\":\"\u0422\u0440\u0435\u0445\u0432\u0435\u0440\u0445\u043d\u0438\u0439 \u0440\u044e\u043a\u0437\u0430\u043a Lowe Alpine Aeon 27 M\/L \u0434\u043b\u044f \u0430\u043a\u0442\u0438\u0432\u043d\u043e\u0433\u043e \u043e\u0442\u0434\u044b\u0445\u0430 \u043f\u0443\u0442\u0435\u0448\u0435\u0441\u0442\u0432\u0438\u0439 \u0438 \u0445\u0430\u0439\u043a\u0438\u043d\u0433\u0430 \u0441 \u043f\u0440\u043e\u0441\u0442\u043e\u0440\u043d\u044b\u043c \u043e\u0442\u0434\u0435\u043b\u0435\u043d\u0438\u0435\u043c \u0434\u043b\u044f \u0441\u043d\u0430\u0440\u044f\u0436\u0435\u043d\u0438\u044f \u0434\u043b\u044f \u0430\u043b\u044c\u043f\u0438\u043d\u0438\u0437\u043c\u0430 \u0438 \u0442\u0443\u0440\u0438\u0437\u043c\u0430\"},{\"@type\":\"BreadcrumbList\",\"@id\":\"https:\/\/xstyle.md\/product\/ryukzak-lowe-alpine-aeon-27-m-l\/#breadcrumb\",\"itemListElement\":[{\"@type\":\"ListItem\",\"position\":1,\"name\":\"\u0413\u043b\u0430\u0432\u043d\u0430\u044f \u0441\u0442\u0440\u0430\u043d\u0438\u0446\u0430\",\"item\":\"https:\/\/xstyle.md\/\"},{\"@type\":\"ListItem\",\"position\":2,\"name\":\"\u041c\u0430\u0433\u0430\u0437\u0438\u043d\",\"item\":\"https:\/\/xstyle.md\/shop\/\"},{\"@type\":\"ListItem\",\"position\":3,\"name\":\"\u0420\u044e\u043a\u0437\u0430\u043a Lowe Alpine Aeon 27 M\/L\"}]},{\"@type\":\"WebSite\",\"@id\":\"https:\/\/xstyle.md\/#website\",\"url\":\"https:\/\/xstyle.md\/\",\"name\":\"\u041c\u0430\u0433\u0430\u0437\u0438\u043d Xstyle\",\"description\":\"C\u043d\u0430\u0440\u044f\u0436\u0435\u043d\u0438\u0435 \u0434\u043b\u044f \u0442\u0443\u0440\u0438\u0437\u043c\u0430 \u0438 \u044d\u043a\u0441\u0442\u0440\u0435\u043c\u0430\u043b\u044c\u043d\u044b\u0445 \u0432\u0438\u0434\u043e\u0432 \u0441\u043f\u043e\u0440\u0442\u0430 \u0432 \u041c\u043e\u043b\u0434\u043e\u0432\u0435.. \u0426\u0435\u043d\u044b, \u0444\u043e\u0442\u043e, \u0445\u0430\u0440\u0430\u043a\u0442\u0435\u0440\u0438\u0441\u0442\u0438\u043a\u0438 \u0432 \u041c\u043e\u043b\u0434\u043e\u0432\u0435.\",\"publisher\":{\"@id\":\"https:\/\/xstyle.md\/#organization\"},\"alternateName\":\"X-Style\",\"potentialAction\":[{\"@type\":\"SearchAction\",\"target\":{\"@type\":\"EntryPoint\",\"urlTemplate\":\"https:\/\/xstyle.md\/?s={search_term_string}\"},\"query-input\":{\"@type\":\"PropertyValueSpecification\",\"valueRequired\":true,\"valueName\":\"search_term_string\"}}],\"inLanguage\":\"ro-RO\"},{\"@type\":\"Organization\",\"@id\":\"https:\/\/xstyle.md\/#organization\",\"name\":\"\u041c\u0430\u0433\u0430\u0437\u0438\u043d Xstyle\",\"alternateName\":\"x-style\",\"url\":\"https:\/\/xstyle.md\/\",\"logo\":{\"@type\":\"ImageObject\",\"inLanguage\":\"ro-RO\",\"@id\":\"https:\/\/xstyle.md\/#\/schema\/logo\/image\/\",\"url\":\"https:\/\/xstyle.md\/wp-content\/uploads\/2020\/06\/logoicon.svg\",\"contentUrl\":\"https:\/\/xstyle.md\/wp-content\/uploads\/2020\/06\/logoicon.svg\",\"caption\":\"\u041c\u0430\u0433\u0430\u0437\u0438\u043d Xstyle\"},\"image\":{\"@id\":\"https:\/\/xstyle.md\/#\/schema\/logo\/image\/\"},\"sameAs\":[\"https:\/\/www.facebook.com\/xstylemd\",\"https:\/\/www.instagram.com\/xstyle_md\/\",\"https:\/\/t.me\/xstyle_outdoor\"],\"hasMerchantReturnPolicy\":{\"@type\":\"MerchantReturnPolicy\",\"merchantReturnLink\":\"https:\/\/xstyle.md\/ro\/conditions\/\"}}]}<\/script>\n<meta property=\"product:price:amount\" content=\"2490.00\" \/>\n<meta property=\"product:price:currency\" content=\"MDL\" \/>\n<meta property=\"og:availability\" content=\"instock\" \/>\n<meta property=\"product:availability\" content=\"instock\" \/>\n<meta property=\"product:retailer_item_id\" content=\"5059913002262\" \/>\n<meta property=\"product:condition\" content=\"new\" \/>\n<!-- \/ Yoast SEO plugin. -->","yoast_head_json":{"title":"Rucsac Lowe Alpine Aeon 27 M\/L - Magazin Xstyle","description":"Rucsacul Lowe Alpine Aeon 27 M\/L \u2014 alegerea ideal\u0103 pentru drume\u021bii \u0219i plimb\u0103ri cu bicicleta. U\u0219or \u0219i rezistent, va \u00eenc\u0103pea tot ce ai nevoie, asigur\u00e2nd confort \u0219i suport.","robots":{"index":"index","follow":"follow","max-snippet":"max-snippet:-1","max-image-preview":"max-image-preview:large","max-video-preview":"max-video-preview:-1"},"canonical":"https:\/\/xstyle.md\/ro\/produs\/ryukzak-lowe-alpine-aeon-27-m-l\/","og_locale":"ro_RO","og_type":"article","og_title":"\u0420\u044e\u043a\u0437\u0430\u043a Lowe Alpine Aeon 27 M\/L - \u041c\u0430\u0433\u0430\u0437\u0438\u043d Xstyle","og_description":"\u0420\u044e\u043a\u0437\u0430\u043a Lowe Alpine Aeon 27 M\/L \u2014 \u0438\u0434\u0435\u0430\u043b\u044c\u043d\u044b\u0439 \u0432\u044b\u0431\u043e\u0440 \u0434\u043b\u044f \u043f\u043e\u0445\u043e\u0434\u043e\u0432 \u0438 \u0432\u0435\u043b\u043e\u043f\u0440\u043e\u0433\u0443\u043b\u043e\u043a. \u041b\u0435\u0433\u043a\u0438\u0439 \u0438 \u043f\u0440\u043e\u0447\u043d\u044b\u0439, \u0432\u043c\u0435\u0441\u0442\u0438\u0442 \u0432\u0441\u0435 \u043d\u0435\u043e\u0431\u0445\u043e\u0434\u0438\u043c\u043e\u0435, \u043e\u0431\u0435\u0441\u043f\u0435\u0447\u0438\u0432\u0430\u044f \u043a\u043e\u043c\u0444\u043e\u0440\u0442 \u0438 \u043f\u043e\u0434\u0434\u0435\u0440\u0436\u043a\u0443.","og_url":"https:\/\/xstyle.md\/ro\/produs\/ryukzak-lowe-alpine-aeon-27-m-l\/","og_site_name":"\u041c\u0430\u0433\u0430\u0437\u0438\u043d Xstyle","article_publisher":"https:\/\/www.facebook.com\/xstylemd","article_modified_time":"2024-10-21T06:27:42+00:00","og_image":[{"width":779,"height":824,"url":"https:\/\/xstyle.md\/wp-content\/uploads\/2022\/10\/lowe-alpine-aeon-27-ml.jpg","type":"image\/jpeg"}],"twitter_card":"summary_large_image","twitter_misc":{"Pre\u021b":"2.490&nbsp;MDL","Disponibilitate":"\u00cen stoc"},"schema":{"@context":"https:\/\/schema.org","@graph":[{"@type":"WebPage","@id":"https:\/\/xstyle.md\/product\/ryukzak-lowe-alpine-aeon-27-m-l\/","url":"https:\/\/xstyle.md\/product\/ryukzak-lowe-alpine-aeon-27-m-l\/","name":"Rucsac Lowe Alpine Aeon 27 M\/L - Magazin Xstyle","isPartOf":{"@id":"https:\/\/xstyle.md\/#website"},"primaryImageOfPage":{"@id":"https:\/\/xstyle.md\/product\/ryukzak-lowe-alpine-aeon-27-m-l\/#primaryimage"},"image":{"@id":"https:\/\/xstyle.md\/product\/ryukzak-lowe-alpine-aeon-27-m-l\/#primaryimage"},"thumbnailUrl":"https:\/\/xstyle.md\/wp-content\/uploads\/2022\/10\/lowe-alpine-aeon-27-ml.jpg","datePublished":"2022-10-21T14:34:17+00:00","dateModified":"2024-10-21T06:27:42+00:00","description":"Rucsacul Lowe Alpine Aeon 27 M\/L \u2014 alegerea ideal\u0103 pentru drume\u021bii \u0219i plimb\u0103ri cu bicicleta. U\u0219or \u0219i rezistent, va \u00eenc\u0103pea tot ce ai nevoie, asigur\u00e2nd confort \u0219i suport.","breadcrumb":{"@id":"https:\/\/xstyle.md\/product\/ryukzak-lowe-alpine-aeon-27-m-l\/#breadcrumb"},"inLanguage":"ro-RO","potentialAction":[{"@type":"ReadAction","target":["https:\/\/xstyle.md\/product\/ryukzak-lowe-alpine-aeon-27-m-l\/"]}]},{"@type":"ImageObject","inLanguage":"ro-RO","@id":"https:\/\/xstyle.md\/product\/ryukzak-lowe-alpine-aeon-27-m-l\/#primaryimage","url":"https:\/\/xstyle.md\/wp-content\/uploads\/2022\/10\/lowe-alpine-aeon-27-ml.jpg","contentUrl":"https:\/\/xstyle.md\/wp-content\/uploads\/2022\/10\/lowe-alpine-aeon-27-ml.jpg","width":779,"height":824,"caption":"\u0422\u0440\u0435\u0445\u0432\u0435\u0440\u0445\u043d\u0438\u0439 \u0440\u044e\u043a\u0437\u0430\u043a Lowe Alpine Aeon 27 M\/L \u0434\u043b\u044f \u0430\u043a\u0442\u0438\u0432\u043d\u043e\u0433\u043e \u043e\u0442\u0434\u044b\u0445\u0430 \u043f\u0443\u0442\u0435\u0448\u0435\u0441\u0442\u0432\u0438\u0439 \u0438 \u0445\u0430\u0439\u043a\u0438\u043d\u0433\u0430 \u0441 \u043f\u0440\u043e\u0441\u0442\u043e\u0440\u043d\u044b\u043c \u043e\u0442\u0434\u0435\u043b\u0435\u043d\u0438\u0435\u043c \u0434\u043b\u044f \u0441\u043d\u0430\u0440\u044f\u0436\u0435\u043d\u0438\u044f \u0434\u043b\u044f \u0430\u043b\u044c\u043f\u0438\u043d\u0438\u0437\u043c\u0430 \u0438 \u0442\u0443\u0440\u0438\u0437\u043c\u0430"},{"@type":"BreadcrumbList","@id":"https:\/\/xstyle.md\/product\/ryukzak-lowe-alpine-aeon-27-m-l\/#breadcrumb","itemListElement":[{"@type":"ListItem","position":1,"name":"\u0413\u043b\u0430\u0432\u043d\u0430\u044f \u0441\u0442\u0440\u0430\u043d\u0438\u0446\u0430","item":"https:\/\/xstyle.md\/"},{"@type":"ListItem","position":2,"name":"\u041c\u0430\u0433\u0430\u0437\u0438\u043d","item":"https:\/\/xstyle.md\/shop\/"},{"@type":"ListItem","position":3,"name":"\u0420\u044e\u043a\u0437\u0430\u043a Lowe Alpine Aeon 27 M\/L"}]},{"@type":"WebSite","@id":"https:\/\/xstyle.md\/#website","url":"https:\/\/xstyle.md\/","name":"Magazinul X-Style","description":"Echipamente pentru turism \u0219i sporturi extreme \u00een Moldova. Pre\u021buri, fotografii, caracteristici \u00een Moldova.","publisher":{"@id":"https:\/\/xstyle.md\/#organization"},"alternateName":"X-Style","potentialAction":[{"@type":"SearchAction","target":{"@type":"EntryPoint","urlTemplate":"https:\/\/xstyle.md\/?s={search_term_string}"},"query-input":{"@type":"PropertyValueSpecification","valueRequired":true,"valueName":"search_term_string"}}],"inLanguage":"ro-RO"},{"@type":"Organization","@id":"https:\/\/xstyle.md\/#organization","name":"Magazinul X-Style","alternateName":"x-style","url":"https:\/\/xstyle.md\/","logo":{"@type":"ImageObject","inLanguage":"ro-RO","@id":"https:\/\/xstyle.md\/#\/schema\/logo\/image\/","url":"https:\/\/xstyle.md\/wp-content\/uploads\/2020\/06\/logoicon.svg","contentUrl":"https:\/\/xstyle.md\/wp-content\/uploads\/2020\/06\/logoicon.svg","caption":"\u041c\u0430\u0433\u0430\u0437\u0438\u043d Xstyle"},"image":{"@id":"https:\/\/xstyle.md\/#\/schema\/logo\/image\/"},"sameAs":["https:\/\/www.facebook.com\/xstylemd","https:\/\/www.instagram.com\/xstyle_md\/","https:\/\/t.me\/xstyle_outdoor"],"hasMerchantReturnPolicy":{"@type":"MerchantReturnPolicy","merchantReturnLink":"https:\/\/xstyle.md\/ro\/conditions\/"}}]},"product_price_amount":"2490.00","product_price_currency":"MDL","og_availability":"instock","product_availability":"instock","product_retailer_item_id":"5059913002262","product_condition":"new"},"post_mailing_queue_ids":[],"_links":{"self":[{"href":"https:\/\/xstyle.md\/ro\/wp-json\/wp\/v2\/product\/56999","targetHints":{"allow":["GET"]}}],"collection":[{"href":"https:\/\/xstyle.md\/ro\/wp-json\/wp\/v2\/product"}],"about":[{"href":"https:\/\/xstyle.md\/ro\/wp-json\/wp\/v2\/types\/product"}],"replies":[{"embeddable":true,"href":"https:\/\/xstyle.md\/ro\/wp-json\/wp\/v2\/comments?post=56999"}],"wp:featuredmedia":[{"embeddable":true,"href":"https:\/\/xstyle.md\/ro\/wp-json\/wp\/v2\/media\/57753"}],"wp:attachment":[{"href":"https:\/\/xstyle.md\/ro\/wp-json\/wp\/v2\/media?parent=56999"}],"wp:term":[{"taxonomy":"product_brand","embeddable":true,"href":"https:\/\/xstyle.md\/ro\/wp-json\/wp\/v2\/product_brand?post=56999"},{"taxonomy":"product_cat","embeddable":true,"href":"https:\/\/xstyle.md\/ro\/wp-json\/wp\/v2\/product_cat?post=56999"},{"taxonomy":"product_tag","embeddable":true,"href":"https:\/\/xstyle.md\/ro\/wp-json\/wp\/v2\/product_tag?post=56999"}],"curies":[{"name":"wp","href":"https:\/\/api.w.org\/{rel}","templated":true}]}}