{"id":56992,"date":"2022-10-23T16:11:03","date_gmt":"2022-10-23T13:11:03","guid":{"rendered":"https:\/\/xstyle.md\/?post_type=product&#038;p=56992"},"modified":"2024-11-29T23:58:44","modified_gmt":"2024-11-29T20:58:44","slug":"bryuki-rab-downpour-eco-fz-mns-black","status":"publish","type":"product","link":"https:\/\/xstyle.md\/ro\/produs\/bryuki-rab-downpour-eco-fz-mns-black\/","title":{"rendered":"Pantaloni Rab Downpour Eco FZ Mns black"},"content":{"rendered":"<\/p>\n<p><strong>Rab Downpour Eco FZ Mns black<\/strong> &#8212; pantaloni u\u0219ori, impermeabili, confec\u021biona\u021bi din materiale reciclate. Ace\u0219tia pot fi purta\u021bi toat\u0103 ziua pe vreme rea sau pot fi \u00eenf\u0103\u0219ura\u021bi \u0219i depozita\u021bi \u00eentr-un rucsac pentru situa\u021bii de urgen\u021b\u0103.<\/p>\n<p>Pantalonii combin\u0103 acredit\u0103rile ecologice impecabile cu o serie de caracteristici practice, inclusiv o talie elastic\u0103 cu volum redus \u0219i fermoare pe toat\u0103 lungimea, astfel \u00eenc\u00e2t s\u0103 \u00eei pute\u021bi purta peste cizmele de mers pe jos atunci c\u00e2nd vremea se schimb\u0103.<\/p>\n<p>Moale, u\u0219or \u0219i confortabil de utilizat, este solu\u021bia compact\u0103 perfect\u0103 at\u00e2t pentru rulotele neexperimentate, c\u00e2t \u0219i pentru cele experimentate.<\/p>\n<h3>Particularit\u0103\u021bi<\/h3>\n<ul>\n<li>Fermoare laterale YKK pe toat\u0103 lungimea, benzi de protec\u021bie \u00eempotriva v\u00e2ntului<\/li>\n<li>Band\u0103 elastic\u0103 \u00een talie cu cordon de str\u00e2ngere<\/li>\n<li>Impregnare DWR hidrofug\u0103.<\/li>\n<\/ul>\n<h3>Caracteristici<\/h3>\n<ul>\n<li>Membran\u0103 &#8212; Pertex\u00ae Shield<\/li>\n<li>Impermeabil &#8212; 20 000 mm<\/li>\n<li>Sezonul - primavar\u0103\/var\u0103\/toamn\u0103<\/li>\n<li>Utilizare &#8212; drume\u021bii\/ drume\u021bii<\/li>\n<li>Model - b\u0103rba\u021bi.<\/li>\n<\/ul>\n<h3>Tehnologie<\/h3>\n<ul>\n<li><b>Pertex\u00ae Shield<\/b> &#8212; \u021bes\u0103tur\u0103 rezistent\u0103 la v\u00e2nt \u0219i impermeabil\u0103, care are \u00een construc\u021bie o membran\u0103 climatic\u0103 din poliuretan, care asigur\u0103 o rezisten\u021b\u0103 ridicat\u0103 la ap\u0103 \u0219i respirabilitate. Are o rezisten\u021b\u0103 ridicat\u0103 cu o greutate redus\u0103. Adesea utilizat\u0103 pentru a \u00eent\u0103ri zonele predispuse la abraziune ale hainelor impermeabile ultrau\u0219oare.<\/li>\n<\/ul>\n<h3>Marca<\/h3>\n<p>Rab este un produc\u0103tor britanic de \u00eembr\u0103c\u0103minte \u0219i echipament pentru alpinism \u0219i escalad\u0103, specializat \u00een \u00eembr\u0103c\u0103minte sport tehnic\u0103 de \u00eenalt\u0103 calitate \u0219i avansat\u0103 din punct de vedere tehnologic, izola\u021bie din puf \u0219i c\u0103\u0219ti. De exemplu, cagulele lor sunt printre cele mai bune exemple de pe pia\u021b\u0103, iar sacii lor de dormit se remarc\u0103, de asemenea, prin grija lor.<\/p>\n<p>Compania a fost fondat\u0103 \u00een 1981 de c\u0103tre renumitul alpinist sco\u021bian Rab Carrington. Baz\u00e2ndu-se pe propria experien\u021b\u0103 \u00een numeroase expedi\u021bii, Carrington a creat \u00eembr\u0103c\u0103minte pentru a oferi confort, protec\u021bie \u0219i libertate \u00een mun\u021bi, \u00een drume\u021bii, c\u0103\u021b\u0103rare sau alpinism.<\/p>\n<p>Jachetele din puf, sacii de dormit \u0219i hainele de expedi\u021bie Rab sunt fabricate din puf de g\u00e2sc\u0103 \u0219i ra\u021b\u0103 europene, certificate Responsible Down, ob\u021binute \u00een mod etic. De asemenea, pe puful folosit \u00een hainele \u0219i sacii de dormit se aplic\u0103 o impregnare hidrofug\u0103 f\u0103r\u0103 fluorocarbon, numit\u0103 Nikwax, pentru a preveni \u00eenc\u0103rcarea cu ap\u0103. \u00cen plus, pentru izola\u021bie se folosesc \u0219i materiale sintetice de \u00eenalt\u0103 calitate. \u00cembr\u0103c\u0103mintea Rab a devenit &#171;sinonim\u0103 cu produsele din puf de \u00eenalt\u0103 calitate&#187;.<\/p>\n<p><\/p>","protected":false},"excerpt":{"rendered":"","protected":false},"featured_media":57816,"comment_status":"open","ping_status":"closed","template":"","meta":{"_acf_changed":false,"inline_featured_image":false},"product_brand":[1442],"product_cat":[249],"product_tag":[],"class_list":{"0":"post-56992","1":"product","2":"type-product","3":"status-publish","4":"has-post-thumbnail","6":"product_brand-rab","7":"product_cat-pantaloni-impermeabili-barbati","9":"first","10":"instock","11":"shipping-taxable","12":"purchasable","13":"product-type-simple"},"acf":[],"yoast_head":"<!-- This site is optimized with the Yoast SEO plugin v27.4 - https:\/\/yoast.com\/product\/yoast-seo-wordpress\/ -->\n<title>\u0411\u0440\u044e\u043a\u0438 Rab Downpour Eco FZ Mns black - \u041c\u0430\u0433\u0430\u0437\u0438\u043d Xstyle<\/title>\n<meta name=\"description\" content=\"\u041e\u0442\u043a\u0440\u043e\u0439\u0442\u0435 \u0434\u043b\u044f \u0441\u0435\u0431\u044f \u0431\u0440\u044e\u043a\u0438 Rab Downpour Eco FZ Mns black: \u043b\u0435\u0433\u043a\u0438\u0435, \u0432\u043e\u0434\u043e\u043d\u0435\u043f\u0440\u043e\u043d\u0438\u0446\u0430\u0435\u043c\u044b\u0435, \u0438\u0437 \u043f\u0435\u0440\u0435\u0440\u0430\u0431\u043e\u0442\u0430\u043d\u043d\u044b\u0445 \u043c\u0430\u0442\u0435\u0440\u0438\u0430\u043b\u043e\u0432. \u0418\u0434\u0435\u0430\u043b\u044c\u043d\u044b \u0434\u043b\u044f \u043f\u043b\u043e\u0445\u043e\u0439 \u043f\u043e\u0433\u043e\u0434\u044b \u0438 \u043f\u0443\u0442\u0435\u0448\u0435\u0441\u0442\u0432\u0438\u0439.\" \/>\n<meta name=\"robots\" content=\"index, follow, max-snippet:-1, max-image-preview:large, max-video-preview:-1\" \/>\n<link rel=\"canonical\" href=\"https:\/\/xstyle.md\/ro\/produs\/bryuki-rab-downpour-eco-fz-mns-black\/\" \/>\n<meta property=\"og:locale\" content=\"ro_RO\" \/>\n<meta property=\"og:type\" content=\"article\" \/>\n<meta property=\"og:title\" content=\"\u0411\u0440\u044e\u043a\u0438 Rab Downpour Eco FZ Mns black - \u041c\u0430\u0433\u0430\u0437\u0438\u043d Xstyle\" \/>\n<meta property=\"og:description\" content=\"\u041e\u0442\u043a\u0440\u043e\u0439\u0442\u0435 \u0434\u043b\u044f \u0441\u0435\u0431\u044f \u0431\u0440\u044e\u043a\u0438 Rab Downpour Eco FZ Mns black: \u043b\u0435\u0433\u043a\u0438\u0435, \u0432\u043e\u0434\u043e\u043d\u0435\u043f\u0440\u043e\u043d\u0438\u0446\u0430\u0435\u043c\u044b\u0435, \u0438\u0437 \u043f\u0435\u0440\u0435\u0440\u0430\u0431\u043e\u0442\u0430\u043d\u043d\u044b\u0445 \u043c\u0430\u0442\u0435\u0440\u0438\u0430\u043b\u043e\u0432. \u0418\u0434\u0435\u0430\u043b\u044c\u043d\u044b \u0434\u043b\u044f \u043f\u043b\u043e\u0445\u043e\u0439 \u043f\u043e\u0433\u043e\u0434\u044b \u0438 \u043f\u0443\u0442\u0435\u0448\u0435\u0441\u0442\u0432\u0438\u0439.\" \/>\n<meta property=\"og:url\" content=\"https:\/\/xstyle.md\/ro\/produs\/bryuki-rab-downpour-eco-fz-mns-black\/\" \/>\n<meta property=\"og:site_name\" content=\"\u041c\u0430\u0433\u0430\u0437\u0438\u043d Xstyle\" \/>\n<meta property=\"article:publisher\" content=\"https:\/\/www.facebook.com\/xstylemd\" \/>\n<meta property=\"article:modified_time\" content=\"2024-11-29T20:58:44+00:00\" \/>\n<meta property=\"og:image\" content=\"https:\/\/xstyle.md\/wp-content\/uploads\/2022\/10\/rab-downpour-eco-fz-mns-black-scaled.jpg\" \/>\n\t<meta property=\"og:image:width\" content=\"2315\" \/>\n\t<meta property=\"og:image:height\" content=\"2560\" \/>\n\t<meta property=\"og:image:type\" content=\"image\/jpeg\" \/>\n<meta name=\"twitter:card\" content=\"summary_large_image\" \/>\n<meta name=\"twitter:label1\" content=\"Pre\u021b\" \/>\n\t<meta name=\"twitter:data1\" content=\"1.690&nbsp;MDL\" \/>\n\t<meta name=\"twitter:label2\" content=\"Disponibilitate\" \/>\n\t<meta name=\"twitter:data2\" content=\"\u00cen stoc\" \/>\n<script type=\"application\/ld+json\" class=\"yoast-schema-graph\">{\"@context\":\"https:\\\/\\\/schema.org\",\"@graph\":[{\"@type\":\"WebPage\",\"@id\":\"https:\\\/\\\/xstyle.md\\\/product\\\/bryuki-rab-downpour-eco-fz-mns-black\\\/\",\"url\":\"https:\\\/\\\/xstyle.md\\\/product\\\/bryuki-rab-downpour-eco-fz-mns-black\\\/\",\"name\":\"\u0411\u0440\u044e\u043a\u0438 Rab Downpour Eco FZ Mns black - \u041c\u0430\u0433\u0430\u0437\u0438\u043d Xstyle\",\"isPartOf\":{\"@id\":\"https:\\\/\\\/xstyle.md\\\/#website\"},\"primaryImageOfPage\":{\"@id\":\"https:\\\/\\\/xstyle.md\\\/product\\\/bryuki-rab-downpour-eco-fz-mns-black\\\/#primaryimage\"},\"image\":{\"@id\":\"https:\\\/\\\/xstyle.md\\\/product\\\/bryuki-rab-downpour-eco-fz-mns-black\\\/#primaryimage\"},\"thumbnailUrl\":\"https:\\\/\\\/xstyle.md\\\/wp-content\\\/uploads\\\/2022\\\/10\\\/rab-downpour-eco-fz-mns-black-scaled.jpg\",\"datePublished\":\"2022-10-23T13:11:03+00:00\",\"dateModified\":\"2024-11-29T20:58:44+00:00\",\"description\":\"\u041e\u0442\u043a\u0440\u043e\u0439\u0442\u0435 \u0434\u043b\u044f \u0441\u0435\u0431\u044f \u0431\u0440\u044e\u043a\u0438 Rab Downpour Eco FZ Mns black: \u043b\u0435\u0433\u043a\u0438\u0435, \u0432\u043e\u0434\u043e\u043d\u0435\u043f\u0440\u043e\u043d\u0438\u0446\u0430\u0435\u043c\u044b\u0435, \u0438\u0437 \u043f\u0435\u0440\u0435\u0440\u0430\u0431\u043e\u0442\u0430\u043d\u043d\u044b\u0445 \u043c\u0430\u0442\u0435\u0440\u0438\u0430\u043b\u043e\u0432. \u0418\u0434\u0435\u0430\u043b\u044c\u043d\u044b \u0434\u043b\u044f \u043f\u043b\u043e\u0445\u043e\u0439 \u043f\u043e\u0433\u043e\u0434\u044b \u0438 \u043f\u0443\u0442\u0435\u0448\u0435\u0441\u0442\u0432\u0438\u0439.\",\"breadcrumb\":{\"@id\":\"https:\\\/\\\/xstyle.md\\\/product\\\/bryuki-rab-downpour-eco-fz-mns-black\\\/#breadcrumb\"},\"inLanguage\":\"ro-RO\",\"potentialAction\":[{\"@type\":\"ReadAction\",\"target\":[\"https:\\\/\\\/xstyle.md\\\/product\\\/bryuki-rab-downpour-eco-fz-mns-black\\\/\"]}]},{\"@type\":\"ImageObject\",\"inLanguage\":\"ro-RO\",\"@id\":\"https:\\\/\\\/xstyle.md\\\/product\\\/bryuki-rab-downpour-eco-fz-mns-black\\\/#primaryimage\",\"url\":\"https:\\\/\\\/xstyle.md\\\/wp-content\\\/uploads\\\/2022\\\/10\\\/rab-downpour-eco-fz-mns-black-scaled.jpg\",\"contentUrl\":\"https:\\\/\\\/xstyle.md\\\/wp-content\\\/uploads\\\/2022\\\/10\\\/rab-downpour-eco-fz-mns-black-scaled.jpg\",\"width\":1736,\"height\":1920,\"caption\":\"With its recycled credentials and a soft, comfortable handle, this\ufffdversatile 2.5\ufffdlayer\ufffdwaterproof\ufffdpant features an elasticated waist and full leg zip making it ideal for hiking and hillwalking.\ufffd#Recycled Pertex\ufffdShield\ufffdRevolve\ufffd2.5-Layer construction waterproof technology with fluorocarbon-free DWR (50D)#Full elasticated waist with drawcord adjustable front section#Full length from upper thigh Ykk Zipped side leg opening with storm guard#\"},{\"@type\":\"BreadcrumbList\",\"@id\":\"https:\\\/\\\/xstyle.md\\\/product\\\/bryuki-rab-downpour-eco-fz-mns-black\\\/#breadcrumb\",\"itemListElement\":[{\"@type\":\"ListItem\",\"position\":1,\"name\":\"\u0413\u043b\u0430\u0432\u043d\u0430\u044f \u0441\u0442\u0440\u0430\u043d\u0438\u0446\u0430\",\"item\":\"https:\\\/\\\/xstyle.md\\\/\"},{\"@type\":\"ListItem\",\"position\":2,\"name\":\"\u041c\u0430\u0433\u0430\u0437\u0438\u043d\",\"item\":\"https:\\\/\\\/xstyle.md\\\/shop\\\/\"},{\"@type\":\"ListItem\",\"position\":3,\"name\":\"\u0411\u0440\u044e\u043a\u0438 Rab Downpour Eco FZ Mns black\"}]},{\"@type\":\"WebSite\",\"@id\":\"https:\\\/\\\/xstyle.md\\\/#website\",\"url\":\"https:\\\/\\\/xstyle.md\\\/\",\"name\":\"\u041c\u0430\u0433\u0430\u0437\u0438\u043d Xstyle\",\"description\":\"C\u043d\u0430\u0440\u044f\u0436\u0435\u043d\u0438\u0435 \u0434\u043b\u044f \u0442\u0443\u0440\u0438\u0437\u043c\u0430 \u0438 \u044d\u043a\u0441\u0442\u0440\u0435\u043c\u0430\u043b\u044c\u043d\u044b\u0445 \u0432\u0438\u0434\u043e\u0432 \u0441\u043f\u043e\u0440\u0442\u0430 \u0432 \u041c\u043e\u043b\u0434\u043e\u0432\u0435.. \u0426\u0435\u043d\u044b, \u0444\u043e\u0442\u043e, \u0445\u0430\u0440\u0430\u043a\u0442\u0435\u0440\u0438\u0441\u0442\u0438\u043a\u0438 \u0432 \u041c\u043e\u043b\u0434\u043e\u0432\u0435.\",\"publisher\":{\"@id\":\"https:\\\/\\\/xstyle.md\\\/#organization\"},\"alternateName\":\"X-Style\",\"potentialAction\":[{\"@type\":\"SearchAction\",\"target\":{\"@type\":\"EntryPoint\",\"urlTemplate\":\"https:\\\/\\\/xstyle.md\\\/?s={search_term_string}\"},\"query-input\":{\"@type\":\"PropertyValueSpecification\",\"valueRequired\":true,\"valueName\":\"search_term_string\"}}],\"inLanguage\":\"ro-RO\"},{\"@type\":\"Organization\",\"@id\":\"https:\\\/\\\/xstyle.md\\\/#organization\",\"name\":\"\u041c\u0430\u0433\u0430\u0437\u0438\u043d Xstyle\",\"alternateName\":\"x-style\",\"url\":\"https:\\\/\\\/xstyle.md\\\/\",\"logo\":{\"@type\":\"ImageObject\",\"inLanguage\":\"ro-RO\",\"@id\":\"https:\\\/\\\/xstyle.md\\\/#\\\/schema\\\/logo\\\/image\\\/\",\"url\":\"https:\\\/\\\/xstyle.md\\\/wp-content\\\/uploads\\\/2020\\\/06\\\/logoicon.svg\",\"contentUrl\":\"https:\\\/\\\/xstyle.md\\\/wp-content\\\/uploads\\\/2020\\\/06\\\/logoicon.svg\",\"caption\":\"\u041c\u0430\u0433\u0430\u0437\u0438\u043d Xstyle\"},\"image\":{\"@id\":\"https:\\\/\\\/xstyle.md\\\/#\\\/schema\\\/logo\\\/image\\\/\"},\"sameAs\":[\"https:\\\/\\\/www.facebook.com\\\/xstylemd\",\"https:\\\/\\\/www.instagram.com\\\/xstyle_md\\\/\",\"https:\\\/\\\/t.me\\\/xstyle_outdoor\"],\"hasMerchantReturnPolicy\":{\"@type\":\"MerchantReturnPolicy\",\"merchantReturnLink\":\"https:\\\/\\\/xstyle.md\\\/ro\\\/conditions\\\/\"}}]}<\/script>\n<meta property=\"product:price:amount\" content=\"1690.00\" \/>\n<meta property=\"product:price:currency\" content=\"MDL\" \/>\n<meta property=\"og:availability\" content=\"instock\" \/>\n<meta property=\"product:availability\" content=\"instock\" \/>\n<meta property=\"product:retailer_item_id\" content=\"5059913034119\" \/>\n<meta property=\"product:condition\" content=\"new\" \/>\n<!-- \/ Yoast SEO plugin. -->","yoast_head_json":{"title":"Pantaloni Rab Downpour Eco FZ Mns black - Magazin Xstyle","description":"Descoperi\u021bi pantalonii Rab Downpour Eco FZ Mns black: u\u0219ori, impermeabili, din materiale reciclate. Ideali pentru vreme nefavorabil\u0103 \u0219i pentru c\u0103l\u0103torii.","robots":{"index":"index","follow":"follow","max-snippet":"max-snippet:-1","max-image-preview":"max-image-preview:large","max-video-preview":"max-video-preview:-1"},"canonical":"https:\/\/xstyle.md\/ro\/produs\/bryuki-rab-downpour-eco-fz-mns-black\/","og_locale":"ro_RO","og_type":"article","og_title":"\u0411\u0440\u044e\u043a\u0438 Rab Downpour Eco FZ Mns black - \u041c\u0430\u0433\u0430\u0437\u0438\u043d Xstyle","og_description":"\u041e\u0442\u043a\u0440\u043e\u0439\u0442\u0435 \u0434\u043b\u044f \u0441\u0435\u0431\u044f \u0431\u0440\u044e\u043a\u0438 Rab Downpour Eco FZ Mns black: \u043b\u0435\u0433\u043a\u0438\u0435, \u0432\u043e\u0434\u043e\u043d\u0435\u043f\u0440\u043e\u043d\u0438\u0446\u0430\u0435\u043c\u044b\u0435, \u0438\u0437 \u043f\u0435\u0440\u0435\u0440\u0430\u0431\u043e\u0442\u0430\u043d\u043d\u044b\u0445 \u043c\u0430\u0442\u0435\u0440\u0438\u0430\u043b\u043e\u0432. \u0418\u0434\u0435\u0430\u043b\u044c\u043d\u044b \u0434\u043b\u044f \u043f\u043b\u043e\u0445\u043e\u0439 \u043f\u043e\u0433\u043e\u0434\u044b \u0438 \u043f\u0443\u0442\u0435\u0448\u0435\u0441\u0442\u0432\u0438\u0439.","og_url":"https:\/\/xstyle.md\/ro\/produs\/bryuki-rab-downpour-eco-fz-mns-black\/","og_site_name":"\u041c\u0430\u0433\u0430\u0437\u0438\u043d Xstyle","article_publisher":"https:\/\/www.facebook.com\/xstylemd","article_modified_time":"2024-11-29T20:58:44+00:00","og_image":[{"width":2315,"height":2560,"url":"https:\/\/xstyle.md\/wp-content\/uploads\/2022\/10\/rab-downpour-eco-fz-mns-black-scaled.jpg","type":"image\/jpeg"}],"twitter_card":"summary_large_image","twitter_misc":{"Pre\u021b":"1.690&nbsp;MDL","Disponibilitate":"\u00cen stoc"},"schema":{"@context":"https:\/\/schema.org","@graph":[{"@type":"WebPage","@id":"https:\/\/xstyle.md\/product\/bryuki-rab-downpour-eco-fz-mns-black\/","url":"https:\/\/xstyle.md\/product\/bryuki-rab-downpour-eco-fz-mns-black\/","name":"Pantaloni Rab Downpour Eco FZ Mns black - Magazin Xstyle","isPartOf":{"@id":"https:\/\/xstyle.md\/#website"},"primaryImageOfPage":{"@id":"https:\/\/xstyle.md\/product\/bryuki-rab-downpour-eco-fz-mns-black\/#primaryimage"},"image":{"@id":"https:\/\/xstyle.md\/product\/bryuki-rab-downpour-eco-fz-mns-black\/#primaryimage"},"thumbnailUrl":"https:\/\/xstyle.md\/wp-content\/uploads\/2022\/10\/rab-downpour-eco-fz-mns-black-scaled.jpg","datePublished":"2022-10-23T13:11:03+00:00","dateModified":"2024-11-29T20:58:44+00:00","description":"Descoperi\u021bi pantalonii Rab Downpour Eco FZ Mns black: u\u0219ori, impermeabili, din materiale reciclate. Ideali pentru vreme nefavorabil\u0103 \u0219i pentru c\u0103l\u0103torii.","breadcrumb":{"@id":"https:\/\/xstyle.md\/product\/bryuki-rab-downpour-eco-fz-mns-black\/#breadcrumb"},"inLanguage":"ro-RO","potentialAction":[{"@type":"ReadAction","target":["https:\/\/xstyle.md\/product\/bryuki-rab-downpour-eco-fz-mns-black\/"]}]},{"@type":"ImageObject","inLanguage":"ro-RO","@id":"https:\/\/xstyle.md\/product\/bryuki-rab-downpour-eco-fz-mns-black\/#primaryimage","url":"https:\/\/xstyle.md\/wp-content\/uploads\/2022\/10\/rab-downpour-eco-fz-mns-black-scaled.jpg","contentUrl":"https:\/\/xstyle.md\/wp-content\/uploads\/2022\/10\/rab-downpour-eco-fz-mns-black-scaled.jpg","width":1736,"height":1920,"caption":"With its recycled credentials and a soft, comfortable handle, this\ufffdversatile 2.5\ufffdlayer\ufffdwaterproof\ufffdpant features an elasticated waist and full leg zip making it ideal for hiking and hillwalking.\ufffd#Recycled Pertex\ufffdShield\ufffdRevolve\ufffd2.5-Layer construction waterproof technology with fluorocarbon-free DWR (50D)#Full elasticated waist with drawcord adjustable front section#Full length from upper thigh Ykk Zipped side leg opening with storm guard#"},{"@type":"BreadcrumbList","@id":"https:\/\/xstyle.md\/product\/bryuki-rab-downpour-eco-fz-mns-black\/#breadcrumb","itemListElement":[{"@type":"ListItem","position":1,"name":"\u0413\u043b\u0430\u0432\u043d\u0430\u044f \u0441\u0442\u0440\u0430\u043d\u0438\u0446\u0430","item":"https:\/\/xstyle.md\/"},{"@type":"ListItem","position":2,"name":"\u041c\u0430\u0433\u0430\u0437\u0438\u043d","item":"https:\/\/xstyle.md\/shop\/"},{"@type":"ListItem","position":3,"name":"\u0411\u0440\u044e\u043a\u0438 Rab Downpour Eco FZ Mns black"}]},{"@type":"WebSite","@id":"https:\/\/xstyle.md\/#website","url":"https:\/\/xstyle.md\/","name":"Magazinul X-Style","description":"Echipamente pentru turism \u0219i sporturi extreme \u00een Moldova. Pre\u021buri, fotografii, caracteristici \u00een Moldova.","publisher":{"@id":"https:\/\/xstyle.md\/#organization"},"alternateName":"X-Style","potentialAction":[{"@type":"SearchAction","target":{"@type":"EntryPoint","urlTemplate":"https:\/\/xstyle.md\/?s={search_term_string}"},"query-input":{"@type":"PropertyValueSpecification","valueRequired":true,"valueName":"search_term_string"}}],"inLanguage":"ro-RO"},{"@type":"Organization","@id":"https:\/\/xstyle.md\/#organization","name":"Magazinul X-Style","alternateName":"x-style","url":"https:\/\/xstyle.md\/","logo":{"@type":"ImageObject","inLanguage":"ro-RO","@id":"https:\/\/xstyle.md\/#\/schema\/logo\/image\/","url":"https:\/\/xstyle.md\/wp-content\/uploads\/2020\/06\/logoicon.svg","contentUrl":"https:\/\/xstyle.md\/wp-content\/uploads\/2020\/06\/logoicon.svg","caption":"\u041c\u0430\u0433\u0430\u0437\u0438\u043d Xstyle"},"image":{"@id":"https:\/\/xstyle.md\/#\/schema\/logo\/image\/"},"sameAs":["https:\/\/www.facebook.com\/xstylemd","https:\/\/www.instagram.com\/xstyle_md\/","https:\/\/t.me\/xstyle_outdoor"],"hasMerchantReturnPolicy":{"@type":"MerchantReturnPolicy","merchantReturnLink":"https:\/\/xstyle.md\/ro\/conditions\/"}}]},"product_price_amount":"1690.00","product_price_currency":"MDL","og_availability":"instock","product_availability":"instock","product_retailer_item_id":"5059913034119","product_condition":"new"},"post_mailing_queue_ids":[],"_links":{"self":[{"href":"https:\/\/xstyle.md\/ro\/wp-json\/wp\/v2\/product\/56992","targetHints":{"allow":["GET"]}}],"collection":[{"href":"https:\/\/xstyle.md\/ro\/wp-json\/wp\/v2\/product"}],"about":[{"href":"https:\/\/xstyle.md\/ro\/wp-json\/wp\/v2\/types\/product"}],"replies":[{"embeddable":true,"href":"https:\/\/xstyle.md\/ro\/wp-json\/wp\/v2\/comments?post=56992"}],"wp:featuredmedia":[{"embeddable":true,"href":"https:\/\/xstyle.md\/ro\/wp-json\/wp\/v2\/media\/57816"}],"wp:attachment":[{"href":"https:\/\/xstyle.md\/ro\/wp-json\/wp\/v2\/media?parent=56992"}],"wp:term":[{"taxonomy":"product_brand","embeddable":true,"href":"https:\/\/xstyle.md\/ro\/wp-json\/wp\/v2\/product_brand?post=56992"},{"taxonomy":"product_cat","embeddable":true,"href":"https:\/\/xstyle.md\/ro\/wp-json\/wp\/v2\/product_cat?post=56992"},{"taxonomy":"product_tag","embeddable":true,"href":"https:\/\/xstyle.md\/ro\/wp-json\/wp\/v2\/product_tag?post=56992"}],"curies":[{"name":"wp","href":"https:\/\/api.w.org\/{rel}","templated":true}]}}