{"id":56981,"date":"2022-10-28T17:02:07","date_gmt":"2022-10-28T14:02:07","guid":{"rendered":"https:\/\/xstyle.md\/?post_type=product&#038;p=56981"},"modified":"2025-10-24T12:34:29","modified_gmt":"2025-10-24T09:34:29","slug":"nozh-ganzo-fb7651-bk","status":"publish","type":"product","link":"https:\/\/xstyle.md\/ro\/produs\/nozh-ganzo-fb7651-bk\/","title":{"rendered":"Cu\u021bit Ganzo FB7651-BK"},"content":{"rendered":"<\/p>\n<p><strong>Ganzo FB7651-BK<\/strong> &#8212; este un cu\u021bit durabil, robust, f\u0103cut pentru a r\u0103spunde specificului diverselor situa\u021bii de via\u021b\u0103. Este potrivit pentru a fi folosit acas\u0103, \u00een aer liber \u00een timpul unui picnic, camping, c\u0103l\u0103torii. Forma lamei &#8212; clip-point, este considerat\u0103 universal\u0103. Este o noutate de \u00eenalt\u0103 calitate, perfect ca instrument \u0219i, de asemenea, ca arm\u0103. Materialul pentru m\u00e2ner este fibra de carbon.<\/p>\n<p>Lama sculei este fabricat\u0103 din o\u021bel 440C cu o duritate de 58 Rockwell. Este un o\u021bel protejat \u00eempotriva ruginii, cu mai multe caracteristici utile. Se num\u0103r\u0103 printre cele mai populare calit\u0103\u021bi, este dur \u0219i foarte rezistent. Cu\u021bitele fabricate din acest tip de o\u021bel se caracterizeaz\u0103 printr-o calitate ridicat\u0103. Au propriet\u0103\u021bi excelente de t\u0103iere, produsele p\u0103streaz\u0103 ascu\u021birea original\u0103 suficient de mult timp, f\u0103r\u0103 a necesita prelucrare. Rezisten\u021ba la coroziunea s\u0103rii este o alt\u0103 caracteristic\u0103 esen\u021bial\u0103 a unui astfel de material. \u00cen consecin\u021b\u0103, pute\u021bi merge \u00een aer liber cu un cu\u021bit fabricat din acest o\u021bel f\u0103r\u0103 teama c\u0103 umiditatea ridicat\u0103 va afecta produsul.<\/p>\n<p>M\u00e2nerul este format din c\u0103ptu\u0219eal\u0103 din o\u021bel, distan\u021bier din polimer \u0219i c\u0103ptu\u0219eal\u0103 din fibr\u0103 de carbon, care sunt fixate cu \u0219uruburi torx din o\u021bel. Designul m\u00e2nerului este prev\u0103zut cu un clip din o\u021bel deta\u0219abil. Exist\u0103 o gaur\u0103 mare pentru un templock.<\/p>\n<p>Fibr\u0103 de carbon &#8212; fibr\u0103 de carbon. Este un set de filamente sub\u021biri cu un diametru de 5 p\u00e2n\u0103 la 15 microni, format \u00een principal din atomi de carbon. Fibra de carbon se caracterizeaz\u0103 printr-o rezisten\u021b\u0103 ridicat\u0103 la c\u0103ldur\u0103, rezisten\u021b\u0103 chimic\u0103 \u0219i este destul de puternic\u0103. Ca urmare, un m\u00e2ner realizat cu acest material este foarte durabil \u0219i \u00ee\u0219i p\u0103streaz\u0103 aspectul pentru o perioad\u0103 lung\u0103 de timp. G\u00e2ndit, ergonomic \u0219i fiabil &#8212; a\u0219a poate fi caracterizat acest cu\u021bit.<\/p>\n<p>\u041a\u043b\u0438\u043d\u043e\u043a \u0438\u0437\u0432\u043b\u0435\u043a\u0430\u0435\u0442\u0441\u044f \u0438\u0437 \u043d\u043e\u0436\u0430 \u043f\u0440\u0438 \u043f\u043e\u043c\u043e\u0449\u0438 \u0441\u0442\u0430\u043d\u0434\u0430\u0440\u0442\u043d\u044b\u0445 \u0441\u0442\u0430\u043b\u044c\u043d\u044b\u0445 \u0448\u043f\u0435\u043d\u044c\u043a\u043e\u0432 \u0438 \u0444\u0438\u043a\u0441\u0438\u0440\u0443\u0435\u0442\u0441\u044f \u0444\u0438\u0440\u043c\u0435\u043d\u043d\u044b\u043c \u0437\u0430\u043c\u043a\u043e\u043c, \u0438\u043c\u0435\u043d\u0443\u0435\u043c\u044b\u043c Axis Lock. \u0417\u0430 \u0441\u043a\u043e\u0440\u043e\u0441\u0442\u044c \u0438 \u043f\u043b\u0430\u0432\u043d\u043e\u0441\u0442\u044c \u0444\u043b\u0438\u043f\u043f\u043e\u0432\u0430\u043d\u0438\u044f \u043e\u0442\u0432\u0435\u0447\u0430\u044e\u0442 \u043e\u0441\u0435\u0432\u044b\u0435 \u043f\u043e\u0434\u0448\u0438\u043f\u043d\u0438\u043a\u0438. \u0424\u043e\u0440\u043c\u0430 \u043a\u043b\u0438\u043d\u043a\u0430 clip-point \u044f\u0432\u043b\u044f\u0435\u0442\u0441\u044f \u043e\u0447\u0435\u043d\u044c \u0443\u0434\u043e\u0431\u043d\u043e\u0439 \u0434\u043b\u044f \u0440\u0435\u0448\u0435\u043d\u0438\u044f \u0441\u0430\u043c\u044b\u0445 \u0440\u0430\u0437\u043d\u044b\u0445 \u0437\u0430\u0434\u0430\u0447 \u0432 \u043f\u043e\u0432\u0441\u0435\u0434\u043d\u0435\u0432\u043d\u043e\u043c \u0431\u044b\u0442\u0443. \u0414\u043e\u0441\u0442\u0430\u0442\u043e\u0447\u043d\u043e \u043f\u043e\u043f\u0443\u043b\u044f\u0440\u043d\u044b \u043d\u043e\u0436\u0438 \u0441 \u043f\u043e\u0434\u043e\u0431\u043d\u044b\u043c \u0442\u0438\u043f\u043e\u043c \u043f\u0440\u043e\u0444\u0438\u043b\u044f \u0441\u0440\u0435\u0434\u0438 \u043e\u0445\u043e\u0442\u043d\u0438\u043a\u043e\u0432 \u0438 \u043b\u044e\u0431\u0438\u0442\u0435\u043b\u0435\u0439 \u044d\u043a\u0441\u0442\u0440\u0435\u043c\u0430\u043b\u044c\u043d\u044b\u0445 \u0432\u0438\u0434\u043e\u0432 \u043e\u0442\u0434\u044b\u0445\u0430.<\/p>\n<h3>Caracteristici<\/h3>\n<ul>\n<li>Tip cu\u021bit: pliabil<\/li>\n<li>Tip de t\u0103i\u0219: regulat<\/li>\n<li>Tip de blocare: blocare axial\u0103<\/li>\n<li>Lungime total\u0103: 19,9 cm<\/li>\n<li>Lungimea lamei: 8,3 cm<\/li>\n<li>Material m\u00e2ner: fibr\u0103 de sticl\u0103 G10<\/li>\n<li>Duritatea o\u021belului: 58 HRC<\/li>\n<li>Grad de o\u021bel: 440C<\/li>\n<li>Greutate: 101 g.<\/li>\n<\/ul>\n<h3>Marca<\/h3>\n<p>Ganzo este specializat\u0103 \u00een produc\u021bia de cu\u021bite pentru drume\u021bii, v\u00e2n\u0103toare \u0219i pescuit, precum \u0219i de multifunc\u021bionale \u0219i ascu\u021bitoare. Unelte fiabile pentru echipamentul de camping, care v\u0103 vor ajuta s\u0103 v\u0103 face\u021bi vacan\u021ba mai confortabil\u0103. Dar principalul avantaj al produselor Ganzo fa\u021b\u0103 de bunurile altor produc\u0103tori, este un nivel ridicat de produse de calitate, care pot fi achizi\u021bionate pentru bani pu\u021bini. Iar utilizarea de echipamente de \u00eenalt\u0103 clas\u0103 \u0219i un sistem de control atent al calit\u0103\u021bii v\u0103 permite s\u0103 ob\u021bine\u021bi rezultate excelente. Acest lucru este confirmat de cre\u0219terea stabil\u0103 a popularit\u0103\u021bii ascu\u021bitoarelor, cu\u021bitelor \u0219i multitoolurilor Ganzo.<\/p>\n<p><\/p>","protected":false},"excerpt":{"rendered":"","protected":false},"featured_media":58159,"comment_status":"open","ping_status":"closed","template":"","meta":{"_acf_changed":false,"inline_featured_image":false},"product_brand":[1367],"product_cat":[169],"product_tag":[],"class_list":{"0":"post-56981","1":"product","2":"type-product","3":"status-publish","4":"has-post-thumbnail","6":"product_brand-ganzo","7":"product_cat-knives","9":"first","10":"instock","11":"shipping-taxable","12":"purchasable","13":"product-type-simple"},"acf":[],"yoast_head":"<!-- This site is optimized with the Yoast SEO plugin v27.4 - https:\/\/yoast.com\/product\/yoast-seo-wordpress\/ -->\n<title>\u041d\u043e\u0436 Ganzo FB7651-BK - \u041c\u0430\u0433\u0430\u0437\u0438\u043d Xstyle<\/title>\n<meta name=\"description\" content=\"\u041d\u043e\u0436 Ganzo FB7651-BK \u0441 \u043a\u043b\u0438\u043f\u043f\u043e\u0438\u043d\u0442\u043e\u043c \u0438\u0437 \u0443\u0433\u043b\u0435\u0440\u043e\u0434\u043d\u043e\u0433\u043e \u0432\u043e\u043b\u043e\u043a\u043d\u0430 440 HRC58. \u041f\u0440\u043e\u0447\u043d\u044b\u0439, \u043d\u0430\u0434\u0435\u0436\u043d\u044b\u0439 \u0438 \u0443\u043d\u0438\u0432\u0435\u0440\u0441\u0430\u043b\u044c\u043d\u044b\u0439, \u0438\u0434\u0435\u0430\u043b\u0435\u043d \u0434\u043b\u044f \u0434\u043e\u043c\u0430 \u0438 \u043f\u043e\u0445\u043e\u0434\u043e\u0432.\" \/>\n<meta name=\"robots\" content=\"index, follow, max-snippet:-1, max-image-preview:large, max-video-preview:-1\" \/>\n<link rel=\"canonical\" href=\"https:\/\/xstyle.md\/ro\/produs\/nozh-ganzo-fb7651-bk\/\" \/>\n<meta property=\"og:locale\" content=\"ro_RO\" \/>\n<meta property=\"og:type\" content=\"article\" \/>\n<meta property=\"og:title\" content=\"\u041d\u043e\u0436 Ganzo FB7651-BK - \u041c\u0430\u0433\u0430\u0437\u0438\u043d Xstyle\" \/>\n<meta property=\"og:description\" content=\"\u041d\u043e\u0436 Ganzo FB7651-BK \u0441 \u043a\u043b\u0438\u043f\u043f\u043e\u0438\u043d\u0442\u043e\u043c \u0438\u0437 \u0443\u0433\u043b\u0435\u0440\u043e\u0434\u043d\u043e\u0433\u043e \u0432\u043e\u043b\u043e\u043a\u043d\u0430 440 HRC58. \u041f\u0440\u043e\u0447\u043d\u044b\u0439, \u043d\u0430\u0434\u0435\u0436\u043d\u044b\u0439 \u0438 \u0443\u043d\u0438\u0432\u0435\u0440\u0441\u0430\u043b\u044c\u043d\u044b\u0439, \u0438\u0434\u0435\u0430\u043b\u0435\u043d \u0434\u043b\u044f \u0434\u043e\u043c\u0430 \u0438 \u043f\u043e\u0445\u043e\u0434\u043e\u0432.\" \/>\n<meta property=\"og:url\" content=\"https:\/\/xstyle.md\/ro\/produs\/nozh-ganzo-fb7651-bk\/\" \/>\n<meta property=\"og:site_name\" content=\"\u041c\u0430\u0433\u0430\u0437\u0438\u043d Xstyle\" \/>\n<meta property=\"article:publisher\" content=\"https:\/\/www.facebook.com\/xstylemd\" \/>\n<meta property=\"article:modified_time\" content=\"2025-10-24T09:34:29+00:00\" \/>\n<meta property=\"og:image\" content=\"https:\/\/xstyle.md\/wp-content\/uploads\/2022\/10\/ganzo-fb7651-bk.jpg\" \/>\n\t<meta property=\"og:image:width\" content=\"907\" \/>\n\t<meta property=\"og:image:height\" content=\"844\" \/>\n\t<meta property=\"og:image:type\" content=\"image\/jpeg\" \/>\n<meta name=\"twitter:card\" content=\"summary_large_image\" \/>\n<meta name=\"twitter:label1\" content=\"Pre\u021b\" \/>\n\t<meta name=\"twitter:data1\" content=\"690&nbsp;MDL\" \/>\n\t<meta name=\"twitter:label2\" content=\"Disponibilitate\" \/>\n\t<meta name=\"twitter:data2\" content=\"\u00cen stoc\" \/>\n<script type=\"application\/ld+json\" class=\"yoast-schema-graph\">{\"@context\":\"https:\\\/\\\/schema.org\",\"@graph\":[{\"@type\":\"WebPage\",\"@id\":\"https:\\\/\\\/xstyle.md\\\/product\\\/nozh-ganzo-fb7651-bk\\\/\",\"url\":\"https:\\\/\\\/xstyle.md\\\/product\\\/nozh-ganzo-fb7651-bk\\\/\",\"name\":\"\u041d\u043e\u0436 Ganzo FB7651-BK - \u041c\u0430\u0433\u0430\u0437\u0438\u043d Xstyle\",\"isPartOf\":{\"@id\":\"https:\\\/\\\/xstyle.md\\\/#website\"},\"primaryImageOfPage\":{\"@id\":\"https:\\\/\\\/xstyle.md\\\/product\\\/nozh-ganzo-fb7651-bk\\\/#primaryimage\"},\"image\":{\"@id\":\"https:\\\/\\\/xstyle.md\\\/product\\\/nozh-ganzo-fb7651-bk\\\/#primaryimage\"},\"thumbnailUrl\":\"https:\\\/\\\/xstyle.md\\\/wp-content\\\/uploads\\\/2022\\\/10\\\/ganzo-fb7651-bk.jpg\",\"datePublished\":\"2022-10-28T14:02:07+00:00\",\"dateModified\":\"2025-10-24T09:34:29+00:00\",\"description\":\"\u041d\u043e\u0436 Ganzo FB7651-BK \u0441 \u043a\u043b\u0438\u043f\u043f\u043e\u0438\u043d\u0442\u043e\u043c \u0438\u0437 \u0443\u0433\u043b\u0435\u0440\u043e\u0434\u043d\u043e\u0433\u043e \u0432\u043e\u043b\u043e\u043a\u043d\u0430 440 HRC58. \u041f\u0440\u043e\u0447\u043d\u044b\u0439, \u043d\u0430\u0434\u0435\u0436\u043d\u044b\u0439 \u0438 \u0443\u043d\u0438\u0432\u0435\u0440\u0441\u0430\u043b\u044c\u043d\u044b\u0439, \u0438\u0434\u0435\u0430\u043b\u0435\u043d \u0434\u043b\u044f \u0434\u043e\u043c\u0430 \u0438 \u043f\u043e\u0445\u043e\u0434\u043e\u0432.\",\"breadcrumb\":{\"@id\":\"https:\\\/\\\/xstyle.md\\\/product\\\/nozh-ganzo-fb7651-bk\\\/#breadcrumb\"},\"inLanguage\":\"ro-RO\",\"potentialAction\":[{\"@type\":\"ReadAction\",\"target\":[\"https:\\\/\\\/xstyle.md\\\/product\\\/nozh-ganzo-fb7651-bk\\\/\"]}]},{\"@type\":\"ImageObject\",\"inLanguage\":\"ro-RO\",\"@id\":\"https:\\\/\\\/xstyle.md\\\/product\\\/nozh-ganzo-fb7651-bk\\\/#primaryimage\",\"url\":\"https:\\\/\\\/xstyle.md\\\/wp-content\\\/uploads\\\/2022\\\/10\\\/ganzo-fb7651-bk.jpg\",\"contentUrl\":\"https:\\\/\\\/xstyle.md\\\/wp-content\\\/uploads\\\/2022\\\/10\\\/ganzo-fb7651-bk.jpg\",\"width\":907,\"height\":844,\"caption\":\"\u0422\u0430\u043a\u0442\u0438\u0447\u0435\u0441\u043a\u0438\u0439 \u043d\u043e\u0436 Ganzo FB7651-BK \u0434\u043b\u044f \u0430\u043a\u0442\u0438\u0432\u043d\u043e\u0433\u043e \u043e\u0442\u0434\u044b\u0445\u0430, \u043f\u0443\u0442\u0435\u0448\u0435\u0441\u0442\u0432\u0438\u0439 \u0438 \u0430\u043b\u044c\u043f\u0438\u043d\u0438\u0437\u043c\u0430 \u043d\u0430 \u043e\u043d\u043b\u0430\u0439\u043d \u043c\u0430\u0433\u0430\u0437\u0438\u043d\u0435 \u044d\u043a\u0438\u043f\u0438\u0440\u043e\u0432\u043a\u0438, \u043e\u0431\u0443\u0432\u0438 \u0438 \u043e\u0434\u0435\u0436\u0434\u044b \u0434\u043b\u044f \u0442\u0443\u0440\u0438\u0437\u043c\u0430 \u0438 \u043f\u0440\u0438\u043a\u043b\u044e\u0447\u0435\u043d\u0438\u0439\"},{\"@type\":\"BreadcrumbList\",\"@id\":\"https:\\\/\\\/xstyle.md\\\/product\\\/nozh-ganzo-fb7651-bk\\\/#breadcrumb\",\"itemListElement\":[{\"@type\":\"ListItem\",\"position\":1,\"name\":\"\u0413\u043b\u0430\u0432\u043d\u0430\u044f \u0441\u0442\u0440\u0430\u043d\u0438\u0446\u0430\",\"item\":\"https:\\\/\\\/xstyle.md\\\/\"},{\"@type\":\"ListItem\",\"position\":2,\"name\":\"\u041c\u0430\u0433\u0430\u0437\u0438\u043d\",\"item\":\"https:\\\/\\\/xstyle.md\\\/shop\\\/\"},{\"@type\":\"ListItem\",\"position\":3,\"name\":\"\u041d\u043e\u0436 Ganzo FB7651-BK\"}]},{\"@type\":\"WebSite\",\"@id\":\"https:\\\/\\\/xstyle.md\\\/#website\",\"url\":\"https:\\\/\\\/xstyle.md\\\/\",\"name\":\"\u041c\u0430\u0433\u0430\u0437\u0438\u043d Xstyle\",\"description\":\"C\u043d\u0430\u0440\u044f\u0436\u0435\u043d\u0438\u0435 \u0434\u043b\u044f \u0442\u0443\u0440\u0438\u0437\u043c\u0430 \u0438 \u044d\u043a\u0441\u0442\u0440\u0435\u043c\u0430\u043b\u044c\u043d\u044b\u0445 \u0432\u0438\u0434\u043e\u0432 \u0441\u043f\u043e\u0440\u0442\u0430 \u0432 \u041c\u043e\u043b\u0434\u043e\u0432\u0435.. \u0426\u0435\u043d\u044b, \u0444\u043e\u0442\u043e, \u0445\u0430\u0440\u0430\u043a\u0442\u0435\u0440\u0438\u0441\u0442\u0438\u043a\u0438 \u0432 \u041c\u043e\u043b\u0434\u043e\u0432\u0435.\",\"publisher\":{\"@id\":\"https:\\\/\\\/xstyle.md\\\/#organization\"},\"alternateName\":\"X-Style\",\"potentialAction\":[{\"@type\":\"SearchAction\",\"target\":{\"@type\":\"EntryPoint\",\"urlTemplate\":\"https:\\\/\\\/xstyle.md\\\/?s={search_term_string}\"},\"query-input\":{\"@type\":\"PropertyValueSpecification\",\"valueRequired\":true,\"valueName\":\"search_term_string\"}}],\"inLanguage\":\"ro-RO\"},{\"@type\":\"Organization\",\"@id\":\"https:\\\/\\\/xstyle.md\\\/#organization\",\"name\":\"\u041c\u0430\u0433\u0430\u0437\u0438\u043d Xstyle\",\"alternateName\":\"x-style\",\"url\":\"https:\\\/\\\/xstyle.md\\\/\",\"logo\":{\"@type\":\"ImageObject\",\"inLanguage\":\"ro-RO\",\"@id\":\"https:\\\/\\\/xstyle.md\\\/#\\\/schema\\\/logo\\\/image\\\/\",\"url\":\"https:\\\/\\\/xstyle.md\\\/wp-content\\\/uploads\\\/2020\\\/06\\\/logoicon.svg\",\"contentUrl\":\"https:\\\/\\\/xstyle.md\\\/wp-content\\\/uploads\\\/2020\\\/06\\\/logoicon.svg\",\"caption\":\"\u041c\u0430\u0433\u0430\u0437\u0438\u043d Xstyle\"},\"image\":{\"@id\":\"https:\\\/\\\/xstyle.md\\\/#\\\/schema\\\/logo\\\/image\\\/\"},\"sameAs\":[\"https:\\\/\\\/www.facebook.com\\\/xstylemd\",\"https:\\\/\\\/www.instagram.com\\\/xstyle_md\\\/\",\"https:\\\/\\\/t.me\\\/xstyle_outdoor\"],\"hasMerchantReturnPolicy\":{\"@type\":\"MerchantReturnPolicy\",\"merchantReturnLink\":\"https:\\\/\\\/xstyle.md\\\/ro\\\/conditions\\\/\"}}]}<\/script>\n<meta property=\"product:price:amount\" content=\"690.00\" \/>\n<meta property=\"product:price:currency\" content=\"MDL\" \/>\n<meta property=\"og:availability\" content=\"instock\" \/>\n<meta property=\"product:availability\" content=\"instock\" \/>\n<meta property=\"product:retailer_item_id\" content=\"6955800406818\" \/>\n<meta property=\"product:condition\" content=\"new\" \/>\n<!-- \/ Yoast SEO plugin. -->","yoast_head_json":{"title":"Cu\u021bit Ganzo FB7651-BK - Magazin Xstyle","description":"Cutterul Ganzo FB7651-BK cu v\u00e2rf tip clip point din fibr\u0103 de carbon 440 HRC58. Rezistent, fiabil \u0219i versatil, ideal pentru acas\u0103 \u0219i pentru drume\u021bii.","robots":{"index":"index","follow":"follow","max-snippet":"max-snippet:-1","max-image-preview":"max-image-preview:large","max-video-preview":"max-video-preview:-1"},"canonical":"https:\/\/xstyle.md\/ro\/produs\/nozh-ganzo-fb7651-bk\/","og_locale":"ro_RO","og_type":"article","og_title":"\u041d\u043e\u0436 Ganzo FB7651-BK - \u041c\u0430\u0433\u0430\u0437\u0438\u043d Xstyle","og_description":"\u041d\u043e\u0436 Ganzo FB7651-BK \u0441 \u043a\u043b\u0438\u043f\u043f\u043e\u0438\u043d\u0442\u043e\u043c \u0438\u0437 \u0443\u0433\u043b\u0435\u0440\u043e\u0434\u043d\u043e\u0433\u043e \u0432\u043e\u043b\u043e\u043a\u043d\u0430 440 HRC58. \u041f\u0440\u043e\u0447\u043d\u044b\u0439, \u043d\u0430\u0434\u0435\u0436\u043d\u044b\u0439 \u0438 \u0443\u043d\u0438\u0432\u0435\u0440\u0441\u0430\u043b\u044c\u043d\u044b\u0439, \u0438\u0434\u0435\u0430\u043b\u0435\u043d \u0434\u043b\u044f \u0434\u043e\u043c\u0430 \u0438 \u043f\u043e\u0445\u043e\u0434\u043e\u0432.","og_url":"https:\/\/xstyle.md\/ro\/produs\/nozh-ganzo-fb7651-bk\/","og_site_name":"\u041c\u0430\u0433\u0430\u0437\u0438\u043d Xstyle","article_publisher":"https:\/\/www.facebook.com\/xstylemd","article_modified_time":"2025-10-24T09:34:29+00:00","og_image":[{"width":907,"height":844,"url":"https:\/\/xstyle.md\/wp-content\/uploads\/2022\/10\/ganzo-fb7651-bk.jpg","type":"image\/jpeg"}],"twitter_card":"summary_large_image","twitter_misc":{"Pre\u021b":"690&nbsp;MDL","Disponibilitate":"\u00cen stoc"},"schema":{"@context":"https:\/\/schema.org","@graph":[{"@type":"WebPage","@id":"https:\/\/xstyle.md\/product\/nozh-ganzo-fb7651-bk\/","url":"https:\/\/xstyle.md\/product\/nozh-ganzo-fb7651-bk\/","name":"Cu\u021bit Ganzo FB7651-BK - Magazin Xstyle","isPartOf":{"@id":"https:\/\/xstyle.md\/#website"},"primaryImageOfPage":{"@id":"https:\/\/xstyle.md\/product\/nozh-ganzo-fb7651-bk\/#primaryimage"},"image":{"@id":"https:\/\/xstyle.md\/product\/nozh-ganzo-fb7651-bk\/#primaryimage"},"thumbnailUrl":"https:\/\/xstyle.md\/wp-content\/uploads\/2022\/10\/ganzo-fb7651-bk.jpg","datePublished":"2022-10-28T14:02:07+00:00","dateModified":"2025-10-24T09:34:29+00:00","description":"Cutterul Ganzo FB7651-BK cu v\u00e2rf tip clip point din fibr\u0103 de carbon 440 HRC58. Rezistent, fiabil \u0219i versatil, ideal pentru acas\u0103 \u0219i pentru drume\u021bii.","breadcrumb":{"@id":"https:\/\/xstyle.md\/product\/nozh-ganzo-fb7651-bk\/#breadcrumb"},"inLanguage":"ro-RO","potentialAction":[{"@type":"ReadAction","target":["https:\/\/xstyle.md\/product\/nozh-ganzo-fb7651-bk\/"]}]},{"@type":"ImageObject","inLanguage":"ro-RO","@id":"https:\/\/xstyle.md\/product\/nozh-ganzo-fb7651-bk\/#primaryimage","url":"https:\/\/xstyle.md\/wp-content\/uploads\/2022\/10\/ganzo-fb7651-bk.jpg","contentUrl":"https:\/\/xstyle.md\/wp-content\/uploads\/2022\/10\/ganzo-fb7651-bk.jpg","width":907,"height":844,"caption":"\u0422\u0430\u043a\u0442\u0438\u0447\u0435\u0441\u043a\u0438\u0439 \u043d\u043e\u0436 Ganzo FB7651-BK \u0434\u043b\u044f \u0430\u043a\u0442\u0438\u0432\u043d\u043e\u0433\u043e \u043e\u0442\u0434\u044b\u0445\u0430, \u043f\u0443\u0442\u0435\u0448\u0435\u0441\u0442\u0432\u0438\u0439 \u0438 \u0430\u043b\u044c\u043f\u0438\u043d\u0438\u0437\u043c\u0430 \u043d\u0430 \u043e\u043d\u043b\u0430\u0439\u043d \u043c\u0430\u0433\u0430\u0437\u0438\u043d\u0435 \u044d\u043a\u0438\u043f\u0438\u0440\u043e\u0432\u043a\u0438, \u043e\u0431\u0443\u0432\u0438 \u0438 \u043e\u0434\u0435\u0436\u0434\u044b \u0434\u043b\u044f \u0442\u0443\u0440\u0438\u0437\u043c\u0430 \u0438 \u043f\u0440\u0438\u043a\u043b\u044e\u0447\u0435\u043d\u0438\u0439"},{"@type":"BreadcrumbList","@id":"https:\/\/xstyle.md\/product\/nozh-ganzo-fb7651-bk\/#breadcrumb","itemListElement":[{"@type":"ListItem","position":1,"name":"\u0413\u043b\u0430\u0432\u043d\u0430\u044f \u0441\u0442\u0440\u0430\u043d\u0438\u0446\u0430","item":"https:\/\/xstyle.md\/"},{"@type":"ListItem","position":2,"name":"\u041c\u0430\u0433\u0430\u0437\u0438\u043d","item":"https:\/\/xstyle.md\/shop\/"},{"@type":"ListItem","position":3,"name":"\u041d\u043e\u0436 Ganzo FB7651-BK"}]},{"@type":"WebSite","@id":"https:\/\/xstyle.md\/#website","url":"https:\/\/xstyle.md\/","name":"Magazinul X-Style","description":"Echipamente pentru turism \u0219i sporturi extreme \u00een Moldova. Pre\u021buri, fotografii, caracteristici \u00een Moldova.","publisher":{"@id":"https:\/\/xstyle.md\/#organization"},"alternateName":"X-Style","potentialAction":[{"@type":"SearchAction","target":{"@type":"EntryPoint","urlTemplate":"https:\/\/xstyle.md\/?s={search_term_string}"},"query-input":{"@type":"PropertyValueSpecification","valueRequired":true,"valueName":"search_term_string"}}],"inLanguage":"ro-RO"},{"@type":"Organization","@id":"https:\/\/xstyle.md\/#organization","name":"Magazinul X-Style","alternateName":"x-style","url":"https:\/\/xstyle.md\/","logo":{"@type":"ImageObject","inLanguage":"ro-RO","@id":"https:\/\/xstyle.md\/#\/schema\/logo\/image\/","url":"https:\/\/xstyle.md\/wp-content\/uploads\/2020\/06\/logoicon.svg","contentUrl":"https:\/\/xstyle.md\/wp-content\/uploads\/2020\/06\/logoicon.svg","caption":"\u041c\u0430\u0433\u0430\u0437\u0438\u043d Xstyle"},"image":{"@id":"https:\/\/xstyle.md\/#\/schema\/logo\/image\/"},"sameAs":["https:\/\/www.facebook.com\/xstylemd","https:\/\/www.instagram.com\/xstyle_md\/","https:\/\/t.me\/xstyle_outdoor"],"hasMerchantReturnPolicy":{"@type":"MerchantReturnPolicy","merchantReturnLink":"https:\/\/xstyle.md\/ro\/conditions\/"}}]},"product_price_amount":"690.00","product_price_currency":"MDL","og_availability":"instock","product_availability":"instock","product_retailer_item_id":"6955800406818","product_condition":"new"},"_links":{"self":[{"href":"https:\/\/xstyle.md\/ro\/wp-json\/wp\/v2\/product\/56981","targetHints":{"allow":["GET"]}}],"collection":[{"href":"https:\/\/xstyle.md\/ro\/wp-json\/wp\/v2\/product"}],"about":[{"href":"https:\/\/xstyle.md\/ro\/wp-json\/wp\/v2\/types\/product"}],"replies":[{"embeddable":true,"href":"https:\/\/xstyle.md\/ro\/wp-json\/wp\/v2\/comments?post=56981"}],"wp:featuredmedia":[{"embeddable":true,"href":"https:\/\/xstyle.md\/ro\/wp-json\/wp\/v2\/media\/58159"}],"wp:attachment":[{"href":"https:\/\/xstyle.md\/ro\/wp-json\/wp\/v2\/media?parent=56981"}],"wp:term":[{"taxonomy":"product_brand","embeddable":true,"href":"https:\/\/xstyle.md\/ro\/wp-json\/wp\/v2\/product_brand?post=56981"},{"taxonomy":"product_cat","embeddable":true,"href":"https:\/\/xstyle.md\/ro\/wp-json\/wp\/v2\/product_cat?post=56981"},{"taxonomy":"product_tag","embeddable":true,"href":"https:\/\/xstyle.md\/ro\/wp-json\/wp\/v2\/product_tag?post=56981"}],"curies":[{"name":"wp","href":"https:\/\/api.w.org\/{rel}","templated":true}]}}