{"id":5698,"date":"2020-07-16T20:51:33","date_gmt":"2020-07-16T17:51:33","guid":{"rendered":"https:\/\/xstyle.md\/product\/sapogi-muzhskie-kamik-icebreaker"},"modified":"2025-10-07T19:34:45","modified_gmt":"2025-10-07T16:34:45","slug":"sapogi-muzhskie-kamik-icebreaker","status":"publish","type":"product","link":"https:\/\/xstyle.md\/ro\/produs\/sapogi-muzhskie-kamik-icebreaker\/","title":{"rendered":"Cizme Kamik Icebreaker black noir"},"content":{"rendered":"<\/p>\n<p>Cizme <strong>Kamik Icebreaker black noir<\/strong> &#8212; concepute pentru a fi purtate p\u00e2n\u0103 la -40\u00b0 C. Un companion excelent pentru pescuitul de iarn\u0103. Sunt confec\u021bionate din material care elimin\u0103 umezeala \u0219i care v\u0103 va men\u021bine picioarele uscate \u0219i calde.<\/p>\n<h3>Particularit\u0103\u021bi<\/h3>\n<p>Stratul triplu de 8 mm Zylex Liner este format din:<\/p>\n<ul>\n<li>1 strat: poliester de 2 mm &#8212; previne etan\u0219area \u0219i uzura c\u0103ptu\u0219elii;<\/li>\n<li>2 strat: polipropilen\u0103 de 6 mm &#8212; asigur\u0103 o izolare \u0219i o disipare excelent\u0103 a umidit\u0103\u021bii;<\/li>\n<li>3 strat: Folie termoizolant\u0103 &#8212; ac\u021bioneaz\u0103 ca o barier\u0103 reflectorizant\u0103 \u00eentre aerul rece \u0219i cel cald.<\/li>\n<\/ul>\n<h3>Caracteristici<\/h3>\n<ul>\n<li>Material principal &#8212; cauciuc<\/li>\n<li>\u00cen\u0103l\u021bimea man\u0219etei &#8212; 37 cm<\/li>\n<li>Zona de confort &#8212; 40\u00b0C<\/li>\n<li>Sezonul &#8212; toamn\u0103\/iarn\u0103.<\/li>\n<\/ul>\n<p>\n\n<\/p>\n<h3>Marca<\/h3>\n<p>Istoria m\u0103rcii Kamik s-a \u00eenceput \u00een 1898 odat\u0103 cu \u00eenfiin\u021barea cizm\u0103riei \u00een provincia canadian\u0103 Quebec. Afacerea firmei a mers cu diferite grade de succes, p\u00e2n\u0103 c\u00e2nd a fost angajat un manager pe nume William Cook. Acesta a fost cel care a adus afacerea la un nou nivel cu talentul s\u0103u comercial uimitor.<\/p>\n<p>Compania s-a extins, s-a mutat la Montreal \u0219i a devenit oficial The General Footwear Company. Cook a avut o calitate foarte valoroas\u0103 pentru un manager \u2014 el a distins cu acurate\u021be \u0219i a eviden\u021biat noile tehnologii promi\u021b\u0103toare \u00een produc\u021bia de \u00eenc\u0103l\u021b\u0103minte, apoi le-a aplicat cu succes \u00een activit\u0103\u021bile companiei. Drept urmare, Genfoot a c\u00e2\u0219tigat o popularitate imens\u0103, mai \u00eent\u00e2i \u00een Canada \u0219i apoi dincolo.<\/p>\n<p>Marca Kamik \u00een sine a fost dezvoltat\u0103 \u00een 1972 \u0219i a atras imediat aten\u021bia cu tehnologia sa \u00eenalt\u0103 la pre\u021buri foarte accesibile. Ini\u021bial, aceste produse au fost destinate v\u00e2n\u0103torilor, drume\u021bilor \u0219i altor persoane cu cerintele ridicate privind durabilitatea \u0219i rezisten\u021ba la ap\u0103 a incaltamintei, dar \u00een timp, calit\u0103\u021bile lor unice au \u00eenceput s\u0103 fie aplicate modelelor de purtare zilnic\u0103.<\/p>\n<p>","protected":false},"excerpt":{"rendered":"<p>Cizme Kamik Icebreaker black noir<\/p>","protected":false},"featured_media":58630,"comment_status":"open","ping_status":"closed","template":"","meta":{"_acf_changed":false,"inline_featured_image":false},"product_brand":[1356],"product_cat":[379],"product_tag":[],"class_list":{"0":"post-5698","1":"product","2":"type-product","3":"status-publish","4":"has-post-thumbnail","6":"product_brand-kamik","7":"product_cat-rainboots","9":"first","10":"instock","11":"shipping-taxable","12":"purchasable","13":"product-type-simple"},"acf":[],"yoast_head":"<!-- This site is optimized with the Yoast SEO plugin v27.2 - https:\/\/yoast.com\/product\/yoast-seo-wordpress\/ -->\n<title>\u0421\u0430\u043f\u043e\u0433\u0438 Kamik Icebreaker black noir - \u041c\u0430\u0433\u0430\u0437\u0438\u043d Xstyle<\/title>\n<meta name=\"description\" content=\"\u0421\u0430\u043f\u043e\u0433\u0438 Kamik Icebreaker black noir \u043e\u0442\u043b\u0438\u0447\u043d\u043e \u043f\u043e\u0434\u043e\u0439\u0434\u0443\u0442 \u0434\u043b\u044f \u0437\u0438\u043c\u043d\u0435\u0439 \u0440\u044b\u0431\u0430\u043b\u043a\u0438. \u0423\u0441\u0442\u043e\u0439\u0447\u0438\u0432\u044b \u0434\u043e -40\u00b0C, \u0432\u043b\u0430\u0433\u043e\u0441\u0442\u043e\u0439\u043a\u0438\u0435, \u0441 8 \u043c\u043c \u0443\u0442\u0435\u043f\u043b\u0438\u0442\u0435\u043b\u0435\u043c Zylex \u0434\u043b\u044f \u043a\u043e\u043c\u0444\u043e\u0440\u0442\u0430.\" \/>\n<meta name=\"robots\" content=\"index, follow, max-snippet:-1, max-image-preview:large, max-video-preview:-1\" \/>\n<link rel=\"canonical\" href=\"https:\/\/xstyle.md\/ro\/produs\/sapogi-muzhskie-kamik-icebreaker\/\" \/>\n<meta property=\"og:locale\" content=\"ro_RO\" \/>\n<meta property=\"og:type\" content=\"article\" \/>\n<meta property=\"og:title\" content=\"\u0421\u0430\u043f\u043e\u0433\u0438 Kamik Icebreaker black noir - \u041c\u0430\u0433\u0430\u0437\u0438\u043d Xstyle\" \/>\n<meta property=\"og:description\" content=\"\u0421\u0430\u043f\u043e\u0433\u0438 Kamik Icebreaker black noir \u043e\u0442\u043b\u0438\u0447\u043d\u043e \u043f\u043e\u0434\u043e\u0439\u0434\u0443\u0442 \u0434\u043b\u044f \u0437\u0438\u043c\u043d\u0435\u0439 \u0440\u044b\u0431\u0430\u043b\u043a\u0438. \u0423\u0441\u0442\u043e\u0439\u0447\u0438\u0432\u044b \u0434\u043e -40\u00b0C, \u0432\u043b\u0430\u0433\u043e\u0441\u0442\u043e\u0439\u043a\u0438\u0435, \u0441 8 \u043c\u043c \u0443\u0442\u0435\u043f\u043b\u0438\u0442\u0435\u043b\u0435\u043c Zylex \u0434\u043b\u044f \u043a\u043e\u043c\u0444\u043e\u0440\u0442\u0430.\" \/>\n<meta property=\"og:url\" content=\"https:\/\/xstyle.md\/ro\/produs\/sapogi-muzhskie-kamik-icebreaker\/\" \/>\n<meta property=\"og:site_name\" content=\"\u041c\u0430\u0433\u0430\u0437\u0438\u043d Xstyle\" \/>\n<meta property=\"article:publisher\" content=\"https:\/\/www.facebook.com\/xstylemd\" \/>\n<meta property=\"article:modified_time\" content=\"2025-10-07T16:34:45+00:00\" \/>\n<meta property=\"og:image\" content=\"https:\/\/xstyle.md\/wp-content\/uploads\/2020\/07\/kamik-icebreaker-khaki-brn-sole-00.jpg\" \/>\n\t<meta property=\"og:image:width\" content=\"964\" \/>\n\t<meta property=\"og:image:height\" content=\"906\" \/>\n\t<meta property=\"og:image:type\" content=\"image\/jpeg\" \/>\n<meta name=\"twitter:card\" content=\"summary_large_image\" \/>\n<meta name=\"twitter:label1\" content=\"Pre\u021b\" \/>\n\t<meta name=\"twitter:data1\" content=\"2.190&nbsp;MDL\" \/>\n\t<meta name=\"twitter:label2\" content=\"Disponibilitate\" \/>\n\t<meta name=\"twitter:data2\" content=\"\u00cen stoc\" \/>\n<script type=\"application\/ld+json\" class=\"yoast-schema-graph\">{\"@context\":\"https:\/\/schema.org\",\"@graph\":[{\"@type\":\"WebPage\",\"@id\":\"https:\/\/xstyle.md\/product\/sapogi-muzhskie-kamik-icebreaker\/\",\"url\":\"https:\/\/xstyle.md\/product\/sapogi-muzhskie-kamik-icebreaker\/\",\"name\":\"\u0421\u0430\u043f\u043e\u0433\u0438 Kamik Icebreaker black noir - \u041c\u0430\u0433\u0430\u0437\u0438\u043d Xstyle\",\"isPartOf\":{\"@id\":\"https:\/\/xstyle.md\/#website\"},\"primaryImageOfPage\":{\"@id\":\"https:\/\/xstyle.md\/product\/sapogi-muzhskie-kamik-icebreaker\/#primaryimage\"},\"image\":{\"@id\":\"https:\/\/xstyle.md\/product\/sapogi-muzhskie-kamik-icebreaker\/#primaryimage\"},\"thumbnailUrl\":\"https:\/\/xstyle.md\/wp-content\/uploads\/2020\/07\/kamik-icebreaker-khaki-brn-sole-00.jpg\",\"datePublished\":\"2020-07-16T17:51:33+00:00\",\"dateModified\":\"2025-10-07T16:34:45+00:00\",\"description\":\"\u0421\u0430\u043f\u043e\u0433\u0438 Kamik Icebreaker black noir \u043e\u0442\u043b\u0438\u0447\u043d\u043e \u043f\u043e\u0434\u043e\u0439\u0434\u0443\u0442 \u0434\u043b\u044f \u0437\u0438\u043c\u043d\u0435\u0439 \u0440\u044b\u0431\u0430\u043b\u043a\u0438. \u0423\u0441\u0442\u043e\u0439\u0447\u0438\u0432\u044b \u0434\u043e -40\u00b0C, \u0432\u043b\u0430\u0433\u043e\u0441\u0442\u043e\u0439\u043a\u0438\u0435, \u0441 8 \u043c\u043c \u0443\u0442\u0435\u043f\u043b\u0438\u0442\u0435\u043b\u0435\u043c Zylex \u0434\u043b\u044f \u043a\u043e\u043c\u0444\u043e\u0440\u0442\u0430.\",\"breadcrumb\":{\"@id\":\"https:\/\/xstyle.md\/product\/sapogi-muzhskie-kamik-icebreaker\/#breadcrumb\"},\"inLanguage\":\"ro-RO\",\"potentialAction\":[{\"@type\":\"ReadAction\",\"target\":[\"https:\/\/xstyle.md\/product\/sapogi-muzhskie-kamik-icebreaker\/\"]}]},{\"@type\":\"ImageObject\",\"inLanguage\":\"ro-RO\",\"@id\":\"https:\/\/xstyle.md\/product\/sapogi-muzhskie-kamik-icebreaker\/#primaryimage\",\"url\":\"https:\/\/xstyle.md\/wp-content\/uploads\/2020\/07\/kamik-icebreaker-khaki-brn-sole-00.jpg\",\"contentUrl\":\"https:\/\/xstyle.md\/wp-content\/uploads\/2020\/07\/kamik-icebreaker-khaki-brn-sole-00.jpg\",\"width\":964,\"height\":906,\"caption\":\"\u0422\u0435\u043f\u043b\u044b\u0435 \u0441\u0430\u043f\u043e\u0433\u0438 Kamik Icebreaker \u0434\u043b\u044f \u0430\u043a\u0442\u0438\u0432\u043d\u043e\u0433\u043e \u043e\u0442\u0434\u044b\u0445\u0430, \u0442\u0443\u0440\u0438\u0441\u0442\u0438\u0447\u0435\u0441\u043a\u043e\u0439 \u043e\u0431\u0443\u0432\u0438, \u043f\u043e\u0445\u043e\u0434\u043e\u0432 \u0438 \u0430\u043b\u044c\u043f\u0438\u043d\u0438\u0437\u043c\u0430 \u0434\u043b\u044f \u043e\u043d\u043b\u0430\u0439\u043d \u043c\u0430\u0433\u0430\u0437\u0438\u043d\u0430 \u0430\u043a\u0442\u0438\u0432\u043d\u043e\u0439 \u0436\u0438\u0437\u043d\u0438\"},{\"@type\":\"BreadcrumbList\",\"@id\":\"https:\/\/xstyle.md\/product\/sapogi-muzhskie-kamik-icebreaker\/#breadcrumb\",\"itemListElement\":[{\"@type\":\"ListItem\",\"position\":1,\"name\":\"\u0413\u043b\u0430\u0432\u043d\u0430\u044f \u0441\u0442\u0440\u0430\u043d\u0438\u0446\u0430\",\"item\":\"https:\/\/xstyle.md\/\"},{\"@type\":\"ListItem\",\"position\":2,\"name\":\"\u041c\u0430\u0433\u0430\u0437\u0438\u043d\",\"item\":\"https:\/\/xstyle.md\/shop\/\"},{\"@type\":\"ListItem\",\"position\":3,\"name\":\"\u0421\u0430\u043f\u043e\u0433\u0438 Kamik Icebreaker black noir\"}]},{\"@type\":\"WebSite\",\"@id\":\"https:\/\/xstyle.md\/#website\",\"url\":\"https:\/\/xstyle.md\/\",\"name\":\"\u041c\u0430\u0433\u0430\u0437\u0438\u043d Xstyle\",\"description\":\"C\u043d\u0430\u0440\u044f\u0436\u0435\u043d\u0438\u0435 \u0434\u043b\u044f \u0442\u0443\u0440\u0438\u0437\u043c\u0430 \u0438 \u044d\u043a\u0441\u0442\u0440\u0435\u043c\u0430\u043b\u044c\u043d\u044b\u0445 \u0432\u0438\u0434\u043e\u0432 \u0441\u043f\u043e\u0440\u0442\u0430 \u0432 \u041c\u043e\u043b\u0434\u043e\u0432\u0435.. \u0426\u0435\u043d\u044b, \u0444\u043e\u0442\u043e, \u0445\u0430\u0440\u0430\u043a\u0442\u0435\u0440\u0438\u0441\u0442\u0438\u043a\u0438 \u0432 \u041c\u043e\u043b\u0434\u043e\u0432\u0435.\",\"publisher\":{\"@id\":\"https:\/\/xstyle.md\/#organization\"},\"alternateName\":\"X-Style\",\"potentialAction\":[{\"@type\":\"SearchAction\",\"target\":{\"@type\":\"EntryPoint\",\"urlTemplate\":\"https:\/\/xstyle.md\/?s={search_term_string}\"},\"query-input\":{\"@type\":\"PropertyValueSpecification\",\"valueRequired\":true,\"valueName\":\"search_term_string\"}}],\"inLanguage\":\"ro-RO\"},{\"@type\":\"Organization\",\"@id\":\"https:\/\/xstyle.md\/#organization\",\"name\":\"\u041c\u0430\u0433\u0430\u0437\u0438\u043d Xstyle\",\"alternateName\":\"x-style\",\"url\":\"https:\/\/xstyle.md\/\",\"logo\":{\"@type\":\"ImageObject\",\"inLanguage\":\"ro-RO\",\"@id\":\"https:\/\/xstyle.md\/#\/schema\/logo\/image\/\",\"url\":\"https:\/\/xstyle.md\/wp-content\/uploads\/2020\/06\/logoicon.svg\",\"contentUrl\":\"https:\/\/xstyle.md\/wp-content\/uploads\/2020\/06\/logoicon.svg\",\"caption\":\"\u041c\u0430\u0433\u0430\u0437\u0438\u043d Xstyle\"},\"image\":{\"@id\":\"https:\/\/xstyle.md\/#\/schema\/logo\/image\/\"},\"sameAs\":[\"https:\/\/www.facebook.com\/xstylemd\",\"https:\/\/www.instagram.com\/xstyle_md\/\",\"https:\/\/t.me\/xstyle_outdoor\"],\"hasMerchantReturnPolicy\":{\"@type\":\"MerchantReturnPolicy\",\"merchantReturnLink\":\"https:\/\/xstyle.md\/ro\/conditions\/\"}}]}<\/script>\n<meta property=\"product:price:amount\" content=\"2190.00\" \/>\n<meta property=\"product:price:currency\" content=\"MDL\" \/>\n<meta property=\"og:availability\" content=\"instock\" \/>\n<meta property=\"product:availability\" content=\"instock\" \/>\n<meta property=\"product:retailer_item_id\" content=\"56248203734\" \/>\n<meta property=\"product:condition\" content=\"new\" \/>\n<!-- \/ Yoast SEO plugin. -->","yoast_head_json":{"title":"Cizme Kamik Icebreaker black noir - Magazin Xstyle","description":"Cizmele Kamik Icebreaker black noir sunt excelente pentru pescuitul de iarn\u0103. Sunt rezistente la p\u00e2n\u0103 la -40\u00b0C, impermeabile, cu izola\u021bie de 8 mm Zylex pentru confort.","robots":{"index":"index","follow":"follow","max-snippet":"max-snippet:-1","max-image-preview":"max-image-preview:large","max-video-preview":"max-video-preview:-1"},"canonical":"https:\/\/xstyle.md\/ro\/produs\/sapogi-muzhskie-kamik-icebreaker\/","og_locale":"ro_RO","og_type":"article","og_title":"\u0421\u0430\u043f\u043e\u0433\u0438 Kamik Icebreaker black noir - \u041c\u0430\u0433\u0430\u0437\u0438\u043d Xstyle","og_description":"\u0421\u0430\u043f\u043e\u0433\u0438 Kamik Icebreaker black noir \u043e\u0442\u043b\u0438\u0447\u043d\u043e \u043f\u043e\u0434\u043e\u0439\u0434\u0443\u0442 \u0434\u043b\u044f \u0437\u0438\u043c\u043d\u0435\u0439 \u0440\u044b\u0431\u0430\u043b\u043a\u0438. \u0423\u0441\u0442\u043e\u0439\u0447\u0438\u0432\u044b \u0434\u043e -40\u00b0C, \u0432\u043b\u0430\u0433\u043e\u0441\u0442\u043e\u0439\u043a\u0438\u0435, \u0441 8 \u043c\u043c \u0443\u0442\u0435\u043f\u043b\u0438\u0442\u0435\u043b\u0435\u043c Zylex \u0434\u043b\u044f \u043a\u043e\u043c\u0444\u043e\u0440\u0442\u0430.","og_url":"https:\/\/xstyle.md\/ro\/produs\/sapogi-muzhskie-kamik-icebreaker\/","og_site_name":"\u041c\u0430\u0433\u0430\u0437\u0438\u043d Xstyle","article_publisher":"https:\/\/www.facebook.com\/xstylemd","article_modified_time":"2025-10-07T16:34:45+00:00","og_image":[{"width":964,"height":906,"url":"https:\/\/xstyle.md\/wp-content\/uploads\/2020\/07\/kamik-icebreaker-khaki-brn-sole-00.jpg","type":"image\/jpeg"}],"twitter_card":"summary_large_image","twitter_misc":{"Pre\u021b":"2.190&nbsp;MDL","Disponibilitate":"\u00cen stoc"},"schema":{"@context":"https:\/\/schema.org","@graph":[{"@type":"WebPage","@id":"https:\/\/xstyle.md\/product\/sapogi-muzhskie-kamik-icebreaker\/","url":"https:\/\/xstyle.md\/product\/sapogi-muzhskie-kamik-icebreaker\/","name":"Cizme Kamik Icebreaker black noir - Magazin Xstyle","isPartOf":{"@id":"https:\/\/xstyle.md\/#website"},"primaryImageOfPage":{"@id":"https:\/\/xstyle.md\/product\/sapogi-muzhskie-kamik-icebreaker\/#primaryimage"},"image":{"@id":"https:\/\/xstyle.md\/product\/sapogi-muzhskie-kamik-icebreaker\/#primaryimage"},"thumbnailUrl":"https:\/\/xstyle.md\/wp-content\/uploads\/2020\/07\/kamik-icebreaker-khaki-brn-sole-00.jpg","datePublished":"2020-07-16T17:51:33+00:00","dateModified":"2025-10-07T16:34:45+00:00","description":"Cizmele Kamik Icebreaker black noir sunt excelente pentru pescuitul de iarn\u0103. Sunt rezistente la p\u00e2n\u0103 la -40\u00b0C, impermeabile, cu izola\u021bie de 8 mm Zylex pentru confort.","breadcrumb":{"@id":"https:\/\/xstyle.md\/product\/sapogi-muzhskie-kamik-icebreaker\/#breadcrumb"},"inLanguage":"ro-RO","potentialAction":[{"@type":"ReadAction","target":["https:\/\/xstyle.md\/product\/sapogi-muzhskie-kamik-icebreaker\/"]}]},{"@type":"ImageObject","inLanguage":"ro-RO","@id":"https:\/\/xstyle.md\/product\/sapogi-muzhskie-kamik-icebreaker\/#primaryimage","url":"https:\/\/xstyle.md\/wp-content\/uploads\/2020\/07\/kamik-icebreaker-khaki-brn-sole-00.jpg","contentUrl":"https:\/\/xstyle.md\/wp-content\/uploads\/2020\/07\/kamik-icebreaker-khaki-brn-sole-00.jpg","width":964,"height":906,"caption":"\u0422\u0435\u043f\u043b\u044b\u0435 \u0441\u0430\u043f\u043e\u0433\u0438 Kamik Icebreaker \u0434\u043b\u044f \u0430\u043a\u0442\u0438\u0432\u043d\u043e\u0433\u043e \u043e\u0442\u0434\u044b\u0445\u0430, \u0442\u0443\u0440\u0438\u0441\u0442\u0438\u0447\u0435\u0441\u043a\u043e\u0439 \u043e\u0431\u0443\u0432\u0438, \u043f\u043e\u0445\u043e\u0434\u043e\u0432 \u0438 \u0430\u043b\u044c\u043f\u0438\u043d\u0438\u0437\u043c\u0430 \u0434\u043b\u044f \u043e\u043d\u043b\u0430\u0439\u043d \u043c\u0430\u0433\u0430\u0437\u0438\u043d\u0430 \u0430\u043a\u0442\u0438\u0432\u043d\u043e\u0439 \u0436\u0438\u0437\u043d\u0438"},{"@type":"BreadcrumbList","@id":"https:\/\/xstyle.md\/product\/sapogi-muzhskie-kamik-icebreaker\/#breadcrumb","itemListElement":[{"@type":"ListItem","position":1,"name":"\u0413\u043b\u0430\u0432\u043d\u0430\u044f \u0441\u0442\u0440\u0430\u043d\u0438\u0446\u0430","item":"https:\/\/xstyle.md\/"},{"@type":"ListItem","position":2,"name":"\u041c\u0430\u0433\u0430\u0437\u0438\u043d","item":"https:\/\/xstyle.md\/shop\/"},{"@type":"ListItem","position":3,"name":"\u0421\u0430\u043f\u043e\u0433\u0438 Kamik Icebreaker black noir"}]},{"@type":"WebSite","@id":"https:\/\/xstyle.md\/#website","url":"https:\/\/xstyle.md\/","name":"Magazinul X-Style","description":"Echipamente pentru turism \u0219i sporturi extreme \u00een Moldova. Pre\u021buri, fotografii, caracteristici \u00een Moldova.","publisher":{"@id":"https:\/\/xstyle.md\/#organization"},"alternateName":"X-Style","potentialAction":[{"@type":"SearchAction","target":{"@type":"EntryPoint","urlTemplate":"https:\/\/xstyle.md\/?s={search_term_string}"},"query-input":{"@type":"PropertyValueSpecification","valueRequired":true,"valueName":"search_term_string"}}],"inLanguage":"ro-RO"},{"@type":"Organization","@id":"https:\/\/xstyle.md\/#organization","name":"Magazinul X-Style","alternateName":"x-style","url":"https:\/\/xstyle.md\/","logo":{"@type":"ImageObject","inLanguage":"ro-RO","@id":"https:\/\/xstyle.md\/#\/schema\/logo\/image\/","url":"https:\/\/xstyle.md\/wp-content\/uploads\/2020\/06\/logoicon.svg","contentUrl":"https:\/\/xstyle.md\/wp-content\/uploads\/2020\/06\/logoicon.svg","caption":"\u041c\u0430\u0433\u0430\u0437\u0438\u043d Xstyle"},"image":{"@id":"https:\/\/xstyle.md\/#\/schema\/logo\/image\/"},"sameAs":["https:\/\/www.facebook.com\/xstylemd","https:\/\/www.instagram.com\/xstyle_md\/","https:\/\/t.me\/xstyle_outdoor"],"hasMerchantReturnPolicy":{"@type":"MerchantReturnPolicy","merchantReturnLink":"https:\/\/xstyle.md\/ro\/conditions\/"}}]},"product_price_amount":"2190.00","product_price_currency":"MDL","og_availability":"instock","product_availability":"instock","product_retailer_item_id":"56248203734","product_condition":"new"},"post_mailing_queue_ids":[],"_links":{"self":[{"href":"https:\/\/xstyle.md\/ro\/wp-json\/wp\/v2\/product\/5698","targetHints":{"allow":["GET"]}}],"collection":[{"href":"https:\/\/xstyle.md\/ro\/wp-json\/wp\/v2\/product"}],"about":[{"href":"https:\/\/xstyle.md\/ro\/wp-json\/wp\/v2\/types\/product"}],"replies":[{"embeddable":true,"href":"https:\/\/xstyle.md\/ro\/wp-json\/wp\/v2\/comments?post=5698"}],"wp:featuredmedia":[{"embeddable":true,"href":"https:\/\/xstyle.md\/ro\/wp-json\/wp\/v2\/media\/58630"}],"wp:attachment":[{"href":"https:\/\/xstyle.md\/ro\/wp-json\/wp\/v2\/media?parent=5698"}],"wp:term":[{"taxonomy":"product_brand","embeddable":true,"href":"https:\/\/xstyle.md\/ro\/wp-json\/wp\/v2\/product_brand?post=5698"},{"taxonomy":"product_cat","embeddable":true,"href":"https:\/\/xstyle.md\/ro\/wp-json\/wp\/v2\/product_cat?post=5698"},{"taxonomy":"product_tag","embeddable":true,"href":"https:\/\/xstyle.md\/ro\/wp-json\/wp\/v2\/product_tag?post=5698"}],"curies":[{"name":"wp","href":"https:\/\/api.w.org\/{rel}","templated":true}]}}