{"id":56857,"date":"2022-10-24T17:54:40","date_gmt":"2022-10-24T14:54:40","guid":{"rendered":"https:\/\/xstyle.md\/?post_type=product&#038;p=56857"},"modified":"2025-10-24T12:31:55","modified_gmt":"2025-10-24T09:31:55","slug":"nozh-crkt-gulf","status":"publish","type":"product","link":"https:\/\/xstyle.md\/ro\/produs\/nozh-crkt-gulf\/","title":{"rendered":"Cu\u021bit CRKT Gulf"},"content":{"rendered":"<\/p>\n<p><strong>CRKT Gulf<\/strong> &#8212; un cu\u021bit pliabil de mari dimensiuni pentru sarcini mari, proiectat de me\u0219terul Ryan Johnson de la RMJ Tactical. RMJ sunt cunoscu\u021bi pentru topoarele, cu\u021bitele \u0219i uneltele lor de construc\u021bie &#171;dintr-o singur\u0103 bucat\u0103&#187;, realizate cu materiale durabile \u0219i fiabile.<\/p>\n<p>Lama este fabricat\u0103 din o\u021bel 8Cr13MOV, ideal pentru cu\u021bite ieftine de zi cu zi. O\u021belul nu ofer\u0103 performan\u021be supranaturale, dar pentru pre\u021bul s\u0103u prezint\u0103 caracteristici destul de bune. Acest aliaj rezist\u0103 perfect la coroziune, prezint\u0103 o bun\u0103 rezisten\u021b\u0103 la uzur\u0103 \u0219i la t\u0103iere. \u00cen general, este apropiat de 420HC \u00een ceea ce prive\u0219te propriet\u0103\u021bile \u0219i are o duritate de c\u0103lire de p\u00e2n\u0103 la 58 HRC<\/p>\n<p>C\u0103ptu\u0219elile gripului sunt realizate din sticl\u0103-textolit G10, un material compozit pe baz\u0103 de fibr\u0103 de sticl\u0103 \u0219i r\u0103\u0219in\u0103 epoxidic\u0103. Acesta este foarte durabil, rezistent la umiditate \u0219i la impact. Poate fi perfect prelucrat \u0219i colorat. Este utilizat \u00een mod universal la toate cu\u021bitele moderne.<\/p>\n<h3>Caracteristici<\/h3>\n<ul>\n<li>Tip cu\u021bit: pliabil<\/li>\n<li>Tip de t\u0103i\u0219: regulat<\/li>\n<li>Tip de blocare: Liner Lock<\/li>\n<li>Lungime total\u0103: 24,2 cm<\/li>\n<li>Lungimea lamei: 10,2 cm<\/li>\n<li>Material m\u00e2ner: fibr\u0103 de sticl\u0103 G10<\/li>\n<li>Duritatea o\u021belului: 57-58 HRC<\/li>\n<li>Grad de o\u021bel: 8Cr13MoV<\/li>\n<li>Greutate: 159 g.<\/li>\n<\/ul>\n<h3>Marca<\/h3>\n<p>CRKT este o companie produc\u0103toare de cu\u021bite destul de t\u00e2n\u0103r\u0103, care \u0219i-a \u00eenceput activitatea \u00een 1994, dar a reu\u0219it s\u0103 atrag\u0103 rapid aten\u021bia cunosc\u0103torilor de cu\u021bite din \u00eentreaga lume. Arsenalul companiei include un sortiment uria\u0219 de cu\u021bite pentru diverse scopuri, caracterizate nu numai prin calitate excelent\u0103, ci \u0219i prin originalitate \u0219i un concept de design de marc\u0103. Compania angajeaz\u0103 aproximativ treizeci de designeri de renume mondial, datorit\u0103 c\u0103rora produsele CRKT sunt recognoscibile \u00een cercuri largi.<\/p>\n<p>CRKT este foarte scrupuloas\u0103 \u00een ceea ce prive\u0219te calitatea produselor sale. Tehnicienii companiei au reu\u0219it s\u0103 g\u0103seasc\u0103 propria &#171;cheie&#187; pentru utilizarea o\u021belului pentru lame de diferite calit\u0103\u021bi. Acesta este motivul pentru care cu\u021bitele CRKT se echilibreaz\u0103 cu \u00eencredere pe linia sub\u021bire dintre pre\u021b \u0219i calitate, dep\u0103\u0219indu-\u0219i cu \u00eencredere concuren\u021bii. La fabricarea lamelor se folose\u0219te \u0219tan\u021barea \u0219i t\u0103ierea cu laser pe cele mai moderne echipamente, iar duritatea \u0219i tenacitatea o\u021belului, procentul de crom \u0219i nichel sunt alese cu o aten\u021bie deosebit\u0103.<\/p>\n<p><\/p>","protected":false},"excerpt":{"rendered":"","protected":false},"featured_media":57886,"comment_status":"open","ping_status":"closed","template":"","meta":{"_acf_changed":false,"inline_featured_image":false},"product_brand":[1445],"product_cat":[169],"product_tag":[],"class_list":{"0":"post-56857","1":"product","2":"type-product","3":"status-publish","4":"has-post-thumbnail","6":"product_brand-crkt","7":"product_cat-knives","9":"first","10":"instock","11":"shipping-taxable","12":"purchasable","13":"product-type-simple"},"acf":[],"yoast_head":"<!-- This site is optimized with the Yoast SEO plugin v27.4 - https:\/\/yoast.com\/product\/yoast-seo-wordpress\/ -->\n<title>\u041d\u043e\u0436 CRKT Gulf - \u041c\u0430\u0433\u0430\u0437\u0438\u043d Xstyle<\/title>\n<meta name=\"description\" content=\"\u041d\u043e\u0436 CRKT Gulf - \u043d\u0430\u0434\u0435\u0436\u043d\u044b\u0439 \u0441\u043a\u043b\u0430\u0434\u043d\u043e\u0439 \u043d\u043e\u0436 \u043e\u0442 RMJ Tactical \u0441 \u043b\u0435\u0437\u0432\u0438\u0435\u043c \u0438\u0437 8Cr13MoV \u0438 \u0440\u0443\u043a\u043e\u044f\u0442\u043a\u043e\u0439 \u0438\u0437 G10. \u0418\u0434\u0435\u0430\u043b\u0435\u043d \u0434\u043b\u044f \u0431\u043e\u043b\u044c\u0448\u0438\u0445 \u0437\u0430\u0434\u0430\u0447 \u0438 \u0434\u043e\u043b\u0433\u043e\u0432\u0435\u0447\u043d\u043e\u0433\u043e \u0438\u0441\u043f\u043e\u043b\u044c\u0437\u043e\u0432\u0430\u043d\u0438\u044f.\" \/>\n<meta name=\"robots\" content=\"index, follow, max-snippet:-1, max-image-preview:large, max-video-preview:-1\" \/>\n<link rel=\"canonical\" href=\"https:\/\/xstyle.md\/ro\/produs\/nozh-crkt-gulf\/\" \/>\n<meta property=\"og:locale\" content=\"ro_RO\" \/>\n<meta property=\"og:type\" content=\"article\" \/>\n<meta property=\"og:title\" content=\"\u041d\u043e\u0436 CRKT Gulf - \u041c\u0430\u0433\u0430\u0437\u0438\u043d Xstyle\" \/>\n<meta property=\"og:description\" content=\"\u041d\u043e\u0436 CRKT Gulf - \u043d\u0430\u0434\u0435\u0436\u043d\u044b\u0439 \u0441\u043a\u043b\u0430\u0434\u043d\u043e\u0439 \u043d\u043e\u0436 \u043e\u0442 RMJ Tactical \u0441 \u043b\u0435\u0437\u0432\u0438\u0435\u043c \u0438\u0437 8Cr13MoV \u0438 \u0440\u0443\u043a\u043e\u044f\u0442\u043a\u043e\u0439 \u0438\u0437 G10. \u0418\u0434\u0435\u0430\u043b\u0435\u043d \u0434\u043b\u044f \u0431\u043e\u043b\u044c\u0448\u0438\u0445 \u0437\u0430\u0434\u0430\u0447 \u0438 \u0434\u043e\u043b\u0433\u043e\u0432\u0435\u0447\u043d\u043e\u0433\u043e \u0438\u0441\u043f\u043e\u043b\u044c\u0437\u043e\u0432\u0430\u043d\u0438\u044f.\" \/>\n<meta property=\"og:url\" content=\"https:\/\/xstyle.md\/ro\/produs\/nozh-crkt-gulf\/\" \/>\n<meta property=\"og:site_name\" content=\"\u041c\u0430\u0433\u0430\u0437\u0438\u043d Xstyle\" \/>\n<meta property=\"article:publisher\" content=\"https:\/\/www.facebook.com\/xstylemd\" \/>\n<meta property=\"article:modified_time\" content=\"2025-10-24T09:31:55+00:00\" \/>\n<meta property=\"og:image\" content=\"https:\/\/xstyle.md\/wp-content\/uploads\/2022\/10\/crkt-gulf.jpg\" \/>\n\t<meta property=\"og:image:width\" content=\"806\" \/>\n\t<meta property=\"og:image:height\" content=\"602\" \/>\n\t<meta property=\"og:image:type\" content=\"image\/jpeg\" \/>\n<meta name=\"twitter:card\" content=\"summary_large_image\" \/>\n<meta name=\"twitter:label1\" content=\"Pre\u021b\" \/>\n\t<meta name=\"twitter:data1\" content=\"2.150&nbsp;MDL\" \/>\n\t<meta name=\"twitter:label2\" content=\"Disponibilitate\" \/>\n\t<meta name=\"twitter:data2\" content=\"\u00cen stoc\" \/>\n<script type=\"application\/ld+json\" class=\"yoast-schema-graph\">{\"@context\":\"https:\\\/\\\/schema.org\",\"@graph\":[{\"@type\":\"WebPage\",\"@id\":\"https:\\\/\\\/xstyle.md\\\/product\\\/nozh-crkt-gulf\\\/\",\"url\":\"https:\\\/\\\/xstyle.md\\\/product\\\/nozh-crkt-gulf\\\/\",\"name\":\"\u041d\u043e\u0436 CRKT Gulf - \u041c\u0430\u0433\u0430\u0437\u0438\u043d Xstyle\",\"isPartOf\":{\"@id\":\"https:\\\/\\\/xstyle.md\\\/#website\"},\"primaryImageOfPage\":{\"@id\":\"https:\\\/\\\/xstyle.md\\\/product\\\/nozh-crkt-gulf\\\/#primaryimage\"},\"image\":{\"@id\":\"https:\\\/\\\/xstyle.md\\\/product\\\/nozh-crkt-gulf\\\/#primaryimage\"},\"thumbnailUrl\":\"https:\\\/\\\/xstyle.md\\\/wp-content\\\/uploads\\\/2022\\\/10\\\/crkt-gulf.jpg\",\"datePublished\":\"2022-10-24T14:54:40+00:00\",\"dateModified\":\"2025-10-24T09:31:55+00:00\",\"description\":\"\u041d\u043e\u0436 CRKT Gulf - \u043d\u0430\u0434\u0435\u0436\u043d\u044b\u0439 \u0441\u043a\u043b\u0430\u0434\u043d\u043e\u0439 \u043d\u043e\u0436 \u043e\u0442 RMJ Tactical \u0441 \u043b\u0435\u0437\u0432\u0438\u0435\u043c \u0438\u0437 8Cr13MoV \u0438 \u0440\u0443\u043a\u043e\u044f\u0442\u043a\u043e\u0439 \u0438\u0437 G10. \u0418\u0434\u0435\u0430\u043b\u0435\u043d \u0434\u043b\u044f \u0431\u043e\u043b\u044c\u0448\u0438\u0445 \u0437\u0430\u0434\u0430\u0447 \u0438 \u0434\u043e\u043b\u0433\u043e\u0432\u0435\u0447\u043d\u043e\u0433\u043e \u0438\u0441\u043f\u043e\u043b\u044c\u0437\u043e\u0432\u0430\u043d\u0438\u044f.\",\"breadcrumb\":{\"@id\":\"https:\\\/\\\/xstyle.md\\\/product\\\/nozh-crkt-gulf\\\/#breadcrumb\"},\"inLanguage\":\"ro-RO\",\"potentialAction\":[{\"@type\":\"ReadAction\",\"target\":[\"https:\\\/\\\/xstyle.md\\\/product\\\/nozh-crkt-gulf\\\/\"]}]},{\"@type\":\"ImageObject\",\"inLanguage\":\"ro-RO\",\"@id\":\"https:\\\/\\\/xstyle.md\\\/product\\\/nozh-crkt-gulf\\\/#primaryimage\",\"url\":\"https:\\\/\\\/xstyle.md\\\/wp-content\\\/uploads\\\/2022\\\/10\\\/crkt-gulf.jpg\",\"contentUrl\":\"https:\\\/\\\/xstyle.md\\\/wp-content\\\/uploads\\\/2022\\\/10\\\/crkt-gulf.jpg\",\"width\":806,\"height\":602,\"caption\":\"\u041c\u0438\u043d\u0438\u0430\u0442\u044e\u0440\u0430 \u043d\u043e\u0436\u0430 CRKT Gulf \u0434\u043b\u044f \u0430\u043a\u0442\u0438\u0432\u043d\u043e\u0433\u043e \u043e\u0442\u0434\u044b\u0445\u0430, \u043f\u043e\u0445\u043e\u0434\u043e\u0432, \u0442\u0443\u0440\u0438\u0437\u043c\u0430, \u043e\u0434\u0435\u0436\u0434\u044b \u0438 \u043e\u0431\u0443\u0432\u0438 \u0434\u043b\u044f \u043f\u0443\u0442\u0435\u0448\u0435\u0441\u0442\u0432\u0438\u0439 \u043d\u0430 \u0441\u0430\u0439\u0442\u0435 \u043c\u0430\u0433\u0430\u0437\u0438\u043d\u0430 \u0430\u043a\u0442\u0438\u0432\u043d\u043e\u0439 \u0436\u0438\u0437\u043d\u0438\"},{\"@type\":\"BreadcrumbList\",\"@id\":\"https:\\\/\\\/xstyle.md\\\/product\\\/nozh-crkt-gulf\\\/#breadcrumb\",\"itemListElement\":[{\"@type\":\"ListItem\",\"position\":1,\"name\":\"\u0413\u043b\u0430\u0432\u043d\u0430\u044f \u0441\u0442\u0440\u0430\u043d\u0438\u0446\u0430\",\"item\":\"https:\\\/\\\/xstyle.md\\\/\"},{\"@type\":\"ListItem\",\"position\":2,\"name\":\"\u041c\u0430\u0433\u0430\u0437\u0438\u043d\",\"item\":\"https:\\\/\\\/xstyle.md\\\/shop\\\/\"},{\"@type\":\"ListItem\",\"position\":3,\"name\":\"\u041d\u043e\u0436 CRKT Gulf\"}]},{\"@type\":\"WebSite\",\"@id\":\"https:\\\/\\\/xstyle.md\\\/#website\",\"url\":\"https:\\\/\\\/xstyle.md\\\/\",\"name\":\"\u041c\u0430\u0433\u0430\u0437\u0438\u043d Xstyle\",\"description\":\"C\u043d\u0430\u0440\u044f\u0436\u0435\u043d\u0438\u0435 \u0434\u043b\u044f \u0442\u0443\u0440\u0438\u0437\u043c\u0430 \u0438 \u044d\u043a\u0441\u0442\u0440\u0435\u043c\u0430\u043b\u044c\u043d\u044b\u0445 \u0432\u0438\u0434\u043e\u0432 \u0441\u043f\u043e\u0440\u0442\u0430 \u0432 \u041c\u043e\u043b\u0434\u043e\u0432\u0435.. \u0426\u0435\u043d\u044b, \u0444\u043e\u0442\u043e, \u0445\u0430\u0440\u0430\u043a\u0442\u0435\u0440\u0438\u0441\u0442\u0438\u043a\u0438 \u0432 \u041c\u043e\u043b\u0434\u043e\u0432\u0435.\",\"publisher\":{\"@id\":\"https:\\\/\\\/xstyle.md\\\/#organization\"},\"alternateName\":\"X-Style\",\"potentialAction\":[{\"@type\":\"SearchAction\",\"target\":{\"@type\":\"EntryPoint\",\"urlTemplate\":\"https:\\\/\\\/xstyle.md\\\/?s={search_term_string}\"},\"query-input\":{\"@type\":\"PropertyValueSpecification\",\"valueRequired\":true,\"valueName\":\"search_term_string\"}}],\"inLanguage\":\"ro-RO\"},{\"@type\":\"Organization\",\"@id\":\"https:\\\/\\\/xstyle.md\\\/#organization\",\"name\":\"\u041c\u0430\u0433\u0430\u0437\u0438\u043d Xstyle\",\"alternateName\":\"x-style\",\"url\":\"https:\\\/\\\/xstyle.md\\\/\",\"logo\":{\"@type\":\"ImageObject\",\"inLanguage\":\"ro-RO\",\"@id\":\"https:\\\/\\\/xstyle.md\\\/#\\\/schema\\\/logo\\\/image\\\/\",\"url\":\"https:\\\/\\\/xstyle.md\\\/wp-content\\\/uploads\\\/2020\\\/06\\\/logoicon.svg\",\"contentUrl\":\"https:\\\/\\\/xstyle.md\\\/wp-content\\\/uploads\\\/2020\\\/06\\\/logoicon.svg\",\"caption\":\"\u041c\u0430\u0433\u0430\u0437\u0438\u043d Xstyle\"},\"image\":{\"@id\":\"https:\\\/\\\/xstyle.md\\\/#\\\/schema\\\/logo\\\/image\\\/\"},\"sameAs\":[\"https:\\\/\\\/www.facebook.com\\\/xstylemd\",\"https:\\\/\\\/www.instagram.com\\\/xstyle_md\\\/\",\"https:\\\/\\\/t.me\\\/xstyle_outdoor\"],\"hasMerchantReturnPolicy\":{\"@type\":\"MerchantReturnPolicy\",\"merchantReturnLink\":\"https:\\\/\\\/xstyle.md\\\/ro\\\/conditions\\\/\"}}]}<\/script>\n<meta property=\"product:price:amount\" content=\"2150.00\" \/>\n<meta property=\"product:price:currency\" content=\"MDL\" \/>\n<meta property=\"og:availability\" content=\"instock\" \/>\n<meta property=\"product:availability\" content=\"instock\" \/>\n<meta property=\"product:retailer_item_id\" content=\"2000990054326\" \/>\n<meta property=\"product:condition\" content=\"new\" \/>\n<!-- \/ Yoast SEO plugin. -->","yoast_head_json":{"title":"Cu\u021bit CRKT Gulf - Magazin Xstyle","description":"Cutitul CRKT Gulf - un cu\u021bit pliabil fiabil de la RMJ Tactical, cu lam\u0103 din 8Cr13MoV \u0219i m\u00e2nere din G10. Ideal pentru sarcini mari \u0219i utilizare de lung\u0103 durat\u0103.","robots":{"index":"index","follow":"follow","max-snippet":"max-snippet:-1","max-image-preview":"max-image-preview:large","max-video-preview":"max-video-preview:-1"},"canonical":"https:\/\/xstyle.md\/ro\/produs\/nozh-crkt-gulf\/","og_locale":"ro_RO","og_type":"article","og_title":"\u041d\u043e\u0436 CRKT Gulf - \u041c\u0430\u0433\u0430\u0437\u0438\u043d Xstyle","og_description":"\u041d\u043e\u0436 CRKT Gulf - \u043d\u0430\u0434\u0435\u0436\u043d\u044b\u0439 \u0441\u043a\u043b\u0430\u0434\u043d\u043e\u0439 \u043d\u043e\u0436 \u043e\u0442 RMJ Tactical \u0441 \u043b\u0435\u0437\u0432\u0438\u0435\u043c \u0438\u0437 8Cr13MoV \u0438 \u0440\u0443\u043a\u043e\u044f\u0442\u043a\u043e\u0439 \u0438\u0437 G10. \u0418\u0434\u0435\u0430\u043b\u0435\u043d \u0434\u043b\u044f \u0431\u043e\u043b\u044c\u0448\u0438\u0445 \u0437\u0430\u0434\u0430\u0447 \u0438 \u0434\u043e\u043b\u0433\u043e\u0432\u0435\u0447\u043d\u043e\u0433\u043e \u0438\u0441\u043f\u043e\u043b\u044c\u0437\u043e\u0432\u0430\u043d\u0438\u044f.","og_url":"https:\/\/xstyle.md\/ro\/produs\/nozh-crkt-gulf\/","og_site_name":"\u041c\u0430\u0433\u0430\u0437\u0438\u043d Xstyle","article_publisher":"https:\/\/www.facebook.com\/xstylemd","article_modified_time":"2025-10-24T09:31:55+00:00","og_image":[{"width":806,"height":602,"url":"https:\/\/xstyle.md\/wp-content\/uploads\/2022\/10\/crkt-gulf.jpg","type":"image\/jpeg"}],"twitter_card":"summary_large_image","twitter_misc":{"Pre\u021b":"2.150&nbsp;MDL","Disponibilitate":"\u00cen stoc"},"schema":{"@context":"https:\/\/schema.org","@graph":[{"@type":"WebPage","@id":"https:\/\/xstyle.md\/product\/nozh-crkt-gulf\/","url":"https:\/\/xstyle.md\/product\/nozh-crkt-gulf\/","name":"Cu\u021bit CRKT Gulf - Magazin Xstyle","isPartOf":{"@id":"https:\/\/xstyle.md\/#website"},"primaryImageOfPage":{"@id":"https:\/\/xstyle.md\/product\/nozh-crkt-gulf\/#primaryimage"},"image":{"@id":"https:\/\/xstyle.md\/product\/nozh-crkt-gulf\/#primaryimage"},"thumbnailUrl":"https:\/\/xstyle.md\/wp-content\/uploads\/2022\/10\/crkt-gulf.jpg","datePublished":"2022-10-24T14:54:40+00:00","dateModified":"2025-10-24T09:31:55+00:00","description":"Cutitul CRKT Gulf - un cu\u021bit pliabil fiabil de la RMJ Tactical, cu lam\u0103 din 8Cr13MoV \u0219i m\u00e2nere din G10. Ideal pentru sarcini mari \u0219i utilizare de lung\u0103 durat\u0103.","breadcrumb":{"@id":"https:\/\/xstyle.md\/product\/nozh-crkt-gulf\/#breadcrumb"},"inLanguage":"ro-RO","potentialAction":[{"@type":"ReadAction","target":["https:\/\/xstyle.md\/product\/nozh-crkt-gulf\/"]}]},{"@type":"ImageObject","inLanguage":"ro-RO","@id":"https:\/\/xstyle.md\/product\/nozh-crkt-gulf\/#primaryimage","url":"https:\/\/xstyle.md\/wp-content\/uploads\/2022\/10\/crkt-gulf.jpg","contentUrl":"https:\/\/xstyle.md\/wp-content\/uploads\/2022\/10\/crkt-gulf.jpg","width":806,"height":602,"caption":"\u041c\u0438\u043d\u0438\u0430\u0442\u044e\u0440\u0430 \u043d\u043e\u0436\u0430 CRKT Gulf \u0434\u043b\u044f \u0430\u043a\u0442\u0438\u0432\u043d\u043e\u0433\u043e \u043e\u0442\u0434\u044b\u0445\u0430, \u043f\u043e\u0445\u043e\u0434\u043e\u0432, \u0442\u0443\u0440\u0438\u0437\u043c\u0430, \u043e\u0434\u0435\u0436\u0434\u044b \u0438 \u043e\u0431\u0443\u0432\u0438 \u0434\u043b\u044f \u043f\u0443\u0442\u0435\u0448\u0435\u0441\u0442\u0432\u0438\u0439 \u043d\u0430 \u0441\u0430\u0439\u0442\u0435 \u043c\u0430\u0433\u0430\u0437\u0438\u043d\u0430 \u0430\u043a\u0442\u0438\u0432\u043d\u043e\u0439 \u0436\u0438\u0437\u043d\u0438"},{"@type":"BreadcrumbList","@id":"https:\/\/xstyle.md\/product\/nozh-crkt-gulf\/#breadcrumb","itemListElement":[{"@type":"ListItem","position":1,"name":"\u0413\u043b\u0430\u0432\u043d\u0430\u044f \u0441\u0442\u0440\u0430\u043d\u0438\u0446\u0430","item":"https:\/\/xstyle.md\/"},{"@type":"ListItem","position":2,"name":"\u041c\u0430\u0433\u0430\u0437\u0438\u043d","item":"https:\/\/xstyle.md\/shop\/"},{"@type":"ListItem","position":3,"name":"\u041d\u043e\u0436 CRKT Gulf"}]},{"@type":"WebSite","@id":"https:\/\/xstyle.md\/#website","url":"https:\/\/xstyle.md\/","name":"Magazinul X-Style","description":"Echipamente pentru turism \u0219i sporturi extreme \u00een Moldova. Pre\u021buri, fotografii, caracteristici \u00een Moldova.","publisher":{"@id":"https:\/\/xstyle.md\/#organization"},"alternateName":"X-Style","potentialAction":[{"@type":"SearchAction","target":{"@type":"EntryPoint","urlTemplate":"https:\/\/xstyle.md\/?s={search_term_string}"},"query-input":{"@type":"PropertyValueSpecification","valueRequired":true,"valueName":"search_term_string"}}],"inLanguage":"ro-RO"},{"@type":"Organization","@id":"https:\/\/xstyle.md\/#organization","name":"Magazinul X-Style","alternateName":"x-style","url":"https:\/\/xstyle.md\/","logo":{"@type":"ImageObject","inLanguage":"ro-RO","@id":"https:\/\/xstyle.md\/#\/schema\/logo\/image\/","url":"https:\/\/xstyle.md\/wp-content\/uploads\/2020\/06\/logoicon.svg","contentUrl":"https:\/\/xstyle.md\/wp-content\/uploads\/2020\/06\/logoicon.svg","caption":"\u041c\u0430\u0433\u0430\u0437\u0438\u043d Xstyle"},"image":{"@id":"https:\/\/xstyle.md\/#\/schema\/logo\/image\/"},"sameAs":["https:\/\/www.facebook.com\/xstylemd","https:\/\/www.instagram.com\/xstyle_md\/","https:\/\/t.me\/xstyle_outdoor"],"hasMerchantReturnPolicy":{"@type":"MerchantReturnPolicy","merchantReturnLink":"https:\/\/xstyle.md\/ro\/conditions\/"}}]},"product_price_amount":"2150.00","product_price_currency":"MDL","og_availability":"instock","product_availability":"instock","product_retailer_item_id":"2000990054326","product_condition":"new"},"_links":{"self":[{"href":"https:\/\/xstyle.md\/ro\/wp-json\/wp\/v2\/product\/56857","targetHints":{"allow":["GET"]}}],"collection":[{"href":"https:\/\/xstyle.md\/ro\/wp-json\/wp\/v2\/product"}],"about":[{"href":"https:\/\/xstyle.md\/ro\/wp-json\/wp\/v2\/types\/product"}],"replies":[{"embeddable":true,"href":"https:\/\/xstyle.md\/ro\/wp-json\/wp\/v2\/comments?post=56857"}],"wp:featuredmedia":[{"embeddable":true,"href":"https:\/\/xstyle.md\/ro\/wp-json\/wp\/v2\/media\/57886"}],"wp:attachment":[{"href":"https:\/\/xstyle.md\/ro\/wp-json\/wp\/v2\/media?parent=56857"}],"wp:term":[{"taxonomy":"product_brand","embeddable":true,"href":"https:\/\/xstyle.md\/ro\/wp-json\/wp\/v2\/product_brand?post=56857"},{"taxonomy":"product_cat","embeddable":true,"href":"https:\/\/xstyle.md\/ro\/wp-json\/wp\/v2\/product_cat?post=56857"},{"taxonomy":"product_tag","embeddable":true,"href":"https:\/\/xstyle.md\/ro\/wp-json\/wp\/v2\/product_tag?post=56857"}],"curies":[{"name":"wp","href":"https:\/\/api.w.org\/{rel}","templated":true}]}}