{"id":56855,"date":"2022-10-24T17:31:24","date_gmt":"2022-10-24T14:31:24","guid":{"rendered":"https:\/\/xstyle.md\/?post_type=product&#038;p=56855"},"modified":"2025-10-28T18:02:08","modified_gmt":"2025-10-28T15:02:08","slug":"nozh-crkt-flat-out","status":"publish","type":"product","link":"https:\/\/xstyle.md\/ro\/produs\/nozh-crkt-flat-out\/","title":{"rendered":"Cu\u021bit CRKT Flat Out"},"content":{"rendered":"<\/p>\n<p><strong>CRKT Flat Out<\/strong> &#8212; cu\u021bit pliabil semi-automat proiectat de talentatul designer Matthew Lerch (cunoscut pentru cu\u021bitele sale pliabile cu design artistic \u0219i o serie de lucr\u0103ri pentru CRKT). Cu\u021bitul Flat Out arat\u0103 clar stilul autorului: linii rapide, gra\u021bie, accente \u00eengrijite, design atent. Acest cu\u021bit pliabil de dimensiuni medii va face bine ca accesoriu elegant \u0219i cu\u021bit EDC.<\/p>\n<p>Cu\u021bitul este echipat cu o lam\u0103 lung\u0103 \u00eengust\u0103 cu profil Spear-Point din o\u021bel inoxidabil 8Cr13MoV cu crom mediu, unul dintre cele mai bune o\u021beluri pentru lame fabricate \u00een China \u00een segmentul de pre\u021b bugetar. Aliajul de crom, molibden \u0219i vanadiu confer\u0103 acestui o\u021bel o duritate decent\u0103, propriet\u0103\u021bi anticorozive bune \u0219i capacitatea de a men\u021bine t\u0103i\u0219ul ascu\u021bit pentru o perioad\u0103 lung\u0103 de timp. Cu o lungime de 9,1 cm \u0219i o grosime de 3,1 mm, lama este lat\u0103 de mai pu\u021bin de doi centimetri. Muchiile sunt realizate la mai mult de jum\u0103tate din l\u0103\u021bimea lamei pentru a \u00eembun\u0103t\u0103\u021bi t\u0103i\u0219ul. Av\u00e2nd \u00een vedere c\u0103 lama are un profil foarte alungit \u0219i \u00eengust, nu este recomandat s\u0103 supune\u021bi v\u00e2rful lamei la sarcini grele. M\u00e2nerul are o sec\u021biune lung\u0103 cu crest\u0103turi transversale pentru sprijinirea degetului mare pe muchie. Finisajul este satinat.<\/p>\n<p>M\u00e2nerul cu\u021bitului este drept, de form\u0103 ergonomic\u0103, cu trei crest\u0103turi netede la cap\u0103tul inferior, foarte confortabil de \u021binut. M\u00e2nerul este fabricat din o\u021bel inoxidabil, de asemenea satinat. Cu\u021bitul este montat pe un ansamblu ax (\u0219aibe din bronz fosforos), un \u0219tift de fixare \u0219i trei \u0219uruburi de fixare din o\u021bel inoxidabil. M\u00e2nerul are doar 0,9 cm grosime, permi\u021b\u00e2nd cu\u021bitului s\u0103 \u00eencap\u0103 confortabil chiar \u0219i \u00een cel mai \u00eengust buzunar. O clem\u0103 deta\u0219abil\u0103, nedeta\u0219abil\u0103 \u0219i ad\u00e2nc adaptat\u0103 contribuie, de asemenea, la purtarea discret\u0103 a Folder-ului. Clema este fabricat\u0103 din o\u021bel inoxidabil.<\/p>\n<p>Cu\u021bitul este adus \u00een pozi\u021bia de lucru cu ajutorul unui ax cu dou\u0103 fe\u021be, blocarea cu\u021bitului este Frame-Lock. CRKT Flat Out este echipat cu o siguran\u021b\u0103 Detent Ball \u00eempotriva deschiderii accidentale \u0219i un stabilizator de blocare pentru stabilitate transversal\u0103.<\/p>\n<h3>Caracteristici<\/h3>\n<ul>\n<li>Tip cu\u021bit: pliabil<\/li>\n<li>Tip muchie de t\u0103iere: Regular<\/li>\n<li>Tip de blocare: Frame Lock<\/li>\n<li>Lungime total\u0103: 20.5 cm<\/li>\n<li>Lungimea lamei: 9.1 cm<\/li>\n<li>Material m\u00e2ner: o\u021bel inoxidabil<\/li>\n<li>Duritatea o\u021belului: 60-62 HRC<\/li>\n<li>Grad de o\u021bel: 8Cr13MoV<\/li>\n<li>Greutate: 102 g<\/li>\n<\/ul>\n<h3>Marca<\/h3>\n<p>CRKT este o companie produc\u0103toare de cu\u021bite destul de t\u00e2n\u0103r\u0103, care \u0219i-a \u00eenceput activitatea \u00een 1994, dar a reu\u0219it s\u0103 atrag\u0103 rapid aten\u021bia cunosc\u0103torilor de cu\u021bite din \u00eentreaga lume. Arsenalul companiei include un sortiment imens de cu\u021bite pentru diverse scopuri, caracterizate nu numai printr-o calitate excelent\u0103, ci \u0219i prin originalitate \u0219i concept de design de marc\u0103. Compania angajeaz\u0103 aproximativ treizeci de designeri de renume mondial, datorit\u0103 c\u0103rora produsele CRKT sunt recunoscute \u00een cercuri largi.<\/p>\n<p>Compania CRKT este foarte scrupuloas\u0103 cu privire la calitatea produselor sale. Tehnologii companiei au reu\u0219it s\u0103 g\u0103seasc\u0103 \u201echeia\u201d utiliz\u0103rii o\u021belului pentru lame de diferite grade. Acesta este motivul pentru care cu\u021bitele CRKT se echilibreaz\u0103 cu \u00eencredere pe marginea sub\u021bire a pre\u021bului \u0219i calit\u0103\u021bii, dep\u0103\u0219indu-\u0219i cu \u00eencredere concuren\u021bii. La fabricarea lamelor se utilizeaz\u0103 \u0219tan\u021barea \u0219i t\u0103ierea cu laser pe cele mai moderne echipamente, iar duritatea \u0219i tenacitatea o\u021belului, procentul de crom \u0219i nichel sunt alese cu deosebit\u0103 aten\u021bie.<\/p>\n<p><\/p>","protected":false},"excerpt":{"rendered":"","protected":false},"featured_media":57881,"comment_status":"open","ping_status":"closed","template":"","meta":{"_acf_changed":false,"inline_featured_image":false},"product_brand":[1445],"product_cat":[169],"product_tag":[],"class_list":{"0":"post-56855","1":"product","2":"type-product","3":"status-publish","4":"has-post-thumbnail","6":"product_brand-crkt","7":"product_cat-knives","9":"first","10":"instock","11":"shipping-taxable","12":"purchasable","13":"product-type-simple"},"acf":[],"yoast_head":"<!-- This site is optimized with the Yoast SEO plugin v27.4 - https:\/\/yoast.com\/product\/yoast-seo-wordpress\/ -->\n<title>\u041d\u043e\u0436 CRKT Flat Out - \u041c\u0430\u0433\u0430\u0437\u0438\u043d Xstyle<\/title>\n<meta name=\"description\" content=\"\u041d\u043e\u0436 CRKT Flat Out \u2014 \u0438\u0434\u0435\u0430\u043b\u044c\u043d\u044b\u0439 \u0432\u044b\u0431\u043e\u0440 \u0434\u043b\u044f \u043b\u044e\u0431\u0438\u0442\u0435\u043b\u0435\u0439 \u043a\u0430\u0447\u0435\u0441\u0442\u0432\u0435\u043d\u043d\u044b\u0445 \u0441\u043a\u043b\u0430\u0434\u043d\u044b\u0445 \u043d\u043e\u0436\u0435\u0439. \u042d\u043b\u0435\u0433\u0430\u043d\u0442\u043d\u044b\u0439 \u0434\u0438\u0437\u0430\u0439\u043d \u0438 \u043f\u0440\u043e\u0447\u043d\u044b\u0439 \u0441\u0442\u0430\u043b\u044c\u043d\u043e\u0439 \u043a\u043b\u0438\u043d\u043e\u043a 8Cr13MoV \u043e\u0431\u0435\u0441\u043f\u0435\u0447\u0438\u0432\u0430\u044e\u0442 \u043d\u0430\u0434\u0435\u0436\u043d\u043e\u0441\u0442\u044c.\" \/>\n<meta name=\"robots\" content=\"index, follow, max-snippet:-1, max-image-preview:large, max-video-preview:-1\" \/>\n<link rel=\"canonical\" href=\"https:\/\/xstyle.md\/ro\/produs\/nozh-crkt-flat-out\/\" \/>\n<meta property=\"og:locale\" content=\"ro_RO\" \/>\n<meta property=\"og:type\" content=\"article\" \/>\n<meta property=\"og:title\" content=\"\u041d\u043e\u0436 CRKT Flat Out - \u041c\u0430\u0433\u0430\u0437\u0438\u043d Xstyle\" \/>\n<meta property=\"og:description\" content=\"\u041d\u043e\u0436 CRKT Flat Out \u2014 \u0438\u0434\u0435\u0430\u043b\u044c\u043d\u044b\u0439 \u0432\u044b\u0431\u043e\u0440 \u0434\u043b\u044f \u043b\u044e\u0431\u0438\u0442\u0435\u043b\u0435\u0439 \u043a\u0430\u0447\u0435\u0441\u0442\u0432\u0435\u043d\u043d\u044b\u0445 \u0441\u043a\u043b\u0430\u0434\u043d\u044b\u0445 \u043d\u043e\u0436\u0435\u0439. \u042d\u043b\u0435\u0433\u0430\u043d\u0442\u043d\u044b\u0439 \u0434\u0438\u0437\u0430\u0439\u043d \u0438 \u043f\u0440\u043e\u0447\u043d\u044b\u0439 \u0441\u0442\u0430\u043b\u044c\u043d\u043e\u0439 \u043a\u043b\u0438\u043d\u043e\u043a 8Cr13MoV \u043e\u0431\u0435\u0441\u043f\u0435\u0447\u0438\u0432\u0430\u044e\u0442 \u043d\u0430\u0434\u0435\u0436\u043d\u043e\u0441\u0442\u044c.\" \/>\n<meta property=\"og:url\" content=\"https:\/\/xstyle.md\/ro\/produs\/nozh-crkt-flat-out\/\" \/>\n<meta property=\"og:site_name\" content=\"\u041c\u0430\u0433\u0430\u0437\u0438\u043d Xstyle\" \/>\n<meta property=\"article:publisher\" content=\"https:\/\/www.facebook.com\/xstylemd\" \/>\n<meta property=\"article:modified_time\" content=\"2025-10-28T15:02:08+00:00\" \/>\n<meta property=\"og:image\" content=\"https:\/\/xstyle.md\/wp-content\/uploads\/2022\/10\/crkt-flat-out.jpg\" \/>\n\t<meta property=\"og:image:width\" content=\"690\" \/>\n\t<meta property=\"og:image:height\" content=\"696\" \/>\n\t<meta property=\"og:image:type\" content=\"image\/jpeg\" \/>\n<meta name=\"twitter:card\" content=\"summary_large_image\" \/>\n<meta name=\"twitter:label1\" content=\"Pre\u021b\" \/>\n\t<meta name=\"twitter:data1\" content=\"1.350&nbsp;MDL\" \/>\n\t<meta name=\"twitter:label2\" content=\"Disponibilitate\" \/>\n\t<meta name=\"twitter:data2\" content=\"\u00cen stoc\" \/>\n<script type=\"application\/ld+json\" class=\"yoast-schema-graph\">{\"@context\":\"https:\\\/\\\/schema.org\",\"@graph\":[{\"@type\":\"WebPage\",\"@id\":\"https:\\\/\\\/xstyle.md\\\/product\\\/nozh-crkt-flat-out\\\/\",\"url\":\"https:\\\/\\\/xstyle.md\\\/product\\\/nozh-crkt-flat-out\\\/\",\"name\":\"\u041d\u043e\u0436 CRKT Flat Out - \u041c\u0430\u0433\u0430\u0437\u0438\u043d Xstyle\",\"isPartOf\":{\"@id\":\"https:\\\/\\\/xstyle.md\\\/#website\"},\"primaryImageOfPage\":{\"@id\":\"https:\\\/\\\/xstyle.md\\\/product\\\/nozh-crkt-flat-out\\\/#primaryimage\"},\"image\":{\"@id\":\"https:\\\/\\\/xstyle.md\\\/product\\\/nozh-crkt-flat-out\\\/#primaryimage\"},\"thumbnailUrl\":\"https:\\\/\\\/xstyle.md\\\/wp-content\\\/uploads\\\/2022\\\/10\\\/crkt-flat-out.jpg\",\"datePublished\":\"2022-10-24T14:31:24+00:00\",\"dateModified\":\"2025-10-28T15:02:08+00:00\",\"description\":\"\u041d\u043e\u0436 CRKT Flat Out \u2014 \u0438\u0434\u0435\u0430\u043b\u044c\u043d\u044b\u0439 \u0432\u044b\u0431\u043e\u0440 \u0434\u043b\u044f \u043b\u044e\u0431\u0438\u0442\u0435\u043b\u0435\u0439 \u043a\u0430\u0447\u0435\u0441\u0442\u0432\u0435\u043d\u043d\u044b\u0445 \u0441\u043a\u043b\u0430\u0434\u043d\u044b\u0445 \u043d\u043e\u0436\u0435\u0439. \u042d\u043b\u0435\u0433\u0430\u043d\u0442\u043d\u044b\u0439 \u0434\u0438\u0437\u0430\u0439\u043d \u0438 \u043f\u0440\u043e\u0447\u043d\u044b\u0439 \u0441\u0442\u0430\u043b\u044c\u043d\u043e\u0439 \u043a\u043b\u0438\u043d\u043e\u043a 8Cr13MoV \u043e\u0431\u0435\u0441\u043f\u0435\u0447\u0438\u0432\u0430\u044e\u0442 \u043d\u0430\u0434\u0435\u0436\u043d\u043e\u0441\u0442\u044c.\",\"breadcrumb\":{\"@id\":\"https:\\\/\\\/xstyle.md\\\/product\\\/nozh-crkt-flat-out\\\/#breadcrumb\"},\"inLanguage\":\"ro-RO\",\"potentialAction\":[{\"@type\":\"ReadAction\",\"target\":[\"https:\\\/\\\/xstyle.md\\\/product\\\/nozh-crkt-flat-out\\\/\"]}]},{\"@type\":\"ImageObject\",\"inLanguage\":\"ro-RO\",\"@id\":\"https:\\\/\\\/xstyle.md\\\/product\\\/nozh-crkt-flat-out\\\/#primaryimage\",\"url\":\"https:\\\/\\\/xstyle.md\\\/wp-content\\\/uploads\\\/2022\\\/10\\\/crkt-flat-out.jpg\",\"contentUrl\":\"https:\\\/\\\/xstyle.md\\\/wp-content\\\/uploads\\\/2022\\\/10\\\/crkt-flat-out.jpg\",\"width\":690,\"height\":696,\"caption\":\"\u041c\u0438\u043d\u0438\u0430\u0442\u044e\u0440\u043d\u044b\u0439 \u043d\u043e\u0436 CRKT Flat Out \u0434\u043b\u044f \u0430\u043a\u0442\u0438\u0432\u043d\u043e\u0433\u043e \u043e\u0442\u0434\u044b\u0445\u0430, \u0442\u0443\u0440\u0438\u0437\u043c\u0430 \u0438 \u043f\u043e\u0445\u043e\u0434\u043e\u0432, \u0442\u0443\u0440\u0438\u0441\u0442\u0438\u0447\u0435\u0441\u043a\u0430\u044f \u0441\u043d\u0430\u0440\u044f\u0436\u0435\u043d\u0438\u0435, \u043e\u0431\u0443\u0432\u044c \u0438 \u043e\u0434\u0435\u0436\u0434\u0430 \u0434\u043b\u044f \u0430\u043a\u0442\u0438\u0432\u043d\u043e\u0433\u043e \u043e\u0431\u0440\u0430\u0437\u0430 \u0436\u0438\u0437\u043d\u0438 \u0438 \u043f\u0443\u0442\u0435\u0448\u0435\u0441\u0442\u0432\u0438\u0439\"},{\"@type\":\"BreadcrumbList\",\"@id\":\"https:\\\/\\\/xstyle.md\\\/product\\\/nozh-crkt-flat-out\\\/#breadcrumb\",\"itemListElement\":[{\"@type\":\"ListItem\",\"position\":1,\"name\":\"\u0413\u043b\u0430\u0432\u043d\u0430\u044f \u0441\u0442\u0440\u0430\u043d\u0438\u0446\u0430\",\"item\":\"https:\\\/\\\/xstyle.md\\\/\"},{\"@type\":\"ListItem\",\"position\":2,\"name\":\"\u041c\u0430\u0433\u0430\u0437\u0438\u043d\",\"item\":\"https:\\\/\\\/xstyle.md\\\/shop\\\/\"},{\"@type\":\"ListItem\",\"position\":3,\"name\":\"\u041d\u043e\u0436 CRKT Flat Out\"}]},{\"@type\":\"WebSite\",\"@id\":\"https:\\\/\\\/xstyle.md\\\/#website\",\"url\":\"https:\\\/\\\/xstyle.md\\\/\",\"name\":\"\u041c\u0430\u0433\u0430\u0437\u0438\u043d Xstyle\",\"description\":\"C\u043d\u0430\u0440\u044f\u0436\u0435\u043d\u0438\u0435 \u0434\u043b\u044f \u0442\u0443\u0440\u0438\u0437\u043c\u0430 \u0438 \u044d\u043a\u0441\u0442\u0440\u0435\u043c\u0430\u043b\u044c\u043d\u044b\u0445 \u0432\u0438\u0434\u043e\u0432 \u0441\u043f\u043e\u0440\u0442\u0430 \u0432 \u041c\u043e\u043b\u0434\u043e\u0432\u0435.. \u0426\u0435\u043d\u044b, \u0444\u043e\u0442\u043e, \u0445\u0430\u0440\u0430\u043a\u0442\u0435\u0440\u0438\u0441\u0442\u0438\u043a\u0438 \u0432 \u041c\u043e\u043b\u0434\u043e\u0432\u0435.\",\"publisher\":{\"@id\":\"https:\\\/\\\/xstyle.md\\\/#organization\"},\"alternateName\":\"X-Style\",\"potentialAction\":[{\"@type\":\"SearchAction\",\"target\":{\"@type\":\"EntryPoint\",\"urlTemplate\":\"https:\\\/\\\/xstyle.md\\\/?s={search_term_string}\"},\"query-input\":{\"@type\":\"PropertyValueSpecification\",\"valueRequired\":true,\"valueName\":\"search_term_string\"}}],\"inLanguage\":\"ro-RO\"},{\"@type\":\"Organization\",\"@id\":\"https:\\\/\\\/xstyle.md\\\/#organization\",\"name\":\"\u041c\u0430\u0433\u0430\u0437\u0438\u043d Xstyle\",\"alternateName\":\"x-style\",\"url\":\"https:\\\/\\\/xstyle.md\\\/\",\"logo\":{\"@type\":\"ImageObject\",\"inLanguage\":\"ro-RO\",\"@id\":\"https:\\\/\\\/xstyle.md\\\/#\\\/schema\\\/logo\\\/image\\\/\",\"url\":\"https:\\\/\\\/xstyle.md\\\/wp-content\\\/uploads\\\/2020\\\/06\\\/logoicon.svg\",\"contentUrl\":\"https:\\\/\\\/xstyle.md\\\/wp-content\\\/uploads\\\/2020\\\/06\\\/logoicon.svg\",\"caption\":\"\u041c\u0430\u0433\u0430\u0437\u0438\u043d Xstyle\"},\"image\":{\"@id\":\"https:\\\/\\\/xstyle.md\\\/#\\\/schema\\\/logo\\\/image\\\/\"},\"sameAs\":[\"https:\\\/\\\/www.facebook.com\\\/xstylemd\",\"https:\\\/\\\/www.instagram.com\\\/xstyle_md\\\/\",\"https:\\\/\\\/t.me\\\/xstyle_outdoor\"],\"hasMerchantReturnPolicy\":{\"@type\":\"MerchantReturnPolicy\",\"merchantReturnLink\":\"https:\\\/\\\/xstyle.md\\\/ro\\\/conditions\\\/\"}}]}<\/script>\n<meta property=\"product:price:amount\" content=\"1350.00\" \/>\n<meta property=\"product:price:currency\" content=\"MDL\" \/>\n<meta property=\"og:availability\" content=\"instock\" \/>\n<meta property=\"product:availability\" content=\"instock\" \/>\n<meta property=\"product:retailer_item_id\" content=\"2000990054302\" \/>\n<meta property=\"product:condition\" content=\"new\" \/>\n<!-- \/ Yoast SEO plugin. -->","yoast_head_json":{"title":"Cu\u021bit CRKT Flat Out - Magazin Xstyle","description":"Cu\u021bitul CRKT Flat Out este alegerea perfect\u0103 pentru pasiona\u021bii de cu\u021bite pliabile de calitate. Designul elegant \u0219i lama de o\u021bel rezistent 8Cr13MoV asigur\u0103 fiabilitate.","robots":{"index":"index","follow":"follow","max-snippet":"max-snippet:-1","max-image-preview":"max-image-preview:large","max-video-preview":"max-video-preview:-1"},"canonical":"https:\/\/xstyle.md\/ro\/produs\/nozh-crkt-flat-out\/","og_locale":"ro_RO","og_type":"article","og_title":"\u041d\u043e\u0436 CRKT Flat Out - \u041c\u0430\u0433\u0430\u0437\u0438\u043d Xstyle","og_description":"\u041d\u043e\u0436 CRKT Flat Out \u2014 \u0438\u0434\u0435\u0430\u043b\u044c\u043d\u044b\u0439 \u0432\u044b\u0431\u043e\u0440 \u0434\u043b\u044f \u043b\u044e\u0431\u0438\u0442\u0435\u043b\u0435\u0439 \u043a\u0430\u0447\u0435\u0441\u0442\u0432\u0435\u043d\u043d\u044b\u0445 \u0441\u043a\u043b\u0430\u0434\u043d\u044b\u0445 \u043d\u043e\u0436\u0435\u0439. \u042d\u043b\u0435\u0433\u0430\u043d\u0442\u043d\u044b\u0439 \u0434\u0438\u0437\u0430\u0439\u043d \u0438 \u043f\u0440\u043e\u0447\u043d\u044b\u0439 \u0441\u0442\u0430\u043b\u044c\u043d\u043e\u0439 \u043a\u043b\u0438\u043d\u043e\u043a 8Cr13MoV \u043e\u0431\u0435\u0441\u043f\u0435\u0447\u0438\u0432\u0430\u044e\u0442 \u043d\u0430\u0434\u0435\u0436\u043d\u043e\u0441\u0442\u044c.","og_url":"https:\/\/xstyle.md\/ro\/produs\/nozh-crkt-flat-out\/","og_site_name":"\u041c\u0430\u0433\u0430\u0437\u0438\u043d Xstyle","article_publisher":"https:\/\/www.facebook.com\/xstylemd","article_modified_time":"2025-10-28T15:02:08+00:00","og_image":[{"width":690,"height":696,"url":"https:\/\/xstyle.md\/wp-content\/uploads\/2022\/10\/crkt-flat-out.jpg","type":"image\/jpeg"}],"twitter_card":"summary_large_image","twitter_misc":{"Pre\u021b":"1.350&nbsp;MDL","Disponibilitate":"\u00cen stoc"},"schema":{"@context":"https:\/\/schema.org","@graph":[{"@type":"WebPage","@id":"https:\/\/xstyle.md\/product\/nozh-crkt-flat-out\/","url":"https:\/\/xstyle.md\/product\/nozh-crkt-flat-out\/","name":"Cu\u021bit CRKT Flat Out - Magazin Xstyle","isPartOf":{"@id":"https:\/\/xstyle.md\/#website"},"primaryImageOfPage":{"@id":"https:\/\/xstyle.md\/product\/nozh-crkt-flat-out\/#primaryimage"},"image":{"@id":"https:\/\/xstyle.md\/product\/nozh-crkt-flat-out\/#primaryimage"},"thumbnailUrl":"https:\/\/xstyle.md\/wp-content\/uploads\/2022\/10\/crkt-flat-out.jpg","datePublished":"2022-10-24T14:31:24+00:00","dateModified":"2025-10-28T15:02:08+00:00","description":"Cu\u021bitul CRKT Flat Out este alegerea perfect\u0103 pentru pasiona\u021bii de cu\u021bite pliabile de calitate. Designul elegant \u0219i lama de o\u021bel rezistent 8Cr13MoV asigur\u0103 fiabilitate.","breadcrumb":{"@id":"https:\/\/xstyle.md\/product\/nozh-crkt-flat-out\/#breadcrumb"},"inLanguage":"ro-RO","potentialAction":[{"@type":"ReadAction","target":["https:\/\/xstyle.md\/product\/nozh-crkt-flat-out\/"]}]},{"@type":"ImageObject","inLanguage":"ro-RO","@id":"https:\/\/xstyle.md\/product\/nozh-crkt-flat-out\/#primaryimage","url":"https:\/\/xstyle.md\/wp-content\/uploads\/2022\/10\/crkt-flat-out.jpg","contentUrl":"https:\/\/xstyle.md\/wp-content\/uploads\/2022\/10\/crkt-flat-out.jpg","width":690,"height":696,"caption":"\u041c\u0438\u043d\u0438\u0430\u0442\u044e\u0440\u043d\u044b\u0439 \u043d\u043e\u0436 CRKT Flat Out \u0434\u043b\u044f \u0430\u043a\u0442\u0438\u0432\u043d\u043e\u0433\u043e \u043e\u0442\u0434\u044b\u0445\u0430, \u0442\u0443\u0440\u0438\u0437\u043c\u0430 \u0438 \u043f\u043e\u0445\u043e\u0434\u043e\u0432, \u0442\u0443\u0440\u0438\u0441\u0442\u0438\u0447\u0435\u0441\u043a\u0430\u044f \u0441\u043d\u0430\u0440\u044f\u0436\u0435\u043d\u0438\u0435, \u043e\u0431\u0443\u0432\u044c \u0438 \u043e\u0434\u0435\u0436\u0434\u0430 \u0434\u043b\u044f \u0430\u043a\u0442\u0438\u0432\u043d\u043e\u0433\u043e \u043e\u0431\u0440\u0430\u0437\u0430 \u0436\u0438\u0437\u043d\u0438 \u0438 \u043f\u0443\u0442\u0435\u0448\u0435\u0441\u0442\u0432\u0438\u0439"},{"@type":"BreadcrumbList","@id":"https:\/\/xstyle.md\/product\/nozh-crkt-flat-out\/#breadcrumb","itemListElement":[{"@type":"ListItem","position":1,"name":"\u0413\u043b\u0430\u0432\u043d\u0430\u044f \u0441\u0442\u0440\u0430\u043d\u0438\u0446\u0430","item":"https:\/\/xstyle.md\/"},{"@type":"ListItem","position":2,"name":"\u041c\u0430\u0433\u0430\u0437\u0438\u043d","item":"https:\/\/xstyle.md\/shop\/"},{"@type":"ListItem","position":3,"name":"\u041d\u043e\u0436 CRKT Flat Out"}]},{"@type":"WebSite","@id":"https:\/\/xstyle.md\/#website","url":"https:\/\/xstyle.md\/","name":"Magazinul X-Style","description":"Echipamente pentru turism \u0219i sporturi extreme \u00een Moldova. Pre\u021buri, fotografii, caracteristici \u00een Moldova.","publisher":{"@id":"https:\/\/xstyle.md\/#organization"},"alternateName":"X-Style","potentialAction":[{"@type":"SearchAction","target":{"@type":"EntryPoint","urlTemplate":"https:\/\/xstyle.md\/?s={search_term_string}"},"query-input":{"@type":"PropertyValueSpecification","valueRequired":true,"valueName":"search_term_string"}}],"inLanguage":"ro-RO"},{"@type":"Organization","@id":"https:\/\/xstyle.md\/#organization","name":"Magazinul X-Style","alternateName":"x-style","url":"https:\/\/xstyle.md\/","logo":{"@type":"ImageObject","inLanguage":"ro-RO","@id":"https:\/\/xstyle.md\/#\/schema\/logo\/image\/","url":"https:\/\/xstyle.md\/wp-content\/uploads\/2020\/06\/logoicon.svg","contentUrl":"https:\/\/xstyle.md\/wp-content\/uploads\/2020\/06\/logoicon.svg","caption":"\u041c\u0430\u0433\u0430\u0437\u0438\u043d Xstyle"},"image":{"@id":"https:\/\/xstyle.md\/#\/schema\/logo\/image\/"},"sameAs":["https:\/\/www.facebook.com\/xstylemd","https:\/\/www.instagram.com\/xstyle_md\/","https:\/\/t.me\/xstyle_outdoor"],"hasMerchantReturnPolicy":{"@type":"MerchantReturnPolicy","merchantReturnLink":"https:\/\/xstyle.md\/ro\/conditions\/"}}]},"product_price_amount":"1350.00","product_price_currency":"MDL","og_availability":"instock","product_availability":"instock","product_retailer_item_id":"2000990054302","product_condition":"new"},"_links":{"self":[{"href":"https:\/\/xstyle.md\/ro\/wp-json\/wp\/v2\/product\/56855","targetHints":{"allow":["GET"]}}],"collection":[{"href":"https:\/\/xstyle.md\/ro\/wp-json\/wp\/v2\/product"}],"about":[{"href":"https:\/\/xstyle.md\/ro\/wp-json\/wp\/v2\/types\/product"}],"replies":[{"embeddable":true,"href":"https:\/\/xstyle.md\/ro\/wp-json\/wp\/v2\/comments?post=56855"}],"wp:featuredmedia":[{"embeddable":true,"href":"https:\/\/xstyle.md\/ro\/wp-json\/wp\/v2\/media\/57881"}],"wp:attachment":[{"href":"https:\/\/xstyle.md\/ro\/wp-json\/wp\/v2\/media?parent=56855"}],"wp:term":[{"taxonomy":"product_brand","embeddable":true,"href":"https:\/\/xstyle.md\/ro\/wp-json\/wp\/v2\/product_brand?post=56855"},{"taxonomy":"product_cat","embeddable":true,"href":"https:\/\/xstyle.md\/ro\/wp-json\/wp\/v2\/product_cat?post=56855"},{"taxonomy":"product_tag","embeddable":true,"href":"https:\/\/xstyle.md\/ro\/wp-json\/wp\/v2\/product_tag?post=56855"}],"curies":[{"name":"wp","href":"https:\/\/api.w.org\/{rel}","templated":true}]}}