{"id":56846,"date":"2022-10-24T12:41:21","date_gmt":"2022-10-24T09:41:21","guid":{"rendered":"https:\/\/xstyle.md\/?post_type=product&#038;p=56846"},"modified":"2025-10-24T12:31:51","modified_gmt":"2025-10-24T09:31:51","slug":"nozh-crkt-avant-4620","status":"publish","type":"product","link":"https:\/\/xstyle.md\/ro\/produs\/nozh-crkt-avant-4620\/","title":{"rendered":"Cu\u021bit CRKT Avant 4620"},"content":{"rendered":"<\/p>\n<p><strong>CRKT Avant 4620<\/strong> &#8212; acest cu\u021bit pliabil are o dimensiune medie \u0219i o construc\u021bie robust\u0103 \u0219i este conceput pentru sarcini destul de serioase at\u00e2t \u00een ora\u0219, c\u00e2t \u0219i \u00een timpul activit\u0103\u021bilor de recreere \u00een aer liber.<\/p>\n<p>Lama drop-point este realizat\u0103 cu cobor\u00e2ri concave, ceea ce \u00eenzestreaz\u0103 cu\u021bitul cu o t\u0103iere u\u0219oar\u0103 \u0219i de lung\u0103 durat\u0103. V\u00e2rful pronun\u021bat, situat pe axa de aplicare a for\u021bei, are capacit\u0103\u021bi bune de penetrare \u0219i este convenabil pentru lucr\u0103ri mici.<\/p>\n<p>Materialul utilizat este o\u021belul inoxidabil cu carbon 8Cr14MoV, c\u0103lit la o duritate de 57-59 HRC. Lama fabricat\u0103 dintr-un astfel de o\u021bel are propriet\u0103\u021bi bune de t\u0103iere \u0219i poate fi bine ascu\u021bit\u0103.<\/p>\n<p>Lama poate fi extras\u0103 fie cu ajutorul unui disc plasat simetric pe margine, fie cu ajutorul unei aripioare la baza lamei. \u00cen ambele cazuri, cu\u021bitul este u\u0219or de deschis cu ambele m\u00e2ini. Liner Lock este optimizat pentru deschiderea \u0219i \u00eenchiderea cu o singur\u0103 m\u00e2n\u0103 a cu\u021bitului. Ansamblul axei este prev\u0103zut cu rulmen\u021bi cu bile IKBS.<\/p>\n<p>Corpul m\u00e2nerului este fabricat din o\u021bel inoxidabil. C\u0103ptu\u0219elile sunt realizate din fibr\u0103 de carbon u\u0219oar\u0103 \u0219i durabil\u0103. M\u00e2nerul are dimensiuni destul de mari (lungime 111 mm, grosime 13 mm) \u0219i este realizat cu o curbur\u0103 pentru palm\u0103 pe spate. Acest m\u00e2ner umple palma m\u00e2inii, permi\u021b\u00e2ndu-v\u0103 s\u0103 \u021bine\u021bi confortabil \u0219i s\u0103 manipula\u021bi cu \u00eencredere cu\u021bitul CRKT Avant Linerlock.<\/p>\n<p>Clipul de buzunar din o\u021bel \u0219i \u0219urubul capacului sunt anodizate \u00een bronz.<\/p>\n<h3>Caracteristici<\/h3>\n<ul>\n<li>Tip cu\u021bit: pliabil<\/li>\n<li>Tip de t\u0103i\u0219: regulat<\/li>\n<li>Tip de blocare: Liner Lock<\/li>\n<li>Lungime total\u0103: 19,1 cm<\/li>\n<li>Lungimea lamei: 8 cm<\/li>\n<li>Material m\u00e2ner: G-10<\/li>\n<li>Duritatea o\u021belului: 57-59 HRC<\/li>\n<li>Grad de o\u021bel: 8Cr14MoV<\/li>\n<li>Greutate: 152 g.<\/li>\n<\/ul>\n<h3>Marca<\/h3>\n<p>CRKT este o companie produc\u0103toare de cu\u021bite destul de t\u00e2n\u0103r\u0103, care \u0219i-a \u00eenceput activitatea \u00een 1994, dar a reu\u0219it s\u0103 atrag\u0103 rapid aten\u021bia cunosc\u0103torilor de cu\u021bite din \u00eentreaga lume. Arsenalul companiei include un sortiment uria\u0219 de cu\u021bite pentru diverse scopuri, caracterizate nu numai prin calitate excelent\u0103, ci \u0219i prin originalitate \u0219i un concept de design de marc\u0103. Compania angajeaz\u0103 aproximativ treizeci de designeri de renume mondial, datorit\u0103 c\u0103rora produsele CRKT sunt recognoscibile \u00een cercuri largi.<\/p>\n<p>CRKT este foarte scrupuloas\u0103 \u00een ceea ce prive\u0219te calitatea produselor sale. Tehnicienii companiei au reu\u0219it s\u0103 g\u0103seasc\u0103 propria &#171;cheie&#187; pentru utilizarea o\u021belului pentru lame de diferite calit\u0103\u021bi. Acesta este motivul pentru care cu\u021bitele CRKT se echilibreaz\u0103 cu \u00eencredere pe linia sub\u021bire dintre pre\u021b \u0219i calitate, dep\u0103\u0219indu-\u0219i cu \u00eencredere concuren\u021bii. La fabricarea lamelor se folose\u0219te \u0219tan\u021barea \u0219i t\u0103ierea cu laser pe cele mai moderne echipamente, iar duritatea \u0219i tenacitatea o\u021belului, procentul de crom \u0219i nichel sunt alese cu o aten\u021bie deosebit\u0103.<\/p>\n<p><\/p>","protected":false},"excerpt":{"rendered":"","protected":false},"featured_media":57848,"comment_status":"open","ping_status":"closed","template":"","meta":{"_acf_changed":false,"inline_featured_image":false},"product_brand":[1445],"product_cat":[169],"product_tag":[],"class_list":{"0":"post-56846","1":"product","2":"type-product","3":"status-publish","4":"has-post-thumbnail","6":"product_brand-crkt","7":"product_cat-knives","9":"first","10":"instock","11":"shipping-taxable","12":"purchasable","13":"product-type-simple"},"acf":[],"yoast_head":"<!-- This site is optimized with the Yoast SEO plugin v27.4 - https:\/\/yoast.com\/product\/yoast-seo-wordpress\/ -->\n<title>\u041d\u043e\u0436 CRKT Avant 4620 - \u041c\u0430\u0433\u0430\u0437\u0438\u043d Xstyle<\/title>\n<meta name=\"description\" content=\"\u041f\u043e\u043b\u0443\u0447\u0438\u0442\u0435 \u043d\u043e\u0436 CRKT Avant 4620 \u0441 \u043b\u0435\u0437\u0432\u0438\u0435\u043c \u0438\u0437 8Cr14MoV, \u043d\u0430\u0434\u0435\u0436\u043d\u044b\u043c \u0437\u0430\u043c\u043a\u043e\u043c Liner Lock \u0438 \u043f\u0440\u043e\u0447\u043d\u043e\u0439 \u0440\u0443\u043a\u043e\u044f\u0442\u043a\u043e\u0439 G10. \u0418\u0434\u0435\u0430\u043b\u0435\u043d \u0434\u043b\u044f \u0433\u043e\u0440\u043e\u0434\u0441\u043a\u043e\u0439 \u0438 \u0430\u043a\u0442\u0438\u0432\u043d\u043e\u0439 \u0436\u0438\u0437\u043d\u0438!\" \/>\n<meta name=\"robots\" content=\"index, follow, max-snippet:-1, max-image-preview:large, max-video-preview:-1\" \/>\n<link rel=\"canonical\" href=\"https:\/\/xstyle.md\/ro\/produs\/nozh-crkt-avant-4620\/\" \/>\n<meta property=\"og:locale\" content=\"ro_RO\" \/>\n<meta property=\"og:type\" content=\"article\" \/>\n<meta property=\"og:title\" content=\"\u041d\u043e\u0436 CRKT Avant 4620 - \u041c\u0430\u0433\u0430\u0437\u0438\u043d Xstyle\" \/>\n<meta property=\"og:description\" content=\"\u041f\u043e\u043b\u0443\u0447\u0438\u0442\u0435 \u043d\u043e\u0436 CRKT Avant 4620 \u0441 \u043b\u0435\u0437\u0432\u0438\u0435\u043c \u0438\u0437 8Cr14MoV, \u043d\u0430\u0434\u0435\u0436\u043d\u044b\u043c \u0437\u0430\u043c\u043a\u043e\u043c Liner Lock \u0438 \u043f\u0440\u043e\u0447\u043d\u043e\u0439 \u0440\u0443\u043a\u043e\u044f\u0442\u043a\u043e\u0439 G10. \u0418\u0434\u0435\u0430\u043b\u0435\u043d \u0434\u043b\u044f \u0433\u043e\u0440\u043e\u0434\u0441\u043a\u043e\u0439 \u0438 \u0430\u043a\u0442\u0438\u0432\u043d\u043e\u0439 \u0436\u0438\u0437\u043d\u0438!\" \/>\n<meta property=\"og:url\" content=\"https:\/\/xstyle.md\/ro\/produs\/nozh-crkt-avant-4620\/\" \/>\n<meta property=\"og:site_name\" content=\"\u041c\u0430\u0433\u0430\u0437\u0438\u043d Xstyle\" \/>\n<meta property=\"article:publisher\" content=\"https:\/\/www.facebook.com\/xstylemd\" \/>\n<meta property=\"article:modified_time\" content=\"2025-10-24T09:31:51+00:00\" \/>\n<meta property=\"og:image\" content=\"https:\/\/xstyle.md\/wp-content\/uploads\/2022\/10\/crkt-avant-4620.jpg\" \/>\n\t<meta property=\"og:image:width\" content=\"796\" \/>\n\t<meta property=\"og:image:height\" content=\"754\" \/>\n\t<meta property=\"og:image:type\" content=\"image\/jpeg\" \/>\n<meta name=\"twitter:card\" content=\"summary_large_image\" \/>\n<meta name=\"twitter:label1\" content=\"Pre\u021b\" \/>\n\t<meta name=\"twitter:data1\" content=\"2.150&nbsp;MDL\" \/>\n\t<meta name=\"twitter:label2\" content=\"Disponibilitate\" \/>\n\t<meta name=\"twitter:data2\" content=\"\u00cen stoc\" \/>\n<script type=\"application\/ld+json\" class=\"yoast-schema-graph\">{\"@context\":\"https:\\\/\\\/schema.org\",\"@graph\":[{\"@type\":\"WebPage\",\"@id\":\"https:\\\/\\\/xstyle.md\\\/product\\\/nozh-crkt-avant-4620\\\/\",\"url\":\"https:\\\/\\\/xstyle.md\\\/product\\\/nozh-crkt-avant-4620\\\/\",\"name\":\"\u041d\u043e\u0436 CRKT Avant 4620 - \u041c\u0430\u0433\u0430\u0437\u0438\u043d Xstyle\",\"isPartOf\":{\"@id\":\"https:\\\/\\\/xstyle.md\\\/#website\"},\"primaryImageOfPage\":{\"@id\":\"https:\\\/\\\/xstyle.md\\\/product\\\/nozh-crkt-avant-4620\\\/#primaryimage\"},\"image\":{\"@id\":\"https:\\\/\\\/xstyle.md\\\/product\\\/nozh-crkt-avant-4620\\\/#primaryimage\"},\"thumbnailUrl\":\"https:\\\/\\\/xstyle.md\\\/wp-content\\\/uploads\\\/2022\\\/10\\\/crkt-avant-4620.jpg\",\"datePublished\":\"2022-10-24T09:41:21+00:00\",\"dateModified\":\"2025-10-24T09:31:51+00:00\",\"description\":\"\u041f\u043e\u043b\u0443\u0447\u0438\u0442\u0435 \u043d\u043e\u0436 CRKT Avant 4620 \u0441 \u043b\u0435\u0437\u0432\u0438\u0435\u043c \u0438\u0437 8Cr14MoV, \u043d\u0430\u0434\u0435\u0436\u043d\u044b\u043c \u0437\u0430\u043c\u043a\u043e\u043c Liner Lock \u0438 \u043f\u0440\u043e\u0447\u043d\u043e\u0439 \u0440\u0443\u043a\u043e\u044f\u0442\u043a\u043e\u0439 G10. \u0418\u0434\u0435\u0430\u043b\u0435\u043d \u0434\u043b\u044f \u0433\u043e\u0440\u043e\u0434\u0441\u043a\u043e\u0439 \u0438 \u0430\u043a\u0442\u0438\u0432\u043d\u043e\u0439 \u0436\u0438\u0437\u043d\u0438!\",\"breadcrumb\":{\"@id\":\"https:\\\/\\\/xstyle.md\\\/product\\\/nozh-crkt-avant-4620\\\/#breadcrumb\"},\"inLanguage\":\"ro-RO\",\"potentialAction\":[{\"@type\":\"ReadAction\",\"target\":[\"https:\\\/\\\/xstyle.md\\\/product\\\/nozh-crkt-avant-4620\\\/\"]}]},{\"@type\":\"ImageObject\",\"inLanguage\":\"ro-RO\",\"@id\":\"https:\\\/\\\/xstyle.md\\\/product\\\/nozh-crkt-avant-4620\\\/#primaryimage\",\"url\":\"https:\\\/\\\/xstyle.md\\\/wp-content\\\/uploads\\\/2022\\\/10\\\/crkt-avant-4620.jpg\",\"contentUrl\":\"https:\\\/\\\/xstyle.md\\\/wp-content\\\/uploads\\\/2022\\\/10\\\/crkt-avant-4620.jpg\",\"width\":796,\"height\":754,\"caption\":\"\u0422\u043e\u0432\u0430\u0440\u044b \u0434\u043b\u044f \u0430\u043a\u0442\u0438\u0432\u043d\u043e\u0433\u043e \u043e\u0442\u0434\u044b\u0445\u0430: \u043d\u043e\u0436 CRKT Avant 4620, \u043e\u0434\u0435\u0436\u0434\u0430 \u0438 \u043e\u0431\u0443\u0432\u044c \u0434\u043b\u044f \u043f\u043e\u0445\u043e\u0434\u043e\u0432, \u0430\u043b\u044c\u043f\u0438\u043d\u0438\u0437\u043c\u0430 \u0438 \u043f\u0443\u0442\u0435\u0448\u0435\u0441\u0442\u0432\u0438\u0439 \u0434\u043b\u044f \u0438\u043d\u0442\u0435\u0440\u043d\u0435\u0442-\u043c\u0430\u0433\u0430\u0437\u0438\u043d\u0430\"},{\"@type\":\"BreadcrumbList\",\"@id\":\"https:\\\/\\\/xstyle.md\\\/product\\\/nozh-crkt-avant-4620\\\/#breadcrumb\",\"itemListElement\":[{\"@type\":\"ListItem\",\"position\":1,\"name\":\"\u0413\u043b\u0430\u0432\u043d\u0430\u044f \u0441\u0442\u0440\u0430\u043d\u0438\u0446\u0430\",\"item\":\"https:\\\/\\\/xstyle.md\\\/\"},{\"@type\":\"ListItem\",\"position\":2,\"name\":\"\u041c\u0430\u0433\u0430\u0437\u0438\u043d\",\"item\":\"https:\\\/\\\/xstyle.md\\\/shop\\\/\"},{\"@type\":\"ListItem\",\"position\":3,\"name\":\"\u041d\u043e\u0436 CRKT Avant 4620\"}]},{\"@type\":\"WebSite\",\"@id\":\"https:\\\/\\\/xstyle.md\\\/#website\",\"url\":\"https:\\\/\\\/xstyle.md\\\/\",\"name\":\"\u041c\u0430\u0433\u0430\u0437\u0438\u043d Xstyle\",\"description\":\"C\u043d\u0430\u0440\u044f\u0436\u0435\u043d\u0438\u0435 \u0434\u043b\u044f \u0442\u0443\u0440\u0438\u0437\u043c\u0430 \u0438 \u044d\u043a\u0441\u0442\u0440\u0435\u043c\u0430\u043b\u044c\u043d\u044b\u0445 \u0432\u0438\u0434\u043e\u0432 \u0441\u043f\u043e\u0440\u0442\u0430 \u0432 \u041c\u043e\u043b\u0434\u043e\u0432\u0435.. \u0426\u0435\u043d\u044b, \u0444\u043e\u0442\u043e, \u0445\u0430\u0440\u0430\u043a\u0442\u0435\u0440\u0438\u0441\u0442\u0438\u043a\u0438 \u0432 \u041c\u043e\u043b\u0434\u043e\u0432\u0435.\",\"publisher\":{\"@id\":\"https:\\\/\\\/xstyle.md\\\/#organization\"},\"alternateName\":\"X-Style\",\"potentialAction\":[{\"@type\":\"SearchAction\",\"target\":{\"@type\":\"EntryPoint\",\"urlTemplate\":\"https:\\\/\\\/xstyle.md\\\/?s={search_term_string}\"},\"query-input\":{\"@type\":\"PropertyValueSpecification\",\"valueRequired\":true,\"valueName\":\"search_term_string\"}}],\"inLanguage\":\"ro-RO\"},{\"@type\":\"Organization\",\"@id\":\"https:\\\/\\\/xstyle.md\\\/#organization\",\"name\":\"\u041c\u0430\u0433\u0430\u0437\u0438\u043d Xstyle\",\"alternateName\":\"x-style\",\"url\":\"https:\\\/\\\/xstyle.md\\\/\",\"logo\":{\"@type\":\"ImageObject\",\"inLanguage\":\"ro-RO\",\"@id\":\"https:\\\/\\\/xstyle.md\\\/#\\\/schema\\\/logo\\\/image\\\/\",\"url\":\"https:\\\/\\\/xstyle.md\\\/wp-content\\\/uploads\\\/2020\\\/06\\\/logoicon.svg\",\"contentUrl\":\"https:\\\/\\\/xstyle.md\\\/wp-content\\\/uploads\\\/2020\\\/06\\\/logoicon.svg\",\"caption\":\"\u041c\u0430\u0433\u0430\u0437\u0438\u043d Xstyle\"},\"image\":{\"@id\":\"https:\\\/\\\/xstyle.md\\\/#\\\/schema\\\/logo\\\/image\\\/\"},\"sameAs\":[\"https:\\\/\\\/www.facebook.com\\\/xstylemd\",\"https:\\\/\\\/www.instagram.com\\\/xstyle_md\\\/\",\"https:\\\/\\\/t.me\\\/xstyle_outdoor\"],\"hasMerchantReturnPolicy\":{\"@type\":\"MerchantReturnPolicy\",\"merchantReturnLink\":\"https:\\\/\\\/xstyle.md\\\/ro\\\/conditions\\\/\"}}]}<\/script>\n<meta property=\"product:price:amount\" content=\"2150.00\" \/>\n<meta property=\"product:price:currency\" content=\"MDL\" \/>\n<meta property=\"og:availability\" content=\"instock\" \/>\n<meta property=\"product:availability\" content=\"instock\" \/>\n<meta property=\"product:retailer_item_id\" content=\"2000990054210\" \/>\n<meta property=\"product:condition\" content=\"new\" \/>\n<!-- \/ Yoast SEO plugin. -->","yoast_head_json":{"title":"Cu\u021bit CRKT Avant 4620 - Magazin Xstyle","description":"Ob\u021bine\u021bi cu\u021bitul CRKT Avant 4620 cu lam\u0103 din 8Cr14MoV, un sistem de blocare Liner Lock fiabil \u0219i un m\u00e2ner robust din G10. Ideal pentru via\u021ba urban\u0103 \u0219i activ\u0103!","robots":{"index":"index","follow":"follow","max-snippet":"max-snippet:-1","max-image-preview":"max-image-preview:large","max-video-preview":"max-video-preview:-1"},"canonical":"https:\/\/xstyle.md\/ro\/produs\/nozh-crkt-avant-4620\/","og_locale":"ro_RO","og_type":"article","og_title":"\u041d\u043e\u0436 CRKT Avant 4620 - \u041c\u0430\u0433\u0430\u0437\u0438\u043d Xstyle","og_description":"\u041f\u043e\u043b\u0443\u0447\u0438\u0442\u0435 \u043d\u043e\u0436 CRKT Avant 4620 \u0441 \u043b\u0435\u0437\u0432\u0438\u0435\u043c \u0438\u0437 8Cr14MoV, \u043d\u0430\u0434\u0435\u0436\u043d\u044b\u043c \u0437\u0430\u043c\u043a\u043e\u043c Liner Lock \u0438 \u043f\u0440\u043e\u0447\u043d\u043e\u0439 \u0440\u0443\u043a\u043e\u044f\u0442\u043a\u043e\u0439 G10. \u0418\u0434\u0435\u0430\u043b\u0435\u043d \u0434\u043b\u044f \u0433\u043e\u0440\u043e\u0434\u0441\u043a\u043e\u0439 \u0438 \u0430\u043a\u0442\u0438\u0432\u043d\u043e\u0439 \u0436\u0438\u0437\u043d\u0438!","og_url":"https:\/\/xstyle.md\/ro\/produs\/nozh-crkt-avant-4620\/","og_site_name":"\u041c\u0430\u0433\u0430\u0437\u0438\u043d Xstyle","article_publisher":"https:\/\/www.facebook.com\/xstylemd","article_modified_time":"2025-10-24T09:31:51+00:00","og_image":[{"width":796,"height":754,"url":"https:\/\/xstyle.md\/wp-content\/uploads\/2022\/10\/crkt-avant-4620.jpg","type":"image\/jpeg"}],"twitter_card":"summary_large_image","twitter_misc":{"Pre\u021b":"2.150&nbsp;MDL","Disponibilitate":"\u00cen stoc"},"schema":{"@context":"https:\/\/schema.org","@graph":[{"@type":"WebPage","@id":"https:\/\/xstyle.md\/product\/nozh-crkt-avant-4620\/","url":"https:\/\/xstyle.md\/product\/nozh-crkt-avant-4620\/","name":"Cu\u021bit CRKT Avant 4620 - Magazin Xstyle","isPartOf":{"@id":"https:\/\/xstyle.md\/#website"},"primaryImageOfPage":{"@id":"https:\/\/xstyle.md\/product\/nozh-crkt-avant-4620\/#primaryimage"},"image":{"@id":"https:\/\/xstyle.md\/product\/nozh-crkt-avant-4620\/#primaryimage"},"thumbnailUrl":"https:\/\/xstyle.md\/wp-content\/uploads\/2022\/10\/crkt-avant-4620.jpg","datePublished":"2022-10-24T09:41:21+00:00","dateModified":"2025-10-24T09:31:51+00:00","description":"Ob\u021bine\u021bi cu\u021bitul CRKT Avant 4620 cu lam\u0103 din 8Cr14MoV, un sistem de blocare Liner Lock fiabil \u0219i un m\u00e2ner robust din G10. Ideal pentru via\u021ba urban\u0103 \u0219i activ\u0103!","breadcrumb":{"@id":"https:\/\/xstyle.md\/product\/nozh-crkt-avant-4620\/#breadcrumb"},"inLanguage":"ro-RO","potentialAction":[{"@type":"ReadAction","target":["https:\/\/xstyle.md\/product\/nozh-crkt-avant-4620\/"]}]},{"@type":"ImageObject","inLanguage":"ro-RO","@id":"https:\/\/xstyle.md\/product\/nozh-crkt-avant-4620\/#primaryimage","url":"https:\/\/xstyle.md\/wp-content\/uploads\/2022\/10\/crkt-avant-4620.jpg","contentUrl":"https:\/\/xstyle.md\/wp-content\/uploads\/2022\/10\/crkt-avant-4620.jpg","width":796,"height":754,"caption":"\u0422\u043e\u0432\u0430\u0440\u044b \u0434\u043b\u044f \u0430\u043a\u0442\u0438\u0432\u043d\u043e\u0433\u043e \u043e\u0442\u0434\u044b\u0445\u0430: \u043d\u043e\u0436 CRKT Avant 4620, \u043e\u0434\u0435\u0436\u0434\u0430 \u0438 \u043e\u0431\u0443\u0432\u044c \u0434\u043b\u044f \u043f\u043e\u0445\u043e\u0434\u043e\u0432, \u0430\u043b\u044c\u043f\u0438\u043d\u0438\u0437\u043c\u0430 \u0438 \u043f\u0443\u0442\u0435\u0448\u0435\u0441\u0442\u0432\u0438\u0439 \u0434\u043b\u044f \u0438\u043d\u0442\u0435\u0440\u043d\u0435\u0442-\u043c\u0430\u0433\u0430\u0437\u0438\u043d\u0430"},{"@type":"BreadcrumbList","@id":"https:\/\/xstyle.md\/product\/nozh-crkt-avant-4620\/#breadcrumb","itemListElement":[{"@type":"ListItem","position":1,"name":"\u0413\u043b\u0430\u0432\u043d\u0430\u044f \u0441\u0442\u0440\u0430\u043d\u0438\u0446\u0430","item":"https:\/\/xstyle.md\/"},{"@type":"ListItem","position":2,"name":"\u041c\u0430\u0433\u0430\u0437\u0438\u043d","item":"https:\/\/xstyle.md\/shop\/"},{"@type":"ListItem","position":3,"name":"\u041d\u043e\u0436 CRKT Avant 4620"}]},{"@type":"WebSite","@id":"https:\/\/xstyle.md\/#website","url":"https:\/\/xstyle.md\/","name":"Magazinul X-Style","description":"Echipamente pentru turism \u0219i sporturi extreme \u00een Moldova. Pre\u021buri, fotografii, caracteristici \u00een Moldova.","publisher":{"@id":"https:\/\/xstyle.md\/#organization"},"alternateName":"X-Style","potentialAction":[{"@type":"SearchAction","target":{"@type":"EntryPoint","urlTemplate":"https:\/\/xstyle.md\/?s={search_term_string}"},"query-input":{"@type":"PropertyValueSpecification","valueRequired":true,"valueName":"search_term_string"}}],"inLanguage":"ro-RO"},{"@type":"Organization","@id":"https:\/\/xstyle.md\/#organization","name":"Magazinul X-Style","alternateName":"x-style","url":"https:\/\/xstyle.md\/","logo":{"@type":"ImageObject","inLanguage":"ro-RO","@id":"https:\/\/xstyle.md\/#\/schema\/logo\/image\/","url":"https:\/\/xstyle.md\/wp-content\/uploads\/2020\/06\/logoicon.svg","contentUrl":"https:\/\/xstyle.md\/wp-content\/uploads\/2020\/06\/logoicon.svg","caption":"\u041c\u0430\u0433\u0430\u0437\u0438\u043d Xstyle"},"image":{"@id":"https:\/\/xstyle.md\/#\/schema\/logo\/image\/"},"sameAs":["https:\/\/www.facebook.com\/xstylemd","https:\/\/www.instagram.com\/xstyle_md\/","https:\/\/t.me\/xstyle_outdoor"],"hasMerchantReturnPolicy":{"@type":"MerchantReturnPolicy","merchantReturnLink":"https:\/\/xstyle.md\/ro\/conditions\/"}}]},"product_price_amount":"2150.00","product_price_currency":"MDL","og_availability":"instock","product_availability":"instock","product_retailer_item_id":"2000990054210","product_condition":"new"},"_links":{"self":[{"href":"https:\/\/xstyle.md\/ro\/wp-json\/wp\/v2\/product\/56846","targetHints":{"allow":["GET"]}}],"collection":[{"href":"https:\/\/xstyle.md\/ro\/wp-json\/wp\/v2\/product"}],"about":[{"href":"https:\/\/xstyle.md\/ro\/wp-json\/wp\/v2\/types\/product"}],"replies":[{"embeddable":true,"href":"https:\/\/xstyle.md\/ro\/wp-json\/wp\/v2\/comments?post=56846"}],"wp:featuredmedia":[{"embeddable":true,"href":"https:\/\/xstyle.md\/ro\/wp-json\/wp\/v2\/media\/57848"}],"wp:attachment":[{"href":"https:\/\/xstyle.md\/ro\/wp-json\/wp\/v2\/media?parent=56846"}],"wp:term":[{"taxonomy":"product_brand","embeddable":true,"href":"https:\/\/xstyle.md\/ro\/wp-json\/wp\/v2\/product_brand?post=56846"},{"taxonomy":"product_cat","embeddable":true,"href":"https:\/\/xstyle.md\/ro\/wp-json\/wp\/v2\/product_cat?post=56846"},{"taxonomy":"product_tag","embeddable":true,"href":"https:\/\/xstyle.md\/ro\/wp-json\/wp\/v2\/product_tag?post=56846"}],"curies":[{"name":"wp","href":"https:\/\/api.w.org\/{rel}","templated":true}]}}