{"id":56837,"date":"2022-11-01T12:48:35","date_gmt":"2022-11-01T09:48:35","guid":{"rendered":"https:\/\/xstyle.md\/?post_type=product&#038;p=56837"},"modified":"2025-11-19T13:54:42","modified_gmt":"2025-11-19T10:54:42","slug":"lasty-cressi-sub-rocks-kid","status":"publish","type":"product","link":"https:\/\/xstyle.md\/ro\/produs\/lasty-cressi-sub-rocks-kid\/","title":{"rendered":"Labe Cressi-Sub Rocks Kid"},"content":{"rendered":"<\/p>\n<p><strong>Cressi-Sub Rocks Kid<\/strong> &#8212; labe pentru copii pentru \u00eenot \u00een piscin\u0103 sau \u00een ape deschise, pescuit subacvatic \u0219i scufund\u0103ri. Labe se caracterizeaz\u0103 prin designul \u0219i ergonomia lor confortabile, r\u0103m\u00e2n bine pe picioare datorit\u0103 cataramei reglabile. Laba din dou\u0103 piese \u0219i coastele cu caneluri speciale adaug\u0103 putere \u0219i vitez\u0103 \u00eenot\u0103torului \u0219i amelioreaz\u0103 oboseala.<\/p>\n<h3>Particularit\u0103\u021bi<\/h3>\n<ul>\n<li>Moale \u0219i confortabile, cu curele reglabile pentru c\u0103lc\u00e2i<\/li>\n<li>Laba din dou\u0103 piese adaug\u0103 putere \u0219i vitez\u0103<\/li>\n<li>Coastele canelate u\u0219ureaz\u0103 deplasarea labelor \u0219i previn oboseala<\/li>\n<li>Lama ventilat\u0103 ofer\u0103 o ac\u021biune eficient\u0103 de lovire<\/li>\n<\/ul>\n<h3>Caracteristici<\/h3>\n<ul>\n<li>Material &#8212; termoplastic<\/li>\n<li>Destina\u021bie &#8212; \u00eenot\/diving\/pe\u0219tere<\/li>\n<li>Rigiditate &#8212; medie<\/li>\n<li>Tipul lamei &#8212; ventilat\u0103<\/li>\n<li>Tip c\u0103lc\u00e2i &#8212; deschis<\/li>\n<\/ul>\n<h3>Marca<\/h3>\n<p>Cressi-Sub este unul dintre cei mai importan\u021bi produc\u0103tori de echipamente de snorkelling, scufund\u0103ri \u0219i pescuit subacvatic. Fondat\u0103 \u00een 1946 de fra\u021bii Egidio \u0219i Nanni Cressi, compania dezvolt\u0103 \u0219i lanseaz\u0103 \u00een mod constant noi produse. Istoria scufund\u0103rilor este str\u00e2ns legat\u0103 de cea a Cressi-Sub, iar multe dintre produsele lansate \u00een ultimii 70 de ani au revolu\u021bionat aceast\u0103 form\u0103 de recreere activ\u0103. Multe dintre inova\u021biile \u0219i inven\u021biile Cressi-Sub au fost adoptate ulterior de mul\u021bi produc\u0103tori de echipamente similare.<\/p>\n<p>Compania a fost \u00eentotdeauna de\u021binut\u0103 privat de familia Cressi. Prin urmare, instala\u021biile de produc\u021bie nu sunt situate \u00een \u021b\u0103ri asiatice, ci \u00een ora\u0219ul italian Genova. Cu toate acestea, compania men\u021bine pre\u021buri rezonabile pentru \u00eentreaga gam\u0103 de produse, ceea ce este popular printre scafandrii cu orice buget. Filozofia Cressi este inspira\u021bie \u0219i inova\u021bie, dragoste pentru mare \u0219i produse elegante care \u00eendeplinesc cele mai \u00eenalte standarde de calitate.<\/p>\n<p><\/p>","protected":false},"excerpt":{"rendered":"","protected":false},"featured_media":58253,"comment_status":"open","ping_status":"closed","template":"","meta":{"_acf_changed":false,"inline_featured_image":false},"product_brand":[1451],"product_cat":[179],"product_tag":[],"class_list":{"0":"post-56837","1":"product","2":"type-product","3":"status-publish","4":"has-post-thumbnail","6":"product_brand-cressi-sub","7":"product_cat-flippers","9":"first","10":"instock","11":"shipping-taxable","12":"purchasable","13":"product-type-simple"},"acf":[],"yoast_head":"<!-- This site is optimized with the Yoast SEO plugin v27.2 - https:\/\/yoast.com\/product\/yoast-seo-wordpress\/ -->\n<title>\u041b\u0430\u0441\u0442\u044b Cressi-Sub Rocks Kid - \u041c\u0430\u0433\u0430\u0437\u0438\u043d Xstyle<\/title>\n<meta name=\"description\" content=\"\u041b\u0430\u0441\u0442\u044b Cressi-Sub Rocks Kid \u0438\u0434\u0435\u0430\u043b\u044c\u043d\u043e \u043f\u043e\u0434\u0445\u043e\u0434\u044f\u0442 \u0434\u043b\u044f \u0434\u0435\u0442\u0435\u0439! \u0423\u0434\u043e\u0431\u043d\u044b\u0439 \u0434\u0438\u0437\u0430\u0439\u043d, \u0440\u0435\u0433\u0443\u043b\u0438\u0440\u0443\u0435\u043c\u0430\u044f \u043f\u0440\u044f\u0436\u043a\u0430 \u0438 \u043f\u043e\u0432\u044b\u0448\u0435\u043d\u043d\u0430\u044f \u0441\u043a\u043e\u0440\u043e\u0441\u0442\u044c \u0434\u0435\u043b\u0430\u044e\u0442 \u0438\u0445 \u0438\u0434\u0435\u0430\u043b\u044c\u043d\u044b\u043c\u0438 \u0434\u043b\u044f \u043f\u043b\u0430\u0432\u0430\u043d\u0438\u044f \u0438 \u043f\u043e\u0434\u0432\u043e\u0434\u043d\u043e\u0439 \u043e\u0445\u043e\u0442\u044b.\" \/>\n<meta name=\"robots\" content=\"index, follow, max-snippet:-1, max-image-preview:large, max-video-preview:-1\" \/>\n<link rel=\"canonical\" href=\"https:\/\/xstyle.md\/ro\/produs\/lasty-cressi-sub-rocks-kid\/\" \/>\n<meta property=\"og:locale\" content=\"ro_RO\" \/>\n<meta property=\"og:type\" content=\"article\" \/>\n<meta property=\"og:title\" content=\"\u041b\u0430\u0441\u0442\u044b Cressi-Sub Rocks Kid - \u041c\u0430\u0433\u0430\u0437\u0438\u043d Xstyle\" \/>\n<meta property=\"og:description\" content=\"\u041b\u0430\u0441\u0442\u044b Cressi-Sub Rocks Kid \u0438\u0434\u0435\u0430\u043b\u044c\u043d\u043e \u043f\u043e\u0434\u0445\u043e\u0434\u044f\u0442 \u0434\u043b\u044f \u0434\u0435\u0442\u0435\u0439! \u0423\u0434\u043e\u0431\u043d\u044b\u0439 \u0434\u0438\u0437\u0430\u0439\u043d, \u0440\u0435\u0433\u0443\u043b\u0438\u0440\u0443\u0435\u043c\u0430\u044f \u043f\u0440\u044f\u0436\u043a\u0430 \u0438 \u043f\u043e\u0432\u044b\u0448\u0435\u043d\u043d\u0430\u044f \u0441\u043a\u043e\u0440\u043e\u0441\u0442\u044c \u0434\u0435\u043b\u0430\u044e\u0442 \u0438\u0445 \u0438\u0434\u0435\u0430\u043b\u044c\u043d\u044b\u043c\u0438 \u0434\u043b\u044f \u043f\u043b\u0430\u0432\u0430\u043d\u0438\u044f \u0438 \u043f\u043e\u0434\u0432\u043e\u0434\u043d\u043e\u0439 \u043e\u0445\u043e\u0442\u044b.\" \/>\n<meta property=\"og:url\" content=\"https:\/\/xstyle.md\/ro\/produs\/lasty-cressi-sub-rocks-kid\/\" \/>\n<meta property=\"og:site_name\" content=\"\u041c\u0430\u0433\u0430\u0437\u0438\u043d Xstyle\" \/>\n<meta property=\"article:publisher\" content=\"https:\/\/www.facebook.com\/xstylemd\" \/>\n<meta property=\"article:modified_time\" content=\"2025-11-19T10:54:42+00:00\" \/>\n<meta property=\"og:image\" content=\"https:\/\/xstyle.md\/wp-content\/uploads\/2022\/10\/cressi-sub-rocks-kid-blue.jpg\" \/>\n\t<meta property=\"og:image:width\" content=\"1454\" \/>\n\t<meta property=\"og:image:height\" content=\"1330\" \/>\n\t<meta property=\"og:image:type\" content=\"image\/jpeg\" \/>\n<meta name=\"twitter:card\" content=\"summary_large_image\" \/>\n<meta name=\"twitter:label1\" content=\"Pre\u021b\" \/>\n\t<meta name=\"twitter:data1\" content=\"690&nbsp;MDL\" \/>\n\t<meta name=\"twitter:label2\" content=\"Disponibilitate\" \/>\n\t<meta name=\"twitter:data2\" content=\"\u00cen stoc\" \/>\n<script type=\"application\/ld+json\" class=\"yoast-schema-graph\">{\"@context\":\"https:\/\/schema.org\",\"@graph\":[{\"@type\":\"WebPage\",\"@id\":\"https:\/\/xstyle.md\/product\/lasty-cressi-sub-rocks-kid\/\",\"url\":\"https:\/\/xstyle.md\/product\/lasty-cressi-sub-rocks-kid\/\",\"name\":\"\u041b\u0430\u0441\u0442\u044b Cressi-Sub Rocks Kid - \u041c\u0430\u0433\u0430\u0437\u0438\u043d Xstyle\",\"isPartOf\":{\"@id\":\"https:\/\/xstyle.md\/#website\"},\"primaryImageOfPage\":{\"@id\":\"https:\/\/xstyle.md\/product\/lasty-cressi-sub-rocks-kid\/#primaryimage\"},\"image\":{\"@id\":\"https:\/\/xstyle.md\/product\/lasty-cressi-sub-rocks-kid\/#primaryimage\"},\"thumbnailUrl\":\"https:\/\/xstyle.md\/wp-content\/uploads\/2022\/10\/cressi-sub-rocks-kid-blue.jpg\",\"datePublished\":\"2022-11-01T09:48:35+00:00\",\"dateModified\":\"2025-11-19T10:54:42+00:00\",\"description\":\"\u041b\u0430\u0441\u0442\u044b Cressi-Sub Rocks Kid \u0438\u0434\u0435\u0430\u043b\u044c\u043d\u043e \u043f\u043e\u0434\u0445\u043e\u0434\u044f\u0442 \u0434\u043b\u044f \u0434\u0435\u0442\u0435\u0439! \u0423\u0434\u043e\u0431\u043d\u044b\u0439 \u0434\u0438\u0437\u0430\u0439\u043d, \u0440\u0435\u0433\u0443\u043b\u0438\u0440\u0443\u0435\u043c\u0430\u044f \u043f\u0440\u044f\u0436\u043a\u0430 \u0438 \u043f\u043e\u0432\u044b\u0448\u0435\u043d\u043d\u0430\u044f \u0441\u043a\u043e\u0440\u043e\u0441\u0442\u044c \u0434\u0435\u043b\u0430\u044e\u0442 \u0438\u0445 \u0438\u0434\u0435\u0430\u043b\u044c\u043d\u044b\u043c\u0438 \u0434\u043b\u044f \u043f\u043b\u0430\u0432\u0430\u043d\u0438\u044f \u0438 \u043f\u043e\u0434\u0432\u043e\u0434\u043d\u043e\u0439 \u043e\u0445\u043e\u0442\u044b.\",\"breadcrumb\":{\"@id\":\"https:\/\/xstyle.md\/product\/lasty-cressi-sub-rocks-kid\/#breadcrumb\"},\"inLanguage\":\"ro-RO\",\"potentialAction\":[{\"@type\":\"ReadAction\",\"target\":[\"https:\/\/xstyle.md\/product\/lasty-cressi-sub-rocks-kid\/\"]}]},{\"@type\":\"ImageObject\",\"inLanguage\":\"ro-RO\",\"@id\":\"https:\/\/xstyle.md\/product\/lasty-cressi-sub-rocks-kid\/#primaryimage\",\"url\":\"https:\/\/xstyle.md\/wp-content\/uploads\/2022\/10\/cressi-sub-rocks-kid-blue.jpg\",\"contentUrl\":\"https:\/\/xstyle.md\/wp-content\/uploads\/2022\/10\/cressi-sub-rocks-kid-blue.jpg\",\"width\":1454,\"height\":1330,\"caption\":\"\u0414\u0435\u0442\u0441\u043a\u0438\u0435 \u043f\u043b\u0430\u0432\u0430\u0442\u0435\u043b\u044c\u043d\u044b\u0435 \u043b\u0430\u0441\u0442\u044b Cressi-Sub Rocks \u0434\u043b\u044f \u0430\u043a\u0442\u0438\u0432\u043d\u043e\u0433\u043e \u043e\u0442\u0434\u044b\u0445\u0430 \u043d\u0430 \u043f\u0440\u0438\u0440\u043e\u0434\u0435 \u043f\u043e\u0445\u043e\u0434\u043e\u0432 \u0438 \u043f\u0443\u0442\u0435\u0448\u0435\u0441\u0442\u0432\u0438\u0439 \u0421\u043f\u043e\u0440\u0442\u0438\u0432\u043d\u0430\u044f \u044d\u043a\u0438\u043f\u0438\u0440\u043e\u0432\u043a\u0430 \u0434\u043b\u044f \u0430\u043a\u0442\u0438\u0432\u043d\u043e\u0433\u043e \u043e\u0431\u0440\u0430\u0437\u0430 \u0436\u0438\u0437\u043d\u0438\"},{\"@type\":\"BreadcrumbList\",\"@id\":\"https:\/\/xstyle.md\/product\/lasty-cressi-sub-rocks-kid\/#breadcrumb\",\"itemListElement\":[{\"@type\":\"ListItem\",\"position\":1,\"name\":\"\u0413\u043b\u0430\u0432\u043d\u0430\u044f \u0441\u0442\u0440\u0430\u043d\u0438\u0446\u0430\",\"item\":\"https:\/\/xstyle.md\/\"},{\"@type\":\"ListItem\",\"position\":2,\"name\":\"\u041c\u0430\u0433\u0430\u0437\u0438\u043d\",\"item\":\"https:\/\/xstyle.md\/shop\/\"},{\"@type\":\"ListItem\",\"position\":3,\"name\":\"\u041b\u0430\u0441\u0442\u044b Cressi-Sub Rocks Kid\"}]},{\"@type\":\"WebSite\",\"@id\":\"https:\/\/xstyle.md\/#website\",\"url\":\"https:\/\/xstyle.md\/\",\"name\":\"\u041c\u0430\u0433\u0430\u0437\u0438\u043d Xstyle\",\"description\":\"C\u043d\u0430\u0440\u044f\u0436\u0435\u043d\u0438\u0435 \u0434\u043b\u044f \u0442\u0443\u0440\u0438\u0437\u043c\u0430 \u0438 \u044d\u043a\u0441\u0442\u0440\u0435\u043c\u0430\u043b\u044c\u043d\u044b\u0445 \u0432\u0438\u0434\u043e\u0432 \u0441\u043f\u043e\u0440\u0442\u0430 \u0432 \u041c\u043e\u043b\u0434\u043e\u0432\u0435.. \u0426\u0435\u043d\u044b, \u0444\u043e\u0442\u043e, \u0445\u0430\u0440\u0430\u043a\u0442\u0435\u0440\u0438\u0441\u0442\u0438\u043a\u0438 \u0432 \u041c\u043e\u043b\u0434\u043e\u0432\u0435.\",\"publisher\":{\"@id\":\"https:\/\/xstyle.md\/#organization\"},\"alternateName\":\"X-Style\",\"potentialAction\":[{\"@type\":\"SearchAction\",\"target\":{\"@type\":\"EntryPoint\",\"urlTemplate\":\"https:\/\/xstyle.md\/?s={search_term_string}\"},\"query-input\":{\"@type\":\"PropertyValueSpecification\",\"valueRequired\":true,\"valueName\":\"search_term_string\"}}],\"inLanguage\":\"ro-RO\"},{\"@type\":\"Organization\",\"@id\":\"https:\/\/xstyle.md\/#organization\",\"name\":\"\u041c\u0430\u0433\u0430\u0437\u0438\u043d Xstyle\",\"alternateName\":\"x-style\",\"url\":\"https:\/\/xstyle.md\/\",\"logo\":{\"@type\":\"ImageObject\",\"inLanguage\":\"ro-RO\",\"@id\":\"https:\/\/xstyle.md\/#\/schema\/logo\/image\/\",\"url\":\"https:\/\/xstyle.md\/wp-content\/uploads\/2020\/06\/logoicon.svg\",\"contentUrl\":\"https:\/\/xstyle.md\/wp-content\/uploads\/2020\/06\/logoicon.svg\",\"caption\":\"\u041c\u0430\u0433\u0430\u0437\u0438\u043d Xstyle\"},\"image\":{\"@id\":\"https:\/\/xstyle.md\/#\/schema\/logo\/image\/\"},\"sameAs\":[\"https:\/\/www.facebook.com\/xstylemd\",\"https:\/\/www.instagram.com\/xstyle_md\/\",\"https:\/\/t.me\/xstyle_outdoor\"],\"hasMerchantReturnPolicy\":{\"@type\":\"MerchantReturnPolicy\",\"merchantReturnLink\":\"https:\/\/xstyle.md\/ro\/conditions\/\"}}]}<\/script>\n<meta property=\"product:price:amount\" content=\"690.00\" \/>\n<meta property=\"product:price:currency\" content=\"MDL\" \/>\n<meta property=\"og:availability\" content=\"instock\" \/>\n<meta property=\"product:availability\" content=\"instock\" \/>\n<meta property=\"product:retailer_item_id\" content=\"8022983087429\" \/>\n<meta property=\"product:condition\" content=\"new\" \/>\n<!-- \/ Yoast SEO plugin. -->","yoast_head_json":{"title":"Labe Cressi-Sub Rocks Kid - Magazin Xstyle","description":"Labele Cressi-Sub Rocks Kid sunt perfect pentru copii! Designul confortabil, catarama ajustabil\u0103 \u0219i viteza crescut\u0103 le fac ideale pentru \u00eenot \u0219i v\u00e2n\u0103toare subacvatic\u0103.","robots":{"index":"index","follow":"follow","max-snippet":"max-snippet:-1","max-image-preview":"max-image-preview:large","max-video-preview":"max-video-preview:-1"},"canonical":"https:\/\/xstyle.md\/ro\/produs\/lasty-cressi-sub-rocks-kid\/","og_locale":"ro_RO","og_type":"article","og_title":"\u041b\u0430\u0441\u0442\u044b Cressi-Sub Rocks Kid - \u041c\u0430\u0433\u0430\u0437\u0438\u043d Xstyle","og_description":"\u041b\u0430\u0441\u0442\u044b Cressi-Sub Rocks Kid \u0438\u0434\u0435\u0430\u043b\u044c\u043d\u043e \u043f\u043e\u0434\u0445\u043e\u0434\u044f\u0442 \u0434\u043b\u044f \u0434\u0435\u0442\u0435\u0439! \u0423\u0434\u043e\u0431\u043d\u044b\u0439 \u0434\u0438\u0437\u0430\u0439\u043d, \u0440\u0435\u0433\u0443\u043b\u0438\u0440\u0443\u0435\u043c\u0430\u044f \u043f\u0440\u044f\u0436\u043a\u0430 \u0438 \u043f\u043e\u0432\u044b\u0448\u0435\u043d\u043d\u0430\u044f \u0441\u043a\u043e\u0440\u043e\u0441\u0442\u044c \u0434\u0435\u043b\u0430\u044e\u0442 \u0438\u0445 \u0438\u0434\u0435\u0430\u043b\u044c\u043d\u044b\u043c\u0438 \u0434\u043b\u044f \u043f\u043b\u0430\u0432\u0430\u043d\u0438\u044f \u0438 \u043f\u043e\u0434\u0432\u043e\u0434\u043d\u043e\u0439 \u043e\u0445\u043e\u0442\u044b.","og_url":"https:\/\/xstyle.md\/ro\/produs\/lasty-cressi-sub-rocks-kid\/","og_site_name":"\u041c\u0430\u0433\u0430\u0437\u0438\u043d Xstyle","article_publisher":"https:\/\/www.facebook.com\/xstylemd","article_modified_time":"2025-11-19T10:54:42+00:00","og_image":[{"width":1454,"height":1330,"url":"https:\/\/xstyle.md\/wp-content\/uploads\/2022\/10\/cressi-sub-rocks-kid-blue.jpg","type":"image\/jpeg"}],"twitter_card":"summary_large_image","twitter_misc":{"Pre\u021b":"690&nbsp;MDL","Disponibilitate":"\u00cen stoc"},"schema":{"@context":"https:\/\/schema.org","@graph":[{"@type":"WebPage","@id":"https:\/\/xstyle.md\/product\/lasty-cressi-sub-rocks-kid\/","url":"https:\/\/xstyle.md\/product\/lasty-cressi-sub-rocks-kid\/","name":"Labe Cressi-Sub Rocks Kid - Magazin Xstyle","isPartOf":{"@id":"https:\/\/xstyle.md\/#website"},"primaryImageOfPage":{"@id":"https:\/\/xstyle.md\/product\/lasty-cressi-sub-rocks-kid\/#primaryimage"},"image":{"@id":"https:\/\/xstyle.md\/product\/lasty-cressi-sub-rocks-kid\/#primaryimage"},"thumbnailUrl":"https:\/\/xstyle.md\/wp-content\/uploads\/2022\/10\/cressi-sub-rocks-kid-blue.jpg","datePublished":"2022-11-01T09:48:35+00:00","dateModified":"2025-11-19T10:54:42+00:00","description":"Labele Cressi-Sub Rocks Kid sunt perfect pentru copii! Designul confortabil, catarama ajustabil\u0103 \u0219i viteza crescut\u0103 le fac ideale pentru \u00eenot \u0219i v\u00e2n\u0103toare subacvatic\u0103.","breadcrumb":{"@id":"https:\/\/xstyle.md\/product\/lasty-cressi-sub-rocks-kid\/#breadcrumb"},"inLanguage":"ro-RO","potentialAction":[{"@type":"ReadAction","target":["https:\/\/xstyle.md\/product\/lasty-cressi-sub-rocks-kid\/"]}]},{"@type":"ImageObject","inLanguage":"ro-RO","@id":"https:\/\/xstyle.md\/product\/lasty-cressi-sub-rocks-kid\/#primaryimage","url":"https:\/\/xstyle.md\/wp-content\/uploads\/2022\/10\/cressi-sub-rocks-kid-blue.jpg","contentUrl":"https:\/\/xstyle.md\/wp-content\/uploads\/2022\/10\/cressi-sub-rocks-kid-blue.jpg","width":1454,"height":1330,"caption":"\u0414\u0435\u0442\u0441\u043a\u0438\u0435 \u043f\u043b\u0430\u0432\u0430\u0442\u0435\u043b\u044c\u043d\u044b\u0435 \u043b\u0430\u0441\u0442\u044b Cressi-Sub Rocks \u0434\u043b\u044f \u0430\u043a\u0442\u0438\u0432\u043d\u043e\u0433\u043e \u043e\u0442\u0434\u044b\u0445\u0430 \u043d\u0430 \u043f\u0440\u0438\u0440\u043e\u0434\u0435 \u043f\u043e\u0445\u043e\u0434\u043e\u0432 \u0438 \u043f\u0443\u0442\u0435\u0448\u0435\u0441\u0442\u0432\u0438\u0439 \u0421\u043f\u043e\u0440\u0442\u0438\u0432\u043d\u0430\u044f \u044d\u043a\u0438\u043f\u0438\u0440\u043e\u0432\u043a\u0430 \u0434\u043b\u044f \u0430\u043a\u0442\u0438\u0432\u043d\u043e\u0433\u043e \u043e\u0431\u0440\u0430\u0437\u0430 \u0436\u0438\u0437\u043d\u0438"},{"@type":"BreadcrumbList","@id":"https:\/\/xstyle.md\/product\/lasty-cressi-sub-rocks-kid\/#breadcrumb","itemListElement":[{"@type":"ListItem","position":1,"name":"\u0413\u043b\u0430\u0432\u043d\u0430\u044f \u0441\u0442\u0440\u0430\u043d\u0438\u0446\u0430","item":"https:\/\/xstyle.md\/"},{"@type":"ListItem","position":2,"name":"\u041c\u0430\u0433\u0430\u0437\u0438\u043d","item":"https:\/\/xstyle.md\/shop\/"},{"@type":"ListItem","position":3,"name":"\u041b\u0430\u0441\u0442\u044b Cressi-Sub Rocks Kid"}]},{"@type":"WebSite","@id":"https:\/\/xstyle.md\/#website","url":"https:\/\/xstyle.md\/","name":"Magazinul X-Style","description":"Echipamente pentru turism \u0219i sporturi extreme \u00een Moldova. Pre\u021buri, fotografii, caracteristici \u00een Moldova.","publisher":{"@id":"https:\/\/xstyle.md\/#organization"},"alternateName":"X-Style","potentialAction":[{"@type":"SearchAction","target":{"@type":"EntryPoint","urlTemplate":"https:\/\/xstyle.md\/?s={search_term_string}"},"query-input":{"@type":"PropertyValueSpecification","valueRequired":true,"valueName":"search_term_string"}}],"inLanguage":"ro-RO"},{"@type":"Organization","@id":"https:\/\/xstyle.md\/#organization","name":"Magazinul X-Style","alternateName":"x-style","url":"https:\/\/xstyle.md\/","logo":{"@type":"ImageObject","inLanguage":"ro-RO","@id":"https:\/\/xstyle.md\/#\/schema\/logo\/image\/","url":"https:\/\/xstyle.md\/wp-content\/uploads\/2020\/06\/logoicon.svg","contentUrl":"https:\/\/xstyle.md\/wp-content\/uploads\/2020\/06\/logoicon.svg","caption":"\u041c\u0430\u0433\u0430\u0437\u0438\u043d Xstyle"},"image":{"@id":"https:\/\/xstyle.md\/#\/schema\/logo\/image\/"},"sameAs":["https:\/\/www.facebook.com\/xstylemd","https:\/\/www.instagram.com\/xstyle_md\/","https:\/\/t.me\/xstyle_outdoor"],"hasMerchantReturnPolicy":{"@type":"MerchantReturnPolicy","merchantReturnLink":"https:\/\/xstyle.md\/ro\/conditions\/"}}]},"product_price_amount":"690.00","product_price_currency":"MDL","og_availability":"instock","product_availability":"instock","product_retailer_item_id":"8022983087429","product_condition":"new"},"post_mailing_queue_ids":[],"_links":{"self":[{"href":"https:\/\/xstyle.md\/ro\/wp-json\/wp\/v2\/product\/56837","targetHints":{"allow":["GET"]}}],"collection":[{"href":"https:\/\/xstyle.md\/ro\/wp-json\/wp\/v2\/product"}],"about":[{"href":"https:\/\/xstyle.md\/ro\/wp-json\/wp\/v2\/types\/product"}],"replies":[{"embeddable":true,"href":"https:\/\/xstyle.md\/ro\/wp-json\/wp\/v2\/comments?post=56837"}],"wp:featuredmedia":[{"embeddable":true,"href":"https:\/\/xstyle.md\/ro\/wp-json\/wp\/v2\/media\/58253"}],"wp:attachment":[{"href":"https:\/\/xstyle.md\/ro\/wp-json\/wp\/v2\/media?parent=56837"}],"wp:term":[{"taxonomy":"product_brand","embeddable":true,"href":"https:\/\/xstyle.md\/ro\/wp-json\/wp\/v2\/product_brand?post=56837"},{"taxonomy":"product_cat","embeddable":true,"href":"https:\/\/xstyle.md\/ro\/wp-json\/wp\/v2\/product_cat?post=56837"},{"taxonomy":"product_tag","embeddable":true,"href":"https:\/\/xstyle.md\/ro\/wp-json\/wp\/v2\/product_tag?post=56837"}],"curies":[{"name":"wp","href":"https:\/\/api.w.org\/{rel}","templated":true}]}}