{"id":5683,"date":"2020-07-16T20:50:31","date_gmt":"2020-07-16T17:50:31","guid":{"rendered":"https:\/\/xstyle.md\/product\/botinki-zhenskie-kamik-citadel"},"modified":"2024-11-26T21:51:44","modified_gmt":"2024-11-26T18:51:44","slug":"botinki-zhenskie-kamik-citadel","status":"publish","type":"product","link":"https:\/\/xstyle.md\/ro\/produs\/botinki-zhenskie-kamik-citadel\/","title":{"rendered":"Cizme Kamik Citadel black noir"},"content":{"rendered":"<\/p>\n<p>Bocanci <strong>Kamik Citadel black noir<\/strong> te vor ajuta s\u0103 dep\u0103\u0219e\u0219ti orice obstacol din calea ta, fie c\u0103 este vorba de b\u0103l\u021bi sau de z\u0103pad\u0103. \u00cenc\u0103l\u021b\u0103minte neobi\u0219nuit\u0103, colorat\u0103 \u0219i rezistent\u0103, pentru a v\u0103 face s\u0103 v\u0103 sim\u021bi\u021bi \u00eencrez\u0103toare \u00een orice vreme. Kamik spune da ploii \u0219i z\u0103pezii!<\/p>\n<h3>Particularit\u0103\u021bi<\/h3>\n<ul>\n<li>Rezistent la ap\u0103<\/li>\n<li>V\u0103 \u021bine cald \u0219i v\u0103 protejeaz\u0103<\/li>\n<li>Talp\u0103 cu c\u0103ptu\u0219eal\u0103 deta\u0219abil\u0103 Kamik Comfort EVA<\/li>\n<li>Talpa exterioar\u0103 PEAK de la Kamik ofer\u0103 o protec\u021bie excelent\u0103 pe suprafe\u021be umede \u0219i \u00eenz\u0103pezite.<\/li>\n<\/ul>\n<h3>Caracteristici<\/h3>\n<ul>\n<li>Material principal &#8212; pielea naturala, pielea intoarsa<\/li>\n<li>C\u0103ptu\u0219eal\u0103 &#8212; 3M\u2122 Thinsulate\u2122<\/li>\n<li>Talp\u0103 &#8212; PEAK<\/li>\n<li>Zona de confort: &#8212; 32\u00b0C<\/li>\n<li>Sezonul &#8212; toamn\u0103\/iarn\u0103.<\/li>\n<\/ul>\n<h3>Tehnologie<\/h3>\n<ul>\n<li><strong>3M\u2122 Thinsulate\u2122<\/strong> &#8212; izola\u021bia cald\u0103, deta\u0219abil\u0103, v\u0103 ajut\u0103 s\u0103 v\u0103 men\u021bine\u021bi cald \u0219i las\u0103 umezeala s\u0103 se elimine rapid.<\/li>\n<\/ul>\n<p>\n<p><img decoding=\"async\" class=\"alignnone\" style=\"width: 100%;\" src=\"https:\/\/xstyle.md\/wp-content\/uploads\/2021\/01\/razmer_kamik.jpg\" alt=\"\" \/><\/p>\n<\/p>\n<h3>Marca<\/h3>\n<p>Istoria m\u0103rcii Kamik s-a \u00eenceput \u00een 1898 odat\u0103 cu \u00eenfiin\u021barea cizm\u0103riei \u00een provincia canadian\u0103 Quebec. Afacerea firmei a mers cu diferite grade de succes, p\u00e2n\u0103 c\u00e2nd a fost angajat un manager pe nume William Cook. Acesta a fost cel care a adus afacerea la un nou nivel cu talentul s\u0103u comercial uimitor.<\/p>\n<p>Compania s-a extins, s-a mutat la Montreal \u0219i a devenit oficial The General Footwear Company. Cook a avut o calitate foarte valoroas\u0103 pentru un manager \u2014 el a distins cu acurate\u021be \u0219i a eviden\u021biat noile tehnologii promi\u021b\u0103toare \u00een produc\u021bia de \u00eenc\u0103l\u021b\u0103minte, apoi le-a aplicat cu succes \u00een activit\u0103\u021bile companiei. Drept urmare, Genfoot a c\u00e2\u0219tigat o popularitate imens\u0103, mai \u00eent\u00e2i \u00een Canada \u0219i apoi dincolo.<\/p>\n<p>Marca Kamik \u00een sine a fost dezvoltat\u0103 \u00een 1972 \u0219i a atras imediat aten\u021bia cu tehnologia sa \u00eenalt\u0103 la pre\u021buri foarte accesibile. Ini\u021bial, aceste produse au fost destinate v\u00e2n\u0103torilor, drume\u021bilor \u0219i altor persoane cu preten\u021bii ridicate privind durabilitatea \u0219i rezisten\u021ba la ap\u0103 a pantofilor, dar \u00een timp, calit\u0103\u021bile lor unice au \u00eenceput s\u0103 fie aplicate modelelor de purtare zilnic\u0103.<\/p>\n<p><\/p>","protected":false},"excerpt":{"rendered":"<p>Bocanci Kamik Citadel black noir<\/p>","protected":false},"featured_media":5682,"comment_status":"open","ping_status":"closed","template":"","meta":{"_acf_changed":false,"inline_featured_image":false},"product_brand":[1356],"product_cat":[146],"product_tag":[],"class_list":{"0":"post-5683","1":"product","2":"type-product","3":"status-publish","4":"has-post-thumbnail","6":"product_brand-kamik","7":"product_cat-fall-winter","9":"first","10":"instock","11":"sale","12":"shipping-taxable","13":"purchasable","14":"product-type-simple"},"acf":[],"yoast_head":"<!-- This site is optimized with the Yoast SEO plugin v27.2 - https:\/\/yoast.com\/product\/yoast-seo-wordpress\/ -->\n<title>\u0421\u0430\u043f\u043e\u0433\u0438 Kamik Citadel black noir - \u041c\u0430\u0433\u0430\u0437\u0438\u043d Xstyle<\/title>\n<meta name=\"description\" content=\"\u0411\u043e\u0442\u0438\u043d\u043a\u0438 Kamik Citadel black noir \u2014 \u0432\u0430\u0448 \u043d\u0430\u0434\u0435\u0436\u043d\u044b\u0439 \u0441\u043f\u0443\u0442\u043d\u0438\u043a \u0432 \u043b\u044e\u0431\u0443\u044e \u043f\u043e\u0433\u043e\u0434\u0443! \u0412\u043e\u0434\u043e\u043e\u0442\u0442\u0430\u043b\u043a\u0438\u0432\u0430\u044e\u0449\u0438\u0435 \u0438 \u0442\u0435\u043f\u043b\u044b\u0435, \u043e\u043d\u0438 \u043f\u0440\u0435\u043e\u0434\u043e\u043b\u0435\u044e\u0442 \u043b\u044e\u0431\u044b\u0435 \u043f\u0440\u0435\u043f\u044f\u0442\u0441\u0442\u0432\u0438\u044f.\" \/>\n<meta name=\"robots\" content=\"index, follow, max-snippet:-1, max-image-preview:large, max-video-preview:-1\" \/>\n<link rel=\"canonical\" href=\"https:\/\/xstyle.md\/ro\/produs\/botinki-zhenskie-kamik-citadel\/\" \/>\n<meta property=\"og:locale\" content=\"ro_RO\" \/>\n<meta property=\"og:type\" content=\"article\" \/>\n<meta property=\"og:title\" content=\"\u0421\u0430\u043f\u043e\u0433\u0438 Kamik Citadel black noir - \u041c\u0430\u0433\u0430\u0437\u0438\u043d Xstyle\" \/>\n<meta property=\"og:description\" content=\"\u0411\u043e\u0442\u0438\u043d\u043a\u0438 Kamik Citadel black noir \u2014 \u0432\u0430\u0448 \u043d\u0430\u0434\u0435\u0436\u043d\u044b\u0439 \u0441\u043f\u0443\u0442\u043d\u0438\u043a \u0432 \u043b\u044e\u0431\u0443\u044e \u043f\u043e\u0433\u043e\u0434\u0443! \u0412\u043e\u0434\u043e\u043e\u0442\u0442\u0430\u043b\u043a\u0438\u0432\u0430\u044e\u0449\u0438\u0435 \u0438 \u0442\u0435\u043f\u043b\u044b\u0435, \u043e\u043d\u0438 \u043f\u0440\u0435\u043e\u0434\u043e\u043b\u0435\u044e\u0442 \u043b\u044e\u0431\u044b\u0435 \u043f\u0440\u0435\u043f\u044f\u0442\u0441\u0442\u0432\u0438\u044f.\" \/>\n<meta property=\"og:url\" content=\"https:\/\/xstyle.md\/ro\/produs\/botinki-zhenskie-kamik-citadel\/\" \/>\n<meta property=\"og:site_name\" content=\"\u041c\u0430\u0433\u0430\u0437\u0438\u043d Xstyle\" \/>\n<meta property=\"article:publisher\" content=\"https:\/\/www.facebook.com\/xstylemd\" \/>\n<meta property=\"article:modified_time\" content=\"2024-11-26T18:51:44+00:00\" \/>\n<meta property=\"og:image\" content=\"https:\/\/xstyle.md\/wp-content\/uploads\/2020\/07\/41zzwtwveyl.jpg\" \/>\n\t<meta property=\"og:image:width\" content=\"450\" \/>\n\t<meta property=\"og:image:height\" content=\"400\" \/>\n\t<meta property=\"og:image:type\" content=\"image\/jpeg\" \/>\n<meta name=\"twitter:card\" content=\"summary_large_image\" \/>\n<meta name=\"twitter:label1\" content=\"Pre\u021b\" \/>\n\t<meta name=\"twitter:data1\" content=\"2.094&nbsp;MDL\" \/>\n\t<meta name=\"twitter:label2\" content=\"Disponibilitate\" \/>\n\t<meta name=\"twitter:data2\" content=\"\u00cen stoc\" \/>\n<script type=\"application\/ld+json\" class=\"yoast-schema-graph\">{\"@context\":\"https:\/\/schema.org\",\"@graph\":[{\"@type\":\"WebPage\",\"@id\":\"https:\/\/xstyle.md\/product\/botinki-zhenskie-kamik-citadel\/\",\"url\":\"https:\/\/xstyle.md\/product\/botinki-zhenskie-kamik-citadel\/\",\"name\":\"\u0421\u0430\u043f\u043e\u0433\u0438 Kamik Citadel black noir - \u041c\u0430\u0433\u0430\u0437\u0438\u043d Xstyle\",\"isPartOf\":{\"@id\":\"https:\/\/xstyle.md\/#website\"},\"primaryImageOfPage\":{\"@id\":\"https:\/\/xstyle.md\/product\/botinki-zhenskie-kamik-citadel\/#primaryimage\"},\"image\":{\"@id\":\"https:\/\/xstyle.md\/product\/botinki-zhenskie-kamik-citadel\/#primaryimage\"},\"thumbnailUrl\":\"https:\/\/xstyle.md\/wp-content\/uploads\/2020\/07\/41zzwtwveyl.jpg\",\"datePublished\":\"2020-07-16T17:50:31+00:00\",\"dateModified\":\"2024-11-26T18:51:44+00:00\",\"description\":\"\u0411\u043e\u0442\u0438\u043d\u043a\u0438 Kamik Citadel black noir \u2014 \u0432\u0430\u0448 \u043d\u0430\u0434\u0435\u0436\u043d\u044b\u0439 \u0441\u043f\u0443\u0442\u043d\u0438\u043a \u0432 \u043b\u044e\u0431\u0443\u044e \u043f\u043e\u0433\u043e\u0434\u0443! \u0412\u043e\u0434\u043e\u043e\u0442\u0442\u0430\u043b\u043a\u0438\u0432\u0430\u044e\u0449\u0438\u0435 \u0438 \u0442\u0435\u043f\u043b\u044b\u0435, \u043e\u043d\u0438 \u043f\u0440\u0435\u043e\u0434\u043e\u043b\u0435\u044e\u0442 \u043b\u044e\u0431\u044b\u0435 \u043f\u0440\u0435\u043f\u044f\u0442\u0441\u0442\u0432\u0438\u044f.\",\"breadcrumb\":{\"@id\":\"https:\/\/xstyle.md\/product\/botinki-zhenskie-kamik-citadel\/#breadcrumb\"},\"inLanguage\":\"ro-RO\",\"potentialAction\":[{\"@type\":\"ReadAction\",\"target\":[\"https:\/\/xstyle.md\/product\/botinki-zhenskie-kamik-citadel\/\"]}]},{\"@type\":\"ImageObject\",\"inLanguage\":\"ro-RO\",\"@id\":\"https:\/\/xstyle.md\/product\/botinki-zhenskie-kamik-citadel\/#primaryimage\",\"url\":\"https:\/\/xstyle.md\/wp-content\/uploads\/2020\/07\/41zzwtwveyl.jpg\",\"contentUrl\":\"https:\/\/xstyle.md\/wp-content\/uploads\/2020\/07\/41zzwtwveyl.jpg\",\"width\":450,\"height\":400},{\"@type\":\"BreadcrumbList\",\"@id\":\"https:\/\/xstyle.md\/product\/botinki-zhenskie-kamik-citadel\/#breadcrumb\",\"itemListElement\":[{\"@type\":\"ListItem\",\"position\":1,\"name\":\"\u0413\u043b\u0430\u0432\u043d\u0430\u044f \u0441\u0442\u0440\u0430\u043d\u0438\u0446\u0430\",\"item\":\"https:\/\/xstyle.md\/\"},{\"@type\":\"ListItem\",\"position\":2,\"name\":\"\u041c\u0430\u0433\u0430\u0437\u0438\u043d\",\"item\":\"https:\/\/xstyle.md\/shop\/\"},{\"@type\":\"ListItem\",\"position\":3,\"name\":\"\u0421\u0430\u043f\u043e\u0433\u0438 Kamik Citadel black noir\"}]},{\"@type\":\"WebSite\",\"@id\":\"https:\/\/xstyle.md\/#website\",\"url\":\"https:\/\/xstyle.md\/\",\"name\":\"\u041c\u0430\u0433\u0430\u0437\u0438\u043d Xstyle\",\"description\":\"C\u043d\u0430\u0440\u044f\u0436\u0435\u043d\u0438\u0435 \u0434\u043b\u044f \u0442\u0443\u0440\u0438\u0437\u043c\u0430 \u0438 \u044d\u043a\u0441\u0442\u0440\u0435\u043c\u0430\u043b\u044c\u043d\u044b\u0445 \u0432\u0438\u0434\u043e\u0432 \u0441\u043f\u043e\u0440\u0442\u0430 \u0432 \u041c\u043e\u043b\u0434\u043e\u0432\u0435.. \u0426\u0435\u043d\u044b, \u0444\u043e\u0442\u043e, \u0445\u0430\u0440\u0430\u043a\u0442\u0435\u0440\u0438\u0441\u0442\u0438\u043a\u0438 \u0432 \u041c\u043e\u043b\u0434\u043e\u0432\u0435.\",\"publisher\":{\"@id\":\"https:\/\/xstyle.md\/#organization\"},\"alternateName\":\"X-Style\",\"potentialAction\":[{\"@type\":\"SearchAction\",\"target\":{\"@type\":\"EntryPoint\",\"urlTemplate\":\"https:\/\/xstyle.md\/?s={search_term_string}\"},\"query-input\":{\"@type\":\"PropertyValueSpecification\",\"valueRequired\":true,\"valueName\":\"search_term_string\"}}],\"inLanguage\":\"ro-RO\"},{\"@type\":\"Organization\",\"@id\":\"https:\/\/xstyle.md\/#organization\",\"name\":\"\u041c\u0430\u0433\u0430\u0437\u0438\u043d Xstyle\",\"alternateName\":\"x-style\",\"url\":\"https:\/\/xstyle.md\/\",\"logo\":{\"@type\":\"ImageObject\",\"inLanguage\":\"ro-RO\",\"@id\":\"https:\/\/xstyle.md\/#\/schema\/logo\/image\/\",\"url\":\"https:\/\/xstyle.md\/wp-content\/uploads\/2020\/06\/logoicon.svg\",\"contentUrl\":\"https:\/\/xstyle.md\/wp-content\/uploads\/2020\/06\/logoicon.svg\",\"caption\":\"\u041c\u0430\u0433\u0430\u0437\u0438\u043d Xstyle\"},\"image\":{\"@id\":\"https:\/\/xstyle.md\/#\/schema\/logo\/image\/\"},\"sameAs\":[\"https:\/\/www.facebook.com\/xstylemd\",\"https:\/\/www.instagram.com\/xstyle_md\/\",\"https:\/\/t.me\/xstyle_outdoor\"],\"hasMerchantReturnPolicy\":{\"@type\":\"MerchantReturnPolicy\",\"merchantReturnLink\":\"https:\/\/xstyle.md\/ro\/conditions\/\"}}]}<\/script>\n<meta property=\"product:price:amount\" content=\"2094.00\" \/>\n<meta property=\"product:price:currency\" content=\"MDL\" \/>\n<meta property=\"og:availability\" content=\"instock\" \/>\n<meta property=\"product:availability\" content=\"instock\" \/>\n<meta property=\"product:retailer_item_id\" content=\"56248908158\" \/>\n<meta property=\"product:condition\" content=\"new\" \/>\n<!-- \/ Yoast SEO plugin. -->","yoast_head_json":{"title":"Cizme Kamik Citadel black noir - Magazin Xstyle","description":"Botinele Kamik Citadel black noir \u2014 tovar\u0103\u0219ul dumneavoastr\u0103 de \u00eencredere \u00een orice vreme! Cu o proprietate de respingere a apei \u0219i c\u0103lduroase, ele vor dep\u0103\u0219i orice obstacol.","robots":{"index":"index","follow":"follow","max-snippet":"max-snippet:-1","max-image-preview":"max-image-preview:large","max-video-preview":"max-video-preview:-1"},"canonical":"https:\/\/xstyle.md\/ro\/produs\/botinki-zhenskie-kamik-citadel\/","og_locale":"ro_RO","og_type":"article","og_title":"\u0421\u0430\u043f\u043e\u0433\u0438 Kamik Citadel black noir - \u041c\u0430\u0433\u0430\u0437\u0438\u043d Xstyle","og_description":"\u0411\u043e\u0442\u0438\u043d\u043a\u0438 Kamik Citadel black noir \u2014 \u0432\u0430\u0448 \u043d\u0430\u0434\u0435\u0436\u043d\u044b\u0439 \u0441\u043f\u0443\u0442\u043d\u0438\u043a \u0432 \u043b\u044e\u0431\u0443\u044e \u043f\u043e\u0433\u043e\u0434\u0443! \u0412\u043e\u0434\u043e\u043e\u0442\u0442\u0430\u043b\u043a\u0438\u0432\u0430\u044e\u0449\u0438\u0435 \u0438 \u0442\u0435\u043f\u043b\u044b\u0435, \u043e\u043d\u0438 \u043f\u0440\u0435\u043e\u0434\u043e\u043b\u0435\u044e\u0442 \u043b\u044e\u0431\u044b\u0435 \u043f\u0440\u0435\u043f\u044f\u0442\u0441\u0442\u0432\u0438\u044f.","og_url":"https:\/\/xstyle.md\/ro\/produs\/botinki-zhenskie-kamik-citadel\/","og_site_name":"\u041c\u0430\u0433\u0430\u0437\u0438\u043d Xstyle","article_publisher":"https:\/\/www.facebook.com\/xstylemd","article_modified_time":"2024-11-26T18:51:44+00:00","og_image":[{"width":450,"height":400,"url":"https:\/\/xstyle.md\/wp-content\/uploads\/2020\/07\/41zzwtwveyl.jpg","type":"image\/jpeg"}],"twitter_card":"summary_large_image","twitter_misc":{"Pre\u021b":"2.094&nbsp;MDL","Disponibilitate":"\u00cen stoc"},"schema":{"@context":"https:\/\/schema.org","@graph":[{"@type":"WebPage","@id":"https:\/\/xstyle.md\/product\/botinki-zhenskie-kamik-citadel\/","url":"https:\/\/xstyle.md\/product\/botinki-zhenskie-kamik-citadel\/","name":"Cizme Kamik Citadel black noir - Magazin Xstyle","isPartOf":{"@id":"https:\/\/xstyle.md\/#website"},"primaryImageOfPage":{"@id":"https:\/\/xstyle.md\/product\/botinki-zhenskie-kamik-citadel\/#primaryimage"},"image":{"@id":"https:\/\/xstyle.md\/product\/botinki-zhenskie-kamik-citadel\/#primaryimage"},"thumbnailUrl":"https:\/\/xstyle.md\/wp-content\/uploads\/2020\/07\/41zzwtwveyl.jpg","datePublished":"2020-07-16T17:50:31+00:00","dateModified":"2024-11-26T18:51:44+00:00","description":"Botinele Kamik Citadel black noir \u2014 tovar\u0103\u0219ul dumneavoastr\u0103 de \u00eencredere \u00een orice vreme! Cu o proprietate de respingere a apei \u0219i c\u0103lduroase, ele vor dep\u0103\u0219i orice obstacol.","breadcrumb":{"@id":"https:\/\/xstyle.md\/product\/botinki-zhenskie-kamik-citadel\/#breadcrumb"},"inLanguage":"ro-RO","potentialAction":[{"@type":"ReadAction","target":["https:\/\/xstyle.md\/product\/botinki-zhenskie-kamik-citadel\/"]}]},{"@type":"ImageObject","inLanguage":"ro-RO","@id":"https:\/\/xstyle.md\/product\/botinki-zhenskie-kamik-citadel\/#primaryimage","url":"https:\/\/xstyle.md\/wp-content\/uploads\/2020\/07\/41zzwtwveyl.jpg","contentUrl":"https:\/\/xstyle.md\/wp-content\/uploads\/2020\/07\/41zzwtwveyl.jpg","width":450,"height":400},{"@type":"BreadcrumbList","@id":"https:\/\/xstyle.md\/product\/botinki-zhenskie-kamik-citadel\/#breadcrumb","itemListElement":[{"@type":"ListItem","position":1,"name":"\u0413\u043b\u0430\u0432\u043d\u0430\u044f \u0441\u0442\u0440\u0430\u043d\u0438\u0446\u0430","item":"https:\/\/xstyle.md\/"},{"@type":"ListItem","position":2,"name":"\u041c\u0430\u0433\u0430\u0437\u0438\u043d","item":"https:\/\/xstyle.md\/shop\/"},{"@type":"ListItem","position":3,"name":"\u0421\u0430\u043f\u043e\u0433\u0438 Kamik Citadel black noir"}]},{"@type":"WebSite","@id":"https:\/\/xstyle.md\/#website","url":"https:\/\/xstyle.md\/","name":"Magazinul X-Style","description":"Echipamente pentru turism \u0219i sporturi extreme \u00een Moldova. Pre\u021buri, fotografii, caracteristici \u00een Moldova.","publisher":{"@id":"https:\/\/xstyle.md\/#organization"},"alternateName":"X-Style","potentialAction":[{"@type":"SearchAction","target":{"@type":"EntryPoint","urlTemplate":"https:\/\/xstyle.md\/?s={search_term_string}"},"query-input":{"@type":"PropertyValueSpecification","valueRequired":true,"valueName":"search_term_string"}}],"inLanguage":"ro-RO"},{"@type":"Organization","@id":"https:\/\/xstyle.md\/#organization","name":"Magazinul X-Style","alternateName":"x-style","url":"https:\/\/xstyle.md\/","logo":{"@type":"ImageObject","inLanguage":"ro-RO","@id":"https:\/\/xstyle.md\/#\/schema\/logo\/image\/","url":"https:\/\/xstyle.md\/wp-content\/uploads\/2020\/06\/logoicon.svg","contentUrl":"https:\/\/xstyle.md\/wp-content\/uploads\/2020\/06\/logoicon.svg","caption":"\u041c\u0430\u0433\u0430\u0437\u0438\u043d Xstyle"},"image":{"@id":"https:\/\/xstyle.md\/#\/schema\/logo\/image\/"},"sameAs":["https:\/\/www.facebook.com\/xstylemd","https:\/\/www.instagram.com\/xstyle_md\/","https:\/\/t.me\/xstyle_outdoor"],"hasMerchantReturnPolicy":{"@type":"MerchantReturnPolicy","merchantReturnLink":"https:\/\/xstyle.md\/ro\/conditions\/"}}]},"product_price_amount":"2094.00","product_price_currency":"MDL","og_availability":"instock","product_availability":"instock","product_retailer_item_id":"56248908158","product_condition":"new"},"post_mailing_queue_ids":[],"_links":{"self":[{"href":"https:\/\/xstyle.md\/ro\/wp-json\/wp\/v2\/product\/5683","targetHints":{"allow":["GET"]}}],"collection":[{"href":"https:\/\/xstyle.md\/ro\/wp-json\/wp\/v2\/product"}],"about":[{"href":"https:\/\/xstyle.md\/ro\/wp-json\/wp\/v2\/types\/product"}],"replies":[{"embeddable":true,"href":"https:\/\/xstyle.md\/ro\/wp-json\/wp\/v2\/comments?post=5683"}],"wp:featuredmedia":[{"embeddable":true,"href":"https:\/\/xstyle.md\/ro\/wp-json\/wp\/v2\/media\/5682"}],"wp:attachment":[{"href":"https:\/\/xstyle.md\/ro\/wp-json\/wp\/v2\/media?parent=5683"}],"wp:term":[{"taxonomy":"product_brand","embeddable":true,"href":"https:\/\/xstyle.md\/ro\/wp-json\/wp\/v2\/product_brand?post=5683"},{"taxonomy":"product_cat","embeddable":true,"href":"https:\/\/xstyle.md\/ro\/wp-json\/wp\/v2\/product_cat?post=5683"},{"taxonomy":"product_tag","embeddable":true,"href":"https:\/\/xstyle.md\/ro\/wp-json\/wp\/v2\/product_tag?post=5683"}],"curies":[{"name":"wp","href":"https:\/\/api.w.org\/{rel}","templated":true}]}}